{"id":10295,"date":"2023-09-18T05:56:35","date_gmt":"2023-09-18T05:56:35","guid":{"rendered":"https:\/\/petproducts.com.cn\/?post_type=product&#038;p=10295"},"modified":"2023-09-22T02:18:12","modified_gmt":"2023-09-22T02:18:12","slug":"custom-cat-treat-puzzle-toy-with-crinkle-paper","status":"publish","type":"product","link":"https:\/\/petproducts.com.cn\/pt\/product\/custom-cat-treat-puzzle-toy-with-crinkle-paper\/","title":{"rendered":"Brinquedo quebra-cabe\u00e7a personalizado para gatos com papel amassado"},"content":{"rendered":"<h2>Custom Cat Treat Puzzle Toy &#8211;<\/h2>\n<h2>Engage Cats with Crinkle Paper Fun<\/h2>\n<div id=\"scrollRef\" class=\"h-full overflow-hidden overflow-y-auto\">\n<div id=\"image-wrapper\" class=\"w-full max-w-screen-xl m-auto dark:bg-[#101014] p-4\">\n<div class=\"flex w-full mb-6 overflow-hidden\">\n<div class=\"overflow-hidden text-sm items-start\">\n<div class=\"flex items-end gap-1 mt-2 flex-row\">\n<div class=\"text-black text-wrap min-w-[20px] rounded-md px-3 py-2 bg-[#f4f6f8] dark:bg-[#1e1e20]\">\n<div class=\"leading-relaxed break-words\">\n<div class=\"markdown-body\">\n<p>Looking for a unique and interactive toy for cats? Petstar offers wholesale custom cat treat puzzle toys that provide mental stimulation and entertainment for our feline friends. With our Wholesale Customization Services, you can create personalized toys that showcase your brand and cater to the preferences of your customers. Our toys feature a vibrant yellow color with a round shape and adorable hatching chick design.<\/p>\n<\/div>\n<\/div>\n<\/div>\n<\/div>\n<\/div>\n<\/div>\n<\/div>\n<\/div>\n<h3>Our advantage\uff1a<\/h3>\n<p>1.Custom puzzle cat toys: Stand out in the market with our custom cat treat puzzle toys. Collaborate with us to create toys that feature your logo, specific colors, or unique patterns. This customization option allows you to create a custom product line that reflects your brand&#8217;s identity and attracts your target audience.<\/p>\n<p>2. Engaging Puzzle Experience: Our cat treat puzzle toy is designed to engage cats&#8217; natural instincts and provide mental stimulation. The toy has hidden compartments and pockets where treats or food can be placed, encouraging cats to use their problem-solving skills to find the reward. This puzzle experience keeps cats entertained and mentally engaged.<\/p>\n<p>3.Crinkle Paper Feature: Add an extra layer of excitement to playtime with our cat treat puzzle toy. The inclusion of crinkle paper provides auditory and tactile stimulation, making the play experience more enjoyable for cats. The sound and texture of the crinkle paper will keep them engaged and entertained.<\/p>\n<p>4.Adorable Hatching Chick Design: Our custom cat treat puzzle toy features a cute and playful hatching chick design. The vibrant yellow color and the image of a chick breaking out of its shell capture the attention of both cats and pet owners, adding an element of fun to playtime.<\/p>\n<p>Choose Petstar as your trusted partner for wholesale custom cat treat puzzle toys. Our toys, with their engaging puzzle experience, crinkle paper feature, and non-slip bottom, provide endless entertainment and mental stimulation for cats. Contact us today to discuss wholesale opportunities and create personalized products through our Wholesale Customization Services.<\/p>\n","protected":false},"excerpt":{"rendered":"<p>Somos um fabricante de brinquedos de puzzle para gatos com mais de 20 anos de experi\u00eancia. Oferecemos op\u00e7\u00f5es de personaliza\u00e7\u00e3o para cor, tamanho, tecido, padr\u00e3o, log\u00f3tipo e outras carater\u00edsticas.<\/p>","protected":false},"featured_media":10309,"template":"","meta":{"_acf_changed":false},"product_brand":[],"product_cat":[72,48],"product_tag":[85],"class_list":{"0":"post-10295","1":"product","2":"type-product","3":"status-publish","4":"has-post-thumbnail","6":"product_cat-dog-supplies","7":"product_cat-dog-toys","8":"product_tag-dog-toys","10":"first","11":"instock","12":"shipping-taxable","13":"product-type-simple"},"acf":[],"yoast_head":"<!-- This site is optimized with the Yoast SEO plugin v27.1.1 - https:\/\/yoast.com\/product\/yoast-seo-wordpress\/ -->\n<title>Custom Cat Treat Puzzle Toy With Crinkle Paper - Petstar<\/title>\n<meta name=\"description\" content=\"cat treat puzzle toy,we have over 20 years of manufacturing experience in the pet products,more than 8,000 pet accessories in various rang\" \/>\n<meta name=\"robots\" content=\"index, follow, max-snippet:-1, max-image-preview:large, max-video-preview:-1\" \/>\n<link rel=\"canonical\" href=\"https:\/\/petproducts.com.cn\/pt\/produto\/custom-cat-treat-puzzle-toy-with-crinkle-paper\/\" \/>\n<meta property=\"og:locale\" content=\"pt_PT\" \/>\n<meta property=\"og:type\" content=\"article\" \/>\n<meta property=\"og:title\" content=\"Custom Cat Treat Puzzle Toy With Crinkle Paper - Petstar\" \/>\n<meta property=\"og:description\" content=\"cat treat puzzle toy,we have over 20 years of manufacturing experience in the pet products,more than 8,000 pet accessories in various rang\" \/>\n<meta property=\"og:url\" content=\"https:\/\/petproducts.com.cn\/pt\/produto\/custom-cat-treat-puzzle-toy-with-crinkle-paper\/\" \/>\n<meta property=\"og:site_name\" content=\"Petstar\" \/>\n<meta property=\"article:modified_time\" content=\"2023-09-22T02:18:12+00:00\" \/>\n<meta property=\"og:image\" content=\"https:\/\/petproducts.com.cn\/wp-content\/uploads\/2023\/09\/YT220470.webp\" \/>\n\t<meta property=\"og:image:width\" content=\"800\" \/>\n\t<meta property=\"og:image:height\" content=\"800\" \/>\n\t<meta property=\"og:image:type\" content=\"image\/webp\" \/>\n<meta name=\"twitter:card\" content=\"summary_large_image\" \/>\n<meta name=\"twitter:label1\" content=\"Tempo estimado de leitura\" \/>\n\t<meta name=\"twitter:data1\" content=\"2 minutos\" \/>\n<script type=\"application\/ld+json\" class=\"yoast-schema-graph\">{\"@context\":\"https:\/\/schema.org\",\"@graph\":[{\"@type\":\"WebPage\",\"@id\":\"https:\/\/petproducts.com.cn\/product\/custom-cat-treat-puzzle-toy-with-crinkle-paper\/\",\"url\":\"https:\/\/petproducts.com.cn\/product\/custom-cat-treat-puzzle-toy-with-crinkle-paper\/\",\"name\":\"Custom Cat Treat Puzzle Toy With Crinkle Paper - Petstar\",\"isPartOf\":{\"@id\":\"https:\/\/petproducts.com.cn\/#website\"},\"primaryImageOfPage\":{\"@id\":\"https:\/\/petproducts.com.cn\/product\/custom-cat-treat-puzzle-toy-with-crinkle-paper\/#primaryimage\"},\"image\":{\"@id\":\"https:\/\/petproducts.com.cn\/product\/custom-cat-treat-puzzle-toy-with-crinkle-paper\/#primaryimage\"},\"thumbnailUrl\":\"https:\/\/petproducts.com.cn\/wp-content\/uploads\/2023\/09\/YT220470.webp\",\"datePublished\":\"2023-09-18T05:56:35+00:00\",\"dateModified\":\"2023-09-22T02:18:12+00:00\",\"description\":\"cat treat puzzle toy,we have over 20 years of manufacturing experience in the pet products,more than 8,000 pet accessories in various rang\",\"breadcrumb\":{\"@id\":\"https:\/\/petproducts.com.cn\/product\/custom-cat-treat-puzzle-toy-with-crinkle-paper\/#breadcrumb\"},\"inLanguage\":\"pt-PT\",\"potentialAction\":[{\"@type\":\"ReadAction\",\"target\":[\"https:\/\/petproducts.com.cn\/product\/custom-cat-treat-puzzle-toy-with-crinkle-paper\/\"]}]},{\"@type\":\"ImageObject\",\"inLanguage\":\"pt-PT\",\"@id\":\"https:\/\/petproducts.com.cn\/product\/custom-cat-treat-puzzle-toy-with-crinkle-paper\/#primaryimage\",\"url\":\"https:\/\/petproducts.com.cn\/wp-content\/uploads\/2023\/09\/YT220470.webp\",\"contentUrl\":\"https:\/\/petproducts.com.cn\/wp-content\/uploads\/2023\/09\/YT220470.webp\",\"width\":800,\"height\":800,\"caption\":\"cat treat puzzle toy\"},{\"@type\":\"BreadcrumbList\",\"@id\":\"https:\/\/petproducts.com.cn\/product\/custom-cat-treat-puzzle-toy-with-crinkle-paper\/#breadcrumb\",\"itemListElement\":[{\"@type\":\"ListItem\",\"position\":1,\"name\":\"HOME\",\"item\":\"https:\/\/petproducts.com.cn\/\"},{\"@type\":\"ListItem\",\"position\":2,\"name\":\"Products\",\"item\":\"https:\/\/petproducts.com.cn\/shop\/\"},{\"@type\":\"ListItem\",\"position\":3,\"name\":\"Dog Toys\",\"item\":\"https:\/\/petproducts.com.cn\/product-category\/dog-toys\/\"},{\"@type\":\"ListItem\",\"position\":4,\"name\":\"Custom Cat Treat Puzzle Toy With Crinkle Paper\"}]},{\"@type\":\"WebSite\",\"@id\":\"https:\/\/petproducts.com.cn\/#website\",\"url\":\"https:\/\/petproducts.com.cn\/\",\"name\":\"Petstar\",\"description\":\"Leading Pet Supplies Manufacturer &amp; OEM Pet Products Supplier\",\"publisher\":{\"@id\":\"https:\/\/petproducts.com.cn\/#organization\"},\"alternateName\":\"Petstar Pet Supplies\",\"potentialAction\":[{\"@type\":\"SearchAction\",\"target\":{\"@type\":\"EntryPoint\",\"urlTemplate\":\"https:\/\/petproducts.com.cn\/?s={search_term_string}\"},\"query-input\":{\"@type\":\"PropertyValueSpecification\",\"valueRequired\":true,\"valueName\":\"search_term_string\"}}],\"inLanguage\":\"pt-PT\"},{\"@type\":\"Organization\",\"@id\":\"https:\/\/petproducts.com.cn\/#organization\",\"name\":\"Petstar\",\"url\":\"https:\/\/petproducts.com.cn\/\",\"logo\":{\"@type\":\"ImageObject\",\"inLanguage\":\"pt-PT\",\"@id\":\"https:\/\/petproducts.com.cn\/#\/schema\/logo\/image\/\",\"url\":\"https:\/\/petproducts.com.cn\/wp-content\/uploads\/2020\/02\/petstar-logo.webp\",\"contentUrl\":\"https:\/\/petproducts.com.cn\/wp-content\/uploads\/2020\/02\/petstar-logo.webp\",\"width\":779,\"height\":520,\"caption\":\"Petstar\"},\"image\":{\"@id\":\"https:\/\/petproducts.com.cn\/#\/schema\/logo\/image\/\"}}]}<\/script>\n<!-- \/ Yoast SEO plugin. -->","yoast_head_json":{"title":"Puzzle personalizado para gatos com papel enrugado - Petstar","description":"brinquedo puzzle para gatos, temos mais de 20 anos de experi\u00eancia no fabrico de produtos para animais de estima\u00e7\u00e3o, mais de 8.000 acess\u00f3rios para animais de estima\u00e7\u00e3o em v\u00e1rias gamas","robots":{"index":"index","follow":"follow","max-snippet":"max-snippet:-1","max-image-preview":"max-image-preview:large","max-video-preview":"max-video-preview:-1"},"canonical":"https:\/\/petproducts.com.cn\/pt\/produto\/custom-cat-treat-puzzle-toy-with-crinkle-paper\/","og_locale":"pt_PT","og_type":"article","og_title":"Custom Cat Treat Puzzle Toy With Crinkle Paper - Petstar","og_description":"cat treat puzzle toy,we have over 20 years of manufacturing experience in the pet products,more than 8,000 pet accessories in various rang","og_url":"https:\/\/petproducts.com.cn\/pt\/produto\/custom-cat-treat-puzzle-toy-with-crinkle-paper\/","og_site_name":"Petstar","article_modified_time":"2023-09-22T02:18:12+00:00","og_image":[{"width":800,"height":800,"url":"https:\/\/petproducts.com.cn\/wp-content\/uploads\/2023\/09\/YT220470.webp","type":"image\/webp"}],"twitter_card":"summary_large_image","twitter_misc":{"Tempo estimado de leitura":"2 minutos"},"schema":{"@context":"https:\/\/schema.org","@graph":[{"@type":"WebPage","@id":"https:\/\/petproducts.com.cn\/product\/custom-cat-treat-puzzle-toy-with-crinkle-paper\/","url":"https:\/\/petproducts.com.cn\/product\/custom-cat-treat-puzzle-toy-with-crinkle-paper\/","name":"Puzzle personalizado para gatos com papel enrugado - Petstar","isPartOf":{"@id":"https:\/\/petproducts.com.cn\/#website"},"primaryImageOfPage":{"@id":"https:\/\/petproducts.com.cn\/product\/custom-cat-treat-puzzle-toy-with-crinkle-paper\/#primaryimage"},"image":{"@id":"https:\/\/petproducts.com.cn\/product\/custom-cat-treat-puzzle-toy-with-crinkle-paper\/#primaryimage"},"thumbnailUrl":"https:\/\/petproducts.com.cn\/wp-content\/uploads\/2023\/09\/YT220470.webp","datePublished":"2023-09-18T05:56:35+00:00","dateModified":"2023-09-22T02:18:12+00:00","description":"brinquedo puzzle para gatos, temos mais de 20 anos de experi\u00eancia no fabrico de produtos para animais de estima\u00e7\u00e3o, mais de 8.000 acess\u00f3rios para animais de estima\u00e7\u00e3o em v\u00e1rias gamas","breadcrumb":{"@id":"https:\/\/petproducts.com.cn\/product\/custom-cat-treat-puzzle-toy-with-crinkle-paper\/#breadcrumb"},"inLanguage":"pt-PT","potentialAction":[{"@type":"ReadAction","target":["https:\/\/petproducts.com.cn\/product\/custom-cat-treat-puzzle-toy-with-crinkle-paper\/"]}]},{"@type":"ImageObject","inLanguage":"pt-PT","@id":"https:\/\/petproducts.com.cn\/product\/custom-cat-treat-puzzle-toy-with-crinkle-paper\/#primaryimage","url":"https:\/\/petproducts.com.cn\/wp-content\/uploads\/2023\/09\/YT220470.webp","contentUrl":"https:\/\/petproducts.com.cn\/wp-content\/uploads\/2023\/09\/YT220470.webp","width":800,"height":800,"caption":"cat treat puzzle toy"},{"@type":"BreadcrumbList","@id":"https:\/\/petproducts.com.cn\/product\/custom-cat-treat-puzzle-toy-with-crinkle-paper\/#breadcrumb","itemListElement":[{"@type":"ListItem","position":1,"name":"HOME","item":"https:\/\/petproducts.com.cn\/"},{"@type":"ListItem","position":2,"name":"Products","item":"https:\/\/petproducts.com.cn\/shop\/"},{"@type":"ListItem","position":3,"name":"Dog Toys","item":"https:\/\/petproducts.com.cn\/product-category\/dog-toys\/"},{"@type":"ListItem","position":4,"name":"Custom Cat Treat Puzzle Toy With Crinkle Paper"}]},{"@type":"WebSite","@id":"https:\/\/petproducts.com.cn\/#website","url":"https:\/\/petproducts.com.cn\/","name":"Petstar","description":"Fabricante l\u00edder de artigos para animais de estima\u00e7\u00e3o e fornecedor de produtos OEM para animais de estima\u00e7\u00e3o","publisher":{"@id":"https:\/\/petproducts.com.cn\/#organization"},"alternateName":"Petstar Pet Supplies","potentialAction":[{"@type":"SearchAction","target":{"@type":"EntryPoint","urlTemplate":"https:\/\/petproducts.com.cn\/?s={search_term_string}"},"query-input":{"@type":"PropertyValueSpecification","valueRequired":true,"valueName":"search_term_string"}}],"inLanguage":"pt-PT"},{"@type":"Organization","@id":"https:\/\/petproducts.com.cn\/#organization","name":"Petstar","url":"https:\/\/petproducts.com.cn\/","logo":{"@type":"ImageObject","inLanguage":"pt-PT","@id":"https:\/\/petproducts.com.cn\/#\/schema\/logo\/image\/","url":"https:\/\/petproducts.com.cn\/wp-content\/uploads\/2020\/02\/petstar-logo.webp","contentUrl":"https:\/\/petproducts.com.cn\/wp-content\/uploads\/2020\/02\/petstar-logo.webp","width":779,"height":520,"caption":"Petstar"},"image":{"@id":"https:\/\/petproducts.com.cn\/#\/schema\/logo\/image\/"}}]}},"_links":{"self":[{"href":"https:\/\/petproducts.com.cn\/pt\/wp-json\/wp\/v2\/product\/10295","targetHints":{"allow":["GET"]}}],"collection":[{"href":"https:\/\/petproducts.com.cn\/pt\/wp-json\/wp\/v2\/product"}],"about":[{"href":"https:\/\/petproducts.com.cn\/pt\/wp-json\/wp\/v2\/types\/product"}],"version-history":[{"count":3,"href":"https:\/\/petproducts.com.cn\/pt\/wp-json\/wp\/v2\/product\/10295\/revisions"}],"predecessor-version":[{"id":11735,"href":"https:\/\/petproducts.com.cn\/pt\/wp-json\/wp\/v2\/product\/10295\/revisions\/11735"}],"wp:featuredmedia":[{"embeddable":true,"href":"https:\/\/petproducts.com.cn\/pt\/wp-json\/wp\/v2\/media\/10309"}],"wp:attachment":[{"href":"https:\/\/petproducts.com.cn\/pt\/wp-json\/wp\/v2\/media?parent=10295"}],"wp:term":[{"taxonomy":"product_brand","embeddable":true,"href":"https:\/\/petproducts.com.cn\/pt\/wp-json\/wp\/v2\/product_brand?post=10295"},{"taxonomy":"product_cat","embeddable":true,"href":"https:\/\/petproducts.com.cn\/pt\/wp-json\/wp\/v2\/product_cat?post=10295"},{"taxonomy":"product_tag","embeddable":true,"href":"https:\/\/petproducts.com.cn\/pt\/wp-json\/wp\/v2\/product_tag?post=10295"}],"curies":[{"name":"wp","href":"https:\/\/api.w.org\/{rel}","templated":true}]}}