{"id":10781,"date":"2023-09-19T05:40:01","date_gmt":"2023-09-19T05:40:01","guid":{"rendered":"https:\/\/petproducts.com.cn\/?post_type=product&#038;p=10781"},"modified":"2023-09-19T06:07:12","modified_gmt":"2023-09-19T06:07:12","slug":"usb-heated-pet-bed-manufacturer-heating-dog-bed","status":"publish","type":"product","link":"https:\/\/petproducts.com.cn\/pt\/product\/usb-heated-pet-bed-manufacturer-heating-dog-bed\/","title":{"rendered":"Cama para animais de estima\u00e7\u00e3o aquecida USB Fabricante Cama para c\u00e3es com aquecimento"},"content":{"rendered":"<h2><strong>Features Of USB Heated Pet Bed<\/strong><\/h2>\n<ol>\n<li><strong>Warm Cotton Velvet Fabric<\/strong>: Our USB Heated Pet Bed is meticulously crafted using plush Warm Cotton Velvet fabric, ensuring a soft and inviting surface for your pet to rest on. This luxurious texture not only provides comfort but also offers exceptional durability, making it a reliable choice for your pet&#8217;s ultimate comfort.<\/li>\n<li><strong>Removable USB Type-A Heater<\/strong>: To guarantee consistent warmth, we&#8217;ve seamlessly integrated a removable USB Type-A heater into our pet bed. With a simple plug-in, your pet can bask in a comforting and soothing heat source, also eliminating any chances of feeling cold. Enjoy peace of mind knowing your pet is snug and content.<\/li>\n<li><strong>USB-Powered Convenience<\/strong>: USB power not only guarantees safety but also offers unmatched convenience. You can power the heater using a variety of devices, making it ideal for home use, travel, or outdoor adventures with your pet. Never compromise on your pet&#8217;s comfort, wherever you go.<\/li>\n<li><strong>Anti-Slip Oxford Bottom<\/strong>: Your pet&#8217;s safety is our top priority. Our heating pet bed features an anti-slip Oxford bottom, ensuring stability and preventing any unwanted slips or movements. Your pet can enter and exit the bed with confidence, even during their most playful moments.<\/li>\n<\/ol>\n<div class=\"flex-1 overflow-hidden\">\n<div class=\"react-scroll-to-bottom--css-gzdjd-79elbk h-full dark:bg-gray-800\">\n<div class=\"react-scroll-to-bottom--css-gzdjd-1n7m0yu\">\n<div class=\"flex flex-col text-sm dark:bg-gray-800\">\n<div class=\"group w-full text-token-text-primary border-b border-black\/10 dark:border-gray-900\/50 bg-gray-50 dark:bg-[#444654]\" data-testid=\"conversation-turn-3\">\n<div class=\"p-4 justify-center text-base md:gap-6 md:py-6 m-auto\">\n<div class=\"flex flex-1 gap-4 text-base mx-auto md:gap-6 md:max-w-2xl lg:max-w-[38rem] xl:max-w-3xl }\">\n<div class=\"relative flex w-[calc(100%-50px)] flex-col gap-1 md:gap-3 lg:w-[calc(100%-115px)]\">\n<div class=\"flex flex-grow flex-col gap-3 max-w-full\">\n<div class=\"min-h-[20px] flex flex-col items-start gap-3 overflow-x-auto whitespace-pre-wrap break-words\"><\/div>\n<\/div>\n<\/div>\n<\/div>\n<\/div>\n<\/div>\n<\/div>\n<\/div>\n<\/div>\n<\/div>\n","protected":false},"excerpt":{"rendered":"<p>Somos fabricantes de camas para animais de estima\u00e7\u00e3o com mais de 20 anos de experi\u00eancia. Oferecemos op\u00e7\u00f5es de personaliza\u00e7\u00e3o de cor, tamanho, tecido, padr\u00e3o, logotipo e outros recursos.<\/p>","protected":false},"featured_media":10829,"template":"","meta":{"_acf_changed":false},"product_brand":[],"product_cat":[57,72],"product_tag":[75],"class_list":{"0":"post-10781","1":"product","2":"type-product","3":"status-publish","4":"has-post-thumbnail","6":"product_cat-dog-beds","7":"product_cat-dog-supplies","8":"product_tag-dog-beds","10":"first","11":"instock","12":"shipping-taxable","13":"product-type-simple"},"acf":[],"yoast_head":"<!-- This site is optimized with the Yoast SEO plugin v27.1.1 - https:\/\/yoast.com\/product\/yoast-seo-wordpress\/ -->\n<title>USB Heated Pet Bed Manufacturer Heating Dog Bed - Petstar<\/title>\n<meta name=\"description\" content=\"Explore USB Heated Pet Bed- Mass Production, Customization, and Design Options Available.Tianyuan Pet is a leading global one-stop pet bed supplier.\" \/>\n<meta name=\"robots\" content=\"index, follow, max-snippet:-1, max-image-preview:large, max-video-preview:-1\" \/>\n<link rel=\"canonical\" href=\"https:\/\/petproducts.com.cn\/pt\/produto\/usb-heated-pet-bed-manufacturer-heating-dog-bed\/\" \/>\n<meta property=\"og:locale\" content=\"pt_PT\" \/>\n<meta property=\"og:type\" content=\"article\" \/>\n<meta property=\"og:title\" content=\"USB Heated Pet Bed Manufacturer Heating Dog Bed - Petstar\" \/>\n<meta property=\"og:description\" content=\"Explore USB Heated Pet Bed- Mass Production, Customization, and Design Options Available.Tianyuan Pet is a leading global one-stop pet bed supplier.\" \/>\n<meta property=\"og:url\" content=\"https:\/\/petproducts.com.cn\/pt\/produto\/usb-heated-pet-bed-manufacturer-heating-dog-bed\/\" \/>\n<meta property=\"og:site_name\" content=\"Petstar\" \/>\n<meta property=\"article:modified_time\" content=\"2023-09-19T06:07:12+00:00\" \/>\n<meta property=\"og:image\" content=\"https:\/\/petproducts.com.cn\/wp-content\/uploads\/2023\/09\/YF202204108-1_\u7ed3\u679c.webp\" \/>\n\t<meta property=\"og:image:width\" content=\"1000\" \/>\n\t<meta property=\"og:image:height\" content=\"1000\" \/>\n\t<meta property=\"og:image:type\" content=\"image\/webp\" \/>\n<meta name=\"twitter:card\" content=\"summary_large_image\" \/>\n<meta name=\"twitter:label1\" content=\"Tempo estimado de leitura\" \/>\n\t<meta name=\"twitter:data1\" content=\"1 minuto\" \/>\n<script type=\"application\/ld+json\" class=\"yoast-schema-graph\">{\"@context\":\"https:\/\/schema.org\",\"@graph\":[{\"@type\":\"WebPage\",\"@id\":\"https:\/\/petproducts.com.cn\/product\/usb-heated-pet-bed-manufacturer-heating-dog-bed\/\",\"url\":\"https:\/\/petproducts.com.cn\/product\/usb-heated-pet-bed-manufacturer-heating-dog-bed\/\",\"name\":\"USB Heated Pet Bed Manufacturer Heating Dog Bed - Petstar\",\"isPartOf\":{\"@id\":\"https:\/\/petproducts.com.cn\/#website\"},\"primaryImageOfPage\":{\"@id\":\"https:\/\/petproducts.com.cn\/product\/usb-heated-pet-bed-manufacturer-heating-dog-bed\/#primaryimage\"},\"image\":{\"@id\":\"https:\/\/petproducts.com.cn\/product\/usb-heated-pet-bed-manufacturer-heating-dog-bed\/#primaryimage\"},\"thumbnailUrl\":\"https:\/\/petproducts.com.cn\/wp-content\/uploads\/2023\/09\/YF202204108-1_\u7ed3\u679c.webp\",\"datePublished\":\"2023-09-19T05:40:01+00:00\",\"dateModified\":\"2023-09-19T06:07:12+00:00\",\"description\":\"Explore USB Heated Pet Bed- Mass Production, Customization, and Design Options Available.Tianyuan Pet is a leading global one-stop pet bed supplier.\",\"breadcrumb\":{\"@id\":\"https:\/\/petproducts.com.cn\/product\/usb-heated-pet-bed-manufacturer-heating-dog-bed\/#breadcrumb\"},\"inLanguage\":\"pt-PT\",\"potentialAction\":[{\"@type\":\"ReadAction\",\"target\":[\"https:\/\/petproducts.com.cn\/product\/usb-heated-pet-bed-manufacturer-heating-dog-bed\/\"]}]},{\"@type\":\"ImageObject\",\"inLanguage\":\"pt-PT\",\"@id\":\"https:\/\/petproducts.com.cn\/product\/usb-heated-pet-bed-manufacturer-heating-dog-bed\/#primaryimage\",\"url\":\"https:\/\/petproducts.com.cn\/wp-content\/uploads\/2023\/09\/YF202204108-1_\u7ed3\u679c.webp\",\"contentUrl\":\"https:\/\/petproducts.com.cn\/wp-content\/uploads\/2023\/09\/YF202204108-1_\u7ed3\u679c.webp\",\"width\":1000,\"height\":1000,\"caption\":\"usb heated pet bed\"},{\"@type\":\"BreadcrumbList\",\"@id\":\"https:\/\/petproducts.com.cn\/product\/usb-heated-pet-bed-manufacturer-heating-dog-bed\/#breadcrumb\",\"itemListElement\":[{\"@type\":\"ListItem\",\"position\":1,\"name\":\"HOME\",\"item\":\"https:\/\/petproducts.com.cn\/\"},{\"@type\":\"ListItem\",\"position\":2,\"name\":\"Products\",\"item\":\"https:\/\/petproducts.com.cn\/shop\/\"},{\"@type\":\"ListItem\",\"position\":3,\"name\":\"Dog Beds\",\"item\":\"https:\/\/petproducts.com.cn\/product-category\/dog-beds\/\"},{\"@type\":\"ListItem\",\"position\":4,\"name\":\"USB Heated Pet Bed Manufacturer Heating Dog Bed\"}]},{\"@type\":\"WebSite\",\"@id\":\"https:\/\/petproducts.com.cn\/#website\",\"url\":\"https:\/\/petproducts.com.cn\/\",\"name\":\"Petstar\",\"description\":\"Leading Pet Supplies Manufacturer &amp; OEM Pet Products Supplier\",\"publisher\":{\"@id\":\"https:\/\/petproducts.com.cn\/#organization\"},\"alternateName\":\"Petstar Pet Supplies\",\"potentialAction\":[{\"@type\":\"SearchAction\",\"target\":{\"@type\":\"EntryPoint\",\"urlTemplate\":\"https:\/\/petproducts.com.cn\/?s={search_term_string}\"},\"query-input\":{\"@type\":\"PropertyValueSpecification\",\"valueRequired\":true,\"valueName\":\"search_term_string\"}}],\"inLanguage\":\"pt-PT\"},{\"@type\":\"Organization\",\"@id\":\"https:\/\/petproducts.com.cn\/#organization\",\"name\":\"Petstar\",\"url\":\"https:\/\/petproducts.com.cn\/\",\"logo\":{\"@type\":\"ImageObject\",\"inLanguage\":\"pt-PT\",\"@id\":\"https:\/\/petproducts.com.cn\/#\/schema\/logo\/image\/\",\"url\":\"https:\/\/petproducts.com.cn\/wp-content\/uploads\/2020\/02\/petstar-logo.webp\",\"contentUrl\":\"https:\/\/petproducts.com.cn\/wp-content\/uploads\/2020\/02\/petstar-logo.webp\",\"width\":779,\"height\":520,\"caption\":\"Petstar\"},\"image\":{\"@id\":\"https:\/\/petproducts.com.cn\/#\/schema\/logo\/image\/\"}}]}<\/script>\n<!-- \/ Yoast SEO plugin. -->","yoast_head_json":{"title":"Cama para animais de estima\u00e7\u00e3o com aquecimento USB Fabricante de camas para c\u00e3es com aquecimento - Petstar","description":"Explore Cama para animais de estima\u00e7\u00e3o aquecida USB - Produ\u00e7\u00e3o em massa, personaliza\u00e7\u00e3o e op\u00e7\u00f5es de design dispon\u00edveis.Tianyuan Pet \u00e9 um fornecedor l\u00edder global de cama para animais de estima\u00e7\u00e3o.","robots":{"index":"index","follow":"follow","max-snippet":"max-snippet:-1","max-image-preview":"max-image-preview:large","max-video-preview":"max-video-preview:-1"},"canonical":"https:\/\/petproducts.com.cn\/pt\/produto\/usb-heated-pet-bed-manufacturer-heating-dog-bed\/","og_locale":"pt_PT","og_type":"article","og_title":"USB Heated Pet Bed Manufacturer Heating Dog Bed - Petstar","og_description":"Explore USB Heated Pet Bed- Mass Production, Customization, and Design Options Available.Tianyuan Pet is a leading global one-stop pet bed supplier.","og_url":"https:\/\/petproducts.com.cn\/pt\/produto\/usb-heated-pet-bed-manufacturer-heating-dog-bed\/","og_site_name":"Petstar","article_modified_time":"2023-09-19T06:07:12+00:00","og_image":[{"width":1000,"height":1000,"url":"https:\/\/petproducts.com.cn\/wp-content\/uploads\/2023\/09\/YF202204108-1_\u7ed3\u679c.webp","type":"image\/webp"}],"twitter_card":"summary_large_image","twitter_misc":{"Tempo estimado de leitura":"1 minuto"},"schema":{"@context":"https:\/\/schema.org","@graph":[{"@type":"WebPage","@id":"https:\/\/petproducts.com.cn\/product\/usb-heated-pet-bed-manufacturer-heating-dog-bed\/","url":"https:\/\/petproducts.com.cn\/product\/usb-heated-pet-bed-manufacturer-heating-dog-bed\/","name":"Cama para animais de estima\u00e7\u00e3o com aquecimento USB Fabricante de camas para c\u00e3es com aquecimento - Petstar","isPartOf":{"@id":"https:\/\/petproducts.com.cn\/#website"},"primaryImageOfPage":{"@id":"https:\/\/petproducts.com.cn\/product\/usb-heated-pet-bed-manufacturer-heating-dog-bed\/#primaryimage"},"image":{"@id":"https:\/\/petproducts.com.cn\/product\/usb-heated-pet-bed-manufacturer-heating-dog-bed\/#primaryimage"},"thumbnailUrl":"https:\/\/petproducts.com.cn\/wp-content\/uploads\/2023\/09\/YF202204108-1_\u7ed3\u679c.webp","datePublished":"2023-09-19T05:40:01+00:00","dateModified":"2023-09-19T06:07:12+00:00","description":"Explore Cama para animais de estima\u00e7\u00e3o aquecida USB - Produ\u00e7\u00e3o em massa, personaliza\u00e7\u00e3o e op\u00e7\u00f5es de design dispon\u00edveis.Tianyuan Pet \u00e9 um fornecedor l\u00edder global de cama para animais de estima\u00e7\u00e3o.","breadcrumb":{"@id":"https:\/\/petproducts.com.cn\/product\/usb-heated-pet-bed-manufacturer-heating-dog-bed\/#breadcrumb"},"inLanguage":"pt-PT","potentialAction":[{"@type":"ReadAction","target":["https:\/\/petproducts.com.cn\/product\/usb-heated-pet-bed-manufacturer-heating-dog-bed\/"]}]},{"@type":"ImageObject","inLanguage":"pt-PT","@id":"https:\/\/petproducts.com.cn\/product\/usb-heated-pet-bed-manufacturer-heating-dog-bed\/#primaryimage","url":"https:\/\/petproducts.com.cn\/wp-content\/uploads\/2023\/09\/YF202204108-1_\u7ed3\u679c.webp","contentUrl":"https:\/\/petproducts.com.cn\/wp-content\/uploads\/2023\/09\/YF202204108-1_\u7ed3\u679c.webp","width":1000,"height":1000,"caption":"usb heated pet bed"},{"@type":"BreadcrumbList","@id":"https:\/\/petproducts.com.cn\/product\/usb-heated-pet-bed-manufacturer-heating-dog-bed\/#breadcrumb","itemListElement":[{"@type":"ListItem","position":1,"name":"HOME","item":"https:\/\/petproducts.com.cn\/"},{"@type":"ListItem","position":2,"name":"Products","item":"https:\/\/petproducts.com.cn\/shop\/"},{"@type":"ListItem","position":3,"name":"Dog Beds","item":"https:\/\/petproducts.com.cn\/product-category\/dog-beds\/"},{"@type":"ListItem","position":4,"name":"USB Heated Pet Bed Manufacturer Heating Dog Bed"}]},{"@type":"WebSite","@id":"https:\/\/petproducts.com.cn\/#website","url":"https:\/\/petproducts.com.cn\/","name":"Petstar","description":"Fabricante l\u00edder de artigos para animais de estima\u00e7\u00e3o e fornecedor de produtos OEM para animais de estima\u00e7\u00e3o","publisher":{"@id":"https:\/\/petproducts.com.cn\/#organization"},"alternateName":"Petstar Pet Supplies","potentialAction":[{"@type":"SearchAction","target":{"@type":"EntryPoint","urlTemplate":"https:\/\/petproducts.com.cn\/?s={search_term_string}"},"query-input":{"@type":"PropertyValueSpecification","valueRequired":true,"valueName":"search_term_string"}}],"inLanguage":"pt-PT"},{"@type":"Organization","@id":"https:\/\/petproducts.com.cn\/#organization","name":"Petstar","url":"https:\/\/petproducts.com.cn\/","logo":{"@type":"ImageObject","inLanguage":"pt-PT","@id":"https:\/\/petproducts.com.cn\/#\/schema\/logo\/image\/","url":"https:\/\/petproducts.com.cn\/wp-content\/uploads\/2020\/02\/petstar-logo.webp","contentUrl":"https:\/\/petproducts.com.cn\/wp-content\/uploads\/2020\/02\/petstar-logo.webp","width":779,"height":520,"caption":"Petstar"},"image":{"@id":"https:\/\/petproducts.com.cn\/#\/schema\/logo\/image\/"}}]}},"_links":{"self":[{"href":"https:\/\/petproducts.com.cn\/pt\/wp-json\/wp\/v2\/product\/10781","targetHints":{"allow":["GET"]}}],"collection":[{"href":"https:\/\/petproducts.com.cn\/pt\/wp-json\/wp\/v2\/product"}],"about":[{"href":"https:\/\/petproducts.com.cn\/pt\/wp-json\/wp\/v2\/types\/product"}],"version-history":[{"count":3,"href":"https:\/\/petproducts.com.cn\/pt\/wp-json\/wp\/v2\/product\/10781\/revisions"}],"predecessor-version":[{"id":10841,"href":"https:\/\/petproducts.com.cn\/pt\/wp-json\/wp\/v2\/product\/10781\/revisions\/10841"}],"wp:featuredmedia":[{"embeddable":true,"href":"https:\/\/petproducts.com.cn\/pt\/wp-json\/wp\/v2\/media\/10829"}],"wp:attachment":[{"href":"https:\/\/petproducts.com.cn\/pt\/wp-json\/wp\/v2\/media?parent=10781"}],"wp:term":[{"taxonomy":"product_brand","embeddable":true,"href":"https:\/\/petproducts.com.cn\/pt\/wp-json\/wp\/v2\/product_brand?post=10781"},{"taxonomy":"product_cat","embeddable":true,"href":"https:\/\/petproducts.com.cn\/pt\/wp-json\/wp\/v2\/product_cat?post=10781"},{"taxonomy":"product_tag","embeddable":true,"href":"https:\/\/petproducts.com.cn\/pt\/wp-json\/wp\/v2\/product_tag?post=10781"}],"curies":[{"name":"wp","href":"https:\/\/api.w.org\/{rel}","templated":true}]}}