{"id":11156,"date":"2023-09-20T01:50:25","date_gmt":"2023-09-20T01:50:25","guid":{"rendered":"https:\/\/petproducts.com.cn\/?post_type=product&#038;p=11156"},"modified":"2023-09-20T05:11:44","modified_gmt":"2023-09-20T05:11:44","slug":"eco-friendly-dog-beds-made-from-recycled-plastic-bottles","status":"publish","type":"product","link":"https:\/\/petproducts.com.cn\/pt\/product\/eco-friendly-dog-beds-made-from-recycled-plastic-bottles\/","title":{"rendered":"Camas ecol\u00f3gicas para c\u00e3es feitas de garrafas pl\u00e1sticas recicladas"},"content":{"rendered":"<h2><strong>Features Of Eco Friendly Dog Beds<\/strong><\/h2>\n<ol>\n<li><strong>Recycled PET Materials<\/strong>: Our Eco-Friendly Dog Beds are a testament to responsible sourcing. The fabrics and fillings are exclusively crafted from recycled PET materials, a remarkable transformation of discarded plastic bottles into a cozy haven for your furry friend.<\/li>\n<li><strong>Waterproof Fabric<\/strong>: We understand that accidents happen, which is why our dog beds are equipped with waterproof fabric. This feature ensures that any spills or messes are easily repelled, keeping the bed dry and odor-free.<\/li>\n<li><strong>Sustainable Innovation<\/strong>: At the core of our product is the dedication to sustainability. By utilizing materials made from plastic bottles, we are not only providing your pet with the utmost comfort but also contributing to reducing plastic waste in our environment.<\/li>\n<li><strong>Non-Slip Oxford Bottom<\/strong>: Safety is paramount, and our dog beds are designed with this in mind. The non-slip Oxford bottom offers stability, preventing any unwanted movement during playtime or rest.<\/li>\n<li><strong>Exceptional Comfort<\/strong>: Your dog deserves the best, and our Eco-Friendly Dog Beds deliver just that. The fabrics and fillings are carefully chosen to provide a plush, supportive surface that promotes relaxation and overall well-being.<\/li>\n<li><strong>Stylish Selection<\/strong>: Our Recycled Dog Beds are available in a variety of stylish designs, ensuring there&#8217;s a perfect match for your home d\u00e9cor. Make an eco-conscious statement while enhancing your living space.\n<div class=\"react-scroll-to-bottom--css-gzdjd-1n7m0yu\">\n<div class=\"flex flex-col text-sm dark:bg-gray-800\">\n<div class=\"group w-full text-token-text-primary border-b border-black\/10 dark:border-gray-900\/50 bg-gray-50 dark:bg-[#444654]\" data-testid=\"conversation-turn-3\">\n<div class=\"p-4 justify-center text-base md:gap-6 md:py-6 m-auto\">\n<div class=\"flex flex-1 gap-4 text-base mx-auto md:gap-6 md:max-w-2xl lg:max-w-[38rem] xl:max-w-3xl }\">\n<div class=\"relative flex w-[calc(100%-50px)] flex-col gap-1 md:gap-3 lg:w-[calc(100%-115px)]\"><\/div>\n<\/div>\n<\/div>\n<\/div>\n<\/div>\n<\/div>\n<\/li>\n<\/ol>\n","protected":false},"excerpt":{"rendered":"<p>Somos fabricantes de camas para animais de estima\u00e7\u00e3o com mais de 20 anos de experi\u00eancia. Oferecemos op\u00e7\u00f5es de personaliza\u00e7\u00e3o de cor, tamanho, tecido, padr\u00e3o, logotipo e outros recursos.<\/p>","protected":false},"featured_media":11251,"template":"","meta":{"_acf_changed":false},"product_brand":[],"product_cat":[57,72],"product_tag":[75],"class_list":{"0":"post-11156","1":"product","2":"type-product","3":"status-publish","4":"has-post-thumbnail","6":"product_cat-dog-beds","7":"product_cat-dog-supplies","8":"product_tag-dog-beds","10":"first","11":"instock","12":"shipping-taxable","13":"product-type-simple"},"acf":[],"yoast_head":"<!-- This site is optimized with the Yoast SEO plugin v27.1.1 - https:\/\/yoast.com\/product\/yoast-seo-wordpress\/ -->\n<title>Eco Friendly Dog Beds Made From Recycled Plastic Bottles - Petstar<\/title>\n<meta name=\"description\" content=\"Explore Eco Friendly Dog Beds- Mass Production, Customization, and Design Options Available.Tianyuan Pet is a leading global one-stop pet bed supplier.\" \/>\n<meta name=\"robots\" content=\"index, follow, max-snippet:-1, max-image-preview:large, max-video-preview:-1\" \/>\n<link rel=\"canonical\" href=\"https:\/\/petproducts.com.cn\/pt\/produto\/eco-friendly-dog-beds-made-from-recycled-plastic-bottles\/\" \/>\n<meta property=\"og:locale\" content=\"pt_PT\" \/>\n<meta property=\"og:type\" content=\"article\" \/>\n<meta property=\"og:title\" content=\"Eco Friendly Dog Beds Made From Recycled Plastic Bottles - Petstar\" \/>\n<meta property=\"og:description\" content=\"Explore Eco Friendly Dog Beds- Mass Production, Customization, and Design Options Available.Tianyuan Pet is a leading global one-stop pet bed supplier.\" \/>\n<meta property=\"og:url\" content=\"https:\/\/petproducts.com.cn\/pt\/produto\/eco-friendly-dog-beds-made-from-recycled-plastic-bottles\/\" \/>\n<meta property=\"og:site_name\" content=\"Petstar\" \/>\n<meta property=\"article:modified_time\" content=\"2023-09-20T05:11:44+00:00\" \/>\n<meta property=\"og:image\" content=\"https:\/\/petproducts.com.cn\/wp-content\/uploads\/2023\/09\/YF124001-5_\u7ed3\u679c.webp\" \/>\n\t<meta property=\"og:image:width\" content=\"800\" \/>\n\t<meta property=\"og:image:height\" content=\"800\" \/>\n\t<meta property=\"og:image:type\" content=\"image\/webp\" \/>\n<meta name=\"twitter:card\" content=\"summary_large_image\" \/>\n<meta name=\"twitter:label1\" content=\"Tempo estimado de leitura\" \/>\n\t<meta name=\"twitter:data1\" content=\"1 minuto\" \/>\n<script type=\"application\/ld+json\" class=\"yoast-schema-graph\">{\"@context\":\"https:\/\/schema.org\",\"@graph\":[{\"@type\":\"WebPage\",\"@id\":\"https:\/\/petproducts.com.cn\/product\/eco-friendly-dog-beds-made-from-recycled-plastic-bottles\/\",\"url\":\"https:\/\/petproducts.com.cn\/product\/eco-friendly-dog-beds-made-from-recycled-plastic-bottles\/\",\"name\":\"Eco Friendly Dog Beds Made From Recycled Plastic Bottles - Petstar\",\"isPartOf\":{\"@id\":\"https:\/\/petproducts.com.cn\/#website\"},\"primaryImageOfPage\":{\"@id\":\"https:\/\/petproducts.com.cn\/product\/eco-friendly-dog-beds-made-from-recycled-plastic-bottles\/#primaryimage\"},\"image\":{\"@id\":\"https:\/\/petproducts.com.cn\/product\/eco-friendly-dog-beds-made-from-recycled-plastic-bottles\/#primaryimage\"},\"thumbnailUrl\":\"https:\/\/petproducts.com.cn\/wp-content\/uploads\/2023\/09\/YF124001-5_\u7ed3\u679c.webp\",\"datePublished\":\"2023-09-20T01:50:25+00:00\",\"dateModified\":\"2023-09-20T05:11:44+00:00\",\"description\":\"Explore Eco Friendly Dog Beds- Mass Production, Customization, and Design Options Available.Tianyuan Pet is a leading global one-stop pet bed supplier.\",\"breadcrumb\":{\"@id\":\"https:\/\/petproducts.com.cn\/product\/eco-friendly-dog-beds-made-from-recycled-plastic-bottles\/#breadcrumb\"},\"inLanguage\":\"pt-PT\",\"potentialAction\":[{\"@type\":\"ReadAction\",\"target\":[\"https:\/\/petproducts.com.cn\/product\/eco-friendly-dog-beds-made-from-recycled-plastic-bottles\/\"]}]},{\"@type\":\"ImageObject\",\"inLanguage\":\"pt-PT\",\"@id\":\"https:\/\/petproducts.com.cn\/product\/eco-friendly-dog-beds-made-from-recycled-plastic-bottles\/#primaryimage\",\"url\":\"https:\/\/petproducts.com.cn\/wp-content\/uploads\/2023\/09\/YF124001-5_\u7ed3\u679c.webp\",\"contentUrl\":\"https:\/\/petproducts.com.cn\/wp-content\/uploads\/2023\/09\/YF124001-5_\u7ed3\u679c.webp\",\"width\":800,\"height\":800,\"caption\":\"eco friendly dog beds\"},{\"@type\":\"BreadcrumbList\",\"@id\":\"https:\/\/petproducts.com.cn\/product\/eco-friendly-dog-beds-made-from-recycled-plastic-bottles\/#breadcrumb\",\"itemListElement\":[{\"@type\":\"ListItem\",\"position\":1,\"name\":\"HOME\",\"item\":\"https:\/\/petproducts.com.cn\/\"},{\"@type\":\"ListItem\",\"position\":2,\"name\":\"Products\",\"item\":\"https:\/\/petproducts.com.cn\/shop\/\"},{\"@type\":\"ListItem\",\"position\":3,\"name\":\"Dog Beds\",\"item\":\"https:\/\/petproducts.com.cn\/product-category\/dog-beds\/\"},{\"@type\":\"ListItem\",\"position\":4,\"name\":\"Eco Friendly Dog Beds Made From Recycled Plastic Bottles\"}]},{\"@type\":\"WebSite\",\"@id\":\"https:\/\/petproducts.com.cn\/#website\",\"url\":\"https:\/\/petproducts.com.cn\/\",\"name\":\"Petstar\",\"description\":\"Leading Pet Supplies Manufacturer &amp; OEM Pet Products Supplier\",\"publisher\":{\"@id\":\"https:\/\/petproducts.com.cn\/#organization\"},\"alternateName\":\"Petstar Pet Supplies\",\"potentialAction\":[{\"@type\":\"SearchAction\",\"target\":{\"@type\":\"EntryPoint\",\"urlTemplate\":\"https:\/\/petproducts.com.cn\/?s={search_term_string}\"},\"query-input\":{\"@type\":\"PropertyValueSpecification\",\"valueRequired\":true,\"valueName\":\"search_term_string\"}}],\"inLanguage\":\"pt-PT\"},{\"@type\":\"Organization\",\"@id\":\"https:\/\/petproducts.com.cn\/#organization\",\"name\":\"Petstar\",\"url\":\"https:\/\/petproducts.com.cn\/\",\"logo\":{\"@type\":\"ImageObject\",\"inLanguage\":\"pt-PT\",\"@id\":\"https:\/\/petproducts.com.cn\/#\/schema\/logo\/image\/\",\"url\":\"https:\/\/petproducts.com.cn\/wp-content\/uploads\/2020\/02\/petstar-logo.webp\",\"contentUrl\":\"https:\/\/petproducts.com.cn\/wp-content\/uploads\/2020\/02\/petstar-logo.webp\",\"width\":779,\"height\":520,\"caption\":\"Petstar\"},\"image\":{\"@id\":\"https:\/\/petproducts.com.cn\/#\/schema\/logo\/image\/\"}}]}<\/script>\n<!-- \/ Yoast SEO plugin. -->","yoast_head_json":{"title":"Camas para c\u00e3es ecol\u00f3gicas feitas de garrafas de pl\u00e1stico recicladas - Petstar","description":"Explore as camas para c\u00e3es ecol\u00f3gicas - Produ\u00e7\u00e3o em massa, personaliza\u00e7\u00e3o e op\u00e7\u00f5es de design dispon\u00edveis.","robots":{"index":"index","follow":"follow","max-snippet":"max-snippet:-1","max-image-preview":"max-image-preview:large","max-video-preview":"max-video-preview:-1"},"canonical":"https:\/\/petproducts.com.cn\/pt\/produto\/eco-friendly-dog-beds-made-from-recycled-plastic-bottles\/","og_locale":"pt_PT","og_type":"article","og_title":"Eco Friendly Dog Beds Made From Recycled Plastic Bottles - Petstar","og_description":"Explore Eco Friendly Dog Beds- Mass Production, Customization, and Design Options Available.Tianyuan Pet is a leading global one-stop pet bed supplier.","og_url":"https:\/\/petproducts.com.cn\/pt\/produto\/eco-friendly-dog-beds-made-from-recycled-plastic-bottles\/","og_site_name":"Petstar","article_modified_time":"2023-09-20T05:11:44+00:00","og_image":[{"width":800,"height":800,"url":"https:\/\/petproducts.com.cn\/wp-content\/uploads\/2023\/09\/YF124001-5_\u7ed3\u679c.webp","type":"image\/webp"}],"twitter_card":"summary_large_image","twitter_misc":{"Tempo estimado de leitura":"1 minuto"},"schema":{"@context":"https:\/\/schema.org","@graph":[{"@type":"WebPage","@id":"https:\/\/petproducts.com.cn\/product\/eco-friendly-dog-beds-made-from-recycled-plastic-bottles\/","url":"https:\/\/petproducts.com.cn\/product\/eco-friendly-dog-beds-made-from-recycled-plastic-bottles\/","name":"Camas para c\u00e3es ecol\u00f3gicas feitas de garrafas de pl\u00e1stico recicladas - Petstar","isPartOf":{"@id":"https:\/\/petproducts.com.cn\/#website"},"primaryImageOfPage":{"@id":"https:\/\/petproducts.com.cn\/product\/eco-friendly-dog-beds-made-from-recycled-plastic-bottles\/#primaryimage"},"image":{"@id":"https:\/\/petproducts.com.cn\/product\/eco-friendly-dog-beds-made-from-recycled-plastic-bottles\/#primaryimage"},"thumbnailUrl":"https:\/\/petproducts.com.cn\/wp-content\/uploads\/2023\/09\/YF124001-5_\u7ed3\u679c.webp","datePublished":"2023-09-20T01:50:25+00:00","dateModified":"2023-09-20T05:11:44+00:00","description":"Explore as camas para c\u00e3es ecol\u00f3gicas - Produ\u00e7\u00e3o em massa, personaliza\u00e7\u00e3o e op\u00e7\u00f5es de design dispon\u00edveis.","breadcrumb":{"@id":"https:\/\/petproducts.com.cn\/product\/eco-friendly-dog-beds-made-from-recycled-plastic-bottles\/#breadcrumb"},"inLanguage":"pt-PT","potentialAction":[{"@type":"ReadAction","target":["https:\/\/petproducts.com.cn\/product\/eco-friendly-dog-beds-made-from-recycled-plastic-bottles\/"]}]},{"@type":"ImageObject","inLanguage":"pt-PT","@id":"https:\/\/petproducts.com.cn\/product\/eco-friendly-dog-beds-made-from-recycled-plastic-bottles\/#primaryimage","url":"https:\/\/petproducts.com.cn\/wp-content\/uploads\/2023\/09\/YF124001-5_\u7ed3\u679c.webp","contentUrl":"https:\/\/petproducts.com.cn\/wp-content\/uploads\/2023\/09\/YF124001-5_\u7ed3\u679c.webp","width":800,"height":800,"caption":"eco friendly dog beds"},{"@type":"BreadcrumbList","@id":"https:\/\/petproducts.com.cn\/product\/eco-friendly-dog-beds-made-from-recycled-plastic-bottles\/#breadcrumb","itemListElement":[{"@type":"ListItem","position":1,"name":"HOME","item":"https:\/\/petproducts.com.cn\/"},{"@type":"ListItem","position":2,"name":"Products","item":"https:\/\/petproducts.com.cn\/shop\/"},{"@type":"ListItem","position":3,"name":"Dog Beds","item":"https:\/\/petproducts.com.cn\/product-category\/dog-beds\/"},{"@type":"ListItem","position":4,"name":"Eco Friendly Dog Beds Made From Recycled Plastic Bottles"}]},{"@type":"WebSite","@id":"https:\/\/petproducts.com.cn\/#website","url":"https:\/\/petproducts.com.cn\/","name":"Petstar","description":"Fabricante l\u00edder de artigos para animais de estima\u00e7\u00e3o e fornecedor de produtos OEM para animais de estima\u00e7\u00e3o","publisher":{"@id":"https:\/\/petproducts.com.cn\/#organization"},"alternateName":"Petstar Pet Supplies","potentialAction":[{"@type":"SearchAction","target":{"@type":"EntryPoint","urlTemplate":"https:\/\/petproducts.com.cn\/?s={search_term_string}"},"query-input":{"@type":"PropertyValueSpecification","valueRequired":true,"valueName":"search_term_string"}}],"inLanguage":"pt-PT"},{"@type":"Organization","@id":"https:\/\/petproducts.com.cn\/#organization","name":"Petstar","url":"https:\/\/petproducts.com.cn\/","logo":{"@type":"ImageObject","inLanguage":"pt-PT","@id":"https:\/\/petproducts.com.cn\/#\/schema\/logo\/image\/","url":"https:\/\/petproducts.com.cn\/wp-content\/uploads\/2020\/02\/petstar-logo.webp","contentUrl":"https:\/\/petproducts.com.cn\/wp-content\/uploads\/2020\/02\/petstar-logo.webp","width":779,"height":520,"caption":"Petstar"},"image":{"@id":"https:\/\/petproducts.com.cn\/#\/schema\/logo\/image\/"}}]}},"_links":{"self":[{"href":"https:\/\/petproducts.com.cn\/pt\/wp-json\/wp\/v2\/product\/11156","targetHints":{"allow":["GET"]}}],"collection":[{"href":"https:\/\/petproducts.com.cn\/pt\/wp-json\/wp\/v2\/product"}],"about":[{"href":"https:\/\/petproducts.com.cn\/pt\/wp-json\/wp\/v2\/types\/product"}],"version-history":[{"count":2,"href":"https:\/\/petproducts.com.cn\/pt\/wp-json\/wp\/v2\/product\/11156\/revisions"}],"predecessor-version":[{"id":11255,"href":"https:\/\/petproducts.com.cn\/pt\/wp-json\/wp\/v2\/product\/11156\/revisions\/11255"}],"wp:featuredmedia":[{"embeddable":true,"href":"https:\/\/petproducts.com.cn\/pt\/wp-json\/wp\/v2\/media\/11251"}],"wp:attachment":[{"href":"https:\/\/petproducts.com.cn\/pt\/wp-json\/wp\/v2\/media?parent=11156"}],"wp:term":[{"taxonomy":"product_brand","embeddable":true,"href":"https:\/\/petproducts.com.cn\/pt\/wp-json\/wp\/v2\/product_brand?post=11156"},{"taxonomy":"product_cat","embeddable":true,"href":"https:\/\/petproducts.com.cn\/pt\/wp-json\/wp\/v2\/product_cat?post=11156"},{"taxonomy":"product_tag","embeddable":true,"href":"https:\/\/petproducts.com.cn\/pt\/wp-json\/wp\/v2\/product_tag?post=11156"}],"curies":[{"name":"wp","href":"https:\/\/api.w.org\/{rel}","templated":true}]}}