{"id":11687,"date":"2023-09-21T08:50:49","date_gmt":"2023-09-21T08:50:49","guid":{"rendered":"https:\/\/petproducts.com.cn\/?post_type=product&#038;p=11687"},"modified":"2023-09-21T09:07:45","modified_gmt":"2023-09-21T09:07:45","slug":"cactus-cat-tree-with-hammock-china-plush-cat-scratching-condo","status":"publish","type":"product","link":"https:\/\/petproducts.com.cn\/pt\/product\/cactus-cat-tree-with-hammock-china-plush-cat-scratching-condo\/","title":{"rendered":"\u00c1rvore de cacto para gatos com rede China Condom\u00ednio para arranhar gatos de pel\u00facia"},"content":{"rendered":"<h2><strong>Carater\u00edsticas da \u00e1rvore para gatos Cactus com rede<\/strong><\/h2>\n<p><strong>1. impressionante altura de 100 cm<\/strong> Com 100 cm de altura, a nossa \u00e1rvore para gatos em forma de cato com rede \u00e9 uma pe\u00e7a de mobili\u00e1rio para gatos impressionante que d\u00e1 um toque de charme inspirado na natureza a qualquer casa. A sua altura proporciona aos gatos v\u00e1rios n\u00edveis para explorar, trepar e relaxar.<\/p>\n<p><strong>2. rede aconchegante para o m\u00e1ximo conforto<\/strong> Uma das carater\u00edsticas de destaque desta \u00e1rvore para gatos \u00e9 a rede de peluche. Os gatos adoram deitar-se em redes, e esta oferece um local confort\u00e1vel e seguro para descansarem e observarem o que os rodeia. O tecido macio garante uma experi\u00eancia acolhedora.<\/p>\n<p><strong>3. condom\u00ednio de dormir em cogumelo para privacidade<\/strong> Os gatos apreciam o seu espa\u00e7o privado, e a nossa \u00e1rvore para gatos inclui um exclusivo compartimento para dormir em forma de cogumelo. Este ref\u00fagio acolhedor proporciona aos gatos uma \u00e1rea tranquila e isolada para uma sesta ininterrupta. O forro interior em pel\u00facia garante calor e conforto.<\/p>\n<p><strong>4.Top Perch para vistas elevadas<\/strong> Os gatos t\u00eam um desejo natural de observar a partir de pontos de vista elevados. O nosso arranhador para gatos com cactos tem um poleiro superior espa\u00e7oso onde os gatos se podem empoleirar, dormir a sesta ou simplesmente apreciar a vista. O topo almofadado proporciona um local luxuoso para relaxar.<\/p>\n<p><strong>5.Poste de corda de algod\u00e3o de poli\u00e9ster para co\u00e7ar<\/strong> Um poste para arranhar duradouro \u00e9 essencial para o bem-estar do gato. Esta \u00e1rvore para gatos inclui um poste em corda de algod\u00e3o poli\u00e9ster, concebido para satisfazer o desejo instintivo do gato de arranhar. A corda \u00e9 resistente e substitu\u00edvel, garantindo uma utiliza\u00e7\u00e3o duradoura.<\/p>","protected":false},"excerpt":{"rendered":"<p>N\u00f3s somos um fabricante de \u00e1rvore de gato cato com rede com mais de 20 anos de experi\u00eancia. Oferecemos op\u00e7\u00f5es de personaliza\u00e7\u00e3o para cor, tamanho, tecido, padr\u00e3o, logotipo e outras carater\u00edsticas.<\/p>","protected":false},"featured_media":11689,"template":"","meta":{"_acf_changed":false},"product_brand":[],"product_cat":[71,47],"product_tag":[88],"class_list":{"0":"post-11687","1":"product","2":"type-product","3":"status-publish","4":"has-post-thumbnail","6":"product_cat-cat-supplies","7":"product_cat-cat-trees-furniture","8":"product_tag-cat-trees-furniture","10":"first","11":"instock","12":"shipping-taxable","13":"product-type-simple"},"acf":[],"yoast_head":"<!-- This site is optimized with the Yoast SEO plugin v27.1.1 - https:\/\/yoast.com\/product\/yoast-seo-wordpress\/ -->\n<title>Cactus Cat Tree With Hammock China Plush Cat Scratching Condo - Petstar<\/title>\n<meta name=\"description\" content=\"Explore Petstar cactus cat tree with hammock - Mass Production, Customization, and Design Options Available.We are a leading global one-stop supplier.\" \/>\n<meta name=\"robots\" content=\"index, follow, max-snippet:-1, max-image-preview:large, max-video-preview:-1\" \/>\n<link rel=\"canonical\" href=\"https:\/\/petproducts.com.cn\/pt\/produto\/cactus-cat-tree-with-hammock-china-plush-cat-scratching-condo\/\" \/>\n<meta property=\"og:locale\" content=\"pt_PT\" \/>\n<meta property=\"og:type\" content=\"article\" \/>\n<meta property=\"og:title\" content=\"Cactus Cat Tree With Hammock China Plush Cat Scratching Condo - Petstar\" \/>\n<meta property=\"og:description\" content=\"Explore Petstar cactus cat tree with hammock - Mass Production, Customization, and Design Options Available.We are a leading global one-stop supplier.\" \/>\n<meta property=\"og:url\" content=\"https:\/\/petproducts.com.cn\/pt\/produto\/cactus-cat-tree-with-hammock-china-plush-cat-scratching-condo\/\" \/>\n<meta property=\"og:site_name\" content=\"Petstar\" \/>\n<meta property=\"article:modified_time\" content=\"2023-09-21T09:07:45+00:00\" \/>\n<meta property=\"og:image\" content=\"https:\/\/petproducts.com.cn\/wp-content\/uploads\/2023\/09\/YS202203049_webp.webp\" \/>\n\t<meta property=\"og:image:width\" content=\"800\" \/>\n\t<meta property=\"og:image:height\" content=\"800\" \/>\n\t<meta property=\"og:image:type\" content=\"image\/webp\" \/>\n<meta name=\"twitter:card\" content=\"summary_large_image\" \/>\n<meta name=\"twitter:label1\" content=\"Tempo estimado de leitura\" \/>\n\t<meta name=\"twitter:data1\" content=\"1 minuto\" \/>\n<script type=\"application\/ld+json\" class=\"yoast-schema-graph\">{\"@context\":\"https:\/\/schema.org\",\"@graph\":[{\"@type\":\"WebPage\",\"@id\":\"https:\/\/petproducts.com.cn\/product\/cactus-cat-tree-with-hammock-china-plush-cat-scratching-condo\/\",\"url\":\"https:\/\/petproducts.com.cn\/product\/cactus-cat-tree-with-hammock-china-plush-cat-scratching-condo\/\",\"name\":\"Cactus Cat Tree With Hammock China Plush Cat Scratching Condo - Petstar\",\"isPartOf\":{\"@id\":\"https:\/\/petproducts.com.cn\/#website\"},\"primaryImageOfPage\":{\"@id\":\"https:\/\/petproducts.com.cn\/product\/cactus-cat-tree-with-hammock-china-plush-cat-scratching-condo\/#primaryimage\"},\"image\":{\"@id\":\"https:\/\/petproducts.com.cn\/product\/cactus-cat-tree-with-hammock-china-plush-cat-scratching-condo\/#primaryimage\"},\"thumbnailUrl\":\"https:\/\/petproducts.com.cn\/wp-content\/uploads\/2023\/09\/YS202203049_webp.webp\",\"datePublished\":\"2023-09-21T08:50:49+00:00\",\"dateModified\":\"2023-09-21T09:07:45+00:00\",\"description\":\"Explore Petstar cactus cat tree with hammock - Mass Production, Customization, and Design Options Available.We are a leading global one-stop supplier.\",\"breadcrumb\":{\"@id\":\"https:\/\/petproducts.com.cn\/product\/cactus-cat-tree-with-hammock-china-plush-cat-scratching-condo\/#breadcrumb\"},\"inLanguage\":\"pt-PT\",\"potentialAction\":[{\"@type\":\"ReadAction\",\"target\":[\"https:\/\/petproducts.com.cn\/product\/cactus-cat-tree-with-hammock-china-plush-cat-scratching-condo\/\"]}]},{\"@type\":\"ImageObject\",\"inLanguage\":\"pt-PT\",\"@id\":\"https:\/\/petproducts.com.cn\/product\/cactus-cat-tree-with-hammock-china-plush-cat-scratching-condo\/#primaryimage\",\"url\":\"https:\/\/petproducts.com.cn\/wp-content\/uploads\/2023\/09\/YS202203049_webp.webp\",\"contentUrl\":\"https:\/\/petproducts.com.cn\/wp-content\/uploads\/2023\/09\/YS202203049_webp.webp\",\"width\":800,\"height\":800,\"caption\":\"cactus cat tree with hammock\"},{\"@type\":\"BreadcrumbList\",\"@id\":\"https:\/\/petproducts.com.cn\/product\/cactus-cat-tree-with-hammock-china-plush-cat-scratching-condo\/#breadcrumb\",\"itemListElement\":[{\"@type\":\"ListItem\",\"position\":1,\"name\":\"HOME\",\"item\":\"https:\/\/petproducts.com.cn\/\"},{\"@type\":\"ListItem\",\"position\":2,\"name\":\"Products\",\"item\":\"https:\/\/petproducts.com.cn\/shop\/\"},{\"@type\":\"ListItem\",\"position\":3,\"name\":\"Cat Trees &amp; Furniture\",\"item\":\"https:\/\/petproducts.com.cn\/product-category\/cat-trees-furniture\/\"},{\"@type\":\"ListItem\",\"position\":4,\"name\":\"Cactus Cat Tree With Hammock China Plush Cat Scratching Condo\"}]},{\"@type\":\"WebSite\",\"@id\":\"https:\/\/petproducts.com.cn\/#website\",\"url\":\"https:\/\/petproducts.com.cn\/\",\"name\":\"Petstar\",\"description\":\"Leading Pet Supplies Manufacturer &amp; OEM Pet Products Supplier\",\"publisher\":{\"@id\":\"https:\/\/petproducts.com.cn\/#organization\"},\"alternateName\":\"Petstar Pet Supplies\",\"potentialAction\":[{\"@type\":\"SearchAction\",\"target\":{\"@type\":\"EntryPoint\",\"urlTemplate\":\"https:\/\/petproducts.com.cn\/?s={search_term_string}\"},\"query-input\":{\"@type\":\"PropertyValueSpecification\",\"valueRequired\":true,\"valueName\":\"search_term_string\"}}],\"inLanguage\":\"pt-PT\"},{\"@type\":\"Organization\",\"@id\":\"https:\/\/petproducts.com.cn\/#organization\",\"name\":\"Petstar\",\"url\":\"https:\/\/petproducts.com.cn\/\",\"logo\":{\"@type\":\"ImageObject\",\"inLanguage\":\"pt-PT\",\"@id\":\"https:\/\/petproducts.com.cn\/#\/schema\/logo\/image\/\",\"url\":\"https:\/\/petproducts.com.cn\/wp-content\/uploads\/2020\/02\/petstar-logo.webp\",\"contentUrl\":\"https:\/\/petproducts.com.cn\/wp-content\/uploads\/2020\/02\/petstar-logo.webp\",\"width\":779,\"height\":520,\"caption\":\"Petstar\"},\"image\":{\"@id\":\"https:\/\/petproducts.com.cn\/#\/schema\/logo\/image\/\"}}]}<\/script>\n<!-- \/ Yoast SEO plugin. -->","yoast_head_json":{"title":"\u00c1rvore para gatos Cactus com rede Condom\u00ednio para gatos de pel\u00facia da China - Petstar","description":"Explorar Petstar \u00e1rvore do gato do cato com rede - Produ\u00e7\u00e3o em massa, personaliza\u00e7\u00e3o e op\u00e7\u00f5es de design dispon\u00edveis.","robots":{"index":"index","follow":"follow","max-snippet":"max-snippet:-1","max-image-preview":"max-image-preview:large","max-video-preview":"max-video-preview:-1"},"canonical":"https:\/\/petproducts.com.cn\/pt\/produto\/cactus-cat-tree-with-hammock-china-plush-cat-scratching-condo\/","og_locale":"pt_PT","og_type":"article","og_title":"Cactus Cat Tree With Hammock China Plush Cat Scratching Condo - Petstar","og_description":"Explore Petstar cactus cat tree with hammock - Mass Production, Customization, and Design Options Available.We are a leading global one-stop supplier.","og_url":"https:\/\/petproducts.com.cn\/pt\/produto\/cactus-cat-tree-with-hammock-china-plush-cat-scratching-condo\/","og_site_name":"Petstar","article_modified_time":"2023-09-21T09:07:45+00:00","og_image":[{"width":800,"height":800,"url":"https:\/\/petproducts.com.cn\/wp-content\/uploads\/2023\/09\/YS202203049_webp.webp","type":"image\/webp"}],"twitter_card":"summary_large_image","twitter_misc":{"Tempo estimado de leitura":"1 minuto"},"schema":{"@context":"https:\/\/schema.org","@graph":[{"@type":"WebPage","@id":"https:\/\/petproducts.com.cn\/product\/cactus-cat-tree-with-hammock-china-plush-cat-scratching-condo\/","url":"https:\/\/petproducts.com.cn\/product\/cactus-cat-tree-with-hammock-china-plush-cat-scratching-condo\/","name":"\u00c1rvore para gatos Cactus com rede Condom\u00ednio para gatos de pel\u00facia da China - Petstar","isPartOf":{"@id":"https:\/\/petproducts.com.cn\/#website"},"primaryImageOfPage":{"@id":"https:\/\/petproducts.com.cn\/product\/cactus-cat-tree-with-hammock-china-plush-cat-scratching-condo\/#primaryimage"},"image":{"@id":"https:\/\/petproducts.com.cn\/product\/cactus-cat-tree-with-hammock-china-plush-cat-scratching-condo\/#primaryimage"},"thumbnailUrl":"https:\/\/petproducts.com.cn\/wp-content\/uploads\/2023\/09\/YS202203049_webp.webp","datePublished":"2023-09-21T08:50:49+00:00","dateModified":"2023-09-21T09:07:45+00:00","description":"Explorar Petstar \u00e1rvore do gato do cato com rede - Produ\u00e7\u00e3o em massa, personaliza\u00e7\u00e3o e op\u00e7\u00f5es de design dispon\u00edveis.","breadcrumb":{"@id":"https:\/\/petproducts.com.cn\/product\/cactus-cat-tree-with-hammock-china-plush-cat-scratching-condo\/#breadcrumb"},"inLanguage":"pt-PT","potentialAction":[{"@type":"ReadAction","target":["https:\/\/petproducts.com.cn\/product\/cactus-cat-tree-with-hammock-china-plush-cat-scratching-condo\/"]}]},{"@type":"ImageObject","inLanguage":"pt-PT","@id":"https:\/\/petproducts.com.cn\/product\/cactus-cat-tree-with-hammock-china-plush-cat-scratching-condo\/#primaryimage","url":"https:\/\/petproducts.com.cn\/wp-content\/uploads\/2023\/09\/YS202203049_webp.webp","contentUrl":"https:\/\/petproducts.com.cn\/wp-content\/uploads\/2023\/09\/YS202203049_webp.webp","width":800,"height":800,"caption":"cactus cat tree with hammock"},{"@type":"BreadcrumbList","@id":"https:\/\/petproducts.com.cn\/product\/cactus-cat-tree-with-hammock-china-plush-cat-scratching-condo\/#breadcrumb","itemListElement":[{"@type":"ListItem","position":1,"name":"HOME","item":"https:\/\/petproducts.com.cn\/"},{"@type":"ListItem","position":2,"name":"Products","item":"https:\/\/petproducts.com.cn\/shop\/"},{"@type":"ListItem","position":3,"name":"Cat Trees &amp; Furniture","item":"https:\/\/petproducts.com.cn\/product-category\/cat-trees-furniture\/"},{"@type":"ListItem","position":4,"name":"Cactus Cat Tree With Hammock China Plush Cat Scratching Condo"}]},{"@type":"WebSite","@id":"https:\/\/petproducts.com.cn\/#website","url":"https:\/\/petproducts.com.cn\/","name":"Petstar","description":"Fabricante l\u00edder de artigos para animais de estima\u00e7\u00e3o e fornecedor de produtos OEM para animais de estima\u00e7\u00e3o","publisher":{"@id":"https:\/\/petproducts.com.cn\/#organization"},"alternateName":"Petstar Pet Supplies","potentialAction":[{"@type":"SearchAction","target":{"@type":"EntryPoint","urlTemplate":"https:\/\/petproducts.com.cn\/?s={search_term_string}"},"query-input":{"@type":"PropertyValueSpecification","valueRequired":true,"valueName":"search_term_string"}}],"inLanguage":"pt-PT"},{"@type":"Organization","@id":"https:\/\/petproducts.com.cn\/#organization","name":"Petstar","url":"https:\/\/petproducts.com.cn\/","logo":{"@type":"ImageObject","inLanguage":"pt-PT","@id":"https:\/\/petproducts.com.cn\/#\/schema\/logo\/image\/","url":"https:\/\/petproducts.com.cn\/wp-content\/uploads\/2020\/02\/petstar-logo.webp","contentUrl":"https:\/\/petproducts.com.cn\/wp-content\/uploads\/2020\/02\/petstar-logo.webp","width":779,"height":520,"caption":"Petstar"},"image":{"@id":"https:\/\/petproducts.com.cn\/#\/schema\/logo\/image\/"}}]}},"_links":{"self":[{"href":"https:\/\/petproducts.com.cn\/pt\/wp-json\/wp\/v2\/product\/11687","targetHints":{"allow":["GET"]}}],"collection":[{"href":"https:\/\/petproducts.com.cn\/pt\/wp-json\/wp\/v2\/product"}],"about":[{"href":"https:\/\/petproducts.com.cn\/pt\/wp-json\/wp\/v2\/types\/product"}],"version-history":[{"count":1,"href":"https:\/\/petproducts.com.cn\/pt\/wp-json\/wp\/v2\/product\/11687\/revisions"}],"predecessor-version":[{"id":11696,"href":"https:\/\/petproducts.com.cn\/pt\/wp-json\/wp\/v2\/product\/11687\/revisions\/11696"}],"wp:featuredmedia":[{"embeddable":true,"href":"https:\/\/petproducts.com.cn\/pt\/wp-json\/wp\/v2\/media\/11689"}],"wp:attachment":[{"href":"https:\/\/petproducts.com.cn\/pt\/wp-json\/wp\/v2\/media?parent=11687"}],"wp:term":[{"taxonomy":"product_brand","embeddable":true,"href":"https:\/\/petproducts.com.cn\/pt\/wp-json\/wp\/v2\/product_brand?post=11687"},{"taxonomy":"product_cat","embeddable":true,"href":"https:\/\/petproducts.com.cn\/pt\/wp-json\/wp\/v2\/product_cat?post=11687"},{"taxonomy":"product_tag","embeddable":true,"href":"https:\/\/petproducts.com.cn\/pt\/wp-json\/wp\/v2\/product_tag?post=11687"}],"curies":[{"name":"wp","href":"https:\/\/api.w.org\/{rel}","templated":true}]}}