{"id":12136,"date":"2023-09-26T06:28:46","date_gmt":"2023-09-26T06:28:46","guid":{"rendered":"https:\/\/petproducts.com.cn\/?post_type=product&#038;p=12136"},"modified":"2023-09-26T06:37:26","modified_gmt":"2023-09-26T06:37:26","slug":"cat-home-furniture-manufacturers-cat-scratching-tree-condo","status":"publish","type":"product","link":"https:\/\/petproducts.com.cn\/pt\/product\/cat-home-furniture-manufacturers-cat-scratching-tree-condo\/","title":{"rendered":"Fabricantes de m\u00f3veis para casa para gatos Condom\u00ednio de \u00e1rvores para arranhar gatos"},"content":{"rendered":"<h2><strong>Carater\u00edsticas do mobili\u00e1rio para gatos<\/strong><\/h2>\n<p><strong>1. impressionante altura de 154 cm<\/strong> O nosso mobili\u00e1rio para gatos tem uma altura impressionante de 154 cm, criando uma pe\u00e7a central majestosa em qualquer divis\u00e3o. Esta altura oferece aos gatos um amplo parque de divers\u00f5es para explorar, trepar e desfrutar do que os rodeia.<\/p>\n<p><strong>2.Bola de mola interactiva para um envolvimento l\u00fadico<\/strong> Para manter os gatos activos e mentalmente estimulados, os nossos m\u00f3veis para gatos incluem uma bola de mola interactiva. Os gatos podem golpear, bater e atacar a bola, garantindo horas de divers\u00e3o e exerc\u00edcio.<\/p>\n<p><strong>3.Multi-poleiros para desfrutar em altura<\/strong> Os gatos gostam de ter v\u00e1rios poleiros elevados para observar o que os rodeia. O nosso condom\u00ednio com \u00e1rvore para gatos possui v\u00e1rios poleiros espa\u00e7osos onde os gatos podem relaxar, dormir a sesta ou simplesmente apreciar a vista. Estas plataformas variam em altura, proporcionando aos gatos op\u00e7\u00f5es para o seu ponto de vista preferido.<\/p>\n<p><strong>4. arranhador de sisal para uma manuten\u00e7\u00e3o saud\u00e1vel das garras<\/strong> Manter o comportamento natural de arranhar de um gato \u00e9 essencial para o seu bem-estar. O nosso mobili\u00e1rio para gatos inclui um arranhador envolto em sisal, perfeito para promover h\u00e1bitos de arranhar saud\u00e1veis. O material de sisal duradouro assegura a longevidade do m\u00f3vel.<\/p>\n<p><strong>5.Sleep Condo para retiros aconchegantes<\/strong> Todos os gatos merecem um retiro privado e acolhedor, e o nosso mobili\u00e1rio para gatos proporciona exatamente isso com o seu condom\u00ednio para dormir. Os gatos podem enrolar-se no interior para descansar e relaxar sem interrup\u00e7\u00f5es. O forro interior em peluche garante calor e conforto.<\/p>","protected":false},"excerpt":{"rendered":"<p>Somos um fabricante de mobili\u00e1rio para casa de gato com mais de 20 anos de experi\u00eancia. Oferecemos op\u00e7\u00f5es de personaliza\u00e7\u00e3o para cor, tamanho, tecido, padr\u00e3o, log\u00f3tipo e outras carater\u00edsticas.<\/p>","protected":false},"featured_media":12137,"template":"","meta":{"_acf_changed":false},"product_brand":[],"product_cat":[71,47],"product_tag":[88],"class_list":{"0":"post-12136","1":"product","2":"type-product","3":"status-publish","4":"has-post-thumbnail","6":"product_cat-cat-supplies","7":"product_cat-cat-trees-furniture","8":"product_tag-cat-trees-furniture","10":"first","11":"instock","12":"shipping-taxable","13":"product-type-simple"},"acf":[],"yoast_head":"<!-- This site is optimized with the Yoast SEO plugin v27.1.1 - https:\/\/yoast.com\/product\/yoast-seo-wordpress\/ -->\n<title>Cat Home Furniture Manufacturers Cat Scratching Tree Condo - Petstar<\/title>\n<meta name=\"description\" content=\"Explore Petstar cat home furniture - Mass Production, Customization, and Design Options Available.We are a leading global one-stop supplier.\" \/>\n<meta name=\"robots\" content=\"index, follow, max-snippet:-1, max-image-preview:large, max-video-preview:-1\" \/>\n<link rel=\"canonical\" href=\"https:\/\/petproducts.com.cn\/pt\/produto\/cat-home-furniture-manufacturers-cat-scratching-tree-condo\/\" \/>\n<meta property=\"og:locale\" content=\"pt_PT\" \/>\n<meta property=\"og:type\" content=\"article\" \/>\n<meta property=\"og:title\" content=\"Cat Home Furniture Manufacturers Cat Scratching Tree Condo - Petstar\" \/>\n<meta property=\"og:description\" content=\"Explore Petstar cat home furniture - Mass Production, Customization, and Design Options Available.We are a leading global one-stop supplier.\" \/>\n<meta property=\"og:url\" content=\"https:\/\/petproducts.com.cn\/pt\/produto\/cat-home-furniture-manufacturers-cat-scratching-tree-condo\/\" \/>\n<meta property=\"og:site_name\" content=\"Petstar\" \/>\n<meta property=\"article:modified_time\" content=\"2023-09-26T06:37:26+00:00\" \/>\n<meta property=\"og:image\" content=\"https:\/\/petproducts.com.cn\/wp-content\/uploads\/2023\/09\/YS121150-1_webp.webp\" \/>\n\t<meta property=\"og:image:width\" content=\"1000\" \/>\n\t<meta property=\"og:image:height\" content=\"1000\" \/>\n\t<meta property=\"og:image:type\" content=\"image\/webp\" \/>\n<meta name=\"twitter:card\" content=\"summary_large_image\" \/>\n<meta name=\"twitter:label1\" content=\"Tempo estimado de leitura\" \/>\n\t<meta name=\"twitter:data1\" content=\"1 minuto\" \/>\n<script type=\"application\/ld+json\" class=\"yoast-schema-graph\">{\"@context\":\"https:\/\/schema.org\",\"@graph\":[{\"@type\":\"WebPage\",\"@id\":\"https:\/\/petproducts.com.cn\/product\/cat-home-furniture-manufacturers-cat-scratching-tree-condo\/\",\"url\":\"https:\/\/petproducts.com.cn\/product\/cat-home-furniture-manufacturers-cat-scratching-tree-condo\/\",\"name\":\"Cat Home Furniture Manufacturers Cat Scratching Tree Condo - Petstar\",\"isPartOf\":{\"@id\":\"https:\/\/petproducts.com.cn\/#website\"},\"primaryImageOfPage\":{\"@id\":\"https:\/\/petproducts.com.cn\/product\/cat-home-furniture-manufacturers-cat-scratching-tree-condo\/#primaryimage\"},\"image\":{\"@id\":\"https:\/\/petproducts.com.cn\/product\/cat-home-furniture-manufacturers-cat-scratching-tree-condo\/#primaryimage\"},\"thumbnailUrl\":\"https:\/\/petproducts.com.cn\/wp-content\/uploads\/2023\/09\/YS121150-1_webp.webp\",\"datePublished\":\"2023-09-26T06:28:46+00:00\",\"dateModified\":\"2023-09-26T06:37:26+00:00\",\"description\":\"Explore Petstar cat home furniture - Mass Production, Customization, and Design Options Available.We are a leading global one-stop supplier.\",\"breadcrumb\":{\"@id\":\"https:\/\/petproducts.com.cn\/product\/cat-home-furniture-manufacturers-cat-scratching-tree-condo\/#breadcrumb\"},\"inLanguage\":\"pt-PT\",\"potentialAction\":[{\"@type\":\"ReadAction\",\"target\":[\"https:\/\/petproducts.com.cn\/product\/cat-home-furniture-manufacturers-cat-scratching-tree-condo\/\"]}]},{\"@type\":\"ImageObject\",\"inLanguage\":\"pt-PT\",\"@id\":\"https:\/\/petproducts.com.cn\/product\/cat-home-furniture-manufacturers-cat-scratching-tree-condo\/#primaryimage\",\"url\":\"https:\/\/petproducts.com.cn\/wp-content\/uploads\/2023\/09\/YS121150-1_webp.webp\",\"contentUrl\":\"https:\/\/petproducts.com.cn\/wp-content\/uploads\/2023\/09\/YS121150-1_webp.webp\",\"width\":1000,\"height\":1000,\"caption\":\"cat home furniture\"},{\"@type\":\"BreadcrumbList\",\"@id\":\"https:\/\/petproducts.com.cn\/product\/cat-home-furniture-manufacturers-cat-scratching-tree-condo\/#breadcrumb\",\"itemListElement\":[{\"@type\":\"ListItem\",\"position\":1,\"name\":\"HOME\",\"item\":\"https:\/\/petproducts.com.cn\/\"},{\"@type\":\"ListItem\",\"position\":2,\"name\":\"Products\",\"item\":\"https:\/\/petproducts.com.cn\/shop\/\"},{\"@type\":\"ListItem\",\"position\":3,\"name\":\"Cat Trees &amp; Furniture\",\"item\":\"https:\/\/petproducts.com.cn\/product-category\/cat-trees-furniture\/\"},{\"@type\":\"ListItem\",\"position\":4,\"name\":\"Cat Home Furniture Manufacturers Cat Scratching Tree Condo\"}]},{\"@type\":\"WebSite\",\"@id\":\"https:\/\/petproducts.com.cn\/#website\",\"url\":\"https:\/\/petproducts.com.cn\/\",\"name\":\"Petstar\",\"description\":\"Leading Pet Supplies Manufacturer &amp; OEM Pet Products Supplier\",\"publisher\":{\"@id\":\"https:\/\/petproducts.com.cn\/#organization\"},\"alternateName\":\"Petstar Pet Supplies\",\"potentialAction\":[{\"@type\":\"SearchAction\",\"target\":{\"@type\":\"EntryPoint\",\"urlTemplate\":\"https:\/\/petproducts.com.cn\/?s={search_term_string}\"},\"query-input\":{\"@type\":\"PropertyValueSpecification\",\"valueRequired\":true,\"valueName\":\"search_term_string\"}}],\"inLanguage\":\"pt-PT\"},{\"@type\":\"Organization\",\"@id\":\"https:\/\/petproducts.com.cn\/#organization\",\"name\":\"Petstar\",\"url\":\"https:\/\/petproducts.com.cn\/\",\"logo\":{\"@type\":\"ImageObject\",\"inLanguage\":\"pt-PT\",\"@id\":\"https:\/\/petproducts.com.cn\/#\/schema\/logo\/image\/\",\"url\":\"https:\/\/petproducts.com.cn\/wp-content\/uploads\/2020\/02\/petstar-logo.webp\",\"contentUrl\":\"https:\/\/petproducts.com.cn\/wp-content\/uploads\/2020\/02\/petstar-logo.webp\",\"width\":779,\"height\":520,\"caption\":\"Petstar\"},\"image\":{\"@id\":\"https:\/\/petproducts.com.cn\/#\/schema\/logo\/image\/\"}}]}<\/script>\n<!-- \/ Yoast SEO plugin. -->","yoast_head_json":{"title":"Fabricantes de mobili\u00e1rio para gatos \u00c1rvore de arranhar para gatos - Petstar","description":"Explore Petstar mobili\u00e1rio de casa para gatos - Produ\u00e7\u00e3o em massa, personaliza\u00e7\u00e3o e op\u00e7\u00f5es de design dispon\u00edveis.","robots":{"index":"index","follow":"follow","max-snippet":"max-snippet:-1","max-image-preview":"max-image-preview:large","max-video-preview":"max-video-preview:-1"},"canonical":"https:\/\/petproducts.com.cn\/pt\/produto\/cat-home-furniture-manufacturers-cat-scratching-tree-condo\/","og_locale":"pt_PT","og_type":"article","og_title":"Cat Home Furniture Manufacturers Cat Scratching Tree Condo - Petstar","og_description":"Explore Petstar cat home furniture - Mass Production, Customization, and Design Options Available.We are a leading global one-stop supplier.","og_url":"https:\/\/petproducts.com.cn\/pt\/produto\/cat-home-furniture-manufacturers-cat-scratching-tree-condo\/","og_site_name":"Petstar","article_modified_time":"2023-09-26T06:37:26+00:00","og_image":[{"width":1000,"height":1000,"url":"https:\/\/petproducts.com.cn\/wp-content\/uploads\/2023\/09\/YS121150-1_webp.webp","type":"image\/webp"}],"twitter_card":"summary_large_image","twitter_misc":{"Tempo estimado de leitura":"1 minuto"},"schema":{"@context":"https:\/\/schema.org","@graph":[{"@type":"WebPage","@id":"https:\/\/petproducts.com.cn\/product\/cat-home-furniture-manufacturers-cat-scratching-tree-condo\/","url":"https:\/\/petproducts.com.cn\/product\/cat-home-furniture-manufacturers-cat-scratching-tree-condo\/","name":"Fabricantes de mobili\u00e1rio para gatos \u00c1rvore de arranhar para gatos - Petstar","isPartOf":{"@id":"https:\/\/petproducts.com.cn\/#website"},"primaryImageOfPage":{"@id":"https:\/\/petproducts.com.cn\/product\/cat-home-furniture-manufacturers-cat-scratching-tree-condo\/#primaryimage"},"image":{"@id":"https:\/\/petproducts.com.cn\/product\/cat-home-furniture-manufacturers-cat-scratching-tree-condo\/#primaryimage"},"thumbnailUrl":"https:\/\/petproducts.com.cn\/wp-content\/uploads\/2023\/09\/YS121150-1_webp.webp","datePublished":"2023-09-26T06:28:46+00:00","dateModified":"2023-09-26T06:37:26+00:00","description":"Explore Petstar mobili\u00e1rio de casa para gatos - Produ\u00e7\u00e3o em massa, personaliza\u00e7\u00e3o e op\u00e7\u00f5es de design dispon\u00edveis.","breadcrumb":{"@id":"https:\/\/petproducts.com.cn\/product\/cat-home-furniture-manufacturers-cat-scratching-tree-condo\/#breadcrumb"},"inLanguage":"pt-PT","potentialAction":[{"@type":"ReadAction","target":["https:\/\/petproducts.com.cn\/product\/cat-home-furniture-manufacturers-cat-scratching-tree-condo\/"]}]},{"@type":"ImageObject","inLanguage":"pt-PT","@id":"https:\/\/petproducts.com.cn\/product\/cat-home-furniture-manufacturers-cat-scratching-tree-condo\/#primaryimage","url":"https:\/\/petproducts.com.cn\/wp-content\/uploads\/2023\/09\/YS121150-1_webp.webp","contentUrl":"https:\/\/petproducts.com.cn\/wp-content\/uploads\/2023\/09\/YS121150-1_webp.webp","width":1000,"height":1000,"caption":"cat home furniture"},{"@type":"BreadcrumbList","@id":"https:\/\/petproducts.com.cn\/product\/cat-home-furniture-manufacturers-cat-scratching-tree-condo\/#breadcrumb","itemListElement":[{"@type":"ListItem","position":1,"name":"HOME","item":"https:\/\/petproducts.com.cn\/"},{"@type":"ListItem","position":2,"name":"Products","item":"https:\/\/petproducts.com.cn\/shop\/"},{"@type":"ListItem","position":3,"name":"Cat Trees &amp; Furniture","item":"https:\/\/petproducts.com.cn\/product-category\/cat-trees-furniture\/"},{"@type":"ListItem","position":4,"name":"Cat Home Furniture Manufacturers Cat Scratching Tree Condo"}]},{"@type":"WebSite","@id":"https:\/\/petproducts.com.cn\/#website","url":"https:\/\/petproducts.com.cn\/","name":"Petstar","description":"Fabricante l\u00edder de artigos para animais de estima\u00e7\u00e3o e fornecedor de produtos OEM para animais de estima\u00e7\u00e3o","publisher":{"@id":"https:\/\/petproducts.com.cn\/#organization"},"alternateName":"Petstar Pet Supplies","potentialAction":[{"@type":"SearchAction","target":{"@type":"EntryPoint","urlTemplate":"https:\/\/petproducts.com.cn\/?s={search_term_string}"},"query-input":{"@type":"PropertyValueSpecification","valueRequired":true,"valueName":"search_term_string"}}],"inLanguage":"pt-PT"},{"@type":"Organization","@id":"https:\/\/petproducts.com.cn\/#organization","name":"Petstar","url":"https:\/\/petproducts.com.cn\/","logo":{"@type":"ImageObject","inLanguage":"pt-PT","@id":"https:\/\/petproducts.com.cn\/#\/schema\/logo\/image\/","url":"https:\/\/petproducts.com.cn\/wp-content\/uploads\/2020\/02\/petstar-logo.webp","contentUrl":"https:\/\/petproducts.com.cn\/wp-content\/uploads\/2020\/02\/petstar-logo.webp","width":779,"height":520,"caption":"Petstar"},"image":{"@id":"https:\/\/petproducts.com.cn\/#\/schema\/logo\/image\/"}}]}},"_links":{"self":[{"href":"https:\/\/petproducts.com.cn\/pt\/wp-json\/wp\/v2\/product\/12136","targetHints":{"allow":["GET"]}}],"collection":[{"href":"https:\/\/petproducts.com.cn\/pt\/wp-json\/wp\/v2\/product"}],"about":[{"href":"https:\/\/petproducts.com.cn\/pt\/wp-json\/wp\/v2\/types\/product"}],"version-history":[{"count":1,"href":"https:\/\/petproducts.com.cn\/pt\/wp-json\/wp\/v2\/product\/12136\/revisions"}],"predecessor-version":[{"id":12143,"href":"https:\/\/petproducts.com.cn\/pt\/wp-json\/wp\/v2\/product\/12136\/revisions\/12143"}],"wp:featuredmedia":[{"embeddable":true,"href":"https:\/\/petproducts.com.cn\/pt\/wp-json\/wp\/v2\/media\/12137"}],"wp:attachment":[{"href":"https:\/\/petproducts.com.cn\/pt\/wp-json\/wp\/v2\/media?parent=12136"}],"wp:term":[{"taxonomy":"product_brand","embeddable":true,"href":"https:\/\/petproducts.com.cn\/pt\/wp-json\/wp\/v2\/product_brand?post=12136"},{"taxonomy":"product_cat","embeddable":true,"href":"https:\/\/petproducts.com.cn\/pt\/wp-json\/wp\/v2\/product_cat?post=12136"},{"taxonomy":"product_tag","embeddable":true,"href":"https:\/\/petproducts.com.cn\/pt\/wp-json\/wp\/v2\/product_tag?post=12136"}],"curies":[{"name":"wp","href":"https:\/\/api.w.org\/{rel}","templated":true}]}}