{"id":13779,"date":"2023-10-20T07:07:55","date_gmt":"2023-10-20T07:07:55","guid":{"rendered":"https:\/\/petproducts.com.cn\/?post_type=product&#038;p=13779"},"modified":"2023-10-23T06:17:32","modified_gmt":"2023-10-23T06:17:32","slug":"wood-cat-condo-supplier-storage-bin-cat-house-with-litter-box","status":"publish","type":"product","link":"https:\/\/petproducts.com.cn\/pt\/product\/wood-cat-condo-supplier-storage-bin-cat-house-with-litter-box\/","title":{"rendered":"Casa de gato de madeira para fornecedor de condom\u00ednio de gato com caixa de areia"},"content":{"rendered":"<h2><strong>Carater\u00edsticas do Condom\u00ednio de madeira para gatos<\/strong><\/h2>\n<p><strong>1. altura ideal (55cm):<\/strong> O Wood Cat Condo tem uma altura ideal de 55 cm. Adapta-se perfeitamente a v\u00e1rios ambientes, servindo tanto como uma pe\u00e7a requintada de decora\u00e7\u00e3o de casa como um ref\u00fagio funcional para gatos.<\/p>\n<p><strong>2. \u00e1rea de descanso:<\/strong> Os gatos adoram empoleirar-se e observar o que os rodeia. A nossa casa para gatos com contentor de armazenamento proporciona uma \u00e1rea de repouso acolhedora, oferecendo aos seus amigos felinos um ponto de observa\u00e7\u00e3o confort\u00e1vel.<\/p>\n<p><strong>3. casa para gatos multi-funcional:<\/strong> Este design inovador serve m\u00faltiplos objectivos. Funciona como um artigo de decora\u00e7\u00e3o moderno, um local de descanso sereno e um espa\u00e7o de armazenamento oculto para a caixa de areia - uma solu\u00e7\u00e3o tudo-em-um que os donos de gatos v\u00e3o adorar.<\/p>\n<p><strong>4.Privacidade Arm\u00e1rio para gatos:<\/strong> A caixa de areia est\u00e1 inteligentemente escondida dentro de um arm\u00e1rio privado, mantendo-a discreta e sem odores. Mant\u00e9m um espa\u00e7o de vida limpo e elegante tanto para os animais de estima\u00e7\u00e3o como para os seus donos.<\/p>\n<p><strong>5. artesanato de alta qualidade:<\/strong> O nosso condom\u00ednio para gatos com caixa de areia \u00e9 meticulosamente fabricado com materiais de alta qualidade. Combina a est\u00e9tica com a durabilidade, assegurando que n\u00e3o s\u00f3 \u00e9 agrad\u00e1vel \u00e0 vista, como tamb\u00e9m \u00e9 constru\u00eddo para durar.<\/p>\n<p>Para os grossistas e retalhistas de mobili\u00e1rio para gatos, o nosso Condom\u00ednio para gatos em madeira \u00e9 um produto obrigat\u00f3rio na sua gama de produtos. \u00c9 ideal para os propriet\u00e1rios de gatos que desejam uma solu\u00e7\u00e3o elegante que se harmonize com a decora\u00e7\u00e3o da sua casa, proporcionando uma \u00e1rea privada e arrumada para os seus queridos companheiros felinos.<\/p>","protected":false},"excerpt":{"rendered":"<p>N\u00f3s somos fabricante de condo de madeira para gatos com mais de 20 anos de experi\u00eancia. Oferecemos op\u00e7\u00f5es de personaliza\u00e7\u00e3o para cor, tamanho, tecido, padr\u00e3o, log\u00f3tipo e outras carater\u00edsticas.<\/p>","protected":false},"featured_media":13781,"template":"","meta":{"_acf_changed":false},"product_brand":[],"product_cat":[71,47],"product_tag":[88],"class_list":{"0":"post-13779","1":"product","2":"type-product","3":"status-publish","4":"has-post-thumbnail","6":"product_cat-cat-supplies","7":"product_cat-cat-trees-furniture","8":"product_tag-cat-trees-furniture","10":"first","11":"instock","12":"shipping-taxable","13":"product-type-simple"},"acf":[],"yoast_head":"<!-- This site is optimized with the Yoast SEO plugin v27.1.1 - https:\/\/yoast.com\/product\/yoast-seo-wordpress\/ -->\n<title>Wood Cat Condo Supplier Storage Bin Cat House With Litter Box - Petstar<\/title>\n<meta name=\"description\" content=\"Explore Petstar wood cat condo - Mass Production, Customization, and Design Options Available.We are a leading global one-stop supplier.\" \/>\n<meta name=\"robots\" content=\"index, follow, max-snippet:-1, max-image-preview:large, max-video-preview:-1\" \/>\n<link rel=\"canonical\" href=\"https:\/\/petproducts.com.cn\/pt\/produto\/wood-cat-condo-supplier-storage-bin-cat-house-with-litter-box\/\" \/>\n<meta property=\"og:locale\" content=\"pt_PT\" \/>\n<meta property=\"og:type\" content=\"article\" \/>\n<meta property=\"og:title\" content=\"Wood Cat Condo Supplier Storage Bin Cat House With Litter Box - Petstar\" \/>\n<meta property=\"og:description\" content=\"Explore Petstar wood cat condo - Mass Production, Customization, and Design Options Available.We are a leading global one-stop supplier.\" \/>\n<meta property=\"og:url\" content=\"https:\/\/petproducts.com.cn\/pt\/produto\/wood-cat-condo-supplier-storage-bin-cat-house-with-litter-box\/\" \/>\n<meta property=\"og:site_name\" content=\"Petstar\" \/>\n<meta property=\"article:modified_time\" content=\"2023-10-23T06:17:32+00:00\" \/>\n<meta property=\"og:image\" content=\"https:\/\/petproducts.com.cn\/wp-content\/uploads\/2023\/10\/wood-cat-condo_webp.webp\" \/>\n\t<meta property=\"og:image:width\" content=\"1000\" \/>\n\t<meta property=\"og:image:height\" content=\"1000\" \/>\n\t<meta property=\"og:image:type\" content=\"image\/webp\" \/>\n<meta name=\"twitter:card\" content=\"summary_large_image\" \/>\n<meta name=\"twitter:label1\" content=\"Tempo estimado de leitura\" \/>\n\t<meta name=\"twitter:data1\" content=\"1 minuto\" \/>\n<script type=\"application\/ld+json\" class=\"yoast-schema-graph\">{\"@context\":\"https:\/\/schema.org\",\"@graph\":[{\"@type\":\"WebPage\",\"@id\":\"https:\/\/petproducts.com.cn\/product\/wood-cat-condo-supplier-storage-bin-cat-house-with-litter-box\/\",\"url\":\"https:\/\/petproducts.com.cn\/product\/wood-cat-condo-supplier-storage-bin-cat-house-with-litter-box\/\",\"name\":\"Wood Cat Condo Supplier Storage Bin Cat House With Litter Box - Petstar\",\"isPartOf\":{\"@id\":\"https:\/\/petproducts.com.cn\/#website\"},\"primaryImageOfPage\":{\"@id\":\"https:\/\/petproducts.com.cn\/product\/wood-cat-condo-supplier-storage-bin-cat-house-with-litter-box\/#primaryimage\"},\"image\":{\"@id\":\"https:\/\/petproducts.com.cn\/product\/wood-cat-condo-supplier-storage-bin-cat-house-with-litter-box\/#primaryimage\"},\"thumbnailUrl\":\"https:\/\/petproducts.com.cn\/wp-content\/uploads\/2023\/10\/wood-cat-condo_webp.webp\",\"datePublished\":\"2023-10-20T07:07:55+00:00\",\"dateModified\":\"2023-10-23T06:17:32+00:00\",\"description\":\"Explore Petstar wood cat condo - Mass Production, Customization, and Design Options Available.We are a leading global one-stop supplier.\",\"breadcrumb\":{\"@id\":\"https:\/\/petproducts.com.cn\/product\/wood-cat-condo-supplier-storage-bin-cat-house-with-litter-box\/#breadcrumb\"},\"inLanguage\":\"pt-PT\",\"potentialAction\":[{\"@type\":\"ReadAction\",\"target\":[\"https:\/\/petproducts.com.cn\/product\/wood-cat-condo-supplier-storage-bin-cat-house-with-litter-box\/\"]}]},{\"@type\":\"ImageObject\",\"inLanguage\":\"pt-PT\",\"@id\":\"https:\/\/petproducts.com.cn\/product\/wood-cat-condo-supplier-storage-bin-cat-house-with-litter-box\/#primaryimage\",\"url\":\"https:\/\/petproducts.com.cn\/wp-content\/uploads\/2023\/10\/wood-cat-condo_webp.webp\",\"contentUrl\":\"https:\/\/petproducts.com.cn\/wp-content\/uploads\/2023\/10\/wood-cat-condo_webp.webp\",\"width\":1000,\"height\":1000,\"caption\":\"wood cat condo\"},{\"@type\":\"BreadcrumbList\",\"@id\":\"https:\/\/petproducts.com.cn\/product\/wood-cat-condo-supplier-storage-bin-cat-house-with-litter-box\/#breadcrumb\",\"itemListElement\":[{\"@type\":\"ListItem\",\"position\":1,\"name\":\"HOME\",\"item\":\"https:\/\/petproducts.com.cn\/\"},{\"@type\":\"ListItem\",\"position\":2,\"name\":\"Products\",\"item\":\"https:\/\/petproducts.com.cn\/shop\/\"},{\"@type\":\"ListItem\",\"position\":3,\"name\":\"Cat Trees &amp; Furniture\",\"item\":\"https:\/\/petproducts.com.cn\/product-category\/cat-trees-furniture\/\"},{\"@type\":\"ListItem\",\"position\":4,\"name\":\"Wood Cat Condo Supplier Storage Bin Cat House With Litter Box\"}]},{\"@type\":\"WebSite\",\"@id\":\"https:\/\/petproducts.com.cn\/#website\",\"url\":\"https:\/\/petproducts.com.cn\/\",\"name\":\"Petstar\",\"description\":\"Leading Pet Supplies Manufacturer &amp; OEM Pet Products Supplier\",\"publisher\":{\"@id\":\"https:\/\/petproducts.com.cn\/#organization\"},\"alternateName\":\"Petstar Pet Supplies\",\"potentialAction\":[{\"@type\":\"SearchAction\",\"target\":{\"@type\":\"EntryPoint\",\"urlTemplate\":\"https:\/\/petproducts.com.cn\/?s={search_term_string}\"},\"query-input\":{\"@type\":\"PropertyValueSpecification\",\"valueRequired\":true,\"valueName\":\"search_term_string\"}}],\"inLanguage\":\"pt-PT\"},{\"@type\":\"Organization\",\"@id\":\"https:\/\/petproducts.com.cn\/#organization\",\"name\":\"Petstar\",\"url\":\"https:\/\/petproducts.com.cn\/\",\"logo\":{\"@type\":\"ImageObject\",\"inLanguage\":\"pt-PT\",\"@id\":\"https:\/\/petproducts.com.cn\/#\/schema\/logo\/image\/\",\"url\":\"https:\/\/petproducts.com.cn\/wp-content\/uploads\/2020\/02\/petstar-logo.webp\",\"contentUrl\":\"https:\/\/petproducts.com.cn\/wp-content\/uploads\/2020\/02\/petstar-logo.webp\",\"width\":779,\"height\":520,\"caption\":\"Petstar\"},\"image\":{\"@id\":\"https:\/\/petproducts.com.cn\/#\/schema\/logo\/image\/\"}}]}<\/script>\n<!-- \/ Yoast SEO plugin. -->","yoast_head_json":{"title":"Casa de madeira para gatos com caixa de areia - Petstar","description":"Explorar Condom\u00ednio de madeira para gatos Petstar - Produ\u00e7\u00e3o em massa, personaliza\u00e7\u00e3o e op\u00e7\u00f5es de design dispon\u00edveis.","robots":{"index":"index","follow":"follow","max-snippet":"max-snippet:-1","max-image-preview":"max-image-preview:large","max-video-preview":"max-video-preview:-1"},"canonical":"https:\/\/petproducts.com.cn\/pt\/produto\/wood-cat-condo-supplier-storage-bin-cat-house-with-litter-box\/","og_locale":"pt_PT","og_type":"article","og_title":"Wood Cat Condo Supplier Storage Bin Cat House With Litter Box - Petstar","og_description":"Explore Petstar wood cat condo - Mass Production, Customization, and Design Options Available.We are a leading global one-stop supplier.","og_url":"https:\/\/petproducts.com.cn\/pt\/produto\/wood-cat-condo-supplier-storage-bin-cat-house-with-litter-box\/","og_site_name":"Petstar","article_modified_time":"2023-10-23T06:17:32+00:00","og_image":[{"width":1000,"height":1000,"url":"https:\/\/petproducts.com.cn\/wp-content\/uploads\/2023\/10\/wood-cat-condo_webp.webp","type":"image\/webp"}],"twitter_card":"summary_large_image","twitter_misc":{"Tempo estimado de leitura":"1 minuto"},"schema":{"@context":"https:\/\/schema.org","@graph":[{"@type":"WebPage","@id":"https:\/\/petproducts.com.cn\/product\/wood-cat-condo-supplier-storage-bin-cat-house-with-litter-box\/","url":"https:\/\/petproducts.com.cn\/product\/wood-cat-condo-supplier-storage-bin-cat-house-with-litter-box\/","name":"Casa de madeira para gatos com caixa de areia - Petstar","isPartOf":{"@id":"https:\/\/petproducts.com.cn\/#website"},"primaryImageOfPage":{"@id":"https:\/\/petproducts.com.cn\/product\/wood-cat-condo-supplier-storage-bin-cat-house-with-litter-box\/#primaryimage"},"image":{"@id":"https:\/\/petproducts.com.cn\/product\/wood-cat-condo-supplier-storage-bin-cat-house-with-litter-box\/#primaryimage"},"thumbnailUrl":"https:\/\/petproducts.com.cn\/wp-content\/uploads\/2023\/10\/wood-cat-condo_webp.webp","datePublished":"2023-10-20T07:07:55+00:00","dateModified":"2023-10-23T06:17:32+00:00","description":"Explorar Condom\u00ednio de madeira para gatos Petstar - Produ\u00e7\u00e3o em massa, personaliza\u00e7\u00e3o e op\u00e7\u00f5es de design dispon\u00edveis.","breadcrumb":{"@id":"https:\/\/petproducts.com.cn\/product\/wood-cat-condo-supplier-storage-bin-cat-house-with-litter-box\/#breadcrumb"},"inLanguage":"pt-PT","potentialAction":[{"@type":"ReadAction","target":["https:\/\/petproducts.com.cn\/product\/wood-cat-condo-supplier-storage-bin-cat-house-with-litter-box\/"]}]},{"@type":"ImageObject","inLanguage":"pt-PT","@id":"https:\/\/petproducts.com.cn\/product\/wood-cat-condo-supplier-storage-bin-cat-house-with-litter-box\/#primaryimage","url":"https:\/\/petproducts.com.cn\/wp-content\/uploads\/2023\/10\/wood-cat-condo_webp.webp","contentUrl":"https:\/\/petproducts.com.cn\/wp-content\/uploads\/2023\/10\/wood-cat-condo_webp.webp","width":1000,"height":1000,"caption":"wood cat condo"},{"@type":"BreadcrumbList","@id":"https:\/\/petproducts.com.cn\/product\/wood-cat-condo-supplier-storage-bin-cat-house-with-litter-box\/#breadcrumb","itemListElement":[{"@type":"ListItem","position":1,"name":"HOME","item":"https:\/\/petproducts.com.cn\/"},{"@type":"ListItem","position":2,"name":"Products","item":"https:\/\/petproducts.com.cn\/shop\/"},{"@type":"ListItem","position":3,"name":"Cat Trees &amp; Furniture","item":"https:\/\/petproducts.com.cn\/product-category\/cat-trees-furniture\/"},{"@type":"ListItem","position":4,"name":"Wood Cat Condo Supplier Storage Bin Cat House With Litter Box"}]},{"@type":"WebSite","@id":"https:\/\/petproducts.com.cn\/#website","url":"https:\/\/petproducts.com.cn\/","name":"Petstar","description":"Fabricante l\u00edder de artigos para animais de estima\u00e7\u00e3o e fornecedor de produtos OEM para animais de estima\u00e7\u00e3o","publisher":{"@id":"https:\/\/petproducts.com.cn\/#organization"},"alternateName":"Petstar Pet Supplies","potentialAction":[{"@type":"SearchAction","target":{"@type":"EntryPoint","urlTemplate":"https:\/\/petproducts.com.cn\/?s={search_term_string}"},"query-input":{"@type":"PropertyValueSpecification","valueRequired":true,"valueName":"search_term_string"}}],"inLanguage":"pt-PT"},{"@type":"Organization","@id":"https:\/\/petproducts.com.cn\/#organization","name":"Petstar","url":"https:\/\/petproducts.com.cn\/","logo":{"@type":"ImageObject","inLanguage":"pt-PT","@id":"https:\/\/petproducts.com.cn\/#\/schema\/logo\/image\/","url":"https:\/\/petproducts.com.cn\/wp-content\/uploads\/2020\/02\/petstar-logo.webp","contentUrl":"https:\/\/petproducts.com.cn\/wp-content\/uploads\/2020\/02\/petstar-logo.webp","width":779,"height":520,"caption":"Petstar"},"image":{"@id":"https:\/\/petproducts.com.cn\/#\/schema\/logo\/image\/"}}]}},"_links":{"self":[{"href":"https:\/\/petproducts.com.cn\/pt\/wp-json\/wp\/v2\/product\/13779","targetHints":{"allow":["GET"]}}],"collection":[{"href":"https:\/\/petproducts.com.cn\/pt\/wp-json\/wp\/v2\/product"}],"about":[{"href":"https:\/\/petproducts.com.cn\/pt\/wp-json\/wp\/v2\/types\/product"}],"version-history":[{"count":3,"href":"https:\/\/petproducts.com.cn\/pt\/wp-json\/wp\/v2\/product\/13779\/revisions"}],"predecessor-version":[{"id":13985,"href":"https:\/\/petproducts.com.cn\/pt\/wp-json\/wp\/v2\/product\/13779\/revisions\/13985"}],"wp:featuredmedia":[{"embeddable":true,"href":"https:\/\/petproducts.com.cn\/pt\/wp-json\/wp\/v2\/media\/13781"}],"wp:attachment":[{"href":"https:\/\/petproducts.com.cn\/pt\/wp-json\/wp\/v2\/media?parent=13779"}],"wp:term":[{"taxonomy":"product_brand","embeddable":true,"href":"https:\/\/petproducts.com.cn\/pt\/wp-json\/wp\/v2\/product_brand?post=13779"},{"taxonomy":"product_cat","embeddable":true,"href":"https:\/\/petproducts.com.cn\/pt\/wp-json\/wp\/v2\/product_cat?post=13779"},{"taxonomy":"product_tag","embeddable":true,"href":"https:\/\/petproducts.com.cn\/pt\/wp-json\/wp\/v2\/product_tag?post=13779"}],"curies":[{"name":"wp","href":"https:\/\/api.w.org\/{rel}","templated":true}]}}