{"id":13854,"date":"2023-10-20T08:07:43","date_gmt":"2023-10-20T08:07:43","guid":{"rendered":"https:\/\/petproducts.com.cn\/?post_type=product&#038;p=13854"},"modified":"2023-10-20T08:15:18","modified_gmt":"2023-10-20T08:15:18","slug":"odm-squeaky-stuffed-donkey-dog-toy-with-soft-plush","status":"publish","type":"product","link":"https:\/\/petproducts.com.cn\/pt\/product\/odm-squeaky-stuffed-donkey-dog-toy-with-soft-plush\/","title":{"rendered":"Brinquedo enchido sibilante do c\u00e3o do burro do Odm com luxuoso macio"},"content":{"rendered":"<h2>Petstar: Your One-Stop Shop for ODM Squeaky Stuffed Donkey Dog Toy<\/h2>\n<h2>Adorable and Customizable<\/h2>\n<div id=\"scrollRef\" class=\"h-full overflow-hidden overflow-y-auto\">\n<div id=\"image-wrapper\" class=\"w-full max-w-screen-xl m-auto dark:bg-[#101014] p-4\">\n<div class=\"flex w-full mb-6 overflow-hidden\">\n<div class=\"overflow-hidden text-sm items-start\">\n<div class=\"flex items-end gap-1 mt-2 flex-row\">\n<div class=\"text-black text-wrap min-w-[20px] rounded-md px-3 py-2 bg-[#f4f6f8] dark:bg-[#1e1e20]\">\n<div class=\"leading-relaxed break-words\">\n<div class=\"markdown-body\">\n<p>Welcome to Petstar, your trusted supplier of high-quality dog toys. Our collection of plush dog toys with squeakers is perfect for playful pups who love to chew and play. Let&#8217;s discover the exceptional features of our ODM squeaky stuffed donkey dog toy that make it a must-have for any pet retailer or e-commerce platform.<\/p>\n<\/div>\n<\/div>\n<\/div>\n<\/div>\n<\/div>\n<\/div>\n<\/div>\n<\/div>\n<h3>Our advantage\uff1a<\/h3>\n<p>1. Soft and Plush Material: Our ODM squeaky stuffed donkey dog toy is made with high-quality soft and plush material that provides comfort and companionship to young pups. The texture is gentle on their teeth and gums, making it a great choice for teething puppies. This toy is perfect to cuddle with and provides a sense of security for your furry friend.<\/p>\n<p>2.Squeaker Inside: We understand the importance of interactive play and exercise for puppies. That&#8217;s why all our dog toys come with a built-in squeaker that adds excitement to playtime. The squeaker produces a sound that entices puppies, encouraging them to engage in physical activity. Our ODM squeaky stuffed donkey dog toy is no exception. With its squeaker inside, this toy will keep your furry friend entertained for hours.<\/p>\n<p>3.Wholesale Customization Services: At Petstar, we provide Wholesale Customization Services to help you create a line of dog toys tailored to your specific requirements. Our team can work with you to design toys that meet your specifications, from choosing materials to designing packaging. You can choose from a variety of colors, sizes, and shapes to create toys that stand out in the market.<\/p>\n<p>Choose Petstar as your go-to supplier for ODM squeaky stuffed donkey dog toys. Our plush dog toys are not only adorable but also safe and durable for pets. Contact us today to explore wholesale opportunities and take advantage of our Wholesale Customization Services. Let Petstar help you deliver high-quality toys that bring joy, comfort, and endless fun to playful pups while boosting the success of your business.<\/p>\n","protected":false},"excerpt":{"rendered":"<p>N\u00f3s somos um fabricante dur\u00e1vel de brinquedos de pel\u00facia para c\u00e3es com mais de 20 anos de experi\u00eancia. Oferecemos op\u00e7\u00f5es de personaliza\u00e7\u00e3o para cor, tamanho, tecido, padr\u00e3o, log\u00f3tipo e outras caracter\u00edsticas.<\/p>","protected":false},"featured_media":13867,"template":"","meta":{"_acf_changed":false},"product_brand":[],"product_cat":[72,48],"product_tag":[85],"class_list":{"0":"post-13854","1":"product","2":"type-product","3":"status-publish","4":"has-post-thumbnail","6":"product_cat-dog-supplies","7":"product_cat-dog-toys","8":"product_tag-dog-toys","10":"first","11":"instock","12":"shipping-taxable","13":"product-type-simple"},"acf":[],"yoast_head":"<!-- This site is optimized with the Yoast SEO plugin v27.1.1 - https:\/\/yoast.com\/product\/yoast-seo-wordpress\/ -->\n<title>Odm Squeaky Stuffed Donkey Dog Toy With Soft Plush - Petstar<\/title>\n<meta name=\"description\" content=\"donkey dog toy,we have over 20 years of manufacturing experience in the pet products,more than 8,000 pet accessories in various randonkey dog toy\" \/>\n<meta name=\"robots\" content=\"index, follow, max-snippet:-1, max-image-preview:large, max-video-preview:-1\" \/>\n<link rel=\"canonical\" href=\"https:\/\/petproducts.com.cn\/pt\/produto\/odm-squeaky-stuffed-donkey-dog-toy-with-soft-plush\/\" \/>\n<meta property=\"og:locale\" content=\"pt_PT\" \/>\n<meta property=\"og:type\" content=\"article\" \/>\n<meta property=\"og:title\" content=\"Odm Squeaky Stuffed Donkey Dog Toy With Soft Plush - Petstar\" \/>\n<meta property=\"og:description\" content=\"donkey dog toy,we have over 20 years of manufacturing experience in the pet products,more than 8,000 pet accessories in various randonkey dog toy\" \/>\n<meta property=\"og:url\" content=\"https:\/\/petproducts.com.cn\/pt\/produto\/odm-squeaky-stuffed-donkey-dog-toy-with-soft-plush\/\" \/>\n<meta property=\"og:site_name\" content=\"Petstar\" \/>\n<meta property=\"article:modified_time\" content=\"2023-10-20T08:15:18+00:00\" \/>\n<meta property=\"og:image\" content=\"https:\/\/petproducts.com.cn\/wp-content\/uploads\/2023\/10\/stuffed-donkey-dog-toy.webp\" \/>\n\t<meta property=\"og:image:width\" content=\"1000\" \/>\n\t<meta property=\"og:image:height\" content=\"1000\" \/>\n\t<meta property=\"og:image:type\" content=\"image\/webp\" \/>\n<meta name=\"twitter:card\" content=\"summary_large_image\" \/>\n<meta name=\"twitter:label1\" content=\"Tempo estimado de leitura\" \/>\n\t<meta name=\"twitter:data1\" content=\"2 minutos\" \/>\n<script type=\"application\/ld+json\" class=\"yoast-schema-graph\">{\"@context\":\"https:\/\/schema.org\",\"@graph\":[{\"@type\":\"WebPage\",\"@id\":\"https:\/\/petproducts.com.cn\/product\/odm-squeaky-stuffed-donkey-dog-toy-with-soft-plush\/\",\"url\":\"https:\/\/petproducts.com.cn\/product\/odm-squeaky-stuffed-donkey-dog-toy-with-soft-plush\/\",\"name\":\"Odm Squeaky Stuffed Donkey Dog Toy With Soft Plush - Petstar\",\"isPartOf\":{\"@id\":\"https:\/\/petproducts.com.cn\/#website\"},\"primaryImageOfPage\":{\"@id\":\"https:\/\/petproducts.com.cn\/product\/odm-squeaky-stuffed-donkey-dog-toy-with-soft-plush\/#primaryimage\"},\"image\":{\"@id\":\"https:\/\/petproducts.com.cn\/product\/odm-squeaky-stuffed-donkey-dog-toy-with-soft-plush\/#primaryimage\"},\"thumbnailUrl\":\"https:\/\/petproducts.com.cn\/wp-content\/uploads\/2023\/10\/stuffed-donkey-dog-toy.webp\",\"datePublished\":\"2023-10-20T08:07:43+00:00\",\"dateModified\":\"2023-10-20T08:15:18+00:00\",\"description\":\"donkey dog toy,we have over 20 years of manufacturing experience in the pet products,more than 8,000 pet accessories in various randonkey dog toy\",\"breadcrumb\":{\"@id\":\"https:\/\/petproducts.com.cn\/product\/odm-squeaky-stuffed-donkey-dog-toy-with-soft-plush\/#breadcrumb\"},\"inLanguage\":\"pt-PT\",\"potentialAction\":[{\"@type\":\"ReadAction\",\"target\":[\"https:\/\/petproducts.com.cn\/product\/odm-squeaky-stuffed-donkey-dog-toy-with-soft-plush\/\"]}]},{\"@type\":\"ImageObject\",\"inLanguage\":\"pt-PT\",\"@id\":\"https:\/\/petproducts.com.cn\/product\/odm-squeaky-stuffed-donkey-dog-toy-with-soft-plush\/#primaryimage\",\"url\":\"https:\/\/petproducts.com.cn\/wp-content\/uploads\/2023\/10\/stuffed-donkey-dog-toy.webp\",\"contentUrl\":\"https:\/\/petproducts.com.cn\/wp-content\/uploads\/2023\/10\/stuffed-donkey-dog-toy.webp\",\"width\":1000,\"height\":1000,\"caption\":\"stuffed donkey dog toy\"},{\"@type\":\"BreadcrumbList\",\"@id\":\"https:\/\/petproducts.com.cn\/product\/odm-squeaky-stuffed-donkey-dog-toy-with-soft-plush\/#breadcrumb\",\"itemListElement\":[{\"@type\":\"ListItem\",\"position\":1,\"name\":\"HOME\",\"item\":\"https:\/\/petproducts.com.cn\/\"},{\"@type\":\"ListItem\",\"position\":2,\"name\":\"Products\",\"item\":\"https:\/\/petproducts.com.cn\/shop\/\"},{\"@type\":\"ListItem\",\"position\":3,\"name\":\"Dog Toys\",\"item\":\"https:\/\/petproducts.com.cn\/product-category\/dog-toys\/\"},{\"@type\":\"ListItem\",\"position\":4,\"name\":\"Odm Squeaky Stuffed Donkey Dog Toy With Soft Plush\"}]},{\"@type\":\"WebSite\",\"@id\":\"https:\/\/petproducts.com.cn\/#website\",\"url\":\"https:\/\/petproducts.com.cn\/\",\"name\":\"Petstar\",\"description\":\"Leading Pet Supplies Manufacturer &amp; OEM Pet Products Supplier\",\"publisher\":{\"@id\":\"https:\/\/petproducts.com.cn\/#organization\"},\"alternateName\":\"Petstar Pet Supplies\",\"potentialAction\":[{\"@type\":\"SearchAction\",\"target\":{\"@type\":\"EntryPoint\",\"urlTemplate\":\"https:\/\/petproducts.com.cn\/?s={search_term_string}\"},\"query-input\":{\"@type\":\"PropertyValueSpecification\",\"valueRequired\":true,\"valueName\":\"search_term_string\"}}],\"inLanguage\":\"pt-PT\"},{\"@type\":\"Organization\",\"@id\":\"https:\/\/petproducts.com.cn\/#organization\",\"name\":\"Petstar\",\"url\":\"https:\/\/petproducts.com.cn\/\",\"logo\":{\"@type\":\"ImageObject\",\"inLanguage\":\"pt-PT\",\"@id\":\"https:\/\/petproducts.com.cn\/#\/schema\/logo\/image\/\",\"url\":\"https:\/\/petproducts.com.cn\/wp-content\/uploads\/2020\/02\/petstar-logo.webp\",\"contentUrl\":\"https:\/\/petproducts.com.cn\/wp-content\/uploads\/2020\/02\/petstar-logo.webp\",\"width\":779,\"height\":520,\"caption\":\"Petstar\"},\"image\":{\"@id\":\"https:\/\/petproducts.com.cn\/#\/schema\/logo\/image\/\"}}]}<\/script>\n<!-- \/ Yoast SEO plugin. -->","yoast_head_json":{"title":"Brinquedo para c\u00e3es em forma de burro de pel\u00facia com guizo e tecido macio - Petstar","description":"brinquedo para c\u00e3es em forma de burro, temos mais de 20 anos de experi\u00eancia na fabrica\u00e7\u00e3o de produtos para animais de estima\u00e7\u00e3o, mais de 8.000 acess\u00f3rios para animais de estima\u00e7\u00e3o em v\u00e1rios modelos.","robots":{"index":"index","follow":"follow","max-snippet":"max-snippet:-1","max-image-preview":"max-image-preview:large","max-video-preview":"max-video-preview:-1"},"canonical":"https:\/\/petproducts.com.cn\/pt\/produto\/odm-squeaky-stuffed-donkey-dog-toy-with-soft-plush\/","og_locale":"pt_PT","og_type":"article","og_title":"Odm Squeaky Stuffed Donkey Dog Toy With Soft Plush - Petstar","og_description":"donkey dog toy,we have over 20 years of manufacturing experience in the pet products,more than 8,000 pet accessories in various randonkey dog toy","og_url":"https:\/\/petproducts.com.cn\/pt\/produto\/odm-squeaky-stuffed-donkey-dog-toy-with-soft-plush\/","og_site_name":"Petstar","article_modified_time":"2023-10-20T08:15:18+00:00","og_image":[{"width":1000,"height":1000,"url":"https:\/\/petproducts.com.cn\/wp-content\/uploads\/2023\/10\/stuffed-donkey-dog-toy.webp","type":"image\/webp"}],"twitter_card":"summary_large_image","twitter_misc":{"Tempo estimado de leitura":"2 minutos"},"schema":{"@context":"https:\/\/schema.org","@graph":[{"@type":"WebPage","@id":"https:\/\/petproducts.com.cn\/product\/odm-squeaky-stuffed-donkey-dog-toy-with-soft-plush\/","url":"https:\/\/petproducts.com.cn\/product\/odm-squeaky-stuffed-donkey-dog-toy-with-soft-plush\/","name":"Brinquedo para c\u00e3es em forma de burro de pel\u00facia com guizo e tecido macio - Petstar","isPartOf":{"@id":"https:\/\/petproducts.com.cn\/#website"},"primaryImageOfPage":{"@id":"https:\/\/petproducts.com.cn\/product\/odm-squeaky-stuffed-donkey-dog-toy-with-soft-plush\/#primaryimage"},"image":{"@id":"https:\/\/petproducts.com.cn\/product\/odm-squeaky-stuffed-donkey-dog-toy-with-soft-plush\/#primaryimage"},"thumbnailUrl":"https:\/\/petproducts.com.cn\/wp-content\/uploads\/2023\/10\/stuffed-donkey-dog-toy.webp","datePublished":"2023-10-20T08:07:43+00:00","dateModified":"2023-10-20T08:15:18+00:00","description":"brinquedo para c\u00e3es em forma de burro, temos mais de 20 anos de experi\u00eancia na fabrica\u00e7\u00e3o de produtos para animais de estima\u00e7\u00e3o, mais de 8.000 acess\u00f3rios para animais de estima\u00e7\u00e3o em v\u00e1rios modelos.","breadcrumb":{"@id":"https:\/\/petproducts.com.cn\/product\/odm-squeaky-stuffed-donkey-dog-toy-with-soft-plush\/#breadcrumb"},"inLanguage":"pt-PT","potentialAction":[{"@type":"ReadAction","target":["https:\/\/petproducts.com.cn\/product\/odm-squeaky-stuffed-donkey-dog-toy-with-soft-plush\/"]}]},{"@type":"ImageObject","inLanguage":"pt-PT","@id":"https:\/\/petproducts.com.cn\/product\/odm-squeaky-stuffed-donkey-dog-toy-with-soft-plush\/#primaryimage","url":"https:\/\/petproducts.com.cn\/wp-content\/uploads\/2023\/10\/stuffed-donkey-dog-toy.webp","contentUrl":"https:\/\/petproducts.com.cn\/wp-content\/uploads\/2023\/10\/stuffed-donkey-dog-toy.webp","width":1000,"height":1000,"caption":"stuffed donkey dog toy"},{"@type":"BreadcrumbList","@id":"https:\/\/petproducts.com.cn\/product\/odm-squeaky-stuffed-donkey-dog-toy-with-soft-plush\/#breadcrumb","itemListElement":[{"@type":"ListItem","position":1,"name":"HOME","item":"https:\/\/petproducts.com.cn\/"},{"@type":"ListItem","position":2,"name":"Products","item":"https:\/\/petproducts.com.cn\/shop\/"},{"@type":"ListItem","position":3,"name":"Dog Toys","item":"https:\/\/petproducts.com.cn\/product-category\/dog-toys\/"},{"@type":"ListItem","position":4,"name":"Odm Squeaky Stuffed Donkey Dog Toy With Soft Plush"}]},{"@type":"WebSite","@id":"https:\/\/petproducts.com.cn\/#website","url":"https:\/\/petproducts.com.cn\/","name":"Petstar","description":"Fabricante l\u00edder de artigos para animais de estima\u00e7\u00e3o e fornecedor de produtos OEM para animais de estima\u00e7\u00e3o","publisher":{"@id":"https:\/\/petproducts.com.cn\/#organization"},"alternateName":"Petstar Pet Supplies","potentialAction":[{"@type":"SearchAction","target":{"@type":"EntryPoint","urlTemplate":"https:\/\/petproducts.com.cn\/?s={search_term_string}"},"query-input":{"@type":"PropertyValueSpecification","valueRequired":true,"valueName":"search_term_string"}}],"inLanguage":"pt-PT"},{"@type":"Organization","@id":"https:\/\/petproducts.com.cn\/#organization","name":"Petstar","url":"https:\/\/petproducts.com.cn\/","logo":{"@type":"ImageObject","inLanguage":"pt-PT","@id":"https:\/\/petproducts.com.cn\/#\/schema\/logo\/image\/","url":"https:\/\/petproducts.com.cn\/wp-content\/uploads\/2020\/02\/petstar-logo.webp","contentUrl":"https:\/\/petproducts.com.cn\/wp-content\/uploads\/2020\/02\/petstar-logo.webp","width":779,"height":520,"caption":"Petstar"},"image":{"@id":"https:\/\/petproducts.com.cn\/#\/schema\/logo\/image\/"}}]}},"_links":{"self":[{"href":"https:\/\/petproducts.com.cn\/pt\/wp-json\/wp\/v2\/product\/13854","targetHints":{"allow":["GET"]}}],"collection":[{"href":"https:\/\/petproducts.com.cn\/pt\/wp-json\/wp\/v2\/product"}],"about":[{"href":"https:\/\/petproducts.com.cn\/pt\/wp-json\/wp\/v2\/types\/product"}],"version-history":[{"count":1,"href":"https:\/\/petproducts.com.cn\/pt\/wp-json\/wp\/v2\/product\/13854\/revisions"}],"predecessor-version":[{"id":13877,"href":"https:\/\/petproducts.com.cn\/pt\/wp-json\/wp\/v2\/product\/13854\/revisions\/13877"}],"wp:featuredmedia":[{"embeddable":true,"href":"https:\/\/petproducts.com.cn\/pt\/wp-json\/wp\/v2\/media\/13867"}],"wp:attachment":[{"href":"https:\/\/petproducts.com.cn\/pt\/wp-json\/wp\/v2\/media?parent=13854"}],"wp:term":[{"taxonomy":"product_brand","embeddable":true,"href":"https:\/\/petproducts.com.cn\/pt\/wp-json\/wp\/v2\/product_brand?post=13854"},{"taxonomy":"product_cat","embeddable":true,"href":"https:\/\/petproducts.com.cn\/pt\/wp-json\/wp\/v2\/product_cat?post=13854"},{"taxonomy":"product_tag","embeddable":true,"href":"https:\/\/petproducts.com.cn\/pt\/wp-json\/wp\/v2\/product_tag?post=13854"}],"curies":[{"name":"wp","href":"https:\/\/api.w.org\/{rel}","templated":true}]}}