{"id":13987,"date":"2023-10-23T06:18:11","date_gmt":"2023-10-23T06:18:11","guid":{"rendered":"https:\/\/petproducts.com.cn\/?post_type=product&#038;p=13987"},"modified":"2023-10-23T06:28:44","modified_gmt":"2023-10-23T06:28:44","slug":"cat-condo-litter-box-customized-bulk-cube-wooden-cat-condos","status":"publish","type":"product","link":"https:\/\/petproducts.com.cn\/pt\/product\/cat-condo-litter-box-customized-bulk-cube-wooden-cat-condos\/","title":{"rendered":"Caixa de areia para condom\u00ednio para gatos Condom\u00ednios de madeira para gatos em cubo a granel personalizado"},"content":{"rendered":"<h2><strong>Carater\u00edsticas da caixa de areia do condom\u00ednio para gatos<\/strong><\/h2>\n<p><strong>1. altura ideal (50cm):<\/strong> Com uma altura de 50 cm, a nossa caixa de areia Cat Condo adapta-se perfeitamente ao seu espa\u00e7o, acrescentando um toque de charme e praticidade.<\/p>\n<p><strong>2. \u00e1rea de descanso:<\/strong> Os gatos adoram empoleirar-se e ter o seu pr\u00f3prio espa\u00e7o acolhedor. Os nossos condom\u00ednios para gatos disp\u00f5em de uma \u00e1rea de repouso confort\u00e1vel onde os seus queridos companheiros felinos se podem aconchegar com estilo.<\/p>\n<p><strong>3.Privacidade Arm\u00e1rio para gatos:<\/strong> Cansado de caixas de areia inest\u00e9ticas? Os nossos condom\u00ednios para gatos est\u00e3o equipados com um arm\u00e1rio oculto que esconde a caixa de areia, assegurando um ambiente imaculado e garantindo aos seus gatos a privacidade que merecem.<\/p>\n<p><strong>4.Decora\u00e7\u00e3o de casa:<\/strong> O nosso cubo para gatos n\u00e3o \u00e9 apenas um acess\u00f3rio para animais de estima\u00e7\u00e3o; \u00e9 uma pe\u00e7a de decora\u00e7\u00e3o requintada. Criado com um olhar atento ao design, acrescenta uma pitada de sofistica\u00e7\u00e3o ao seu espa\u00e7o de vida.<\/p>\n<p><strong>5. artesanato de alta qualidade:<\/strong> A qualidade \u00e9 o nosso compromisso. Estes condom\u00ednios para gatos s\u00e3o constru\u00eddos para durar, utilizando materiais de primeira qualidade para garantir que resistem ao teste do tempo.<\/p>\n<p><strong>6.Armazenamento oculto:<\/strong> Para al\u00e9m da caixa de areia oculta, os nossos condom\u00ednios para gatos possuem um canal lateral com um design esculpido. Este espa\u00e7o de arruma\u00e7\u00e3o pr\u00e1tico mant\u00e9m os objectos essenciais do gato organizados e facilmente acess\u00edveis.<\/p>\n<p>A nossa casota de madeira para gatos revoluciona o mobili\u00e1rio para animais de estima\u00e7\u00e3o, proporcionando um ref\u00fagio para os seus gatos que tamb\u00e9m melhora a est\u00e9tica da sua casa. Est\u00e1 na altura de dizer adeus \u00e0 desordem e aos acess\u00f3rios volumosos para animais de estima\u00e7\u00e3o.<\/p>","protected":false},"excerpt":{"rendered":"<p>N\u00f3s somos fabricante de caixa de areia para gatos com mais de 20 anos de experi\u00eancia. Oferecemos op\u00e7\u00f5es de personaliza\u00e7\u00e3o para cor, tamanho, tecido, padr\u00e3o, log\u00f3tipo e outras carater\u00edsticas.<\/p>","protected":false},"featured_media":13991,"template":"","meta":{"_acf_changed":false},"product_brand":[],"product_cat":[71,47],"product_tag":[88],"class_list":{"0":"post-13987","1":"product","2":"type-product","3":"status-publish","4":"has-post-thumbnail","6":"product_cat-cat-supplies","7":"product_cat-cat-trees-furniture","8":"product_tag-cat-trees-furniture","10":"first","11":"instock","12":"shipping-taxable","13":"product-type-simple"},"acf":[],"yoast_head":"<!-- This site is optimized with the Yoast SEO plugin v27.1.1 - https:\/\/yoast.com\/product\/yoast-seo-wordpress\/ -->\n<title>Cat Condo Litter Box Customized Bulk Cube Wooden Cat Condos - Petstar<\/title>\n<meta name=\"description\" content=\"Explore Petstar Cat Condo Litter Box - Mass Production, Customization, and Design Options Available.We are a leading global one-stop supplier.\" \/>\n<meta name=\"robots\" content=\"index, follow, max-snippet:-1, max-image-preview:large, max-video-preview:-1\" \/>\n<link rel=\"canonical\" href=\"https:\/\/petproducts.com.cn\/pt\/produto\/cat-condo-litter-box-customized-bulk-cube-wooden-cat-condos\/\" \/>\n<meta property=\"og:locale\" content=\"pt_PT\" \/>\n<meta property=\"og:type\" content=\"article\" \/>\n<meta property=\"og:title\" content=\"Cat Condo Litter Box Customized Bulk Cube Wooden Cat Condos - Petstar\" \/>\n<meta property=\"og:description\" content=\"Explore Petstar Cat Condo Litter Box - Mass Production, Customization, and Design Options Available.We are a leading global one-stop supplier.\" \/>\n<meta property=\"og:url\" content=\"https:\/\/petproducts.com.cn\/pt\/produto\/cat-condo-litter-box-customized-bulk-cube-wooden-cat-condos\/\" \/>\n<meta property=\"og:site_name\" content=\"Petstar\" \/>\n<meta property=\"article:modified_time\" content=\"2023-10-23T06:28:44+00:00\" \/>\n<meta property=\"og:image\" content=\"https:\/\/petproducts.com.cn\/wp-content\/uploads\/2023\/10\/cat-condo-litter-box_webp.webp\" \/>\n\t<meta property=\"og:image:width\" content=\"1000\" \/>\n\t<meta property=\"og:image:height\" content=\"1000\" \/>\n\t<meta property=\"og:image:type\" content=\"image\/webp\" \/>\n<meta name=\"twitter:card\" content=\"summary_large_image\" \/>\n<meta name=\"twitter:label1\" content=\"Tempo estimado de leitura\" \/>\n\t<meta name=\"twitter:data1\" content=\"1 minuto\" \/>\n<script type=\"application\/ld+json\" class=\"yoast-schema-graph\">{\"@context\":\"https:\/\/schema.org\",\"@graph\":[{\"@type\":\"WebPage\",\"@id\":\"https:\/\/petproducts.com.cn\/product\/cat-condo-litter-box-customized-bulk-cube-wooden-cat-condos\/\",\"url\":\"https:\/\/petproducts.com.cn\/product\/cat-condo-litter-box-customized-bulk-cube-wooden-cat-condos\/\",\"name\":\"Cat Condo Litter Box Customized Bulk Cube Wooden Cat Condos - Petstar\",\"isPartOf\":{\"@id\":\"https:\/\/petproducts.com.cn\/#website\"},\"primaryImageOfPage\":{\"@id\":\"https:\/\/petproducts.com.cn\/product\/cat-condo-litter-box-customized-bulk-cube-wooden-cat-condos\/#primaryimage\"},\"image\":{\"@id\":\"https:\/\/petproducts.com.cn\/product\/cat-condo-litter-box-customized-bulk-cube-wooden-cat-condos\/#primaryimage\"},\"thumbnailUrl\":\"https:\/\/petproducts.com.cn\/wp-content\/uploads\/2023\/10\/cat-condo-litter-box_webp.webp\",\"datePublished\":\"2023-10-23T06:18:11+00:00\",\"dateModified\":\"2023-10-23T06:28:44+00:00\",\"description\":\"Explore Petstar Cat Condo Litter Box - Mass Production, Customization, and Design Options Available.We are a leading global one-stop supplier.\",\"breadcrumb\":{\"@id\":\"https:\/\/petproducts.com.cn\/product\/cat-condo-litter-box-customized-bulk-cube-wooden-cat-condos\/#breadcrumb\"},\"inLanguage\":\"pt-PT\",\"potentialAction\":[{\"@type\":\"ReadAction\",\"target\":[\"https:\/\/petproducts.com.cn\/product\/cat-condo-litter-box-customized-bulk-cube-wooden-cat-condos\/\"]}]},{\"@type\":\"ImageObject\",\"inLanguage\":\"pt-PT\",\"@id\":\"https:\/\/petproducts.com.cn\/product\/cat-condo-litter-box-customized-bulk-cube-wooden-cat-condos\/#primaryimage\",\"url\":\"https:\/\/petproducts.com.cn\/wp-content\/uploads\/2023\/10\/cat-condo-litter-box_webp.webp\",\"contentUrl\":\"https:\/\/petproducts.com.cn\/wp-content\/uploads\/2023\/10\/cat-condo-litter-box_webp.webp\",\"width\":1000,\"height\":1000,\"caption\":\"cat condo litter box\"},{\"@type\":\"BreadcrumbList\",\"@id\":\"https:\/\/petproducts.com.cn\/product\/cat-condo-litter-box-customized-bulk-cube-wooden-cat-condos\/#breadcrumb\",\"itemListElement\":[{\"@type\":\"ListItem\",\"position\":1,\"name\":\"HOME\",\"item\":\"https:\/\/petproducts.com.cn\/\"},{\"@type\":\"ListItem\",\"position\":2,\"name\":\"Products\",\"item\":\"https:\/\/petproducts.com.cn\/shop\/\"},{\"@type\":\"ListItem\",\"position\":3,\"name\":\"Cat Trees &amp; Furniture\",\"item\":\"https:\/\/petproducts.com.cn\/product-category\/cat-trees-furniture\/\"},{\"@type\":\"ListItem\",\"position\":4,\"name\":\"Cat Condo Litter Box Customized Bulk Cube Wooden Cat Condos\"}]},{\"@type\":\"WebSite\",\"@id\":\"https:\/\/petproducts.com.cn\/#website\",\"url\":\"https:\/\/petproducts.com.cn\/\",\"name\":\"Petstar\",\"description\":\"Leading Pet Supplies Manufacturer &amp; OEM Pet Products Supplier\",\"publisher\":{\"@id\":\"https:\/\/petproducts.com.cn\/#organization\"},\"alternateName\":\"Petstar Pet Supplies\",\"potentialAction\":[{\"@type\":\"SearchAction\",\"target\":{\"@type\":\"EntryPoint\",\"urlTemplate\":\"https:\/\/petproducts.com.cn\/?s={search_term_string}\"},\"query-input\":{\"@type\":\"PropertyValueSpecification\",\"valueRequired\":true,\"valueName\":\"search_term_string\"}}],\"inLanguage\":\"pt-PT\"},{\"@type\":\"Organization\",\"@id\":\"https:\/\/petproducts.com.cn\/#organization\",\"name\":\"Petstar\",\"url\":\"https:\/\/petproducts.com.cn\/\",\"logo\":{\"@type\":\"ImageObject\",\"inLanguage\":\"pt-PT\",\"@id\":\"https:\/\/petproducts.com.cn\/#\/schema\/logo\/image\/\",\"url\":\"https:\/\/petproducts.com.cn\/wp-content\/uploads\/2020\/02\/petstar-logo.webp\",\"contentUrl\":\"https:\/\/petproducts.com.cn\/wp-content\/uploads\/2020\/02\/petstar-logo.webp\",\"width\":779,\"height\":520,\"caption\":\"Petstar\"},\"image\":{\"@id\":\"https:\/\/petproducts.com.cn\/#\/schema\/logo\/image\/\"}}]}<\/script>\n<!-- \/ Yoast SEO plugin. -->","yoast_head_json":{"title":"Caixa de areia para gatos Caixa de areia personalizada para gatos em madeira - Petstar","description":"Explore Caixa de areia para gatos em condom\u00ednio Petstar - Produ\u00e7\u00e3o em massa, personaliza\u00e7\u00e3o e op\u00e7\u00f5es de design dispon\u00edveis.","robots":{"index":"index","follow":"follow","max-snippet":"max-snippet:-1","max-image-preview":"max-image-preview:large","max-video-preview":"max-video-preview:-1"},"canonical":"https:\/\/petproducts.com.cn\/pt\/produto\/cat-condo-litter-box-customized-bulk-cube-wooden-cat-condos\/","og_locale":"pt_PT","og_type":"article","og_title":"Cat Condo Litter Box Customized Bulk Cube Wooden Cat Condos - Petstar","og_description":"Explore Petstar Cat Condo Litter Box - Mass Production, Customization, and Design Options Available.We are a leading global one-stop supplier.","og_url":"https:\/\/petproducts.com.cn\/pt\/produto\/cat-condo-litter-box-customized-bulk-cube-wooden-cat-condos\/","og_site_name":"Petstar","article_modified_time":"2023-10-23T06:28:44+00:00","og_image":[{"width":1000,"height":1000,"url":"https:\/\/petproducts.com.cn\/wp-content\/uploads\/2023\/10\/cat-condo-litter-box_webp.webp","type":"image\/webp"}],"twitter_card":"summary_large_image","twitter_misc":{"Tempo estimado de leitura":"1 minuto"},"schema":{"@context":"https:\/\/schema.org","@graph":[{"@type":"WebPage","@id":"https:\/\/petproducts.com.cn\/product\/cat-condo-litter-box-customized-bulk-cube-wooden-cat-condos\/","url":"https:\/\/petproducts.com.cn\/product\/cat-condo-litter-box-customized-bulk-cube-wooden-cat-condos\/","name":"Caixa de areia para gatos Caixa de areia personalizada para gatos em madeira - Petstar","isPartOf":{"@id":"https:\/\/petproducts.com.cn\/#website"},"primaryImageOfPage":{"@id":"https:\/\/petproducts.com.cn\/product\/cat-condo-litter-box-customized-bulk-cube-wooden-cat-condos\/#primaryimage"},"image":{"@id":"https:\/\/petproducts.com.cn\/product\/cat-condo-litter-box-customized-bulk-cube-wooden-cat-condos\/#primaryimage"},"thumbnailUrl":"https:\/\/petproducts.com.cn\/wp-content\/uploads\/2023\/10\/cat-condo-litter-box_webp.webp","datePublished":"2023-10-23T06:18:11+00:00","dateModified":"2023-10-23T06:28:44+00:00","description":"Explore Caixa de areia para gatos em condom\u00ednio Petstar - Produ\u00e7\u00e3o em massa, personaliza\u00e7\u00e3o e op\u00e7\u00f5es de design dispon\u00edveis.","breadcrumb":{"@id":"https:\/\/petproducts.com.cn\/product\/cat-condo-litter-box-customized-bulk-cube-wooden-cat-condos\/#breadcrumb"},"inLanguage":"pt-PT","potentialAction":[{"@type":"ReadAction","target":["https:\/\/petproducts.com.cn\/product\/cat-condo-litter-box-customized-bulk-cube-wooden-cat-condos\/"]}]},{"@type":"ImageObject","inLanguage":"pt-PT","@id":"https:\/\/petproducts.com.cn\/product\/cat-condo-litter-box-customized-bulk-cube-wooden-cat-condos\/#primaryimage","url":"https:\/\/petproducts.com.cn\/wp-content\/uploads\/2023\/10\/cat-condo-litter-box_webp.webp","contentUrl":"https:\/\/petproducts.com.cn\/wp-content\/uploads\/2023\/10\/cat-condo-litter-box_webp.webp","width":1000,"height":1000,"caption":"cat condo litter box"},{"@type":"BreadcrumbList","@id":"https:\/\/petproducts.com.cn\/product\/cat-condo-litter-box-customized-bulk-cube-wooden-cat-condos\/#breadcrumb","itemListElement":[{"@type":"ListItem","position":1,"name":"HOME","item":"https:\/\/petproducts.com.cn\/"},{"@type":"ListItem","position":2,"name":"Products","item":"https:\/\/petproducts.com.cn\/shop\/"},{"@type":"ListItem","position":3,"name":"Cat Trees &amp; Furniture","item":"https:\/\/petproducts.com.cn\/product-category\/cat-trees-furniture\/"},{"@type":"ListItem","position":4,"name":"Cat Condo Litter Box Customized Bulk Cube Wooden Cat Condos"}]},{"@type":"WebSite","@id":"https:\/\/petproducts.com.cn\/#website","url":"https:\/\/petproducts.com.cn\/","name":"Petstar","description":"Fabricante l\u00edder de artigos para animais de estima\u00e7\u00e3o e fornecedor de produtos OEM para animais de estima\u00e7\u00e3o","publisher":{"@id":"https:\/\/petproducts.com.cn\/#organization"},"alternateName":"Petstar Pet Supplies","potentialAction":[{"@type":"SearchAction","target":{"@type":"EntryPoint","urlTemplate":"https:\/\/petproducts.com.cn\/?s={search_term_string}"},"query-input":{"@type":"PropertyValueSpecification","valueRequired":true,"valueName":"search_term_string"}}],"inLanguage":"pt-PT"},{"@type":"Organization","@id":"https:\/\/petproducts.com.cn\/#organization","name":"Petstar","url":"https:\/\/petproducts.com.cn\/","logo":{"@type":"ImageObject","inLanguage":"pt-PT","@id":"https:\/\/petproducts.com.cn\/#\/schema\/logo\/image\/","url":"https:\/\/petproducts.com.cn\/wp-content\/uploads\/2020\/02\/petstar-logo.webp","contentUrl":"https:\/\/petproducts.com.cn\/wp-content\/uploads\/2020\/02\/petstar-logo.webp","width":779,"height":520,"caption":"Petstar"},"image":{"@id":"https:\/\/petproducts.com.cn\/#\/schema\/logo\/image\/"}}]}},"_links":{"self":[{"href":"https:\/\/petproducts.com.cn\/pt\/wp-json\/wp\/v2\/product\/13987","targetHints":{"allow":["GET"]}}],"collection":[{"href":"https:\/\/petproducts.com.cn\/pt\/wp-json\/wp\/v2\/product"}],"about":[{"href":"https:\/\/petproducts.com.cn\/pt\/wp-json\/wp\/v2\/types\/product"}],"version-history":[{"count":1,"href":"https:\/\/petproducts.com.cn\/pt\/wp-json\/wp\/v2\/product\/13987\/revisions"}],"predecessor-version":[{"id":13996,"href":"https:\/\/petproducts.com.cn\/pt\/wp-json\/wp\/v2\/product\/13987\/revisions\/13996"}],"wp:featuredmedia":[{"embeddable":true,"href":"https:\/\/petproducts.com.cn\/pt\/wp-json\/wp\/v2\/media\/13991"}],"wp:attachment":[{"href":"https:\/\/petproducts.com.cn\/pt\/wp-json\/wp\/v2\/media?parent=13987"}],"wp:term":[{"taxonomy":"product_brand","embeddable":true,"href":"https:\/\/petproducts.com.cn\/pt\/wp-json\/wp\/v2\/product_brand?post=13987"},{"taxonomy":"product_cat","embeddable":true,"href":"https:\/\/petproducts.com.cn\/pt\/wp-json\/wp\/v2\/product_cat?post=13987"},{"taxonomy":"product_tag","embeddable":true,"href":"https:\/\/petproducts.com.cn\/pt\/wp-json\/wp\/v2\/product_tag?post=13987"}],"curies":[{"name":"wp","href":"https:\/\/api.w.org\/{rel}","templated":true}]}}