{"id":14026,"date":"2023-10-23T07:32:22","date_gmt":"2023-10-23T07:32:22","guid":{"rendered":"https:\/\/petproducts.com.cn\/?post_type=product&#038;p=14026"},"modified":"2023-10-23T07:43:37","modified_gmt":"2023-10-23T07:43:37","slug":"pet-cat-furniture-best-cat-litter-storage-furniture-maker","status":"publish","type":"product","link":"https:\/\/petproducts.com.cn\/pt\/product\/pet-cat-furniture-best-cat-litter-storage-furniture-maker\/","title":{"rendered":"M\u00f3veis para gatos para animais de estima\u00e7\u00e3o Melhor fabricante de m\u00f3veis para armazenamento de maca de gato"},"content":{"rendered":"<h2><strong>Carater\u00edsticas dos m\u00f3veis para gatos<\/strong><\/h2>\n<p><strong>1. altura ideal (54,5 cm):<\/strong> Com uma altura de 54,5 cm, a nossa mob\u00edlia para gatos de estima\u00e7\u00e3o integra-se perfeitamente no seu espa\u00e7o de vida, proporcionando aos gatos um retiro atraente e acess\u00edvel.<\/p>\n<p><strong>2. gaveta amov\u00edvel:<\/strong> A comodidade \u00e9 fundamental. Os nossos m\u00f3veis para gatos t\u00eam uma gaveta amov\u00edvel que simplifica a gest\u00e3o e a limpeza da areia. Arrume tudo com facilidade!<\/p>\n<p><strong>3. espa\u00e7o oculto:<\/strong> Adeus \u00e0s caixas de areia inest\u00e9ticas! Os nossos m\u00f3veis possuem um compartimento oculto para alojar a caixa de areia, oferecendo uma solu\u00e7\u00e3o que mant\u00e9m uma \u00e1rea de estar limpa e a privacidade do gato.<\/p>\n<p><strong>4.entradas duplas para gatos:<\/strong> O design engenhoso dos nossos m\u00f3veis incorpora duas entradas para gatos, permitindo um acesso f\u00e1cil aos seus companheiros felinos. Acabaram-se as dificuldades para entrar e sair!<\/p>\n<p><strong>5.Almofada revers\u00edvel:<\/strong> Um gato confort\u00e1vel \u00e9 um gato feliz. Os nossos m\u00f3veis para gatos incluem uma almofada revers\u00edvel, oferecendo aos seus gatos a op\u00e7\u00e3o de escolher a sua textura preferida para descansar.<\/p>\n<p><strong>6.Espa\u00e7o de armazenamento duplo:<\/strong> Com dois espa\u00e7os de arruma\u00e7\u00e3o, os nossos m\u00f3veis n\u00e3o s\u00f3 satisfazem as necessidades dos seus gatos, como tamb\u00e9m proporcionam uma solu\u00e7\u00e3o pr\u00e1tica para organizar os objectos e acess\u00f3rios dos animais de estima\u00e7\u00e3o.<\/p>\n<p><strong>7.Decora\u00e7\u00e3o de casa:<\/strong> Para al\u00e9m da mera funcionalidade, os nossos m\u00f3veis para gatos s\u00e3o uma adi\u00e7\u00e3o elegante \u00e0 decora\u00e7\u00e3o da sua casa. O seu design elegante complementa os interiores modernos, criando um espa\u00e7o convidativo tanto para os animais de estima\u00e7\u00e3o como para os seus donos.<\/p>","protected":false},"excerpt":{"rendered":"<p>N\u00f3s somos fabricante de m\u00f3veis para gatos com mais de 20 anos de experi\u00eancia. Oferecemos op\u00e7\u00f5es de personaliza\u00e7\u00e3o para cor, tamanho, tecido, padr\u00e3o, log\u00f3tipo e outras carater\u00edsticas.<\/p>","protected":false},"featured_media":14028,"template":"","meta":{"_acf_changed":false},"product_brand":[],"product_cat":[71,47],"product_tag":[88],"class_list":{"0":"post-14026","1":"product","2":"type-product","3":"status-publish","4":"has-post-thumbnail","6":"product_cat-cat-supplies","7":"product_cat-cat-trees-furniture","8":"product_tag-cat-trees-furniture","10":"first","11":"instock","12":"shipping-taxable","13":"product-type-simple"},"acf":[],"yoast_head":"<!-- This site is optimized with the Yoast SEO plugin v27.1.1 - https:\/\/yoast.com\/product\/yoast-seo-wordpress\/ -->\n<title>Pet Cat Furniture Best Cat Litter Storage Furniture Maker - Petstar<\/title>\n<meta name=\"description\" content=\"Explore Petstar Pet Cat Furniture - Mass Production, Customization, and Design Options Available.We are a leading global one-stop supplier.\" \/>\n<meta name=\"robots\" content=\"index, follow, max-snippet:-1, max-image-preview:large, max-video-preview:-1\" \/>\n<link rel=\"canonical\" href=\"https:\/\/petproducts.com.cn\/pt\/produto\/pet-cat-furniture-best-cat-litter-storage-furniture-maker\/\" \/>\n<meta property=\"og:locale\" content=\"pt_PT\" \/>\n<meta property=\"og:type\" content=\"article\" \/>\n<meta property=\"og:title\" content=\"Pet Cat Furniture Best Cat Litter Storage Furniture Maker - Petstar\" \/>\n<meta property=\"og:description\" content=\"Explore Petstar Pet Cat Furniture - Mass Production, Customization, and Design Options Available.We are a leading global one-stop supplier.\" \/>\n<meta property=\"og:url\" content=\"https:\/\/petproducts.com.cn\/pt\/produto\/pet-cat-furniture-best-cat-litter-storage-furniture-maker\/\" \/>\n<meta property=\"og:site_name\" content=\"Petstar\" \/>\n<meta property=\"article:modified_time\" content=\"2023-10-23T07:43:37+00:00\" \/>\n<meta property=\"og:image\" content=\"https:\/\/petproducts.com.cn\/wp-content\/uploads\/2023\/10\/pet-cat-furniture.webp\" \/>\n\t<meta property=\"og:image:width\" content=\"1000\" \/>\n\t<meta property=\"og:image:height\" content=\"1000\" \/>\n\t<meta property=\"og:image:type\" content=\"image\/webp\" \/>\n<meta name=\"twitter:card\" content=\"summary_large_image\" \/>\n<meta name=\"twitter:label1\" content=\"Tempo estimado de leitura\" \/>\n\t<meta name=\"twitter:data1\" content=\"1 minuto\" \/>\n<script type=\"application\/ld+json\" class=\"yoast-schema-graph\">{\"@context\":\"https:\/\/schema.org\",\"@graph\":[{\"@type\":\"WebPage\",\"@id\":\"https:\/\/petproducts.com.cn\/product\/pet-cat-furniture-best-cat-litter-storage-furniture-maker\/\",\"url\":\"https:\/\/petproducts.com.cn\/product\/pet-cat-furniture-best-cat-litter-storage-furniture-maker\/\",\"name\":\"Pet Cat Furniture Best Cat Litter Storage Furniture Maker - Petstar\",\"isPartOf\":{\"@id\":\"https:\/\/petproducts.com.cn\/#website\"},\"primaryImageOfPage\":{\"@id\":\"https:\/\/petproducts.com.cn\/product\/pet-cat-furniture-best-cat-litter-storage-furniture-maker\/#primaryimage\"},\"image\":{\"@id\":\"https:\/\/petproducts.com.cn\/product\/pet-cat-furniture-best-cat-litter-storage-furniture-maker\/#primaryimage\"},\"thumbnailUrl\":\"https:\/\/petproducts.com.cn\/wp-content\/uploads\/2023\/10\/pet-cat-furniture.webp\",\"datePublished\":\"2023-10-23T07:32:22+00:00\",\"dateModified\":\"2023-10-23T07:43:37+00:00\",\"description\":\"Explore Petstar Pet Cat Furniture - Mass Production, Customization, and Design Options Available.We are a leading global one-stop supplier.\",\"breadcrumb\":{\"@id\":\"https:\/\/petproducts.com.cn\/product\/pet-cat-furniture-best-cat-litter-storage-furniture-maker\/#breadcrumb\"},\"inLanguage\":\"pt-PT\",\"potentialAction\":[{\"@type\":\"ReadAction\",\"target\":[\"https:\/\/petproducts.com.cn\/product\/pet-cat-furniture-best-cat-litter-storage-furniture-maker\/\"]}]},{\"@type\":\"ImageObject\",\"inLanguage\":\"pt-PT\",\"@id\":\"https:\/\/petproducts.com.cn\/product\/pet-cat-furniture-best-cat-litter-storage-furniture-maker\/#primaryimage\",\"url\":\"https:\/\/petproducts.com.cn\/wp-content\/uploads\/2023\/10\/pet-cat-furniture.webp\",\"contentUrl\":\"https:\/\/petproducts.com.cn\/wp-content\/uploads\/2023\/10\/pet-cat-furniture.webp\",\"width\":1000,\"height\":1000,\"caption\":\"pet cat furniture\"},{\"@type\":\"BreadcrumbList\",\"@id\":\"https:\/\/petproducts.com.cn\/product\/pet-cat-furniture-best-cat-litter-storage-furniture-maker\/#breadcrumb\",\"itemListElement\":[{\"@type\":\"ListItem\",\"position\":1,\"name\":\"HOME\",\"item\":\"https:\/\/petproducts.com.cn\/\"},{\"@type\":\"ListItem\",\"position\":2,\"name\":\"Products\",\"item\":\"https:\/\/petproducts.com.cn\/shop\/\"},{\"@type\":\"ListItem\",\"position\":3,\"name\":\"Cat Trees &amp; Furniture\",\"item\":\"https:\/\/petproducts.com.cn\/product-category\/cat-trees-furniture\/\"},{\"@type\":\"ListItem\",\"position\":4,\"name\":\"Pet Cat Furniture Best Cat Litter Storage Furniture Maker\"}]},{\"@type\":\"WebSite\",\"@id\":\"https:\/\/petproducts.com.cn\/#website\",\"url\":\"https:\/\/petproducts.com.cn\/\",\"name\":\"Petstar\",\"description\":\"Leading Pet Supplies Manufacturer &amp; OEM Pet Products Supplier\",\"publisher\":{\"@id\":\"https:\/\/petproducts.com.cn\/#organization\"},\"alternateName\":\"Petstar Pet Supplies\",\"potentialAction\":[{\"@type\":\"SearchAction\",\"target\":{\"@type\":\"EntryPoint\",\"urlTemplate\":\"https:\/\/petproducts.com.cn\/?s={search_term_string}\"},\"query-input\":{\"@type\":\"PropertyValueSpecification\",\"valueRequired\":true,\"valueName\":\"search_term_string\"}}],\"inLanguage\":\"pt-PT\"},{\"@type\":\"Organization\",\"@id\":\"https:\/\/petproducts.com.cn\/#organization\",\"name\":\"Petstar\",\"url\":\"https:\/\/petproducts.com.cn\/\",\"logo\":{\"@type\":\"ImageObject\",\"inLanguage\":\"pt-PT\",\"@id\":\"https:\/\/petproducts.com.cn\/#\/schema\/logo\/image\/\",\"url\":\"https:\/\/petproducts.com.cn\/wp-content\/uploads\/2020\/02\/petstar-logo.webp\",\"contentUrl\":\"https:\/\/petproducts.com.cn\/wp-content\/uploads\/2020\/02\/petstar-logo.webp\",\"width\":779,\"height\":520,\"caption\":\"Petstar\"},\"image\":{\"@id\":\"https:\/\/petproducts.com.cn\/#\/schema\/logo\/image\/\"}}]}<\/script>\n<!-- \/ Yoast SEO plugin. -->","yoast_head_json":{"title":"Mobili\u00e1rio para gatos e animais de estima\u00e7\u00e3o - Petstar","description":"Explore Petstar Pet Cat Furniture - Produ\u00e7\u00e3o em massa, personaliza\u00e7\u00e3o e op\u00e7\u00f5es de design dispon\u00edveis.","robots":{"index":"index","follow":"follow","max-snippet":"max-snippet:-1","max-image-preview":"max-image-preview:large","max-video-preview":"max-video-preview:-1"},"canonical":"https:\/\/petproducts.com.cn\/pt\/produto\/pet-cat-furniture-best-cat-litter-storage-furniture-maker\/","og_locale":"pt_PT","og_type":"article","og_title":"Pet Cat Furniture Best Cat Litter Storage Furniture Maker - Petstar","og_description":"Explore Petstar Pet Cat Furniture - Mass Production, Customization, and Design Options Available.We are a leading global one-stop supplier.","og_url":"https:\/\/petproducts.com.cn\/pt\/produto\/pet-cat-furniture-best-cat-litter-storage-furniture-maker\/","og_site_name":"Petstar","article_modified_time":"2023-10-23T07:43:37+00:00","og_image":[{"width":1000,"height":1000,"url":"https:\/\/petproducts.com.cn\/wp-content\/uploads\/2023\/10\/pet-cat-furniture.webp","type":"image\/webp"}],"twitter_card":"summary_large_image","twitter_misc":{"Tempo estimado de leitura":"1 minuto"},"schema":{"@context":"https:\/\/schema.org","@graph":[{"@type":"WebPage","@id":"https:\/\/petproducts.com.cn\/product\/pet-cat-furniture-best-cat-litter-storage-furniture-maker\/","url":"https:\/\/petproducts.com.cn\/product\/pet-cat-furniture-best-cat-litter-storage-furniture-maker\/","name":"Mobili\u00e1rio para gatos e animais de estima\u00e7\u00e3o - Petstar","isPartOf":{"@id":"https:\/\/petproducts.com.cn\/#website"},"primaryImageOfPage":{"@id":"https:\/\/petproducts.com.cn\/product\/pet-cat-furniture-best-cat-litter-storage-furniture-maker\/#primaryimage"},"image":{"@id":"https:\/\/petproducts.com.cn\/product\/pet-cat-furniture-best-cat-litter-storage-furniture-maker\/#primaryimage"},"thumbnailUrl":"https:\/\/petproducts.com.cn\/wp-content\/uploads\/2023\/10\/pet-cat-furniture.webp","datePublished":"2023-10-23T07:32:22+00:00","dateModified":"2023-10-23T07:43:37+00:00","description":"Explore Petstar Pet Cat Furniture - Produ\u00e7\u00e3o em massa, personaliza\u00e7\u00e3o e op\u00e7\u00f5es de design dispon\u00edveis.","breadcrumb":{"@id":"https:\/\/petproducts.com.cn\/product\/pet-cat-furniture-best-cat-litter-storage-furniture-maker\/#breadcrumb"},"inLanguage":"pt-PT","potentialAction":[{"@type":"ReadAction","target":["https:\/\/petproducts.com.cn\/product\/pet-cat-furniture-best-cat-litter-storage-furniture-maker\/"]}]},{"@type":"ImageObject","inLanguage":"pt-PT","@id":"https:\/\/petproducts.com.cn\/product\/pet-cat-furniture-best-cat-litter-storage-furniture-maker\/#primaryimage","url":"https:\/\/petproducts.com.cn\/wp-content\/uploads\/2023\/10\/pet-cat-furniture.webp","contentUrl":"https:\/\/petproducts.com.cn\/wp-content\/uploads\/2023\/10\/pet-cat-furniture.webp","width":1000,"height":1000,"caption":"pet cat furniture"},{"@type":"BreadcrumbList","@id":"https:\/\/petproducts.com.cn\/product\/pet-cat-furniture-best-cat-litter-storage-furniture-maker\/#breadcrumb","itemListElement":[{"@type":"ListItem","position":1,"name":"HOME","item":"https:\/\/petproducts.com.cn\/"},{"@type":"ListItem","position":2,"name":"Products","item":"https:\/\/petproducts.com.cn\/shop\/"},{"@type":"ListItem","position":3,"name":"Cat Trees &amp; Furniture","item":"https:\/\/petproducts.com.cn\/product-category\/cat-trees-furniture\/"},{"@type":"ListItem","position":4,"name":"Pet Cat Furniture Best Cat Litter Storage Furniture Maker"}]},{"@type":"WebSite","@id":"https:\/\/petproducts.com.cn\/#website","url":"https:\/\/petproducts.com.cn\/","name":"Petstar","description":"Fabricante l\u00edder de artigos para animais de estima\u00e7\u00e3o e fornecedor de produtos OEM para animais de estima\u00e7\u00e3o","publisher":{"@id":"https:\/\/petproducts.com.cn\/#organization"},"alternateName":"Petstar Pet Supplies","potentialAction":[{"@type":"SearchAction","target":{"@type":"EntryPoint","urlTemplate":"https:\/\/petproducts.com.cn\/?s={search_term_string}"},"query-input":{"@type":"PropertyValueSpecification","valueRequired":true,"valueName":"search_term_string"}}],"inLanguage":"pt-PT"},{"@type":"Organization","@id":"https:\/\/petproducts.com.cn\/#organization","name":"Petstar","url":"https:\/\/petproducts.com.cn\/","logo":{"@type":"ImageObject","inLanguage":"pt-PT","@id":"https:\/\/petproducts.com.cn\/#\/schema\/logo\/image\/","url":"https:\/\/petproducts.com.cn\/wp-content\/uploads\/2020\/02\/petstar-logo.webp","contentUrl":"https:\/\/petproducts.com.cn\/wp-content\/uploads\/2020\/02\/petstar-logo.webp","width":779,"height":520,"caption":"Petstar"},"image":{"@id":"https:\/\/petproducts.com.cn\/#\/schema\/logo\/image\/"}}]}},"_links":{"self":[{"href":"https:\/\/petproducts.com.cn\/pt\/wp-json\/wp\/v2\/product\/14026","targetHints":{"allow":["GET"]}}],"collection":[{"href":"https:\/\/petproducts.com.cn\/pt\/wp-json\/wp\/v2\/product"}],"about":[{"href":"https:\/\/petproducts.com.cn\/pt\/wp-json\/wp\/v2\/types\/product"}],"version-history":[{"count":1,"href":"https:\/\/petproducts.com.cn\/pt\/wp-json\/wp\/v2\/product\/14026\/revisions"}],"predecessor-version":[{"id":14044,"href":"https:\/\/petproducts.com.cn\/pt\/wp-json\/wp\/v2\/product\/14026\/revisions\/14044"}],"wp:featuredmedia":[{"embeddable":true,"href":"https:\/\/petproducts.com.cn\/pt\/wp-json\/wp\/v2\/media\/14028"}],"wp:attachment":[{"href":"https:\/\/petproducts.com.cn\/pt\/wp-json\/wp\/v2\/media?parent=14026"}],"wp:term":[{"taxonomy":"product_brand","embeddable":true,"href":"https:\/\/petproducts.com.cn\/pt\/wp-json\/wp\/v2\/product_brand?post=14026"},{"taxonomy":"product_cat","embeddable":true,"href":"https:\/\/petproducts.com.cn\/pt\/wp-json\/wp\/v2\/product_cat?post=14026"},{"taxonomy":"product_tag","embeddable":true,"href":"https:\/\/petproducts.com.cn\/pt\/wp-json\/wp\/v2\/product_tag?post=14026"}],"curies":[{"name":"wp","href":"https:\/\/api.w.org\/{rel}","templated":true}]}}