{"id":14115,"date":"2023-10-24T05:55:58","date_gmt":"2023-10-24T05:55:58","guid":{"rendered":"https:\/\/petproducts.com.cn\/?post_type=product&#038;p=14115"},"modified":"2023-10-24T06:33:54","modified_gmt":"2023-10-24T06:33:54","slug":"wholesale-dog-cages","status":"publish","type":"product","link":"https:\/\/petproducts.com.cn\/pt\/product\/wholesale-dog-cages\/","title":{"rendered":"Feito na caixa dobr\u00e1vel do c\u00e3o do gato do fio de metal da porta dobro de Vietnam"},"content":{"rendered":"<h2>Carater\u00edsticas das gaiolas para c\u00e3es por atacado<\/h2>\n<ol>\n<li><strong>Durabilidade:<\/strong> As nossas gaiolas para c\u00e3es por atacado t\u00eam uma constru\u00e7\u00e3o em arame met\u00e1lico de alta qualidade, garantindo que suportam o desgaste da utiliza\u00e7\u00e3o di\u00e1ria e as actividades de c\u00e3es en\u00e9rgicos.<\/li>\n<li><strong>Design dobr\u00e1vel:<\/strong> O seu design dobr\u00e1vel permite uma f\u00e1cil arruma\u00e7\u00e3o e transporte, ideal para donos de animais que precisam de viajar com os seus c\u00e3es ou t\u00eam espa\u00e7o limitado quando a casota n\u00e3o est\u00e1 a ser utilizada.<\/li>\n<li><strong>Acesso por porta dupla:<\/strong> A configura\u00e7\u00e3o de porta dupla oferece versatilidade no acesso e na prote\u00e7\u00e3o do seu animal de estima\u00e7\u00e3o. Al\u00e9m disso, proporciona pontos de entrada e sa\u00edda c\u00f3modos, facilitando a adapta\u00e7\u00e3o \u00e0s necessidades do seu animal de estima\u00e7\u00e3o e ao espa\u00e7o dispon\u00edvel.<\/li>\n<li><strong>Limpeza f\u00e1cil:<\/strong> O tabuleiro inclu\u00eddo simplifica o processo de limpeza, recolhendo quaisquer dejectos ou derrames do animal de estima\u00e7\u00e3o, assegurando a manuten\u00e7\u00e3o de um ambiente higi\u00e9nico e sem odores para o seu c\u00e3o.<\/li>\n<li><strong>Seguro e protegido:<\/strong> A constru\u00e7\u00e3o met\u00e1lica robusta e os fechos de porta dupla criam um espa\u00e7o seguro e protegido para o seu c\u00e3o, impedindo a fuga e assegurando a prote\u00e7\u00e3o contra potenciais perigos.<\/li>\n<li><strong>Ventila\u00e7\u00e3o e visibilidade:<\/strong> O design em arame maximiza a ventila\u00e7\u00e3o e a visibilidade, garantindo que o seu c\u00e3o se mant\u00e9m confort\u00e1vel e ligado ao que o rodeia.<\/li>\n<li><strong>Tamanho ajust\u00e1vel:<\/strong> Muitas grades t\u00eam tamanhos ajust\u00e1veis, o que lhes permite adaptar-se a diferentes ra\u00e7as e tamanhos de c\u00e3es \u00e0 medida que crescem, garantindo uma utiliza\u00e7\u00e3o a longo prazo.<\/li>\n<li><strong>Portabilidade:<\/strong> O design dobr\u00e1vel da caixa e as pegas de transporte facilitam o seu transporte para viagens, visitas ao veterin\u00e1rio ou quaisquer outras actividades relacionadas com o c\u00e3o.<\/li>\n<li><strong>Uso vers\u00e1til:<\/strong> Para al\u00e9m da conten\u00e7\u00e3o e do treino, uma casota de arame met\u00e1lico dur\u00e1vel para c\u00e3es tamb\u00e9m pode proporcionar um espa\u00e7o seguro para o seu c\u00e3o relaxar e sentir-se \u00e0 vontade, quer esteja em casa ou em viagem.<\/li>\n<li><strong>Personaliza\u00e7\u00e3o:<\/strong> Algumas gaiolas oferecem op\u00e7\u00f5es de personaliza\u00e7\u00e3o, permitindo-lhe adicionar roupa de cama, brinquedos ou outros acess\u00f3rios para criar um espa\u00e7o mais confort\u00e1vel e agrad\u00e1vel para o seu animal de estima\u00e7\u00e3o, tudo fornecido diretamente pelo fabricante.<\/li>\n<li><strong>Apelo Est\u00e9tico:<\/strong> Com v\u00e1rios acabamentos e designs dispon\u00edveis, a casota pode ser uma adi\u00e7\u00e3o elegante \u00e0 decora\u00e7\u00e3o da sua casa, ao mesmo tempo que proporciona todos os benef\u00edcios pr\u00e1ticos de um compartimento seguro para animais de estima\u00e7\u00e3o.<\/li>\n<li><strong>Produzido na f\u00e1brica do Vietname para poupar nos direitos de importa\u00e7\u00e3o:<\/strong> As nossas caixas s\u00e3o origin\u00e1rias de uma f\u00e1brica no Vietname, o que lhe permite poupar significativamente nos direitos de importa\u00e7\u00e3o e garantir pre\u00e7os competitivos.<\/li>\n<\/ol>","protected":false},"excerpt":{"rendered":"<p>N\u00f3s somos um fabricante de gaiolas para animais de estima\u00e7\u00e3o com mais de 20 anos de experi\u00eancia. Oferecemos op\u00e7\u00f5es de personaliza\u00e7\u00e3o para cor, tamanho, log\u00f3tipo e outras carater\u00edsticas.<\/p>","protected":false},"featured_media":14118,"template":"","meta":{"_acf_changed":false},"product_brand":[],"product_cat":[52,72],"product_tag":[106],"class_list":{"0":"post-14115","1":"product","2":"type-product","3":"status-publish","4":"has-post-thumbnail","6":"product_cat-dog-crates-houses-pens","7":"product_cat-dog-supplies","8":"product_tag-dog-crates-houses-pens","10":"first","11":"instock","12":"shipping-taxable","13":"product-type-simple"},"acf":[],"yoast_head":"<!-- This site is optimized with the Yoast SEO plugin v27.1.1 - https:\/\/yoast.com\/product\/yoast-seo-wordpress\/ -->\n<title>Wholesale Dog Cages | Custom Dog Cages - Petstar<\/title>\n<meta name=\"description\" content=\"Explore wholesale dog cages, custom dog cages, and bulk dog crates directly from the manufacturer. Your ideal business solution with Petstar.\" \/>\n<meta name=\"robots\" content=\"index, follow, max-snippet:-1, max-image-preview:large, max-video-preview:-1\" \/>\n<link rel=\"canonical\" href=\"https:\/\/petproducts.com.cn\/pt\/produto\/wholesale-dog-cages\/\" \/>\n<meta property=\"og:locale\" content=\"pt_PT\" \/>\n<meta property=\"og:type\" content=\"article\" \/>\n<meta property=\"og:title\" content=\"Wholesale Dog Cages | Custom Dog Cages - Petstar\" \/>\n<meta property=\"og:description\" content=\"Explore wholesale dog cages, custom dog cages, and bulk dog crates directly from the manufacturer. Your ideal business solution with Petstar.\" \/>\n<meta property=\"og:url\" content=\"https:\/\/petproducts.com.cn\/pt\/produto\/wholesale-dog-cages\/\" \/>\n<meta property=\"og:site_name\" content=\"Petstar\" \/>\n<meta property=\"article:modified_time\" content=\"2023-10-24T06:33:54+00:00\" \/>\n<meta property=\"og:image\" content=\"https:\/\/petproducts.com.cn\/wp-content\/uploads\/2023\/10\/custom-dog-cage.webp\" \/>\n\t<meta property=\"og:image:width\" content=\"1000\" \/>\n\t<meta property=\"og:image:height\" content=\"1000\" \/>\n\t<meta property=\"og:image:type\" content=\"image\/webp\" \/>\n<meta name=\"twitter:card\" content=\"summary_large_image\" \/>\n<meta name=\"twitter:label1\" content=\"Tempo estimado de leitura\" \/>\n\t<meta name=\"twitter:data1\" content=\"2 minutos\" \/>\n<script type=\"application\/ld+json\" class=\"yoast-schema-graph\">{\"@context\":\"https:\/\/schema.org\",\"@graph\":[{\"@type\":\"WebPage\",\"@id\":\"https:\/\/petproducts.com.cn\/product\/wholesale-dog-cages\/\",\"url\":\"https:\/\/petproducts.com.cn\/product\/wholesale-dog-cages\/\",\"name\":\"Wholesale Dog Cages | Custom Dog Cages - Petstar\",\"isPartOf\":{\"@id\":\"https:\/\/petproducts.com.cn\/#website\"},\"primaryImageOfPage\":{\"@id\":\"https:\/\/petproducts.com.cn\/product\/wholesale-dog-cages\/#primaryimage\"},\"image\":{\"@id\":\"https:\/\/petproducts.com.cn\/product\/wholesale-dog-cages\/#primaryimage\"},\"thumbnailUrl\":\"https:\/\/petproducts.com.cn\/wp-content\/uploads\/2023\/10\/custom-dog-cage.webp\",\"datePublished\":\"2023-10-24T05:55:58+00:00\",\"dateModified\":\"2023-10-24T06:33:54+00:00\",\"description\":\"Explore wholesale dog cages, custom dog cages, and bulk dog crates directly from the manufacturer. Your ideal business solution with Petstar.\",\"breadcrumb\":{\"@id\":\"https:\/\/petproducts.com.cn\/product\/wholesale-dog-cages\/#breadcrumb\"},\"inLanguage\":\"pt-PT\",\"potentialAction\":[{\"@type\":\"ReadAction\",\"target\":[\"https:\/\/petproducts.com.cn\/product\/wholesale-dog-cages\/\"]}]},{\"@type\":\"ImageObject\",\"inLanguage\":\"pt-PT\",\"@id\":\"https:\/\/petproducts.com.cn\/product\/wholesale-dog-cages\/#primaryimage\",\"url\":\"https:\/\/petproducts.com.cn\/wp-content\/uploads\/2023\/10\/custom-dog-cage.webp\",\"contentUrl\":\"https:\/\/petproducts.com.cn\/wp-content\/uploads\/2023\/10\/custom-dog-cage.webp\",\"width\":1000,\"height\":1000,\"caption\":\"custom dog cage\"},{\"@type\":\"BreadcrumbList\",\"@id\":\"https:\/\/petproducts.com.cn\/product\/wholesale-dog-cages\/#breadcrumb\",\"itemListElement\":[{\"@type\":\"ListItem\",\"position\":1,\"name\":\"HOME\",\"item\":\"https:\/\/petproducts.com.cn\/\"},{\"@type\":\"ListItem\",\"position\":2,\"name\":\"Products\",\"item\":\"https:\/\/petproducts.com.cn\/shop\/\"},{\"@type\":\"ListItem\",\"position\":3,\"name\":\"Dog Crates, Houses &amp; Pens\",\"item\":\"https:\/\/petproducts.com.cn\/product-category\/dog-crates-houses-pens\/\"},{\"@type\":\"ListItem\",\"position\":4,\"name\":\"Made In Vietnam Double Door Foldable Metal Wire Cat Dog Crate\"}]},{\"@type\":\"WebSite\",\"@id\":\"https:\/\/petproducts.com.cn\/#website\",\"url\":\"https:\/\/petproducts.com.cn\/\",\"name\":\"Petstar\",\"description\":\"Leading Pet Supplies Manufacturer &amp; OEM Pet Products Supplier\",\"publisher\":{\"@id\":\"https:\/\/petproducts.com.cn\/#organization\"},\"alternateName\":\"Petstar Pet Supplies\",\"potentialAction\":[{\"@type\":\"SearchAction\",\"target\":{\"@type\":\"EntryPoint\",\"urlTemplate\":\"https:\/\/petproducts.com.cn\/?s={search_term_string}\"},\"query-input\":{\"@type\":\"PropertyValueSpecification\",\"valueRequired\":true,\"valueName\":\"search_term_string\"}}],\"inLanguage\":\"pt-PT\"},{\"@type\":\"Organization\",\"@id\":\"https:\/\/petproducts.com.cn\/#organization\",\"name\":\"Petstar\",\"url\":\"https:\/\/petproducts.com.cn\/\",\"logo\":{\"@type\":\"ImageObject\",\"inLanguage\":\"pt-PT\",\"@id\":\"https:\/\/petproducts.com.cn\/#\/schema\/logo\/image\/\",\"url\":\"https:\/\/petproducts.com.cn\/wp-content\/uploads\/2020\/02\/petstar-logo.webp\",\"contentUrl\":\"https:\/\/petproducts.com.cn\/wp-content\/uploads\/2020\/02\/petstar-logo.webp\",\"width\":779,\"height\":520,\"caption\":\"Petstar\"},\"image\":{\"@id\":\"https:\/\/petproducts.com.cn\/#\/schema\/logo\/image\/\"}}]}<\/script>\n<!-- \/ Yoast SEO plugin. -->","yoast_head_json":{"title":"Gaiolas para c\u00e3es por atacado | Gaiolas para c\u00e3es personalizadas - Petstar","description":"Explore as gaiolas para c\u00e3es por atacado, gaiolas para c\u00e3es personalizadas e gaiolas para c\u00e3es a granel diretamente do fabricante. A sua solu\u00e7\u00e3o comercial ideal com Petstar.","robots":{"index":"index","follow":"follow","max-snippet":"max-snippet:-1","max-image-preview":"max-image-preview:large","max-video-preview":"max-video-preview:-1"},"canonical":"https:\/\/petproducts.com.cn\/pt\/produto\/wholesale-dog-cages\/","og_locale":"pt_PT","og_type":"article","og_title":"Wholesale Dog Cages | Custom Dog Cages - Petstar","og_description":"Explore wholesale dog cages, custom dog cages, and bulk dog crates directly from the manufacturer. Your ideal business solution with Petstar.","og_url":"https:\/\/petproducts.com.cn\/pt\/produto\/wholesale-dog-cages\/","og_site_name":"Petstar","article_modified_time":"2023-10-24T06:33:54+00:00","og_image":[{"width":1000,"height":1000,"url":"https:\/\/petproducts.com.cn\/wp-content\/uploads\/2023\/10\/custom-dog-cage.webp","type":"image\/webp"}],"twitter_card":"summary_large_image","twitter_misc":{"Tempo estimado de leitura":"2 minutos"},"schema":{"@context":"https:\/\/schema.org","@graph":[{"@type":"WebPage","@id":"https:\/\/petproducts.com.cn\/product\/wholesale-dog-cages\/","url":"https:\/\/petproducts.com.cn\/product\/wholesale-dog-cages\/","name":"Gaiolas para c\u00e3es por atacado | Gaiolas para c\u00e3es personalizadas - Petstar","isPartOf":{"@id":"https:\/\/petproducts.com.cn\/#website"},"primaryImageOfPage":{"@id":"https:\/\/petproducts.com.cn\/product\/wholesale-dog-cages\/#primaryimage"},"image":{"@id":"https:\/\/petproducts.com.cn\/product\/wholesale-dog-cages\/#primaryimage"},"thumbnailUrl":"https:\/\/petproducts.com.cn\/wp-content\/uploads\/2023\/10\/custom-dog-cage.webp","datePublished":"2023-10-24T05:55:58+00:00","dateModified":"2023-10-24T06:33:54+00:00","description":"Explore as gaiolas para c\u00e3es por atacado, gaiolas para c\u00e3es personalizadas e gaiolas para c\u00e3es a granel diretamente do fabricante. A sua solu\u00e7\u00e3o comercial ideal com Petstar.","breadcrumb":{"@id":"https:\/\/petproducts.com.cn\/product\/wholesale-dog-cages\/#breadcrumb"},"inLanguage":"pt-PT","potentialAction":[{"@type":"ReadAction","target":["https:\/\/petproducts.com.cn\/product\/wholesale-dog-cages\/"]}]},{"@type":"ImageObject","inLanguage":"pt-PT","@id":"https:\/\/petproducts.com.cn\/product\/wholesale-dog-cages\/#primaryimage","url":"https:\/\/petproducts.com.cn\/wp-content\/uploads\/2023\/10\/custom-dog-cage.webp","contentUrl":"https:\/\/petproducts.com.cn\/wp-content\/uploads\/2023\/10\/custom-dog-cage.webp","width":1000,"height":1000,"caption":"custom dog cage"},{"@type":"BreadcrumbList","@id":"https:\/\/petproducts.com.cn\/product\/wholesale-dog-cages\/#breadcrumb","itemListElement":[{"@type":"ListItem","position":1,"name":"HOME","item":"https:\/\/petproducts.com.cn\/"},{"@type":"ListItem","position":2,"name":"Products","item":"https:\/\/petproducts.com.cn\/shop\/"},{"@type":"ListItem","position":3,"name":"Dog Crates, Houses &amp; Pens","item":"https:\/\/petproducts.com.cn\/product-category\/dog-crates-houses-pens\/"},{"@type":"ListItem","position":4,"name":"Made In Vietnam Double Door Foldable Metal Wire Cat Dog Crate"}]},{"@type":"WebSite","@id":"https:\/\/petproducts.com.cn\/#website","url":"https:\/\/petproducts.com.cn\/","name":"Petstar","description":"Fabricante l\u00edder de artigos para animais de estima\u00e7\u00e3o e fornecedor de produtos OEM para animais de estima\u00e7\u00e3o","publisher":{"@id":"https:\/\/petproducts.com.cn\/#organization"},"alternateName":"Petstar Pet Supplies","potentialAction":[{"@type":"SearchAction","target":{"@type":"EntryPoint","urlTemplate":"https:\/\/petproducts.com.cn\/?s={search_term_string}"},"query-input":{"@type":"PropertyValueSpecification","valueRequired":true,"valueName":"search_term_string"}}],"inLanguage":"pt-PT"},{"@type":"Organization","@id":"https:\/\/petproducts.com.cn\/#organization","name":"Petstar","url":"https:\/\/petproducts.com.cn\/","logo":{"@type":"ImageObject","inLanguage":"pt-PT","@id":"https:\/\/petproducts.com.cn\/#\/schema\/logo\/image\/","url":"https:\/\/petproducts.com.cn\/wp-content\/uploads\/2020\/02\/petstar-logo.webp","contentUrl":"https:\/\/petproducts.com.cn\/wp-content\/uploads\/2020\/02\/petstar-logo.webp","width":779,"height":520,"caption":"Petstar"},"image":{"@id":"https:\/\/petproducts.com.cn\/#\/schema\/logo\/image\/"}}]}},"_links":{"self":[{"href":"https:\/\/petproducts.com.cn\/pt\/wp-json\/wp\/v2\/product\/14115","targetHints":{"allow":["GET"]}}],"collection":[{"href":"https:\/\/petproducts.com.cn\/pt\/wp-json\/wp\/v2\/product"}],"about":[{"href":"https:\/\/petproducts.com.cn\/pt\/wp-json\/wp\/v2\/types\/product"}],"version-history":[{"count":4,"href":"https:\/\/petproducts.com.cn\/pt\/wp-json\/wp\/v2\/product\/14115\/revisions"}],"predecessor-version":[{"id":14160,"href":"https:\/\/petproducts.com.cn\/pt\/wp-json\/wp\/v2\/product\/14115\/revisions\/14160"}],"wp:featuredmedia":[{"embeddable":true,"href":"https:\/\/petproducts.com.cn\/pt\/wp-json\/wp\/v2\/media\/14118"}],"wp:attachment":[{"href":"https:\/\/petproducts.com.cn\/pt\/wp-json\/wp\/v2\/media?parent=14115"}],"wp:term":[{"taxonomy":"product_brand","embeddable":true,"href":"https:\/\/petproducts.com.cn\/pt\/wp-json\/wp\/v2\/product_brand?post=14115"},{"taxonomy":"product_cat","embeddable":true,"href":"https:\/\/petproducts.com.cn\/pt\/wp-json\/wp\/v2\/product_cat?post=14115"},{"taxonomy":"product_tag","embeddable":true,"href":"https:\/\/petproducts.com.cn\/pt\/wp-json\/wp\/v2\/product_tag?post=14115"}],"curies":[{"name":"wp","href":"https:\/\/api.w.org\/{rel}","templated":true}]}}