{"id":14123,"date":"2023-10-24T05:52:01","date_gmt":"2023-10-24T05:52:01","guid":{"rendered":"https:\/\/petproducts.com.cn\/?post_type=product&#038;p=14123"},"modified":"2023-10-24T06:18:06","modified_gmt":"2023-10-24T06:18:06","slug":"cat-furniture-condo-cat-litter-box-furniture-with-storage","status":"publish","type":"product","link":"https:\/\/petproducts.com.cn\/pt\/product\/cat-furniture-condo-cat-litter-box-furniture-with-storage\/","title":{"rendered":"M\u00f3veis para gatos, condom\u00ednio, caixa de areia para gatos, m\u00f3veis com armazenamento"},"content":{"rendered":"<h2><strong>Carater\u00edsticas do mobili\u00e1rio para gatos em condom\u00ednio<\/strong><\/h2>\n<p><strong>1.Altura ideal (73cm):<\/strong> Com uma altura de 73 cm, o nosso Condom\u00ednio de Mobili\u00e1rio para Gatos proporciona um ambiente envolvente para os seus gatos explorarem e desfrutarem.<\/p>\n<p><strong>2. espa\u00e7o oculto:<\/strong> Cansado de caixas de areia inest\u00e9ticas? Os nossos m\u00f3veis possuem um compartimento oculto para a caixa de areia do seu gato, assegurando um espa\u00e7o de vida arrumado e esteticamente agrad\u00e1vel.<\/p>\n<p><strong>3.Cat Entrada:<\/strong> O nosso mobili\u00e1rio foi cuidadosamente concebido com uma entrada exclusiva para gatos, oferecendo comodidade e privacidade ao seu animal de estima\u00e7\u00e3o.<\/p>\n<p><strong>4. poste de arranhar para gatos:<\/strong> Para satisfazer os instintos naturais do seu gato, inclu\u00edmos um poste para arranhar incorporado, salvando os seus m\u00f3veis das garras dele.<\/p>\n<p><strong>5. pacote Catnip:<\/strong> Compreendemos o fasc\u00ednio da erva-dos-gatos. Cada pe\u00e7a de mobili\u00e1rio inclui um pacote de erva-dos-gatos, proporcionando um prazer acrescido ao seu amigo felino.<\/p>\n<p><strong>6. espa\u00e7o de armazenamento:<\/strong> A nossa mob\u00edlia personalizada para gatos permite-lhe lidar facilmente com os artigos para animais de estima\u00e7\u00e3o. Possui dois espa\u00e7os de arruma\u00e7\u00e3o, perfeitos para guardar brinquedos, comida ou acess\u00f3rios.<\/p>\n<p><strong>7.Decora\u00e7\u00e3o de casa:<\/strong> Os nossos m\u00f3veis s\u00e3o mais do que simples m\u00f3veis para animais de estima\u00e7\u00e3o; s\u00e3o uma adi\u00e7\u00e3o de bom gosto \u00e0 sua decora\u00e7\u00e3o interior. O seu design elegante integra-se perfeitamente no seu espa\u00e7o de vida.<\/p>\n<p>Os nossos m\u00f3veis para caixas de areia para gatos s\u00e3o um exemplo de criatividade e de qualidade artesanal. Garante que os gatos dos seus clientes t\u00eam um espa\u00e7o excitante e confort\u00e1vel, ao mesmo tempo que melhora a est\u00e9tica da sua casa. Esta pe\u00e7a \u00fanica de mobili\u00e1rio para gatos manter\u00e1 os gatos dos seus clientes entretidos durante horas, ao mesmo tempo que d\u00e1 um toque de estilo aos seus espa\u00e7os de vida.<\/p>","protected":false},"excerpt":{"rendered":"<p>N\u00f3s somos fabricante de m\u00f3veis para gatos com mais de 20 anos de experi\u00eancia. Oferecemos op\u00e7\u00f5es de personaliza\u00e7\u00e3o para cor, tamanho, tecido, padr\u00e3o, log\u00f3tipo e outras carater\u00edsticas.<\/p>","protected":false},"featured_media":14134,"template":"","meta":{"_acf_changed":false},"product_brand":[],"product_cat":[71,47],"product_tag":[88],"class_list":{"0":"post-14123","1":"product","2":"type-product","3":"status-publish","4":"has-post-thumbnail","6":"product_cat-cat-supplies","7":"product_cat-cat-trees-furniture","8":"product_tag-cat-trees-furniture","10":"first","11":"instock","12":"shipping-taxable","13":"product-type-simple"},"acf":[],"yoast_head":"<!-- This site is optimized with the Yoast SEO plugin v27.1.1 - https:\/\/yoast.com\/product\/yoast-seo-wordpress\/ -->\n<title>Cat furniture condo | wholesale cat litter box furniture with storage- Petstar<\/title>\n<meta name=\"description\" content=\"Explore wholesale cat furniture condo, cat litter box furniture with storage directly from the manufacturer. Your ideal business solution with Petstar.\" \/>\n<meta name=\"robots\" content=\"index, follow, max-snippet:-1, max-image-preview:large, max-video-preview:-1\" \/>\n<link rel=\"canonical\" href=\"https:\/\/petproducts.com.cn\/pt\/produto\/cat-furniture-condo-cat-litter-box-furniture-with-storage\/\" \/>\n<meta property=\"og:locale\" content=\"pt_PT\" \/>\n<meta property=\"og:type\" content=\"article\" \/>\n<meta property=\"og:title\" content=\"Cat furniture condo | wholesale cat litter box furniture with storage- Petstar\" \/>\n<meta property=\"og:description\" content=\"Explore wholesale cat furniture condo, cat litter box furniture with storage directly from the manufacturer. Your ideal business solution with Petstar.\" \/>\n<meta property=\"og:url\" content=\"https:\/\/petproducts.com.cn\/pt\/produto\/cat-furniture-condo-cat-litter-box-furniture-with-storage\/\" \/>\n<meta property=\"og:site_name\" content=\"Petstar\" \/>\n<meta property=\"article:modified_time\" content=\"2023-10-24T06:18:06+00:00\" \/>\n<meta property=\"og:image\" content=\"https:\/\/petproducts.com.cn\/wp-content\/uploads\/2023\/10\/cat-furniture-condo.webp\" \/>\n\t<meta property=\"og:image:width\" content=\"1000\" \/>\n\t<meta property=\"og:image:height\" content=\"1000\" \/>\n\t<meta property=\"og:image:type\" content=\"image\/webp\" \/>\n<meta name=\"twitter:card\" content=\"summary_large_image\" \/>\n<meta name=\"twitter:label1\" content=\"Tempo estimado de leitura\" \/>\n\t<meta name=\"twitter:data1\" content=\"1 minuto\" \/>\n<script type=\"application\/ld+json\" class=\"yoast-schema-graph\">{\"@context\":\"https:\/\/schema.org\",\"@graph\":[{\"@type\":\"WebPage\",\"@id\":\"https:\/\/petproducts.com.cn\/product\/cat-furniture-condo-cat-litter-box-furniture-with-storage\/\",\"url\":\"https:\/\/petproducts.com.cn\/product\/cat-furniture-condo-cat-litter-box-furniture-with-storage\/\",\"name\":\"Cat furniture condo | wholesale cat litter box furniture with storage- Petstar\",\"isPartOf\":{\"@id\":\"https:\/\/petproducts.com.cn\/#website\"},\"primaryImageOfPage\":{\"@id\":\"https:\/\/petproducts.com.cn\/product\/cat-furniture-condo-cat-litter-box-furniture-with-storage\/#primaryimage\"},\"image\":{\"@id\":\"https:\/\/petproducts.com.cn\/product\/cat-furniture-condo-cat-litter-box-furniture-with-storage\/#primaryimage\"},\"thumbnailUrl\":\"https:\/\/petproducts.com.cn\/wp-content\/uploads\/2023\/10\/cat-furniture-condo.webp\",\"datePublished\":\"2023-10-24T05:52:01+00:00\",\"dateModified\":\"2023-10-24T06:18:06+00:00\",\"description\":\"Explore wholesale cat furniture condo, cat litter box furniture with storage directly from the manufacturer. Your ideal business solution with Petstar.\",\"breadcrumb\":{\"@id\":\"https:\/\/petproducts.com.cn\/product\/cat-furniture-condo-cat-litter-box-furniture-with-storage\/#breadcrumb\"},\"inLanguage\":\"pt-PT\",\"potentialAction\":[{\"@type\":\"ReadAction\",\"target\":[\"https:\/\/petproducts.com.cn\/product\/cat-furniture-condo-cat-litter-box-furniture-with-storage\/\"]}]},{\"@type\":\"ImageObject\",\"inLanguage\":\"pt-PT\",\"@id\":\"https:\/\/petproducts.com.cn\/product\/cat-furniture-condo-cat-litter-box-furniture-with-storage\/#primaryimage\",\"url\":\"https:\/\/petproducts.com.cn\/wp-content\/uploads\/2023\/10\/cat-furniture-condo.webp\",\"contentUrl\":\"https:\/\/petproducts.com.cn\/wp-content\/uploads\/2023\/10\/cat-furniture-condo.webp\",\"width\":1000,\"height\":1000,\"caption\":\"cat furniture condo\"},{\"@type\":\"BreadcrumbList\",\"@id\":\"https:\/\/petproducts.com.cn\/product\/cat-furniture-condo-cat-litter-box-furniture-with-storage\/#breadcrumb\",\"itemListElement\":[{\"@type\":\"ListItem\",\"position\":1,\"name\":\"HOME\",\"item\":\"https:\/\/petproducts.com.cn\/\"},{\"@type\":\"ListItem\",\"position\":2,\"name\":\"Products\",\"item\":\"https:\/\/petproducts.com.cn\/shop\/\"},{\"@type\":\"ListItem\",\"position\":3,\"name\":\"Cat Trees &amp; Furniture\",\"item\":\"https:\/\/petproducts.com.cn\/product-category\/cat-trees-furniture\/\"},{\"@type\":\"ListItem\",\"position\":4,\"name\":\"Cat Furniture Condo Cat Litter Box Furniture With Storage\"}]},{\"@type\":\"WebSite\",\"@id\":\"https:\/\/petproducts.com.cn\/#website\",\"url\":\"https:\/\/petproducts.com.cn\/\",\"name\":\"Petstar\",\"description\":\"Leading Pet Supplies Manufacturer &amp; OEM Pet Products Supplier\",\"publisher\":{\"@id\":\"https:\/\/petproducts.com.cn\/#organization\"},\"alternateName\":\"Petstar Pet Supplies\",\"potentialAction\":[{\"@type\":\"SearchAction\",\"target\":{\"@type\":\"EntryPoint\",\"urlTemplate\":\"https:\/\/petproducts.com.cn\/?s={search_term_string}\"},\"query-input\":{\"@type\":\"PropertyValueSpecification\",\"valueRequired\":true,\"valueName\":\"search_term_string\"}}],\"inLanguage\":\"pt-PT\"},{\"@type\":\"Organization\",\"@id\":\"https:\/\/petproducts.com.cn\/#organization\",\"name\":\"Petstar\",\"url\":\"https:\/\/petproducts.com.cn\/\",\"logo\":{\"@type\":\"ImageObject\",\"inLanguage\":\"pt-PT\",\"@id\":\"https:\/\/petproducts.com.cn\/#\/schema\/logo\/image\/\",\"url\":\"https:\/\/petproducts.com.cn\/wp-content\/uploads\/2020\/02\/petstar-logo.webp\",\"contentUrl\":\"https:\/\/petproducts.com.cn\/wp-content\/uploads\/2020\/02\/petstar-logo.webp\",\"width\":779,\"height\":520,\"caption\":\"Petstar\"},\"image\":{\"@id\":\"https:\/\/petproducts.com.cn\/#\/schema\/logo\/image\/\"}}]}<\/script>\n<!-- \/ Yoast SEO plugin. -->","yoast_head_json":{"title":"M\u00f3veis para gatos - m\u00f3veis para caixas de areia para gatos com arruma\u00e7\u00e3o - Petstar","description":"Explore os m\u00f3veis para gatos por atacado, m\u00f3veis para caixas de areia para gatos com arruma\u00e7\u00e3o diretamente do fabricante. A sua solu\u00e7\u00e3o comercial ideal com Petstar.","robots":{"index":"index","follow":"follow","max-snippet":"max-snippet:-1","max-image-preview":"max-image-preview:large","max-video-preview":"max-video-preview:-1"},"canonical":"https:\/\/petproducts.com.cn\/pt\/produto\/cat-furniture-condo-cat-litter-box-furniture-with-storage\/","og_locale":"pt_PT","og_type":"article","og_title":"Cat furniture condo | wholesale cat litter box furniture with storage- Petstar","og_description":"Explore wholesale cat furniture condo, cat litter box furniture with storage directly from the manufacturer. Your ideal business solution with Petstar.","og_url":"https:\/\/petproducts.com.cn\/pt\/produto\/cat-furniture-condo-cat-litter-box-furniture-with-storage\/","og_site_name":"Petstar","article_modified_time":"2023-10-24T06:18:06+00:00","og_image":[{"width":1000,"height":1000,"url":"https:\/\/petproducts.com.cn\/wp-content\/uploads\/2023\/10\/cat-furniture-condo.webp","type":"image\/webp"}],"twitter_card":"summary_large_image","twitter_misc":{"Tempo estimado de leitura":"1 minuto"},"schema":{"@context":"https:\/\/schema.org","@graph":[{"@type":"WebPage","@id":"https:\/\/petproducts.com.cn\/product\/cat-furniture-condo-cat-litter-box-furniture-with-storage\/","url":"https:\/\/petproducts.com.cn\/product\/cat-furniture-condo-cat-litter-box-furniture-with-storage\/","name":"M\u00f3veis para gatos - m\u00f3veis para caixas de areia para gatos com arruma\u00e7\u00e3o - Petstar","isPartOf":{"@id":"https:\/\/petproducts.com.cn\/#website"},"primaryImageOfPage":{"@id":"https:\/\/petproducts.com.cn\/product\/cat-furniture-condo-cat-litter-box-furniture-with-storage\/#primaryimage"},"image":{"@id":"https:\/\/petproducts.com.cn\/product\/cat-furniture-condo-cat-litter-box-furniture-with-storage\/#primaryimage"},"thumbnailUrl":"https:\/\/petproducts.com.cn\/wp-content\/uploads\/2023\/10\/cat-furniture-condo.webp","datePublished":"2023-10-24T05:52:01+00:00","dateModified":"2023-10-24T06:18:06+00:00","description":"Explore os m\u00f3veis para gatos por atacado, m\u00f3veis para caixas de areia para gatos com arruma\u00e7\u00e3o diretamente do fabricante. A sua solu\u00e7\u00e3o comercial ideal com Petstar.","breadcrumb":{"@id":"https:\/\/petproducts.com.cn\/product\/cat-furniture-condo-cat-litter-box-furniture-with-storage\/#breadcrumb"},"inLanguage":"pt-PT","potentialAction":[{"@type":"ReadAction","target":["https:\/\/petproducts.com.cn\/product\/cat-furniture-condo-cat-litter-box-furniture-with-storage\/"]}]},{"@type":"ImageObject","inLanguage":"pt-PT","@id":"https:\/\/petproducts.com.cn\/product\/cat-furniture-condo-cat-litter-box-furniture-with-storage\/#primaryimage","url":"https:\/\/petproducts.com.cn\/wp-content\/uploads\/2023\/10\/cat-furniture-condo.webp","contentUrl":"https:\/\/petproducts.com.cn\/wp-content\/uploads\/2023\/10\/cat-furniture-condo.webp","width":1000,"height":1000,"caption":"cat furniture condo"},{"@type":"BreadcrumbList","@id":"https:\/\/petproducts.com.cn\/product\/cat-furniture-condo-cat-litter-box-furniture-with-storage\/#breadcrumb","itemListElement":[{"@type":"ListItem","position":1,"name":"HOME","item":"https:\/\/petproducts.com.cn\/"},{"@type":"ListItem","position":2,"name":"Products","item":"https:\/\/petproducts.com.cn\/shop\/"},{"@type":"ListItem","position":3,"name":"Cat Trees &amp; Furniture","item":"https:\/\/petproducts.com.cn\/product-category\/cat-trees-furniture\/"},{"@type":"ListItem","position":4,"name":"Cat Furniture Condo Cat Litter Box Furniture With Storage"}]},{"@type":"WebSite","@id":"https:\/\/petproducts.com.cn\/#website","url":"https:\/\/petproducts.com.cn\/","name":"Petstar","description":"Fabricante l\u00edder de artigos para animais de estima\u00e7\u00e3o e fornecedor de produtos OEM para animais de estima\u00e7\u00e3o","publisher":{"@id":"https:\/\/petproducts.com.cn\/#organization"},"alternateName":"Petstar Pet Supplies","potentialAction":[{"@type":"SearchAction","target":{"@type":"EntryPoint","urlTemplate":"https:\/\/petproducts.com.cn\/?s={search_term_string}"},"query-input":{"@type":"PropertyValueSpecification","valueRequired":true,"valueName":"search_term_string"}}],"inLanguage":"pt-PT"},{"@type":"Organization","@id":"https:\/\/petproducts.com.cn\/#organization","name":"Petstar","url":"https:\/\/petproducts.com.cn\/","logo":{"@type":"ImageObject","inLanguage":"pt-PT","@id":"https:\/\/petproducts.com.cn\/#\/schema\/logo\/image\/","url":"https:\/\/petproducts.com.cn\/wp-content\/uploads\/2020\/02\/petstar-logo.webp","contentUrl":"https:\/\/petproducts.com.cn\/wp-content\/uploads\/2020\/02\/petstar-logo.webp","width":779,"height":520,"caption":"Petstar"},"image":{"@id":"https:\/\/petproducts.com.cn\/#\/schema\/logo\/image\/"}}]}},"_links":{"self":[{"href":"https:\/\/petproducts.com.cn\/pt\/wp-json\/wp\/v2\/product\/14123","targetHints":{"allow":["GET"]}}],"collection":[{"href":"https:\/\/petproducts.com.cn\/pt\/wp-json\/wp\/v2\/product"}],"about":[{"href":"https:\/\/petproducts.com.cn\/pt\/wp-json\/wp\/v2\/types\/product"}],"version-history":[{"count":1,"href":"https:\/\/petproducts.com.cn\/pt\/wp-json\/wp\/v2\/product\/14123\/revisions"}],"predecessor-version":[{"id":14139,"href":"https:\/\/petproducts.com.cn\/pt\/wp-json\/wp\/v2\/product\/14123\/revisions\/14139"}],"wp:featuredmedia":[{"embeddable":true,"href":"https:\/\/petproducts.com.cn\/pt\/wp-json\/wp\/v2\/media\/14134"}],"wp:attachment":[{"href":"https:\/\/petproducts.com.cn\/pt\/wp-json\/wp\/v2\/media?parent=14123"}],"wp:term":[{"taxonomy":"product_brand","embeddable":true,"href":"https:\/\/petproducts.com.cn\/pt\/wp-json\/wp\/v2\/product_brand?post=14123"},{"taxonomy":"product_cat","embeddable":true,"href":"https:\/\/petproducts.com.cn\/pt\/wp-json\/wp\/v2\/product_cat?post=14123"},{"taxonomy":"product_tag","embeddable":true,"href":"https:\/\/petproducts.com.cn\/pt\/wp-json\/wp\/v2\/product_tag?post=14123"}],"curies":[{"name":"wp","href":"https:\/\/api.w.org\/{rel}","templated":true}]}}