{"id":14258,"date":"2023-10-24T09:05:34","date_gmt":"2023-10-24T09:05:34","guid":{"rendered":"https:\/\/petproducts.com.cn\/?post_type=product&#038;p=14258"},"modified":"2023-10-24T09:05:34","modified_gmt":"2023-10-24T09:05:34","slug":"wholesale-wooden-dog-crate","status":"publish","type":"product","link":"https:\/\/petproducts.com.cn\/pt\/product\/wholesale-wooden-dog-crate\/","title":{"rendered":"Caixa de madeira para c\u00e3es 2 em 1 para m\u00f3veis para animais de estima\u00e7\u00e3o no atacado"},"content":{"rendered":"<h2>Carater\u00edsticas da caixa de madeira para c\u00e3es<\/h2>\n<ol>\n<li><strong>F\u00e1cil acessibilidade:<\/strong> A porta da frente da casota de madeira para c\u00e3es, adornada com uma malha fina, garante que o seu animal de estima\u00e7\u00e3o possa desfrutar de uma vista panor\u00e2mica do que o rodeia. Esta carater\u00edstica melhora a sua experi\u00eancia e f\u00e1-lo sentir-se mais ligado ao seu ambiente.<\/li>\n<li><strong>Conforto luxuoso:<\/strong> A primeira coisa em que o seu c\u00e3o vai reparar \u00e9 na almofada sumptuosamente confort\u00e1vel, proporcionando-lhe um retiro acolhedor para descansar e relaxar. Ir\u00e1 testemunhar a alegria nos seus olhos quando se afundar neste o\u00e1sis de pel\u00facia.<\/li>\n<li><strong>Eleg\u00e2ncia duradoura:<\/strong> A nossa casota de madeira para c\u00e3es \u00e9 uma pe\u00e7a marcante que n\u00e3o s\u00f3 abriga o seu animal de estima\u00e7\u00e3o, como tamb\u00e9m complementa a decora\u00e7\u00e3o da sua casa sem esfor\u00e7o. A superf\u00edcie superior dur\u00e1vel n\u00e3o \u00e9 apenas forte, mas tamb\u00e9m larga, permitindo-lhe personaliz\u00e1-la com a sua escolha de artigos de decora\u00e7\u00e3o, como vasos, fotografias ou at\u00e9 mesmo um candeeiro elegante.<\/li>\n<li><strong>Seguran\u00e7a refor\u00e7ada:<\/strong> A seguran\u00e7a \u00e9 uma prioridade m\u00e1xima, e \u00e9 por isso que inclu\u00edmos um robusto trinco met\u00e1lico na porta. Este fecho oferece tranquilidade, garantindo que o seu animal de estima\u00e7\u00e3o est\u00e1 seguro e, ao mesmo tempo, consegue ver o mundo que o rodeia.<\/li>\n<li><strong>Manuten\u00e7\u00e3o f\u00e1cil:<\/strong> Compreendemos a import\u00e2ncia da limpeza, e \u00e9 por isso que concebemos a almofada confort\u00e1vel para uma remo\u00e7\u00e3o f\u00e1cil e uma limpeza r\u00e1pida. Isto garante que o espa\u00e7o do seu animal de estima\u00e7\u00e3o se mant\u00e9m sempre fresco e higi\u00e9nico.<\/li>\n<li><strong>\u00c0 medida dos seus gostos:<\/strong> A nossa caixa de madeira para c\u00e3es permite a personaliza\u00e7\u00e3o, permitindo-lhe personaliz\u00e1-la a seu gosto. Quer prefira um acabamento espec\u00edfico ou queira acrescentar um toque \u00fanico, as possibilidades s\u00e3o infinitas.<\/li>\n<\/ol>","protected":false},"excerpt":{"rendered":"<p>Somos um fabricante de caixas para c\u00e3es com mais de 20 anos de experi\u00eancia. Oferecemos op\u00e7\u00f5es de personaliza\u00e7\u00e3o de cor, tamanho, tecido, padr\u00e3o, logotipo e outros recursos.<\/p>","protected":false},"featured_media":14265,"template":"","meta":{"_acf_changed":false},"product_brand":[],"product_cat":[52,72],"product_tag":[106],"class_list":{"0":"post-14258","1":"product","2":"type-product","3":"status-publish","4":"has-post-thumbnail","6":"product_cat-dog-crates-houses-pens","7":"product_cat-dog-supplies","8":"product_tag-dog-crates-houses-pens","10":"first","11":"instock","12":"shipping-taxable","13":"product-type-simple"},"acf":[],"yoast_head":"<!-- This site is optimized with the Yoast SEO plugin v27.1.1 - https:\/\/yoast.com\/product\/yoast-seo-wordpress\/ -->\n<title>Wooden Dog Crate Wholesale | Custom Wooden Dog House - Petstar<\/title>\n<meta name=\"description\" content=\"Explore Wholesale wooden dog crate, wooden dog house, wooden dog kennels directly from the manufacturer. Your ideal business solution with Petstar.\" \/>\n<meta name=\"robots\" content=\"index, follow, max-snippet:-1, max-image-preview:large, max-video-preview:-1\" \/>\n<link rel=\"canonical\" href=\"https:\/\/petproducts.com.cn\/pt\/produto\/wholesale-wooden-dog-crate\/\" \/>\n<meta property=\"og:locale\" content=\"pt_PT\" \/>\n<meta property=\"og:type\" content=\"article\" \/>\n<meta property=\"og:title\" content=\"Wooden Dog Crate Wholesale | Custom Wooden Dog House - Petstar\" \/>\n<meta property=\"og:description\" content=\"Explore Wholesale wooden dog crate, wooden dog house, wooden dog kennels directly from the manufacturer. Your ideal business solution with Petstar.\" \/>\n<meta property=\"og:url\" content=\"https:\/\/petproducts.com.cn\/pt\/produto\/wholesale-wooden-dog-crate\/\" \/>\n<meta property=\"og:site_name\" content=\"Petstar\" \/>\n<meta property=\"og:image\" content=\"https:\/\/petproducts.com.cn\/wp-content\/uploads\/2023\/10\/Wholesale-dog-crate-wood.jpg\" \/>\n\t<meta property=\"og:image:width\" content=\"1000\" \/>\n\t<meta property=\"og:image:height\" content=\"1000\" \/>\n\t<meta property=\"og:image:type\" content=\"image\/jpeg\" \/>\n<meta name=\"twitter:card\" content=\"summary_large_image\" \/>\n<meta name=\"twitter:label1\" content=\"Tempo estimado de leitura\" \/>\n\t<meta name=\"twitter:data1\" content=\"2 minutos\" \/>\n<script type=\"application\/ld+json\" class=\"yoast-schema-graph\">{\"@context\":\"https:\/\/schema.org\",\"@graph\":[{\"@type\":\"WebPage\",\"@id\":\"https:\/\/petproducts.com.cn\/product\/wholesale-wooden-dog-crate\/\",\"url\":\"https:\/\/petproducts.com.cn\/product\/wholesale-wooden-dog-crate\/\",\"name\":\"Wooden Dog Crate Wholesale | Custom Wooden Dog House - Petstar\",\"isPartOf\":{\"@id\":\"https:\/\/petproducts.com.cn\/#website\"},\"primaryImageOfPage\":{\"@id\":\"https:\/\/petproducts.com.cn\/product\/wholesale-wooden-dog-crate\/#primaryimage\"},\"image\":{\"@id\":\"https:\/\/petproducts.com.cn\/product\/wholesale-wooden-dog-crate\/#primaryimage\"},\"thumbnailUrl\":\"https:\/\/petproducts.com.cn\/wp-content\/uploads\/2023\/10\/Wholesale-dog-crate-wood.jpg\",\"datePublished\":\"2023-10-24T09:05:34+00:00\",\"description\":\"Explore Wholesale wooden dog crate, wooden dog house, wooden dog kennels directly from the manufacturer. Your ideal business solution with Petstar.\",\"breadcrumb\":{\"@id\":\"https:\/\/petproducts.com.cn\/product\/wholesale-wooden-dog-crate\/#breadcrumb\"},\"inLanguage\":\"pt-PT\",\"potentialAction\":[{\"@type\":\"ReadAction\",\"target\":[\"https:\/\/petproducts.com.cn\/product\/wholesale-wooden-dog-crate\/\"]}]},{\"@type\":\"ImageObject\",\"inLanguage\":\"pt-PT\",\"@id\":\"https:\/\/petproducts.com.cn\/product\/wholesale-wooden-dog-crate\/#primaryimage\",\"url\":\"https:\/\/petproducts.com.cn\/wp-content\/uploads\/2023\/10\/Wholesale-dog-crate-wood.jpg\",\"contentUrl\":\"https:\/\/petproducts.com.cn\/wp-content\/uploads\/2023\/10\/Wholesale-dog-crate-wood.jpg\",\"width\":1000,\"height\":1000,\"caption\":\"Wholesale dog crate wood\"},{\"@type\":\"BreadcrumbList\",\"@id\":\"https:\/\/petproducts.com.cn\/product\/wholesale-wooden-dog-crate\/#breadcrumb\",\"itemListElement\":[{\"@type\":\"ListItem\",\"position\":1,\"name\":\"HOME\",\"item\":\"https:\/\/petproducts.com.cn\/\"},{\"@type\":\"ListItem\",\"position\":2,\"name\":\"Products\",\"item\":\"https:\/\/petproducts.com.cn\/shop\/\"},{\"@type\":\"ListItem\",\"position\":3,\"name\":\"Dog Supplies\",\"item\":\"https:\/\/petproducts.com.cn\/product-category\/dog-supplies\/\"},{\"@type\":\"ListItem\",\"position\":4,\"name\":\"Wholesale 2-In-1 Pet Furniture Wooden Dog Crate\"}]},{\"@type\":\"WebSite\",\"@id\":\"https:\/\/petproducts.com.cn\/#website\",\"url\":\"https:\/\/petproducts.com.cn\/\",\"name\":\"Petstar\",\"description\":\"Leading Pet Supplies Manufacturer &amp; OEM Pet Products Supplier\",\"publisher\":{\"@id\":\"https:\/\/petproducts.com.cn\/#organization\"},\"alternateName\":\"Petstar Pet Supplies\",\"potentialAction\":[{\"@type\":\"SearchAction\",\"target\":{\"@type\":\"EntryPoint\",\"urlTemplate\":\"https:\/\/petproducts.com.cn\/?s={search_term_string}\"},\"query-input\":{\"@type\":\"PropertyValueSpecification\",\"valueRequired\":true,\"valueName\":\"search_term_string\"}}],\"inLanguage\":\"pt-PT\"},{\"@type\":\"Organization\",\"@id\":\"https:\/\/petproducts.com.cn\/#organization\",\"name\":\"Petstar\",\"url\":\"https:\/\/petproducts.com.cn\/\",\"logo\":{\"@type\":\"ImageObject\",\"inLanguage\":\"pt-PT\",\"@id\":\"https:\/\/petproducts.com.cn\/#\/schema\/logo\/image\/\",\"url\":\"https:\/\/petproducts.com.cn\/wp-content\/uploads\/2020\/02\/petstar-logo.webp\",\"contentUrl\":\"https:\/\/petproducts.com.cn\/wp-content\/uploads\/2020\/02\/petstar-logo.webp\",\"width\":779,\"height\":520,\"caption\":\"Petstar\"},\"image\":{\"@id\":\"https:\/\/petproducts.com.cn\/#\/schema\/logo\/image\/\"}}]}<\/script>\n<!-- \/ Yoast SEO plugin. -->","yoast_head_json":{"title":"Caixa de madeira para c\u00e3es por atacado | Casa de madeira personalizada para c\u00e3es - Petstar","description":"Explore a caixa de madeira para c\u00e3es por atacado, casa de madeira para c\u00e3es, canis de madeira para c\u00e3es diretamente do fabricante. A sua solu\u00e7\u00e3o comercial ideal com Petstar.","robots":{"index":"index","follow":"follow","max-snippet":"max-snippet:-1","max-image-preview":"max-image-preview:large","max-video-preview":"max-video-preview:-1"},"canonical":"https:\/\/petproducts.com.cn\/pt\/produto\/wholesale-wooden-dog-crate\/","og_locale":"pt_PT","og_type":"article","og_title":"Wooden Dog Crate Wholesale | Custom Wooden Dog House - Petstar","og_description":"Explore Wholesale wooden dog crate, wooden dog house, wooden dog kennels directly from the manufacturer. Your ideal business solution with Petstar.","og_url":"https:\/\/petproducts.com.cn\/pt\/produto\/wholesale-wooden-dog-crate\/","og_site_name":"Petstar","og_image":[{"width":1000,"height":1000,"url":"https:\/\/petproducts.com.cn\/wp-content\/uploads\/2023\/10\/Wholesale-dog-crate-wood.jpg","type":"image\/jpeg"}],"twitter_card":"summary_large_image","twitter_misc":{"Tempo estimado de leitura":"2 minutos"},"schema":{"@context":"https:\/\/schema.org","@graph":[{"@type":"WebPage","@id":"https:\/\/petproducts.com.cn\/product\/wholesale-wooden-dog-crate\/","url":"https:\/\/petproducts.com.cn\/product\/wholesale-wooden-dog-crate\/","name":"Caixa de madeira para c\u00e3es por atacado | Casa de madeira personalizada para c\u00e3es - Petstar","isPartOf":{"@id":"https:\/\/petproducts.com.cn\/#website"},"primaryImageOfPage":{"@id":"https:\/\/petproducts.com.cn\/product\/wholesale-wooden-dog-crate\/#primaryimage"},"image":{"@id":"https:\/\/petproducts.com.cn\/product\/wholesale-wooden-dog-crate\/#primaryimage"},"thumbnailUrl":"https:\/\/petproducts.com.cn\/wp-content\/uploads\/2023\/10\/Wholesale-dog-crate-wood.jpg","datePublished":"2023-10-24T09:05:34+00:00","description":"Explore a caixa de madeira para c\u00e3es por atacado, casa de madeira para c\u00e3es, canis de madeira para c\u00e3es diretamente do fabricante. A sua solu\u00e7\u00e3o comercial ideal com Petstar.","breadcrumb":{"@id":"https:\/\/petproducts.com.cn\/product\/wholesale-wooden-dog-crate\/#breadcrumb"},"inLanguage":"pt-PT","potentialAction":[{"@type":"ReadAction","target":["https:\/\/petproducts.com.cn\/product\/wholesale-wooden-dog-crate\/"]}]},{"@type":"ImageObject","inLanguage":"pt-PT","@id":"https:\/\/petproducts.com.cn\/product\/wholesale-wooden-dog-crate\/#primaryimage","url":"https:\/\/petproducts.com.cn\/wp-content\/uploads\/2023\/10\/Wholesale-dog-crate-wood.jpg","contentUrl":"https:\/\/petproducts.com.cn\/wp-content\/uploads\/2023\/10\/Wholesale-dog-crate-wood.jpg","width":1000,"height":1000,"caption":"Wholesale dog crate wood"},{"@type":"BreadcrumbList","@id":"https:\/\/petproducts.com.cn\/product\/wholesale-wooden-dog-crate\/#breadcrumb","itemListElement":[{"@type":"ListItem","position":1,"name":"HOME","item":"https:\/\/petproducts.com.cn\/"},{"@type":"ListItem","position":2,"name":"Products","item":"https:\/\/petproducts.com.cn\/shop\/"},{"@type":"ListItem","position":3,"name":"Dog Supplies","item":"https:\/\/petproducts.com.cn\/product-category\/dog-supplies\/"},{"@type":"ListItem","position":4,"name":"Wholesale 2-In-1 Pet Furniture Wooden Dog Crate"}]},{"@type":"WebSite","@id":"https:\/\/petproducts.com.cn\/#website","url":"https:\/\/petproducts.com.cn\/","name":"Petstar","description":"Fabricante l\u00edder de artigos para animais de estima\u00e7\u00e3o e fornecedor de produtos OEM para animais de estima\u00e7\u00e3o","publisher":{"@id":"https:\/\/petproducts.com.cn\/#organization"},"alternateName":"Petstar Pet Supplies","potentialAction":[{"@type":"SearchAction","target":{"@type":"EntryPoint","urlTemplate":"https:\/\/petproducts.com.cn\/?s={search_term_string}"},"query-input":{"@type":"PropertyValueSpecification","valueRequired":true,"valueName":"search_term_string"}}],"inLanguage":"pt-PT"},{"@type":"Organization","@id":"https:\/\/petproducts.com.cn\/#organization","name":"Petstar","url":"https:\/\/petproducts.com.cn\/","logo":{"@type":"ImageObject","inLanguage":"pt-PT","@id":"https:\/\/petproducts.com.cn\/#\/schema\/logo\/image\/","url":"https:\/\/petproducts.com.cn\/wp-content\/uploads\/2020\/02\/petstar-logo.webp","contentUrl":"https:\/\/petproducts.com.cn\/wp-content\/uploads\/2020\/02\/petstar-logo.webp","width":779,"height":520,"caption":"Petstar"},"image":{"@id":"https:\/\/petproducts.com.cn\/#\/schema\/logo\/image\/"}}]}},"_links":{"self":[{"href":"https:\/\/petproducts.com.cn\/pt\/wp-json\/wp\/v2\/product\/14258","targetHints":{"allow":["GET"]}}],"collection":[{"href":"https:\/\/petproducts.com.cn\/pt\/wp-json\/wp\/v2\/product"}],"about":[{"href":"https:\/\/petproducts.com.cn\/pt\/wp-json\/wp\/v2\/types\/product"}],"version-history":[{"count":1,"href":"https:\/\/petproducts.com.cn\/pt\/wp-json\/wp\/v2\/product\/14258\/revisions"}],"predecessor-version":[{"id":14273,"href":"https:\/\/petproducts.com.cn\/pt\/wp-json\/wp\/v2\/product\/14258\/revisions\/14273"}],"wp:featuredmedia":[{"embeddable":true,"href":"https:\/\/petproducts.com.cn\/pt\/wp-json\/wp\/v2\/media\/14265"}],"wp:attachment":[{"href":"https:\/\/petproducts.com.cn\/pt\/wp-json\/wp\/v2\/media?parent=14258"}],"wp:term":[{"taxonomy":"product_brand","embeddable":true,"href":"https:\/\/petproducts.com.cn\/pt\/wp-json\/wp\/v2\/product_brand?post=14258"},{"taxonomy":"product_cat","embeddable":true,"href":"https:\/\/petproducts.com.cn\/pt\/wp-json\/wp\/v2\/product_cat?post=14258"},{"taxonomy":"product_tag","embeddable":true,"href":"https:\/\/petproducts.com.cn\/pt\/wp-json\/wp\/v2\/product_tag?post=14258"}],"curies":[{"name":"wp","href":"https:\/\/api.w.org\/{rel}","templated":true}]}}