{"id":14281,"date":"2023-10-25T02:58:48","date_gmt":"2023-10-25T02:58:48","guid":{"rendered":"https:\/\/petproducts.com.cn\/?post_type=product&#038;p=14281"},"modified":"2023-10-25T03:15:00","modified_gmt":"2023-10-25T03:15:00","slug":"wholesale-modern-wooden-dog-crate-furniture","status":"publish","type":"product","link":"https:\/\/petproducts.com.cn\/pt\/product\/wholesale-modern-wooden-dog-crate-furniture\/","title":{"rendered":"M\u00f3veis modernos de madeira para caixas de cachorro por atacado"},"content":{"rendered":"<h2>Caracter\u00edsticas da gaiola de madeira para c\u00e3es<\/h2>\n<ol>\n<li><strong>Tampo em estilo de mesa final para armazenamento adicional:<\/strong> Nossa gaiola de madeira para c\u00e3es apresenta um tampo em estilo de mesa final que oferece espa\u00e7o de armazenamento adicional. Este design de dupla finalidade n\u00e3o s\u00f3 proporciona um espa\u00e7o confort\u00e1vel para o seu animal de estima\u00e7\u00e3o, mas tamb\u00e9m serve como uma atraente pe\u00e7a de mobili\u00e1rio, otimizando a funcionalidade do seu quarto.<\/li>\n<li><strong>Tranquilidade com port\u00e3o com fechadura:<\/strong> Voc\u00ea pode ficar tranquilo com o port\u00e3o com fechadura da nossa caixa. Esse recurso seguro garante que seu animal de estima\u00e7\u00e3o fique onde voc\u00ea deseja, oferecendo tranquilidade quando voc\u00ea n\u00e3o estiver por perto.<\/li>\n<li><strong>Constru\u00e7\u00e3o em madeira maci\u00e7a resistente \u00e0 mastiga\u00e7\u00e3o:<\/strong> Concebida tendo em mente a durabilidade e a seguran\u00e7a dos animais de estima\u00e7\u00e3o, a nossa casota de madeira para c\u00e3es \u00e9 fabricada em madeira maci\u00e7a resistente \u00e0 mastiga\u00e7\u00e3o. Este material robusto aumenta a longevidade e protege o seu animal de estima\u00e7\u00e3o de potenciais perigos.<\/li>\n<li><strong>Montagem leve e f\u00e1cil:<\/strong> A montagem da sua nova casota para c\u00e3es \u00e9 muito f\u00e1cil. O design simples e as instru\u00e7\u00f5es claras tornam o processo r\u00e1pido e sem esfor\u00e7o, poupando-lhe tempo e esfor\u00e7o.<\/li>\n<li><strong>Padr\u00e3o de madeira com barras de metal \u00e0 prova de mastiga\u00e7\u00e3o:<\/strong> O atraente padr\u00e3o de madeira, combinado com barras de metal \u00e0 prova de mastiga\u00e7\u00e3o, cria um ambiente visualmente apelativo e amigo dos animais de estima\u00e7\u00e3o. Este design garante tanto a seguran\u00e7a do seu animal de estima\u00e7\u00e3o como a atra\u00e7\u00e3o est\u00e9tica da sua casa.<\/li>\n<li><strong>Topo espa\u00e7oso para decora\u00e7\u00e3o:<\/strong> A parte superior larga da nossa casota de madeira para c\u00e3es proporciona uma excelente plataforma para decorar e personalizar o seu espa\u00e7o. \u00c9 o local perfeito para os seus artigos de decora\u00e7\u00e3o favoritos, acrescentando um toque de estilo \u00e0 sua divis\u00e3o.<\/li>\n<li><strong>Fechadura elegante para estilo e seguran\u00e7a:<\/strong> A caixa possui uma fechadura elegante que n\u00e3o s\u00f3 serve como medida de seguran\u00e7a, mas tamb\u00e9m contribui para o estilo geral da pe\u00e7a. \u00c9 uma mistura harmoniosa de fun\u00e7\u00e3o e moda.<\/li>\n<li><strong>Adaptado \u00e0s suas prefer\u00eancias:<\/strong> Tamb\u00e9m oferecemos servi\u00e7os de personaliza\u00e7\u00e3o para satisfazer as suas necessidades espec\u00edficas. Pode selecionar o tamanho, a cor e as caracter\u00edsticas adicionais que correspondem aos seus requisitos de compra.<\/li>\n<\/ol>","protected":false},"excerpt":{"rendered":"<p>Somos um fabricante de caixas para c\u00e3es com mais de 20 anos de experi\u00eancia. Oferecemos op\u00e7\u00f5es de personaliza\u00e7\u00e3o de cor, tamanho, tecido, padr\u00e3o, logotipo e outros recursos.<\/p>","protected":false},"featured_media":14284,"template":"","meta":{"_acf_changed":false},"product_brand":[],"product_cat":[52,72],"product_tag":[106],"class_list":{"0":"post-14281","1":"product","2":"type-product","3":"status-publish","4":"has-post-thumbnail","6":"product_cat-dog-crates-houses-pens","7":"product_cat-dog-supplies","8":"product_tag-dog-crates-houses-pens","10":"first","11":"instock","12":"shipping-taxable","13":"product-type-simple"},"acf":[],"yoast_head":"<!-- This site is optimized with the Yoast SEO plugin v27.1.1 - https:\/\/yoast.com\/product\/yoast-seo-wordpress\/ -->\n<title>Wood Dog Cage Wholesale | Wooden Dog Crate Supplier - Petstar<\/title>\n<meta name=\"description\" content=\"Explore wooden dog crate , wood dog cage,large dog kennel directly from the manufacturer. Your ideal business solution with Petstar.\" \/>\n<meta name=\"robots\" content=\"index, follow, max-snippet:-1, max-image-preview:large, max-video-preview:-1\" \/>\n<link rel=\"canonical\" href=\"https:\/\/petproducts.com.cn\/pt\/produto\/wholesale-modern-wooden-dog-crate-furniture\/\" \/>\n<meta property=\"og:locale\" content=\"pt_PT\" \/>\n<meta property=\"og:type\" content=\"article\" \/>\n<meta property=\"og:title\" content=\"Wood Dog Cage Wholesale | Wooden Dog Crate Supplier - Petstar\" \/>\n<meta property=\"og:description\" content=\"Explore wooden dog crate , wood dog cage,large dog kennel directly from the manufacturer. Your ideal business solution with Petstar.\" \/>\n<meta property=\"og:url\" content=\"https:\/\/petproducts.com.cn\/pt\/produto\/wholesale-modern-wooden-dog-crate-furniture\/\" \/>\n<meta property=\"og:site_name\" content=\"Petstar\" \/>\n<meta property=\"article:modified_time\" content=\"2023-10-25T03:15:00+00:00\" \/>\n<meta property=\"og:image\" content=\"https:\/\/petproducts.com.cn\/wp-content\/uploads\/2023\/10\/wood-dog-cage.webp\" \/>\n\t<meta property=\"og:image:width\" content=\"1000\" \/>\n\t<meta property=\"og:image:height\" content=\"1000\" \/>\n\t<meta property=\"og:image:type\" content=\"image\/webp\" \/>\n<meta name=\"twitter:card\" content=\"summary_large_image\" \/>\n<meta name=\"twitter:label1\" content=\"Tempo estimado de leitura\" \/>\n\t<meta name=\"twitter:data1\" content=\"2 minutos\" \/>\n<script type=\"application\/ld+json\" class=\"yoast-schema-graph\">{\"@context\":\"https:\/\/schema.org\",\"@graph\":[{\"@type\":\"WebPage\",\"@id\":\"https:\/\/petproducts.com.cn\/product\/wholesale-modern-wooden-dog-crate-furniture\/\",\"url\":\"https:\/\/petproducts.com.cn\/product\/wholesale-modern-wooden-dog-crate-furniture\/\",\"name\":\"Wood Dog Cage Wholesale | Wooden Dog Crate Supplier - Petstar\",\"isPartOf\":{\"@id\":\"https:\/\/petproducts.com.cn\/#website\"},\"primaryImageOfPage\":{\"@id\":\"https:\/\/petproducts.com.cn\/product\/wholesale-modern-wooden-dog-crate-furniture\/#primaryimage\"},\"image\":{\"@id\":\"https:\/\/petproducts.com.cn\/product\/wholesale-modern-wooden-dog-crate-furniture\/#primaryimage\"},\"thumbnailUrl\":\"https:\/\/petproducts.com.cn\/wp-content\/uploads\/2023\/10\/wood-dog-cage.webp\",\"datePublished\":\"2023-10-25T02:58:48+00:00\",\"dateModified\":\"2023-10-25T03:15:00+00:00\",\"description\":\"Explore wooden dog crate , wood dog cage,large dog kennel directly from the manufacturer. Your ideal business solution with Petstar.\",\"breadcrumb\":{\"@id\":\"https:\/\/petproducts.com.cn\/product\/wholesale-modern-wooden-dog-crate-furniture\/#breadcrumb\"},\"inLanguage\":\"pt-PT\",\"potentialAction\":[{\"@type\":\"ReadAction\",\"target\":[\"https:\/\/petproducts.com.cn\/product\/wholesale-modern-wooden-dog-crate-furniture\/\"]}]},{\"@type\":\"ImageObject\",\"inLanguage\":\"pt-PT\",\"@id\":\"https:\/\/petproducts.com.cn\/product\/wholesale-modern-wooden-dog-crate-furniture\/#primaryimage\",\"url\":\"https:\/\/petproducts.com.cn\/wp-content\/uploads\/2023\/10\/wood-dog-cage.webp\",\"contentUrl\":\"https:\/\/petproducts.com.cn\/wp-content\/uploads\/2023\/10\/wood-dog-cage.webp\",\"width\":1000,\"height\":1000,\"caption\":\"wood dog cage\"},{\"@type\":\"BreadcrumbList\",\"@id\":\"https:\/\/petproducts.com.cn\/product\/wholesale-modern-wooden-dog-crate-furniture\/#breadcrumb\",\"itemListElement\":[{\"@type\":\"ListItem\",\"position\":1,\"name\":\"HOME\",\"item\":\"https:\/\/petproducts.com.cn\/\"},{\"@type\":\"ListItem\",\"position\":2,\"name\":\"Products\",\"item\":\"https:\/\/petproducts.com.cn\/shop\/\"},{\"@type\":\"ListItem\",\"position\":3,\"name\":\"Dog Supplies\",\"item\":\"https:\/\/petproducts.com.cn\/product-category\/dog-supplies\/\"},{\"@type\":\"ListItem\",\"position\":4,\"name\":\"Wholesale Modern Wooden Dog Crate Furniture\"}]},{\"@type\":\"WebSite\",\"@id\":\"https:\/\/petproducts.com.cn\/#website\",\"url\":\"https:\/\/petproducts.com.cn\/\",\"name\":\"Petstar\",\"description\":\"Leading Pet Supplies Manufacturer &amp; OEM Pet Products Supplier\",\"publisher\":{\"@id\":\"https:\/\/petproducts.com.cn\/#organization\"},\"alternateName\":\"Petstar Pet Supplies\",\"potentialAction\":[{\"@type\":\"SearchAction\",\"target\":{\"@type\":\"EntryPoint\",\"urlTemplate\":\"https:\/\/petproducts.com.cn\/?s={search_term_string}\"},\"query-input\":{\"@type\":\"PropertyValueSpecification\",\"valueRequired\":true,\"valueName\":\"search_term_string\"}}],\"inLanguage\":\"pt-PT\"},{\"@type\":\"Organization\",\"@id\":\"https:\/\/petproducts.com.cn\/#organization\",\"name\":\"Petstar\",\"url\":\"https:\/\/petproducts.com.cn\/\",\"logo\":{\"@type\":\"ImageObject\",\"inLanguage\":\"pt-PT\",\"@id\":\"https:\/\/petproducts.com.cn\/#\/schema\/logo\/image\/\",\"url\":\"https:\/\/petproducts.com.cn\/wp-content\/uploads\/2020\/02\/petstar-logo.webp\",\"contentUrl\":\"https:\/\/petproducts.com.cn\/wp-content\/uploads\/2020\/02\/petstar-logo.webp\",\"width\":779,\"height\":520,\"caption\":\"Petstar\"},\"image\":{\"@id\":\"https:\/\/petproducts.com.cn\/#\/schema\/logo\/image\/\"}}]}<\/script>\n<!-- \/ Yoast SEO plugin. -->","yoast_head_json":{"title":"Gaiola de madeira para c\u00e3es por atacado | Fornecedor de caixa de madeira para c\u00e3es - Petstar","description":"Explore a caixa de madeira para c\u00e3es, gaiola de madeira para c\u00e3es, canil grande para c\u00e3es diretamente do fabricante. A sua solu\u00e7\u00e3o comercial ideal com Petstar.","robots":{"index":"index","follow":"follow","max-snippet":"max-snippet:-1","max-image-preview":"max-image-preview:large","max-video-preview":"max-video-preview:-1"},"canonical":"https:\/\/petproducts.com.cn\/pt\/produto\/wholesale-modern-wooden-dog-crate-furniture\/","og_locale":"pt_PT","og_type":"article","og_title":"Wood Dog Cage Wholesale | Wooden Dog Crate Supplier - Petstar","og_description":"Explore wooden dog crate , wood dog cage,large dog kennel directly from the manufacturer. Your ideal business solution with Petstar.","og_url":"https:\/\/petproducts.com.cn\/pt\/produto\/wholesale-modern-wooden-dog-crate-furniture\/","og_site_name":"Petstar","article_modified_time":"2023-10-25T03:15:00+00:00","og_image":[{"width":1000,"height":1000,"url":"https:\/\/petproducts.com.cn\/wp-content\/uploads\/2023\/10\/wood-dog-cage.webp","type":"image\/webp"}],"twitter_card":"summary_large_image","twitter_misc":{"Tempo estimado de leitura":"2 minutos"},"schema":{"@context":"https:\/\/schema.org","@graph":[{"@type":"WebPage","@id":"https:\/\/petproducts.com.cn\/product\/wholesale-modern-wooden-dog-crate-furniture\/","url":"https:\/\/petproducts.com.cn\/product\/wholesale-modern-wooden-dog-crate-furniture\/","name":"Gaiola de madeira para c\u00e3es por atacado | Fornecedor de caixa de madeira para c\u00e3es - Petstar","isPartOf":{"@id":"https:\/\/petproducts.com.cn\/#website"},"primaryImageOfPage":{"@id":"https:\/\/petproducts.com.cn\/product\/wholesale-modern-wooden-dog-crate-furniture\/#primaryimage"},"image":{"@id":"https:\/\/petproducts.com.cn\/product\/wholesale-modern-wooden-dog-crate-furniture\/#primaryimage"},"thumbnailUrl":"https:\/\/petproducts.com.cn\/wp-content\/uploads\/2023\/10\/wood-dog-cage.webp","datePublished":"2023-10-25T02:58:48+00:00","dateModified":"2023-10-25T03:15:00+00:00","description":"Explore a caixa de madeira para c\u00e3es, gaiola de madeira para c\u00e3es, canil grande para c\u00e3es diretamente do fabricante. A sua solu\u00e7\u00e3o comercial ideal com Petstar.","breadcrumb":{"@id":"https:\/\/petproducts.com.cn\/product\/wholesale-modern-wooden-dog-crate-furniture\/#breadcrumb"},"inLanguage":"pt-PT","potentialAction":[{"@type":"ReadAction","target":["https:\/\/petproducts.com.cn\/product\/wholesale-modern-wooden-dog-crate-furniture\/"]}]},{"@type":"ImageObject","inLanguage":"pt-PT","@id":"https:\/\/petproducts.com.cn\/product\/wholesale-modern-wooden-dog-crate-furniture\/#primaryimage","url":"https:\/\/petproducts.com.cn\/wp-content\/uploads\/2023\/10\/wood-dog-cage.webp","contentUrl":"https:\/\/petproducts.com.cn\/wp-content\/uploads\/2023\/10\/wood-dog-cage.webp","width":1000,"height":1000,"caption":"wood dog cage"},{"@type":"BreadcrumbList","@id":"https:\/\/petproducts.com.cn\/product\/wholesale-modern-wooden-dog-crate-furniture\/#breadcrumb","itemListElement":[{"@type":"ListItem","position":1,"name":"HOME","item":"https:\/\/petproducts.com.cn\/"},{"@type":"ListItem","position":2,"name":"Products","item":"https:\/\/petproducts.com.cn\/shop\/"},{"@type":"ListItem","position":3,"name":"Dog Supplies","item":"https:\/\/petproducts.com.cn\/product-category\/dog-supplies\/"},{"@type":"ListItem","position":4,"name":"Wholesale Modern Wooden Dog Crate Furniture"}]},{"@type":"WebSite","@id":"https:\/\/petproducts.com.cn\/#website","url":"https:\/\/petproducts.com.cn\/","name":"Petstar","description":"Fabricante l\u00edder de artigos para animais de estima\u00e7\u00e3o e fornecedor de produtos OEM para animais de estima\u00e7\u00e3o","publisher":{"@id":"https:\/\/petproducts.com.cn\/#organization"},"alternateName":"Petstar Pet Supplies","potentialAction":[{"@type":"SearchAction","target":{"@type":"EntryPoint","urlTemplate":"https:\/\/petproducts.com.cn\/?s={search_term_string}"},"query-input":{"@type":"PropertyValueSpecification","valueRequired":true,"valueName":"search_term_string"}}],"inLanguage":"pt-PT"},{"@type":"Organization","@id":"https:\/\/petproducts.com.cn\/#organization","name":"Petstar","url":"https:\/\/petproducts.com.cn\/","logo":{"@type":"ImageObject","inLanguage":"pt-PT","@id":"https:\/\/petproducts.com.cn\/#\/schema\/logo\/image\/","url":"https:\/\/petproducts.com.cn\/wp-content\/uploads\/2020\/02\/petstar-logo.webp","contentUrl":"https:\/\/petproducts.com.cn\/wp-content\/uploads\/2020\/02\/petstar-logo.webp","width":779,"height":520,"caption":"Petstar"},"image":{"@id":"https:\/\/petproducts.com.cn\/#\/schema\/logo\/image\/"}}]}},"_links":{"self":[{"href":"https:\/\/petproducts.com.cn\/pt\/wp-json\/wp\/v2\/product\/14281","targetHints":{"allow":["GET"]}}],"collection":[{"href":"https:\/\/petproducts.com.cn\/pt\/wp-json\/wp\/v2\/product"}],"about":[{"href":"https:\/\/petproducts.com.cn\/pt\/wp-json\/wp\/v2\/types\/product"}],"version-history":[{"count":1,"href":"https:\/\/petproducts.com.cn\/pt\/wp-json\/wp\/v2\/product\/14281\/revisions"}],"predecessor-version":[{"id":14287,"href":"https:\/\/petproducts.com.cn\/pt\/wp-json\/wp\/v2\/product\/14281\/revisions\/14287"}],"wp:featuredmedia":[{"embeddable":true,"href":"https:\/\/petproducts.com.cn\/pt\/wp-json\/wp\/v2\/media\/14284"}],"wp:attachment":[{"href":"https:\/\/petproducts.com.cn\/pt\/wp-json\/wp\/v2\/media?parent=14281"}],"wp:term":[{"taxonomy":"product_brand","embeddable":true,"href":"https:\/\/petproducts.com.cn\/pt\/wp-json\/wp\/v2\/product_brand?post=14281"},{"taxonomy":"product_cat","embeddable":true,"href":"https:\/\/petproducts.com.cn\/pt\/wp-json\/wp\/v2\/product_cat?post=14281"},{"taxonomy":"product_tag","embeddable":true,"href":"https:\/\/petproducts.com.cn\/pt\/wp-json\/wp\/v2\/product_tag?post=14281"}],"curies":[{"name":"wp","href":"https:\/\/api.w.org\/{rel}","templated":true}]}}