{"id":14298,"date":"2023-10-25T05:58:33","date_gmt":"2023-10-25T05:58:33","guid":{"rendered":"https:\/\/petproducts.com.cn\/?post_type=product&#038;p=14298"},"modified":"2023-10-25T09:24:09","modified_gmt":"2023-10-25T09:24:09","slug":"wholesale-wood-dog-kennels-wooden-dog-furniture","status":"publish","type":"product","link":"https:\/\/petproducts.com.cn\/pt\/product\/wholesale-wood-dog-kennels-wooden-dog-furniture\/","title":{"rendered":"Canis de madeira por atacado M\u00f3veis de madeira para c\u00e3es"},"content":{"rendered":"<h2>Carater\u00edsticas do canil de madeira para c\u00e3es<\/h2>\n<ol>\n<li><strong>Design vers\u00e1til da mesa de apoio:<\/strong> A casota de madeira para c\u00e3es possui um elegante tampo de mesa que n\u00e3o s\u00f3 proporciona um espa\u00e7o acolhedor para o seu animal de estima\u00e7\u00e3o, como tamb\u00e9m melhora as op\u00e7\u00f5es de arruma\u00e7\u00e3o do seu quarto. Este design de dupla finalidade maximiza a funcionalidade do seu espa\u00e7o de vida.<\/li>\n<li><strong>Seguran\u00e7a com um port\u00e3o com fechadura:<\/strong> O nosso canil inclui um port\u00e3o que pode ser trancado, oferecendo-lhe uma tranquilidade total. Pode conter o seu amigo peludo com toda a confian\u00e7a e controlar o seu acesso \u00e0s diferentes \u00e1reas.<\/li>\n<li><strong>Madeira maci\u00e7a dur\u00e1vel e resistente \u00e0 mastiga\u00e7\u00e3o:<\/strong> Meticulosamente fabricada em madeira maci\u00e7a resistente \u00e0 mastiga\u00e7\u00e3o, esta casota garante a seguran\u00e7a do seu animal de estima\u00e7\u00e3o e uma solu\u00e7\u00e3o duradoura. O material robusto garante que o seu animal de estima\u00e7\u00e3o se mant\u00e9m seguro, proporcionando uma casota constru\u00edda para resistir ao teste do tempo.<\/li>\n<li><strong>Montagem sem esfor\u00e7o:<\/strong> A montagem da sua nova casota para c\u00e3es \u00e9 muito f\u00e1cil. O design leve e f\u00e1cil de utilizar, juntamente com as instru\u00e7\u00f5es de montagem simples, tornam o processo r\u00e1pido e poupam tempo.<\/li>\n<li><strong>Personaliza\u00e7\u00e3o de acordo com as suas prefer\u00eancias:<\/strong> Reconhecemos que cada comprador tem exig\u00eancias e gostos \u00fanicos. \u00c9 por isso que oferecemos servi\u00e7os de personaliza\u00e7\u00e3o para o nosso canil de madeira para c\u00e3es. Tem a flexibilidade de escolher o tamanho, a cor e outras carater\u00edsticas personalizadas que se alinham perfeitamente com as suas necessidades e estilo individuais. Partilhe os seus requisitos de personaliza\u00e7\u00e3o e n\u00f3s daremos vida a eles.<\/li>\n<\/ol>","protected":false},"excerpt":{"rendered":"<p>Somos um fabricante de caixas para c\u00e3es com mais de 20 anos de experi\u00eancia. Oferecemos op\u00e7\u00f5es de personaliza\u00e7\u00e3o de cor, tamanho, tecido, padr\u00e3o, logotipo e outros recursos.<\/p>","protected":false},"featured_media":14307,"template":"","meta":{"_acf_changed":false},"product_brand":[],"product_cat":[52,72],"product_tag":[106],"class_list":{"0":"post-14298","1":"product","2":"type-product","3":"status-publish","4":"has-post-thumbnail","6":"product_cat-dog-crates-houses-pens","7":"product_cat-dog-supplies","8":"product_tag-dog-crates-houses-pens","10":"first","11":"instock","12":"shipping-taxable","13":"product-type-simple"},"acf":[],"yoast_head":"<!-- This site is optimized with the Yoast SEO plugin v27.1.1 - https:\/\/yoast.com\/product\/yoast-seo-wordpress\/ -->\n<title>Wooden Dog Kennel Wholesale | Dog Crate Wood - Petstar<\/title>\n<meta name=\"description\" content=\"Explore wooden dog kennel , dog crate wood,dog crate wood directly from the manufacturer. Your ideal business solution with Petstar.\" \/>\n<meta name=\"robots\" content=\"index, follow, max-snippet:-1, max-image-preview:large, max-video-preview:-1\" \/>\n<link rel=\"canonical\" href=\"https:\/\/petproducts.com.cn\/pt\/produto\/wholesale-wood-dog-kennels-wooden-dog-furniture\/\" \/>\n<meta property=\"og:locale\" content=\"pt_PT\" \/>\n<meta property=\"og:type\" content=\"article\" \/>\n<meta property=\"og:title\" content=\"Wooden Dog Kennel Wholesale | Dog Crate Wood - Petstar\" \/>\n<meta property=\"og:description\" content=\"Explore wooden dog kennel , dog crate wood,dog crate wood directly from the manufacturer. Your ideal business solution with Petstar.\" \/>\n<meta property=\"og:url\" content=\"https:\/\/petproducts.com.cn\/pt\/produto\/wholesale-wood-dog-kennels-wooden-dog-furniture\/\" \/>\n<meta property=\"og:site_name\" content=\"Petstar\" \/>\n<meta property=\"article:modified_time\" content=\"2023-10-25T09:24:09+00:00\" \/>\n<meta property=\"og:image\" content=\"https:\/\/petproducts.com.cn\/wp-content\/uploads\/2023\/10\/dog-wood-crate.webp\" \/>\n\t<meta property=\"og:image:width\" content=\"1000\" \/>\n\t<meta property=\"og:image:height\" content=\"1000\" \/>\n\t<meta property=\"og:image:type\" content=\"image\/webp\" \/>\n<meta name=\"twitter:card\" content=\"summary_large_image\" \/>\n<meta name=\"twitter:label1\" content=\"Tempo estimado de leitura\" \/>\n\t<meta name=\"twitter:data1\" content=\"1 minuto\" \/>\n<script type=\"application\/ld+json\" class=\"yoast-schema-graph\">{\"@context\":\"https:\/\/schema.org\",\"@graph\":[{\"@type\":\"WebPage\",\"@id\":\"https:\/\/petproducts.com.cn\/product\/wholesale-wood-dog-kennels-wooden-dog-furniture\/\",\"url\":\"https:\/\/petproducts.com.cn\/product\/wholesale-wood-dog-kennels-wooden-dog-furniture\/\",\"name\":\"Wooden Dog Kennel Wholesale | Dog Crate Wood - Petstar\",\"isPartOf\":{\"@id\":\"https:\/\/petproducts.com.cn\/#website\"},\"primaryImageOfPage\":{\"@id\":\"https:\/\/petproducts.com.cn\/product\/wholesale-wood-dog-kennels-wooden-dog-furniture\/#primaryimage\"},\"image\":{\"@id\":\"https:\/\/petproducts.com.cn\/product\/wholesale-wood-dog-kennels-wooden-dog-furniture\/#primaryimage\"},\"thumbnailUrl\":\"https:\/\/petproducts.com.cn\/wp-content\/uploads\/2023\/10\/dog-wood-crate.webp\",\"datePublished\":\"2023-10-25T05:58:33+00:00\",\"dateModified\":\"2023-10-25T09:24:09+00:00\",\"description\":\"Explore wooden dog kennel , dog crate wood,dog crate wood directly from the manufacturer. Your ideal business solution with Petstar.\",\"breadcrumb\":{\"@id\":\"https:\/\/petproducts.com.cn\/product\/wholesale-wood-dog-kennels-wooden-dog-furniture\/#breadcrumb\"},\"inLanguage\":\"pt-PT\",\"potentialAction\":[{\"@type\":\"ReadAction\",\"target\":[\"https:\/\/petproducts.com.cn\/product\/wholesale-wood-dog-kennels-wooden-dog-furniture\/\"]}]},{\"@type\":\"ImageObject\",\"inLanguage\":\"pt-PT\",\"@id\":\"https:\/\/petproducts.com.cn\/product\/wholesale-wood-dog-kennels-wooden-dog-furniture\/#primaryimage\",\"url\":\"https:\/\/petproducts.com.cn\/wp-content\/uploads\/2023\/10\/dog-wood-crate.webp\",\"contentUrl\":\"https:\/\/petproducts.com.cn\/wp-content\/uploads\/2023\/10\/dog-wood-crate.webp\",\"width\":1000,\"height\":1000,\"caption\":\"wooden dog kennel\"},{\"@type\":\"BreadcrumbList\",\"@id\":\"https:\/\/petproducts.com.cn\/product\/wholesale-wood-dog-kennels-wooden-dog-furniture\/#breadcrumb\",\"itemListElement\":[{\"@type\":\"ListItem\",\"position\":1,\"name\":\"HOME\",\"item\":\"https:\/\/petproducts.com.cn\/\"},{\"@type\":\"ListItem\",\"position\":2,\"name\":\"Products\",\"item\":\"https:\/\/petproducts.com.cn\/shop\/\"},{\"@type\":\"ListItem\",\"position\":3,\"name\":\"Dog Supplies\",\"item\":\"https:\/\/petproducts.com.cn\/product-category\/dog-supplies\/\"},{\"@type\":\"ListItem\",\"position\":4,\"name\":\"Wholesale Wood Dog Kennels Wooden Dog Furniture\"}]},{\"@type\":\"WebSite\",\"@id\":\"https:\/\/petproducts.com.cn\/#website\",\"url\":\"https:\/\/petproducts.com.cn\/\",\"name\":\"Petstar\",\"description\":\"Leading Pet Supplies Manufacturer &amp; OEM Pet Products Supplier\",\"publisher\":{\"@id\":\"https:\/\/petproducts.com.cn\/#organization\"},\"alternateName\":\"Petstar Pet Supplies\",\"potentialAction\":[{\"@type\":\"SearchAction\",\"target\":{\"@type\":\"EntryPoint\",\"urlTemplate\":\"https:\/\/petproducts.com.cn\/?s={search_term_string}\"},\"query-input\":{\"@type\":\"PropertyValueSpecification\",\"valueRequired\":true,\"valueName\":\"search_term_string\"}}],\"inLanguage\":\"pt-PT\"},{\"@type\":\"Organization\",\"@id\":\"https:\/\/petproducts.com.cn\/#organization\",\"name\":\"Petstar\",\"url\":\"https:\/\/petproducts.com.cn\/\",\"logo\":{\"@type\":\"ImageObject\",\"inLanguage\":\"pt-PT\",\"@id\":\"https:\/\/petproducts.com.cn\/#\/schema\/logo\/image\/\",\"url\":\"https:\/\/petproducts.com.cn\/wp-content\/uploads\/2020\/02\/petstar-logo.webp\",\"contentUrl\":\"https:\/\/petproducts.com.cn\/wp-content\/uploads\/2020\/02\/petstar-logo.webp\",\"width\":779,\"height\":520,\"caption\":\"Petstar\"},\"image\":{\"@id\":\"https:\/\/petproducts.com.cn\/#\/schema\/logo\/image\/\"}}]}<\/script>\n<!-- \/ Yoast SEO plugin. -->","yoast_head_json":{"title":"Canil de madeira para c\u00e3es - Petstar","description":"Explore canil de madeira para c\u00e3es, caixa de madeira para c\u00e3es, caixa de madeira para c\u00e3es diretamente do fabricante. A sua solu\u00e7\u00e3o comercial ideal com Petstar.","robots":{"index":"index","follow":"follow","max-snippet":"max-snippet:-1","max-image-preview":"max-image-preview:large","max-video-preview":"max-video-preview:-1"},"canonical":"https:\/\/petproducts.com.cn\/pt\/produto\/wholesale-wood-dog-kennels-wooden-dog-furniture\/","og_locale":"pt_PT","og_type":"article","og_title":"Wooden Dog Kennel Wholesale | Dog Crate Wood - Petstar","og_description":"Explore wooden dog kennel , dog crate wood,dog crate wood directly from the manufacturer. Your ideal business solution with Petstar.","og_url":"https:\/\/petproducts.com.cn\/pt\/produto\/wholesale-wood-dog-kennels-wooden-dog-furniture\/","og_site_name":"Petstar","article_modified_time":"2023-10-25T09:24:09+00:00","og_image":[{"width":1000,"height":1000,"url":"https:\/\/petproducts.com.cn\/wp-content\/uploads\/2023\/10\/dog-wood-crate.webp","type":"image\/webp"}],"twitter_card":"summary_large_image","twitter_misc":{"Tempo estimado de leitura":"1 minuto"},"schema":{"@context":"https:\/\/schema.org","@graph":[{"@type":"WebPage","@id":"https:\/\/petproducts.com.cn\/product\/wholesale-wood-dog-kennels-wooden-dog-furniture\/","url":"https:\/\/petproducts.com.cn\/product\/wholesale-wood-dog-kennels-wooden-dog-furniture\/","name":"Canil de madeira para c\u00e3es - Petstar","isPartOf":{"@id":"https:\/\/petproducts.com.cn\/#website"},"primaryImageOfPage":{"@id":"https:\/\/petproducts.com.cn\/product\/wholesale-wood-dog-kennels-wooden-dog-furniture\/#primaryimage"},"image":{"@id":"https:\/\/petproducts.com.cn\/product\/wholesale-wood-dog-kennels-wooden-dog-furniture\/#primaryimage"},"thumbnailUrl":"https:\/\/petproducts.com.cn\/wp-content\/uploads\/2023\/10\/dog-wood-crate.webp","datePublished":"2023-10-25T05:58:33+00:00","dateModified":"2023-10-25T09:24:09+00:00","description":"Explore canil de madeira para c\u00e3es, caixa de madeira para c\u00e3es, caixa de madeira para c\u00e3es diretamente do fabricante. A sua solu\u00e7\u00e3o comercial ideal com Petstar.","breadcrumb":{"@id":"https:\/\/petproducts.com.cn\/product\/wholesale-wood-dog-kennels-wooden-dog-furniture\/#breadcrumb"},"inLanguage":"pt-PT","potentialAction":[{"@type":"ReadAction","target":["https:\/\/petproducts.com.cn\/product\/wholesale-wood-dog-kennels-wooden-dog-furniture\/"]}]},{"@type":"ImageObject","inLanguage":"pt-PT","@id":"https:\/\/petproducts.com.cn\/product\/wholesale-wood-dog-kennels-wooden-dog-furniture\/#primaryimage","url":"https:\/\/petproducts.com.cn\/wp-content\/uploads\/2023\/10\/dog-wood-crate.webp","contentUrl":"https:\/\/petproducts.com.cn\/wp-content\/uploads\/2023\/10\/dog-wood-crate.webp","width":1000,"height":1000,"caption":"wooden dog kennel"},{"@type":"BreadcrumbList","@id":"https:\/\/petproducts.com.cn\/product\/wholesale-wood-dog-kennels-wooden-dog-furniture\/#breadcrumb","itemListElement":[{"@type":"ListItem","position":1,"name":"HOME","item":"https:\/\/petproducts.com.cn\/"},{"@type":"ListItem","position":2,"name":"Products","item":"https:\/\/petproducts.com.cn\/shop\/"},{"@type":"ListItem","position":3,"name":"Dog Supplies","item":"https:\/\/petproducts.com.cn\/product-category\/dog-supplies\/"},{"@type":"ListItem","position":4,"name":"Wholesale Wood Dog Kennels Wooden Dog Furniture"}]},{"@type":"WebSite","@id":"https:\/\/petproducts.com.cn\/#website","url":"https:\/\/petproducts.com.cn\/","name":"Petstar","description":"Fabricante l\u00edder de artigos para animais de estima\u00e7\u00e3o e fornecedor de produtos OEM para animais de estima\u00e7\u00e3o","publisher":{"@id":"https:\/\/petproducts.com.cn\/#organization"},"alternateName":"Petstar Pet Supplies","potentialAction":[{"@type":"SearchAction","target":{"@type":"EntryPoint","urlTemplate":"https:\/\/petproducts.com.cn\/?s={search_term_string}"},"query-input":{"@type":"PropertyValueSpecification","valueRequired":true,"valueName":"search_term_string"}}],"inLanguage":"pt-PT"},{"@type":"Organization","@id":"https:\/\/petproducts.com.cn\/#organization","name":"Petstar","url":"https:\/\/petproducts.com.cn\/","logo":{"@type":"ImageObject","inLanguage":"pt-PT","@id":"https:\/\/petproducts.com.cn\/#\/schema\/logo\/image\/","url":"https:\/\/petproducts.com.cn\/wp-content\/uploads\/2020\/02\/petstar-logo.webp","contentUrl":"https:\/\/petproducts.com.cn\/wp-content\/uploads\/2020\/02\/petstar-logo.webp","width":779,"height":520,"caption":"Petstar"},"image":{"@id":"https:\/\/petproducts.com.cn\/#\/schema\/logo\/image\/"}}]}},"_links":{"self":[{"href":"https:\/\/petproducts.com.cn\/pt\/wp-json\/wp\/v2\/product\/14298","targetHints":{"allow":["GET"]}}],"collection":[{"href":"https:\/\/petproducts.com.cn\/pt\/wp-json\/wp\/v2\/product"}],"about":[{"href":"https:\/\/petproducts.com.cn\/pt\/wp-json\/wp\/v2\/types\/product"}],"version-history":[{"count":4,"href":"https:\/\/petproducts.com.cn\/pt\/wp-json\/wp\/v2\/product\/14298\/revisions"}],"predecessor-version":[{"id":14331,"href":"https:\/\/petproducts.com.cn\/pt\/wp-json\/wp\/v2\/product\/14298\/revisions\/14331"}],"wp:featuredmedia":[{"embeddable":true,"href":"https:\/\/petproducts.com.cn\/pt\/wp-json\/wp\/v2\/media\/14307"}],"wp:attachment":[{"href":"https:\/\/petproducts.com.cn\/pt\/wp-json\/wp\/v2\/media?parent=14298"}],"wp:term":[{"taxonomy":"product_brand","embeddable":true,"href":"https:\/\/petproducts.com.cn\/pt\/wp-json\/wp\/v2\/product_brand?post=14298"},{"taxonomy":"product_cat","embeddable":true,"href":"https:\/\/petproducts.com.cn\/pt\/wp-json\/wp\/v2\/product_cat?post=14298"},{"taxonomy":"product_tag","embeddable":true,"href":"https:\/\/petproducts.com.cn\/pt\/wp-json\/wp\/v2\/product_tag?post=14298"}],"curies":[{"name":"wp","href":"https:\/\/api.w.org\/{rel}","templated":true}]}}