{"id":14332,"date":"2023-10-25T09:27:53","date_gmt":"2023-10-25T09:27:53","guid":{"rendered":"https:\/\/petproducts.com.cn\/?post_type=product&#038;p=14332"},"modified":"2023-10-26T08:57:43","modified_gmt":"2023-10-26T08:57:43","slug":"wholesale-wood-dog-kennel-wooden-dog-crate-furniture","status":"publish","type":"product","link":"https:\/\/petproducts.com.cn\/pt\/product\/wholesale-wood-dog-kennel-wooden-dog-crate-furniture\/","title":{"rendered":"Canil de madeira para c\u00e3es por atacado M\u00f3veis de madeira para caixas de transporte de c\u00e3es"},"content":{"rendered":"<h2>Carater\u00edsticas dos m\u00f3veis de madeira para caixas de transporte de c\u00e3es<\/h2>\n<ol>\n<li><strong>Design aberto para o fluxo de ar:<\/strong> Os nossos m\u00f3veis de madeira para c\u00e3es t\u00eam uma estrutura aberta com ripas laterais, garantindo uma ampla ventila\u00e7\u00e3o. Isto garante que o seu amigo peludo se mant\u00e9m fresco e confort\u00e1vel, evitando a acumula\u00e7\u00e3o de ar viciado.<\/li>\n<li><strong>Porta da frente c\u00f3moda:<\/strong> A inclus\u00e3o de uma porta frontal permite um acesso f\u00e1cil ao seu animal de estima\u00e7\u00e3o, aumentando a funcionalidade do m\u00f3vel. \u00c9 uma solu\u00e7\u00e3o sem complica\u00e7\u00f5es para si e para o seu c\u00e3o.<\/li>\n<li><strong>Durabilidade superior e acabamento suave:<\/strong> Fabricado com a durabilidade em mente, o tampo deste m\u00f3vel de madeira oferece uma superf\u00edcie robusta que combina na perfei\u00e7\u00e3o com a decora\u00e7\u00e3o da sua casa. N\u00e3o \u00e9 apenas robusto, mas tamb\u00e9m esteticamente agrad\u00e1vel.<\/li>\n<li><strong>Op\u00e7\u00f5es de personaliza\u00e7\u00e3o:<\/strong> Compreendemos que cada casa \u00e9 \u00fanica e o nosso produto complementa esse sentimento. Tem a liberdade de personalizar a sua largura para combinar perfeitamente com o seu estilo interior.<\/li>\n<li><strong>Personaliza\u00e7\u00e3o do comprador a granel:<\/strong> Para quem pretende comprar a granel, oferecemos servi\u00e7os personalizados para satisfazer as suas necessidades espec\u00edficas. Quer se trate de tamanho, acabamento ou design, a nossa equipa est\u00e1 pronta para satisfazer as suas necessidades.<\/li>\n<li><strong>Design multifuncional:<\/strong> A nossa mob\u00edlia de madeira para caixas de transporte de c\u00e3es tem uma dupla finalidade, actuando como um santu\u00e1rio seguro para o seu animal de estima\u00e7\u00e3o e uma pe\u00e7a de decora\u00e7\u00e3o elegante. Este design vers\u00e1til maximiza a utilidade do seu espa\u00e7o.<\/li>\n<\/ol>","protected":false},"excerpt":{"rendered":"<p>Somos um fabricante de caixas para c\u00e3es com mais de 20 anos de experi\u00eancia. Oferecemos op\u00e7\u00f5es de personaliza\u00e7\u00e3o de cor, tamanho, tecido, padr\u00e3o, logotipo e outros recursos.<\/p>","protected":false},"featured_media":14341,"template":"","meta":{"_acf_changed":false},"product_brand":[],"product_cat":[52,72],"product_tag":[106],"class_list":{"0":"post-14332","1":"product","2":"type-product","3":"status-publish","4":"has-post-thumbnail","6":"product_cat-dog-crates-houses-pens","7":"product_cat-dog-supplies","8":"product_tag-dog-crates-houses-pens","10":"first","11":"instock","12":"shipping-taxable","13":"product-type-simple"},"acf":[],"yoast_head":"<!-- This site is optimized with the Yoast SEO plugin v27.1.1 - https:\/\/yoast.com\/product\/yoast-seo-wordpress\/ -->\n<title>Wooden Dog Crate Furniture Wholesale | Dog Wood Crate - Petstar<\/title>\n<meta name=\"description\" content=\"Explore wooden dog crate furniture , dog wood crate,wood dog kennel directly from the manufacturer. Your ideal business solution with Petstar.\" \/>\n<meta name=\"robots\" content=\"index, follow, max-snippet:-1, max-image-preview:large, max-video-preview:-1\" \/>\n<link rel=\"canonical\" href=\"https:\/\/petproducts.com.cn\/pt\/produto\/wholesale-wood-dog-kennel-wooden-dog-crate-furniture\/\" \/>\n<meta property=\"og:locale\" content=\"pt_PT\" \/>\n<meta property=\"og:type\" content=\"article\" \/>\n<meta property=\"og:title\" content=\"Wooden Dog Crate Furniture Wholesale | Dog Wood Crate - Petstar\" \/>\n<meta property=\"og:description\" content=\"Explore wooden dog crate furniture , dog wood crate,wood dog kennel directly from the manufacturer. Your ideal business solution with Petstar.\" \/>\n<meta property=\"og:url\" content=\"https:\/\/petproducts.com.cn\/pt\/produto\/wholesale-wood-dog-kennel-wooden-dog-crate-furniture\/\" \/>\n<meta property=\"og:site_name\" content=\"Petstar\" \/>\n<meta property=\"article:modified_time\" content=\"2023-10-26T08:57:43+00:00\" \/>\n<meta property=\"og:image\" content=\"https:\/\/petproducts.com.cn\/wp-content\/uploads\/2023\/10\/wooden-dog-crate-furniture-2.jpg\" \/>\n\t<meta property=\"og:image:width\" content=\"1000\" \/>\n\t<meta property=\"og:image:height\" content=\"1000\" \/>\n\t<meta property=\"og:image:type\" content=\"image\/jpeg\" \/>\n<meta name=\"twitter:card\" content=\"summary_large_image\" \/>\n<meta name=\"twitter:label1\" content=\"Tempo estimado de leitura\" \/>\n\t<meta name=\"twitter:data1\" content=\"1 minuto\" \/>\n<script type=\"application\/ld+json\" class=\"yoast-schema-graph\">{\"@context\":\"https:\/\/schema.org\",\"@graph\":[{\"@type\":\"WebPage\",\"@id\":\"https:\/\/petproducts.com.cn\/product\/wholesale-wood-dog-kennel-wooden-dog-crate-furniture\/\",\"url\":\"https:\/\/petproducts.com.cn\/product\/wholesale-wood-dog-kennel-wooden-dog-crate-furniture\/\",\"name\":\"Wooden Dog Crate Furniture Wholesale | Dog Wood Crate - Petstar\",\"isPartOf\":{\"@id\":\"https:\/\/petproducts.com.cn\/#website\"},\"primaryImageOfPage\":{\"@id\":\"https:\/\/petproducts.com.cn\/product\/wholesale-wood-dog-kennel-wooden-dog-crate-furniture\/#primaryimage\"},\"image\":{\"@id\":\"https:\/\/petproducts.com.cn\/product\/wholesale-wood-dog-kennel-wooden-dog-crate-furniture\/#primaryimage\"},\"thumbnailUrl\":\"https:\/\/petproducts.com.cn\/wp-content\/uploads\/2023\/10\/wooden-dog-crate-furniture-2.jpg\",\"datePublished\":\"2023-10-25T09:27:53+00:00\",\"dateModified\":\"2023-10-26T08:57:43+00:00\",\"description\":\"Explore wooden dog crate furniture , dog wood crate,wood dog kennel directly from the manufacturer. Your ideal business solution with Petstar.\",\"breadcrumb\":{\"@id\":\"https:\/\/petproducts.com.cn\/product\/wholesale-wood-dog-kennel-wooden-dog-crate-furniture\/#breadcrumb\"},\"inLanguage\":\"pt-PT\",\"potentialAction\":[{\"@type\":\"ReadAction\",\"target\":[\"https:\/\/petproducts.com.cn\/product\/wholesale-wood-dog-kennel-wooden-dog-crate-furniture\/\"]}]},{\"@type\":\"ImageObject\",\"inLanguage\":\"pt-PT\",\"@id\":\"https:\/\/petproducts.com.cn\/product\/wholesale-wood-dog-kennel-wooden-dog-crate-furniture\/#primaryimage\",\"url\":\"https:\/\/petproducts.com.cn\/wp-content\/uploads\/2023\/10\/wooden-dog-crate-furniture-2.jpg\",\"contentUrl\":\"https:\/\/petproducts.com.cn\/wp-content\/uploads\/2023\/10\/wooden-dog-crate-furniture-2.jpg\",\"width\":1000,\"height\":1000,\"caption\":\"wooden dog crate furniture\"},{\"@type\":\"BreadcrumbList\",\"@id\":\"https:\/\/petproducts.com.cn\/product\/wholesale-wood-dog-kennel-wooden-dog-crate-furniture\/#breadcrumb\",\"itemListElement\":[{\"@type\":\"ListItem\",\"position\":1,\"name\":\"HOME\",\"item\":\"https:\/\/petproducts.com.cn\/\"},{\"@type\":\"ListItem\",\"position\":2,\"name\":\"Products\",\"item\":\"https:\/\/petproducts.com.cn\/shop\/\"},{\"@type\":\"ListItem\",\"position\":3,\"name\":\"Dog Supplies\",\"item\":\"https:\/\/petproducts.com.cn\/product-category\/dog-supplies\/\"},{\"@type\":\"ListItem\",\"position\":4,\"name\":\"Wholesale Wood Dog Kennel Wooden Dog Crate Furniture\"}]},{\"@type\":\"WebSite\",\"@id\":\"https:\/\/petproducts.com.cn\/#website\",\"url\":\"https:\/\/petproducts.com.cn\/\",\"name\":\"Petstar\",\"description\":\"Leading Pet Supplies Manufacturer &amp; OEM Pet Products Supplier\",\"publisher\":{\"@id\":\"https:\/\/petproducts.com.cn\/#organization\"},\"alternateName\":\"Petstar Pet Supplies\",\"potentialAction\":[{\"@type\":\"SearchAction\",\"target\":{\"@type\":\"EntryPoint\",\"urlTemplate\":\"https:\/\/petproducts.com.cn\/?s={search_term_string}\"},\"query-input\":{\"@type\":\"PropertyValueSpecification\",\"valueRequired\":true,\"valueName\":\"search_term_string\"}}],\"inLanguage\":\"pt-PT\"},{\"@type\":\"Organization\",\"@id\":\"https:\/\/petproducts.com.cn\/#organization\",\"name\":\"Petstar\",\"url\":\"https:\/\/petproducts.com.cn\/\",\"logo\":{\"@type\":\"ImageObject\",\"inLanguage\":\"pt-PT\",\"@id\":\"https:\/\/petproducts.com.cn\/#\/schema\/logo\/image\/\",\"url\":\"https:\/\/petproducts.com.cn\/wp-content\/uploads\/2020\/02\/petstar-logo.webp\",\"contentUrl\":\"https:\/\/petproducts.com.cn\/wp-content\/uploads\/2020\/02\/petstar-logo.webp\",\"width\":779,\"height\":520,\"caption\":\"Petstar\"},\"image\":{\"@id\":\"https:\/\/petproducts.com.cn\/#\/schema\/logo\/image\/\"}}]}<\/script>\n<!-- \/ Yoast SEO plugin. -->","yoast_head_json":{"title":"M\u00f3veis de madeira para c\u00e3es - Petstar","description":"Explore m\u00f3veis de madeira para c\u00e3es, caixa de madeira para c\u00e3es, canil de madeira para c\u00e3es diretamente do fabricante. A sua solu\u00e7\u00e3o comercial ideal com Petstar.","robots":{"index":"index","follow":"follow","max-snippet":"max-snippet:-1","max-image-preview":"max-image-preview:large","max-video-preview":"max-video-preview:-1"},"canonical":"https:\/\/petproducts.com.cn\/pt\/produto\/wholesale-wood-dog-kennel-wooden-dog-crate-furniture\/","og_locale":"pt_PT","og_type":"article","og_title":"Wooden Dog Crate Furniture Wholesale | Dog Wood Crate - Petstar","og_description":"Explore wooden dog crate furniture , dog wood crate,wood dog kennel directly from the manufacturer. Your ideal business solution with Petstar.","og_url":"https:\/\/petproducts.com.cn\/pt\/produto\/wholesale-wood-dog-kennel-wooden-dog-crate-furniture\/","og_site_name":"Petstar","article_modified_time":"2023-10-26T08:57:43+00:00","og_image":[{"width":1000,"height":1000,"url":"https:\/\/petproducts.com.cn\/wp-content\/uploads\/2023\/10\/wooden-dog-crate-furniture-2.jpg","type":"image\/jpeg"}],"twitter_card":"summary_large_image","twitter_misc":{"Tempo estimado de leitura":"1 minuto"},"schema":{"@context":"https:\/\/schema.org","@graph":[{"@type":"WebPage","@id":"https:\/\/petproducts.com.cn\/product\/wholesale-wood-dog-kennel-wooden-dog-crate-furniture\/","url":"https:\/\/petproducts.com.cn\/product\/wholesale-wood-dog-kennel-wooden-dog-crate-furniture\/","name":"M\u00f3veis de madeira para c\u00e3es - Petstar","isPartOf":{"@id":"https:\/\/petproducts.com.cn\/#website"},"primaryImageOfPage":{"@id":"https:\/\/petproducts.com.cn\/product\/wholesale-wood-dog-kennel-wooden-dog-crate-furniture\/#primaryimage"},"image":{"@id":"https:\/\/petproducts.com.cn\/product\/wholesale-wood-dog-kennel-wooden-dog-crate-furniture\/#primaryimage"},"thumbnailUrl":"https:\/\/petproducts.com.cn\/wp-content\/uploads\/2023\/10\/wooden-dog-crate-furniture-2.jpg","datePublished":"2023-10-25T09:27:53+00:00","dateModified":"2023-10-26T08:57:43+00:00","description":"Explore m\u00f3veis de madeira para c\u00e3es, caixa de madeira para c\u00e3es, canil de madeira para c\u00e3es diretamente do fabricante. A sua solu\u00e7\u00e3o comercial ideal com Petstar.","breadcrumb":{"@id":"https:\/\/petproducts.com.cn\/product\/wholesale-wood-dog-kennel-wooden-dog-crate-furniture\/#breadcrumb"},"inLanguage":"pt-PT","potentialAction":[{"@type":"ReadAction","target":["https:\/\/petproducts.com.cn\/product\/wholesale-wood-dog-kennel-wooden-dog-crate-furniture\/"]}]},{"@type":"ImageObject","inLanguage":"pt-PT","@id":"https:\/\/petproducts.com.cn\/product\/wholesale-wood-dog-kennel-wooden-dog-crate-furniture\/#primaryimage","url":"https:\/\/petproducts.com.cn\/wp-content\/uploads\/2023\/10\/wooden-dog-crate-furniture-2.jpg","contentUrl":"https:\/\/petproducts.com.cn\/wp-content\/uploads\/2023\/10\/wooden-dog-crate-furniture-2.jpg","width":1000,"height":1000,"caption":"wooden dog crate furniture"},{"@type":"BreadcrumbList","@id":"https:\/\/petproducts.com.cn\/product\/wholesale-wood-dog-kennel-wooden-dog-crate-furniture\/#breadcrumb","itemListElement":[{"@type":"ListItem","position":1,"name":"HOME","item":"https:\/\/petproducts.com.cn\/"},{"@type":"ListItem","position":2,"name":"Products","item":"https:\/\/petproducts.com.cn\/shop\/"},{"@type":"ListItem","position":3,"name":"Dog Supplies","item":"https:\/\/petproducts.com.cn\/product-category\/dog-supplies\/"},{"@type":"ListItem","position":4,"name":"Wholesale Wood Dog Kennel Wooden Dog Crate Furniture"}]},{"@type":"WebSite","@id":"https:\/\/petproducts.com.cn\/#website","url":"https:\/\/petproducts.com.cn\/","name":"Petstar","description":"Fabricante l\u00edder de artigos para animais de estima\u00e7\u00e3o e fornecedor de produtos OEM para animais de estima\u00e7\u00e3o","publisher":{"@id":"https:\/\/petproducts.com.cn\/#organization"},"alternateName":"Petstar Pet Supplies","potentialAction":[{"@type":"SearchAction","target":{"@type":"EntryPoint","urlTemplate":"https:\/\/petproducts.com.cn\/?s={search_term_string}"},"query-input":{"@type":"PropertyValueSpecification","valueRequired":true,"valueName":"search_term_string"}}],"inLanguage":"pt-PT"},{"@type":"Organization","@id":"https:\/\/petproducts.com.cn\/#organization","name":"Petstar","url":"https:\/\/petproducts.com.cn\/","logo":{"@type":"ImageObject","inLanguage":"pt-PT","@id":"https:\/\/petproducts.com.cn\/#\/schema\/logo\/image\/","url":"https:\/\/petproducts.com.cn\/wp-content\/uploads\/2020\/02\/petstar-logo.webp","contentUrl":"https:\/\/petproducts.com.cn\/wp-content\/uploads\/2020\/02\/petstar-logo.webp","width":779,"height":520,"caption":"Petstar"},"image":{"@id":"https:\/\/petproducts.com.cn\/#\/schema\/logo\/image\/"}}]}},"_links":{"self":[{"href":"https:\/\/petproducts.com.cn\/pt\/wp-json\/wp\/v2\/product\/14332","targetHints":{"allow":["GET"]}}],"collection":[{"href":"https:\/\/petproducts.com.cn\/pt\/wp-json\/wp\/v2\/product"}],"about":[{"href":"https:\/\/petproducts.com.cn\/pt\/wp-json\/wp\/v2\/types\/product"}],"version-history":[{"count":2,"href":"https:\/\/petproducts.com.cn\/pt\/wp-json\/wp\/v2\/product\/14332\/revisions"}],"predecessor-version":[{"id":14350,"href":"https:\/\/petproducts.com.cn\/pt\/wp-json\/wp\/v2\/product\/14332\/revisions\/14350"}],"wp:featuredmedia":[{"embeddable":true,"href":"https:\/\/petproducts.com.cn\/pt\/wp-json\/wp\/v2\/media\/14341"}],"wp:attachment":[{"href":"https:\/\/petproducts.com.cn\/pt\/wp-json\/wp\/v2\/media?parent=14332"}],"wp:term":[{"taxonomy":"product_brand","embeddable":true,"href":"https:\/\/petproducts.com.cn\/pt\/wp-json\/wp\/v2\/product_brand?post=14332"},{"taxonomy":"product_cat","embeddable":true,"href":"https:\/\/petproducts.com.cn\/pt\/wp-json\/wp\/v2\/product_cat?post=14332"},{"taxonomy":"product_tag","embeddable":true,"href":"https:\/\/petproducts.com.cn\/pt\/wp-json\/wp\/v2\/product_tag?post=14332"}],"curies":[{"name":"wp","href":"https:\/\/api.w.org\/{rel}","templated":true}]}}