{"id":14351,"date":"2023-10-26T02:26:43","date_gmt":"2023-10-26T02:26:43","guid":{"rendered":"https:\/\/petproducts.com.cn\/?post_type=product&#038;p=14351"},"modified":"2023-10-26T08:54:57","modified_gmt":"2023-10-26T08:54:57","slug":"open-top-crate-heavy-duty-metal-dog-crate","status":"publish","type":"product","link":"https:\/\/petproducts.com.cn\/pt\/product\/open-top-crate-heavy-duty-metal-dog-crate\/","title":{"rendered":"Caixa superior aberta para c\u00e3es de metal resistente"},"content":{"rendered":"<h2>Carater\u00edsticas da caixa de metal para c\u00e3es<\/h2>\n<ol>\n<li><strong>Pet Open Top Conveni\u00eancia:<\/strong> O design de topo aberto da nossa caixa met\u00e1lica para c\u00e3es permite um acesso f\u00e1cil ao colocar ou recuperar os seus animais de estima\u00e7\u00e3o. Acabaram-se as dificuldades e os problemas durante a conten\u00e7\u00e3o dos animais de estima\u00e7\u00e3o.<\/li>\n<li><strong>Constru\u00e7\u00e3o robusta e resistente:<\/strong> Fabricada com um design totalmente met\u00e1lico e resistente, esta caixa oferece uma resist\u00eancia e durabilidade excepcionais. O material de seguran\u00e7a e a superf\u00edcie com acabamento n\u00e3o t\u00f3xico d\u00e3o prioridade ao bem-estar do seu animal de estima\u00e7\u00e3o.<\/li>\n<li><strong>Suporte de peso extra:<\/strong> Para maior estabilidade e seguran\u00e7a dos animais de estima\u00e7\u00e3o maiores ou mais activos, refor\u00e7\u00e1mos esta caixa com uma barra de suporte de peso extra.<\/li>\n<li><strong>Fixar o trinco do parafuso deslizante:<\/strong> A nossa gaiola possui um fecho com parafuso deslizante, proporcionando a tranquilidade de saber que o seu animal de estima\u00e7\u00e3o est\u00e1 confinado de forma segura e n\u00e3o pode escapar.<\/li>\n<li><strong>Rodas bloque\u00e1veis para mobilidade:<\/strong> Os rod\u00edzios com fecho desta caixa tornam incrivelmente pr\u00e1tico desloc\u00e1-la pela casa, permitindo-lhe encontrar facilmente o local perfeito para o seu animal de estima\u00e7\u00e3o.<\/li>\n<li><strong>Grelha e tabuleiro higi\u00e9nicos para o ch\u00e3o:<\/strong> A grelha de ch\u00e3o inclu\u00edda eleva o seu animal de estima\u00e7\u00e3o para que fique limpo e seco, enquanto o tabuleiro extra\u00edvel ultra-resistente simplifica a limpeza. Tamb\u00e9m pode ser colocado no interior da gaiola para maior prote\u00e7\u00e3o das patas do seu animal.<\/li>\n<li><strong>Personaliza\u00e7\u00e3o para compradores a granel:<\/strong> \"Reconhecemos que v\u00e1rios compradores t\u00eam necessidades \u00fanicas. \u00c9 por isso que fornecemos op\u00e7\u00f5es personaliz\u00e1veis para compradores a granel, garantindo que o produto se alinha perfeitamente com a sua marca e a utiliza\u00e7\u00e3o pretendida.<img fetchpriority=\"high\" decoding=\"async\" class=\"alignnone wp-image-14515\" src=\"https:\/\/petproducts.com.cn\/wp-content\/uploads\/2023\/10\/dog-cage-212x300.webp\" alt=\"\" width=\"1180\" height=\"1670\" srcset=\"https:\/\/petproducts.com.cn\/wp-content\/uploads\/2023\/10\/dog-cage-212x300.webp 212w, https:\/\/petproducts.com.cn\/wp-content\/uploads\/2023\/10\/dog-cage-724x1024.webp 724w, https:\/\/petproducts.com.cn\/wp-content\/uploads\/2023\/10\/dog-cage-768x1087.webp 768w, https:\/\/petproducts.com.cn\/wp-content\/uploads\/2023\/10\/dog-cage-1086x1536.webp 1086w, https:\/\/petproducts.com.cn\/wp-content\/uploads\/2023\/10\/dog-cage-1447x2048.webp 1447w, https:\/\/petproducts.com.cn\/wp-content\/uploads\/2023\/10\/dog-cage-600x849.webp 600w, https:\/\/petproducts.com.cn\/wp-content\/uploads\/2023\/10\/dog-cage-scaled.webp 1809w\" sizes=\"(max-width: 1180px) 100vw, 1180px\" \/><\/li>\n<\/ol>","protected":false},"excerpt":{"rendered":"<p>N\u00f3s somos um fabricante de caixa de metal para c\u00e3es com mais de 20 anos de experi\u00eancia. Oferecemos op\u00e7\u00f5es de personaliza\u00e7\u00e3o para cor, tamanho, tecido, padr\u00e3o, log\u00f3tipo e outras carater\u00edsticas.<\/p>","protected":false},"featured_media":14354,"template":"","meta":{"_acf_changed":false},"product_brand":[],"product_cat":[52,72],"product_tag":[106],"class_list":{"0":"post-14351","1":"product","2":"type-product","3":"status-publish","4":"has-post-thumbnail","6":"product_cat-dog-crates-houses-pens","7":"product_cat-dog-supplies","8":"product_tag-dog-crates-houses-pens","10":"first","11":"instock","12":"shipping-taxable","13":"product-type-simple"},"acf":[],"yoast_head":"<!-- This site is optimized with the Yoast SEO plugin v27.1.1 - https:\/\/yoast.com\/product\/yoast-seo-wordpress\/ -->\n<title>Metal Dog Crate Wholesale | Metal Dog Kennel Supplier - Petstar<\/title>\n<meta name=\"description\" content=\"Explore metal dog crate , dog crate metal,metal dog kennel directly from the manufacturer. Your ideal business solution with Petstar.\" \/>\n<meta name=\"robots\" content=\"index, follow, max-snippet:-1, max-image-preview:large, max-video-preview:-1\" \/>\n<link rel=\"canonical\" href=\"https:\/\/petproducts.com.cn\/pt\/produto\/open-top-crate-heavy-duty-metal-dog-crate\/\" \/>\n<meta property=\"og:locale\" content=\"pt_PT\" \/>\n<meta property=\"og:type\" content=\"article\" \/>\n<meta property=\"og:title\" content=\"Metal Dog Crate Wholesale | Metal Dog Kennel Supplier - Petstar\" \/>\n<meta property=\"og:description\" content=\"Explore metal dog crate , dog crate metal,metal dog kennel directly from the manufacturer. Your ideal business solution with Petstar.\" \/>\n<meta property=\"og:url\" content=\"https:\/\/petproducts.com.cn\/pt\/produto\/open-top-crate-heavy-duty-metal-dog-crate\/\" \/>\n<meta property=\"og:site_name\" content=\"Petstar\" \/>\n<meta property=\"article:modified_time\" content=\"2023-10-26T08:54:57+00:00\" \/>\n<meta property=\"og:image\" content=\"https:\/\/petproducts.com.cn\/wp-content\/uploads\/2023\/10\/metal-dog-crate.webp\" \/>\n\t<meta property=\"og:image:width\" content=\"1000\" \/>\n\t<meta property=\"og:image:height\" content=\"1000\" \/>\n\t<meta property=\"og:image:type\" content=\"image\/webp\" \/>\n<meta name=\"twitter:card\" content=\"summary_large_image\" \/>\n<meta name=\"twitter:label1\" content=\"Tempo estimado de leitura\" \/>\n\t<meta name=\"twitter:data1\" content=\"2 minutos\" \/>\n<script type=\"application\/ld+json\" class=\"yoast-schema-graph\">{\"@context\":\"https:\/\/schema.org\",\"@graph\":[{\"@type\":\"WebPage\",\"@id\":\"https:\/\/petproducts.com.cn\/product\/open-top-crate-heavy-duty-metal-dog-crate\/\",\"url\":\"https:\/\/petproducts.com.cn\/product\/open-top-crate-heavy-duty-metal-dog-crate\/\",\"name\":\"Metal Dog Crate Wholesale | Metal Dog Kennel Supplier - Petstar\",\"isPartOf\":{\"@id\":\"https:\/\/petproducts.com.cn\/#website\"},\"primaryImageOfPage\":{\"@id\":\"https:\/\/petproducts.com.cn\/product\/open-top-crate-heavy-duty-metal-dog-crate\/#primaryimage\"},\"image\":{\"@id\":\"https:\/\/petproducts.com.cn\/product\/open-top-crate-heavy-duty-metal-dog-crate\/#primaryimage\"},\"thumbnailUrl\":\"https:\/\/petproducts.com.cn\/wp-content\/uploads\/2023\/10\/metal-dog-crate.webp\",\"datePublished\":\"2023-10-26T02:26:43+00:00\",\"dateModified\":\"2023-10-26T08:54:57+00:00\",\"description\":\"Explore metal dog crate , dog crate metal,metal dog kennel directly from the manufacturer. Your ideal business solution with Petstar.\",\"breadcrumb\":{\"@id\":\"https:\/\/petproducts.com.cn\/product\/open-top-crate-heavy-duty-metal-dog-crate\/#breadcrumb\"},\"inLanguage\":\"pt-PT\",\"potentialAction\":[{\"@type\":\"ReadAction\",\"target\":[\"https:\/\/petproducts.com.cn\/product\/open-top-crate-heavy-duty-metal-dog-crate\/\"]}]},{\"@type\":\"ImageObject\",\"inLanguage\":\"pt-PT\",\"@id\":\"https:\/\/petproducts.com.cn\/product\/open-top-crate-heavy-duty-metal-dog-crate\/#primaryimage\",\"url\":\"https:\/\/petproducts.com.cn\/wp-content\/uploads\/2023\/10\/metal-dog-crate.webp\",\"contentUrl\":\"https:\/\/petproducts.com.cn\/wp-content\/uploads\/2023\/10\/metal-dog-crate.webp\",\"width\":1000,\"height\":1000,\"caption\":\"metal dog crate\"},{\"@type\":\"BreadcrumbList\",\"@id\":\"https:\/\/petproducts.com.cn\/product\/open-top-crate-heavy-duty-metal-dog-crate\/#breadcrumb\",\"itemListElement\":[{\"@type\":\"ListItem\",\"position\":1,\"name\":\"HOME\",\"item\":\"https:\/\/petproducts.com.cn\/\"},{\"@type\":\"ListItem\",\"position\":2,\"name\":\"Products\",\"item\":\"https:\/\/petproducts.com.cn\/shop\/\"},{\"@type\":\"ListItem\",\"position\":3,\"name\":\"Dog Supplies\",\"item\":\"https:\/\/petproducts.com.cn\/product-category\/dog-supplies\/\"},{\"@type\":\"ListItem\",\"position\":4,\"name\":\"Open Top Crate Heavy Duty Metal Dog Crate\"}]},{\"@type\":\"WebSite\",\"@id\":\"https:\/\/petproducts.com.cn\/#website\",\"url\":\"https:\/\/petproducts.com.cn\/\",\"name\":\"Petstar\",\"description\":\"Leading Pet Supplies Manufacturer &amp; OEM Pet Products Supplier\",\"publisher\":{\"@id\":\"https:\/\/petproducts.com.cn\/#organization\"},\"alternateName\":\"Petstar Pet Supplies\",\"potentialAction\":[{\"@type\":\"SearchAction\",\"target\":{\"@type\":\"EntryPoint\",\"urlTemplate\":\"https:\/\/petproducts.com.cn\/?s={search_term_string}\"},\"query-input\":{\"@type\":\"PropertyValueSpecification\",\"valueRequired\":true,\"valueName\":\"search_term_string\"}}],\"inLanguage\":\"pt-PT\"},{\"@type\":\"Organization\",\"@id\":\"https:\/\/petproducts.com.cn\/#organization\",\"name\":\"Petstar\",\"url\":\"https:\/\/petproducts.com.cn\/\",\"logo\":{\"@type\":\"ImageObject\",\"inLanguage\":\"pt-PT\",\"@id\":\"https:\/\/petproducts.com.cn\/#\/schema\/logo\/image\/\",\"url\":\"https:\/\/petproducts.com.cn\/wp-content\/uploads\/2020\/02\/petstar-logo.webp\",\"contentUrl\":\"https:\/\/petproducts.com.cn\/wp-content\/uploads\/2020\/02\/petstar-logo.webp\",\"width\":779,\"height\":520,\"caption\":\"Petstar\"},\"image\":{\"@id\":\"https:\/\/petproducts.com.cn\/#\/schema\/logo\/image\/\"}}]}<\/script>\n<!-- \/ Yoast SEO plugin. -->","yoast_head_json":{"title":"Fornecedor de caixa de metal para c\u00e3es - Petstar","description":"Explore caixa de metal para c\u00e3es, caixa de metal para c\u00e3es, canil de metal para c\u00e3es diretamente do fabricante. A sua solu\u00e7\u00e3o comercial ideal com Petstar.","robots":{"index":"index","follow":"follow","max-snippet":"max-snippet:-1","max-image-preview":"max-image-preview:large","max-video-preview":"max-video-preview:-1"},"canonical":"https:\/\/petproducts.com.cn\/pt\/produto\/open-top-crate-heavy-duty-metal-dog-crate\/","og_locale":"pt_PT","og_type":"article","og_title":"Metal Dog Crate Wholesale | Metal Dog Kennel Supplier - Petstar","og_description":"Explore metal dog crate , dog crate metal,metal dog kennel directly from the manufacturer. Your ideal business solution with Petstar.","og_url":"https:\/\/petproducts.com.cn\/pt\/produto\/open-top-crate-heavy-duty-metal-dog-crate\/","og_site_name":"Petstar","article_modified_time":"2023-10-26T08:54:57+00:00","og_image":[{"width":1000,"height":1000,"url":"https:\/\/petproducts.com.cn\/wp-content\/uploads\/2023\/10\/metal-dog-crate.webp","type":"image\/webp"}],"twitter_card":"summary_large_image","twitter_misc":{"Tempo estimado de leitura":"2 minutos"},"schema":{"@context":"https:\/\/schema.org","@graph":[{"@type":"WebPage","@id":"https:\/\/petproducts.com.cn\/product\/open-top-crate-heavy-duty-metal-dog-crate\/","url":"https:\/\/petproducts.com.cn\/product\/open-top-crate-heavy-duty-metal-dog-crate\/","name":"Fornecedor de caixa de metal para c\u00e3es - Petstar","isPartOf":{"@id":"https:\/\/petproducts.com.cn\/#website"},"primaryImageOfPage":{"@id":"https:\/\/petproducts.com.cn\/product\/open-top-crate-heavy-duty-metal-dog-crate\/#primaryimage"},"image":{"@id":"https:\/\/petproducts.com.cn\/product\/open-top-crate-heavy-duty-metal-dog-crate\/#primaryimage"},"thumbnailUrl":"https:\/\/petproducts.com.cn\/wp-content\/uploads\/2023\/10\/metal-dog-crate.webp","datePublished":"2023-10-26T02:26:43+00:00","dateModified":"2023-10-26T08:54:57+00:00","description":"Explore caixa de metal para c\u00e3es, caixa de metal para c\u00e3es, canil de metal para c\u00e3es diretamente do fabricante. A sua solu\u00e7\u00e3o comercial ideal com Petstar.","breadcrumb":{"@id":"https:\/\/petproducts.com.cn\/product\/open-top-crate-heavy-duty-metal-dog-crate\/#breadcrumb"},"inLanguage":"pt-PT","potentialAction":[{"@type":"ReadAction","target":["https:\/\/petproducts.com.cn\/product\/open-top-crate-heavy-duty-metal-dog-crate\/"]}]},{"@type":"ImageObject","inLanguage":"pt-PT","@id":"https:\/\/petproducts.com.cn\/product\/open-top-crate-heavy-duty-metal-dog-crate\/#primaryimage","url":"https:\/\/petproducts.com.cn\/wp-content\/uploads\/2023\/10\/metal-dog-crate.webp","contentUrl":"https:\/\/petproducts.com.cn\/wp-content\/uploads\/2023\/10\/metal-dog-crate.webp","width":1000,"height":1000,"caption":"metal dog crate"},{"@type":"BreadcrumbList","@id":"https:\/\/petproducts.com.cn\/product\/open-top-crate-heavy-duty-metal-dog-crate\/#breadcrumb","itemListElement":[{"@type":"ListItem","position":1,"name":"HOME","item":"https:\/\/petproducts.com.cn\/"},{"@type":"ListItem","position":2,"name":"Products","item":"https:\/\/petproducts.com.cn\/shop\/"},{"@type":"ListItem","position":3,"name":"Dog Supplies","item":"https:\/\/petproducts.com.cn\/product-category\/dog-supplies\/"},{"@type":"ListItem","position":4,"name":"Open Top Crate Heavy Duty Metal Dog Crate"}]},{"@type":"WebSite","@id":"https:\/\/petproducts.com.cn\/#website","url":"https:\/\/petproducts.com.cn\/","name":"Petstar","description":"Fabricante l\u00edder de artigos para animais de estima\u00e7\u00e3o e fornecedor de produtos OEM para animais de estima\u00e7\u00e3o","publisher":{"@id":"https:\/\/petproducts.com.cn\/#organization"},"alternateName":"Petstar Pet Supplies","potentialAction":[{"@type":"SearchAction","target":{"@type":"EntryPoint","urlTemplate":"https:\/\/petproducts.com.cn\/?s={search_term_string}"},"query-input":{"@type":"PropertyValueSpecification","valueRequired":true,"valueName":"search_term_string"}}],"inLanguage":"pt-PT"},{"@type":"Organization","@id":"https:\/\/petproducts.com.cn\/#organization","name":"Petstar","url":"https:\/\/petproducts.com.cn\/","logo":{"@type":"ImageObject","inLanguage":"pt-PT","@id":"https:\/\/petproducts.com.cn\/#\/schema\/logo\/image\/","url":"https:\/\/petproducts.com.cn\/wp-content\/uploads\/2020\/02\/petstar-logo.webp","contentUrl":"https:\/\/petproducts.com.cn\/wp-content\/uploads\/2020\/02\/petstar-logo.webp","width":779,"height":520,"caption":"Petstar"},"image":{"@id":"https:\/\/petproducts.com.cn\/#\/schema\/logo\/image\/"}}]}},"_links":{"self":[{"href":"https:\/\/petproducts.com.cn\/pt\/wp-json\/wp\/v2\/product\/14351","targetHints":{"allow":["GET"]}}],"collection":[{"href":"https:\/\/petproducts.com.cn\/pt\/wp-json\/wp\/v2\/product"}],"about":[{"href":"https:\/\/petproducts.com.cn\/pt\/wp-json\/wp\/v2\/types\/product"}],"version-history":[{"count":3,"href":"https:\/\/petproducts.com.cn\/pt\/wp-json\/wp\/v2\/product\/14351\/revisions"}],"predecessor-version":[{"id":14520,"href":"https:\/\/petproducts.com.cn\/pt\/wp-json\/wp\/v2\/product\/14351\/revisions\/14520"}],"wp:featuredmedia":[{"embeddable":true,"href":"https:\/\/petproducts.com.cn\/pt\/wp-json\/wp\/v2\/media\/14354"}],"wp:attachment":[{"href":"https:\/\/petproducts.com.cn\/pt\/wp-json\/wp\/v2\/media?parent=14351"}],"wp:term":[{"taxonomy":"product_brand","embeddable":true,"href":"https:\/\/petproducts.com.cn\/pt\/wp-json\/wp\/v2\/product_brand?post=14351"},{"taxonomy":"product_cat","embeddable":true,"href":"https:\/\/petproducts.com.cn\/pt\/wp-json\/wp\/v2\/product_cat?post=14351"},{"taxonomy":"product_tag","embeddable":true,"href":"https:\/\/petproducts.com.cn\/pt\/wp-json\/wp\/v2\/product_tag?post=14351"}],"curies":[{"name":"wp","href":"https:\/\/api.w.org\/{rel}","templated":true}]}}