{"id":14368,"date":"2023-10-26T03:26:00","date_gmt":"2023-10-26T03:26:00","guid":{"rendered":"https:\/\/petproducts.com.cn\/?post_type=product&#038;p=14368"},"modified":"2023-10-26T08:57:01","modified_gmt":"2023-10-26T08:57:01","slug":"outdoor-oxford-fabric-waterproof-foldable-steel-tube-pet-crate","status":"publish","type":"product","link":"https:\/\/petproducts.com.cn\/pt\/product\/outdoor-oxford-fabric-waterproof-foldable-steel-tube-pet-crate\/","title":{"rendered":"Caixa para animais de estima\u00e7\u00e3o com tubo de a\u00e7o dobr\u00e1vel \u00e0 prova d&#039;\u00e1gua em tecido Oxford para exterior"},"content":{"rendered":"<h2>Carater\u00edsticas da caixa de transporte dobr\u00e1vel para c\u00e3es<\/h2>\n<ol>\n<li><strong>Constru\u00e7\u00e3o em tecido Oxford dur\u00e1vel:<\/strong> Fabricada em tecido Oxford \u00e0 prova de \u00e1gua, esta casota dobr\u00e1vel para c\u00e3es garante uma qualidade duradoura.<\/li>\n<li><strong>Estrutura robusta de suporte de tubos de a\u00e7o:<\/strong> A caixa possui uma estrutura robusta de suporte em tubo de a\u00e7o com um di\u00e2metro de 19 mm e uma espessura de 1 mm. Consequentemente, proporciona uma durabilidade e estabilidade excepcionais.<\/li>\n<li><strong>Dobr\u00e1vel e c\u00f3modo:<\/strong> Refor\u00e7\u00e1mos estruturalmente o interior da caixa com tubos de a\u00e7o de 19 mm com paredes de 1 mm de espessura, assegurando que n\u00e3o s\u00f3 \u00e9 mais forte como tamb\u00e9m \u00e9 f\u00e1cil de dobrar e expandir.<\/li>\n<li><strong>Montagem f\u00e1cil:<\/strong> A transportadora dobr\u00e1vel para animais de estima\u00e7\u00e3o pode ser montada sem esfor\u00e7o, o que a torna conveniente para utiliza\u00e7\u00e3o em viagem.<\/li>\n<li><strong>V\u00e1rias op\u00e7\u00f5es de tamanho:<\/strong> Dispon\u00edvel em diferentes tamanhos - XS (49,5\u00d734,5\u00d734,5cm), S (60x42x42cm), M (70x52x52cm) e L (81,3\u00d758,4\u00d758,4cm) - para se adaptar \u00e0s necessidades espec\u00edficas do seu animal de estima\u00e7\u00e3o.<\/li>\n<li><strong>M\u00e9todo de dobragem c\u00f3modo:<\/strong> O design com fecho de correr simplifica o processo de dobragem, permitindo-lhe montar ou guardar a caixa rapidamente.<\/li>\n<li><strong>Ventila\u00e7\u00e3o \u00f3ptima:<\/strong> Com um design de malha respir\u00e1vel e um tubo retr\u00e1til, o seu animal de estima\u00e7\u00e3o desfrutar\u00e1 sempre de um ambiente bem ventilado e confort\u00e1vel.<\/li>\n<li><strong>Acesso c\u00f3modo com fecho de correr:<\/strong> O design inovador do fecho de correr garante um acesso f\u00e1cil ao seu animal de estima\u00e7\u00e3o, tornando simples coloc\u00e1-lo no interior ou deix\u00e1-lo sair.<\/li>\n<li><strong>Leve e port\u00e1til:<\/strong> A sua constru\u00e7\u00e3o leve e o design dobr\u00e1vel tornam-no facilmente transport\u00e1vel, quer esteja em casa ou em viagem, garantindo o conforto do seu animal de estima\u00e7\u00e3o onde quer que esteja.<\/li>\n<li><strong>Manuten\u00e7\u00e3o f\u00e1cil:<\/strong> O tecido Oxford \u00e0 prova de \u00e1gua simplifica a limpeza. Consequentemente, pode limpar facilmente os derrames e os acidentes.<img fetchpriority=\"high\" decoding=\"async\" class=\"alignnone wp-image-14516\" src=\"https:\/\/petproducts.com.cn\/wp-content\/uploads\/2023\/10\/outdoor-dog-cage-224x300.webp\" alt=\"\" width=\"1180\" height=\"1577\" srcset=\"https:\/\/petproducts.com.cn\/wp-content\/uploads\/2023\/10\/outdoor-dog-cage-224x300.webp 224w, https:\/\/petproducts.com.cn\/wp-content\/uploads\/2023\/10\/outdoor-dog-cage-766x1024.webp 766w, https:\/\/petproducts.com.cn\/wp-content\/uploads\/2023\/10\/outdoor-dog-cage-768x1027.webp 768w, https:\/\/petproducts.com.cn\/wp-content\/uploads\/2023\/10\/outdoor-dog-cage-1149x1536.webp 1149w, https:\/\/petproducts.com.cn\/wp-content\/uploads\/2023\/10\/outdoor-dog-cage-1532x2048.webp 1532w, https:\/\/petproducts.com.cn\/wp-content\/uploads\/2023\/10\/outdoor-dog-cage-600x802.webp 600w, https:\/\/petproducts.com.cn\/wp-content\/uploads\/2023\/10\/outdoor-dog-cage-scaled.webp 1915w\" sizes=\"(max-width: 1180px) 100vw, 1180px\" \/><\/li>\n<\/ol>","protected":false},"excerpt":{"rendered":"<p>N\u00f3s somos um fabricante de caixas dobr\u00e1veis para animais de estima\u00e7\u00e3o com mais de 20 anos de experi\u00eancia. Oferecemos op\u00e7\u00f5es de personaliza\u00e7\u00e3o para cor, tamanho, tecido, padr\u00e3o, log\u00f3tipo e outras carater\u00edsticas.<\/p>\n<div id=\"gtx-trans\" style=\"position: absolute; left: 127px; top: 37.9034px;\">\n<div class=\"gtx-trans-icon\"><\/div>\n<\/div>","protected":false},"featured_media":14372,"template":"","meta":{"_acf_changed":false},"product_brand":[],"product_cat":[52,72],"product_tag":[106],"class_list":{"0":"post-14368","1":"product","2":"type-product","3":"status-publish","4":"has-post-thumbnail","6":"product_cat-dog-crates-houses-pens","7":"product_cat-dog-supplies","8":"product_tag-dog-crates-houses-pens","10":"first","11":"instock","12":"shipping-taxable","13":"product-type-simple"},"acf":[],"yoast_head":"<!-- This site is optimized with the Yoast SEO plugin v27.1.1 - https:\/\/yoast.com\/product\/yoast-seo-wordpress\/ -->\n<title>Foldable Dog Crate Wholesale | Folding Dog Crate Supplier- Petstar<\/title>\n<meta name=\"description\" content=\"Explore foldable dog crate , folding dog crate,dog crate foldable directly from the manufacturer. Your ideal business solution with Petstar.\" \/>\n<meta name=\"robots\" content=\"index, follow, max-snippet:-1, max-image-preview:large, max-video-preview:-1\" \/>\n<link rel=\"canonical\" href=\"https:\/\/petproducts.com.cn\/pt\/produto\/outdoor-oxford-fabric-waterproof-foldable-steel-tube-pet-crate\/\" \/>\n<meta property=\"og:locale\" content=\"pt_PT\" \/>\n<meta property=\"og:type\" content=\"article\" \/>\n<meta property=\"og:title\" content=\"Foldable Dog Crate Wholesale | Folding Dog Crate Supplier- Petstar\" \/>\n<meta property=\"og:description\" content=\"Explore foldable dog crate , folding dog crate,dog crate foldable directly from the manufacturer. Your ideal business solution with Petstar.\" \/>\n<meta property=\"og:url\" content=\"https:\/\/petproducts.com.cn\/pt\/produto\/outdoor-oxford-fabric-waterproof-foldable-steel-tube-pet-crate\/\" \/>\n<meta property=\"og:site_name\" content=\"Petstar\" \/>\n<meta property=\"article:modified_time\" content=\"2023-10-26T08:57:01+00:00\" \/>\n<meta property=\"og:image\" content=\"https:\/\/petproducts.com.cn\/wp-content\/uploads\/2023\/10\/foldable-dog-crate.webp\" \/>\n\t<meta property=\"og:image:width\" content=\"1000\" \/>\n\t<meta property=\"og:image:height\" content=\"1000\" \/>\n\t<meta property=\"og:image:type\" content=\"image\/webp\" \/>\n<meta name=\"twitter:card\" content=\"summary_large_image\" \/>\n<meta name=\"twitter:label1\" content=\"Tempo estimado de leitura\" \/>\n\t<meta name=\"twitter:data1\" content=\"2 minutos\" \/>\n<script type=\"application\/ld+json\" class=\"yoast-schema-graph\">{\"@context\":\"https:\/\/schema.org\",\"@graph\":[{\"@type\":\"WebPage\",\"@id\":\"https:\/\/petproducts.com.cn\/product\/outdoor-oxford-fabric-waterproof-foldable-steel-tube-pet-crate\/\",\"url\":\"https:\/\/petproducts.com.cn\/product\/outdoor-oxford-fabric-waterproof-foldable-steel-tube-pet-crate\/\",\"name\":\"Foldable Dog Crate Wholesale | Folding Dog Crate Supplier- Petstar\",\"isPartOf\":{\"@id\":\"https:\/\/petproducts.com.cn\/#website\"},\"primaryImageOfPage\":{\"@id\":\"https:\/\/petproducts.com.cn\/product\/outdoor-oxford-fabric-waterproof-foldable-steel-tube-pet-crate\/#primaryimage\"},\"image\":{\"@id\":\"https:\/\/petproducts.com.cn\/product\/outdoor-oxford-fabric-waterproof-foldable-steel-tube-pet-crate\/#primaryimage\"},\"thumbnailUrl\":\"https:\/\/petproducts.com.cn\/wp-content\/uploads\/2023\/10\/foldable-dog-crate.webp\",\"datePublished\":\"2023-10-26T03:26:00+00:00\",\"dateModified\":\"2023-10-26T08:57:01+00:00\",\"description\":\"Explore foldable dog crate , folding dog crate,dog crate foldable directly from the manufacturer. Your ideal business solution with Petstar.\",\"breadcrumb\":{\"@id\":\"https:\/\/petproducts.com.cn\/product\/outdoor-oxford-fabric-waterproof-foldable-steel-tube-pet-crate\/#breadcrumb\"},\"inLanguage\":\"pt-PT\",\"potentialAction\":[{\"@type\":\"ReadAction\",\"target\":[\"https:\/\/petproducts.com.cn\/product\/outdoor-oxford-fabric-waterproof-foldable-steel-tube-pet-crate\/\"]}]},{\"@type\":\"ImageObject\",\"inLanguage\":\"pt-PT\",\"@id\":\"https:\/\/petproducts.com.cn\/product\/outdoor-oxford-fabric-waterproof-foldable-steel-tube-pet-crate\/#primaryimage\",\"url\":\"https:\/\/petproducts.com.cn\/wp-content\/uploads\/2023\/10\/foldable-dog-crate.webp\",\"contentUrl\":\"https:\/\/petproducts.com.cn\/wp-content\/uploads\/2023\/10\/foldable-dog-crate.webp\",\"width\":1000,\"height\":1000,\"caption\":\"foldable dog crate\"},{\"@type\":\"BreadcrumbList\",\"@id\":\"https:\/\/petproducts.com.cn\/product\/outdoor-oxford-fabric-waterproof-foldable-steel-tube-pet-crate\/#breadcrumb\",\"itemListElement\":[{\"@type\":\"ListItem\",\"position\":1,\"name\":\"HOME\",\"item\":\"https:\/\/petproducts.com.cn\/\"},{\"@type\":\"ListItem\",\"position\":2,\"name\":\"Products\",\"item\":\"https:\/\/petproducts.com.cn\/shop\/\"},{\"@type\":\"ListItem\",\"position\":3,\"name\":\"Dog Supplies\",\"item\":\"https:\/\/petproducts.com.cn\/product-category\/dog-supplies\/\"},{\"@type\":\"ListItem\",\"position\":4,\"name\":\"Outdoor Oxford Fabric Waterproof Foldable Steel Tube Pet Crate\"}]},{\"@type\":\"WebSite\",\"@id\":\"https:\/\/petproducts.com.cn\/#website\",\"url\":\"https:\/\/petproducts.com.cn\/\",\"name\":\"Petstar\",\"description\":\"Leading Pet Supplies Manufacturer &amp; OEM Pet Products Supplier\",\"publisher\":{\"@id\":\"https:\/\/petproducts.com.cn\/#organization\"},\"alternateName\":\"Petstar Pet Supplies\",\"potentialAction\":[{\"@type\":\"SearchAction\",\"target\":{\"@type\":\"EntryPoint\",\"urlTemplate\":\"https:\/\/petproducts.com.cn\/?s={search_term_string}\"},\"query-input\":{\"@type\":\"PropertyValueSpecification\",\"valueRequired\":true,\"valueName\":\"search_term_string\"}}],\"inLanguage\":\"pt-PT\"},{\"@type\":\"Organization\",\"@id\":\"https:\/\/petproducts.com.cn\/#organization\",\"name\":\"Petstar\",\"url\":\"https:\/\/petproducts.com.cn\/\",\"logo\":{\"@type\":\"ImageObject\",\"inLanguage\":\"pt-PT\",\"@id\":\"https:\/\/petproducts.com.cn\/#\/schema\/logo\/image\/\",\"url\":\"https:\/\/petproducts.com.cn\/wp-content\/uploads\/2020\/02\/petstar-logo.webp\",\"contentUrl\":\"https:\/\/petproducts.com.cn\/wp-content\/uploads\/2020\/02\/petstar-logo.webp\",\"width\":779,\"height\":520,\"caption\":\"Petstar\"},\"image\":{\"@id\":\"https:\/\/petproducts.com.cn\/#\/schema\/logo\/image\/\"}}]}<\/script>\n<!-- \/ Yoast SEO plugin. -->","yoast_head_json":{"title":"Caixa dobr\u00e1vel para c\u00e3es por atacado | Fornecedor de caixa dobr\u00e1vel para c\u00e3es - Petstar","description":"Explore caixa de c\u00e3o dobr\u00e1vel, caixa de c\u00e3o dobr\u00e1vel, caixa de c\u00e3o dobr\u00e1vel diretamente do fabricante. A sua solu\u00e7\u00e3o comercial ideal com Petstar.","robots":{"index":"index","follow":"follow","max-snippet":"max-snippet:-1","max-image-preview":"max-image-preview:large","max-video-preview":"max-video-preview:-1"},"canonical":"https:\/\/petproducts.com.cn\/pt\/produto\/outdoor-oxford-fabric-waterproof-foldable-steel-tube-pet-crate\/","og_locale":"pt_PT","og_type":"article","og_title":"Foldable Dog Crate Wholesale | Folding Dog Crate Supplier- Petstar","og_description":"Explore foldable dog crate , folding dog crate,dog crate foldable directly from the manufacturer. Your ideal business solution with Petstar.","og_url":"https:\/\/petproducts.com.cn\/pt\/produto\/outdoor-oxford-fabric-waterproof-foldable-steel-tube-pet-crate\/","og_site_name":"Petstar","article_modified_time":"2023-10-26T08:57:01+00:00","og_image":[{"width":1000,"height":1000,"url":"https:\/\/petproducts.com.cn\/wp-content\/uploads\/2023\/10\/foldable-dog-crate.webp","type":"image\/webp"}],"twitter_card":"summary_large_image","twitter_misc":{"Tempo estimado de leitura":"2 minutos"},"schema":{"@context":"https:\/\/schema.org","@graph":[{"@type":"WebPage","@id":"https:\/\/petproducts.com.cn\/product\/outdoor-oxford-fabric-waterproof-foldable-steel-tube-pet-crate\/","url":"https:\/\/petproducts.com.cn\/product\/outdoor-oxford-fabric-waterproof-foldable-steel-tube-pet-crate\/","name":"Caixa dobr\u00e1vel para c\u00e3es por atacado | Fornecedor de caixa dobr\u00e1vel para c\u00e3es - Petstar","isPartOf":{"@id":"https:\/\/petproducts.com.cn\/#website"},"primaryImageOfPage":{"@id":"https:\/\/petproducts.com.cn\/product\/outdoor-oxford-fabric-waterproof-foldable-steel-tube-pet-crate\/#primaryimage"},"image":{"@id":"https:\/\/petproducts.com.cn\/product\/outdoor-oxford-fabric-waterproof-foldable-steel-tube-pet-crate\/#primaryimage"},"thumbnailUrl":"https:\/\/petproducts.com.cn\/wp-content\/uploads\/2023\/10\/foldable-dog-crate.webp","datePublished":"2023-10-26T03:26:00+00:00","dateModified":"2023-10-26T08:57:01+00:00","description":"Explore caixa de c\u00e3o dobr\u00e1vel, caixa de c\u00e3o dobr\u00e1vel, caixa de c\u00e3o dobr\u00e1vel diretamente do fabricante. A sua solu\u00e7\u00e3o comercial ideal com Petstar.","breadcrumb":{"@id":"https:\/\/petproducts.com.cn\/product\/outdoor-oxford-fabric-waterproof-foldable-steel-tube-pet-crate\/#breadcrumb"},"inLanguage":"pt-PT","potentialAction":[{"@type":"ReadAction","target":["https:\/\/petproducts.com.cn\/product\/outdoor-oxford-fabric-waterproof-foldable-steel-tube-pet-crate\/"]}]},{"@type":"ImageObject","inLanguage":"pt-PT","@id":"https:\/\/petproducts.com.cn\/product\/outdoor-oxford-fabric-waterproof-foldable-steel-tube-pet-crate\/#primaryimage","url":"https:\/\/petproducts.com.cn\/wp-content\/uploads\/2023\/10\/foldable-dog-crate.webp","contentUrl":"https:\/\/petproducts.com.cn\/wp-content\/uploads\/2023\/10\/foldable-dog-crate.webp","width":1000,"height":1000,"caption":"foldable dog crate"},{"@type":"BreadcrumbList","@id":"https:\/\/petproducts.com.cn\/product\/outdoor-oxford-fabric-waterproof-foldable-steel-tube-pet-crate\/#breadcrumb","itemListElement":[{"@type":"ListItem","position":1,"name":"HOME","item":"https:\/\/petproducts.com.cn\/"},{"@type":"ListItem","position":2,"name":"Products","item":"https:\/\/petproducts.com.cn\/shop\/"},{"@type":"ListItem","position":3,"name":"Dog Supplies","item":"https:\/\/petproducts.com.cn\/product-category\/dog-supplies\/"},{"@type":"ListItem","position":4,"name":"Outdoor Oxford Fabric Waterproof Foldable Steel Tube Pet Crate"}]},{"@type":"WebSite","@id":"https:\/\/petproducts.com.cn\/#website","url":"https:\/\/petproducts.com.cn\/","name":"Petstar","description":"Fabricante l\u00edder de artigos para animais de estima\u00e7\u00e3o e fornecedor de produtos OEM para animais de estima\u00e7\u00e3o","publisher":{"@id":"https:\/\/petproducts.com.cn\/#organization"},"alternateName":"Petstar Pet Supplies","potentialAction":[{"@type":"SearchAction","target":{"@type":"EntryPoint","urlTemplate":"https:\/\/petproducts.com.cn\/?s={search_term_string}"},"query-input":{"@type":"PropertyValueSpecification","valueRequired":true,"valueName":"search_term_string"}}],"inLanguage":"pt-PT"},{"@type":"Organization","@id":"https:\/\/petproducts.com.cn\/#organization","name":"Petstar","url":"https:\/\/petproducts.com.cn\/","logo":{"@type":"ImageObject","inLanguage":"pt-PT","@id":"https:\/\/petproducts.com.cn\/#\/schema\/logo\/image\/","url":"https:\/\/petproducts.com.cn\/wp-content\/uploads\/2020\/02\/petstar-logo.webp","contentUrl":"https:\/\/petproducts.com.cn\/wp-content\/uploads\/2020\/02\/petstar-logo.webp","width":779,"height":520,"caption":"Petstar"},"image":{"@id":"https:\/\/petproducts.com.cn\/#\/schema\/logo\/image\/"}}]}},"_links":{"self":[{"href":"https:\/\/petproducts.com.cn\/pt\/wp-json\/wp\/v2\/product\/14368","targetHints":{"allow":["GET"]}}],"collection":[{"href":"https:\/\/petproducts.com.cn\/pt\/wp-json\/wp\/v2\/product"}],"about":[{"href":"https:\/\/petproducts.com.cn\/pt\/wp-json\/wp\/v2\/types\/product"}],"version-history":[{"count":3,"href":"https:\/\/petproducts.com.cn\/pt\/wp-json\/wp\/v2\/product\/14368\/revisions"}],"predecessor-version":[{"id":14519,"href":"https:\/\/petproducts.com.cn\/pt\/wp-json\/wp\/v2\/product\/14368\/revisions\/14519"}],"wp:featuredmedia":[{"embeddable":true,"href":"https:\/\/petproducts.com.cn\/pt\/wp-json\/wp\/v2\/media\/14372"}],"wp:attachment":[{"href":"https:\/\/petproducts.com.cn\/pt\/wp-json\/wp\/v2\/media?parent=14368"}],"wp:term":[{"taxonomy":"product_brand","embeddable":true,"href":"https:\/\/petproducts.com.cn\/pt\/wp-json\/wp\/v2\/product_brand?post=14368"},{"taxonomy":"product_cat","embeddable":true,"href":"https:\/\/petproducts.com.cn\/pt\/wp-json\/wp\/v2\/product_cat?post=14368"},{"taxonomy":"product_tag","embeddable":true,"href":"https:\/\/petproducts.com.cn\/pt\/wp-json\/wp\/v2\/product_tag?post=14368"}],"curies":[{"name":"wp","href":"https:\/\/api.w.org\/{rel}","templated":true}]}}