{"id":14451,"date":"2023-10-26T07:12:20","date_gmt":"2023-10-26T07:12:20","guid":{"rendered":"https:\/\/petproducts.com.cn\/?post_type=product&#038;p=14451"},"modified":"2023-10-26T07:30:46","modified_gmt":"2023-10-26T07:30:46","slug":"artificial-rattan-wicker-dog-crate","status":"publish","type":"product","link":"https:\/\/petproducts.com.cn\/pt\/product\/artificial-rattan-wicker-dog-crate\/","title":{"rendered":"Caixa de vime artificial para c\u00e3es de vime"},"content":{"rendered":"<h2>Carater\u00edsticas da gaiola de vime para c\u00e3es<\/h2>\n<ol>\n<li><strong>Mecanismo de bloqueio seguro:<\/strong> Equip\u00e1mos a gaiola de rotim para c\u00e3es com um cadeado fi\u00e1vel que garante a seguran\u00e7a do seu animal de estima\u00e7\u00e3o e evita fugas acidentais.<\/li>\n<li><strong>Artesanato artesanal tecido \u00e0 m\u00e3o:<\/strong> Os artes\u00e3os qualificados trabalharam meticulosamente o nosso canil para c\u00e3es, combinando artesanato e estilo para se adaptarem perfeitamente \u00e0 decora\u00e7\u00e3o da sua casa.<\/li>\n<li><strong>Solu\u00e7\u00f5es \u00e0 medida para encomendas em massa:<\/strong> Quer necessite de v\u00e1rias unidades para uma loja de artigos para animais de estima\u00e7\u00e3o ou tenha prefer\u00eancias de design espec\u00edficas, oferecemos op\u00e7\u00f5es personalizadas para encomendas em massa, permitindo-lhe adaptar o produto aos seus requisitos exactos.<\/li>\n<li><strong>Design elegante em rotim:<\/strong> Esta gaiola para c\u00e3es apresenta uma elegante trama de vime que acrescenta sofistica\u00e7\u00e3o ao espa\u00e7o de vida do seu animal de estima\u00e7\u00e3o e combina na perfei\u00e7\u00e3o com a est\u00e9tica da sua casa.<\/li>\n<li><strong>Dur\u00e1vel e seguro:<\/strong> A constru\u00e7\u00e3o em rotim n\u00e3o \u00e9 apenas esteticamente agrad\u00e1vel; \u00e9 tamb\u00e9m robusta e segura para animais de estima\u00e7\u00e3o, proporcionando um ambiente seguro para o seu companheiro peludo.<\/li>\n<li><strong>F\u00e1cil de limpar:<\/strong> Limpar o mobili\u00e1rio do canil \u00e9 muito f\u00e1cil. Basta passar um pano para manter o seu aspeto fresco e limpo.<\/li>\n<li><strong>Multifuncional:<\/strong> Para al\u00e9m de ser um compartimento seguro para o c\u00e3o, a nossa mob\u00edlia de casota tamb\u00e9m pode servir como uma pe\u00e7a de mobili\u00e1rio elegante, como uma mesa de apoio ou uma mesa de cabeceira.<\/li>\n<li><strong>Montagem sem complica\u00e7\u00f5es:<\/strong> Concebemos a mob\u00edlia da casota para c\u00e3es para uma montagem f\u00e1cil, permitindo-lhe mont\u00e1-la rapidamente e proporcionar ao seu animal de estima\u00e7\u00e3o um espa\u00e7o confort\u00e1vel e seguro.<\/li>\n<\/ol>\n<div id=\"gtx-trans\" style=\"position: absolute; left: 171px; top: 179.707px;\">\n<div class=\"gtx-trans-icon\"><\/div>\n<\/div>","protected":false},"excerpt":{"rendered":"<p>N\u00f3s somos um fabricante de gaiolas para c\u00e3es com mais de 20 anos de experi\u00eancia. Oferecemos op\u00e7\u00f5es de personaliza\u00e7\u00e3o para cor, tamanho, tecido, padr\u00e3o, log\u00f3tipo e outras carater\u00edsticas.<\/p>","protected":false},"featured_media":14457,"template":"","meta":{"_acf_changed":false},"product_brand":[],"product_cat":[52,72],"product_tag":[106],"class_list":{"0":"post-14451","1":"product","2":"type-product","3":"status-publish","4":"has-post-thumbnail","6":"product_cat-dog-crates-houses-pens","7":"product_cat-dog-supplies","8":"product_tag-dog-crates-houses-pens","10":"first","11":"instock","12":"shipping-taxable","13":"product-type-simple"},"acf":[],"yoast_head":"<!-- This site is optimized with the Yoast SEO plugin v27.1.1 - https:\/\/yoast.com\/product\/yoast-seo-wordpress\/ -->\n<title>Rattan Dog Cage Wholesale | Dog Crate Furniture Supplier- Petstar<\/title>\n<meta name=\"description\" content=\"Explore rattan dog cage , dog crate furniture,dog kennel furniture directly from the manufacturer. Your ideal business solution with Petstar.\" \/>\n<meta name=\"robots\" content=\"index, follow, max-snippet:-1, max-image-preview:large, max-video-preview:-1\" \/>\n<link rel=\"canonical\" href=\"https:\/\/petproducts.com.cn\/pt\/produto\/artificial-rattan-wicker-dog-crate\/\" \/>\n<meta property=\"og:locale\" content=\"pt_PT\" \/>\n<meta property=\"og:type\" content=\"article\" \/>\n<meta property=\"og:title\" content=\"Rattan Dog Cage Wholesale | Dog Crate Furniture Supplier- Petstar\" \/>\n<meta property=\"og:description\" content=\"Explore rattan dog cage , dog crate furniture,dog kennel furniture directly from the manufacturer. Your ideal business solution with Petstar.\" \/>\n<meta property=\"og:url\" content=\"https:\/\/petproducts.com.cn\/pt\/produto\/artificial-rattan-wicker-dog-crate\/\" \/>\n<meta property=\"og:site_name\" content=\"Petstar\" \/>\n<meta property=\"article:modified_time\" content=\"2023-10-26T07:30:46+00:00\" \/>\n<meta property=\"og:image\" content=\"https:\/\/petproducts.com.cn\/wp-content\/uploads\/2023\/10\/rattan-dog-cage.webp\" \/>\n\t<meta property=\"og:image:width\" content=\"1000\" \/>\n\t<meta property=\"og:image:height\" content=\"1000\" \/>\n\t<meta property=\"og:image:type\" content=\"image\/webp\" \/>\n<meta name=\"twitter:card\" content=\"summary_large_image\" \/>\n<meta name=\"twitter:label1\" content=\"Tempo estimado de leitura\" \/>\n\t<meta name=\"twitter:data1\" content=\"1 minuto\" \/>\n<script type=\"application\/ld+json\" class=\"yoast-schema-graph\">{\"@context\":\"https:\/\/schema.org\",\"@graph\":[{\"@type\":\"WebPage\",\"@id\":\"https:\/\/petproducts.com.cn\/product\/artificial-rattan-wicker-dog-crate\/\",\"url\":\"https:\/\/petproducts.com.cn\/product\/artificial-rattan-wicker-dog-crate\/\",\"name\":\"Rattan Dog Cage Wholesale | Dog Crate Furniture Supplier- Petstar\",\"isPartOf\":{\"@id\":\"https:\/\/petproducts.com.cn\/#website\"},\"primaryImageOfPage\":{\"@id\":\"https:\/\/petproducts.com.cn\/product\/artificial-rattan-wicker-dog-crate\/#primaryimage\"},\"image\":{\"@id\":\"https:\/\/petproducts.com.cn\/product\/artificial-rattan-wicker-dog-crate\/#primaryimage\"},\"thumbnailUrl\":\"https:\/\/petproducts.com.cn\/wp-content\/uploads\/2023\/10\/rattan-dog-cage.webp\",\"datePublished\":\"2023-10-26T07:12:20+00:00\",\"dateModified\":\"2023-10-26T07:30:46+00:00\",\"description\":\"Explore rattan dog cage , dog crate furniture,dog kennel furniture directly from the manufacturer. Your ideal business solution with Petstar.\",\"breadcrumb\":{\"@id\":\"https:\/\/petproducts.com.cn\/product\/artificial-rattan-wicker-dog-crate\/#breadcrumb\"},\"inLanguage\":\"pt-PT\",\"potentialAction\":[{\"@type\":\"ReadAction\",\"target\":[\"https:\/\/petproducts.com.cn\/product\/artificial-rattan-wicker-dog-crate\/\"]}]},{\"@type\":\"ImageObject\",\"inLanguage\":\"pt-PT\",\"@id\":\"https:\/\/petproducts.com.cn\/product\/artificial-rattan-wicker-dog-crate\/#primaryimage\",\"url\":\"https:\/\/petproducts.com.cn\/wp-content\/uploads\/2023\/10\/rattan-dog-cage.webp\",\"contentUrl\":\"https:\/\/petproducts.com.cn\/wp-content\/uploads\/2023\/10\/rattan-dog-cage.webp\",\"width\":1000,\"height\":1000,\"caption\":\"rattan dog cage\"},{\"@type\":\"BreadcrumbList\",\"@id\":\"https:\/\/petproducts.com.cn\/product\/artificial-rattan-wicker-dog-crate\/#breadcrumb\",\"itemListElement\":[{\"@type\":\"ListItem\",\"position\":1,\"name\":\"HOME\",\"item\":\"https:\/\/petproducts.com.cn\/\"},{\"@type\":\"ListItem\",\"position\":2,\"name\":\"Products\",\"item\":\"https:\/\/petproducts.com.cn\/shop\/\"},{\"@type\":\"ListItem\",\"position\":3,\"name\":\"Dog Supplies\",\"item\":\"https:\/\/petproducts.com.cn\/product-category\/dog-supplies\/\"},{\"@type\":\"ListItem\",\"position\":4,\"name\":\"Artificial Rattan Wicker Dog Crate\"}]},{\"@type\":\"WebSite\",\"@id\":\"https:\/\/petproducts.com.cn\/#website\",\"url\":\"https:\/\/petproducts.com.cn\/\",\"name\":\"Petstar\",\"description\":\"Leading Pet Supplies Manufacturer &amp; OEM Pet Products Supplier\",\"publisher\":{\"@id\":\"https:\/\/petproducts.com.cn\/#organization\"},\"alternateName\":\"Petstar Pet Supplies\",\"potentialAction\":[{\"@type\":\"SearchAction\",\"target\":{\"@type\":\"EntryPoint\",\"urlTemplate\":\"https:\/\/petproducts.com.cn\/?s={search_term_string}\"},\"query-input\":{\"@type\":\"PropertyValueSpecification\",\"valueRequired\":true,\"valueName\":\"search_term_string\"}}],\"inLanguage\":\"pt-PT\"},{\"@type\":\"Organization\",\"@id\":\"https:\/\/petproducts.com.cn\/#organization\",\"name\":\"Petstar\",\"url\":\"https:\/\/petproducts.com.cn\/\",\"logo\":{\"@type\":\"ImageObject\",\"inLanguage\":\"pt-PT\",\"@id\":\"https:\/\/petproducts.com.cn\/#\/schema\/logo\/image\/\",\"url\":\"https:\/\/petproducts.com.cn\/wp-content\/uploads\/2020\/02\/petstar-logo.webp\",\"contentUrl\":\"https:\/\/petproducts.com.cn\/wp-content\/uploads\/2020\/02\/petstar-logo.webp\",\"width\":779,\"height\":520,\"caption\":\"Petstar\"},\"image\":{\"@id\":\"https:\/\/petproducts.com.cn\/#\/schema\/logo\/image\/\"}}]}<\/script>\n<!-- \/ Yoast SEO plugin. -->","yoast_head_json":{"title":"Gaiola de vime para c\u00e3es por atacado | Fornecedor de m\u00f3veis para caixas para c\u00e3es - Petstar","description":"Explore a gaiola de vime para c\u00e3es, m\u00f3veis para caixas de transporte de c\u00e3es, m\u00f3veis para canis diretamente do fabricante. A sua solu\u00e7\u00e3o comercial ideal com Petstar.","robots":{"index":"index","follow":"follow","max-snippet":"max-snippet:-1","max-image-preview":"max-image-preview:large","max-video-preview":"max-video-preview:-1"},"canonical":"https:\/\/petproducts.com.cn\/pt\/produto\/artificial-rattan-wicker-dog-crate\/","og_locale":"pt_PT","og_type":"article","og_title":"Rattan Dog Cage Wholesale | Dog Crate Furniture Supplier- Petstar","og_description":"Explore rattan dog cage , dog crate furniture,dog kennel furniture directly from the manufacturer. Your ideal business solution with Petstar.","og_url":"https:\/\/petproducts.com.cn\/pt\/produto\/artificial-rattan-wicker-dog-crate\/","og_site_name":"Petstar","article_modified_time":"2023-10-26T07:30:46+00:00","og_image":[{"width":1000,"height":1000,"url":"https:\/\/petproducts.com.cn\/wp-content\/uploads\/2023\/10\/rattan-dog-cage.webp","type":"image\/webp"}],"twitter_card":"summary_large_image","twitter_misc":{"Tempo estimado de leitura":"1 minuto"},"schema":{"@context":"https:\/\/schema.org","@graph":[{"@type":"WebPage","@id":"https:\/\/petproducts.com.cn\/product\/artificial-rattan-wicker-dog-crate\/","url":"https:\/\/petproducts.com.cn\/product\/artificial-rattan-wicker-dog-crate\/","name":"Gaiola de vime para c\u00e3es por atacado | Fornecedor de m\u00f3veis para caixas para c\u00e3es - Petstar","isPartOf":{"@id":"https:\/\/petproducts.com.cn\/#website"},"primaryImageOfPage":{"@id":"https:\/\/petproducts.com.cn\/product\/artificial-rattan-wicker-dog-crate\/#primaryimage"},"image":{"@id":"https:\/\/petproducts.com.cn\/product\/artificial-rattan-wicker-dog-crate\/#primaryimage"},"thumbnailUrl":"https:\/\/petproducts.com.cn\/wp-content\/uploads\/2023\/10\/rattan-dog-cage.webp","datePublished":"2023-10-26T07:12:20+00:00","dateModified":"2023-10-26T07:30:46+00:00","description":"Explore a gaiola de vime para c\u00e3es, m\u00f3veis para caixas de transporte de c\u00e3es, m\u00f3veis para canis diretamente do fabricante. A sua solu\u00e7\u00e3o comercial ideal com Petstar.","breadcrumb":{"@id":"https:\/\/petproducts.com.cn\/product\/artificial-rattan-wicker-dog-crate\/#breadcrumb"},"inLanguage":"pt-PT","potentialAction":[{"@type":"ReadAction","target":["https:\/\/petproducts.com.cn\/product\/artificial-rattan-wicker-dog-crate\/"]}]},{"@type":"ImageObject","inLanguage":"pt-PT","@id":"https:\/\/petproducts.com.cn\/product\/artificial-rattan-wicker-dog-crate\/#primaryimage","url":"https:\/\/petproducts.com.cn\/wp-content\/uploads\/2023\/10\/rattan-dog-cage.webp","contentUrl":"https:\/\/petproducts.com.cn\/wp-content\/uploads\/2023\/10\/rattan-dog-cage.webp","width":1000,"height":1000,"caption":"rattan dog cage"},{"@type":"BreadcrumbList","@id":"https:\/\/petproducts.com.cn\/product\/artificial-rattan-wicker-dog-crate\/#breadcrumb","itemListElement":[{"@type":"ListItem","position":1,"name":"HOME","item":"https:\/\/petproducts.com.cn\/"},{"@type":"ListItem","position":2,"name":"Products","item":"https:\/\/petproducts.com.cn\/shop\/"},{"@type":"ListItem","position":3,"name":"Dog Supplies","item":"https:\/\/petproducts.com.cn\/product-category\/dog-supplies\/"},{"@type":"ListItem","position":4,"name":"Artificial Rattan Wicker Dog Crate"}]},{"@type":"WebSite","@id":"https:\/\/petproducts.com.cn\/#website","url":"https:\/\/petproducts.com.cn\/","name":"Petstar","description":"Fabricante l\u00edder de artigos para animais de estima\u00e7\u00e3o e fornecedor de produtos OEM para animais de estima\u00e7\u00e3o","publisher":{"@id":"https:\/\/petproducts.com.cn\/#organization"},"alternateName":"Petstar Pet Supplies","potentialAction":[{"@type":"SearchAction","target":{"@type":"EntryPoint","urlTemplate":"https:\/\/petproducts.com.cn\/?s={search_term_string}"},"query-input":{"@type":"PropertyValueSpecification","valueRequired":true,"valueName":"search_term_string"}}],"inLanguage":"pt-PT"},{"@type":"Organization","@id":"https:\/\/petproducts.com.cn\/#organization","name":"Petstar","url":"https:\/\/petproducts.com.cn\/","logo":{"@type":"ImageObject","inLanguage":"pt-PT","@id":"https:\/\/petproducts.com.cn\/#\/schema\/logo\/image\/","url":"https:\/\/petproducts.com.cn\/wp-content\/uploads\/2020\/02\/petstar-logo.webp","contentUrl":"https:\/\/petproducts.com.cn\/wp-content\/uploads\/2020\/02\/petstar-logo.webp","width":779,"height":520,"caption":"Petstar"},"image":{"@id":"https:\/\/petproducts.com.cn\/#\/schema\/logo\/image\/"}}]}},"_links":{"self":[{"href":"https:\/\/petproducts.com.cn\/pt\/wp-json\/wp\/v2\/product\/14451","targetHints":{"allow":["GET"]}}],"collection":[{"href":"https:\/\/petproducts.com.cn\/pt\/wp-json\/wp\/v2\/product"}],"about":[{"href":"https:\/\/petproducts.com.cn\/pt\/wp-json\/wp\/v2\/types\/product"}],"version-history":[{"count":1,"href":"https:\/\/petproducts.com.cn\/pt\/wp-json\/wp\/v2\/product\/14451\/revisions"}],"predecessor-version":[{"id":14465,"href":"https:\/\/petproducts.com.cn\/pt\/wp-json\/wp\/v2\/product\/14451\/revisions\/14465"}],"wp:featuredmedia":[{"embeddable":true,"href":"https:\/\/petproducts.com.cn\/pt\/wp-json\/wp\/v2\/media\/14457"}],"wp:attachment":[{"href":"https:\/\/petproducts.com.cn\/pt\/wp-json\/wp\/v2\/media?parent=14451"}],"wp:term":[{"taxonomy":"product_brand","embeddable":true,"href":"https:\/\/petproducts.com.cn\/pt\/wp-json\/wp\/v2\/product_brand?post=14451"},{"taxonomy":"product_cat","embeddable":true,"href":"https:\/\/petproducts.com.cn\/pt\/wp-json\/wp\/v2\/product_cat?post=14451"},{"taxonomy":"product_tag","embeddable":true,"href":"https:\/\/petproducts.com.cn\/pt\/wp-json\/wp\/v2\/product_tag?post=14451"}],"curies":[{"name":"wp","href":"https:\/\/api.w.org\/{rel}","templated":true}]}}