{"id":14467,"date":"2023-10-26T07:33:24","date_gmt":"2023-10-26T07:33:24","guid":{"rendered":"https:\/\/petproducts.com.cn\/?post_type=product&#038;p=14467"},"modified":"2023-10-26T07:45:19","modified_gmt":"2023-10-26T07:45:19","slug":"squeaky-pig-funny-dog-chew-toys-piggy","status":"publish","type":"product","link":"https:\/\/petproducts.com.cn\/pt\/product\/squeaky-pig-funny-dog-chew-toys-piggy\/","title":{"rendered":"Squeaky Pig Funny Dog Chew Toys Piggy"},"content":{"rendered":"<h2>Petstar: Brinquedos de mastigar engra\u00e7ados para c\u00e3es - Servi\u00e7os de personaliza\u00e7\u00e3o por atacado<\/h2>\n<p>Bem-vindo ao Petstar, o principal fornecedor de brinquedos para mastigar para c\u00e3es Squeaky Pig Funny. Concebemos os nossos brinquedos para c\u00e3es de alta qualidade para proporcionar entretenimento sem fim a c\u00e3es de todas as ra\u00e7as e tamanhos. O Squeaky Pig Funny Dog Chew Toy \u00e9 uma combina\u00e7\u00e3o perfeita de um design de porco bonito, materiais dur\u00e1veis e um squeaker sedutor que manter\u00e1 os seus amigos peludos envolvidos e entretidos.<\/p>\n<h3>A nossa vantagem:<\/h3>\n<ol>\n<li>Desenho giro de um porco: O brinquedo Squeaky Pig Funny Dog Chew Toy apresenta um ador\u00e1vel design de porco que ir\u00e1 certamente conquistar os cora\u00e7\u00f5es dos c\u00e3es e dos seus donos. Com as suas caracter\u00edsticas realistas e o seu material de pel\u00facia macio, este brinquedo proporciona uma experi\u00eancia de jogo realista para os c\u00e3es, permitindo-lhes desenvolver os seus instintos naturais de ca\u00e7a.<\/li>\n<li>Materiais duradouros: Compreendemos a import\u00e2ncia da durabilidade quando se trata de brinquedos para c\u00e3es. \u00c9 por isso que o nosso Squeaky Pig Funny Dog Chew Toy \u00e9 feito de tecido de l\u00e3 Twill Oxford de alta qualidade. Este material \u00e9 suficientemente resistente para suportar a mastiga\u00e7\u00e3o e os pux\u00f5es, tornando-o ideal para c\u00e3es que gostam de brincar \u00e0 bruta. A constru\u00e7\u00e3o robusta garante que o brinquedo ir\u00e1 durar durante in\u00fameras sess\u00f5es de brincadeira.<\/li>\n<li>Servi\u00e7os de personaliza\u00e7\u00e3o por atacado: No Petstar, entendemos a import\u00e2ncia da marca e da personaliza\u00e7\u00e3o. \u00c9 por isso que oferecemos servi\u00e7os de personaliza\u00e7\u00e3o por atacado, permitindo que voc\u00ea crie uma vers\u00e3o exclusiva do Squeaky Pig Funny Dog Chew Toy que se alinha \u00e0s suas necessidades de neg\u00f3cios. Adicione o seu log\u00f3tipo, nome da empresa ou qualquer outra informa\u00e7\u00e3o personalizada para criar um produto personalizado que represente a identidade da sua marca.<\/li>\n<\/ol>\n<p>Petstar \u00e9 o seu fornecedor de confian\u00e7a de alta qualidade de Squeaky Pig Funny Dog Chew Toys. Nosso compromisso com a excel\u00eancia garante que cada brinquedo seja seguro, dur\u00e1vel e projetado para proporcionar horas de divers\u00e3o interativa. Contacte-nos hoje para explorar oportunidades de atacado e tirar proveito de nossos servi\u00e7os de personaliza\u00e7\u00e3o por atacado. Deixe o Petstar ajud\u00e1-lo a fornecer brinquedos envolventes que fortalecem o v\u00ednculo entre os animais de estima\u00e7\u00e3o e seus donos, enquanto impulsionam o sucesso do seu neg\u00f3cio.<\/p>","protected":false},"excerpt":{"rendered":"<p>N\u00f3s somos um fabricante dur\u00e1vel de brinquedos de pel\u00facia para c\u00e3es com mais de 20 anos de experi\u00eancia. Oferecemos op\u00e7\u00f5es de personaliza\u00e7\u00e3o para cor, tamanho, tecido, padr\u00e3o, log\u00f3tipo e outras caracter\u00edsticas.<\/p>","protected":false},"featured_media":14474,"template":"","meta":{"_acf_changed":false},"product_brand":[],"product_cat":[72,48],"product_tag":[85],"class_list":{"0":"post-14467","1":"product","2":"type-product","3":"status-publish","4":"has-post-thumbnail","6":"product_cat-dog-supplies","7":"product_cat-dog-toys","8":"product_tag-dog-toys","10":"first","11":"instock","12":"shipping-taxable","13":"product-type-simple"},"acf":[],"yoast_head":"<!-- This site is optimized with the Yoast SEO plugin v27.1.1 - https:\/\/yoast.com\/product\/yoast-seo-wordpress\/ -->\n<title>ODM funny dog chew toys | Custom squeaky dog toy - Petstar<\/title>\n<meta name=\"description\" content=\"Explore funny dog chew toys,piggy dog toys,squeaky pig dog toy directly from the manufacturer. Your ideal business solution with Petstar.\" \/>\n<meta name=\"robots\" content=\"index, follow, max-snippet:-1, max-image-preview:large, max-video-preview:-1\" \/>\n<link rel=\"canonical\" href=\"https:\/\/petproducts.com.cn\/pt\/produto\/squeaky-pig-funny-dog-chew-toys-piggy\/\" \/>\n<meta property=\"og:locale\" content=\"pt_PT\" \/>\n<meta property=\"og:type\" content=\"article\" \/>\n<meta property=\"og:title\" content=\"ODM funny dog chew toys | Custom squeaky dog toy - Petstar\" \/>\n<meta property=\"og:description\" content=\"Explore funny dog chew toys,piggy dog toys,squeaky pig dog toy directly from the manufacturer. Your ideal business solution with Petstar.\" \/>\n<meta property=\"og:url\" content=\"https:\/\/petproducts.com.cn\/pt\/produto\/squeaky-pig-funny-dog-chew-toys-piggy\/\" \/>\n<meta property=\"og:site_name\" content=\"Petstar\" \/>\n<meta property=\"article:modified_time\" content=\"2023-10-26T07:45:19+00:00\" \/>\n<meta property=\"og:image\" content=\"https:\/\/petproducts.com.cn\/wp-content\/uploads\/2023\/10\/funny-dog-chew-toys.webp\" \/>\n\t<meta property=\"og:image:width\" content=\"800\" \/>\n\t<meta property=\"og:image:height\" content=\"800\" \/>\n\t<meta property=\"og:image:type\" content=\"image\/webp\" \/>\n<meta name=\"twitter:card\" content=\"summary_large_image\" \/>\n<meta name=\"twitter:label1\" content=\"Tempo estimado de leitura\" \/>\n\t<meta name=\"twitter:data1\" content=\"2 minutos\" \/>\n<script type=\"application\/ld+json\" class=\"yoast-schema-graph\">{\"@context\":\"https:\/\/schema.org\",\"@graph\":[{\"@type\":\"WebPage\",\"@id\":\"https:\/\/petproducts.com.cn\/product\/squeaky-pig-funny-dog-chew-toys-piggy\/\",\"url\":\"https:\/\/petproducts.com.cn\/product\/squeaky-pig-funny-dog-chew-toys-piggy\/\",\"name\":\"ODM funny dog chew toys | Custom squeaky dog toy - Petstar\",\"isPartOf\":{\"@id\":\"https:\/\/petproducts.com.cn\/#website\"},\"primaryImageOfPage\":{\"@id\":\"https:\/\/petproducts.com.cn\/product\/squeaky-pig-funny-dog-chew-toys-piggy\/#primaryimage\"},\"image\":{\"@id\":\"https:\/\/petproducts.com.cn\/product\/squeaky-pig-funny-dog-chew-toys-piggy\/#primaryimage\"},\"thumbnailUrl\":\"https:\/\/petproducts.com.cn\/wp-content\/uploads\/2023\/10\/funny-dog-chew-toys.webp\",\"datePublished\":\"2023-10-26T07:33:24+00:00\",\"dateModified\":\"2023-10-26T07:45:19+00:00\",\"description\":\"Explore funny dog chew toys,piggy dog toys,squeaky pig dog toy directly from the manufacturer. Your ideal business solution with Petstar.\",\"breadcrumb\":{\"@id\":\"https:\/\/petproducts.com.cn\/product\/squeaky-pig-funny-dog-chew-toys-piggy\/#breadcrumb\"},\"inLanguage\":\"pt-PT\",\"potentialAction\":[{\"@type\":\"ReadAction\",\"target\":[\"https:\/\/petproducts.com.cn\/product\/squeaky-pig-funny-dog-chew-toys-piggy\/\"]}]},{\"@type\":\"ImageObject\",\"inLanguage\":\"pt-PT\",\"@id\":\"https:\/\/petproducts.com.cn\/product\/squeaky-pig-funny-dog-chew-toys-piggy\/#primaryimage\",\"url\":\"https:\/\/petproducts.com.cn\/wp-content\/uploads\/2023\/10\/funny-dog-chew-toys.webp\",\"contentUrl\":\"https:\/\/petproducts.com.cn\/wp-content\/uploads\/2023\/10\/funny-dog-chew-toys.webp\",\"width\":800,\"height\":800,\"caption\":\"funny dog chew toys\"},{\"@type\":\"BreadcrumbList\",\"@id\":\"https:\/\/petproducts.com.cn\/product\/squeaky-pig-funny-dog-chew-toys-piggy\/#breadcrumb\",\"itemListElement\":[{\"@type\":\"ListItem\",\"position\":1,\"name\":\"HOME\",\"item\":\"https:\/\/petproducts.com.cn\/\"},{\"@type\":\"ListItem\",\"position\":2,\"name\":\"Products\",\"item\":\"https:\/\/petproducts.com.cn\/shop\/\"},{\"@type\":\"ListItem\",\"position\":3,\"name\":\"Dog Toys\",\"item\":\"https:\/\/petproducts.com.cn\/product-category\/dog-toys\/\"},{\"@type\":\"ListItem\",\"position\":4,\"name\":\"Squeaky Pig Funny Dog Chew Toys Piggy\"}]},{\"@type\":\"WebSite\",\"@id\":\"https:\/\/petproducts.com.cn\/#website\",\"url\":\"https:\/\/petproducts.com.cn\/\",\"name\":\"Petstar\",\"description\":\"Leading Pet Supplies Manufacturer &amp; OEM Pet Products Supplier\",\"publisher\":{\"@id\":\"https:\/\/petproducts.com.cn\/#organization\"},\"alternateName\":\"Petstar Pet Supplies\",\"potentialAction\":[{\"@type\":\"SearchAction\",\"target\":{\"@type\":\"EntryPoint\",\"urlTemplate\":\"https:\/\/petproducts.com.cn\/?s={search_term_string}\"},\"query-input\":{\"@type\":\"PropertyValueSpecification\",\"valueRequired\":true,\"valueName\":\"search_term_string\"}}],\"inLanguage\":\"pt-PT\"},{\"@type\":\"Organization\",\"@id\":\"https:\/\/petproducts.com.cn\/#organization\",\"name\":\"Petstar\",\"url\":\"https:\/\/petproducts.com.cn\/\",\"logo\":{\"@type\":\"ImageObject\",\"inLanguage\":\"pt-PT\",\"@id\":\"https:\/\/petproducts.com.cn\/#\/schema\/logo\/image\/\",\"url\":\"https:\/\/petproducts.com.cn\/wp-content\/uploads\/2020\/02\/petstar-logo.webp\",\"contentUrl\":\"https:\/\/petproducts.com.cn\/wp-content\/uploads\/2020\/02\/petstar-logo.webp\",\"width\":779,\"height\":520,\"caption\":\"Petstar\"},\"image\":{\"@id\":\"https:\/\/petproducts.com.cn\/#\/schema\/logo\/image\/\"}}]}<\/script>\n<!-- \/ Yoast SEO plugin. -->","yoast_head_json":{"title":"ODM brinquedos engra\u00e7ados para mastigar para c\u00e3es | Brinquedo personalizado com guincho para c\u00e3es - Petstar","description":"Explore os brinquedos engra\u00e7ados para mastigar para c\u00e3es, brinquedos para porquinhos, brinquedos para porquinhos que chiam diretamente do fabricante. A sua solu\u00e7\u00e3o de neg\u00f3cio ideal com Petstar.","robots":{"index":"index","follow":"follow","max-snippet":"max-snippet:-1","max-image-preview":"max-image-preview:large","max-video-preview":"max-video-preview:-1"},"canonical":"https:\/\/petproducts.com.cn\/pt\/produto\/squeaky-pig-funny-dog-chew-toys-piggy\/","og_locale":"pt_PT","og_type":"article","og_title":"ODM funny dog chew toys | Custom squeaky dog toy - Petstar","og_description":"Explore funny dog chew toys,piggy dog toys,squeaky pig dog toy directly from the manufacturer. Your ideal business solution with Petstar.","og_url":"https:\/\/petproducts.com.cn\/pt\/produto\/squeaky-pig-funny-dog-chew-toys-piggy\/","og_site_name":"Petstar","article_modified_time":"2023-10-26T07:45:19+00:00","og_image":[{"width":800,"height":800,"url":"https:\/\/petproducts.com.cn\/wp-content\/uploads\/2023\/10\/funny-dog-chew-toys.webp","type":"image\/webp"}],"twitter_card":"summary_large_image","twitter_misc":{"Tempo estimado de leitura":"2 minutos"},"schema":{"@context":"https:\/\/schema.org","@graph":[{"@type":"WebPage","@id":"https:\/\/petproducts.com.cn\/product\/squeaky-pig-funny-dog-chew-toys-piggy\/","url":"https:\/\/petproducts.com.cn\/product\/squeaky-pig-funny-dog-chew-toys-piggy\/","name":"ODM brinquedos engra\u00e7ados para mastigar para c\u00e3es | Brinquedo personalizado com guincho para c\u00e3es - Petstar","isPartOf":{"@id":"https:\/\/petproducts.com.cn\/#website"},"primaryImageOfPage":{"@id":"https:\/\/petproducts.com.cn\/product\/squeaky-pig-funny-dog-chew-toys-piggy\/#primaryimage"},"image":{"@id":"https:\/\/petproducts.com.cn\/product\/squeaky-pig-funny-dog-chew-toys-piggy\/#primaryimage"},"thumbnailUrl":"https:\/\/petproducts.com.cn\/wp-content\/uploads\/2023\/10\/funny-dog-chew-toys.webp","datePublished":"2023-10-26T07:33:24+00:00","dateModified":"2023-10-26T07:45:19+00:00","description":"Explore os brinquedos engra\u00e7ados para mastigar para c\u00e3es, brinquedos para porquinhos, brinquedos para porquinhos que chiam diretamente do fabricante. A sua solu\u00e7\u00e3o de neg\u00f3cio ideal com Petstar.","breadcrumb":{"@id":"https:\/\/petproducts.com.cn\/product\/squeaky-pig-funny-dog-chew-toys-piggy\/#breadcrumb"},"inLanguage":"pt-PT","potentialAction":[{"@type":"ReadAction","target":["https:\/\/petproducts.com.cn\/product\/squeaky-pig-funny-dog-chew-toys-piggy\/"]}]},{"@type":"ImageObject","inLanguage":"pt-PT","@id":"https:\/\/petproducts.com.cn\/product\/squeaky-pig-funny-dog-chew-toys-piggy\/#primaryimage","url":"https:\/\/petproducts.com.cn\/wp-content\/uploads\/2023\/10\/funny-dog-chew-toys.webp","contentUrl":"https:\/\/petproducts.com.cn\/wp-content\/uploads\/2023\/10\/funny-dog-chew-toys.webp","width":800,"height":800,"caption":"funny dog chew toys"},{"@type":"BreadcrumbList","@id":"https:\/\/petproducts.com.cn\/product\/squeaky-pig-funny-dog-chew-toys-piggy\/#breadcrumb","itemListElement":[{"@type":"ListItem","position":1,"name":"HOME","item":"https:\/\/petproducts.com.cn\/"},{"@type":"ListItem","position":2,"name":"Products","item":"https:\/\/petproducts.com.cn\/shop\/"},{"@type":"ListItem","position":3,"name":"Dog Toys","item":"https:\/\/petproducts.com.cn\/product-category\/dog-toys\/"},{"@type":"ListItem","position":4,"name":"Squeaky Pig Funny Dog Chew Toys Piggy"}]},{"@type":"WebSite","@id":"https:\/\/petproducts.com.cn\/#website","url":"https:\/\/petproducts.com.cn\/","name":"Petstar","description":"Fabricante l\u00edder de artigos para animais de estima\u00e7\u00e3o e fornecedor de produtos OEM para animais de estima\u00e7\u00e3o","publisher":{"@id":"https:\/\/petproducts.com.cn\/#organization"},"alternateName":"Petstar Pet Supplies","potentialAction":[{"@type":"SearchAction","target":{"@type":"EntryPoint","urlTemplate":"https:\/\/petproducts.com.cn\/?s={search_term_string}"},"query-input":{"@type":"PropertyValueSpecification","valueRequired":true,"valueName":"search_term_string"}}],"inLanguage":"pt-PT"},{"@type":"Organization","@id":"https:\/\/petproducts.com.cn\/#organization","name":"Petstar","url":"https:\/\/petproducts.com.cn\/","logo":{"@type":"ImageObject","inLanguage":"pt-PT","@id":"https:\/\/petproducts.com.cn\/#\/schema\/logo\/image\/","url":"https:\/\/petproducts.com.cn\/wp-content\/uploads\/2020\/02\/petstar-logo.webp","contentUrl":"https:\/\/petproducts.com.cn\/wp-content\/uploads\/2020\/02\/petstar-logo.webp","width":779,"height":520,"caption":"Petstar"},"image":{"@id":"https:\/\/petproducts.com.cn\/#\/schema\/logo\/image\/"}}]}},"_links":{"self":[{"href":"https:\/\/petproducts.com.cn\/pt\/wp-json\/wp\/v2\/product\/14467","targetHints":{"allow":["GET"]}}],"collection":[{"href":"https:\/\/petproducts.com.cn\/pt\/wp-json\/wp\/v2\/product"}],"about":[{"href":"https:\/\/petproducts.com.cn\/pt\/wp-json\/wp\/v2\/types\/product"}],"version-history":[{"count":3,"href":"https:\/\/petproducts.com.cn\/pt\/wp-json\/wp\/v2\/product\/14467\/revisions"}],"predecessor-version":[{"id":14478,"href":"https:\/\/petproducts.com.cn\/pt\/wp-json\/wp\/v2\/product\/14467\/revisions\/14478"}],"wp:featuredmedia":[{"embeddable":true,"href":"https:\/\/petproducts.com.cn\/pt\/wp-json\/wp\/v2\/media\/14474"}],"wp:attachment":[{"href":"https:\/\/petproducts.com.cn\/pt\/wp-json\/wp\/v2\/media?parent=14467"}],"wp:term":[{"taxonomy":"product_brand","embeddable":true,"href":"https:\/\/petproducts.com.cn\/pt\/wp-json\/wp\/v2\/product_brand?post=14467"},{"taxonomy":"product_cat","embeddable":true,"href":"https:\/\/petproducts.com.cn\/pt\/wp-json\/wp\/v2\/product_cat?post=14467"},{"taxonomy":"product_tag","embeddable":true,"href":"https:\/\/petproducts.com.cn\/pt\/wp-json\/wp\/v2\/product_tag?post=14467"}],"curies":[{"name":"wp","href":"https:\/\/api.w.org\/{rel}","templated":true}]}}