{"id":15252,"date":"2023-11-14T08:48:31","date_gmt":"2023-11-14T08:48:31","guid":{"rendered":"https:\/\/petproducts.com.cn\/?post_type=product&#038;p=15252"},"modified":"2023-11-14T09:04:22","modified_gmt":"2023-11-14T09:04:22","slug":"odm-stuffed-fox-big-dog-chew-toy","status":"publish","type":"product","link":"https:\/\/petproducts.com.cn\/pt\/product\/odm-stuffed-fox-big-dog-chew-toy\/","title":{"rendered":"Odm Brinquedo para mastigar raposa de peluche para c\u00e3es grandes"},"content":{"rendered":"<h2>Petstar: Liberte a divers\u00e3o com o nosso brinquedo para mastigar ODM Stuffed Fox Big Dog<\/h2>\n<p>Procurando um brinquedo \u00fanico e dur\u00e1vel para c\u00e3es grandes? Petstar \u00e9 o seu fabricante de brinquedos de raposa de pel\u00facia ODM que s\u00e3o perfeitos para c\u00e3es grandes que gostam de mastigar. Com o nosso foco na personaliza\u00e7\u00e3o e qualidade, oferecemos uma s\u00e9rie de vantagens que nos tornam a escolha preferida para brinquedos personalizados para c\u00e3es grandes.<\/p>\n<h3>A nossa vantagem:<\/h3>\n<ol>\n<li>Extensas op\u00e7\u00f5es de personaliza\u00e7\u00e3o: No Petstar, entendemos que cada cachorro grande tem prefer\u00eancias diferentes. \u00c9 por isso que oferecemos amplas op\u00e7\u00f5es de personaliza\u00e7\u00e3o para nossos brinquedos de raposa de pel\u00facia para c\u00e3es. Desde a sele\u00e7\u00e3o do tamanho e forma perfeitos at\u00e9 \u00e0 escolha da cor e do material, a nossa equipa de especialistas trabalhar\u00e1 em estreita colabora\u00e7\u00e3o consigo para criar um brinquedo que satisfa\u00e7a as necessidades \u00fanicas dos c\u00e3es grandes. Quer pretenda um design espec\u00edfico ou elementos de marca, garantimos que o seu brinquedo ODM se destaca da multid\u00e3o.<\/li>\n<li>Qualidade e durabilidade superiores: Sabemos que os c\u00e3es grandes podem ser duros com os seus brinquedos. \u00c9 por isso que damos prioridade \u00e0 qualidade e durabilidade dos nossos brinquedos de peluche para c\u00e3es. Utilizamos materiais fortes e duradouros, incluindo costuras refor\u00e7adas e tecidos resistentes.<\/li>\n<li>Seguran\u00e7a em primeiro lugar: Al\u00e9m disso, a seguran\u00e7a dos animais de estima\u00e7\u00e3o \u00e9 a nossa maior preocupa\u00e7\u00e3o. Por isso, os nossos brinquedos de peluche para c\u00e3es s\u00e3o submetidos a testes minuciosos para cumprirem normas de seguran\u00e7a rigorosas. Damos prioridade \u00e0 utiliza\u00e7\u00e3o de materiais n\u00e3o t\u00f3xicos e tomamos um cuidado extra para garantir que n\u00e3o haja pe\u00e7as pequenas que possam representar um risco de asfixia. Com o Petstar, pode ficar descansado, sabendo que os nossos brinquedos d\u00e3o prioridade ao bem-estar dos c\u00e3es grandes.<\/li>\n<li>Carater\u00edsticas de design inovadoras: Al\u00e9m disso, acreditamos em manter os c\u00e3es grandes envolvidos e entretidos. Os nossos brinquedos ODM para c\u00e3es com raposa de peluche s\u00e3o concebidos com carater\u00edsticas inovadoras que estimulam a atividade f\u00edsica e mental. Desde guinchos a cordas e componentes interactivos, os nossos brinquedos proporcionam uma divers\u00e3o sem fim e ajudam a refor\u00e7ar a liga\u00e7\u00e3o entre os c\u00e3es grandes e os seus donos.<br \/>\n<footer class=\"p-4\"><\/footer>\n<\/li>\n<\/ol>","protected":false},"excerpt":{"rendered":"<p>N\u00f3s somos um fabricante de brinquedos de peluche para c\u00e3es com mais de 20 anos de experi\u00eancia. Oferecemos op\u00e7\u00f5es de personaliza\u00e7\u00e3o para cor, tamanho, tecido, padr\u00e3o, log\u00f3tipo e outras carater\u00edsticas.<\/p>","protected":false},"featured_media":15259,"template":"","meta":{"_acf_changed":false},"product_brand":[],"product_cat":[72,48],"product_tag":[85],"class_list":{"0":"post-15252","1":"product","2":"type-product","3":"status-publish","4":"has-post-thumbnail","6":"product_cat-dog-supplies","7":"product_cat-dog-toys","8":"product_tag-dog-toys","10":"first","11":"instock","12":"shipping-taxable","13":"product-type-simple"},"acf":[],"yoast_head":"<!-- This site is optimized with the Yoast SEO plugin v27.1.1 - https:\/\/yoast.com\/product\/yoast-seo-wordpress\/ -->\n<title>stuffed fox dog toy factory | Custom stuffed fox dog toy - Petstar<\/title>\n<meta name=\"description\" content=\"Explore stuffed fox dog toy,dog toy fabric\uff0cbig dog chew toy from the manufacturer. Your ideal business solution with Petstar.\" \/>\n<meta name=\"robots\" content=\"index, follow, max-snippet:-1, max-image-preview:large, max-video-preview:-1\" \/>\n<link rel=\"canonical\" href=\"https:\/\/petproducts.com.cn\/pt\/produto\/odm-stuffed-fox-big-dog-chew-toy\/\" \/>\n<meta property=\"og:locale\" content=\"pt_PT\" \/>\n<meta property=\"og:type\" content=\"article\" \/>\n<meta property=\"og:title\" content=\"stuffed fox dog toy factory | Custom stuffed fox dog toy - Petstar\" \/>\n<meta property=\"og:description\" content=\"Explore stuffed fox dog toy,dog toy fabric\uff0cbig dog chew toy from the manufacturer. Your ideal business solution with Petstar.\" \/>\n<meta property=\"og:url\" content=\"https:\/\/petproducts.com.cn\/pt\/produto\/odm-stuffed-fox-big-dog-chew-toy\/\" \/>\n<meta property=\"og:site_name\" content=\"Petstar\" \/>\n<meta property=\"article:modified_time\" content=\"2023-11-14T09:04:22+00:00\" \/>\n<meta property=\"og:image\" content=\"https:\/\/petproducts.com.cn\/wp-content\/uploads\/2023\/11\/stuffed-fox-dog-toy.webp\" \/>\n\t<meta property=\"og:image:width\" content=\"800\" \/>\n\t<meta property=\"og:image:height\" content=\"800\" \/>\n\t<meta property=\"og:image:type\" content=\"image\/webp\" \/>\n<meta name=\"twitter:card\" content=\"summary_large_image\" \/>\n<meta name=\"twitter:label1\" content=\"Tempo estimado de leitura\" \/>\n\t<meta name=\"twitter:data1\" content=\"2 minutos\" \/>\n<script type=\"application\/ld+json\" class=\"yoast-schema-graph\">{\"@context\":\"https:\/\/schema.org\",\"@graph\":[{\"@type\":\"WebPage\",\"@id\":\"https:\/\/petproducts.com.cn\/product\/odm-stuffed-fox-big-dog-chew-toy\/\",\"url\":\"https:\/\/petproducts.com.cn\/product\/odm-stuffed-fox-big-dog-chew-toy\/\",\"name\":\"stuffed fox dog toy factory | Custom stuffed fox dog toy - Petstar\",\"isPartOf\":{\"@id\":\"https:\/\/petproducts.com.cn\/#website\"},\"primaryImageOfPage\":{\"@id\":\"https:\/\/petproducts.com.cn\/product\/odm-stuffed-fox-big-dog-chew-toy\/#primaryimage\"},\"image\":{\"@id\":\"https:\/\/petproducts.com.cn\/product\/odm-stuffed-fox-big-dog-chew-toy\/#primaryimage\"},\"thumbnailUrl\":\"https:\/\/petproducts.com.cn\/wp-content\/uploads\/2023\/11\/stuffed-fox-dog-toy.webp\",\"datePublished\":\"2023-11-14T08:48:31+00:00\",\"dateModified\":\"2023-11-14T09:04:22+00:00\",\"description\":\"Explore stuffed fox dog toy,dog toy fabric\uff0cbig dog chew toy from the manufacturer. Your ideal business solution with Petstar.\",\"breadcrumb\":{\"@id\":\"https:\/\/petproducts.com.cn\/product\/odm-stuffed-fox-big-dog-chew-toy\/#breadcrumb\"},\"inLanguage\":\"pt-PT\",\"potentialAction\":[{\"@type\":\"ReadAction\",\"target\":[\"https:\/\/petproducts.com.cn\/product\/odm-stuffed-fox-big-dog-chew-toy\/\"]}]},{\"@type\":\"ImageObject\",\"inLanguage\":\"pt-PT\",\"@id\":\"https:\/\/petproducts.com.cn\/product\/odm-stuffed-fox-big-dog-chew-toy\/#primaryimage\",\"url\":\"https:\/\/petproducts.com.cn\/wp-content\/uploads\/2023\/11\/stuffed-fox-dog-toy.webp\",\"contentUrl\":\"https:\/\/petproducts.com.cn\/wp-content\/uploads\/2023\/11\/stuffed-fox-dog-toy.webp\",\"width\":800,\"height\":800,\"caption\":\"stuffed fox dog toy\"},{\"@type\":\"BreadcrumbList\",\"@id\":\"https:\/\/petproducts.com.cn\/product\/odm-stuffed-fox-big-dog-chew-toy\/#breadcrumb\",\"itemListElement\":[{\"@type\":\"ListItem\",\"position\":1,\"name\":\"HOME\",\"item\":\"https:\/\/petproducts.com.cn\/\"},{\"@type\":\"ListItem\",\"position\":2,\"name\":\"Products\",\"item\":\"https:\/\/petproducts.com.cn\/shop\/\"},{\"@type\":\"ListItem\",\"position\":3,\"name\":\"Dog Toys\",\"item\":\"https:\/\/petproducts.com.cn\/product-category\/dog-toys\/\"},{\"@type\":\"ListItem\",\"position\":4,\"name\":\"Odm Stuffed Fox Big Dog Chew Toy\"}]},{\"@type\":\"WebSite\",\"@id\":\"https:\/\/petproducts.com.cn\/#website\",\"url\":\"https:\/\/petproducts.com.cn\/\",\"name\":\"Petstar\",\"description\":\"Leading Pet Supplies Manufacturer &amp; OEM Pet Products Supplier\",\"publisher\":{\"@id\":\"https:\/\/petproducts.com.cn\/#organization\"},\"alternateName\":\"Petstar Pet Supplies\",\"potentialAction\":[{\"@type\":\"SearchAction\",\"target\":{\"@type\":\"EntryPoint\",\"urlTemplate\":\"https:\/\/petproducts.com.cn\/?s={search_term_string}\"},\"query-input\":{\"@type\":\"PropertyValueSpecification\",\"valueRequired\":true,\"valueName\":\"search_term_string\"}}],\"inLanguage\":\"pt-PT\"},{\"@type\":\"Organization\",\"@id\":\"https:\/\/petproducts.com.cn\/#organization\",\"name\":\"Petstar\",\"url\":\"https:\/\/petproducts.com.cn\/\",\"logo\":{\"@type\":\"ImageObject\",\"inLanguage\":\"pt-PT\",\"@id\":\"https:\/\/petproducts.com.cn\/#\/schema\/logo\/image\/\",\"url\":\"https:\/\/petproducts.com.cn\/wp-content\/uploads\/2020\/02\/petstar-logo.webp\",\"contentUrl\":\"https:\/\/petproducts.com.cn\/wp-content\/uploads\/2020\/02\/petstar-logo.webp\",\"width\":779,\"height\":520,\"caption\":\"Petstar\"},\"image\":{\"@id\":\"https:\/\/petproducts.com.cn\/#\/schema\/logo\/image\/\"}}]}<\/script>\n<!-- \/ Yoast SEO plugin. -->","yoast_head_json":{"title":"F\u00e1brica de brinquedos para c\u00e3es de peluche | Brinquedos para c\u00e3es de peluche personalizados - Petstar","description":"Explore brinquedo de cachorro de raposa de pel\u00facia, tecido de brinquedo de cachorro, brinquedo de mastiga\u00e7\u00e3o de cachorro grande do fabricante. Sua solu\u00e7\u00e3o de neg\u00f3cios ideal com Petstar.","robots":{"index":"index","follow":"follow","max-snippet":"max-snippet:-1","max-image-preview":"max-image-preview:large","max-video-preview":"max-video-preview:-1"},"canonical":"https:\/\/petproducts.com.cn\/pt\/produto\/odm-stuffed-fox-big-dog-chew-toy\/","og_locale":"pt_PT","og_type":"article","og_title":"stuffed fox dog toy factory | Custom stuffed fox dog toy - Petstar","og_description":"Explore stuffed fox dog toy,dog toy fabric\uff0cbig dog chew toy from the manufacturer. Your ideal business solution with Petstar.","og_url":"https:\/\/petproducts.com.cn\/pt\/produto\/odm-stuffed-fox-big-dog-chew-toy\/","og_site_name":"Petstar","article_modified_time":"2023-11-14T09:04:22+00:00","og_image":[{"width":800,"height":800,"url":"https:\/\/petproducts.com.cn\/wp-content\/uploads\/2023\/11\/stuffed-fox-dog-toy.webp","type":"image\/webp"}],"twitter_card":"summary_large_image","twitter_misc":{"Tempo estimado de leitura":"2 minutos"},"schema":{"@context":"https:\/\/schema.org","@graph":[{"@type":"WebPage","@id":"https:\/\/petproducts.com.cn\/product\/odm-stuffed-fox-big-dog-chew-toy\/","url":"https:\/\/petproducts.com.cn\/product\/odm-stuffed-fox-big-dog-chew-toy\/","name":"F\u00e1brica de brinquedos para c\u00e3es de peluche | Brinquedos para c\u00e3es de peluche personalizados - Petstar","isPartOf":{"@id":"https:\/\/petproducts.com.cn\/#website"},"primaryImageOfPage":{"@id":"https:\/\/petproducts.com.cn\/product\/odm-stuffed-fox-big-dog-chew-toy\/#primaryimage"},"image":{"@id":"https:\/\/petproducts.com.cn\/product\/odm-stuffed-fox-big-dog-chew-toy\/#primaryimage"},"thumbnailUrl":"https:\/\/petproducts.com.cn\/wp-content\/uploads\/2023\/11\/stuffed-fox-dog-toy.webp","datePublished":"2023-11-14T08:48:31+00:00","dateModified":"2023-11-14T09:04:22+00:00","description":"Explore brinquedo de cachorro de raposa de pel\u00facia, tecido de brinquedo de cachorro, brinquedo de mastiga\u00e7\u00e3o de cachorro grande do fabricante. Sua solu\u00e7\u00e3o de neg\u00f3cios ideal com Petstar.","breadcrumb":{"@id":"https:\/\/petproducts.com.cn\/product\/odm-stuffed-fox-big-dog-chew-toy\/#breadcrumb"},"inLanguage":"pt-PT","potentialAction":[{"@type":"ReadAction","target":["https:\/\/petproducts.com.cn\/product\/odm-stuffed-fox-big-dog-chew-toy\/"]}]},{"@type":"ImageObject","inLanguage":"pt-PT","@id":"https:\/\/petproducts.com.cn\/product\/odm-stuffed-fox-big-dog-chew-toy\/#primaryimage","url":"https:\/\/petproducts.com.cn\/wp-content\/uploads\/2023\/11\/stuffed-fox-dog-toy.webp","contentUrl":"https:\/\/petproducts.com.cn\/wp-content\/uploads\/2023\/11\/stuffed-fox-dog-toy.webp","width":800,"height":800,"caption":"stuffed fox dog toy"},{"@type":"BreadcrumbList","@id":"https:\/\/petproducts.com.cn\/product\/odm-stuffed-fox-big-dog-chew-toy\/#breadcrumb","itemListElement":[{"@type":"ListItem","position":1,"name":"HOME","item":"https:\/\/petproducts.com.cn\/"},{"@type":"ListItem","position":2,"name":"Products","item":"https:\/\/petproducts.com.cn\/shop\/"},{"@type":"ListItem","position":3,"name":"Dog Toys","item":"https:\/\/petproducts.com.cn\/product-category\/dog-toys\/"},{"@type":"ListItem","position":4,"name":"Odm Stuffed Fox Big Dog Chew Toy"}]},{"@type":"WebSite","@id":"https:\/\/petproducts.com.cn\/#website","url":"https:\/\/petproducts.com.cn\/","name":"Petstar","description":"Fabricante l\u00edder de artigos para animais de estima\u00e7\u00e3o e fornecedor de produtos OEM para animais de estima\u00e7\u00e3o","publisher":{"@id":"https:\/\/petproducts.com.cn\/#organization"},"alternateName":"Petstar Pet Supplies","potentialAction":[{"@type":"SearchAction","target":{"@type":"EntryPoint","urlTemplate":"https:\/\/petproducts.com.cn\/?s={search_term_string}"},"query-input":{"@type":"PropertyValueSpecification","valueRequired":true,"valueName":"search_term_string"}}],"inLanguage":"pt-PT"},{"@type":"Organization","@id":"https:\/\/petproducts.com.cn\/#organization","name":"Petstar","url":"https:\/\/petproducts.com.cn\/","logo":{"@type":"ImageObject","inLanguage":"pt-PT","@id":"https:\/\/petproducts.com.cn\/#\/schema\/logo\/image\/","url":"https:\/\/petproducts.com.cn\/wp-content\/uploads\/2020\/02\/petstar-logo.webp","contentUrl":"https:\/\/petproducts.com.cn\/wp-content\/uploads\/2020\/02\/petstar-logo.webp","width":779,"height":520,"caption":"Petstar"},"image":{"@id":"https:\/\/petproducts.com.cn\/#\/schema\/logo\/image\/"}}]}},"_links":{"self":[{"href":"https:\/\/petproducts.com.cn\/pt\/wp-json\/wp\/v2\/product\/15252","targetHints":{"allow":["GET"]}}],"collection":[{"href":"https:\/\/petproducts.com.cn\/pt\/wp-json\/wp\/v2\/product"}],"about":[{"href":"https:\/\/petproducts.com.cn\/pt\/wp-json\/wp\/v2\/types\/product"}],"version-history":[{"count":1,"href":"https:\/\/petproducts.com.cn\/pt\/wp-json\/wp\/v2\/product\/15252\/revisions"}],"predecessor-version":[{"id":15282,"href":"https:\/\/petproducts.com.cn\/pt\/wp-json\/wp\/v2\/product\/15252\/revisions\/15282"}],"wp:featuredmedia":[{"embeddable":true,"href":"https:\/\/petproducts.com.cn\/pt\/wp-json\/wp\/v2\/media\/15259"}],"wp:attachment":[{"href":"https:\/\/petproducts.com.cn\/pt\/wp-json\/wp\/v2\/media?parent=15252"}],"wp:term":[{"taxonomy":"product_brand","embeddable":true,"href":"https:\/\/petproducts.com.cn\/pt\/wp-json\/wp\/v2\/product_brand?post=15252"},{"taxonomy":"product_cat","embeddable":true,"href":"https:\/\/petproducts.com.cn\/pt\/wp-json\/wp\/v2\/product_cat?post=15252"},{"taxonomy":"product_tag","embeddable":true,"href":"https:\/\/petproducts.com.cn\/pt\/wp-json\/wp\/v2\/product_tag?post=15252"}],"curies":[{"name":"wp","href":"https:\/\/api.w.org\/{rel}","templated":true}]}}