{"id":15633,"date":"2023-11-16T05:32:00","date_gmt":"2023-11-16T05:32:00","guid":{"rendered":"https:\/\/petproducts.com.cn\/?post_type=product&#038;p=15633"},"modified":"2023-11-16T06:09:54","modified_gmt":"2023-11-16T06:09:54","slug":"distributors-dog-toys-stuffed-animals-with-crinkle-paper","status":"publish","type":"product","link":"https:\/\/petproducts.com.cn\/pt\/product\/distributors-dog-toys-stuffed-animals-with-crinkle-paper\/","title":{"rendered":"Distribuidores Brinquedos para c\u00e3es Animais de peluche com papel enrugado"},"content":{"rendered":"<h2>Petstar: Liberte a brincadeira alegre com os nossos brinquedos personalizados para c\u00e3es com animais de peluche<\/h2>\n<p>Procura brinquedos para c\u00e3es de alta qualidade e animais de peluche para a sua empresa de distribui\u00e7\u00e3o? N\u00e3o procure mais! Petstar \u00e9 o seu parceiro de confian\u00e7a na entrega de brinquedos personalizados para c\u00e3es recheados com papel amassado que trar\u00e3o alegria sem fim aos amigos peludos. Com o nosso foco na personaliza\u00e7\u00e3o e compromisso com a excel\u00eancia, oferecemos uma s\u00e9rie de vantagens que nos distinguem como a escolha preferida dos distribuidores de brinquedos para c\u00e3es com peluche.<\/p>\n<h3>A nossa vantagem:<\/h3>\n<ol>\n<li>Extensas op\u00e7\u00f5es de personaliza\u00e7\u00e3o: Na Petstar, entendemos que cada distribuidor tem necessidades \u00fanicas de marca. Portanto, oferecemos amplas op\u00e7\u00f5es de personaliza\u00e7\u00e3o para nossos brinquedos de cachorro com pel\u00facia. Quer se trate de selecionar desenhos, cores e tamanhos espec\u00edficos de animais ou de adicionar o seu log\u00f3tipo ou elementos de marca, trabalhamos em estreita colabora\u00e7\u00e3o consigo para criar brinquedos que se alinhem com a identidade da sua marca. Al\u00e9m disso, a nossa equipa de design experiente ir\u00e1 gui\u00e1-lo ao longo do processo, garantindo que os seus brinquedos personalizados se destacam no mercado.<\/li>\n<li>Qualidade e durabilidade superiores: Damos prioridade \u00e0 qualidade e durabilidade dos nossos brinquedos de peluche para c\u00e3es. Utilizando materiais e artesanato de primeira qualidade, garantimos que os nossos brinquedos s\u00e3o constru\u00eddos para resistir a brincadeiras dif\u00edceis e proporcionar entretenimento duradouro. Os nossos brinquedos s\u00e3o recheados com papel amassado, o que acrescenta uma experi\u00eancia sensorial emocionante para os c\u00e3es.<\/li>\n<li>Conformidade com a seguran\u00e7a: A seguran\u00e7a dos animais de estima\u00e7\u00e3o \u00e9 inequivocamente a nossa principal prioridade. Por isso, todos os nossos brinquedos de peluche para c\u00e3es s\u00e3o submetidos a testes rigorosos para cumprir e exceder as normas de seguran\u00e7a estritas. Utilizamos meticulosamente materiais n\u00e3o t\u00f3xicos e garantimos diligentemente que n\u00e3o existem pe\u00e7as pequenas que possam representar um risco de asfixia. Com o Petstar, pode confiar inequivocamente que os brinquedos que distribui s\u00e3o inquestionavelmente seguros para os c\u00e3es.<\/li>\n<\/ol>\n<p>Fa\u00e7a parceria com a Petstar hoje e distribua brinquedos personalizados para c\u00e3es e animais de pel\u00facia que ir\u00e3o encantar tanto os animais de estima\u00e7\u00e3o quanto seus donos. Com nossas extensas op\u00e7\u00f5es de personaliza\u00e7\u00e3o, qualidade e durabilidade superiores, ader\u00eancia aos padr\u00f5es de seguran\u00e7a e compromisso com a excel\u00eancia, estamos dedicados a ajudar seu neg\u00f3cio de distribui\u00e7\u00e3o a prosperar. Contacte-nos agora para discutir os seus requisitos espec\u00edficos e deixe-nos ser o seu parceiro de confian\u00e7a na entrega de brinquedos de peluche para c\u00e3es de alta qualidade com papel enrugado.<\/p>","protected":false},"excerpt":{"rendered":"<p>Somos um fabricante de brinquedos para c\u00e3es com mais de 20 anos de experi\u00eancia. Oferecemos op\u00e7\u00f5es de personaliza\u00e7\u00e3o para cor, tamanho, tecido, padr\u00e3o, log\u00f3tipo e outras caracter\u00edsticas.<\/p>","protected":false},"featured_media":15637,"template":"","meta":{"_acf_changed":false},"product_brand":[],"product_cat":[72,48],"product_tag":[85],"class_list":{"0":"post-15633","1":"product","2":"type-product","3":"status-publish","4":"has-post-thumbnail","6":"product_cat-dog-supplies","7":"product_cat-dog-toys","8":"product_tag-dog-toys","10":"first","11":"instock","12":"shipping-taxable","13":"product-type-simple"},"acf":[],"yoast_head":"<!-- This site is optimized with the Yoast SEO plugin v27.1.1 - https:\/\/yoast.com\/product\/yoast-seo-wordpress\/ -->\n<title>dog toys stuffed animals factory | Custom dog toys stuffed - Petstar<\/title>\n<meta name=\"description\" content=\"Explore dog toys stuffed animals,dog toys stuffed,dog toys with crinkle paper from the manufacturer. Your ideal business solution with Petstar.\" \/>\n<meta name=\"robots\" content=\"index, follow, max-snippet:-1, max-image-preview:large, max-video-preview:-1\" \/>\n<link rel=\"canonical\" href=\"https:\/\/petproducts.com.cn\/pt\/produto\/distributors-dog-toys-stuffed-animals-with-crinkle-paper\/\" \/>\n<meta property=\"og:locale\" content=\"pt_PT\" \/>\n<meta property=\"og:type\" content=\"article\" \/>\n<meta property=\"og:title\" content=\"dog toys stuffed animals factory | Custom dog toys stuffed - Petstar\" \/>\n<meta property=\"og:description\" content=\"Explore dog toys stuffed animals,dog toys stuffed,dog toys with crinkle paper from the manufacturer. Your ideal business solution with Petstar.\" \/>\n<meta property=\"og:url\" content=\"https:\/\/petproducts.com.cn\/pt\/produto\/distributors-dog-toys-stuffed-animals-with-crinkle-paper\/\" \/>\n<meta property=\"og:site_name\" content=\"Petstar\" \/>\n<meta property=\"article:modified_time\" content=\"2023-11-16T06:09:54+00:00\" \/>\n<meta property=\"og:image\" content=\"https:\/\/petproducts.com.cn\/wp-content\/uploads\/2023\/11\/dog-toys-stuffed-animal-.webp\" \/>\n\t<meta property=\"og:image:width\" content=\"1000\" \/>\n\t<meta property=\"og:image:height\" content=\"1000\" \/>\n\t<meta property=\"og:image:type\" content=\"image\/webp\" \/>\n<meta name=\"twitter:card\" content=\"summary_large_image\" \/>\n<meta name=\"twitter:label1\" content=\"Tempo estimado de leitura\" \/>\n\t<meta name=\"twitter:data1\" content=\"2 minutos\" \/>\n<script type=\"application\/ld+json\" class=\"yoast-schema-graph\">{\"@context\":\"https:\/\/schema.org\",\"@graph\":[{\"@type\":\"WebPage\",\"@id\":\"https:\/\/petproducts.com.cn\/product\/distributors-dog-toys-stuffed-animals-with-crinkle-paper\/\",\"url\":\"https:\/\/petproducts.com.cn\/product\/distributors-dog-toys-stuffed-animals-with-crinkle-paper\/\",\"name\":\"dog toys stuffed animals factory | Custom dog toys stuffed - Petstar\",\"isPartOf\":{\"@id\":\"https:\/\/petproducts.com.cn\/#website\"},\"primaryImageOfPage\":{\"@id\":\"https:\/\/petproducts.com.cn\/product\/distributors-dog-toys-stuffed-animals-with-crinkle-paper\/#primaryimage\"},\"image\":{\"@id\":\"https:\/\/petproducts.com.cn\/product\/distributors-dog-toys-stuffed-animals-with-crinkle-paper\/#primaryimage\"},\"thumbnailUrl\":\"https:\/\/petproducts.com.cn\/wp-content\/uploads\/2023\/11\/dog-toys-stuffed-animal-.webp\",\"datePublished\":\"2023-11-16T05:32:00+00:00\",\"dateModified\":\"2023-11-16T06:09:54+00:00\",\"description\":\"Explore dog toys stuffed animals,dog toys stuffed,dog toys with crinkle paper from the manufacturer. Your ideal business solution with Petstar.\",\"breadcrumb\":{\"@id\":\"https:\/\/petproducts.com.cn\/product\/distributors-dog-toys-stuffed-animals-with-crinkle-paper\/#breadcrumb\"},\"inLanguage\":\"pt-PT\",\"potentialAction\":[{\"@type\":\"ReadAction\",\"target\":[\"https:\/\/petproducts.com.cn\/product\/distributors-dog-toys-stuffed-animals-with-crinkle-paper\/\"]}]},{\"@type\":\"ImageObject\",\"inLanguage\":\"pt-PT\",\"@id\":\"https:\/\/petproducts.com.cn\/product\/distributors-dog-toys-stuffed-animals-with-crinkle-paper\/#primaryimage\",\"url\":\"https:\/\/petproducts.com.cn\/wp-content\/uploads\/2023\/11\/dog-toys-stuffed-animal-.webp\",\"contentUrl\":\"https:\/\/petproducts.com.cn\/wp-content\/uploads\/2023\/11\/dog-toys-stuffed-animal-.webp\",\"width\":1000,\"height\":1000,\"caption\":\"dog toys stuffed animal\"},{\"@type\":\"BreadcrumbList\",\"@id\":\"https:\/\/petproducts.com.cn\/product\/distributors-dog-toys-stuffed-animals-with-crinkle-paper\/#breadcrumb\",\"itemListElement\":[{\"@type\":\"ListItem\",\"position\":1,\"name\":\"HOME\",\"item\":\"https:\/\/petproducts.com.cn\/\"},{\"@type\":\"ListItem\",\"position\":2,\"name\":\"Products\",\"item\":\"https:\/\/petproducts.com.cn\/shop\/\"},{\"@type\":\"ListItem\",\"position\":3,\"name\":\"Dog Toys\",\"item\":\"https:\/\/petproducts.com.cn\/product-category\/dog-toys\/\"},{\"@type\":\"ListItem\",\"position\":4,\"name\":\"Distributors Dog Toys Stuffed Animals With Crinkle Paper\"}]},{\"@type\":\"WebSite\",\"@id\":\"https:\/\/petproducts.com.cn\/#website\",\"url\":\"https:\/\/petproducts.com.cn\/\",\"name\":\"Petstar\",\"description\":\"Leading Pet Supplies Manufacturer &amp; OEM Pet Products Supplier\",\"publisher\":{\"@id\":\"https:\/\/petproducts.com.cn\/#organization\"},\"alternateName\":\"Petstar Pet Supplies\",\"potentialAction\":[{\"@type\":\"SearchAction\",\"target\":{\"@type\":\"EntryPoint\",\"urlTemplate\":\"https:\/\/petproducts.com.cn\/?s={search_term_string}\"},\"query-input\":{\"@type\":\"PropertyValueSpecification\",\"valueRequired\":true,\"valueName\":\"search_term_string\"}}],\"inLanguage\":\"pt-PT\"},{\"@type\":\"Organization\",\"@id\":\"https:\/\/petproducts.com.cn\/#organization\",\"name\":\"Petstar\",\"url\":\"https:\/\/petproducts.com.cn\/\",\"logo\":{\"@type\":\"ImageObject\",\"inLanguage\":\"pt-PT\",\"@id\":\"https:\/\/petproducts.com.cn\/#\/schema\/logo\/image\/\",\"url\":\"https:\/\/petproducts.com.cn\/wp-content\/uploads\/2020\/02\/petstar-logo.webp\",\"contentUrl\":\"https:\/\/petproducts.com.cn\/wp-content\/uploads\/2020\/02\/petstar-logo.webp\",\"width\":779,\"height\":520,\"caption\":\"Petstar\"},\"image\":{\"@id\":\"https:\/\/petproducts.com.cn\/#\/schema\/logo\/image\/\"}}]}<\/script>\n<!-- \/ Yoast SEO plugin. -->","yoast_head_json":{"title":"brinquedos para c\u00e3es de peluche f\u00e1brica | brinquedos para c\u00e3es de peluche personalizados - Petstar","description":"Explore brinquedos para c\u00e3es de peluche, brinquedos para c\u00e3es de peluche, brinquedos para c\u00e3es com papel amassado do fabricante. A sua solu\u00e7\u00e3o de neg\u00f3cio ideal com Petstar.","robots":{"index":"index","follow":"follow","max-snippet":"max-snippet:-1","max-image-preview":"max-image-preview:large","max-video-preview":"max-video-preview:-1"},"canonical":"https:\/\/petproducts.com.cn\/pt\/produto\/distributors-dog-toys-stuffed-animals-with-crinkle-paper\/","og_locale":"pt_PT","og_type":"article","og_title":"dog toys stuffed animals factory | Custom dog toys stuffed - Petstar","og_description":"Explore dog toys stuffed animals,dog toys stuffed,dog toys with crinkle paper from the manufacturer. Your ideal business solution with Petstar.","og_url":"https:\/\/petproducts.com.cn\/pt\/produto\/distributors-dog-toys-stuffed-animals-with-crinkle-paper\/","og_site_name":"Petstar","article_modified_time":"2023-11-16T06:09:54+00:00","og_image":[{"width":1000,"height":1000,"url":"https:\/\/petproducts.com.cn\/wp-content\/uploads\/2023\/11\/dog-toys-stuffed-animal-.webp","type":"image\/webp"}],"twitter_card":"summary_large_image","twitter_misc":{"Tempo estimado de leitura":"2 minutos"},"schema":{"@context":"https:\/\/schema.org","@graph":[{"@type":"WebPage","@id":"https:\/\/petproducts.com.cn\/product\/distributors-dog-toys-stuffed-animals-with-crinkle-paper\/","url":"https:\/\/petproducts.com.cn\/product\/distributors-dog-toys-stuffed-animals-with-crinkle-paper\/","name":"brinquedos para c\u00e3es de peluche f\u00e1brica | brinquedos para c\u00e3es de peluche personalizados - Petstar","isPartOf":{"@id":"https:\/\/petproducts.com.cn\/#website"},"primaryImageOfPage":{"@id":"https:\/\/petproducts.com.cn\/product\/distributors-dog-toys-stuffed-animals-with-crinkle-paper\/#primaryimage"},"image":{"@id":"https:\/\/petproducts.com.cn\/product\/distributors-dog-toys-stuffed-animals-with-crinkle-paper\/#primaryimage"},"thumbnailUrl":"https:\/\/petproducts.com.cn\/wp-content\/uploads\/2023\/11\/dog-toys-stuffed-animal-.webp","datePublished":"2023-11-16T05:32:00+00:00","dateModified":"2023-11-16T06:09:54+00:00","description":"Explore brinquedos para c\u00e3es de peluche, brinquedos para c\u00e3es de peluche, brinquedos para c\u00e3es com papel amassado do fabricante. A sua solu\u00e7\u00e3o de neg\u00f3cio ideal com Petstar.","breadcrumb":{"@id":"https:\/\/petproducts.com.cn\/product\/distributors-dog-toys-stuffed-animals-with-crinkle-paper\/#breadcrumb"},"inLanguage":"pt-PT","potentialAction":[{"@type":"ReadAction","target":["https:\/\/petproducts.com.cn\/product\/distributors-dog-toys-stuffed-animals-with-crinkle-paper\/"]}]},{"@type":"ImageObject","inLanguage":"pt-PT","@id":"https:\/\/petproducts.com.cn\/product\/distributors-dog-toys-stuffed-animals-with-crinkle-paper\/#primaryimage","url":"https:\/\/petproducts.com.cn\/wp-content\/uploads\/2023\/11\/dog-toys-stuffed-animal-.webp","contentUrl":"https:\/\/petproducts.com.cn\/wp-content\/uploads\/2023\/11\/dog-toys-stuffed-animal-.webp","width":1000,"height":1000,"caption":"dog toys stuffed animal"},{"@type":"BreadcrumbList","@id":"https:\/\/petproducts.com.cn\/product\/distributors-dog-toys-stuffed-animals-with-crinkle-paper\/#breadcrumb","itemListElement":[{"@type":"ListItem","position":1,"name":"HOME","item":"https:\/\/petproducts.com.cn\/"},{"@type":"ListItem","position":2,"name":"Products","item":"https:\/\/petproducts.com.cn\/shop\/"},{"@type":"ListItem","position":3,"name":"Dog Toys","item":"https:\/\/petproducts.com.cn\/product-category\/dog-toys\/"},{"@type":"ListItem","position":4,"name":"Distributors Dog Toys Stuffed Animals With Crinkle Paper"}]},{"@type":"WebSite","@id":"https:\/\/petproducts.com.cn\/#website","url":"https:\/\/petproducts.com.cn\/","name":"Petstar","description":"Fabricante l\u00edder de artigos para animais de estima\u00e7\u00e3o e fornecedor de produtos OEM para animais de estima\u00e7\u00e3o","publisher":{"@id":"https:\/\/petproducts.com.cn\/#organization"},"alternateName":"Petstar Pet Supplies","potentialAction":[{"@type":"SearchAction","target":{"@type":"EntryPoint","urlTemplate":"https:\/\/petproducts.com.cn\/?s={search_term_string}"},"query-input":{"@type":"PropertyValueSpecification","valueRequired":true,"valueName":"search_term_string"}}],"inLanguage":"pt-PT"},{"@type":"Organization","@id":"https:\/\/petproducts.com.cn\/#organization","name":"Petstar","url":"https:\/\/petproducts.com.cn\/","logo":{"@type":"ImageObject","inLanguage":"pt-PT","@id":"https:\/\/petproducts.com.cn\/#\/schema\/logo\/image\/","url":"https:\/\/petproducts.com.cn\/wp-content\/uploads\/2020\/02\/petstar-logo.webp","contentUrl":"https:\/\/petproducts.com.cn\/wp-content\/uploads\/2020\/02\/petstar-logo.webp","width":779,"height":520,"caption":"Petstar"},"image":{"@id":"https:\/\/petproducts.com.cn\/#\/schema\/logo\/image\/"}}]}},"_links":{"self":[{"href":"https:\/\/petproducts.com.cn\/pt\/wp-json\/wp\/v2\/product\/15633","targetHints":{"allow":["GET"]}}],"collection":[{"href":"https:\/\/petproducts.com.cn\/pt\/wp-json\/wp\/v2\/product"}],"about":[{"href":"https:\/\/petproducts.com.cn\/pt\/wp-json\/wp\/v2\/types\/product"}],"version-history":[{"count":2,"href":"https:\/\/petproducts.com.cn\/pt\/wp-json\/wp\/v2\/product\/15633\/revisions"}],"predecessor-version":[{"id":15642,"href":"https:\/\/petproducts.com.cn\/pt\/wp-json\/wp\/v2\/product\/15633\/revisions\/15642"}],"wp:featuredmedia":[{"embeddable":true,"href":"https:\/\/petproducts.com.cn\/pt\/wp-json\/wp\/v2\/media\/15637"}],"wp:attachment":[{"href":"https:\/\/petproducts.com.cn\/pt\/wp-json\/wp\/v2\/media?parent=15633"}],"wp:term":[{"taxonomy":"product_brand","embeddable":true,"href":"https:\/\/petproducts.com.cn\/pt\/wp-json\/wp\/v2\/product_brand?post=15633"},{"taxonomy":"product_cat","embeddable":true,"href":"https:\/\/petproducts.com.cn\/pt\/wp-json\/wp\/v2\/product_cat?post=15633"},{"taxonomy":"product_tag","embeddable":true,"href":"https:\/\/petproducts.com.cn\/pt\/wp-json\/wp\/v2\/product_tag?post=15633"}],"curies":[{"name":"wp","href":"https:\/\/api.w.org\/{rel}","templated":true}]}}