{"id":15663,"date":"2023-11-16T07:15:11","date_gmt":"2023-11-16T07:15:11","guid":{"rendered":"https:\/\/petproducts.com.cn\/?post_type=product&#038;p=15663"},"modified":"2023-11-16T07:24:43","modified_gmt":"2023-11-16T07:24:43","slug":"dog-toy-pigeon-bulks-outdoor-interactive-dog-toys","status":"publish","type":"product","link":"https:\/\/petproducts.com.cn\/pt\/product\/dog-toy-pigeon-bulks-outdoor-interactive-dog-toys\/","title":{"rendered":"Dog Toy Pigeon Bulks Outdoor Interactive Dog Toys"},"content":{"rendered":"<h2>Petstar: Brinquedos interactivos para c\u00e3es ao ar livre a granel<\/h2>\n<p>Procura brinquedos interactivos para c\u00e3es ao ar livre que mantenham os c\u00e3es entretidos durante horas? Petstar tem a solu\u00e7\u00e3o perfeita com o nosso brinquedo personalizado para c\u00e3es. Concebido para divers\u00e3o e envolvimento, o nosso pombo de brinquedo para c\u00e3es \u00e9 obrigat\u00f3rio para c\u00e3es activos que adoram brincar ao ar livre. Com o nosso foco na personaliza\u00e7\u00e3o e compromisso com a excel\u00eancia, oferecemos uma s\u00e9rie de vantagens que nos tornam a escolha preferida para encomendas a granel de brinquedos interactivos para c\u00e3es.<\/p>\n<h3>A nossa vantagem:<\/h3>\n<ol>\n<li>Extensas op\u00e7\u00f5es de personaliza\u00e7\u00e3o: Na Petstar, entendemos que cada cliente tem prefer\u00eancias \u00fanicas. \u00c9 por isso que oferecemos amplas op\u00e7\u00f5es de personaliza\u00e7\u00e3o para o nosso pombo de brinquedo para c\u00e3es. Desde a sele\u00e7\u00e3o do tamanho e da cor at\u00e9 a adi\u00e7\u00e3o de recursos adicionais, como squeakers ou cordas, trabalhamos em estreita colabora\u00e7\u00e3o com voc\u00ea para criar um brinquedo que atenda \u00e0s necessidades espec\u00edficas de seus clientes. Ao oferecer op\u00e7\u00f5es personalizadas, pode garantir que a sua encomenda a granel se destaca no mercado.<\/li>\n<li>Qualidade e durabilidade superiores: Damos prioridade \u00e0 qualidade e durabilidade do nosso brinquedo para c\u00e3es. A constru\u00e7\u00e3o robusta e as costuras refor\u00e7adas garantem que o brinquedo pode suportar c\u00e3es en\u00e9rgicos e permanecer intacto mesmo durante sess\u00f5es de jogo interactivas.<\/li>\n<li>Design interativo ao ar livre: Concebemos cuidadosamente o nosso brinquedo para c\u00e3es para incentivar especificamente as brincadeiras interactivas ao ar livre. Com carater\u00edsticas como guinchos e cordas, o brinquedo proporciona est\u00edmulos auditivos e f\u00edsicos, mantendo os c\u00e3es envolvidos e entretidos. O design realista do pombo acrescenta um elemento de excita\u00e7\u00e3o, tornando-o o brinquedo perfeito para c\u00e3es que adoram perseguir e recuperar.<\/li>\n<\/ol>\n<p>Escolha Petstar como seu parceiro confi\u00e1vel para pedidos em massa de brinquedos interativos para c\u00e3es ao ar livre. Com nossas extensas op\u00e7\u00f5es de personaliza\u00e7\u00e3o, qualidade superior e durabilidade, bem como nosso compromisso de fornecer experi\u00eancias de jogo envolventes, estamos empenhados em fornecer produtos que excedam suas expectativas. Contacte-nos agora para discutir os seus requisitos espec\u00edficos e deixe-nos ajud\u00e1-lo a criar um brinquedo personalizado para c\u00e3es.<\/p>","protected":false},"excerpt":{"rendered":"<p>Somos um fabricante de brinquedos para c\u00e3es com mais de 20 anos de experi\u00eancia. Oferecemos op\u00e7\u00f5es de personaliza\u00e7\u00e3o para cor, tamanho, tecido, padr\u00e3o, log\u00f3tipo e outras caracter\u00edsticas.<\/p>","protected":false},"featured_media":15668,"template":"","meta":{"_acf_changed":false},"product_brand":[],"product_cat":[72,48],"product_tag":[85],"class_list":{"0":"post-15663","1":"product","2":"type-product","3":"status-publish","4":"has-post-thumbnail","6":"product_cat-dog-supplies","7":"product_cat-dog-toys","8":"product_tag-dog-toys","10":"first","11":"instock","12":"shipping-taxable","13":"product-type-simple"},"acf":[],"yoast_head":"<!-- This site is optimized with the Yoast SEO plugin v27.1.1 - https:\/\/yoast.com\/product\/yoast-seo-wordpress\/ -->\n<title>dog toy pigeon factory | Customdog interactive toy - Petstar<\/title>\n<meta name=\"description\" content=\"Explore dog toy pigeon,dog interactive toy,outdoor interactive dog toys from the manufacturer. Your ideal business solution with Petstar.\" \/>\n<meta name=\"robots\" content=\"index, follow, max-snippet:-1, max-image-preview:large, max-video-preview:-1\" \/>\n<link rel=\"canonical\" href=\"https:\/\/petproducts.com.cn\/pt\/produto\/dog-toy-pigeon-bulks-outdoor-interactive-dog-toys\/\" \/>\n<meta property=\"og:locale\" content=\"pt_PT\" \/>\n<meta property=\"og:type\" content=\"article\" \/>\n<meta property=\"og:title\" content=\"dog toy pigeon factory | Customdog interactive toy - Petstar\" \/>\n<meta property=\"og:description\" content=\"Explore dog toy pigeon,dog interactive toy,outdoor interactive dog toys from the manufacturer. Your ideal business solution with Petstar.\" \/>\n<meta property=\"og:url\" content=\"https:\/\/petproducts.com.cn\/pt\/produto\/dog-toy-pigeon-bulks-outdoor-interactive-dog-toys\/\" \/>\n<meta property=\"og:site_name\" content=\"Petstar\" \/>\n<meta property=\"article:modified_time\" content=\"2023-11-16T07:24:43+00:00\" \/>\n<meta property=\"og:image\" content=\"https:\/\/petproducts.com.cn\/wp-content\/uploads\/2023\/11\/dog-toy-pigeon.webp\" \/>\n\t<meta property=\"og:image:width\" content=\"800\" \/>\n\t<meta property=\"og:image:height\" content=\"800\" \/>\n\t<meta property=\"og:image:type\" content=\"image\/webp\" \/>\n<meta name=\"twitter:card\" content=\"summary_large_image\" \/>\n<meta name=\"twitter:label1\" content=\"Tempo estimado de leitura\" \/>\n\t<meta name=\"twitter:data1\" content=\"2 minutos\" \/>\n<script type=\"application\/ld+json\" class=\"yoast-schema-graph\">{\"@context\":\"https:\/\/schema.org\",\"@graph\":[{\"@type\":\"WebPage\",\"@id\":\"https:\/\/petproducts.com.cn\/product\/dog-toy-pigeon-bulks-outdoor-interactive-dog-toys\/\",\"url\":\"https:\/\/petproducts.com.cn\/product\/dog-toy-pigeon-bulks-outdoor-interactive-dog-toys\/\",\"name\":\"dog toy pigeon factory | Customdog interactive toy - Petstar\",\"isPartOf\":{\"@id\":\"https:\/\/petproducts.com.cn\/#website\"},\"primaryImageOfPage\":{\"@id\":\"https:\/\/petproducts.com.cn\/product\/dog-toy-pigeon-bulks-outdoor-interactive-dog-toys\/#primaryimage\"},\"image\":{\"@id\":\"https:\/\/petproducts.com.cn\/product\/dog-toy-pigeon-bulks-outdoor-interactive-dog-toys\/#primaryimage\"},\"thumbnailUrl\":\"https:\/\/petproducts.com.cn\/wp-content\/uploads\/2023\/11\/dog-toy-pigeon.webp\",\"datePublished\":\"2023-11-16T07:15:11+00:00\",\"dateModified\":\"2023-11-16T07:24:43+00:00\",\"description\":\"Explore dog toy pigeon,dog interactive toy,outdoor interactive dog toys from the manufacturer. Your ideal business solution with Petstar.\",\"breadcrumb\":{\"@id\":\"https:\/\/petproducts.com.cn\/product\/dog-toy-pigeon-bulks-outdoor-interactive-dog-toys\/#breadcrumb\"},\"inLanguage\":\"pt-PT\",\"potentialAction\":[{\"@type\":\"ReadAction\",\"target\":[\"https:\/\/petproducts.com.cn\/product\/dog-toy-pigeon-bulks-outdoor-interactive-dog-toys\/\"]}]},{\"@type\":\"ImageObject\",\"inLanguage\":\"pt-PT\",\"@id\":\"https:\/\/petproducts.com.cn\/product\/dog-toy-pigeon-bulks-outdoor-interactive-dog-toys\/#primaryimage\",\"url\":\"https:\/\/petproducts.com.cn\/wp-content\/uploads\/2023\/11\/dog-toy-pigeon.webp\",\"contentUrl\":\"https:\/\/petproducts.com.cn\/wp-content\/uploads\/2023\/11\/dog-toy-pigeon.webp\",\"width\":800,\"height\":800,\"caption\":\"dog toy pigeon\"},{\"@type\":\"BreadcrumbList\",\"@id\":\"https:\/\/petproducts.com.cn\/product\/dog-toy-pigeon-bulks-outdoor-interactive-dog-toys\/#breadcrumb\",\"itemListElement\":[{\"@type\":\"ListItem\",\"position\":1,\"name\":\"HOME\",\"item\":\"https:\/\/petproducts.com.cn\/\"},{\"@type\":\"ListItem\",\"position\":2,\"name\":\"Products\",\"item\":\"https:\/\/petproducts.com.cn\/shop\/\"},{\"@type\":\"ListItem\",\"position\":3,\"name\":\"Dog Toys\",\"item\":\"https:\/\/petproducts.com.cn\/product-category\/dog-toys\/\"},{\"@type\":\"ListItem\",\"position\":4,\"name\":\"Dog Toy Pigeon Bulks Outdoor Interactive Dog Toys\"}]},{\"@type\":\"WebSite\",\"@id\":\"https:\/\/petproducts.com.cn\/#website\",\"url\":\"https:\/\/petproducts.com.cn\/\",\"name\":\"Petstar\",\"description\":\"Leading Pet Supplies Manufacturer &amp; OEM Pet Products Supplier\",\"publisher\":{\"@id\":\"https:\/\/petproducts.com.cn\/#organization\"},\"alternateName\":\"Petstar Pet Supplies\",\"potentialAction\":[{\"@type\":\"SearchAction\",\"target\":{\"@type\":\"EntryPoint\",\"urlTemplate\":\"https:\/\/petproducts.com.cn\/?s={search_term_string}\"},\"query-input\":{\"@type\":\"PropertyValueSpecification\",\"valueRequired\":true,\"valueName\":\"search_term_string\"}}],\"inLanguage\":\"pt-PT\"},{\"@type\":\"Organization\",\"@id\":\"https:\/\/petproducts.com.cn\/#organization\",\"name\":\"Petstar\",\"url\":\"https:\/\/petproducts.com.cn\/\",\"logo\":{\"@type\":\"ImageObject\",\"inLanguage\":\"pt-PT\",\"@id\":\"https:\/\/petproducts.com.cn\/#\/schema\/logo\/image\/\",\"url\":\"https:\/\/petproducts.com.cn\/wp-content\/uploads\/2020\/02\/petstar-logo.webp\",\"contentUrl\":\"https:\/\/petproducts.com.cn\/wp-content\/uploads\/2020\/02\/petstar-logo.webp\",\"width\":779,\"height\":520,\"caption\":\"Petstar\"},\"image\":{\"@id\":\"https:\/\/petproducts.com.cn\/#\/schema\/logo\/image\/\"}}]}<\/script>\n<!-- \/ Yoast SEO plugin. -->","yoast_head_json":{"title":"brinquedo para c\u00e3o f\u00e1brica de pombos | brinquedo interativo personalizado para c\u00e3o - Petstar","description":"Explore pombo brinquedo para c\u00e3es, brinquedo interativo para c\u00e3es, brinquedos interactivos para c\u00e3es ao ar livre do fabricante. A sua solu\u00e7\u00e3o comercial ideal com Petstar.","robots":{"index":"index","follow":"follow","max-snippet":"max-snippet:-1","max-image-preview":"max-image-preview:large","max-video-preview":"max-video-preview:-1"},"canonical":"https:\/\/petproducts.com.cn\/pt\/produto\/dog-toy-pigeon-bulks-outdoor-interactive-dog-toys\/","og_locale":"pt_PT","og_type":"article","og_title":"dog toy pigeon factory | Customdog interactive toy - Petstar","og_description":"Explore dog toy pigeon,dog interactive toy,outdoor interactive dog toys from the manufacturer. Your ideal business solution with Petstar.","og_url":"https:\/\/petproducts.com.cn\/pt\/produto\/dog-toy-pigeon-bulks-outdoor-interactive-dog-toys\/","og_site_name":"Petstar","article_modified_time":"2023-11-16T07:24:43+00:00","og_image":[{"width":800,"height":800,"url":"https:\/\/petproducts.com.cn\/wp-content\/uploads\/2023\/11\/dog-toy-pigeon.webp","type":"image\/webp"}],"twitter_card":"summary_large_image","twitter_misc":{"Tempo estimado de leitura":"2 minutos"},"schema":{"@context":"https:\/\/schema.org","@graph":[{"@type":"WebPage","@id":"https:\/\/petproducts.com.cn\/product\/dog-toy-pigeon-bulks-outdoor-interactive-dog-toys\/","url":"https:\/\/petproducts.com.cn\/product\/dog-toy-pigeon-bulks-outdoor-interactive-dog-toys\/","name":"brinquedo para c\u00e3o f\u00e1brica de pombos | brinquedo interativo personalizado para c\u00e3o - Petstar","isPartOf":{"@id":"https:\/\/petproducts.com.cn\/#website"},"primaryImageOfPage":{"@id":"https:\/\/petproducts.com.cn\/product\/dog-toy-pigeon-bulks-outdoor-interactive-dog-toys\/#primaryimage"},"image":{"@id":"https:\/\/petproducts.com.cn\/product\/dog-toy-pigeon-bulks-outdoor-interactive-dog-toys\/#primaryimage"},"thumbnailUrl":"https:\/\/petproducts.com.cn\/wp-content\/uploads\/2023\/11\/dog-toy-pigeon.webp","datePublished":"2023-11-16T07:15:11+00:00","dateModified":"2023-11-16T07:24:43+00:00","description":"Explore pombo brinquedo para c\u00e3es, brinquedo interativo para c\u00e3es, brinquedos interactivos para c\u00e3es ao ar livre do fabricante. A sua solu\u00e7\u00e3o comercial ideal com Petstar.","breadcrumb":{"@id":"https:\/\/petproducts.com.cn\/product\/dog-toy-pigeon-bulks-outdoor-interactive-dog-toys\/#breadcrumb"},"inLanguage":"pt-PT","potentialAction":[{"@type":"ReadAction","target":["https:\/\/petproducts.com.cn\/product\/dog-toy-pigeon-bulks-outdoor-interactive-dog-toys\/"]}]},{"@type":"ImageObject","inLanguage":"pt-PT","@id":"https:\/\/petproducts.com.cn\/product\/dog-toy-pigeon-bulks-outdoor-interactive-dog-toys\/#primaryimage","url":"https:\/\/petproducts.com.cn\/wp-content\/uploads\/2023\/11\/dog-toy-pigeon.webp","contentUrl":"https:\/\/petproducts.com.cn\/wp-content\/uploads\/2023\/11\/dog-toy-pigeon.webp","width":800,"height":800,"caption":"dog toy pigeon"},{"@type":"BreadcrumbList","@id":"https:\/\/petproducts.com.cn\/product\/dog-toy-pigeon-bulks-outdoor-interactive-dog-toys\/#breadcrumb","itemListElement":[{"@type":"ListItem","position":1,"name":"HOME","item":"https:\/\/petproducts.com.cn\/"},{"@type":"ListItem","position":2,"name":"Products","item":"https:\/\/petproducts.com.cn\/shop\/"},{"@type":"ListItem","position":3,"name":"Dog Toys","item":"https:\/\/petproducts.com.cn\/product-category\/dog-toys\/"},{"@type":"ListItem","position":4,"name":"Dog Toy Pigeon Bulks Outdoor Interactive Dog Toys"}]},{"@type":"WebSite","@id":"https:\/\/petproducts.com.cn\/#website","url":"https:\/\/petproducts.com.cn\/","name":"Petstar","description":"Fabricante l\u00edder de artigos para animais de estima\u00e7\u00e3o e fornecedor de produtos OEM para animais de estima\u00e7\u00e3o","publisher":{"@id":"https:\/\/petproducts.com.cn\/#organization"},"alternateName":"Petstar Pet Supplies","potentialAction":[{"@type":"SearchAction","target":{"@type":"EntryPoint","urlTemplate":"https:\/\/petproducts.com.cn\/?s={search_term_string}"},"query-input":{"@type":"PropertyValueSpecification","valueRequired":true,"valueName":"search_term_string"}}],"inLanguage":"pt-PT"},{"@type":"Organization","@id":"https:\/\/petproducts.com.cn\/#organization","name":"Petstar","url":"https:\/\/petproducts.com.cn\/","logo":{"@type":"ImageObject","inLanguage":"pt-PT","@id":"https:\/\/petproducts.com.cn\/#\/schema\/logo\/image\/","url":"https:\/\/petproducts.com.cn\/wp-content\/uploads\/2020\/02\/petstar-logo.webp","contentUrl":"https:\/\/petproducts.com.cn\/wp-content\/uploads\/2020\/02\/petstar-logo.webp","width":779,"height":520,"caption":"Petstar"},"image":{"@id":"https:\/\/petproducts.com.cn\/#\/schema\/logo\/image\/"}}]}},"_links":{"self":[{"href":"https:\/\/petproducts.com.cn\/pt\/wp-json\/wp\/v2\/product\/15663","targetHints":{"allow":["GET"]}}],"collection":[{"href":"https:\/\/petproducts.com.cn\/pt\/wp-json\/wp\/v2\/product"}],"about":[{"href":"https:\/\/petproducts.com.cn\/pt\/wp-json\/wp\/v2\/types\/product"}],"version-history":[{"count":1,"href":"https:\/\/petproducts.com.cn\/pt\/wp-json\/wp\/v2\/product\/15663\/revisions"}],"predecessor-version":[{"id":15676,"href":"https:\/\/petproducts.com.cn\/pt\/wp-json\/wp\/v2\/product\/15663\/revisions\/15676"}],"wp:featuredmedia":[{"embeddable":true,"href":"https:\/\/petproducts.com.cn\/pt\/wp-json\/wp\/v2\/media\/15668"}],"wp:attachment":[{"href":"https:\/\/petproducts.com.cn\/pt\/wp-json\/wp\/v2\/media?parent=15663"}],"wp:term":[{"taxonomy":"product_brand","embeddable":true,"href":"https:\/\/petproducts.com.cn\/pt\/wp-json\/wp\/v2\/product_brand?post=15663"},{"taxonomy":"product_cat","embeddable":true,"href":"https:\/\/petproducts.com.cn\/pt\/wp-json\/wp\/v2\/product_cat?post=15663"},{"taxonomy":"product_tag","embeddable":true,"href":"https:\/\/petproducts.com.cn\/pt\/wp-json\/wp\/v2\/product_tag?post=15663"}],"curies":[{"name":"wp","href":"https:\/\/api.w.org\/{rel}","templated":true}]}}