{"id":15751,"date":"2023-11-16T08:52:44","date_gmt":"2023-11-16T08:52:44","guid":{"rendered":"https:\/\/petproducts.com.cn\/?post_type=product&#038;p=15751"},"modified":"2023-11-16T08:59:37","modified_gmt":"2023-11-16T08:59:37","slug":"dog-comfort-bed-soft-pet-bed-with-removable-cushion","status":"publish","type":"product","link":"https:\/\/petproducts.com.cn\/pt\/product\/dog-comfort-bed-soft-pet-bed-with-removable-cushion\/","title":{"rendered":"Cama Comfort para c\u00e3es Cama macia para animais de estima\u00e7\u00e3o com almofada amov\u00edvel"},"content":{"rendered":"<h2>Features Of Dog Comfort Bed<strong><br \/>\n<\/strong><\/h2>\n<div class=\"group w-full text-token-text-primary border-b border-black\/10 gizmo:border-0 dark:border-gray-900\/50 gizmo:dark:border-0 bg-gray-50 gizmo:bg-transparent dark:bg-[#444654] gizmo:dark:bg-transparent\" data-testid=\"conversation-turn-3\">\n<div class=\"p-4 gizmo:py-2 justify-center text-base md:gap-6 md:py-6 m-auto\">\n<div class=\"flex flex-1 gap-4 text-base mx-auto md:gap-6 gizmo:gap-3 gizmo:md:px-5 gizmo:lg:px-1 gizmo:xl:px-5 md:max-w-2xl lg:max-w-[38rem] gizmo:md:max-w-3xl gizmo:lg:max-w-[40rem] gizmo:xl:max-w-[48rem] xl:max-w-3xl }\">\n<div class=\"relative flex w-[calc(100%-50px)] flex-col gizmo:w-full lg:w-[calc(100%-115px)] agent-turn\">\n<div class=\"group w-full text-token-text-primary border-b border-black\/10 gizmo:border-0 dark:border-gray-900\/50 gizmo:dark:border-0 bg-gray-50 gizmo:bg-transparent dark:bg-[#444654] gizmo:dark:bg-transparent\" data-testid=\"conversation-turn-64\">\n<div class=\"p-4 gizmo:py-2 justify-center text-base md:gap-6 md:py-6 m-auto\">\n<div class=\"flex flex-1 gap-4 text-base mx-auto md:gap-6 gizmo:gap-3 gizmo:md:px-5 gizmo:lg:px-1 gizmo:xl:px-5 md:max-w-2xl lg:max-w-[38rem] gizmo:md:max-w-3xl gizmo:lg:max-w-[40rem] gizmo:xl:max-w-[48rem] xl:max-w-3xl }\">\n<div class=\"relative flex w-[calc(100%-50px)] flex-col gizmo:w-full lg:w-[calc(100%-115px)] agent-turn\">\n<div class=\"flex-col gap-1 md:gap-3\">\n<div class=\"flex flex-grow flex-col max-w-full gap-3 gizmo:gap-0\">\n<div class=\"min-h-[20px] text-message peer flex flex-col items-start gap-3 whitespace-pre-wrap break-words peer-[.text-message]:mt-5 overflow-x-auto\" data-message-author-role=\"assistant\" data-message-id=\"99121888-d952-4ced-bdb6-fbf9d004bbfc\">\n<div class=\"markdown prose w-full break-words dark:prose-invert light\">\n<div class=\"flex-1 overflow-hidden\">\n<div class=\"react-scroll-to-bottom--css-iabii-79elbk h-full\">\n<div class=\"react-scroll-to-bottom--css-iabii-1n7m0yu\">\n<div class=\"flex flex-col text-sm gizmo:pb-9 dark:bg-gray-800 gizmo:dark:bg-transparent\">\n<div class=\"group w-full text-token-text-primary border-b border-black\/10 gizmo:border-0 dark:border-gray-900\/50 gizmo:dark:border-0 bg-gray-50 gizmo:bg-transparent dark:bg-[#444654] gizmo:dark:bg-transparent\" data-testid=\"conversation-turn-78\">\n<ol>\n<li><strong>Material Excellence:<\/strong> To begin, our dog comfort bed combines polyester sherpa and polyester tweed fabric. This premium blend ensures both durability and a soft, luxurious feel for your furry friend.<\/li>\n<li><strong>Irregular Round Design:<\/strong> Transitioning to its unique features, the irregular round shape of this dog bed adds a touch of chic style to your pet&#8217;s space. The addition of a removable plush cushion in the center enhances comfort and softness.<\/li>\n<li><strong>Raised Edges for Head Support:<\/strong> With raised edges, this bed provides extra support for your pet&#8217;s head, ensuring a cozy and secure sleep space. The thoughtful design caters to your pet&#8217;s comfort needs during naptime.<\/li>\n<li><strong>Anti-Slip Bottom for Stability:<\/strong> Ensuring safety, our dog comfort bed features an anti-slip bottom design. This guarantees stability, preventing any unwanted shifting or sliding, even during your dog&#8217;s restless moments.<\/li>\n<li><strong>Customizable Sizes and Colors:<\/strong> Moreover, choose from a variety of sizes and colors to match your dog&#8217;s size and complement your home decor. For a personalized touch, customization options are available, ensuring the perfect fit for your pet.<\/li>\n<li><strong>Ideal for Wholesale, Retail, and E-commerce:<\/strong> Calling out to wholesalers, retailers, and e-commerce enthusiasts! The dog bed is a versatile and sought-after product for your inventory. Elevate your pet product offerings with this blend of affordability and style.<\/li>\n<li><strong>Elevate Your Online Store:<\/strong> For e-commerce platforms seeking attractive and practical pet accessories, the Dog Comfort Bed is a game-changer. Feature this innovative product on your online store and watch it become a customer favorite. Your canine customers will thank you.<\/li>\n<\/ol>\n<\/div>\n<\/div>\n<\/div>\n<\/div>\n<\/div>\n<\/div>\n<\/div>\n<\/div>\n<\/div>\n<\/div>\n<\/div>\n<\/div>\n<\/div>\n<\/div>\n<\/div>\n<\/div>\n<\/div>\n","protected":false},"excerpt":{"rendered":"<p>Somos um fabricante de camas confort\u00e1veis para c\u00e3es com mais de 20 anos de experi\u00eancia. Oferecemos op\u00e7\u00f5es de personaliza\u00e7\u00e3o para cor, tamanho, tecido, padr\u00e3o, log\u00f3tipo e outras carater\u00edsticas.<\/p>","protected":false},"featured_media":15758,"template":"","meta":{"_acf_changed":false},"product_brand":[],"product_cat":[58,71,57,72],"product_tag":[74,75],"class_list":{"0":"post-15751","1":"product","2":"type-product","3":"status-publish","4":"has-post-thumbnail","6":"product_cat-cat-beds","7":"product_cat-cat-supplies","8":"product_cat-dog-beds","9":"product_cat-dog-supplies","10":"product_tag-cat-beds","11":"product_tag-dog-beds","13":"first","14":"instock","15":"shipping-taxable","16":"product-type-simple"},"acf":[],"yoast_head":"<!-- This site is optimized with the Yoast SEO plugin v27.1.1 - https:\/\/yoast.com\/product\/yoast-seo-wordpress\/ -->\n<title>Dog Comfort Bed | Wholesale Warm Dog Beds- Petstar<\/title>\n<meta name=\"description\" content=\"Explore dog comfort bed, wholesale dog round bed, custom pet bed from the manufacturer. Your ideal business solution with Petstar.\" \/>\n<meta name=\"robots\" content=\"index, follow, max-snippet:-1, max-image-preview:large, max-video-preview:-1\" \/>\n<link rel=\"canonical\" href=\"https:\/\/petproducts.com.cn\/pt\/produto\/dog-comfort-bed-soft-pet-bed-with-removable-cushion\/\" \/>\n<meta property=\"og:locale\" content=\"pt_PT\" \/>\n<meta property=\"og:type\" content=\"article\" \/>\n<meta property=\"og:title\" content=\"Dog Comfort Bed | Wholesale Warm Dog Beds- Petstar\" \/>\n<meta property=\"og:description\" content=\"Explore dog comfort bed, wholesale dog round bed, custom pet bed from the manufacturer. Your ideal business solution with Petstar.\" \/>\n<meta property=\"og:url\" content=\"https:\/\/petproducts.com.cn\/pt\/produto\/dog-comfort-bed-soft-pet-bed-with-removable-cushion\/\" \/>\n<meta property=\"og:site_name\" content=\"Petstar\" \/>\n<meta property=\"article:modified_time\" content=\"2023-11-16T08:59:37+00:00\" \/>\n<meta property=\"og:image\" content=\"https:\/\/petproducts.com.cn\/wp-content\/uploads\/2023\/11\/dog-comfort-bed.webp\" \/>\n\t<meta property=\"og:image:width\" content=\"1000\" \/>\n\t<meta property=\"og:image:height\" content=\"1000\" \/>\n\t<meta property=\"og:image:type\" content=\"image\/webp\" \/>\n<meta name=\"twitter:card\" content=\"summary_large_image\" \/>\n<meta name=\"twitter:label1\" content=\"Tempo estimado de leitura\" \/>\n\t<meta name=\"twitter:data1\" content=\"2 minutos\" \/>\n<script type=\"application\/ld+json\" class=\"yoast-schema-graph\">{\"@context\":\"https:\/\/schema.org\",\"@graph\":[{\"@type\":\"WebPage\",\"@id\":\"https:\/\/petproducts.com.cn\/product\/dog-comfort-bed-soft-pet-bed-with-removable-cushion\/\",\"url\":\"https:\/\/petproducts.com.cn\/product\/dog-comfort-bed-soft-pet-bed-with-removable-cushion\/\",\"name\":\"Dog Comfort Bed | Wholesale Warm Dog Beds- Petstar\",\"isPartOf\":{\"@id\":\"https:\/\/petproducts.com.cn\/#website\"},\"primaryImageOfPage\":{\"@id\":\"https:\/\/petproducts.com.cn\/product\/dog-comfort-bed-soft-pet-bed-with-removable-cushion\/#primaryimage\"},\"image\":{\"@id\":\"https:\/\/petproducts.com.cn\/product\/dog-comfort-bed-soft-pet-bed-with-removable-cushion\/#primaryimage\"},\"thumbnailUrl\":\"https:\/\/petproducts.com.cn\/wp-content\/uploads\/2023\/11\/dog-comfort-bed.webp\",\"datePublished\":\"2023-11-16T08:52:44+00:00\",\"dateModified\":\"2023-11-16T08:59:37+00:00\",\"description\":\"Explore dog comfort bed, wholesale dog round bed, custom pet bed from the manufacturer. Your ideal business solution with Petstar.\",\"breadcrumb\":{\"@id\":\"https:\/\/petproducts.com.cn\/product\/dog-comfort-bed-soft-pet-bed-with-removable-cushion\/#breadcrumb\"},\"inLanguage\":\"pt-PT\",\"potentialAction\":[{\"@type\":\"ReadAction\",\"target\":[\"https:\/\/petproducts.com.cn\/product\/dog-comfort-bed-soft-pet-bed-with-removable-cushion\/\"]}]},{\"@type\":\"ImageObject\",\"inLanguage\":\"pt-PT\",\"@id\":\"https:\/\/petproducts.com.cn\/product\/dog-comfort-bed-soft-pet-bed-with-removable-cushion\/#primaryimage\",\"url\":\"https:\/\/petproducts.com.cn\/wp-content\/uploads\/2023\/11\/dog-comfort-bed.webp\",\"contentUrl\":\"https:\/\/petproducts.com.cn\/wp-content\/uploads\/2023\/11\/dog-comfort-bed.webp\",\"width\":1000,\"height\":1000,\"caption\":\"dog comfort bed\"},{\"@type\":\"BreadcrumbList\",\"@id\":\"https:\/\/petproducts.com.cn\/product\/dog-comfort-bed-soft-pet-bed-with-removable-cushion\/#breadcrumb\",\"itemListElement\":[{\"@type\":\"ListItem\",\"position\":1,\"name\":\"HOME\",\"item\":\"https:\/\/petproducts.com.cn\/\"},{\"@type\":\"ListItem\",\"position\":2,\"name\":\"Products\",\"item\":\"https:\/\/petproducts.com.cn\/shop\/\"},{\"@type\":\"ListItem\",\"position\":3,\"name\":\"Cat Beds\",\"item\":\"https:\/\/petproducts.com.cn\/product-category\/cat-beds\/\"},{\"@type\":\"ListItem\",\"position\":4,\"name\":\"Dog Comfort Bed Soft Pet Bed With Removable Cushion\"}]},{\"@type\":\"WebSite\",\"@id\":\"https:\/\/petproducts.com.cn\/#website\",\"url\":\"https:\/\/petproducts.com.cn\/\",\"name\":\"Petstar\",\"description\":\"Leading Pet Supplies Manufacturer &amp; OEM Pet Products Supplier\",\"publisher\":{\"@id\":\"https:\/\/petproducts.com.cn\/#organization\"},\"alternateName\":\"Petstar Pet Supplies\",\"potentialAction\":[{\"@type\":\"SearchAction\",\"target\":{\"@type\":\"EntryPoint\",\"urlTemplate\":\"https:\/\/petproducts.com.cn\/?s={search_term_string}\"},\"query-input\":{\"@type\":\"PropertyValueSpecification\",\"valueRequired\":true,\"valueName\":\"search_term_string\"}}],\"inLanguage\":\"pt-PT\"},{\"@type\":\"Organization\",\"@id\":\"https:\/\/petproducts.com.cn\/#organization\",\"name\":\"Petstar\",\"url\":\"https:\/\/petproducts.com.cn\/\",\"logo\":{\"@type\":\"ImageObject\",\"inLanguage\":\"pt-PT\",\"@id\":\"https:\/\/petproducts.com.cn\/#\/schema\/logo\/image\/\",\"url\":\"https:\/\/petproducts.com.cn\/wp-content\/uploads\/2020\/02\/petstar-logo.webp\",\"contentUrl\":\"https:\/\/petproducts.com.cn\/wp-content\/uploads\/2020\/02\/petstar-logo.webp\",\"width\":779,\"height\":520,\"caption\":\"Petstar\"},\"image\":{\"@id\":\"https:\/\/petproducts.com.cn\/#\/schema\/logo\/image\/\"}}]}<\/script>\n<!-- \/ Yoast SEO plugin. -->","yoast_head_json":{"title":"Cama de conforto para c\u00e3es - Petstar","description":"Explore a cama confort\u00e1vel para c\u00e3es, cama redonda para c\u00e3es por atacado, cama personalizada para animais de estima\u00e7\u00e3o do fabricante. A sua solu\u00e7\u00e3o comercial ideal com Petstar.","robots":{"index":"index","follow":"follow","max-snippet":"max-snippet:-1","max-image-preview":"max-image-preview:large","max-video-preview":"max-video-preview:-1"},"canonical":"https:\/\/petproducts.com.cn\/pt\/produto\/dog-comfort-bed-soft-pet-bed-with-removable-cushion\/","og_locale":"pt_PT","og_type":"article","og_title":"Dog Comfort Bed | Wholesale Warm Dog Beds- Petstar","og_description":"Explore dog comfort bed, wholesale dog round bed, custom pet bed from the manufacturer. Your ideal business solution with Petstar.","og_url":"https:\/\/petproducts.com.cn\/pt\/produto\/dog-comfort-bed-soft-pet-bed-with-removable-cushion\/","og_site_name":"Petstar","article_modified_time":"2023-11-16T08:59:37+00:00","og_image":[{"width":1000,"height":1000,"url":"https:\/\/petproducts.com.cn\/wp-content\/uploads\/2023\/11\/dog-comfort-bed.webp","type":"image\/webp"}],"twitter_card":"summary_large_image","twitter_misc":{"Tempo estimado de leitura":"2 minutos"},"schema":{"@context":"https:\/\/schema.org","@graph":[{"@type":"WebPage","@id":"https:\/\/petproducts.com.cn\/product\/dog-comfort-bed-soft-pet-bed-with-removable-cushion\/","url":"https:\/\/petproducts.com.cn\/product\/dog-comfort-bed-soft-pet-bed-with-removable-cushion\/","name":"Cama de conforto para c\u00e3es - Petstar","isPartOf":{"@id":"https:\/\/petproducts.com.cn\/#website"},"primaryImageOfPage":{"@id":"https:\/\/petproducts.com.cn\/product\/dog-comfort-bed-soft-pet-bed-with-removable-cushion\/#primaryimage"},"image":{"@id":"https:\/\/petproducts.com.cn\/product\/dog-comfort-bed-soft-pet-bed-with-removable-cushion\/#primaryimage"},"thumbnailUrl":"https:\/\/petproducts.com.cn\/wp-content\/uploads\/2023\/11\/dog-comfort-bed.webp","datePublished":"2023-11-16T08:52:44+00:00","dateModified":"2023-11-16T08:59:37+00:00","description":"Explore a cama confort\u00e1vel para c\u00e3es, cama redonda para c\u00e3es por atacado, cama personalizada para animais de estima\u00e7\u00e3o do fabricante. A sua solu\u00e7\u00e3o comercial ideal com Petstar.","breadcrumb":{"@id":"https:\/\/petproducts.com.cn\/product\/dog-comfort-bed-soft-pet-bed-with-removable-cushion\/#breadcrumb"},"inLanguage":"pt-PT","potentialAction":[{"@type":"ReadAction","target":["https:\/\/petproducts.com.cn\/product\/dog-comfort-bed-soft-pet-bed-with-removable-cushion\/"]}]},{"@type":"ImageObject","inLanguage":"pt-PT","@id":"https:\/\/petproducts.com.cn\/product\/dog-comfort-bed-soft-pet-bed-with-removable-cushion\/#primaryimage","url":"https:\/\/petproducts.com.cn\/wp-content\/uploads\/2023\/11\/dog-comfort-bed.webp","contentUrl":"https:\/\/petproducts.com.cn\/wp-content\/uploads\/2023\/11\/dog-comfort-bed.webp","width":1000,"height":1000,"caption":"dog comfort bed"},{"@type":"BreadcrumbList","@id":"https:\/\/petproducts.com.cn\/product\/dog-comfort-bed-soft-pet-bed-with-removable-cushion\/#breadcrumb","itemListElement":[{"@type":"ListItem","position":1,"name":"HOME","item":"https:\/\/petproducts.com.cn\/"},{"@type":"ListItem","position":2,"name":"Products","item":"https:\/\/petproducts.com.cn\/shop\/"},{"@type":"ListItem","position":3,"name":"Cat Beds","item":"https:\/\/petproducts.com.cn\/product-category\/cat-beds\/"},{"@type":"ListItem","position":4,"name":"Dog Comfort Bed Soft Pet Bed With Removable Cushion"}]},{"@type":"WebSite","@id":"https:\/\/petproducts.com.cn\/#website","url":"https:\/\/petproducts.com.cn\/","name":"Petstar","description":"Fabricante l\u00edder de artigos para animais de estima\u00e7\u00e3o e fornecedor de produtos OEM para animais de estima\u00e7\u00e3o","publisher":{"@id":"https:\/\/petproducts.com.cn\/#organization"},"alternateName":"Petstar Pet Supplies","potentialAction":[{"@type":"SearchAction","target":{"@type":"EntryPoint","urlTemplate":"https:\/\/petproducts.com.cn\/?s={search_term_string}"},"query-input":{"@type":"PropertyValueSpecification","valueRequired":true,"valueName":"search_term_string"}}],"inLanguage":"pt-PT"},{"@type":"Organization","@id":"https:\/\/petproducts.com.cn\/#organization","name":"Petstar","url":"https:\/\/petproducts.com.cn\/","logo":{"@type":"ImageObject","inLanguage":"pt-PT","@id":"https:\/\/petproducts.com.cn\/#\/schema\/logo\/image\/","url":"https:\/\/petproducts.com.cn\/wp-content\/uploads\/2020\/02\/petstar-logo.webp","contentUrl":"https:\/\/petproducts.com.cn\/wp-content\/uploads\/2020\/02\/petstar-logo.webp","width":779,"height":520,"caption":"Petstar"},"image":{"@id":"https:\/\/petproducts.com.cn\/#\/schema\/logo\/image\/"}}]}},"_links":{"self":[{"href":"https:\/\/petproducts.com.cn\/pt\/wp-json\/wp\/v2\/product\/15751","targetHints":{"allow":["GET"]}}],"collection":[{"href":"https:\/\/petproducts.com.cn\/pt\/wp-json\/wp\/v2\/product"}],"about":[{"href":"https:\/\/petproducts.com.cn\/pt\/wp-json\/wp\/v2\/types\/product"}],"version-history":[{"count":1,"href":"https:\/\/petproducts.com.cn\/pt\/wp-json\/wp\/v2\/product\/15751\/revisions"}],"predecessor-version":[{"id":15764,"href":"https:\/\/petproducts.com.cn\/pt\/wp-json\/wp\/v2\/product\/15751\/revisions\/15764"}],"wp:featuredmedia":[{"embeddable":true,"href":"https:\/\/petproducts.com.cn\/pt\/wp-json\/wp\/v2\/media\/15758"}],"wp:attachment":[{"href":"https:\/\/petproducts.com.cn\/pt\/wp-json\/wp\/v2\/media?parent=15751"}],"wp:term":[{"taxonomy":"product_brand","embeddable":true,"href":"https:\/\/petproducts.com.cn\/pt\/wp-json\/wp\/v2\/product_brand?post=15751"},{"taxonomy":"product_cat","embeddable":true,"href":"https:\/\/petproducts.com.cn\/pt\/wp-json\/wp\/v2\/product_cat?post=15751"},{"taxonomy":"product_tag","embeddable":true,"href":"https:\/\/petproducts.com.cn\/pt\/wp-json\/wp\/v2\/product_tag?post=15751"}],"curies":[{"name":"wp","href":"https:\/\/api.w.org\/{rel}","templated":true}]}}