{"id":15788,"date":"2023-11-16T09:07:20","date_gmt":"2023-11-16T09:07:20","guid":{"rendered":"https:\/\/petproducts.com.cn\/?post_type=product&#038;p=15788"},"modified":"2023-11-16T09:20:53","modified_gmt":"2023-11-16T09:20:53","slug":"self-warming-cat-beds-china-pet-cave-beds","status":"publish","type":"product","link":"https:\/\/petproducts.com.cn\/pt\/product\/self-warming-cat-beds-china-pet-cave-beds\/","title":{"rendered":"Camas para gatos com aquecimento autom\u00e1tico Camas caverna para animais de estima\u00e7\u00e3o na China"},"content":{"rendered":"<h2>Carater\u00edsticas das camas para gatos com aquecimento autom\u00e1tico<\/h2>\n<ol>\n<li><strong>Tecido inovador de auto-aquecimento:<\/strong> Eleve a experi\u00eancia de descanso do seu gato com o nosso tecido auto-aquecedor de \u00faltima gera\u00e7\u00e3o de camas para gatos auto-aquecedoras. Fabricado na perfei\u00e7\u00e3o, regula a temperatura, mantendo uma temperatura suave de 25-30 graus Celsius - o casulo ideal para o seu amigo peludo.<\/li>\n<li><strong>Aconchego ao estilo das grutas:<\/strong> Apresentamos um design estilo caverna que encerra o seu gato num espa\u00e7o seguro e privado. Este retiro acolhedor imita o instinto natural de procurar abrigo, proporcionando ao seu gato uma sensa\u00e7\u00e3o de seguran\u00e7a e calor.<\/li>\n<li><strong>Calor suave e convidativo:<\/strong> Imagine o seu gato a aquecer-se no calor suave e convidativo das nossas camas para animais de estima\u00e7\u00e3o com aquecimento autom\u00e1tico. O interior de pel\u00facia garante um abra\u00e7o suave, tornando-a o local ideal para o seu animal de estima\u00e7\u00e3o descontrair e desfrutar de momentos de puro relaxamento.<\/li>\n<li><strong>Seguran\u00e7a em primeiro lugar com fundo antiderrapante:<\/strong> Compreendemos a import\u00e2ncia da seguran\u00e7a, e \u00e9 por isso que as nossas camas para animais de estima\u00e7\u00e3o est\u00e3o equipadas com um fundo antiderrapante. Diga adeus \u00e0s preocupa\u00e7\u00f5es com o facto de a cama deslizar, garantindo um ambiente seguro e est\u00e1vel para o seu amigo felino.<\/li>\n<li><strong>Artesanato de qualidade, China Pet Cave Beds:<\/strong> Mergulhe o seu animal de estima\u00e7\u00e3o no luxo das nossas camas China Pet Cave, meticulosamente fabricadas. Concebidas tendo em mente o estilo e a durabilidade, estas camas integram-se perfeitamente na decora\u00e7\u00e3o da sua casa, proporcionando o m\u00e1ximo conforto ao seu gato.<\/li>\n<li><strong>Conforto \u00e0 medida para o seu amigo felino:<\/strong> O nosso compromisso \u00e9 proporcionar conforto \u00e0 medida do seu amigo felino. As Warming Cat Beds criam um ref\u00fagio acolhedor, promovendo uma sensa\u00e7\u00e3o de bem-estar e contentamento para o seu querido animal de estima\u00e7\u00e3o.<\/li>\n<\/ol>","protected":false},"excerpt":{"rendered":"<p>Somos fabricantes de camas para animais de estima\u00e7\u00e3o com mais de 20 anos de experi\u00eancia. Oferecemos op\u00e7\u00f5es de personaliza\u00e7\u00e3o de cor, tamanho, tecido, padr\u00e3o, logotipo e outros recursos.<\/p>","protected":false},"featured_media":15809,"template":"","meta":{"_acf_changed":false},"product_brand":[],"product_cat":[58,105,71],"product_tag":[74],"class_list":{"0":"post-15788","1":"product","2":"type-product","3":"status-publish","4":"has-post-thumbnail","6":"product_cat-cat-beds","7":"product_cat-cat-cave-wholesale","8":"product_cat-cat-supplies","9":"product_tag-cat-beds","11":"first","12":"instock","13":"shipping-taxable","14":"product-type-simple"},"acf":[],"yoast_head":"<!-- This site is optimized with the Yoast SEO plugin v27.1.1 - https:\/\/yoast.com\/product\/yoast-seo-wordpress\/ -->\n<title>Self Warming Cat Beds | Customized Pet Cave Beds - Petstar<\/title>\n<meta name=\"description\" content=\"Explore self warming cat beds, pet cave beds, china pet cave beds from the manufacturer. Your ideal business solution with Petstar.\" \/>\n<meta name=\"robots\" content=\"index, follow, max-snippet:-1, max-image-preview:large, max-video-preview:-1\" \/>\n<link rel=\"canonical\" href=\"https:\/\/petproducts.com.cn\/pt\/produto\/self-warming-cat-beds-china-pet-cave-beds\/\" \/>\n<meta property=\"og:locale\" content=\"pt_PT\" \/>\n<meta property=\"og:type\" content=\"article\" \/>\n<meta property=\"og:title\" content=\"Self Warming Cat Beds | Customized Pet Cave Beds - Petstar\" \/>\n<meta property=\"og:description\" content=\"Explore self warming cat beds, pet cave beds, china pet cave beds from the manufacturer. Your ideal business solution with Petstar.\" \/>\n<meta property=\"og:url\" content=\"https:\/\/petproducts.com.cn\/pt\/produto\/self-warming-cat-beds-china-pet-cave-beds\/\" \/>\n<meta property=\"og:site_name\" content=\"Petstar\" \/>\n<meta property=\"article:modified_time\" content=\"2023-11-16T09:20:53+00:00\" \/>\n<meta property=\"og:image\" content=\"https:\/\/petproducts.com.cn\/wp-content\/uploads\/2023\/11\/self-warming-cat-beds.webp\" \/>\n\t<meta property=\"og:image:width\" content=\"1000\" \/>\n\t<meta property=\"og:image:height\" content=\"1000\" \/>\n\t<meta property=\"og:image:type\" content=\"image\/webp\" \/>\n<meta name=\"twitter:card\" content=\"summary_large_image\" \/>\n<meta name=\"twitter:label1\" content=\"Tempo estimado de leitura\" \/>\n\t<meta name=\"twitter:data1\" content=\"2 minutos\" \/>\n<script type=\"application\/ld+json\" class=\"yoast-schema-graph\">{\"@context\":\"https:\/\/schema.org\",\"@graph\":[{\"@type\":\"WebPage\",\"@id\":\"https:\/\/petproducts.com.cn\/product\/self-warming-cat-beds-china-pet-cave-beds\/\",\"url\":\"https:\/\/petproducts.com.cn\/product\/self-warming-cat-beds-china-pet-cave-beds\/\",\"name\":\"Self Warming Cat Beds | Customized Pet Cave Beds - Petstar\",\"isPartOf\":{\"@id\":\"https:\/\/petproducts.com.cn\/#website\"},\"primaryImageOfPage\":{\"@id\":\"https:\/\/petproducts.com.cn\/product\/self-warming-cat-beds-china-pet-cave-beds\/#primaryimage\"},\"image\":{\"@id\":\"https:\/\/petproducts.com.cn\/product\/self-warming-cat-beds-china-pet-cave-beds\/#primaryimage\"},\"thumbnailUrl\":\"https:\/\/petproducts.com.cn\/wp-content\/uploads\/2023\/11\/self-warming-cat-beds.webp\",\"datePublished\":\"2023-11-16T09:07:20+00:00\",\"dateModified\":\"2023-11-16T09:20:53+00:00\",\"description\":\"Explore self warming cat beds, pet cave beds, china pet cave beds from the manufacturer. Your ideal business solution with Petstar.\",\"breadcrumb\":{\"@id\":\"https:\/\/petproducts.com.cn\/product\/self-warming-cat-beds-china-pet-cave-beds\/#breadcrumb\"},\"inLanguage\":\"pt-PT\",\"potentialAction\":[{\"@type\":\"ReadAction\",\"target\":[\"https:\/\/petproducts.com.cn\/product\/self-warming-cat-beds-china-pet-cave-beds\/\"]}]},{\"@type\":\"ImageObject\",\"inLanguage\":\"pt-PT\",\"@id\":\"https:\/\/petproducts.com.cn\/product\/self-warming-cat-beds-china-pet-cave-beds\/#primaryimage\",\"url\":\"https:\/\/petproducts.com.cn\/wp-content\/uploads\/2023\/11\/self-warming-cat-beds.webp\",\"contentUrl\":\"https:\/\/petproducts.com.cn\/wp-content\/uploads\/2023\/11\/self-warming-cat-beds.webp\",\"width\":1000,\"height\":1000,\"caption\":\"self warming cat beds\"},{\"@type\":\"BreadcrumbList\",\"@id\":\"https:\/\/petproducts.com.cn\/product\/self-warming-cat-beds-china-pet-cave-beds\/#breadcrumb\",\"itemListElement\":[{\"@type\":\"ListItem\",\"position\":1,\"name\":\"HOME\",\"item\":\"https:\/\/petproducts.com.cn\/\"},{\"@type\":\"ListItem\",\"position\":2,\"name\":\"Products\",\"item\":\"https:\/\/petproducts.com.cn\/shop\/\"},{\"@type\":\"ListItem\",\"position\":3,\"name\":\"Cat Beds\",\"item\":\"https:\/\/petproducts.com.cn\/product-category\/cat-beds\/\"},{\"@type\":\"ListItem\",\"position\":4,\"name\":\"Self Warming Cat Beds China Pet Cave Beds\"}]},{\"@type\":\"WebSite\",\"@id\":\"https:\/\/petproducts.com.cn\/#website\",\"url\":\"https:\/\/petproducts.com.cn\/\",\"name\":\"Petstar\",\"description\":\"Leading Pet Supplies Manufacturer &amp; OEM Pet Products Supplier\",\"publisher\":{\"@id\":\"https:\/\/petproducts.com.cn\/#organization\"},\"alternateName\":\"Petstar Pet Supplies\",\"potentialAction\":[{\"@type\":\"SearchAction\",\"target\":{\"@type\":\"EntryPoint\",\"urlTemplate\":\"https:\/\/petproducts.com.cn\/?s={search_term_string}\"},\"query-input\":{\"@type\":\"PropertyValueSpecification\",\"valueRequired\":true,\"valueName\":\"search_term_string\"}}],\"inLanguage\":\"pt-PT\"},{\"@type\":\"Organization\",\"@id\":\"https:\/\/petproducts.com.cn\/#organization\",\"name\":\"Petstar\",\"url\":\"https:\/\/petproducts.com.cn\/\",\"logo\":{\"@type\":\"ImageObject\",\"inLanguage\":\"pt-PT\",\"@id\":\"https:\/\/petproducts.com.cn\/#\/schema\/logo\/image\/\",\"url\":\"https:\/\/petproducts.com.cn\/wp-content\/uploads\/2020\/02\/petstar-logo.webp\",\"contentUrl\":\"https:\/\/petproducts.com.cn\/wp-content\/uploads\/2020\/02\/petstar-logo.webp\",\"width\":779,\"height\":520,\"caption\":\"Petstar\"},\"image\":{\"@id\":\"https:\/\/petproducts.com.cn\/#\/schema\/logo\/image\/\"}}]}<\/script>\n<!-- \/ Yoast SEO plugin. -->","yoast_head_json":{"title":"Camas para gatos com aquecimento autom\u00e1tico | Camas para animais de estima\u00e7\u00e3o personalizadas - Petstar","description":"Explore camas para gatos com aquecimento autom\u00e1tico, camas para animais de estima\u00e7\u00e3o, camas para animais de estima\u00e7\u00e3o na China do fabricante. A sua solu\u00e7\u00e3o comercial ideal com Petstar.","robots":{"index":"index","follow":"follow","max-snippet":"max-snippet:-1","max-image-preview":"max-image-preview:large","max-video-preview":"max-video-preview:-1"},"canonical":"https:\/\/petproducts.com.cn\/pt\/produto\/self-warming-cat-beds-china-pet-cave-beds\/","og_locale":"pt_PT","og_type":"article","og_title":"Self Warming Cat Beds | Customized Pet Cave Beds - Petstar","og_description":"Explore self warming cat beds, pet cave beds, china pet cave beds from the manufacturer. Your ideal business solution with Petstar.","og_url":"https:\/\/petproducts.com.cn\/pt\/produto\/self-warming-cat-beds-china-pet-cave-beds\/","og_site_name":"Petstar","article_modified_time":"2023-11-16T09:20:53+00:00","og_image":[{"width":1000,"height":1000,"url":"https:\/\/petproducts.com.cn\/wp-content\/uploads\/2023\/11\/self-warming-cat-beds.webp","type":"image\/webp"}],"twitter_card":"summary_large_image","twitter_misc":{"Tempo estimado de leitura":"2 minutos"},"schema":{"@context":"https:\/\/schema.org","@graph":[{"@type":"WebPage","@id":"https:\/\/petproducts.com.cn\/product\/self-warming-cat-beds-china-pet-cave-beds\/","url":"https:\/\/petproducts.com.cn\/product\/self-warming-cat-beds-china-pet-cave-beds\/","name":"Camas para gatos com aquecimento autom\u00e1tico | Camas para animais de estima\u00e7\u00e3o personalizadas - Petstar","isPartOf":{"@id":"https:\/\/petproducts.com.cn\/#website"},"primaryImageOfPage":{"@id":"https:\/\/petproducts.com.cn\/product\/self-warming-cat-beds-china-pet-cave-beds\/#primaryimage"},"image":{"@id":"https:\/\/petproducts.com.cn\/product\/self-warming-cat-beds-china-pet-cave-beds\/#primaryimage"},"thumbnailUrl":"https:\/\/petproducts.com.cn\/wp-content\/uploads\/2023\/11\/self-warming-cat-beds.webp","datePublished":"2023-11-16T09:07:20+00:00","dateModified":"2023-11-16T09:20:53+00:00","description":"Explore camas para gatos com aquecimento autom\u00e1tico, camas para animais de estima\u00e7\u00e3o, camas para animais de estima\u00e7\u00e3o na China do fabricante. A sua solu\u00e7\u00e3o comercial ideal com Petstar.","breadcrumb":{"@id":"https:\/\/petproducts.com.cn\/product\/self-warming-cat-beds-china-pet-cave-beds\/#breadcrumb"},"inLanguage":"pt-PT","potentialAction":[{"@type":"ReadAction","target":["https:\/\/petproducts.com.cn\/product\/self-warming-cat-beds-china-pet-cave-beds\/"]}]},{"@type":"ImageObject","inLanguage":"pt-PT","@id":"https:\/\/petproducts.com.cn\/product\/self-warming-cat-beds-china-pet-cave-beds\/#primaryimage","url":"https:\/\/petproducts.com.cn\/wp-content\/uploads\/2023\/11\/self-warming-cat-beds.webp","contentUrl":"https:\/\/petproducts.com.cn\/wp-content\/uploads\/2023\/11\/self-warming-cat-beds.webp","width":1000,"height":1000,"caption":"self warming cat beds"},{"@type":"BreadcrumbList","@id":"https:\/\/petproducts.com.cn\/product\/self-warming-cat-beds-china-pet-cave-beds\/#breadcrumb","itemListElement":[{"@type":"ListItem","position":1,"name":"HOME","item":"https:\/\/petproducts.com.cn\/"},{"@type":"ListItem","position":2,"name":"Products","item":"https:\/\/petproducts.com.cn\/shop\/"},{"@type":"ListItem","position":3,"name":"Cat Beds","item":"https:\/\/petproducts.com.cn\/product-category\/cat-beds\/"},{"@type":"ListItem","position":4,"name":"Self Warming Cat Beds China Pet Cave Beds"}]},{"@type":"WebSite","@id":"https:\/\/petproducts.com.cn\/#website","url":"https:\/\/petproducts.com.cn\/","name":"Petstar","description":"Fabricante l\u00edder de artigos para animais de estima\u00e7\u00e3o e fornecedor de produtos OEM para animais de estima\u00e7\u00e3o","publisher":{"@id":"https:\/\/petproducts.com.cn\/#organization"},"alternateName":"Petstar Pet Supplies","potentialAction":[{"@type":"SearchAction","target":{"@type":"EntryPoint","urlTemplate":"https:\/\/petproducts.com.cn\/?s={search_term_string}"},"query-input":{"@type":"PropertyValueSpecification","valueRequired":true,"valueName":"search_term_string"}}],"inLanguage":"pt-PT"},{"@type":"Organization","@id":"https:\/\/petproducts.com.cn\/#organization","name":"Petstar","url":"https:\/\/petproducts.com.cn\/","logo":{"@type":"ImageObject","inLanguage":"pt-PT","@id":"https:\/\/petproducts.com.cn\/#\/schema\/logo\/image\/","url":"https:\/\/petproducts.com.cn\/wp-content\/uploads\/2020\/02\/petstar-logo.webp","contentUrl":"https:\/\/petproducts.com.cn\/wp-content\/uploads\/2020\/02\/petstar-logo.webp","width":779,"height":520,"caption":"Petstar"},"image":{"@id":"https:\/\/petproducts.com.cn\/#\/schema\/logo\/image\/"}}]}},"_links":{"self":[{"href":"https:\/\/petproducts.com.cn\/pt\/wp-json\/wp\/v2\/product\/15788","targetHints":{"allow":["GET"]}}],"collection":[{"href":"https:\/\/petproducts.com.cn\/pt\/wp-json\/wp\/v2\/product"}],"about":[{"href":"https:\/\/petproducts.com.cn\/pt\/wp-json\/wp\/v2\/types\/product"}],"version-history":[{"count":1,"href":"https:\/\/petproducts.com.cn\/pt\/wp-json\/wp\/v2\/product\/15788\/revisions"}],"predecessor-version":[{"id":15813,"href":"https:\/\/petproducts.com.cn\/pt\/wp-json\/wp\/v2\/product\/15788\/revisions\/15813"}],"wp:featuredmedia":[{"embeddable":true,"href":"https:\/\/petproducts.com.cn\/pt\/wp-json\/wp\/v2\/media\/15809"}],"wp:attachment":[{"href":"https:\/\/petproducts.com.cn\/pt\/wp-json\/wp\/v2\/media?parent=15788"}],"wp:term":[{"taxonomy":"product_brand","embeddable":true,"href":"https:\/\/petproducts.com.cn\/pt\/wp-json\/wp\/v2\/product_brand?post=15788"},{"taxonomy":"product_cat","embeddable":true,"href":"https:\/\/petproducts.com.cn\/pt\/wp-json\/wp\/v2\/product_cat?post=15788"},{"taxonomy":"product_tag","embeddable":true,"href":"https:\/\/petproducts.com.cn\/pt\/wp-json\/wp\/v2\/product_tag?post=15788"}],"curies":[{"name":"wp","href":"https:\/\/api.w.org\/{rel}","templated":true}]}}