{"id":15972,"date":"2023-11-20T08:21:45","date_gmt":"2023-11-20T08:21:45","guid":{"rendered":"https:\/\/petproducts.com.cn\/?post_type=product&#038;p=15972"},"modified":"2023-11-20T09:20:54","modified_gmt":"2023-11-20T09:20:54","slug":"pet-warming-bed-best-cozy-dog-beds","status":"publish","type":"product","link":"https:\/\/petproducts.com.cn\/pt\/product\/pet-warming-bed-best-cozy-dog-beds\/","title":{"rendered":"Cama aquecida para animais de estima\u00e7\u00e3o As melhores camas aconchegantes para c\u00e3es"},"content":{"rendered":"<h2>Caracter\u00edsticas da cama aquecida para animais de estima\u00e7\u00e3o<\/h2>\n<ol>\n<li><strong>Manuten\u00e7\u00e3o da temperatura ideal:<\/strong> Diga adeus ao inc\u00f3modo de ajustar a cama do seu animal de estima\u00e7\u00e3o para obter o calor ideal. A nossa cama aquecida para animais de estima\u00e7\u00e3o mant\u00e9m facilmente a temperatura ideal, garantindo que o seu animal de estima\u00e7\u00e3o desfrute de um conforto constante. Quer seja numa noite fria de inverno ou numa noite fresca de outono, o seu animal de estima\u00e7\u00e3o ir\u00e1 deleitar-se com o calor luxuoso do seu ref\u00fagio acolhedor.<\/li>\n<li><strong>Tecido inovador de auto-aquecimento:<\/strong> Envolva o seu animal de estima\u00e7\u00e3o num casulo de calor com o nosso tecido autoaquec\u00edvel de \u00faltima gera\u00e7\u00e3o. Este material inovador adapta-se \u00e0 temperatura corporal do seu animal de estima\u00e7\u00e3o, mantendo uma temperatura ideal entre 25 e 30 graus Celsius. Diga adeus \u00e0s noites frias e d\u00ea as boas-vindas a uma cama que instintivamente proporciona o calor que o seu animal de estima\u00e7\u00e3o tanto deseja.<\/li>\n<li><strong>Calor e suavidade incompar\u00e1veis:<\/strong> Mime o seu animal de estima\u00e7\u00e3o com uma mistura irresist\u00edvel de calor e suavidade. A textura macia da nossa cama aquecida para c\u00e3es cria um ref\u00fagio de conforto, oferecendo uma superf\u00edcie suave e convidativa para o seu c\u00e3o descansar e rejuvenescer. N\u00e3o \u00e9 apenas uma cama; \u00e9 um o\u00e1sis de aconchego que o seu amigo peludo ir\u00e1 procurar ansiosamente.<\/li>\n<li><strong>Fundo antiderrapante para maior estabilidade:<\/strong> A seguran\u00e7a do seu animal de estima\u00e7\u00e3o \u00e9 a nossa prioridade. A cama aquecida para animais de estima\u00e7\u00e3o possui uma base antiderrapante, garantindo que a cama permane\u00e7a segura no lugar, mesmo durante sess\u00f5es de brincadeiras animadas. Desfrute de paz de esp\u00edrito, sabendo que o ref\u00fagio do seu animal de estima\u00e7\u00e3o combina estabilidade com conforto para uma experi\u00eancia sem preocupa\u00e7\u00f5es.<\/li>\n<li><strong>Design convenientemente destac\u00e1vel:<\/strong> Simplifique a limpeza e a manuten\u00e7\u00e3o com o design destac\u00e1vel da nossa cama. A cama Dog Warm Bed permite-lhe remover facilmente a capa para uma lavagem sem complica\u00e7\u00f5es, garantindo um espa\u00e7o sempre limpo e convidativo para o seu animal de estima\u00e7\u00e3o. A conveni\u00eancia alia-se ao conforto numa cama concebida a pensar em si e no seu animal de estima\u00e7\u00e3o.<\/li>\n<\/ol>","protected":false},"excerpt":{"rendered":"<p>Somos fabricantes de camas para animais de estima\u00e7\u00e3o com mais de 20 anos de experi\u00eancia. Oferecemos op\u00e7\u00f5es de personaliza\u00e7\u00e3o de cor, tamanho, tecido, padr\u00e3o, logotipo e outros recursos.<\/p>","protected":false},"featured_media":15978,"template":"","meta":{"_acf_changed":false},"product_brand":[],"product_cat":[57,72],"product_tag":[75],"class_list":{"0":"post-15972","1":"product","2":"type-product","3":"status-publish","4":"has-post-thumbnail","6":"product_cat-dog-beds","7":"product_cat-dog-supplies","8":"product_tag-dog-beds","10":"first","11":"instock","12":"shipping-taxable","13":"product-type-simple"},"acf":[],"yoast_head":"<!-- This site is optimized with the Yoast SEO plugin v27.1.1 - https:\/\/yoast.com\/product\/yoast-seo-wordpress\/ -->\n<title>Pet Warming Bed | Customized Best Cozy Dog Beds - Petstar<\/title>\n<meta name=\"description\" content=\"Explore pet warming bed, best dog beds, best cozy dog beds from the manufacturer. Your ideal business solution with Petstar.\" \/>\n<meta name=\"robots\" content=\"index, follow, max-snippet:-1, max-image-preview:large, max-video-preview:-1\" \/>\n<link rel=\"canonical\" href=\"https:\/\/petproducts.com.cn\/pt\/produto\/pet-warming-bed-best-cozy-dog-beds\/\" \/>\n<meta property=\"og:locale\" content=\"pt_PT\" \/>\n<meta property=\"og:type\" content=\"article\" \/>\n<meta property=\"og:title\" content=\"Pet Warming Bed | Customized Best Cozy Dog Beds - Petstar\" \/>\n<meta property=\"og:description\" content=\"Explore pet warming bed, best dog beds, best cozy dog beds from the manufacturer. Your ideal business solution with Petstar.\" \/>\n<meta property=\"og:url\" content=\"https:\/\/petproducts.com.cn\/pt\/produto\/pet-warming-bed-best-cozy-dog-beds\/\" \/>\n<meta property=\"og:site_name\" content=\"Petstar\" \/>\n<meta property=\"article:modified_time\" content=\"2023-11-20T09:20:54+00:00\" \/>\n<meta property=\"og:image\" content=\"https:\/\/petproducts.com.cn\/wp-content\/uploads\/2023\/11\/pet-warming-bed.webp\" \/>\n\t<meta property=\"og:image:width\" content=\"1000\" \/>\n\t<meta property=\"og:image:height\" content=\"1000\" \/>\n\t<meta property=\"og:image:type\" content=\"image\/webp\" \/>\n<meta name=\"twitter:card\" content=\"summary_large_image\" \/>\n<meta name=\"twitter:label1\" content=\"Tempo estimado de leitura\" \/>\n\t<meta name=\"twitter:data1\" content=\"2 minutos\" \/>\n<script type=\"application\/ld+json\" class=\"yoast-schema-graph\">{\"@context\":\"https:\/\/schema.org\",\"@graph\":[{\"@type\":\"WebPage\",\"@id\":\"https:\/\/petproducts.com.cn\/product\/pet-warming-bed-best-cozy-dog-beds\/\",\"url\":\"https:\/\/petproducts.com.cn\/product\/pet-warming-bed-best-cozy-dog-beds\/\",\"name\":\"Pet Warming Bed | Customized Best Cozy Dog Beds - Petstar\",\"isPartOf\":{\"@id\":\"https:\/\/petproducts.com.cn\/#website\"},\"primaryImageOfPage\":{\"@id\":\"https:\/\/petproducts.com.cn\/product\/pet-warming-bed-best-cozy-dog-beds\/#primaryimage\"},\"image\":{\"@id\":\"https:\/\/petproducts.com.cn\/product\/pet-warming-bed-best-cozy-dog-beds\/#primaryimage\"},\"thumbnailUrl\":\"https:\/\/petproducts.com.cn\/wp-content\/uploads\/2023\/11\/pet-warming-bed.webp\",\"datePublished\":\"2023-11-20T08:21:45+00:00\",\"dateModified\":\"2023-11-20T09:20:54+00:00\",\"description\":\"Explore pet warming bed, best dog beds, best cozy dog beds from the manufacturer. Your ideal business solution with Petstar.\",\"breadcrumb\":{\"@id\":\"https:\/\/petproducts.com.cn\/product\/pet-warming-bed-best-cozy-dog-beds\/#breadcrumb\"},\"inLanguage\":\"pt-PT\",\"potentialAction\":[{\"@type\":\"ReadAction\",\"target\":[\"https:\/\/petproducts.com.cn\/product\/pet-warming-bed-best-cozy-dog-beds\/\"]}]},{\"@type\":\"ImageObject\",\"inLanguage\":\"pt-PT\",\"@id\":\"https:\/\/petproducts.com.cn\/product\/pet-warming-bed-best-cozy-dog-beds\/#primaryimage\",\"url\":\"https:\/\/petproducts.com.cn\/wp-content\/uploads\/2023\/11\/pet-warming-bed.webp\",\"contentUrl\":\"https:\/\/petproducts.com.cn\/wp-content\/uploads\/2023\/11\/pet-warming-bed.webp\",\"width\":1000,\"height\":1000,\"caption\":\"pet warming bed\"},{\"@type\":\"BreadcrumbList\",\"@id\":\"https:\/\/petproducts.com.cn\/product\/pet-warming-bed-best-cozy-dog-beds\/#breadcrumb\",\"itemListElement\":[{\"@type\":\"ListItem\",\"position\":1,\"name\":\"HOME\",\"item\":\"https:\/\/petproducts.com.cn\/\"},{\"@type\":\"ListItem\",\"position\":2,\"name\":\"Products\",\"item\":\"https:\/\/petproducts.com.cn\/shop\/\"},{\"@type\":\"ListItem\",\"position\":3,\"name\":\"Dog Beds\",\"item\":\"https:\/\/petproducts.com.cn\/product-category\/dog-beds\/\"},{\"@type\":\"ListItem\",\"position\":4,\"name\":\"Pet Warming Bed Best Cozy Dog Beds\"}]},{\"@type\":\"WebSite\",\"@id\":\"https:\/\/petproducts.com.cn\/#website\",\"url\":\"https:\/\/petproducts.com.cn\/\",\"name\":\"Petstar\",\"description\":\"Leading Pet Supplies Manufacturer &amp; OEM Pet Products Supplier\",\"publisher\":{\"@id\":\"https:\/\/petproducts.com.cn\/#organization\"},\"alternateName\":\"Petstar Pet Supplies\",\"potentialAction\":[{\"@type\":\"SearchAction\",\"target\":{\"@type\":\"EntryPoint\",\"urlTemplate\":\"https:\/\/petproducts.com.cn\/?s={search_term_string}\"},\"query-input\":{\"@type\":\"PropertyValueSpecification\",\"valueRequired\":true,\"valueName\":\"search_term_string\"}}],\"inLanguage\":\"pt-PT\"},{\"@type\":\"Organization\",\"@id\":\"https:\/\/petproducts.com.cn\/#organization\",\"name\":\"Petstar\",\"url\":\"https:\/\/petproducts.com.cn\/\",\"logo\":{\"@type\":\"ImageObject\",\"inLanguage\":\"pt-PT\",\"@id\":\"https:\/\/petproducts.com.cn\/#\/schema\/logo\/image\/\",\"url\":\"https:\/\/petproducts.com.cn\/wp-content\/uploads\/2020\/02\/petstar-logo.webp\",\"contentUrl\":\"https:\/\/petproducts.com.cn\/wp-content\/uploads\/2020\/02\/petstar-logo.webp\",\"width\":779,\"height\":520,\"caption\":\"Petstar\"},\"image\":{\"@id\":\"https:\/\/petproducts.com.cn\/#\/schema\/logo\/image\/\"}}]}<\/script>\n<!-- \/ Yoast SEO plugin. -->","yoast_head_json":{"title":"Cama aquecida para animais de estima\u00e7\u00e3o | As melhores camas aconchegantes personalizadas para c\u00e3es - Petstar","description":"Explore a cama de aquecimento para animais de estima\u00e7\u00e3o, as melhores camas para c\u00e3es, as melhores camas aconchegantes para c\u00e3es do fabricante. A sua solu\u00e7\u00e3o comercial ideal com Petstar.","robots":{"index":"index","follow":"follow","max-snippet":"max-snippet:-1","max-image-preview":"max-image-preview:large","max-video-preview":"max-video-preview:-1"},"canonical":"https:\/\/petproducts.com.cn\/pt\/produto\/pet-warming-bed-best-cozy-dog-beds\/","og_locale":"pt_PT","og_type":"article","og_title":"Pet Warming Bed | Customized Best Cozy Dog Beds - Petstar","og_description":"Explore pet warming bed, best dog beds, best cozy dog beds from the manufacturer. Your ideal business solution with Petstar.","og_url":"https:\/\/petproducts.com.cn\/pt\/produto\/pet-warming-bed-best-cozy-dog-beds\/","og_site_name":"Petstar","article_modified_time":"2023-11-20T09:20:54+00:00","og_image":[{"width":1000,"height":1000,"url":"https:\/\/petproducts.com.cn\/wp-content\/uploads\/2023\/11\/pet-warming-bed.webp","type":"image\/webp"}],"twitter_card":"summary_large_image","twitter_misc":{"Tempo estimado de leitura":"2 minutos"},"schema":{"@context":"https:\/\/schema.org","@graph":[{"@type":"WebPage","@id":"https:\/\/petproducts.com.cn\/product\/pet-warming-bed-best-cozy-dog-beds\/","url":"https:\/\/petproducts.com.cn\/product\/pet-warming-bed-best-cozy-dog-beds\/","name":"Cama aquecida para animais de estima\u00e7\u00e3o | As melhores camas aconchegantes personalizadas para c\u00e3es - Petstar","isPartOf":{"@id":"https:\/\/petproducts.com.cn\/#website"},"primaryImageOfPage":{"@id":"https:\/\/petproducts.com.cn\/product\/pet-warming-bed-best-cozy-dog-beds\/#primaryimage"},"image":{"@id":"https:\/\/petproducts.com.cn\/product\/pet-warming-bed-best-cozy-dog-beds\/#primaryimage"},"thumbnailUrl":"https:\/\/petproducts.com.cn\/wp-content\/uploads\/2023\/11\/pet-warming-bed.webp","datePublished":"2023-11-20T08:21:45+00:00","dateModified":"2023-11-20T09:20:54+00:00","description":"Explore a cama de aquecimento para animais de estima\u00e7\u00e3o, as melhores camas para c\u00e3es, as melhores camas aconchegantes para c\u00e3es do fabricante. A sua solu\u00e7\u00e3o comercial ideal com Petstar.","breadcrumb":{"@id":"https:\/\/petproducts.com.cn\/product\/pet-warming-bed-best-cozy-dog-beds\/#breadcrumb"},"inLanguage":"pt-PT","potentialAction":[{"@type":"ReadAction","target":["https:\/\/petproducts.com.cn\/product\/pet-warming-bed-best-cozy-dog-beds\/"]}]},{"@type":"ImageObject","inLanguage":"pt-PT","@id":"https:\/\/petproducts.com.cn\/product\/pet-warming-bed-best-cozy-dog-beds\/#primaryimage","url":"https:\/\/petproducts.com.cn\/wp-content\/uploads\/2023\/11\/pet-warming-bed.webp","contentUrl":"https:\/\/petproducts.com.cn\/wp-content\/uploads\/2023\/11\/pet-warming-bed.webp","width":1000,"height":1000,"caption":"pet warming bed"},{"@type":"BreadcrumbList","@id":"https:\/\/petproducts.com.cn\/product\/pet-warming-bed-best-cozy-dog-beds\/#breadcrumb","itemListElement":[{"@type":"ListItem","position":1,"name":"HOME","item":"https:\/\/petproducts.com.cn\/"},{"@type":"ListItem","position":2,"name":"Products","item":"https:\/\/petproducts.com.cn\/shop\/"},{"@type":"ListItem","position":3,"name":"Dog Beds","item":"https:\/\/petproducts.com.cn\/product-category\/dog-beds\/"},{"@type":"ListItem","position":4,"name":"Pet Warming Bed Best Cozy Dog Beds"}]},{"@type":"WebSite","@id":"https:\/\/petproducts.com.cn\/#website","url":"https:\/\/petproducts.com.cn\/","name":"Petstar","description":"Fabricante l\u00edder de artigos para animais de estima\u00e7\u00e3o e fornecedor de produtos OEM para animais de estima\u00e7\u00e3o","publisher":{"@id":"https:\/\/petproducts.com.cn\/#organization"},"alternateName":"Petstar Pet Supplies","potentialAction":[{"@type":"SearchAction","target":{"@type":"EntryPoint","urlTemplate":"https:\/\/petproducts.com.cn\/?s={search_term_string}"},"query-input":{"@type":"PropertyValueSpecification","valueRequired":true,"valueName":"search_term_string"}}],"inLanguage":"pt-PT"},{"@type":"Organization","@id":"https:\/\/petproducts.com.cn\/#organization","name":"Petstar","url":"https:\/\/petproducts.com.cn\/","logo":{"@type":"ImageObject","inLanguage":"pt-PT","@id":"https:\/\/petproducts.com.cn\/#\/schema\/logo\/image\/","url":"https:\/\/petproducts.com.cn\/wp-content\/uploads\/2020\/02\/petstar-logo.webp","contentUrl":"https:\/\/petproducts.com.cn\/wp-content\/uploads\/2020\/02\/petstar-logo.webp","width":779,"height":520,"caption":"Petstar"},"image":{"@id":"https:\/\/petproducts.com.cn\/#\/schema\/logo\/image\/"}}]}},"_links":{"self":[{"href":"https:\/\/petproducts.com.cn\/pt\/wp-json\/wp\/v2\/product\/15972","targetHints":{"allow":["GET"]}}],"collection":[{"href":"https:\/\/petproducts.com.cn\/pt\/wp-json\/wp\/v2\/product"}],"about":[{"href":"https:\/\/petproducts.com.cn\/pt\/wp-json\/wp\/v2\/types\/product"}],"version-history":[{"count":1,"href":"https:\/\/petproducts.com.cn\/pt\/wp-json\/wp\/v2\/product\/15972\/revisions"}],"predecessor-version":[{"id":15979,"href":"https:\/\/petproducts.com.cn\/pt\/wp-json\/wp\/v2\/product\/15972\/revisions\/15979"}],"wp:featuredmedia":[{"embeddable":true,"href":"https:\/\/petproducts.com.cn\/pt\/wp-json\/wp\/v2\/media\/15978"}],"wp:attachment":[{"href":"https:\/\/petproducts.com.cn\/pt\/wp-json\/wp\/v2\/media?parent=15972"}],"wp:term":[{"taxonomy":"product_brand","embeddable":true,"href":"https:\/\/petproducts.com.cn\/pt\/wp-json\/wp\/v2\/product_brand?post=15972"},{"taxonomy":"product_cat","embeddable":true,"href":"https:\/\/petproducts.com.cn\/pt\/wp-json\/wp\/v2\/product_cat?post=15972"},{"taxonomy":"product_tag","embeddable":true,"href":"https:\/\/petproducts.com.cn\/pt\/wp-json\/wp\/v2\/product_tag?post=15972"}],"curies":[{"name":"wp","href":"https:\/\/api.w.org\/{rel}","templated":true}]}}