{"id":16280,"date":"2023-11-23T08:15:51","date_gmt":"2023-11-23T08:15:51","guid":{"rendered":"https:\/\/petproducts.com.cn\/?post_type=product&#038;p=16280"},"modified":"2023-11-23T08:56:40","modified_gmt":"2023-11-23T08:56:40","slug":"luxury-bolster-dog-bed-sofa-pet-beds","status":"publish","type":"product","link":"https:\/\/petproducts.com.cn\/pt\/product\/luxury-bolster-dog-bed-sofa-pet-beds\/","title":{"rendered":"Cama de cachorro refor\u00e7ada de luxo, sof\u00e1, camas para animais de estima\u00e7\u00e3o"},"content":{"rendered":"<h2>Carater\u00edsticas da cama para c\u00e3es com almofada de luxo<\/h2>\n<ol>\n<li><strong>Tecido de veludo opulento:<\/strong> Mergulhe o seu animal de estima\u00e7\u00e3o em pura opul\u00eancia com a nossa cama para c\u00e3es Luxury Bolster, fabricada em tecido de veludo brilhante. A textura luxuosa real\u00e7a a est\u00e9tica geral, proporcionando um retiro suave e convidativo para o seu amado companheiro.<\/li>\n<li><strong>Laterais com refor\u00e7o alto para seguran\u00e7a:<\/strong> Aumente a sensa\u00e7\u00e3o de seguran\u00e7a do seu animal de estima\u00e7\u00e3o com os lados elevados da nossa cama para animais de estima\u00e7\u00e3o. Estes rebordos elevados criam um enclave acolhedor, permitindo que o seu amigo peludo se aconchegue e se sinta protegido, garantindo um sono repousante e satisfeito.<\/li>\n<li><strong>Almofada amov\u00edvel para uma manuten\u00e7\u00e3o f\u00e1cil:<\/strong> Diga adeus ao inc\u00f3modo de limpar as camas para animais de estima\u00e7\u00e3o. O nosso design inovador inclui uma almofada amov\u00edvel, tornando a manuten\u00e7\u00e3o muito f\u00e1cil. Basta retirar a almofada e coloc\u00e1-la na m\u00e1quina de lavar para obter um espa\u00e7o de repouso imaculado e higi\u00e9nico.<\/li>\n<li><strong>Luxo de pel\u00facia para um conforto inigual\u00e1vel:<\/strong> Mime o seu animal de estima\u00e7\u00e3o com o m\u00e1ximo de conforto. A nossa cama para animais de estima\u00e7\u00e3o tem um toque luxuoso e macio que ultrapassa as camas comuns para animais de estima\u00e7\u00e3o. Deixe o seu amigo peludo deleitar-se no colo do luxo, experimentando um n\u00edvel de conforto que vai para al\u00e9m das expectativas.<\/li>\n<li><strong>Fundo antiderrapante para maior estabilidade:<\/strong> A seguran\u00e7a \u00e9 fundamental e a nossa cama para animais de estima\u00e7\u00e3o responde a esta preocupa\u00e7\u00e3o com um fundo antiderrapante. Fique descansado sabendo que a cama se mant\u00e9m segura no lugar, proporcionando um ref\u00fagio est\u00e1vel para o seu animal de estima\u00e7\u00e3o se descontrair sem escorregar ou deslizar.<\/li>\n<li><strong>Sof\u00e1 almofadado para animais de estima\u00e7\u00e3o Eleg\u00e2ncia:<\/strong> Apresentamos uma cama para animais de estima\u00e7\u00e3o que combina na perfei\u00e7\u00e3o conforto e eleg\u00e2ncia. A nossa cama para animais de estima\u00e7\u00e3o Bolster Sofa d\u00e1 um toque de sofistica\u00e7\u00e3o a qualquer divis\u00e3o, tornando-a uma adi\u00e7\u00e3o elegante \u00e0 decora\u00e7\u00e3o da sua casa, ao mesmo tempo que oferece o m\u00e1ximo conforto ao seu animal de estima\u00e7\u00e3o.<\/li>\n<li><strong>Cama para c\u00e3es com almofada de luxo - Qualidade incompar\u00e1vel:<\/strong> Invista no melhor para o seu animal de estima\u00e7\u00e3o com a nossa cama para c\u00e3es Luxury Bolster. Meticulosamente fabricada com materiais da mais alta qualidade, esta cama para animais de estima\u00e7\u00e3o garante durabilidade e luxo duradouro para o seu querido companheiro de quatro patas.<\/li>\n<\/ol>","protected":false},"excerpt":{"rendered":"<p>Somos fabricantes de camas para animais de estima\u00e7\u00e3o com mais de 20 anos de experi\u00eancia. Oferecemos op\u00e7\u00f5es de personaliza\u00e7\u00e3o de cor, tamanho, tecido, padr\u00e3o, logotipo e outros recursos.<\/p>","protected":false},"featured_media":16292,"template":"","meta":{"_acf_changed":false},"product_brand":[],"product_cat":[57,72],"product_tag":[75],"class_list":{"0":"post-16280","1":"product","2":"type-product","3":"status-publish","4":"has-post-thumbnail","6":"product_cat-dog-beds","7":"product_cat-dog-supplies","8":"product_tag-dog-beds","10":"first","11":"instock","12":"shipping-taxable","13":"product-type-simple"},"acf":[],"yoast_head":"<!-- This site is optimized with the Yoast SEO plugin v27.1.1 - https:\/\/yoast.com\/product\/yoast-seo-wordpress\/ -->\n<title>Luxury Bolster Dog Bed | Customized Sofa Pet Beds - Petstar<\/title>\n<meta name=\"description\" content=\"Explore luxury bolster dog bed, sofa pet beds, bolster sofa pet bed from the manufacturer. Your ideal business solution with Petstar.\" \/>\n<meta name=\"robots\" content=\"index, follow, max-snippet:-1, max-image-preview:large, max-video-preview:-1\" \/>\n<link rel=\"canonical\" href=\"https:\/\/petproducts.com.cn\/pt\/produto\/luxury-bolster-dog-bed-sofa-pet-beds\/\" \/>\n<meta property=\"og:locale\" content=\"pt_PT\" \/>\n<meta property=\"og:type\" content=\"article\" \/>\n<meta property=\"og:title\" content=\"Luxury Bolster Dog Bed | Customized Sofa Pet Beds - Petstar\" \/>\n<meta property=\"og:description\" content=\"Explore luxury bolster dog bed, sofa pet beds, bolster sofa pet bed from the manufacturer. Your ideal business solution with Petstar.\" \/>\n<meta property=\"og:url\" content=\"https:\/\/petproducts.com.cn\/pt\/produto\/luxury-bolster-dog-bed-sofa-pet-beds\/\" \/>\n<meta property=\"og:site_name\" content=\"Petstar\" \/>\n<meta property=\"article:modified_time\" content=\"2023-11-23T08:56:40+00:00\" \/>\n<meta property=\"og:image\" content=\"https:\/\/petproducts.com.cn\/wp-content\/uploads\/2023\/11\/luxury-bolster-dog-bed.webp\" \/>\n\t<meta property=\"og:image:width\" content=\"1000\" \/>\n\t<meta property=\"og:image:height\" content=\"1000\" \/>\n\t<meta property=\"og:image:type\" content=\"image\/webp\" \/>\n<meta name=\"twitter:card\" content=\"summary_large_image\" \/>\n<meta name=\"twitter:label1\" content=\"Tempo estimado de leitura\" \/>\n\t<meta name=\"twitter:data1\" content=\"2 minutos\" \/>\n<script type=\"application\/ld+json\" class=\"yoast-schema-graph\">{\"@context\":\"https:\/\/schema.org\",\"@graph\":[{\"@type\":\"WebPage\",\"@id\":\"https:\/\/petproducts.com.cn\/product\/luxury-bolster-dog-bed-sofa-pet-beds\/\",\"url\":\"https:\/\/petproducts.com.cn\/product\/luxury-bolster-dog-bed-sofa-pet-beds\/\",\"name\":\"Luxury Bolster Dog Bed | Customized Sofa Pet Beds - Petstar\",\"isPartOf\":{\"@id\":\"https:\/\/petproducts.com.cn\/#website\"},\"primaryImageOfPage\":{\"@id\":\"https:\/\/petproducts.com.cn\/product\/luxury-bolster-dog-bed-sofa-pet-beds\/#primaryimage\"},\"image\":{\"@id\":\"https:\/\/petproducts.com.cn\/product\/luxury-bolster-dog-bed-sofa-pet-beds\/#primaryimage\"},\"thumbnailUrl\":\"https:\/\/petproducts.com.cn\/wp-content\/uploads\/2023\/11\/luxury-bolster-dog-bed.webp\",\"datePublished\":\"2023-11-23T08:15:51+00:00\",\"dateModified\":\"2023-11-23T08:56:40+00:00\",\"description\":\"Explore luxury bolster dog bed, sofa pet beds, bolster sofa pet bed from the manufacturer. Your ideal business solution with Petstar.\",\"breadcrumb\":{\"@id\":\"https:\/\/petproducts.com.cn\/product\/luxury-bolster-dog-bed-sofa-pet-beds\/#breadcrumb\"},\"inLanguage\":\"pt-PT\",\"potentialAction\":[{\"@type\":\"ReadAction\",\"target\":[\"https:\/\/petproducts.com.cn\/product\/luxury-bolster-dog-bed-sofa-pet-beds\/\"]}]},{\"@type\":\"ImageObject\",\"inLanguage\":\"pt-PT\",\"@id\":\"https:\/\/petproducts.com.cn\/product\/luxury-bolster-dog-bed-sofa-pet-beds\/#primaryimage\",\"url\":\"https:\/\/petproducts.com.cn\/wp-content\/uploads\/2023\/11\/luxury-bolster-dog-bed.webp\",\"contentUrl\":\"https:\/\/petproducts.com.cn\/wp-content\/uploads\/2023\/11\/luxury-bolster-dog-bed.webp\",\"width\":1000,\"height\":1000,\"caption\":\"luxury bolster dog bed\"},{\"@type\":\"BreadcrumbList\",\"@id\":\"https:\/\/petproducts.com.cn\/product\/luxury-bolster-dog-bed-sofa-pet-beds\/#breadcrumb\",\"itemListElement\":[{\"@type\":\"ListItem\",\"position\":1,\"name\":\"HOME\",\"item\":\"https:\/\/petproducts.com.cn\/\"},{\"@type\":\"ListItem\",\"position\":2,\"name\":\"Products\",\"item\":\"https:\/\/petproducts.com.cn\/shop\/\"},{\"@type\":\"ListItem\",\"position\":3,\"name\":\"Dog Beds\",\"item\":\"https:\/\/petproducts.com.cn\/product-category\/dog-beds\/\"},{\"@type\":\"ListItem\",\"position\":4,\"name\":\"Luxury Bolster Dog Bed Sofa Pet Beds\"}]},{\"@type\":\"WebSite\",\"@id\":\"https:\/\/petproducts.com.cn\/#website\",\"url\":\"https:\/\/petproducts.com.cn\/\",\"name\":\"Petstar\",\"description\":\"Leading Pet Supplies Manufacturer &amp; OEM Pet Products Supplier\",\"publisher\":{\"@id\":\"https:\/\/petproducts.com.cn\/#organization\"},\"alternateName\":\"Petstar Pet Supplies\",\"potentialAction\":[{\"@type\":\"SearchAction\",\"target\":{\"@type\":\"EntryPoint\",\"urlTemplate\":\"https:\/\/petproducts.com.cn\/?s={search_term_string}\"},\"query-input\":{\"@type\":\"PropertyValueSpecification\",\"valueRequired\":true,\"valueName\":\"search_term_string\"}}],\"inLanguage\":\"pt-PT\"},{\"@type\":\"Organization\",\"@id\":\"https:\/\/petproducts.com.cn\/#organization\",\"name\":\"Petstar\",\"url\":\"https:\/\/petproducts.com.cn\/\",\"logo\":{\"@type\":\"ImageObject\",\"inLanguage\":\"pt-PT\",\"@id\":\"https:\/\/petproducts.com.cn\/#\/schema\/logo\/image\/\",\"url\":\"https:\/\/petproducts.com.cn\/wp-content\/uploads\/2020\/02\/petstar-logo.webp\",\"contentUrl\":\"https:\/\/petproducts.com.cn\/wp-content\/uploads\/2020\/02\/petstar-logo.webp\",\"width\":779,\"height\":520,\"caption\":\"Petstar\"},\"image\":{\"@id\":\"https:\/\/petproducts.com.cn\/#\/schema\/logo\/image\/\"}}]}<\/script>\n<!-- \/ Yoast SEO plugin. -->","yoast_head_json":{"title":"Cama de c\u00e3o de luxo com almofada | Sof\u00e1 personalizado para animais de estima\u00e7\u00e3o - Petstar","description":"Explore a cama de luxo para c\u00e3es, camas de sof\u00e1 para animais de estima\u00e7\u00e3o, cama de sof\u00e1 para animais de estima\u00e7\u00e3o do fabricante. A sua solu\u00e7\u00e3o comercial ideal com Petstar.","robots":{"index":"index","follow":"follow","max-snippet":"max-snippet:-1","max-image-preview":"max-image-preview:large","max-video-preview":"max-video-preview:-1"},"canonical":"https:\/\/petproducts.com.cn\/pt\/produto\/luxury-bolster-dog-bed-sofa-pet-beds\/","og_locale":"pt_PT","og_type":"article","og_title":"Luxury Bolster Dog Bed | Customized Sofa Pet Beds - Petstar","og_description":"Explore luxury bolster dog bed, sofa pet beds, bolster sofa pet bed from the manufacturer. Your ideal business solution with Petstar.","og_url":"https:\/\/petproducts.com.cn\/pt\/produto\/luxury-bolster-dog-bed-sofa-pet-beds\/","og_site_name":"Petstar","article_modified_time":"2023-11-23T08:56:40+00:00","og_image":[{"width":1000,"height":1000,"url":"https:\/\/petproducts.com.cn\/wp-content\/uploads\/2023\/11\/luxury-bolster-dog-bed.webp","type":"image\/webp"}],"twitter_card":"summary_large_image","twitter_misc":{"Tempo estimado de leitura":"2 minutos"},"schema":{"@context":"https:\/\/schema.org","@graph":[{"@type":"WebPage","@id":"https:\/\/petproducts.com.cn\/product\/luxury-bolster-dog-bed-sofa-pet-beds\/","url":"https:\/\/petproducts.com.cn\/product\/luxury-bolster-dog-bed-sofa-pet-beds\/","name":"Cama de c\u00e3o de luxo com almofada | Sof\u00e1 personalizado para animais de estima\u00e7\u00e3o - Petstar","isPartOf":{"@id":"https:\/\/petproducts.com.cn\/#website"},"primaryImageOfPage":{"@id":"https:\/\/petproducts.com.cn\/product\/luxury-bolster-dog-bed-sofa-pet-beds\/#primaryimage"},"image":{"@id":"https:\/\/petproducts.com.cn\/product\/luxury-bolster-dog-bed-sofa-pet-beds\/#primaryimage"},"thumbnailUrl":"https:\/\/petproducts.com.cn\/wp-content\/uploads\/2023\/11\/luxury-bolster-dog-bed.webp","datePublished":"2023-11-23T08:15:51+00:00","dateModified":"2023-11-23T08:56:40+00:00","description":"Explore a cama de luxo para c\u00e3es, camas de sof\u00e1 para animais de estima\u00e7\u00e3o, cama de sof\u00e1 para animais de estima\u00e7\u00e3o do fabricante. A sua solu\u00e7\u00e3o comercial ideal com Petstar.","breadcrumb":{"@id":"https:\/\/petproducts.com.cn\/product\/luxury-bolster-dog-bed-sofa-pet-beds\/#breadcrumb"},"inLanguage":"pt-PT","potentialAction":[{"@type":"ReadAction","target":["https:\/\/petproducts.com.cn\/product\/luxury-bolster-dog-bed-sofa-pet-beds\/"]}]},{"@type":"ImageObject","inLanguage":"pt-PT","@id":"https:\/\/petproducts.com.cn\/product\/luxury-bolster-dog-bed-sofa-pet-beds\/#primaryimage","url":"https:\/\/petproducts.com.cn\/wp-content\/uploads\/2023\/11\/luxury-bolster-dog-bed.webp","contentUrl":"https:\/\/petproducts.com.cn\/wp-content\/uploads\/2023\/11\/luxury-bolster-dog-bed.webp","width":1000,"height":1000,"caption":"luxury bolster dog bed"},{"@type":"BreadcrumbList","@id":"https:\/\/petproducts.com.cn\/product\/luxury-bolster-dog-bed-sofa-pet-beds\/#breadcrumb","itemListElement":[{"@type":"ListItem","position":1,"name":"HOME","item":"https:\/\/petproducts.com.cn\/"},{"@type":"ListItem","position":2,"name":"Products","item":"https:\/\/petproducts.com.cn\/shop\/"},{"@type":"ListItem","position":3,"name":"Dog Beds","item":"https:\/\/petproducts.com.cn\/product-category\/dog-beds\/"},{"@type":"ListItem","position":4,"name":"Luxury Bolster Dog Bed Sofa Pet Beds"}]},{"@type":"WebSite","@id":"https:\/\/petproducts.com.cn\/#website","url":"https:\/\/petproducts.com.cn\/","name":"Petstar","description":"Fabricante l\u00edder de artigos para animais de estima\u00e7\u00e3o e fornecedor de produtos OEM para animais de estima\u00e7\u00e3o","publisher":{"@id":"https:\/\/petproducts.com.cn\/#organization"},"alternateName":"Petstar Pet Supplies","potentialAction":[{"@type":"SearchAction","target":{"@type":"EntryPoint","urlTemplate":"https:\/\/petproducts.com.cn\/?s={search_term_string}"},"query-input":{"@type":"PropertyValueSpecification","valueRequired":true,"valueName":"search_term_string"}}],"inLanguage":"pt-PT"},{"@type":"Organization","@id":"https:\/\/petproducts.com.cn\/#organization","name":"Petstar","url":"https:\/\/petproducts.com.cn\/","logo":{"@type":"ImageObject","inLanguage":"pt-PT","@id":"https:\/\/petproducts.com.cn\/#\/schema\/logo\/image\/","url":"https:\/\/petproducts.com.cn\/wp-content\/uploads\/2020\/02\/petstar-logo.webp","contentUrl":"https:\/\/petproducts.com.cn\/wp-content\/uploads\/2020\/02\/petstar-logo.webp","width":779,"height":520,"caption":"Petstar"},"image":{"@id":"https:\/\/petproducts.com.cn\/#\/schema\/logo\/image\/"}}]}},"_links":{"self":[{"href":"https:\/\/petproducts.com.cn\/pt\/wp-json\/wp\/v2\/product\/16280","targetHints":{"allow":["GET"]}}],"collection":[{"href":"https:\/\/petproducts.com.cn\/pt\/wp-json\/wp\/v2\/product"}],"about":[{"href":"https:\/\/petproducts.com.cn\/pt\/wp-json\/wp\/v2\/types\/product"}],"version-history":[{"count":1,"href":"https:\/\/petproducts.com.cn\/pt\/wp-json\/wp\/v2\/product\/16280\/revisions"}],"predecessor-version":[{"id":16295,"href":"https:\/\/petproducts.com.cn\/pt\/wp-json\/wp\/v2\/product\/16280\/revisions\/16295"}],"wp:featuredmedia":[{"embeddable":true,"href":"https:\/\/petproducts.com.cn\/pt\/wp-json\/wp\/v2\/media\/16292"}],"wp:attachment":[{"href":"https:\/\/petproducts.com.cn\/pt\/wp-json\/wp\/v2\/media?parent=16280"}],"wp:term":[{"taxonomy":"product_brand","embeddable":true,"href":"https:\/\/petproducts.com.cn\/pt\/wp-json\/wp\/v2\/product_brand?post=16280"},{"taxonomy":"product_cat","embeddable":true,"href":"https:\/\/petproducts.com.cn\/pt\/wp-json\/wp\/v2\/product_cat?post=16280"},{"taxonomy":"product_tag","embeddable":true,"href":"https:\/\/petproducts.com.cn\/pt\/wp-json\/wp\/v2\/product_tag?post=16280"}],"curies":[{"name":"wp","href":"https:\/\/api.w.org\/{rel}","templated":true}]}}