{"id":16281,"date":"2023-11-23T08:24:00","date_gmt":"2023-11-23T08:24:00","guid":{"rendered":"https:\/\/petproducts.com.cn\/?post_type=product&#038;p=16281"},"modified":"2023-11-23T08:39:36","modified_gmt":"2023-11-23T08:39:36","slug":"durable-dog-stuffed-animal-toys-distributors","status":"publish","type":"product","link":"https:\/\/petproducts.com.cn\/pt\/product\/durable-dog-stuffed-animal-toys-distributors\/","title":{"rendered":"Distribuidores de brinquedos de pel\u00facia para c\u00e3es dur\u00e1veis"},"content":{"rendered":"<h2>Petstar:Servi\u00e7os de personaliza\u00e7\u00e3o por atacado para brinquedos dur\u00e1veis para animais de pel\u00facia para c\u00e3es<\/h2>\n<p>Bem-vindo ao Petstar, o seu distribuidor de confian\u00e7a de brinquedos de peluche para c\u00e3es de alta qualidade. Temos orgulho em oferecer brinquedos dur\u00e1veis e envolventes que proporcionam alegria sem fim aos nossos amigos peludos.<\/p>\n<h3>A nossa vantagem:<\/h3>\n<ol>\n<li>Materiais de qualidade superior: Na Petstar, acreditamos em usar apenas os melhores materiais para os nossos brinquedos de peluche dur\u00e1veis para c\u00e3es. Criamos cuidadosamente cada brinquedo com materiais dur\u00e1veis e seguros para animais de estima\u00e7\u00e3o para resistir a brincadeiras e mastiga\u00e7\u00e3o. Os nossos brinquedos s\u00e3o concebidos para durar muito tempo, garantindo que os c\u00e3es possam apreci\u00e1-los durante um longo per\u00edodo.<\/li>\n<li>Grande variedade de modelos: Compreendemos que cada c\u00e3o tem prefer\u00eancias \u00fanicas. \u00c9 por isso que oferecemos uma vasta gama de modelos para os nossos brinquedos de peluche duradouros para c\u00e3es. Desde animais bonitos e fofinhos a personagens interactivas, h\u00e1 algo para todos os gostos de c\u00e3es. Com a nossa vasta sele\u00e7\u00e3o, pode satisfazer as diversas necessidades dos seus clientes e faz\u00ea-los voltar para mais.<\/li>\n<li>Servi\u00e7os de personaliza\u00e7\u00e3o por atacado: Destaque-se da concorr\u00eancia oferecendo brinquedos personalizados para c\u00e3es. Com os nossos servi\u00e7os de personaliza\u00e7\u00e3o por grosso, pode adicionar o seu log\u00f3tipo, nome da empresa ou qualquer outra informa\u00e7\u00e3o personalizada para criar um produto de marca. Isso n\u00e3o apenas aumenta o reconhecimento da marca, mas tamb\u00e9m cria uma proposta de venda exclusiva para o seu neg\u00f3cio.<\/li>\n<\/ol>\n<p>Petstar \u00e9 o seu distribuidor de brinquedos dur\u00e1veis para c\u00e3es. Com os nossos materiais de qualidade superior, grande variedade de designs, servi\u00e7os de personaliza\u00e7\u00e3o por atacado e rede de distribui\u00e7\u00e3o fi\u00e1vel, comprometemo-nos a ajudar o seu neg\u00f3cio a prosperar. Entre em contato conosco hoje para explorar oportunidades de atacado e fornecer aos seus clientes os melhores brinquedos para animais de pel\u00facia para c\u00e3es dispon\u00edveis no mercado.<\/p>","protected":false},"excerpt":{"rendered":"<p>Somos um fabricante de brinquedos para c\u00e3es com mais de 20 anos de experi\u00eancia. Oferecemos op\u00e7\u00f5es de personaliza\u00e7\u00e3o para cor, tamanho, tecido, padr\u00e3o, log\u00f3tipo e outras caracter\u00edsticas.<\/p>","protected":false},"featured_media":16283,"template":"","meta":{"_acf_changed":false},"product_brand":[],"product_cat":[72,48],"product_tag":[85],"class_list":{"0":"post-16281","1":"product","2":"type-product","3":"status-publish","4":"has-post-thumbnail","6":"product_cat-dog-supplies","7":"product_cat-dog-toys","8":"product_tag-dog-toys","10":"first","11":"instock","12":"shipping-taxable","13":"product-type-simple"},"acf":[],"yoast_head":"<!-- This site is optimized with the Yoast SEO plugin v27.1.1 - https:\/\/yoast.com\/product\/yoast-seo-wordpress\/ -->\n<title>dog stuffed animal toys factory | Customdog stuffed animal dog toys - Petstar<\/title>\n<meta name=\"description\" content=\"Explore dog stuffed animal toys,stuffed animal dog toys, dog chew toy from the manufacturer. Your ideal business solution with Petstar.\" \/>\n<meta name=\"robots\" content=\"index, follow, max-snippet:-1, max-image-preview:large, max-video-preview:-1\" \/>\n<link rel=\"canonical\" href=\"https:\/\/petproducts.com.cn\/pt\/produto\/durable-dog-stuffed-animal-toys-distributors\/\" \/>\n<meta property=\"og:locale\" content=\"pt_PT\" \/>\n<meta property=\"og:type\" content=\"article\" \/>\n<meta property=\"og:title\" content=\"dog stuffed animal toys factory | Customdog stuffed animal dog toys - Petstar\" \/>\n<meta property=\"og:description\" content=\"Explore dog stuffed animal toys,stuffed animal dog toys, dog chew toy from the manufacturer. Your ideal business solution with Petstar.\" \/>\n<meta property=\"og:url\" content=\"https:\/\/petproducts.com.cn\/pt\/produto\/durable-dog-stuffed-animal-toys-distributors\/\" \/>\n<meta property=\"og:site_name\" content=\"Petstar\" \/>\n<meta property=\"article:modified_time\" content=\"2023-11-23T08:39:36+00:00\" \/>\n<meta property=\"og:image\" content=\"https:\/\/petproducts.com.cn\/wp-content\/uploads\/2023\/11\/dog-stuffed-animal-toys.webp\" \/>\n\t<meta property=\"og:image:width\" content=\"800\" \/>\n\t<meta property=\"og:image:height\" content=\"800\" \/>\n\t<meta property=\"og:image:type\" content=\"image\/webp\" \/>\n<meta name=\"twitter:card\" content=\"summary_large_image\" \/>\n<meta name=\"twitter:label1\" content=\"Tempo estimado de leitura\" \/>\n\t<meta name=\"twitter:data1\" content=\"2 minutos\" \/>\n<script type=\"application\/ld+json\" class=\"yoast-schema-graph\">{\"@context\":\"https:\/\/schema.org\",\"@graph\":[{\"@type\":\"WebPage\",\"@id\":\"https:\/\/petproducts.com.cn\/product\/durable-dog-stuffed-animal-toys-distributors\/\",\"url\":\"https:\/\/petproducts.com.cn\/product\/durable-dog-stuffed-animal-toys-distributors\/\",\"name\":\"dog stuffed animal toys factory | Customdog stuffed animal dog toys - Petstar\",\"isPartOf\":{\"@id\":\"https:\/\/petproducts.com.cn\/#website\"},\"primaryImageOfPage\":{\"@id\":\"https:\/\/petproducts.com.cn\/product\/durable-dog-stuffed-animal-toys-distributors\/#primaryimage\"},\"image\":{\"@id\":\"https:\/\/petproducts.com.cn\/product\/durable-dog-stuffed-animal-toys-distributors\/#primaryimage\"},\"thumbnailUrl\":\"https:\/\/petproducts.com.cn\/wp-content\/uploads\/2023\/11\/dog-stuffed-animal-toys.webp\",\"datePublished\":\"2023-11-23T08:24:00+00:00\",\"dateModified\":\"2023-11-23T08:39:36+00:00\",\"description\":\"Explore dog stuffed animal toys,stuffed animal dog toys, dog chew toy from the manufacturer. Your ideal business solution with Petstar.\",\"breadcrumb\":{\"@id\":\"https:\/\/petproducts.com.cn\/product\/durable-dog-stuffed-animal-toys-distributors\/#breadcrumb\"},\"inLanguage\":\"pt-PT\",\"potentialAction\":[{\"@type\":\"ReadAction\",\"target\":[\"https:\/\/petproducts.com.cn\/product\/durable-dog-stuffed-animal-toys-distributors\/\"]}]},{\"@type\":\"ImageObject\",\"inLanguage\":\"pt-PT\",\"@id\":\"https:\/\/petproducts.com.cn\/product\/durable-dog-stuffed-animal-toys-distributors\/#primaryimage\",\"url\":\"https:\/\/petproducts.com.cn\/wp-content\/uploads\/2023\/11\/dog-stuffed-animal-toys.webp\",\"contentUrl\":\"https:\/\/petproducts.com.cn\/wp-content\/uploads\/2023\/11\/dog-stuffed-animal-toys.webp\",\"width\":800,\"height\":800,\"caption\":\"dog stuffed animal toys\"},{\"@type\":\"BreadcrumbList\",\"@id\":\"https:\/\/petproducts.com.cn\/product\/durable-dog-stuffed-animal-toys-distributors\/#breadcrumb\",\"itemListElement\":[{\"@type\":\"ListItem\",\"position\":1,\"name\":\"HOME\",\"item\":\"https:\/\/petproducts.com.cn\/\"},{\"@type\":\"ListItem\",\"position\":2,\"name\":\"Products\",\"item\":\"https:\/\/petproducts.com.cn\/shop\/\"},{\"@type\":\"ListItem\",\"position\":3,\"name\":\"Dog Toys\",\"item\":\"https:\/\/petproducts.com.cn\/product-category\/dog-toys\/\"},{\"@type\":\"ListItem\",\"position\":4,\"name\":\"Durable Dog Stuffed Animal Toys Distributors\"}]},{\"@type\":\"WebSite\",\"@id\":\"https:\/\/petproducts.com.cn\/#website\",\"url\":\"https:\/\/petproducts.com.cn\/\",\"name\":\"Petstar\",\"description\":\"Leading Pet Supplies Manufacturer &amp; OEM Pet Products Supplier\",\"publisher\":{\"@id\":\"https:\/\/petproducts.com.cn\/#organization\"},\"alternateName\":\"Petstar Pet Supplies\",\"potentialAction\":[{\"@type\":\"SearchAction\",\"target\":{\"@type\":\"EntryPoint\",\"urlTemplate\":\"https:\/\/petproducts.com.cn\/?s={search_term_string}\"},\"query-input\":{\"@type\":\"PropertyValueSpecification\",\"valueRequired\":true,\"valueName\":\"search_term_string\"}}],\"inLanguage\":\"pt-PT\"},{\"@type\":\"Organization\",\"@id\":\"https:\/\/petproducts.com.cn\/#organization\",\"name\":\"Petstar\",\"url\":\"https:\/\/petproducts.com.cn\/\",\"logo\":{\"@type\":\"ImageObject\",\"inLanguage\":\"pt-PT\",\"@id\":\"https:\/\/petproducts.com.cn\/#\/schema\/logo\/image\/\",\"url\":\"https:\/\/petproducts.com.cn\/wp-content\/uploads\/2020\/02\/petstar-logo.webp\",\"contentUrl\":\"https:\/\/petproducts.com.cn\/wp-content\/uploads\/2020\/02\/petstar-logo.webp\",\"width\":779,\"height\":520,\"caption\":\"Petstar\"},\"image\":{\"@id\":\"https:\/\/petproducts.com.cn\/#\/schema\/logo\/image\/\"}}]}<\/script>\n<!-- \/ Yoast SEO plugin. -->","yoast_head_json":{"title":"f\u00e1brica de brinquedos de peluche para c\u00e3es | brinquedos de peluche para c\u00e3es personalizados - Petstar","description":"Explore brinquedos de peluche para c\u00e3es, brinquedos de peluche para c\u00e3es, brinquedos de mastigar para c\u00e3es do fabricante. A sua solu\u00e7\u00e3o de neg\u00f3cio ideal com Petstar.","robots":{"index":"index","follow":"follow","max-snippet":"max-snippet:-1","max-image-preview":"max-image-preview:large","max-video-preview":"max-video-preview:-1"},"canonical":"https:\/\/petproducts.com.cn\/pt\/produto\/durable-dog-stuffed-animal-toys-distributors\/","og_locale":"pt_PT","og_type":"article","og_title":"dog stuffed animal toys factory | Customdog stuffed animal dog toys - Petstar","og_description":"Explore dog stuffed animal toys,stuffed animal dog toys, dog chew toy from the manufacturer. Your ideal business solution with Petstar.","og_url":"https:\/\/petproducts.com.cn\/pt\/produto\/durable-dog-stuffed-animal-toys-distributors\/","og_site_name":"Petstar","article_modified_time":"2023-11-23T08:39:36+00:00","og_image":[{"width":800,"height":800,"url":"https:\/\/petproducts.com.cn\/wp-content\/uploads\/2023\/11\/dog-stuffed-animal-toys.webp","type":"image\/webp"}],"twitter_card":"summary_large_image","twitter_misc":{"Tempo estimado de leitura":"2 minutos"},"schema":{"@context":"https:\/\/schema.org","@graph":[{"@type":"WebPage","@id":"https:\/\/petproducts.com.cn\/product\/durable-dog-stuffed-animal-toys-distributors\/","url":"https:\/\/petproducts.com.cn\/product\/durable-dog-stuffed-animal-toys-distributors\/","name":"f\u00e1brica de brinquedos de peluche para c\u00e3es | brinquedos de peluche para c\u00e3es personalizados - Petstar","isPartOf":{"@id":"https:\/\/petproducts.com.cn\/#website"},"primaryImageOfPage":{"@id":"https:\/\/petproducts.com.cn\/product\/durable-dog-stuffed-animal-toys-distributors\/#primaryimage"},"image":{"@id":"https:\/\/petproducts.com.cn\/product\/durable-dog-stuffed-animal-toys-distributors\/#primaryimage"},"thumbnailUrl":"https:\/\/petproducts.com.cn\/wp-content\/uploads\/2023\/11\/dog-stuffed-animal-toys.webp","datePublished":"2023-11-23T08:24:00+00:00","dateModified":"2023-11-23T08:39:36+00:00","description":"Explore brinquedos de peluche para c\u00e3es, brinquedos de peluche para c\u00e3es, brinquedos de mastigar para c\u00e3es do fabricante. A sua solu\u00e7\u00e3o de neg\u00f3cio ideal com Petstar.","breadcrumb":{"@id":"https:\/\/petproducts.com.cn\/product\/durable-dog-stuffed-animal-toys-distributors\/#breadcrumb"},"inLanguage":"pt-PT","potentialAction":[{"@type":"ReadAction","target":["https:\/\/petproducts.com.cn\/product\/durable-dog-stuffed-animal-toys-distributors\/"]}]},{"@type":"ImageObject","inLanguage":"pt-PT","@id":"https:\/\/petproducts.com.cn\/product\/durable-dog-stuffed-animal-toys-distributors\/#primaryimage","url":"https:\/\/petproducts.com.cn\/wp-content\/uploads\/2023\/11\/dog-stuffed-animal-toys.webp","contentUrl":"https:\/\/petproducts.com.cn\/wp-content\/uploads\/2023\/11\/dog-stuffed-animal-toys.webp","width":800,"height":800,"caption":"dog stuffed animal toys"},{"@type":"BreadcrumbList","@id":"https:\/\/petproducts.com.cn\/product\/durable-dog-stuffed-animal-toys-distributors\/#breadcrumb","itemListElement":[{"@type":"ListItem","position":1,"name":"HOME","item":"https:\/\/petproducts.com.cn\/"},{"@type":"ListItem","position":2,"name":"Products","item":"https:\/\/petproducts.com.cn\/shop\/"},{"@type":"ListItem","position":3,"name":"Dog Toys","item":"https:\/\/petproducts.com.cn\/product-category\/dog-toys\/"},{"@type":"ListItem","position":4,"name":"Durable Dog Stuffed Animal Toys Distributors"}]},{"@type":"WebSite","@id":"https:\/\/petproducts.com.cn\/#website","url":"https:\/\/petproducts.com.cn\/","name":"Petstar","description":"Fabricante l\u00edder de artigos para animais de estima\u00e7\u00e3o e fornecedor de produtos OEM para animais de estima\u00e7\u00e3o","publisher":{"@id":"https:\/\/petproducts.com.cn\/#organization"},"alternateName":"Petstar Pet Supplies","potentialAction":[{"@type":"SearchAction","target":{"@type":"EntryPoint","urlTemplate":"https:\/\/petproducts.com.cn\/?s={search_term_string}"},"query-input":{"@type":"PropertyValueSpecification","valueRequired":true,"valueName":"search_term_string"}}],"inLanguage":"pt-PT"},{"@type":"Organization","@id":"https:\/\/petproducts.com.cn\/#organization","name":"Petstar","url":"https:\/\/petproducts.com.cn\/","logo":{"@type":"ImageObject","inLanguage":"pt-PT","@id":"https:\/\/petproducts.com.cn\/#\/schema\/logo\/image\/","url":"https:\/\/petproducts.com.cn\/wp-content\/uploads\/2020\/02\/petstar-logo.webp","contentUrl":"https:\/\/petproducts.com.cn\/wp-content\/uploads\/2020\/02\/petstar-logo.webp","width":779,"height":520,"caption":"Petstar"},"image":{"@id":"https:\/\/petproducts.com.cn\/#\/schema\/logo\/image\/"}}]}},"_links":{"self":[{"href":"https:\/\/petproducts.com.cn\/pt\/wp-json\/wp\/v2\/product\/16281","targetHints":{"allow":["GET"]}}],"collection":[{"href":"https:\/\/petproducts.com.cn\/pt\/wp-json\/wp\/v2\/product"}],"about":[{"href":"https:\/\/petproducts.com.cn\/pt\/wp-json\/wp\/v2\/types\/product"}],"version-history":[{"count":1,"href":"https:\/\/petproducts.com.cn\/pt\/wp-json\/wp\/v2\/product\/16281\/revisions"}],"predecessor-version":[{"id":16288,"href":"https:\/\/petproducts.com.cn\/pt\/wp-json\/wp\/v2\/product\/16281\/revisions\/16288"}],"wp:featuredmedia":[{"embeddable":true,"href":"https:\/\/petproducts.com.cn\/pt\/wp-json\/wp\/v2\/media\/16283"}],"wp:attachment":[{"href":"https:\/\/petproducts.com.cn\/pt\/wp-json\/wp\/v2\/media?parent=16281"}],"wp:term":[{"taxonomy":"product_brand","embeddable":true,"href":"https:\/\/petproducts.com.cn\/pt\/wp-json\/wp\/v2\/product_brand?post=16281"},{"taxonomy":"product_cat","embeddable":true,"href":"https:\/\/petproducts.com.cn\/pt\/wp-json\/wp\/v2\/product_cat?post=16281"},{"taxonomy":"product_tag","embeddable":true,"href":"https:\/\/petproducts.com.cn\/pt\/wp-json\/wp\/v2\/product_tag?post=16281"}],"curies":[{"name":"wp","href":"https:\/\/api.w.org\/{rel}","templated":true}]}}