{"id":16315,"date":"2023-11-24T05:49:00","date_gmt":"2023-11-24T05:49:00","guid":{"rendered":"https:\/\/petproducts.com.cn\/?post_type=product&#038;p=16315"},"modified":"2023-11-24T06:03:47","modified_gmt":"2023-11-24T06:03:47","slug":"stuffed-animal-dog-toy-vendor-black-anteater","status":"publish","type":"product","link":"https:\/\/petproducts.com.cn\/pt\/product\/stuffed-animal-dog-toy-vendor-black-anteater\/","title":{"rendered":"Animal de peluche para c\u00e3es Vendedor Tamandu\u00e1-bandeira"},"content":{"rendered":"<h2>Petstar: O seu fornecedor de confian\u00e7a para brinquedos personalizados para c\u00e3es com animais de peluche<\/h2>\n<p>Bem-vindo ao Petstar, o principal fornecedor de brinquedos de peluche personalizados para c\u00e3es. Apresentamos a nossa mais recente adi\u00e7\u00e3o, o brinquedo para c\u00e3es Black Anteater.<\/p>\n<h3>A nossa vantagem:<\/h3>\n<ol>\n<li>Op\u00e7\u00f5es de personaliza\u00e7\u00e3o: Compreendemos a import\u00e2ncia de oferecer produtos \u00fanicos que se destacam no mercado. \u00c9 por isso que oferecemos op\u00e7\u00f5es de personaliza\u00e7\u00e3o, permitindo-lhe personalizar o brinquedo para c\u00e3es de acordo com a sua marca ou prefer\u00eancias individuais. Quer se trate de adicionar o seu log\u00f3tipo, selecionar cores espec\u00edficas ou mesmo modificar o design, tem a liberdade de criar um brinquedo \u00fanico que reflicta o seu estilo \u00fanico.<\/li>\n<li>Carater\u00edsticas interactivas: Concebemos o brinquedo para c\u00e3es com carater\u00edsticas interactivas para envolver e entreter os c\u00e3es. Inclui guinchos, texturas enrugadas e v\u00e1rias partes mastig\u00e1veis, proporcionando estimula\u00e7\u00e3o sensorial e promovendo uma brincadeira ativa. Al\u00e9m disso, \u00e0 medida que o seu amigo peludo interage alegremente com o seu novo brinquedo favorito, pode testemunhar a alegria e a excita\u00e7\u00e3o que ele sente.<\/li>\n<li>Entrega atempada e excelente servi\u00e7o ao cliente: Como seu fornecedor de confian\u00e7a, damos prioridade a um servi\u00e7o ao cliente excecional. Com uma dedica\u00e7\u00e3o \u00e0 entrega atempada, a nossa rede de log\u00edstica eficiente processa e envia as suas encomendas prontamente. Al\u00e9m disso, a nossa equipa dedicada est\u00e1 sempre pronta a ajudar com quaisquer quest\u00f5es ou preocupa\u00e7\u00f5es, assegurando uma experi\u00eancia suave e agrad\u00e1vel para si.<\/li>\n<\/ol>\n<p>Petstar escolhe ser o fornecedor de escolha para brinquedos personalizados de animais de pel\u00facia para c\u00e3es, e orgulhosamente apresentamos nossa deliciosa adi\u00e7\u00e3o, o brinquedo para c\u00e3es. Contacte-nos hoje para explorar oportunidades de atacado e trazer alegria aos c\u00e3es com o nosso brinquedo de pel\u00facia Black Anteater.<\/p>","protected":false},"excerpt":{"rendered":"<p>Somos um fabricante de brinquedos para c\u00e3es com mais de 20 anos de experi\u00eancia. Oferecemos op\u00e7\u00f5es de personaliza\u00e7\u00e3o para cor, tamanho, tecido, padr\u00e3o, log\u00f3tipo e outras caracter\u00edsticas.<\/p>","protected":false},"featured_media":16320,"template":"","meta":{"_acf_changed":false},"product_brand":[],"product_cat":[72,48],"product_tag":[85],"class_list":{"0":"post-16315","1":"product","2":"type-product","3":"status-publish","4":"has-post-thumbnail","6":"product_cat-dog-supplies","7":"product_cat-dog-toys","8":"product_tag-dog-toys","10":"first","11":"instock","12":"shipping-taxable","13":"product-type-simple"},"acf":[],"yoast_head":"<!-- This site is optimized with the Yoast SEO plugin v27.1.1 - https:\/\/yoast.com\/product\/yoast-seo-wordpress\/ -->\n<title>stuffed animal dog toy factory | Customdog stuffed animal dog toys - Petstar<\/title>\n<meta name=\"description\" content=\"Explore stuffed animal dog toy,stuffed animal dog toys, dog chew toy from the manufacturer. Your ideal business solution with Petstar.\" \/>\n<meta name=\"robots\" content=\"index, follow, max-snippet:-1, max-image-preview:large, max-video-preview:-1\" \/>\n<link rel=\"canonical\" href=\"https:\/\/petproducts.com.cn\/pt\/produto\/stuffed-animal-dog-toy-vendor-black-anteater\/\" \/>\n<meta property=\"og:locale\" content=\"pt_PT\" \/>\n<meta property=\"og:type\" content=\"article\" \/>\n<meta property=\"og:title\" content=\"stuffed animal dog toy factory | Customdog stuffed animal dog toys - Petstar\" \/>\n<meta property=\"og:description\" content=\"Explore stuffed animal dog toy,stuffed animal dog toys, dog chew toy from the manufacturer. Your ideal business solution with Petstar.\" \/>\n<meta property=\"og:url\" content=\"https:\/\/petproducts.com.cn\/pt\/produto\/stuffed-animal-dog-toy-vendor-black-anteater\/\" \/>\n<meta property=\"og:site_name\" content=\"Petstar\" \/>\n<meta property=\"article:modified_time\" content=\"2023-11-24T06:03:47+00:00\" \/>\n<meta property=\"og:image\" content=\"https:\/\/petproducts.com.cn\/wp-content\/uploads\/2023\/11\/stuffed-animal-dog-toy-1.webp\" \/>\n\t<meta property=\"og:image:width\" content=\"800\" \/>\n\t<meta property=\"og:image:height\" content=\"800\" \/>\n\t<meta property=\"og:image:type\" content=\"image\/webp\" \/>\n<meta name=\"twitter:card\" content=\"summary_large_image\" \/>\n<meta name=\"twitter:label1\" content=\"Tempo estimado de leitura\" \/>\n\t<meta name=\"twitter:data1\" content=\"2 minutos\" \/>\n<script type=\"application\/ld+json\" class=\"yoast-schema-graph\">{\"@context\":\"https:\/\/schema.org\",\"@graph\":[{\"@type\":\"WebPage\",\"@id\":\"https:\/\/petproducts.com.cn\/product\/stuffed-animal-dog-toy-vendor-black-anteater\/\",\"url\":\"https:\/\/petproducts.com.cn\/product\/stuffed-animal-dog-toy-vendor-black-anteater\/\",\"name\":\"stuffed animal dog toy factory | Customdog stuffed animal dog toys - Petstar\",\"isPartOf\":{\"@id\":\"https:\/\/petproducts.com.cn\/#website\"},\"primaryImageOfPage\":{\"@id\":\"https:\/\/petproducts.com.cn\/product\/stuffed-animal-dog-toy-vendor-black-anteater\/#primaryimage\"},\"image\":{\"@id\":\"https:\/\/petproducts.com.cn\/product\/stuffed-animal-dog-toy-vendor-black-anteater\/#primaryimage\"},\"thumbnailUrl\":\"https:\/\/petproducts.com.cn\/wp-content\/uploads\/2023\/11\/stuffed-animal-dog-toy-1.webp\",\"datePublished\":\"2023-11-24T05:49:00+00:00\",\"dateModified\":\"2023-11-24T06:03:47+00:00\",\"description\":\"Explore stuffed animal dog toy,stuffed animal dog toys, dog chew toy from the manufacturer. Your ideal business solution with Petstar.\",\"breadcrumb\":{\"@id\":\"https:\/\/petproducts.com.cn\/product\/stuffed-animal-dog-toy-vendor-black-anteater\/#breadcrumb\"},\"inLanguage\":\"pt-PT\",\"potentialAction\":[{\"@type\":\"ReadAction\",\"target\":[\"https:\/\/petproducts.com.cn\/product\/stuffed-animal-dog-toy-vendor-black-anteater\/\"]}]},{\"@type\":\"ImageObject\",\"inLanguage\":\"pt-PT\",\"@id\":\"https:\/\/petproducts.com.cn\/product\/stuffed-animal-dog-toy-vendor-black-anteater\/#primaryimage\",\"url\":\"https:\/\/petproducts.com.cn\/wp-content\/uploads\/2023\/11\/stuffed-animal-dog-toy-1.webp\",\"contentUrl\":\"https:\/\/petproducts.com.cn\/wp-content\/uploads\/2023\/11\/stuffed-animal-dog-toy-1.webp\",\"width\":800,\"height\":800,\"caption\":\"stuffed animal dog toy\"},{\"@type\":\"BreadcrumbList\",\"@id\":\"https:\/\/petproducts.com.cn\/product\/stuffed-animal-dog-toy-vendor-black-anteater\/#breadcrumb\",\"itemListElement\":[{\"@type\":\"ListItem\",\"position\":1,\"name\":\"HOME\",\"item\":\"https:\/\/petproducts.com.cn\/\"},{\"@type\":\"ListItem\",\"position\":2,\"name\":\"Products\",\"item\":\"https:\/\/petproducts.com.cn\/shop\/\"},{\"@type\":\"ListItem\",\"position\":3,\"name\":\"Dog Toys\",\"item\":\"https:\/\/petproducts.com.cn\/product-category\/dog-toys\/\"},{\"@type\":\"ListItem\",\"position\":4,\"name\":\"Stuffed Animal Dog Toy Vendor Black Anteater\"}]},{\"@type\":\"WebSite\",\"@id\":\"https:\/\/petproducts.com.cn\/#website\",\"url\":\"https:\/\/petproducts.com.cn\/\",\"name\":\"Petstar\",\"description\":\"Leading Pet Supplies Manufacturer &amp; OEM Pet Products Supplier\",\"publisher\":{\"@id\":\"https:\/\/petproducts.com.cn\/#organization\"},\"alternateName\":\"Petstar Pet Supplies\",\"potentialAction\":[{\"@type\":\"SearchAction\",\"target\":{\"@type\":\"EntryPoint\",\"urlTemplate\":\"https:\/\/petproducts.com.cn\/?s={search_term_string}\"},\"query-input\":{\"@type\":\"PropertyValueSpecification\",\"valueRequired\":true,\"valueName\":\"search_term_string\"}}],\"inLanguage\":\"pt-PT\"},{\"@type\":\"Organization\",\"@id\":\"https:\/\/petproducts.com.cn\/#organization\",\"name\":\"Petstar\",\"url\":\"https:\/\/petproducts.com.cn\/\",\"logo\":{\"@type\":\"ImageObject\",\"inLanguage\":\"pt-PT\",\"@id\":\"https:\/\/petproducts.com.cn\/#\/schema\/logo\/image\/\",\"url\":\"https:\/\/petproducts.com.cn\/wp-content\/uploads\/2020\/02\/petstar-logo.webp\",\"contentUrl\":\"https:\/\/petproducts.com.cn\/wp-content\/uploads\/2020\/02\/petstar-logo.webp\",\"width\":779,\"height\":520,\"caption\":\"Petstar\"},\"image\":{\"@id\":\"https:\/\/petproducts.com.cn\/#\/schema\/logo\/image\/\"}}]}<\/script>\n<!-- \/ Yoast SEO plugin. -->","yoast_head_json":{"title":"F\u00e1brica de brinquedos de peluche para c\u00e3es | Brinquedos de peluche para c\u00e3es personalizados - Petstar","description":"Explore brinquedos de peluche para c\u00e3es, brinquedos de peluche para c\u00e3es, brinquedos de mastigar para c\u00e3es do fabricante. A sua solu\u00e7\u00e3o de neg\u00f3cio ideal com Petstar.","robots":{"index":"index","follow":"follow","max-snippet":"max-snippet:-1","max-image-preview":"max-image-preview:large","max-video-preview":"max-video-preview:-1"},"canonical":"https:\/\/petproducts.com.cn\/pt\/produto\/stuffed-animal-dog-toy-vendor-black-anteater\/","og_locale":"pt_PT","og_type":"article","og_title":"stuffed animal dog toy factory | Customdog stuffed animal dog toys - Petstar","og_description":"Explore stuffed animal dog toy,stuffed animal dog toys, dog chew toy from the manufacturer. Your ideal business solution with Petstar.","og_url":"https:\/\/petproducts.com.cn\/pt\/produto\/stuffed-animal-dog-toy-vendor-black-anteater\/","og_site_name":"Petstar","article_modified_time":"2023-11-24T06:03:47+00:00","og_image":[{"width":800,"height":800,"url":"https:\/\/petproducts.com.cn\/wp-content\/uploads\/2023\/11\/stuffed-animal-dog-toy-1.webp","type":"image\/webp"}],"twitter_card":"summary_large_image","twitter_misc":{"Tempo estimado de leitura":"2 minutos"},"schema":{"@context":"https:\/\/schema.org","@graph":[{"@type":"WebPage","@id":"https:\/\/petproducts.com.cn\/product\/stuffed-animal-dog-toy-vendor-black-anteater\/","url":"https:\/\/petproducts.com.cn\/product\/stuffed-animal-dog-toy-vendor-black-anteater\/","name":"F\u00e1brica de brinquedos de peluche para c\u00e3es | Brinquedos de peluche para c\u00e3es personalizados - Petstar","isPartOf":{"@id":"https:\/\/petproducts.com.cn\/#website"},"primaryImageOfPage":{"@id":"https:\/\/petproducts.com.cn\/product\/stuffed-animal-dog-toy-vendor-black-anteater\/#primaryimage"},"image":{"@id":"https:\/\/petproducts.com.cn\/product\/stuffed-animal-dog-toy-vendor-black-anteater\/#primaryimage"},"thumbnailUrl":"https:\/\/petproducts.com.cn\/wp-content\/uploads\/2023\/11\/stuffed-animal-dog-toy-1.webp","datePublished":"2023-11-24T05:49:00+00:00","dateModified":"2023-11-24T06:03:47+00:00","description":"Explore brinquedos de peluche para c\u00e3es, brinquedos de peluche para c\u00e3es, brinquedos de mastigar para c\u00e3es do fabricante. A sua solu\u00e7\u00e3o de neg\u00f3cio ideal com Petstar.","breadcrumb":{"@id":"https:\/\/petproducts.com.cn\/product\/stuffed-animal-dog-toy-vendor-black-anteater\/#breadcrumb"},"inLanguage":"pt-PT","potentialAction":[{"@type":"ReadAction","target":["https:\/\/petproducts.com.cn\/product\/stuffed-animal-dog-toy-vendor-black-anteater\/"]}]},{"@type":"ImageObject","inLanguage":"pt-PT","@id":"https:\/\/petproducts.com.cn\/product\/stuffed-animal-dog-toy-vendor-black-anteater\/#primaryimage","url":"https:\/\/petproducts.com.cn\/wp-content\/uploads\/2023\/11\/stuffed-animal-dog-toy-1.webp","contentUrl":"https:\/\/petproducts.com.cn\/wp-content\/uploads\/2023\/11\/stuffed-animal-dog-toy-1.webp","width":800,"height":800,"caption":"stuffed animal dog toy"},{"@type":"BreadcrumbList","@id":"https:\/\/petproducts.com.cn\/product\/stuffed-animal-dog-toy-vendor-black-anteater\/#breadcrumb","itemListElement":[{"@type":"ListItem","position":1,"name":"HOME","item":"https:\/\/petproducts.com.cn\/"},{"@type":"ListItem","position":2,"name":"Products","item":"https:\/\/petproducts.com.cn\/shop\/"},{"@type":"ListItem","position":3,"name":"Dog Toys","item":"https:\/\/petproducts.com.cn\/product-category\/dog-toys\/"},{"@type":"ListItem","position":4,"name":"Stuffed Animal Dog Toy Vendor Black Anteater"}]},{"@type":"WebSite","@id":"https:\/\/petproducts.com.cn\/#website","url":"https:\/\/petproducts.com.cn\/","name":"Petstar","description":"Fabricante l\u00edder de artigos para animais de estima\u00e7\u00e3o e fornecedor de produtos OEM para animais de estima\u00e7\u00e3o","publisher":{"@id":"https:\/\/petproducts.com.cn\/#organization"},"alternateName":"Petstar Pet Supplies","potentialAction":[{"@type":"SearchAction","target":{"@type":"EntryPoint","urlTemplate":"https:\/\/petproducts.com.cn\/?s={search_term_string}"},"query-input":{"@type":"PropertyValueSpecification","valueRequired":true,"valueName":"search_term_string"}}],"inLanguage":"pt-PT"},{"@type":"Organization","@id":"https:\/\/petproducts.com.cn\/#organization","name":"Petstar","url":"https:\/\/petproducts.com.cn\/","logo":{"@type":"ImageObject","inLanguage":"pt-PT","@id":"https:\/\/petproducts.com.cn\/#\/schema\/logo\/image\/","url":"https:\/\/petproducts.com.cn\/wp-content\/uploads\/2020\/02\/petstar-logo.webp","contentUrl":"https:\/\/petproducts.com.cn\/wp-content\/uploads\/2020\/02\/petstar-logo.webp","width":779,"height":520,"caption":"Petstar"},"image":{"@id":"https:\/\/petproducts.com.cn\/#\/schema\/logo\/image\/"}}]}},"_links":{"self":[{"href":"https:\/\/petproducts.com.cn\/pt\/wp-json\/wp\/v2\/product\/16315","targetHints":{"allow":["GET"]}}],"collection":[{"href":"https:\/\/petproducts.com.cn\/pt\/wp-json\/wp\/v2\/product"}],"about":[{"href":"https:\/\/petproducts.com.cn\/pt\/wp-json\/wp\/v2\/types\/product"}],"version-history":[{"count":1,"href":"https:\/\/petproducts.com.cn\/pt\/wp-json\/wp\/v2\/product\/16315\/revisions"}],"predecessor-version":[{"id":16322,"href":"https:\/\/petproducts.com.cn\/pt\/wp-json\/wp\/v2\/product\/16315\/revisions\/16322"}],"wp:featuredmedia":[{"embeddable":true,"href":"https:\/\/petproducts.com.cn\/pt\/wp-json\/wp\/v2\/media\/16320"}],"wp:attachment":[{"href":"https:\/\/petproducts.com.cn\/pt\/wp-json\/wp\/v2\/media?parent=16315"}],"wp:term":[{"taxonomy":"product_brand","embeddable":true,"href":"https:\/\/petproducts.com.cn\/pt\/wp-json\/wp\/v2\/product_brand?post=16315"},{"taxonomy":"product_cat","embeddable":true,"href":"https:\/\/petproducts.com.cn\/pt\/wp-json\/wp\/v2\/product_cat?post=16315"},{"taxonomy":"product_tag","embeddable":true,"href":"https:\/\/petproducts.com.cn\/pt\/wp-json\/wp\/v2\/product_tag?post=16315"}],"curies":[{"name":"wp","href":"https:\/\/api.w.org\/{rel}","templated":true}]}}