{"id":16346,"date":"2023-11-24T06:59:41","date_gmt":"2023-11-24T06:59:41","guid":{"rendered":"https:\/\/petproducts.com.cn\/?post_type=product&#038;p=16346"},"modified":"2023-11-24T07:26:17","modified_gmt":"2023-11-24T07:26:17","slug":"plush-tough-skunk-dog-toys-company","status":"publish","type":"product","link":"https:\/\/petproducts.com.cn\/pt\/product\/plush-tough-skunk-dog-toys-company\/","title":{"rendered":"Peluche Tough Skunk Dog Toys Company"},"content":{"rendered":"<h2>Petstar: Brinquedos de pel\u00facia personalizados para c\u00e3es com gamb\u00e1<\/h2>\n<p>\u00c0 procura de uma empresa de confian\u00e7a especializada em brinquedos de pel\u00facia personalizados para c\u00e3es? Veio ao s\u00edtio certo! A nossa empresa distingue-se por fornecer brinquedos de alta qualidade e personalizados para c\u00e3es com gamb\u00e1. Eis porque \u00e9 que o nosso servi\u00e7o de produ\u00e7\u00e3o personalizada de brinquedos de peluche para c\u00e3es se destaca:<\/p>\n<h3>A nossa vantagem:<\/h3>\n<ol>\n<li>Design e personaliza\u00e7\u00e3o \u00e0 medida: Oferecemos op\u00e7\u00f5es de design e personaliza\u00e7\u00e3o \u00e0 medida para brinquedos de peluche para c\u00e3es. Quer tenha prefer\u00eancias espec\u00edficas em termos de tamanho, cor ou material, o nosso servi\u00e7o de produ\u00e7\u00e3o est\u00e1 equipado para satisfazer os seus requisitos exclusivos. Ao oferecer designs personalizados, garantimos que cada brinquedo reflecte a vis\u00e3o da sua marca e apela ao seu p\u00fablico-alvo.<\/li>\n<li>Materiais dur\u00e1veis e seguros: Nossos brinquedos de pel\u00facia para c\u00e3es skunk s\u00e3o feitos de materiais premium e dur\u00e1veis, garantindo divers\u00e3o duradoura para animais de estima\u00e7\u00e3o. Damos prioridade \u00e0 utiliza\u00e7\u00e3o de tecidos e materiais resistentes e seguros para animais de estima\u00e7\u00e3o para criar uma experi\u00eancia de jogo fi\u00e1vel e segura. O nosso compromisso com a durabilidade e a seguran\u00e7a distingue o nosso servi\u00e7o de produ\u00e7\u00e3o, dando garantias tanto aos donos dos animais como aos retalhistas.<\/li>\n<li>Carater\u00edsticas envolventes e interactivas: Os nossos brinquedos de pel\u00facia personalizados para c\u00e3es com gamb\u00e1 s\u00e3o fornecidos com carater\u00edsticas envolventes concebidas para estimular os sentidos do c\u00e3o e incentivar h\u00e1bitos de brincadeira saud\u00e1veis. Desde costuras refor\u00e7adas a guinchos escondidos, incorporamos elementos interactivos que tornam o tempo de brincadeira mais excitante e mentalmente estimulante. Estas carater\u00edsticas ajudam a aliviar o t\u00e9dio e a promover o exerc\u00edcio saud\u00e1vel, tornando os nossos brinquedos uma excelente escolha para c\u00e3es activos e inteligentes.<\/li>\n<li>Entrega atempada e pre\u00e7os competitivos: Compreendemos a import\u00e2ncia da entrega atempada e dos pre\u00e7os competitivos para os nossos clientes. O nosso processo de produ\u00e7\u00e3o simplificado e a gest\u00e3o eficiente da cadeia de fornecimento permitem-nos entregar as encomendas atempadamente, sempre. Para al\u00e9m disso, os nossos pre\u00e7os s\u00e3o competitivos, permitindo aos nossos clientes maximizar os seus lucros enquanto oferecem produtos de alta qualidade aos seus clientes.<\/li>\n<\/ol>\n<p>Escolha o nosso servi\u00e7o personalizado de produ\u00e7\u00e3o de brinquedos de pel\u00facia para c\u00e3es com gamb\u00e1 e beneficie de um design personalizado, materiais dur\u00e1veis e seguros, carater\u00edsticas envolventes, entrega atempada e pre\u00e7os competitivos. Contacte-nos hoje para discutir os seus requisitos de produ\u00e7\u00e3o e testemunhar os seus conceitos personalizados de brinquedos de pel\u00facia para c\u00e3es com gamb\u00e1 resistente trazidos \u00e0 vida!<\/p>","protected":false},"excerpt":{"rendered":"<p>Somos um fabricante de brinquedos para c\u00e3es com mais de 20 anos de experi\u00eancia. Oferecemos op\u00e7\u00f5es de personaliza\u00e7\u00e3o para cor, tamanho, tecido, padr\u00e3o, log\u00f3tipo e outras caracter\u00edsticas.<\/p>","protected":false},"featured_media":16350,"template":"","meta":{"_acf_changed":false},"product_brand":[],"product_cat":[72,48],"product_tag":[85],"class_list":{"0":"post-16346","1":"product","2":"type-product","3":"status-publish","4":"has-post-thumbnail","6":"product_cat-dog-supplies","7":"product_cat-dog-toys","8":"product_tag-dog-toys","10":"first","11":"instock","12":"shipping-taxable","13":"product-type-simple"},"acf":[],"yoast_head":"<!-- This site is optimized with the Yoast SEO plugin v27.1.1 - https:\/\/yoast.com\/product\/yoast-seo-wordpress\/ -->\n<title>plush tough dog toys factory | Customdog stuffed animal dog toys - Petstar<\/title>\n<meta name=\"description\" content=\"Explore plush tough dog toys,stuffed animal dog toys, dog chew toy from the manufacturer. Your ideal business solution with Petstar.\" \/>\n<meta name=\"robots\" content=\"index, follow, max-snippet:-1, max-image-preview:large, max-video-preview:-1\" \/>\n<link rel=\"canonical\" href=\"https:\/\/petproducts.com.cn\/pt\/produto\/plush-tough-skunk-dog-toys-company\/\" \/>\n<meta property=\"og:locale\" content=\"pt_PT\" \/>\n<meta property=\"og:type\" content=\"article\" \/>\n<meta property=\"og:title\" content=\"plush tough dog toys factory | Customdog stuffed animal dog toys - Petstar\" \/>\n<meta property=\"og:description\" content=\"Explore plush tough dog toys,stuffed animal dog toys, dog chew toy from the manufacturer. Your ideal business solution with Petstar.\" \/>\n<meta property=\"og:url\" content=\"https:\/\/petproducts.com.cn\/pt\/produto\/plush-tough-skunk-dog-toys-company\/\" \/>\n<meta property=\"og:site_name\" content=\"Petstar\" \/>\n<meta property=\"article:modified_time\" content=\"2023-11-24T07:26:17+00:00\" \/>\n<meta property=\"og:image\" content=\"https:\/\/petproducts.com.cn\/wp-content\/uploads\/2023\/11\/plush-tough-dog-toys.webp\" \/>\n\t<meta property=\"og:image:width\" content=\"800\" \/>\n\t<meta property=\"og:image:height\" content=\"800\" \/>\n\t<meta property=\"og:image:type\" content=\"image\/webp\" \/>\n<meta name=\"twitter:card\" content=\"summary_large_image\" \/>\n<meta name=\"twitter:label1\" content=\"Tempo estimado de leitura\" \/>\n\t<meta name=\"twitter:data1\" content=\"2 minutos\" \/>\n<script type=\"application\/ld+json\" class=\"yoast-schema-graph\">{\"@context\":\"https:\/\/schema.org\",\"@graph\":[{\"@type\":\"WebPage\",\"@id\":\"https:\/\/petproducts.com.cn\/product\/plush-tough-skunk-dog-toys-company\/\",\"url\":\"https:\/\/petproducts.com.cn\/product\/plush-tough-skunk-dog-toys-company\/\",\"name\":\"plush tough dog toys factory | Customdog stuffed animal dog toys - Petstar\",\"isPartOf\":{\"@id\":\"https:\/\/petproducts.com.cn\/#website\"},\"primaryImageOfPage\":{\"@id\":\"https:\/\/petproducts.com.cn\/product\/plush-tough-skunk-dog-toys-company\/#primaryimage\"},\"image\":{\"@id\":\"https:\/\/petproducts.com.cn\/product\/plush-tough-skunk-dog-toys-company\/#primaryimage\"},\"thumbnailUrl\":\"https:\/\/petproducts.com.cn\/wp-content\/uploads\/2023\/11\/plush-tough-dog-toys.webp\",\"datePublished\":\"2023-11-24T06:59:41+00:00\",\"dateModified\":\"2023-11-24T07:26:17+00:00\",\"description\":\"Explore plush tough dog toys,stuffed animal dog toys, dog chew toy from the manufacturer. Your ideal business solution with Petstar.\",\"breadcrumb\":{\"@id\":\"https:\/\/petproducts.com.cn\/product\/plush-tough-skunk-dog-toys-company\/#breadcrumb\"},\"inLanguage\":\"pt-PT\",\"potentialAction\":[{\"@type\":\"ReadAction\",\"target\":[\"https:\/\/petproducts.com.cn\/product\/plush-tough-skunk-dog-toys-company\/\"]}]},{\"@type\":\"ImageObject\",\"inLanguage\":\"pt-PT\",\"@id\":\"https:\/\/petproducts.com.cn\/product\/plush-tough-skunk-dog-toys-company\/#primaryimage\",\"url\":\"https:\/\/petproducts.com.cn\/wp-content\/uploads\/2023\/11\/plush-tough-dog-toys.webp\",\"contentUrl\":\"https:\/\/petproducts.com.cn\/wp-content\/uploads\/2023\/11\/plush-tough-dog-toys.webp\",\"width\":800,\"height\":800,\"caption\":\"plush tough dog toys\"},{\"@type\":\"BreadcrumbList\",\"@id\":\"https:\/\/petproducts.com.cn\/product\/plush-tough-skunk-dog-toys-company\/#breadcrumb\",\"itemListElement\":[{\"@type\":\"ListItem\",\"position\":1,\"name\":\"HOME\",\"item\":\"https:\/\/petproducts.com.cn\/\"},{\"@type\":\"ListItem\",\"position\":2,\"name\":\"Products\",\"item\":\"https:\/\/petproducts.com.cn\/shop\/\"},{\"@type\":\"ListItem\",\"position\":3,\"name\":\"Dog Toys\",\"item\":\"https:\/\/petproducts.com.cn\/product-category\/dog-toys\/\"},{\"@type\":\"ListItem\",\"position\":4,\"name\":\"Plush Tough Skunk Dog Toys Company\"}]},{\"@type\":\"WebSite\",\"@id\":\"https:\/\/petproducts.com.cn\/#website\",\"url\":\"https:\/\/petproducts.com.cn\/\",\"name\":\"Petstar\",\"description\":\"Leading Pet Supplies Manufacturer &amp; OEM Pet Products Supplier\",\"publisher\":{\"@id\":\"https:\/\/petproducts.com.cn\/#organization\"},\"alternateName\":\"Petstar Pet Supplies\",\"potentialAction\":[{\"@type\":\"SearchAction\",\"target\":{\"@type\":\"EntryPoint\",\"urlTemplate\":\"https:\/\/petproducts.com.cn\/?s={search_term_string}\"},\"query-input\":{\"@type\":\"PropertyValueSpecification\",\"valueRequired\":true,\"valueName\":\"search_term_string\"}}],\"inLanguage\":\"pt-PT\"},{\"@type\":\"Organization\",\"@id\":\"https:\/\/petproducts.com.cn\/#organization\",\"name\":\"Petstar\",\"url\":\"https:\/\/petproducts.com.cn\/\",\"logo\":{\"@type\":\"ImageObject\",\"inLanguage\":\"pt-PT\",\"@id\":\"https:\/\/petproducts.com.cn\/#\/schema\/logo\/image\/\",\"url\":\"https:\/\/petproducts.com.cn\/wp-content\/uploads\/2020\/02\/petstar-logo.webp\",\"contentUrl\":\"https:\/\/petproducts.com.cn\/wp-content\/uploads\/2020\/02\/petstar-logo.webp\",\"width\":779,\"height\":520,\"caption\":\"Petstar\"},\"image\":{\"@id\":\"https:\/\/petproducts.com.cn\/#\/schema\/logo\/image\/\"}}]}<\/script>\n<!-- \/ Yoast SEO plugin. -->","yoast_head_json":{"title":"f\u00e1brica de brinquedos de peluche para c\u00e3es - Petstar","description":"Explore brinquedos de pel\u00facia para c\u00e3es, brinquedos de pel\u00facia para c\u00e3es, brinquedos de mastigar para c\u00e3es do fabricante. A sua solu\u00e7\u00e3o de neg\u00f3cio ideal com Petstar.","robots":{"index":"index","follow":"follow","max-snippet":"max-snippet:-1","max-image-preview":"max-image-preview:large","max-video-preview":"max-video-preview:-1"},"canonical":"https:\/\/petproducts.com.cn\/pt\/produto\/plush-tough-skunk-dog-toys-company\/","og_locale":"pt_PT","og_type":"article","og_title":"plush tough dog toys factory | Customdog stuffed animal dog toys - Petstar","og_description":"Explore plush tough dog toys,stuffed animal dog toys, dog chew toy from the manufacturer. Your ideal business solution with Petstar.","og_url":"https:\/\/petproducts.com.cn\/pt\/produto\/plush-tough-skunk-dog-toys-company\/","og_site_name":"Petstar","article_modified_time":"2023-11-24T07:26:17+00:00","og_image":[{"width":800,"height":800,"url":"https:\/\/petproducts.com.cn\/wp-content\/uploads\/2023\/11\/plush-tough-dog-toys.webp","type":"image\/webp"}],"twitter_card":"summary_large_image","twitter_misc":{"Tempo estimado de leitura":"2 minutos"},"schema":{"@context":"https:\/\/schema.org","@graph":[{"@type":"WebPage","@id":"https:\/\/petproducts.com.cn\/product\/plush-tough-skunk-dog-toys-company\/","url":"https:\/\/petproducts.com.cn\/product\/plush-tough-skunk-dog-toys-company\/","name":"f\u00e1brica de brinquedos de peluche para c\u00e3es - Petstar","isPartOf":{"@id":"https:\/\/petproducts.com.cn\/#website"},"primaryImageOfPage":{"@id":"https:\/\/petproducts.com.cn\/product\/plush-tough-skunk-dog-toys-company\/#primaryimage"},"image":{"@id":"https:\/\/petproducts.com.cn\/product\/plush-tough-skunk-dog-toys-company\/#primaryimage"},"thumbnailUrl":"https:\/\/petproducts.com.cn\/wp-content\/uploads\/2023\/11\/plush-tough-dog-toys.webp","datePublished":"2023-11-24T06:59:41+00:00","dateModified":"2023-11-24T07:26:17+00:00","description":"Explore brinquedos de pel\u00facia para c\u00e3es, brinquedos de pel\u00facia para c\u00e3es, brinquedos de mastigar para c\u00e3es do fabricante. A sua solu\u00e7\u00e3o de neg\u00f3cio ideal com Petstar.","breadcrumb":{"@id":"https:\/\/petproducts.com.cn\/product\/plush-tough-skunk-dog-toys-company\/#breadcrumb"},"inLanguage":"pt-PT","potentialAction":[{"@type":"ReadAction","target":["https:\/\/petproducts.com.cn\/product\/plush-tough-skunk-dog-toys-company\/"]}]},{"@type":"ImageObject","inLanguage":"pt-PT","@id":"https:\/\/petproducts.com.cn\/product\/plush-tough-skunk-dog-toys-company\/#primaryimage","url":"https:\/\/petproducts.com.cn\/wp-content\/uploads\/2023\/11\/plush-tough-dog-toys.webp","contentUrl":"https:\/\/petproducts.com.cn\/wp-content\/uploads\/2023\/11\/plush-tough-dog-toys.webp","width":800,"height":800,"caption":"plush tough dog toys"},{"@type":"BreadcrumbList","@id":"https:\/\/petproducts.com.cn\/product\/plush-tough-skunk-dog-toys-company\/#breadcrumb","itemListElement":[{"@type":"ListItem","position":1,"name":"HOME","item":"https:\/\/petproducts.com.cn\/"},{"@type":"ListItem","position":2,"name":"Products","item":"https:\/\/petproducts.com.cn\/shop\/"},{"@type":"ListItem","position":3,"name":"Dog Toys","item":"https:\/\/petproducts.com.cn\/product-category\/dog-toys\/"},{"@type":"ListItem","position":4,"name":"Plush Tough Skunk Dog Toys Company"}]},{"@type":"WebSite","@id":"https:\/\/petproducts.com.cn\/#website","url":"https:\/\/petproducts.com.cn\/","name":"Petstar","description":"Fabricante l\u00edder de artigos para animais de estima\u00e7\u00e3o e fornecedor de produtos OEM para animais de estima\u00e7\u00e3o","publisher":{"@id":"https:\/\/petproducts.com.cn\/#organization"},"alternateName":"Petstar Pet Supplies","potentialAction":[{"@type":"SearchAction","target":{"@type":"EntryPoint","urlTemplate":"https:\/\/petproducts.com.cn\/?s={search_term_string}"},"query-input":{"@type":"PropertyValueSpecification","valueRequired":true,"valueName":"search_term_string"}}],"inLanguage":"pt-PT"},{"@type":"Organization","@id":"https:\/\/petproducts.com.cn\/#organization","name":"Petstar","url":"https:\/\/petproducts.com.cn\/","logo":{"@type":"ImageObject","inLanguage":"pt-PT","@id":"https:\/\/petproducts.com.cn\/#\/schema\/logo\/image\/","url":"https:\/\/petproducts.com.cn\/wp-content\/uploads\/2020\/02\/petstar-logo.webp","contentUrl":"https:\/\/petproducts.com.cn\/wp-content\/uploads\/2020\/02\/petstar-logo.webp","width":779,"height":520,"caption":"Petstar"},"image":{"@id":"https:\/\/petproducts.com.cn\/#\/schema\/logo\/image\/"}}]}},"_links":{"self":[{"href":"https:\/\/petproducts.com.cn\/pt\/wp-json\/wp\/v2\/product\/16346","targetHints":{"allow":["GET"]}}],"collection":[{"href":"https:\/\/petproducts.com.cn\/pt\/wp-json\/wp\/v2\/product"}],"about":[{"href":"https:\/\/petproducts.com.cn\/pt\/wp-json\/wp\/v2\/types\/product"}],"version-history":[{"count":3,"href":"https:\/\/petproducts.com.cn\/pt\/wp-json\/wp\/v2\/product\/16346\/revisions"}],"predecessor-version":[{"id":16366,"href":"https:\/\/petproducts.com.cn\/pt\/wp-json\/wp\/v2\/product\/16346\/revisions\/16366"}],"wp:featuredmedia":[{"embeddable":true,"href":"https:\/\/petproducts.com.cn\/pt\/wp-json\/wp\/v2\/media\/16350"}],"wp:attachment":[{"href":"https:\/\/petproducts.com.cn\/pt\/wp-json\/wp\/v2\/media?parent=16346"}],"wp:term":[{"taxonomy":"product_brand","embeddable":true,"href":"https:\/\/petproducts.com.cn\/pt\/wp-json\/wp\/v2\/product_brand?post=16346"},{"taxonomy":"product_cat","embeddable":true,"href":"https:\/\/petproducts.com.cn\/pt\/wp-json\/wp\/v2\/product_cat?post=16346"},{"taxonomy":"product_tag","embeddable":true,"href":"https:\/\/petproducts.com.cn\/pt\/wp-json\/wp\/v2\/product_tag?post=16346"}],"curies":[{"name":"wp","href":"https:\/\/api.w.org\/{rel}","templated":true}]}}