{"id":16367,"date":"2023-11-24T07:26:37","date_gmt":"2023-11-24T07:26:37","guid":{"rendered":"https:\/\/petproducts.com.cn\/?post_type=product&#038;p=16367"},"modified":"2023-11-24T07:36:55","modified_gmt":"2023-11-24T07:36:55","slug":"red-panda-planet-dog-toy-woven-fabric","status":"publish","type":"product","link":"https:\/\/petproducts.com.cn\/pt\/product\/red-panda-planet-dog-toy-woven-fabric\/","title":{"rendered":"Brinquedo para c\u00e3o Red Panda Planet Tecido"},"content":{"rendered":"<h2>Petstar: Brinquedos personalizados para c\u00e3es do Planeta Panda Vermelho<\/h2>\n<p>Est\u00e1 \u00e0 procura de uma empresa de confian\u00e7a especializada em brinquedos personalizados para c\u00e3es do Red Panda Planet? N\u00e3o procure mais! A nossa empresa oferece brinquedos personalizados de alta qualidade para c\u00e3es do planeta panda vermelho, tecidos com cuidado. Eis porque \u00e9 que o nosso servi\u00e7o de produ\u00e7\u00e3o personalizada de brinquedos para c\u00e3es panda vermelho se destaca:<\/p>\n<h3>A nossa vantagem:<\/h3>\n<ol>\n<li>Design e personaliza\u00e7\u00e3o \u00e0 medida: Para al\u00e9m das nossas carater\u00edsticas envolventes, oferecemos op\u00e7\u00f5es de design e personaliza\u00e7\u00e3o \u00e0 medida para os brinquedos para c\u00e3es Red Panda Planet. O nosso servi\u00e7o de produ\u00e7\u00e3o pode atender \u00e0s suas prefer\u00eancias espec\u00edficas de tamanho, cor e material, criando um brinquedo \u00fanico e personalizado que reflicta a vis\u00e3o da sua marca e que se identifique com o seu p\u00fablico-alvo.<\/li>\n<li>Constru\u00e7\u00e3o em tecido: Os nossos brinquedos para c\u00e3es do planeta panda vermelho s\u00e3o fabricados em tecido de alta qualidade, garantindo durabilidade e conforto para os animais de estima\u00e7\u00e3o. Damos prioridade \u00e0 utiliza\u00e7\u00e3o de materiais n\u00e3o t\u00f3xicos e seguros para animais de estima\u00e7\u00e3o para criar uma experi\u00eancia de jogo fi\u00e1vel e agrad\u00e1vel. O nosso compromisso com a qualidade da constru\u00e7\u00e3o em tecido distingue o nosso servi\u00e7o de produ\u00e7\u00e3o, proporcionando tranquilidade tanto aos donos de animais de estima\u00e7\u00e3o como aos retalhistas.<\/li>\n<li>Carater\u00edsticas de jogo cativantes: Os nossos brinquedos personalizados Red Panda Planet para c\u00e3es oferecem carater\u00edsticas envolventes concebidas para estimular os sentidos do seu c\u00e3o e promover h\u00e1bitos de brincadeira saud\u00e1veis. Com estas carater\u00edsticas, n\u00e3o s\u00f3 aliviam o t\u00e9dio como tamb\u00e9m incentivam o exerc\u00edcio saud\u00e1vel, tornando os nossos brinquedos perfeitos para c\u00e3es activos e inteligentes.<\/li>\n<li>Entrega atempada e pre\u00e7os competitivos: Compreendemos a import\u00e2ncia da entrega atempada e dos pre\u00e7os competitivos quando se trata de satisfazer as necessidades dos nossos clientes. O nosso processo de produ\u00e7\u00e3o simplificado e a gest\u00e3o eficiente da cadeia de fornecimento permitem-nos entregar as encomendas atempadamente, sempre. Al\u00e9m disso, os nossos pre\u00e7os s\u00e3o competitivos, permitindo que os nossos clientes maximizem os seus lucros enquanto fornecem produtos de alta qualidade aos seus clientes.<\/li>\n<\/ol>\n<p>Escolha o nosso servi\u00e7o de produ\u00e7\u00e3o de brinquedos personalizados para c\u00e3es do planeta panda vermelho e beneficie de um design personalizado, de uma constru\u00e7\u00e3o em tecido de alta qualidade, de carater\u00edsticas cativantes, de uma entrega atempada e de pre\u00e7os competitivos. Contacte-nos hoje para discutir os seus requisitos de produ\u00e7\u00e3o e deixe-nos dar vida \u00e0s suas ideias personalizadas de brinquedos para c\u00e3es do planeta panda vermelho!<\/p>","protected":false},"excerpt":{"rendered":"<p>Somos um fabricante de brinquedos para c\u00e3es com mais de 20 anos de experi\u00eancia. Oferecemos op\u00e7\u00f5es de personaliza\u00e7\u00e3o para cor, tamanho, tecido, padr\u00e3o, log\u00f3tipo e outras caracter\u00edsticas.<\/p>","protected":false},"featured_media":16377,"template":"","meta":{"_acf_changed":false},"product_brand":[],"product_cat":[72,48],"product_tag":[85],"class_list":{"0":"post-16367","1":"product","2":"type-product","3":"status-publish","4":"has-post-thumbnail","6":"product_cat-dog-supplies","7":"product_cat-dog-toys","8":"product_tag-dog-toys","10":"first","11":"instock","12":"shipping-taxable","13":"product-type-simple"},"acf":[],"yoast_head":"<!-- This site is optimized with the Yoast SEO plugin v27.1.1 - https:\/\/yoast.com\/product\/yoast-seo-wordpress\/ -->\n<title>red panda dog toy factory | Customdog stuffed animal dog toys - Petstar<\/title>\n<meta name=\"description\" content=\"Explore red panda dog toy,stuffed animal dog toys, dog chew toy from the manufacturer. Your ideal business solution with Petstar.\" \/>\n<meta name=\"robots\" content=\"index, follow, max-snippet:-1, max-image-preview:large, max-video-preview:-1\" \/>\n<link rel=\"canonical\" href=\"https:\/\/petproducts.com.cn\/pt\/produto\/red-panda-planet-dog-toy-woven-fabric\/\" \/>\n<meta property=\"og:locale\" content=\"pt_PT\" \/>\n<meta property=\"og:type\" content=\"article\" \/>\n<meta property=\"og:title\" content=\"red panda dog toy factory | Customdog stuffed animal dog toys - Petstar\" \/>\n<meta property=\"og:description\" content=\"Explore red panda dog toy,stuffed animal dog toys, dog chew toy from the manufacturer. Your ideal business solution with Petstar.\" \/>\n<meta property=\"og:url\" content=\"https:\/\/petproducts.com.cn\/pt\/produto\/red-panda-planet-dog-toy-woven-fabric\/\" \/>\n<meta property=\"og:site_name\" content=\"Petstar\" \/>\n<meta property=\"article:modified_time\" content=\"2023-11-24T07:36:55+00:00\" \/>\n<meta property=\"og:image\" content=\"https:\/\/petproducts.com.cn\/wp-content\/uploads\/2023\/11\/red-panda-dog-toy.webp\" \/>\n\t<meta property=\"og:image:width\" content=\"800\" \/>\n\t<meta property=\"og:image:height\" content=\"800\" \/>\n\t<meta property=\"og:image:type\" content=\"image\/webp\" \/>\n<meta name=\"twitter:card\" content=\"summary_large_image\" \/>\n<meta name=\"twitter:label1\" content=\"Tempo estimado de leitura\" \/>\n\t<meta name=\"twitter:data1\" content=\"2 minutos\" \/>\n<script type=\"application\/ld+json\" class=\"yoast-schema-graph\">{\"@context\":\"https:\/\/schema.org\",\"@graph\":[{\"@type\":\"WebPage\",\"@id\":\"https:\/\/petproducts.com.cn\/product\/red-panda-planet-dog-toy-woven-fabric\/\",\"url\":\"https:\/\/petproducts.com.cn\/product\/red-panda-planet-dog-toy-woven-fabric\/\",\"name\":\"red panda dog toy factory | Customdog stuffed animal dog toys - Petstar\",\"isPartOf\":{\"@id\":\"https:\/\/petproducts.com.cn\/#website\"},\"primaryImageOfPage\":{\"@id\":\"https:\/\/petproducts.com.cn\/product\/red-panda-planet-dog-toy-woven-fabric\/#primaryimage\"},\"image\":{\"@id\":\"https:\/\/petproducts.com.cn\/product\/red-panda-planet-dog-toy-woven-fabric\/#primaryimage\"},\"thumbnailUrl\":\"https:\/\/petproducts.com.cn\/wp-content\/uploads\/2023\/11\/red-panda-dog-toy.webp\",\"datePublished\":\"2023-11-24T07:26:37+00:00\",\"dateModified\":\"2023-11-24T07:36:55+00:00\",\"description\":\"Explore red panda dog toy,stuffed animal dog toys, dog chew toy from the manufacturer. Your ideal business solution with Petstar.\",\"breadcrumb\":{\"@id\":\"https:\/\/petproducts.com.cn\/product\/red-panda-planet-dog-toy-woven-fabric\/#breadcrumb\"},\"inLanguage\":\"pt-PT\",\"potentialAction\":[{\"@type\":\"ReadAction\",\"target\":[\"https:\/\/petproducts.com.cn\/product\/red-panda-planet-dog-toy-woven-fabric\/\"]}]},{\"@type\":\"ImageObject\",\"inLanguage\":\"pt-PT\",\"@id\":\"https:\/\/petproducts.com.cn\/product\/red-panda-planet-dog-toy-woven-fabric\/#primaryimage\",\"url\":\"https:\/\/petproducts.com.cn\/wp-content\/uploads\/2023\/11\/red-panda-dog-toy.webp\",\"contentUrl\":\"https:\/\/petproducts.com.cn\/wp-content\/uploads\/2023\/11\/red-panda-dog-toy.webp\",\"width\":800,\"height\":800,\"caption\":\"red panda dog toy\"},{\"@type\":\"BreadcrumbList\",\"@id\":\"https:\/\/petproducts.com.cn\/product\/red-panda-planet-dog-toy-woven-fabric\/#breadcrumb\",\"itemListElement\":[{\"@type\":\"ListItem\",\"position\":1,\"name\":\"HOME\",\"item\":\"https:\/\/petproducts.com.cn\/\"},{\"@type\":\"ListItem\",\"position\":2,\"name\":\"Products\",\"item\":\"https:\/\/petproducts.com.cn\/shop\/\"},{\"@type\":\"ListItem\",\"position\":3,\"name\":\"Dog Toys\",\"item\":\"https:\/\/petproducts.com.cn\/product-category\/dog-toys\/\"},{\"@type\":\"ListItem\",\"position\":4,\"name\":\"Red Panda Planet Dog Toy Woven Fabric\"}]},{\"@type\":\"WebSite\",\"@id\":\"https:\/\/petproducts.com.cn\/#website\",\"url\":\"https:\/\/petproducts.com.cn\/\",\"name\":\"Petstar\",\"description\":\"Leading Pet Supplies Manufacturer &amp; OEM Pet Products Supplier\",\"publisher\":{\"@id\":\"https:\/\/petproducts.com.cn\/#organization\"},\"alternateName\":\"Petstar Pet Supplies\",\"potentialAction\":[{\"@type\":\"SearchAction\",\"target\":{\"@type\":\"EntryPoint\",\"urlTemplate\":\"https:\/\/petproducts.com.cn\/?s={search_term_string}\"},\"query-input\":{\"@type\":\"PropertyValueSpecification\",\"valueRequired\":true,\"valueName\":\"search_term_string\"}}],\"inLanguage\":\"pt-PT\"},{\"@type\":\"Organization\",\"@id\":\"https:\/\/petproducts.com.cn\/#organization\",\"name\":\"Petstar\",\"url\":\"https:\/\/petproducts.com.cn\/\",\"logo\":{\"@type\":\"ImageObject\",\"inLanguage\":\"pt-PT\",\"@id\":\"https:\/\/petproducts.com.cn\/#\/schema\/logo\/image\/\",\"url\":\"https:\/\/petproducts.com.cn\/wp-content\/uploads\/2020\/02\/petstar-logo.webp\",\"contentUrl\":\"https:\/\/petproducts.com.cn\/wp-content\/uploads\/2020\/02\/petstar-logo.webp\",\"width\":779,\"height\":520,\"caption\":\"Petstar\"},\"image\":{\"@id\":\"https:\/\/petproducts.com.cn\/#\/schema\/logo\/image\/\"}}]}<\/script>\n<!-- \/ Yoast SEO plugin. -->","yoast_head_json":{"title":"F\u00e1brica de brinquedos para c\u00e3es panda vermelho | Brinquedos de peluche personalizados para c\u00e3es - Petstar","description":"Explore o brinquedo do c\u00e3o panda vermelho, brinquedos de peluche para c\u00e3es, brinquedos de mastigar para c\u00e3es do fabricante. A sua solu\u00e7\u00e3o de neg\u00f3cio ideal com Petstar.","robots":{"index":"index","follow":"follow","max-snippet":"max-snippet:-1","max-image-preview":"max-image-preview:large","max-video-preview":"max-video-preview:-1"},"canonical":"https:\/\/petproducts.com.cn\/pt\/produto\/red-panda-planet-dog-toy-woven-fabric\/","og_locale":"pt_PT","og_type":"article","og_title":"red panda dog toy factory | Customdog stuffed animal dog toys - Petstar","og_description":"Explore red panda dog toy,stuffed animal dog toys, dog chew toy from the manufacturer. Your ideal business solution with Petstar.","og_url":"https:\/\/petproducts.com.cn\/pt\/produto\/red-panda-planet-dog-toy-woven-fabric\/","og_site_name":"Petstar","article_modified_time":"2023-11-24T07:36:55+00:00","og_image":[{"width":800,"height":800,"url":"https:\/\/petproducts.com.cn\/wp-content\/uploads\/2023\/11\/red-panda-dog-toy.webp","type":"image\/webp"}],"twitter_card":"summary_large_image","twitter_misc":{"Tempo estimado de leitura":"2 minutos"},"schema":{"@context":"https:\/\/schema.org","@graph":[{"@type":"WebPage","@id":"https:\/\/petproducts.com.cn\/product\/red-panda-planet-dog-toy-woven-fabric\/","url":"https:\/\/petproducts.com.cn\/product\/red-panda-planet-dog-toy-woven-fabric\/","name":"F\u00e1brica de brinquedos para c\u00e3es panda vermelho | Brinquedos de peluche personalizados para c\u00e3es - Petstar","isPartOf":{"@id":"https:\/\/petproducts.com.cn\/#website"},"primaryImageOfPage":{"@id":"https:\/\/petproducts.com.cn\/product\/red-panda-planet-dog-toy-woven-fabric\/#primaryimage"},"image":{"@id":"https:\/\/petproducts.com.cn\/product\/red-panda-planet-dog-toy-woven-fabric\/#primaryimage"},"thumbnailUrl":"https:\/\/petproducts.com.cn\/wp-content\/uploads\/2023\/11\/red-panda-dog-toy.webp","datePublished":"2023-11-24T07:26:37+00:00","dateModified":"2023-11-24T07:36:55+00:00","description":"Explore o brinquedo do c\u00e3o panda vermelho, brinquedos de peluche para c\u00e3es, brinquedos de mastigar para c\u00e3es do fabricante. A sua solu\u00e7\u00e3o de neg\u00f3cio ideal com Petstar.","breadcrumb":{"@id":"https:\/\/petproducts.com.cn\/product\/red-panda-planet-dog-toy-woven-fabric\/#breadcrumb"},"inLanguage":"pt-PT","potentialAction":[{"@type":"ReadAction","target":["https:\/\/petproducts.com.cn\/product\/red-panda-planet-dog-toy-woven-fabric\/"]}]},{"@type":"ImageObject","inLanguage":"pt-PT","@id":"https:\/\/petproducts.com.cn\/product\/red-panda-planet-dog-toy-woven-fabric\/#primaryimage","url":"https:\/\/petproducts.com.cn\/wp-content\/uploads\/2023\/11\/red-panda-dog-toy.webp","contentUrl":"https:\/\/petproducts.com.cn\/wp-content\/uploads\/2023\/11\/red-panda-dog-toy.webp","width":800,"height":800,"caption":"red panda dog toy"},{"@type":"BreadcrumbList","@id":"https:\/\/petproducts.com.cn\/product\/red-panda-planet-dog-toy-woven-fabric\/#breadcrumb","itemListElement":[{"@type":"ListItem","position":1,"name":"HOME","item":"https:\/\/petproducts.com.cn\/"},{"@type":"ListItem","position":2,"name":"Products","item":"https:\/\/petproducts.com.cn\/shop\/"},{"@type":"ListItem","position":3,"name":"Dog Toys","item":"https:\/\/petproducts.com.cn\/product-category\/dog-toys\/"},{"@type":"ListItem","position":4,"name":"Red Panda Planet Dog Toy Woven Fabric"}]},{"@type":"WebSite","@id":"https:\/\/petproducts.com.cn\/#website","url":"https:\/\/petproducts.com.cn\/","name":"Petstar","description":"Fabricante l\u00edder de artigos para animais de estima\u00e7\u00e3o e fornecedor de produtos OEM para animais de estima\u00e7\u00e3o","publisher":{"@id":"https:\/\/petproducts.com.cn\/#organization"},"alternateName":"Petstar Pet Supplies","potentialAction":[{"@type":"SearchAction","target":{"@type":"EntryPoint","urlTemplate":"https:\/\/petproducts.com.cn\/?s={search_term_string}"},"query-input":{"@type":"PropertyValueSpecification","valueRequired":true,"valueName":"search_term_string"}}],"inLanguage":"pt-PT"},{"@type":"Organization","@id":"https:\/\/petproducts.com.cn\/#organization","name":"Petstar","url":"https:\/\/petproducts.com.cn\/","logo":{"@type":"ImageObject","inLanguage":"pt-PT","@id":"https:\/\/petproducts.com.cn\/#\/schema\/logo\/image\/","url":"https:\/\/petproducts.com.cn\/wp-content\/uploads\/2020\/02\/petstar-logo.webp","contentUrl":"https:\/\/petproducts.com.cn\/wp-content\/uploads\/2020\/02\/petstar-logo.webp","width":779,"height":520,"caption":"Petstar"},"image":{"@id":"https:\/\/petproducts.com.cn\/#\/schema\/logo\/image\/"}}]}},"_links":{"self":[{"href":"https:\/\/petproducts.com.cn\/pt\/wp-json\/wp\/v2\/product\/16367","targetHints":{"allow":["GET"]}}],"collection":[{"href":"https:\/\/petproducts.com.cn\/pt\/wp-json\/wp\/v2\/product"}],"about":[{"href":"https:\/\/petproducts.com.cn\/pt\/wp-json\/wp\/v2\/types\/product"}],"version-history":[{"count":1,"href":"https:\/\/petproducts.com.cn\/pt\/wp-json\/wp\/v2\/product\/16367\/revisions"}],"predecessor-version":[{"id":16380,"href":"https:\/\/petproducts.com.cn\/pt\/wp-json\/wp\/v2\/product\/16367\/revisions\/16380"}],"wp:featuredmedia":[{"embeddable":true,"href":"https:\/\/petproducts.com.cn\/pt\/wp-json\/wp\/v2\/media\/16377"}],"wp:attachment":[{"href":"https:\/\/petproducts.com.cn\/pt\/wp-json\/wp\/v2\/media?parent=16367"}],"wp:term":[{"taxonomy":"product_brand","embeddable":true,"href":"https:\/\/petproducts.com.cn\/pt\/wp-json\/wp\/v2\/product_brand?post=16367"},{"taxonomy":"product_cat","embeddable":true,"href":"https:\/\/petproducts.com.cn\/pt\/wp-json\/wp\/v2\/product_cat?post=16367"},{"taxonomy":"product_tag","embeddable":true,"href":"https:\/\/petproducts.com.cn\/pt\/wp-json\/wp\/v2\/product_tag?post=16367"}],"curies":[{"name":"wp","href":"https:\/\/api.w.org\/{rel}","templated":true}]}}