{"id":16465,"date":"2023-11-27T07:19:59","date_gmt":"2023-11-27T07:19:59","guid":{"rendered":"https:\/\/petproducts.com.cn\/?post_type=product&#038;p=16465"},"modified":"2023-11-27T08:08:04","modified_gmt":"2023-11-27T08:08:04","slug":"durable-dog-bed-big-comfy-dog-beds","status":"publish","type":"product","link":"https:\/\/petproducts.com.cn\/pt\/product\/durable-dog-bed-big-comfy-dog-beds\/","title":{"rendered":"Cama para c\u00e3es dur\u00e1vel Camas para c\u00e3es grandes e confort\u00e1veis"},"content":{"rendered":"<h2>Carater\u00edsticas da cama para c\u00e3es dur\u00e1vel<\/h2>\n<ol>\n<li><strong>Tecido Sumptuous Chenille:<\/strong> Mergulhe o seu animal de estima\u00e7\u00e3o na suavidade inigual\u00e1vel do tecido chenille. Este material de primeira qualidade n\u00e3o s\u00f3 oferece um toque de pel\u00facia, como tamb\u00e9m d\u00e1 um toque de opul\u00eancia \u00e0 sua casa. Mime o seu animal de estima\u00e7\u00e3o com o conforto luxuoso da nossa cama para c\u00e3es duradoura.<\/li>\n<li><strong>Almofada de algod\u00e3o macio para maior conforto:<\/strong> Eleve a experi\u00eancia de repouso do seu animal de estima\u00e7\u00e3o com a suavidade de uma almofada de algod\u00e3o felpudo. A nossa cama para c\u00e3es grandes est\u00e1 equipada com uma almofada que garante um apoio ideal, permitindo que o seu companheiro peludo se afunde num mundo de suavidade e aconchego.<\/li>\n<li><strong>Calor e suavidade:<\/strong> A combina\u00e7\u00e3o perfeita entre o tecido chenille e a almofada de algod\u00e3o felpudo cria um ref\u00fagio quente e convidativo para o seu animal de estima\u00e7\u00e3o. Veja como ele se enrola em puro contentamento, desfrutando do calor irresist\u00edvel e da suavidade do seu ref\u00fagio de pel\u00facia.<\/li>\n<li><strong>Fundo antiderrapante:<\/strong> Diga adeus ao inc\u00f3modo de as camas para animais escorregarem! A Durable Pet Bed possui um fundo antiderrapante, garantindo estabilidade em v\u00e1rias superf\u00edcies. O seu animal de estima\u00e7\u00e3o pode mover-se livremente sem que a cama se desloque, proporcionando um descanso seguro e sem perturba\u00e7\u00f5es.<\/li>\n<li><strong>Tamanho generoso e design amov\u00edvel:<\/strong> Reconhecendo as diversas necessidades dos animais de estima\u00e7\u00e3o, a nossa cama para c\u00e3es Big Comfy vem num tamanho grande, oferecendo um amplo espa\u00e7o para o seu amigo peludo se esticar confortavelmente. Al\u00e9m disso, o design amov\u00edvel permite uma limpeza f\u00e1cil, garantindo um espa\u00e7o fresco e convidativo para o seu animal de estima\u00e7\u00e3o.<\/li>\n<\/ol>","protected":false},"excerpt":{"rendered":"<p>Somos fabricantes de camas para animais de estima\u00e7\u00e3o com mais de 20 anos de experi\u00eancia. Oferecemos op\u00e7\u00f5es de personaliza\u00e7\u00e3o de cor, tamanho, tecido, padr\u00e3o, logotipo e outros recursos.<\/p>","protected":false},"featured_media":16503,"template":"","meta":{"_acf_changed":false},"product_brand":[],"product_cat":[57,72],"product_tag":[75],"class_list":{"0":"post-16465","1":"product","2":"type-product","3":"status-publish","4":"has-post-thumbnail","6":"product_cat-dog-beds","7":"product_cat-dog-supplies","8":"product_tag-dog-beds","10":"first","11":"instock","12":"shipping-taxable","13":"product-type-simple"},"acf":[],"yoast_head":"<!-- This site is optimized with the Yoast SEO plugin v27.1.1 - https:\/\/yoast.com\/product\/yoast-seo-wordpress\/ -->\n<title>Durable Dog Bed | Customized Big Comfy Dog Beds - Petstar<\/title>\n<meta name=\"description\" content=\"Explore durable dog bed, big comfy dog beds, dog bed big from the manufacturer. Your ideal business solution with Petstar.\" \/>\n<meta name=\"robots\" content=\"index, follow, max-snippet:-1, max-image-preview:large, max-video-preview:-1\" \/>\n<link rel=\"canonical\" href=\"https:\/\/petproducts.com.cn\/pt\/produto\/durable-dog-bed-big-comfy-dog-beds\/\" \/>\n<meta property=\"og:locale\" content=\"pt_PT\" \/>\n<meta property=\"og:type\" content=\"article\" \/>\n<meta property=\"og:title\" content=\"Durable Dog Bed | Customized Big Comfy Dog Beds - Petstar\" \/>\n<meta property=\"og:description\" content=\"Explore durable dog bed, big comfy dog beds, dog bed big from the manufacturer. Your ideal business solution with Petstar.\" \/>\n<meta property=\"og:url\" content=\"https:\/\/petproducts.com.cn\/pt\/produto\/durable-dog-bed-big-comfy-dog-beds\/\" \/>\n<meta property=\"og:site_name\" content=\"Petstar\" \/>\n<meta property=\"article:modified_time\" content=\"2023-11-27T08:08:04+00:00\" \/>\n<meta property=\"og:image\" content=\"https:\/\/petproducts.com.cn\/wp-content\/uploads\/2023\/11\/durable-dog-bed.webp\" \/>\n\t<meta property=\"og:image:width\" content=\"1000\" \/>\n\t<meta property=\"og:image:height\" content=\"1000\" \/>\n\t<meta property=\"og:image:type\" content=\"image\/webp\" \/>\n<meta name=\"twitter:card\" content=\"summary_large_image\" \/>\n<meta name=\"twitter:label1\" content=\"Tempo estimado de leitura\" \/>\n\t<meta name=\"twitter:data1\" content=\"1 minuto\" \/>\n<script type=\"application\/ld+json\" class=\"yoast-schema-graph\">{\"@context\":\"https:\/\/schema.org\",\"@graph\":[{\"@type\":\"WebPage\",\"@id\":\"https:\/\/petproducts.com.cn\/product\/durable-dog-bed-big-comfy-dog-beds\/\",\"url\":\"https:\/\/petproducts.com.cn\/product\/durable-dog-bed-big-comfy-dog-beds\/\",\"name\":\"Durable Dog Bed | Customized Big Comfy Dog Beds - Petstar\",\"isPartOf\":{\"@id\":\"https:\/\/petproducts.com.cn\/#website\"},\"primaryImageOfPage\":{\"@id\":\"https:\/\/petproducts.com.cn\/product\/durable-dog-bed-big-comfy-dog-beds\/#primaryimage\"},\"image\":{\"@id\":\"https:\/\/petproducts.com.cn\/product\/durable-dog-bed-big-comfy-dog-beds\/#primaryimage\"},\"thumbnailUrl\":\"https:\/\/petproducts.com.cn\/wp-content\/uploads\/2023\/11\/durable-dog-bed.webp\",\"datePublished\":\"2023-11-27T07:19:59+00:00\",\"dateModified\":\"2023-11-27T08:08:04+00:00\",\"description\":\"Explore durable dog bed, big comfy dog beds, dog bed big from the manufacturer. Your ideal business solution with Petstar.\",\"breadcrumb\":{\"@id\":\"https:\/\/petproducts.com.cn\/product\/durable-dog-bed-big-comfy-dog-beds\/#breadcrumb\"},\"inLanguage\":\"pt-PT\",\"potentialAction\":[{\"@type\":\"ReadAction\",\"target\":[\"https:\/\/petproducts.com.cn\/product\/durable-dog-bed-big-comfy-dog-beds\/\"]}]},{\"@type\":\"ImageObject\",\"inLanguage\":\"pt-PT\",\"@id\":\"https:\/\/petproducts.com.cn\/product\/durable-dog-bed-big-comfy-dog-beds\/#primaryimage\",\"url\":\"https:\/\/petproducts.com.cn\/wp-content\/uploads\/2023\/11\/durable-dog-bed.webp\",\"contentUrl\":\"https:\/\/petproducts.com.cn\/wp-content\/uploads\/2023\/11\/durable-dog-bed.webp\",\"width\":1000,\"height\":1000,\"caption\":\"durable dog bed\"},{\"@type\":\"BreadcrumbList\",\"@id\":\"https:\/\/petproducts.com.cn\/product\/durable-dog-bed-big-comfy-dog-beds\/#breadcrumb\",\"itemListElement\":[{\"@type\":\"ListItem\",\"position\":1,\"name\":\"HOME\",\"item\":\"https:\/\/petproducts.com.cn\/\"},{\"@type\":\"ListItem\",\"position\":2,\"name\":\"Products\",\"item\":\"https:\/\/petproducts.com.cn\/shop\/\"},{\"@type\":\"ListItem\",\"position\":3,\"name\":\"Dog Beds\",\"item\":\"https:\/\/petproducts.com.cn\/product-category\/dog-beds\/\"},{\"@type\":\"ListItem\",\"position\":4,\"name\":\"Durable Dog Bed Big Comfy Dog Beds\"}]},{\"@type\":\"WebSite\",\"@id\":\"https:\/\/petproducts.com.cn\/#website\",\"url\":\"https:\/\/petproducts.com.cn\/\",\"name\":\"Petstar\",\"description\":\"Leading Pet Supplies Manufacturer &amp; OEM Pet Products Supplier\",\"publisher\":{\"@id\":\"https:\/\/petproducts.com.cn\/#organization\"},\"alternateName\":\"Petstar Pet Supplies\",\"potentialAction\":[{\"@type\":\"SearchAction\",\"target\":{\"@type\":\"EntryPoint\",\"urlTemplate\":\"https:\/\/petproducts.com.cn\/?s={search_term_string}\"},\"query-input\":{\"@type\":\"PropertyValueSpecification\",\"valueRequired\":true,\"valueName\":\"search_term_string\"}}],\"inLanguage\":\"pt-PT\"},{\"@type\":\"Organization\",\"@id\":\"https:\/\/petproducts.com.cn\/#organization\",\"name\":\"Petstar\",\"url\":\"https:\/\/petproducts.com.cn\/\",\"logo\":{\"@type\":\"ImageObject\",\"inLanguage\":\"pt-PT\",\"@id\":\"https:\/\/petproducts.com.cn\/#\/schema\/logo\/image\/\",\"url\":\"https:\/\/petproducts.com.cn\/wp-content\/uploads\/2020\/02\/petstar-logo.webp\",\"contentUrl\":\"https:\/\/petproducts.com.cn\/wp-content\/uploads\/2020\/02\/petstar-logo.webp\",\"width\":779,\"height\":520,\"caption\":\"Petstar\"},\"image\":{\"@id\":\"https:\/\/petproducts.com.cn\/#\/schema\/logo\/image\/\"}}]}<\/script>\n<!-- \/ Yoast SEO plugin. -->","yoast_head_json":{"title":"Cama de c\u00e3o dur\u00e1vel | Camas de c\u00e3o grandes e confort\u00e1veis personalizadas - Petstar","description":"Explorar cama de c\u00e3o dur\u00e1vel, camas de c\u00e3o grandes e confort\u00e1veis, cama de c\u00e3o grande do fabricante. A sua solu\u00e7\u00e3o comercial ideal com Petstar.","robots":{"index":"index","follow":"follow","max-snippet":"max-snippet:-1","max-image-preview":"max-image-preview:large","max-video-preview":"max-video-preview:-1"},"canonical":"https:\/\/petproducts.com.cn\/pt\/produto\/durable-dog-bed-big-comfy-dog-beds\/","og_locale":"pt_PT","og_type":"article","og_title":"Durable Dog Bed | Customized Big Comfy Dog Beds - Petstar","og_description":"Explore durable dog bed, big comfy dog beds, dog bed big from the manufacturer. Your ideal business solution with Petstar.","og_url":"https:\/\/petproducts.com.cn\/pt\/produto\/durable-dog-bed-big-comfy-dog-beds\/","og_site_name":"Petstar","article_modified_time":"2023-11-27T08:08:04+00:00","og_image":[{"width":1000,"height":1000,"url":"https:\/\/petproducts.com.cn\/wp-content\/uploads\/2023\/11\/durable-dog-bed.webp","type":"image\/webp"}],"twitter_card":"summary_large_image","twitter_misc":{"Tempo estimado de leitura":"1 minuto"},"schema":{"@context":"https:\/\/schema.org","@graph":[{"@type":"WebPage","@id":"https:\/\/petproducts.com.cn\/product\/durable-dog-bed-big-comfy-dog-beds\/","url":"https:\/\/petproducts.com.cn\/product\/durable-dog-bed-big-comfy-dog-beds\/","name":"Cama de c\u00e3o dur\u00e1vel | Camas de c\u00e3o grandes e confort\u00e1veis personalizadas - Petstar","isPartOf":{"@id":"https:\/\/petproducts.com.cn\/#website"},"primaryImageOfPage":{"@id":"https:\/\/petproducts.com.cn\/product\/durable-dog-bed-big-comfy-dog-beds\/#primaryimage"},"image":{"@id":"https:\/\/petproducts.com.cn\/product\/durable-dog-bed-big-comfy-dog-beds\/#primaryimage"},"thumbnailUrl":"https:\/\/petproducts.com.cn\/wp-content\/uploads\/2023\/11\/durable-dog-bed.webp","datePublished":"2023-11-27T07:19:59+00:00","dateModified":"2023-11-27T08:08:04+00:00","description":"Explorar cama de c\u00e3o dur\u00e1vel, camas de c\u00e3o grandes e confort\u00e1veis, cama de c\u00e3o grande do fabricante. A sua solu\u00e7\u00e3o comercial ideal com Petstar.","breadcrumb":{"@id":"https:\/\/petproducts.com.cn\/product\/durable-dog-bed-big-comfy-dog-beds\/#breadcrumb"},"inLanguage":"pt-PT","potentialAction":[{"@type":"ReadAction","target":["https:\/\/petproducts.com.cn\/product\/durable-dog-bed-big-comfy-dog-beds\/"]}]},{"@type":"ImageObject","inLanguage":"pt-PT","@id":"https:\/\/petproducts.com.cn\/product\/durable-dog-bed-big-comfy-dog-beds\/#primaryimage","url":"https:\/\/petproducts.com.cn\/wp-content\/uploads\/2023\/11\/durable-dog-bed.webp","contentUrl":"https:\/\/petproducts.com.cn\/wp-content\/uploads\/2023\/11\/durable-dog-bed.webp","width":1000,"height":1000,"caption":"durable dog bed"},{"@type":"BreadcrumbList","@id":"https:\/\/petproducts.com.cn\/product\/durable-dog-bed-big-comfy-dog-beds\/#breadcrumb","itemListElement":[{"@type":"ListItem","position":1,"name":"HOME","item":"https:\/\/petproducts.com.cn\/"},{"@type":"ListItem","position":2,"name":"Products","item":"https:\/\/petproducts.com.cn\/shop\/"},{"@type":"ListItem","position":3,"name":"Dog Beds","item":"https:\/\/petproducts.com.cn\/product-category\/dog-beds\/"},{"@type":"ListItem","position":4,"name":"Durable Dog Bed Big Comfy Dog Beds"}]},{"@type":"WebSite","@id":"https:\/\/petproducts.com.cn\/#website","url":"https:\/\/petproducts.com.cn\/","name":"Petstar","description":"Fabricante l\u00edder de artigos para animais de estima\u00e7\u00e3o e fornecedor de produtos OEM para animais de estima\u00e7\u00e3o","publisher":{"@id":"https:\/\/petproducts.com.cn\/#organization"},"alternateName":"Petstar Pet Supplies","potentialAction":[{"@type":"SearchAction","target":{"@type":"EntryPoint","urlTemplate":"https:\/\/petproducts.com.cn\/?s={search_term_string}"},"query-input":{"@type":"PropertyValueSpecification","valueRequired":true,"valueName":"search_term_string"}}],"inLanguage":"pt-PT"},{"@type":"Organization","@id":"https:\/\/petproducts.com.cn\/#organization","name":"Petstar","url":"https:\/\/petproducts.com.cn\/","logo":{"@type":"ImageObject","inLanguage":"pt-PT","@id":"https:\/\/petproducts.com.cn\/#\/schema\/logo\/image\/","url":"https:\/\/petproducts.com.cn\/wp-content\/uploads\/2020\/02\/petstar-logo.webp","contentUrl":"https:\/\/petproducts.com.cn\/wp-content\/uploads\/2020\/02\/petstar-logo.webp","width":779,"height":520,"caption":"Petstar"},"image":{"@id":"https:\/\/petproducts.com.cn\/#\/schema\/logo\/image\/"}}]}},"_links":{"self":[{"href":"https:\/\/petproducts.com.cn\/pt\/wp-json\/wp\/v2\/product\/16465","targetHints":{"allow":["GET"]}}],"collection":[{"href":"https:\/\/petproducts.com.cn\/pt\/wp-json\/wp\/v2\/product"}],"about":[{"href":"https:\/\/petproducts.com.cn\/pt\/wp-json\/wp\/v2\/types\/product"}],"version-history":[{"count":1,"href":"https:\/\/petproducts.com.cn\/pt\/wp-json\/wp\/v2\/product\/16465\/revisions"}],"predecessor-version":[{"id":16504,"href":"https:\/\/petproducts.com.cn\/pt\/wp-json\/wp\/v2\/product\/16465\/revisions\/16504"}],"wp:featuredmedia":[{"embeddable":true,"href":"https:\/\/petproducts.com.cn\/pt\/wp-json\/wp\/v2\/media\/16503"}],"wp:attachment":[{"href":"https:\/\/petproducts.com.cn\/pt\/wp-json\/wp\/v2\/media?parent=16465"}],"wp:term":[{"taxonomy":"product_brand","embeddable":true,"href":"https:\/\/petproducts.com.cn\/pt\/wp-json\/wp\/v2\/product_brand?post=16465"},{"taxonomy":"product_cat","embeddable":true,"href":"https:\/\/petproducts.com.cn\/pt\/wp-json\/wp\/v2\/product_cat?post=16465"},{"taxonomy":"product_tag","embeddable":true,"href":"https:\/\/petproducts.com.cn\/pt\/wp-json\/wp\/v2\/product_tag?post=16465"}],"curies":[{"name":"wp","href":"https:\/\/api.w.org\/{rel}","templated":true}]}}