{"id":17852,"date":"2023-12-20T07:55:46","date_gmt":"2023-12-20T07:55:46","guid":{"rendered":"https:\/\/petproducts.com.cn\/?post_type=product&#038;p=17852"},"modified":"2023-12-20T08:00:59","modified_gmt":"2023-12-20T08:00:59","slug":"recycled-pet-beds-oeko-tex-certified-comfort-pet-beds","status":"publish","type":"product","link":"https:\/\/petproducts.com.cn\/pt\/product\/recycled-pet-beds-oeko-tex-certified-comfort-pet-beds\/","title":{"rendered":"Camas para animais de estima\u00e7\u00e3o recicladas Camas confort\u00e1veis \u200b\u200bpara animais de estima\u00e7\u00e3o com certifica\u00e7\u00e3o Oeko-Tex"},"content":{"rendered":"<h2>Carater\u00edsticas das camas para animais de estima\u00e7\u00e3o recicladas<\/h2>\n<ol>\n<li><strong>Descubra o conforto sustent\u00e1vel com as nossas camas para animais recicladas:<\/strong> Mergulhe o seu animal de estima\u00e7\u00e3o no luxo ecol\u00f3gico com o nosso design quadrado e espesso fabricado a partir de materiais GRS\/OEKO-TEX reciclados.<\/li>\n<li><strong>Conforto inigual\u00e1vel com bordos elevados:<\/strong> Concebida com rebordos elevados para um apoio de cabe\u00e7a acolhedor, esta cama curta de pel\u00facia para c\u00e3es oferece calor e conforto aos seus c\u00e3es e gatos de interior.<\/li>\n<li><strong>O calor encontra o estilo com o Short Plush:<\/strong> Experimente o calor de pel\u00facia do pelo curto, garantindo que o seu amigo peludo se mant\u00e9m confort\u00e1vel e contente no seu ref\u00fagio personalizado.<\/li>\n<li><strong>Utiliza\u00e7\u00e3o vers\u00e1til em pavimentos duros:<\/strong> Ideal para utiliza\u00e7\u00e3o em pavimentos duros de interior, esta cama quadrada proporciona um espa\u00e7o seguro e confort\u00e1vel para os seus animais de estima\u00e7\u00e3o se descontra\u00edrem.<\/li>\n<li><strong>Estabilidade melhorada com um design antiderrapante:<\/strong> Privilegiando a seguran\u00e7a, a nossa cama apresenta um design antiderrapante no fundo, garantindo estabilidade mesmo durante os momentos mais l\u00fadicos.<\/li>\n<li><strong>Op\u00e7\u00f5es de personaliza\u00e7\u00e3o para um estilo pessoal:<\/strong> Com uma transi\u00e7\u00e3o perfeita entre carater\u00edsticas, as nossas camas para animais de estima\u00e7\u00e3o est\u00e3o dispon\u00edveis em v\u00e1rios tamanhos e cores. Personalize ainda mais com um log\u00f3tipo personalizado, criando um retiro \u00fanico para o seu animal de estima\u00e7\u00e3o.<\/li>\n<\/ol>\n<p><strong>Em conclus\u00e3o:<\/strong> Na sua ess\u00eancia, as nossas camas para animais de estima\u00e7\u00e3o recicladas destacam-se como o ep\u00edtome da sustentabilidade, conforto e estilo. Eleve a experi\u00eancia de descanso do seu animal de estima\u00e7\u00e3o com uma cama que n\u00e3o s\u00f3 reflecte o seu compromisso para com o ambiente, como tamb\u00e9m oferece um conforto e uma prote\u00e7\u00e3o inigual\u00e1veis. Escolha uma cama amiga do ambiente, escolha o conforto, escolha o melhor para o seu amigo peludo.<\/p>","protected":false},"excerpt":{"rendered":"<p>N\u00f3s somos um fabricante de camas recicladas para animais de estima\u00e7\u00e3o com mais de 20 anos de experi\u00eancia. Oferecemos op\u00e7\u00f5es de personaliza\u00e7\u00e3o para cor, tamanho, tecido, padr\u00e3o, log\u00f3tipo e outras carater\u00edsticas.<\/p>","protected":false},"featured_media":17856,"template":"","meta":{"_acf_changed":false},"product_brand":[],"product_cat":[57,72],"product_tag":[75],"class_list":{"0":"post-17852","1":"product","2":"type-product","3":"status-publish","4":"has-post-thumbnail","6":"product_cat-dog-beds","7":"product_cat-dog-supplies","8":"product_tag-dog-beds","10":"first","11":"instock","12":"shipping-taxable","13":"product-type-simple"},"acf":[],"yoast_head":"<!-- This site is optimized with the Yoast SEO plugin v27.1.1 - https:\/\/yoast.com\/product\/yoast-seo-wordpress\/ -->\n<title>Recycled Pet Beds | Customized Oeko-Tex Certified Dog Beds - Petstar<\/title>\n<meta name=\"description\" content=\"Explore recycled pet beds, comfort dog beds, custom pet bed from the manufacturer. Your ideal business solution with Petstar.\" \/>\n<meta name=\"robots\" content=\"index, follow, max-snippet:-1, max-image-preview:large, max-video-preview:-1\" \/>\n<link rel=\"canonical\" href=\"https:\/\/petproducts.com.cn\/pt\/produto\/recycled-pet-beds-oeko-tex-certified-comfort-pet-beds\/\" \/>\n<meta property=\"og:locale\" content=\"pt_PT\" \/>\n<meta property=\"og:type\" content=\"article\" \/>\n<meta property=\"og:title\" content=\"Recycled Pet Beds | Customized Oeko-Tex Certified Dog Beds - Petstar\" \/>\n<meta property=\"og:description\" content=\"Explore recycled pet beds, comfort dog beds, custom pet bed from the manufacturer. Your ideal business solution with Petstar.\" \/>\n<meta property=\"og:url\" content=\"https:\/\/petproducts.com.cn\/pt\/produto\/recycled-pet-beds-oeko-tex-certified-comfort-pet-beds\/\" \/>\n<meta property=\"og:site_name\" content=\"Petstar\" \/>\n<meta property=\"article:modified_time\" content=\"2023-12-20T08:00:59+00:00\" \/>\n<meta property=\"og:image\" content=\"https:\/\/petproducts.com.cn\/wp-content\/uploads\/2023\/12\/recycled-pet-beds.webp\" \/>\n\t<meta property=\"og:image:width\" content=\"1000\" \/>\n\t<meta property=\"og:image:height\" content=\"1000\" \/>\n\t<meta property=\"og:image:type\" content=\"image\/webp\" \/>\n<meta name=\"twitter:card\" content=\"summary_large_image\" \/>\n<meta name=\"twitter:label1\" content=\"Tempo estimado de leitura\" \/>\n\t<meta name=\"twitter:data1\" content=\"1 minuto\" \/>\n<script type=\"application\/ld+json\" class=\"yoast-schema-graph\">{\"@context\":\"https:\/\/schema.org\",\"@graph\":[{\"@type\":\"WebPage\",\"@id\":\"https:\/\/petproducts.com.cn\/product\/recycled-pet-beds-oeko-tex-certified-comfort-pet-beds\/\",\"url\":\"https:\/\/petproducts.com.cn\/product\/recycled-pet-beds-oeko-tex-certified-comfort-pet-beds\/\",\"name\":\"Recycled Pet Beds | Customized Oeko-Tex Certified Dog Beds - Petstar\",\"isPartOf\":{\"@id\":\"https:\/\/petproducts.com.cn\/#website\"},\"primaryImageOfPage\":{\"@id\":\"https:\/\/petproducts.com.cn\/product\/recycled-pet-beds-oeko-tex-certified-comfort-pet-beds\/#primaryimage\"},\"image\":{\"@id\":\"https:\/\/petproducts.com.cn\/product\/recycled-pet-beds-oeko-tex-certified-comfort-pet-beds\/#primaryimage\"},\"thumbnailUrl\":\"https:\/\/petproducts.com.cn\/wp-content\/uploads\/2023\/12\/recycled-pet-beds.webp\",\"datePublished\":\"2023-12-20T07:55:46+00:00\",\"dateModified\":\"2023-12-20T08:00:59+00:00\",\"description\":\"Explore recycled pet beds, comfort dog beds, custom pet bed from the manufacturer. Your ideal business solution with Petstar.\",\"breadcrumb\":{\"@id\":\"https:\/\/petproducts.com.cn\/product\/recycled-pet-beds-oeko-tex-certified-comfort-pet-beds\/#breadcrumb\"},\"inLanguage\":\"pt-PT\",\"potentialAction\":[{\"@type\":\"ReadAction\",\"target\":[\"https:\/\/petproducts.com.cn\/product\/recycled-pet-beds-oeko-tex-certified-comfort-pet-beds\/\"]}]},{\"@type\":\"ImageObject\",\"inLanguage\":\"pt-PT\",\"@id\":\"https:\/\/petproducts.com.cn\/product\/recycled-pet-beds-oeko-tex-certified-comfort-pet-beds\/#primaryimage\",\"url\":\"https:\/\/petproducts.com.cn\/wp-content\/uploads\/2023\/12\/recycled-pet-beds.webp\",\"contentUrl\":\"https:\/\/petproducts.com.cn\/wp-content\/uploads\/2023\/12\/recycled-pet-beds.webp\",\"width\":1000,\"height\":1000,\"caption\":\"recycled pet beds\"},{\"@type\":\"BreadcrumbList\",\"@id\":\"https:\/\/petproducts.com.cn\/product\/recycled-pet-beds-oeko-tex-certified-comfort-pet-beds\/#breadcrumb\",\"itemListElement\":[{\"@type\":\"ListItem\",\"position\":1,\"name\":\"HOME\",\"item\":\"https:\/\/petproducts.com.cn\/\"},{\"@type\":\"ListItem\",\"position\":2,\"name\":\"Products\",\"item\":\"https:\/\/petproducts.com.cn\/shop\/\"},{\"@type\":\"ListItem\",\"position\":3,\"name\":\"Dog Supplies\",\"item\":\"https:\/\/petproducts.com.cn\/product-category\/dog-supplies\/\"},{\"@type\":\"ListItem\",\"position\":4,\"name\":\"Recycled Pet Beds Oeko-Tex Certified Comfort Pet Beds\"}]},{\"@type\":\"WebSite\",\"@id\":\"https:\/\/petproducts.com.cn\/#website\",\"url\":\"https:\/\/petproducts.com.cn\/\",\"name\":\"Petstar\",\"description\":\"Leading Pet Supplies Manufacturer &amp; OEM Pet Products Supplier\",\"publisher\":{\"@id\":\"https:\/\/petproducts.com.cn\/#organization\"},\"alternateName\":\"Petstar Pet Supplies\",\"potentialAction\":[{\"@type\":\"SearchAction\",\"target\":{\"@type\":\"EntryPoint\",\"urlTemplate\":\"https:\/\/petproducts.com.cn\/?s={search_term_string}\"},\"query-input\":{\"@type\":\"PropertyValueSpecification\",\"valueRequired\":true,\"valueName\":\"search_term_string\"}}],\"inLanguage\":\"pt-PT\"},{\"@type\":\"Organization\",\"@id\":\"https:\/\/petproducts.com.cn\/#organization\",\"name\":\"Petstar\",\"url\":\"https:\/\/petproducts.com.cn\/\",\"logo\":{\"@type\":\"ImageObject\",\"inLanguage\":\"pt-PT\",\"@id\":\"https:\/\/petproducts.com.cn\/#\/schema\/logo\/image\/\",\"url\":\"https:\/\/petproducts.com.cn\/wp-content\/uploads\/2020\/02\/petstar-logo.webp\",\"contentUrl\":\"https:\/\/petproducts.com.cn\/wp-content\/uploads\/2020\/02\/petstar-logo.webp\",\"width\":779,\"height\":520,\"caption\":\"Petstar\"},\"image\":{\"@id\":\"https:\/\/petproducts.com.cn\/#\/schema\/logo\/image\/\"}}]}<\/script>\n<!-- \/ Yoast SEO plugin. -->","yoast_head_json":{"title":"Camas para animais recicladas | Camas para c\u00e3es personalizadas com certifica\u00e7\u00e3o Oeko-Tex - Petstar","description":"Explore camas para animais de estima\u00e7\u00e3o recicladas, camas para c\u00e3es confort\u00e1veis, camas para animais de estima\u00e7\u00e3o personalizadas do fabricante. A sua solu\u00e7\u00e3o comercial ideal com Petstar.","robots":{"index":"index","follow":"follow","max-snippet":"max-snippet:-1","max-image-preview":"max-image-preview:large","max-video-preview":"max-video-preview:-1"},"canonical":"https:\/\/petproducts.com.cn\/pt\/produto\/recycled-pet-beds-oeko-tex-certified-comfort-pet-beds\/","og_locale":"pt_PT","og_type":"article","og_title":"Recycled Pet Beds | Customized Oeko-Tex Certified Dog Beds - Petstar","og_description":"Explore recycled pet beds, comfort dog beds, custom pet bed from the manufacturer. Your ideal business solution with Petstar.","og_url":"https:\/\/petproducts.com.cn\/pt\/produto\/recycled-pet-beds-oeko-tex-certified-comfort-pet-beds\/","og_site_name":"Petstar","article_modified_time":"2023-12-20T08:00:59+00:00","og_image":[{"width":1000,"height":1000,"url":"https:\/\/petproducts.com.cn\/wp-content\/uploads\/2023\/12\/recycled-pet-beds.webp","type":"image\/webp"}],"twitter_card":"summary_large_image","twitter_misc":{"Tempo estimado de leitura":"1 minuto"},"schema":{"@context":"https:\/\/schema.org","@graph":[{"@type":"WebPage","@id":"https:\/\/petproducts.com.cn\/product\/recycled-pet-beds-oeko-tex-certified-comfort-pet-beds\/","url":"https:\/\/petproducts.com.cn\/product\/recycled-pet-beds-oeko-tex-certified-comfort-pet-beds\/","name":"Camas para animais recicladas | Camas para c\u00e3es personalizadas com certifica\u00e7\u00e3o Oeko-Tex - Petstar","isPartOf":{"@id":"https:\/\/petproducts.com.cn\/#website"},"primaryImageOfPage":{"@id":"https:\/\/petproducts.com.cn\/product\/recycled-pet-beds-oeko-tex-certified-comfort-pet-beds\/#primaryimage"},"image":{"@id":"https:\/\/petproducts.com.cn\/product\/recycled-pet-beds-oeko-tex-certified-comfort-pet-beds\/#primaryimage"},"thumbnailUrl":"https:\/\/petproducts.com.cn\/wp-content\/uploads\/2023\/12\/recycled-pet-beds.webp","datePublished":"2023-12-20T07:55:46+00:00","dateModified":"2023-12-20T08:00:59+00:00","description":"Explore camas para animais de estima\u00e7\u00e3o recicladas, camas para c\u00e3es confort\u00e1veis, camas para animais de estima\u00e7\u00e3o personalizadas do fabricante. A sua solu\u00e7\u00e3o comercial ideal com Petstar.","breadcrumb":{"@id":"https:\/\/petproducts.com.cn\/product\/recycled-pet-beds-oeko-tex-certified-comfort-pet-beds\/#breadcrumb"},"inLanguage":"pt-PT","potentialAction":[{"@type":"ReadAction","target":["https:\/\/petproducts.com.cn\/product\/recycled-pet-beds-oeko-tex-certified-comfort-pet-beds\/"]}]},{"@type":"ImageObject","inLanguage":"pt-PT","@id":"https:\/\/petproducts.com.cn\/product\/recycled-pet-beds-oeko-tex-certified-comfort-pet-beds\/#primaryimage","url":"https:\/\/petproducts.com.cn\/wp-content\/uploads\/2023\/12\/recycled-pet-beds.webp","contentUrl":"https:\/\/petproducts.com.cn\/wp-content\/uploads\/2023\/12\/recycled-pet-beds.webp","width":1000,"height":1000,"caption":"recycled pet beds"},{"@type":"BreadcrumbList","@id":"https:\/\/petproducts.com.cn\/product\/recycled-pet-beds-oeko-tex-certified-comfort-pet-beds\/#breadcrumb","itemListElement":[{"@type":"ListItem","position":1,"name":"HOME","item":"https:\/\/petproducts.com.cn\/"},{"@type":"ListItem","position":2,"name":"Products","item":"https:\/\/petproducts.com.cn\/shop\/"},{"@type":"ListItem","position":3,"name":"Dog Supplies","item":"https:\/\/petproducts.com.cn\/product-category\/dog-supplies\/"},{"@type":"ListItem","position":4,"name":"Recycled Pet Beds Oeko-Tex Certified Comfort Pet Beds"}]},{"@type":"WebSite","@id":"https:\/\/petproducts.com.cn\/#website","url":"https:\/\/petproducts.com.cn\/","name":"Petstar","description":"Fabricante l\u00edder de artigos para animais de estima\u00e7\u00e3o e fornecedor de produtos OEM para animais de estima\u00e7\u00e3o","publisher":{"@id":"https:\/\/petproducts.com.cn\/#organization"},"alternateName":"Petstar Pet Supplies","potentialAction":[{"@type":"SearchAction","target":{"@type":"EntryPoint","urlTemplate":"https:\/\/petproducts.com.cn\/?s={search_term_string}"},"query-input":{"@type":"PropertyValueSpecification","valueRequired":true,"valueName":"search_term_string"}}],"inLanguage":"pt-PT"},{"@type":"Organization","@id":"https:\/\/petproducts.com.cn\/#organization","name":"Petstar","url":"https:\/\/petproducts.com.cn\/","logo":{"@type":"ImageObject","inLanguage":"pt-PT","@id":"https:\/\/petproducts.com.cn\/#\/schema\/logo\/image\/","url":"https:\/\/petproducts.com.cn\/wp-content\/uploads\/2020\/02\/petstar-logo.webp","contentUrl":"https:\/\/petproducts.com.cn\/wp-content\/uploads\/2020\/02\/petstar-logo.webp","width":779,"height":520,"caption":"Petstar"},"image":{"@id":"https:\/\/petproducts.com.cn\/#\/schema\/logo\/image\/"}}]}},"_links":{"self":[{"href":"https:\/\/petproducts.com.cn\/pt\/wp-json\/wp\/v2\/product\/17852","targetHints":{"allow":["GET"]}}],"collection":[{"href":"https:\/\/petproducts.com.cn\/pt\/wp-json\/wp\/v2\/product"}],"about":[{"href":"https:\/\/petproducts.com.cn\/pt\/wp-json\/wp\/v2\/types\/product"}],"version-history":[{"count":1,"href":"https:\/\/petproducts.com.cn\/pt\/wp-json\/wp\/v2\/product\/17852\/revisions"}],"predecessor-version":[{"id":17862,"href":"https:\/\/petproducts.com.cn\/pt\/wp-json\/wp\/v2\/product\/17852\/revisions\/17862"}],"wp:featuredmedia":[{"embeddable":true,"href":"https:\/\/petproducts.com.cn\/pt\/wp-json\/wp\/v2\/media\/17856"}],"wp:attachment":[{"href":"https:\/\/petproducts.com.cn\/pt\/wp-json\/wp\/v2\/media?parent=17852"}],"wp:term":[{"taxonomy":"product_brand","embeddable":true,"href":"https:\/\/petproducts.com.cn\/pt\/wp-json\/wp\/v2\/product_brand?post=17852"},{"taxonomy":"product_cat","embeddable":true,"href":"https:\/\/petproducts.com.cn\/pt\/wp-json\/wp\/v2\/product_cat?post=17852"},{"taxonomy":"product_tag","embeddable":true,"href":"https:\/\/petproducts.com.cn\/pt\/wp-json\/wp\/v2\/product_tag?post=17852"}],"curies":[{"name":"wp","href":"https:\/\/api.w.org\/{rel}","templated":true}]}}