{"id":18232,"date":"2023-12-25T07:21:13","date_gmt":"2023-12-25T07:21:13","guid":{"rendered":"https:\/\/petproducts.com.cn\/?post_type=product&#038;p=18232"},"modified":"2024-09-09T07:24:48","modified_gmt":"2024-09-09T07:24:48","slug":"import-fox-dog-tug-of-war-rope-toy","status":"publish","type":"product","link":"https:\/\/petproducts.com.cn\/pt\/product\/import-fox-dog-tug-of-war-rope-toy\/","title":{"rendered":"Importar brinquedo de corda de cabo de guerra Fox Dog"},"content":{"rendered":"<h2>Importar brinquedo de corda de cabo de guerra Fox Dog<\/h2>\n<p>Entre no mundo caprichoso do entretenimento canino com o brinquedo de corda Dog Tug Of War da PetStar. Com tema de cauda de raposa, papel amassado, conforto de pel\u00facia e uma corda longa, estes brinquedos prometem melhorar o tempo de brincadeira dos animais de estima\u00e7\u00e3o.<\/p>\n<h3><strong>Abbigliamento firmato per cani Abbigliamento personalizzato per cani Cappotto per cani<\/strong><\/h3>\n<ol>\n<li><strong>Designs personalizados para mercados exigentes.<\/strong>\u00a0A PetStar distingue-se por fornecer solu\u00e7\u00f5es personalizadas adaptadas \u00e0s prefer\u00eancias \u00fanicas dos supermercados, grossistas e lojas online. Atrav\u00e9s dos nossos servi\u00e7os OEM, personalize o design, a cor e as carater\u00edsticas destes brinquedos de corda para c\u00e3es, assegurando que correspondem perfeitamente \u00e0s expectativas dos seus clientes-alvo.<\/li>\n<li><strong>Qualidade e durabilidade excepcionais.<\/strong> No centro do nosso sucesso est\u00e1 o compromisso com a qualidade excepcional. Feitos para serem dur\u00e1veis, esses brinquedos de corda de cabo de guerra s\u00e3o projetados para suportar os rigores das brincadeiras entusiasmadas. A incorpora\u00e7\u00e3o de uma longa corda no interior garante sess\u00f5es de brincadeira prolongadas, estabelecendo-os como uma escolha confi\u00e1vel para donos de animais de estima\u00e7\u00e3o que buscam envolvimento e longevidade.<\/li>\n<li><strong>Colabora\u00e7\u00e3o rent\u00e1vel para uma consci\u00eancia or\u00e7amental.<\/strong> A PetStar entende a import\u00e2ncia da rela\u00e7\u00e3o custo-benef\u00edcio no cen\u00e1rio empresarial. Atrav\u00e9s de parcerias estrat\u00e9gicas, oferecemos pre\u00e7os competitivos sem comprometer a qualidade. Supermercados, atacadistas e lojas on-line podem se beneficiar de op\u00e7\u00f5es de pedidos em grandes quantidades e processos de fabrica\u00e7\u00e3o eficientes, garantindo acesso econ\u00f4mico a esses brinquedos de corda de guerra para c\u00e3es com tema de raposa.<\/li>\n<li><strong>Cadeia de fornecimento eficiente para entregas atempadas.<\/strong> No mundo din\u00e2mico dos produtos para animais de companhia, as entregas atempadas s\u00e3o fundamentais. A cadeia de abastecimento optimizada da PetStar garante que os supermercados, grossistas e lojas online recebam as suas encomendas prontamente. Confie em n\u00f3s para um fornecimento consistente e atempado destes brinquedos de corda para c\u00e3es com cauda de raposa, satisfazendo as exig\u00eancias dos seus clientes mais exigentes.<\/li>\n<\/ol>\n<p><strong>Em resumo.<\/strong>  O brinquedo Fox Tail Dog Tug of War Rope Toy da PetStar, com um tema cativante de raposa, papel enrugado, pel\u00facia macia e uma corda longa e dur\u00e1vel no interior, incorpora a s\u00edntese perfeita de personaliza\u00e7\u00e3o, qualidade, rela\u00e7\u00e3o custo-efic\u00e1cia e entrega atempada. Eleve a sua oferta de produtos para animais de estima\u00e7\u00e3o com a PetStar, satisfazendo as diversas necessidades de supermercados, grossistas e lojas online.<\/p>","protected":false},"excerpt":{"rendered":"<p>Somos um fabricante de brinquedos para c\u00e3es com mais de 20 anos de experi\u00eancia. Oferecemos op\u00e7\u00f5es de personaliza\u00e7\u00e3o para cor, tamanho, tecido, padr\u00e3o, log\u00f3tipo e outras caracter\u00edsticas.<\/p>","protected":false},"featured_media":18236,"template":"","meta":{"_acf_changed":false},"product_brand":[],"product_cat":[72,48],"product_tag":[231,245],"class_list":{"0":"post-18232","1":"product","2":"type-product","3":"status-publish","4":"has-post-thumbnail","6":"product_cat-dog-supplies","7":"product_cat-dog-toys","8":"product_tag-dog-plush-toys","9":"product_tag-dog-rope-toys","11":"first","12":"instock","13":"shipping-taxable","14":"product-type-simple"},"acf":[],"yoast_head":"<!-- This site is optimized with the Yoast SEO plugin v27.1.1 - https:\/\/yoast.com\/product\/yoast-seo-wordpress\/ -->\n<title>dog tug of war rope toy wholesale | Custom durable dog toy - Petstar<\/title>\n<meta name=\"description\" content=\"Explore dog tug of war rope toy,fox tail dog toy, interactive dog toys from the manufacturer. Your ideal business solution with Petstar.\" \/>\n<meta name=\"robots\" content=\"index, follow, max-snippet:-1, max-image-preview:large, max-video-preview:-1\" \/>\n<link rel=\"canonical\" href=\"https:\/\/petproducts.com.cn\/pt\/produto\/import-fox-dog-tug-of-war-rope-toy\/\" \/>\n<meta property=\"og:locale\" content=\"pt_PT\" \/>\n<meta property=\"og:type\" content=\"article\" \/>\n<meta property=\"og:title\" content=\"dog tug of war rope toy wholesale | Custom durable dog toy - Petstar\" \/>\n<meta property=\"og:description\" content=\"Explore dog tug of war rope toy,fox tail dog toy, interactive dog toys from the manufacturer. Your ideal business solution with Petstar.\" \/>\n<meta property=\"og:url\" content=\"https:\/\/petproducts.com.cn\/pt\/produto\/import-fox-dog-tug-of-war-rope-toy\/\" \/>\n<meta property=\"og:site_name\" content=\"Petstar\" \/>\n<meta property=\"article:modified_time\" content=\"2024-09-09T07:24:48+00:00\" \/>\n<meta property=\"og:image\" content=\"https:\/\/petproducts.com.cn\/wp-content\/uploads\/2023\/12\/dog-tug-of-war-rope-toy.webp\" \/>\n\t<meta property=\"og:image:width\" content=\"1000\" \/>\n\t<meta property=\"og:image:height\" content=\"1000\" \/>\n\t<meta property=\"og:image:type\" content=\"image\/webp\" \/>\n<meta name=\"twitter:card\" content=\"summary_large_image\" \/>\n<meta name=\"twitter:label1\" content=\"Tempo estimado de leitura\" \/>\n\t<meta name=\"twitter:data1\" content=\"2 minutos\" \/>\n<script type=\"application\/ld+json\" class=\"yoast-schema-graph\">{\"@context\":\"https:\/\/schema.org\",\"@graph\":[{\"@type\":\"WebPage\",\"@id\":\"https:\/\/petproducts.com.cn\/product\/import-fox-dog-tug-of-war-rope-toy\/\",\"url\":\"https:\/\/petproducts.com.cn\/product\/import-fox-dog-tug-of-war-rope-toy\/\",\"name\":\"dog tug of war rope toy wholesale | Custom durable dog toy - Petstar\",\"isPartOf\":{\"@id\":\"https:\/\/petproducts.com.cn\/#website\"},\"primaryImageOfPage\":{\"@id\":\"https:\/\/petproducts.com.cn\/product\/import-fox-dog-tug-of-war-rope-toy\/#primaryimage\"},\"image\":{\"@id\":\"https:\/\/petproducts.com.cn\/product\/import-fox-dog-tug-of-war-rope-toy\/#primaryimage\"},\"thumbnailUrl\":\"https:\/\/petproducts.com.cn\/wp-content\/uploads\/2023\/12\/dog-tug-of-war-rope-toy.webp\",\"datePublished\":\"2023-12-25T07:21:13+00:00\",\"dateModified\":\"2024-09-09T07:24:48+00:00\",\"description\":\"Explore dog tug of war rope toy,fox tail dog toy, interactive dog toys from the manufacturer. Your ideal business solution with Petstar.\",\"breadcrumb\":{\"@id\":\"https:\/\/petproducts.com.cn\/product\/import-fox-dog-tug-of-war-rope-toy\/#breadcrumb\"},\"inLanguage\":\"pt-PT\",\"potentialAction\":[{\"@type\":\"ReadAction\",\"target\":[\"https:\/\/petproducts.com.cn\/product\/import-fox-dog-tug-of-war-rope-toy\/\"]}]},{\"@type\":\"ImageObject\",\"inLanguage\":\"pt-PT\",\"@id\":\"https:\/\/petproducts.com.cn\/product\/import-fox-dog-tug-of-war-rope-toy\/#primaryimage\",\"url\":\"https:\/\/petproducts.com.cn\/wp-content\/uploads\/2023\/12\/dog-tug-of-war-rope-toy.webp\",\"contentUrl\":\"https:\/\/petproducts.com.cn\/wp-content\/uploads\/2023\/12\/dog-tug-of-war-rope-toy.webp\",\"width\":1000,\"height\":1000,\"caption\":\"dog tug of war rope toy\"},{\"@type\":\"BreadcrumbList\",\"@id\":\"https:\/\/petproducts.com.cn\/product\/import-fox-dog-tug-of-war-rope-toy\/#breadcrumb\",\"itemListElement\":[{\"@type\":\"ListItem\",\"position\":1,\"name\":\"HOME\",\"item\":\"https:\/\/petproducts.com.cn\/\"},{\"@type\":\"ListItem\",\"position\":2,\"name\":\"Products\",\"item\":\"https:\/\/petproducts.com.cn\/shop\/\"},{\"@type\":\"ListItem\",\"position\":3,\"name\":\"Dog Toys\",\"item\":\"https:\/\/petproducts.com.cn\/product-category\/dog-toys\/\"},{\"@type\":\"ListItem\",\"position\":4,\"name\":\"Import Fox Dog Tug Of War Rope Toy\"}]},{\"@type\":\"WebSite\",\"@id\":\"https:\/\/petproducts.com.cn\/#website\",\"url\":\"https:\/\/petproducts.com.cn\/\",\"name\":\"Petstar\",\"description\":\"Leading Pet Supplies Manufacturer &amp; OEM Pet Products Supplier\",\"publisher\":{\"@id\":\"https:\/\/petproducts.com.cn\/#organization\"},\"alternateName\":\"Petstar Pet Supplies\",\"potentialAction\":[{\"@type\":\"SearchAction\",\"target\":{\"@type\":\"EntryPoint\",\"urlTemplate\":\"https:\/\/petproducts.com.cn\/?s={search_term_string}\"},\"query-input\":{\"@type\":\"PropertyValueSpecification\",\"valueRequired\":true,\"valueName\":\"search_term_string\"}}],\"inLanguage\":\"pt-PT\"},{\"@type\":\"Organization\",\"@id\":\"https:\/\/petproducts.com.cn\/#organization\",\"name\":\"Petstar\",\"url\":\"https:\/\/petproducts.com.cn\/\",\"logo\":{\"@type\":\"ImageObject\",\"inLanguage\":\"pt-PT\",\"@id\":\"https:\/\/petproducts.com.cn\/#\/schema\/logo\/image\/\",\"url\":\"https:\/\/petproducts.com.cn\/wp-content\/uploads\/2020\/02\/petstar-logo.webp\",\"contentUrl\":\"https:\/\/petproducts.com.cn\/wp-content\/uploads\/2020\/02\/petstar-logo.webp\",\"width\":779,\"height\":520,\"caption\":\"Petstar\"},\"image\":{\"@id\":\"https:\/\/petproducts.com.cn\/#\/schema\/logo\/image\/\"}}]}<\/script>\n<!-- \/ Yoast SEO plugin. -->","yoast_head_json":{"title":"brinquedo de corda para c\u00e3es por atacado | brinquedo para c\u00e3es dur\u00e1vel personalizado - Petstar","description":"Explore o brinquedo de corda de cabo de guerra para c\u00e3es, brinquedo de cauda de raposa para c\u00e3es, brinquedos interactivos para c\u00e3es do fabricante. A sua solu\u00e7\u00e3o comercial ideal com Petstar.","robots":{"index":"index","follow":"follow","max-snippet":"max-snippet:-1","max-image-preview":"max-image-preview:large","max-video-preview":"max-video-preview:-1"},"canonical":"https:\/\/petproducts.com.cn\/pt\/produto\/import-fox-dog-tug-of-war-rope-toy\/","og_locale":"pt_PT","og_type":"article","og_title":"dog tug of war rope toy wholesale | Custom durable dog toy - Petstar","og_description":"Explore dog tug of war rope toy,fox tail dog toy, interactive dog toys from the manufacturer. Your ideal business solution with Petstar.","og_url":"https:\/\/petproducts.com.cn\/pt\/produto\/import-fox-dog-tug-of-war-rope-toy\/","og_site_name":"Petstar","article_modified_time":"2024-09-09T07:24:48+00:00","og_image":[{"width":1000,"height":1000,"url":"https:\/\/petproducts.com.cn\/wp-content\/uploads\/2023\/12\/dog-tug-of-war-rope-toy.webp","type":"image\/webp"}],"twitter_card":"summary_large_image","twitter_misc":{"Tempo estimado de leitura":"2 minutos"},"schema":{"@context":"https:\/\/schema.org","@graph":[{"@type":"WebPage","@id":"https:\/\/petproducts.com.cn\/product\/import-fox-dog-tug-of-war-rope-toy\/","url":"https:\/\/petproducts.com.cn\/product\/import-fox-dog-tug-of-war-rope-toy\/","name":"brinquedo de corda para c\u00e3es por atacado | brinquedo para c\u00e3es dur\u00e1vel personalizado - Petstar","isPartOf":{"@id":"https:\/\/petproducts.com.cn\/#website"},"primaryImageOfPage":{"@id":"https:\/\/petproducts.com.cn\/product\/import-fox-dog-tug-of-war-rope-toy\/#primaryimage"},"image":{"@id":"https:\/\/petproducts.com.cn\/product\/import-fox-dog-tug-of-war-rope-toy\/#primaryimage"},"thumbnailUrl":"https:\/\/petproducts.com.cn\/wp-content\/uploads\/2023\/12\/dog-tug-of-war-rope-toy.webp","datePublished":"2023-12-25T07:21:13+00:00","dateModified":"2024-09-09T07:24:48+00:00","description":"Explore o brinquedo de corda de cabo de guerra para c\u00e3es, brinquedo de cauda de raposa para c\u00e3es, brinquedos interactivos para c\u00e3es do fabricante. A sua solu\u00e7\u00e3o comercial ideal com Petstar.","breadcrumb":{"@id":"https:\/\/petproducts.com.cn\/product\/import-fox-dog-tug-of-war-rope-toy\/#breadcrumb"},"inLanguage":"pt-PT","potentialAction":[{"@type":"ReadAction","target":["https:\/\/petproducts.com.cn\/product\/import-fox-dog-tug-of-war-rope-toy\/"]}]},{"@type":"ImageObject","inLanguage":"pt-PT","@id":"https:\/\/petproducts.com.cn\/product\/import-fox-dog-tug-of-war-rope-toy\/#primaryimage","url":"https:\/\/petproducts.com.cn\/wp-content\/uploads\/2023\/12\/dog-tug-of-war-rope-toy.webp","contentUrl":"https:\/\/petproducts.com.cn\/wp-content\/uploads\/2023\/12\/dog-tug-of-war-rope-toy.webp","width":1000,"height":1000,"caption":"dog tug of war rope toy"},{"@type":"BreadcrumbList","@id":"https:\/\/petproducts.com.cn\/product\/import-fox-dog-tug-of-war-rope-toy\/#breadcrumb","itemListElement":[{"@type":"ListItem","position":1,"name":"HOME","item":"https:\/\/petproducts.com.cn\/"},{"@type":"ListItem","position":2,"name":"Products","item":"https:\/\/petproducts.com.cn\/shop\/"},{"@type":"ListItem","position":3,"name":"Dog Toys","item":"https:\/\/petproducts.com.cn\/product-category\/dog-toys\/"},{"@type":"ListItem","position":4,"name":"Import Fox Dog Tug Of War Rope Toy"}]},{"@type":"WebSite","@id":"https:\/\/petproducts.com.cn\/#website","url":"https:\/\/petproducts.com.cn\/","name":"Petstar","description":"Fabricante l\u00edder de artigos para animais de estima\u00e7\u00e3o e fornecedor de produtos OEM para animais de estima\u00e7\u00e3o","publisher":{"@id":"https:\/\/petproducts.com.cn\/#organization"},"alternateName":"Petstar Pet Supplies","potentialAction":[{"@type":"SearchAction","target":{"@type":"EntryPoint","urlTemplate":"https:\/\/petproducts.com.cn\/?s={search_term_string}"},"query-input":{"@type":"PropertyValueSpecification","valueRequired":true,"valueName":"search_term_string"}}],"inLanguage":"pt-PT"},{"@type":"Organization","@id":"https:\/\/petproducts.com.cn\/#organization","name":"Petstar","url":"https:\/\/petproducts.com.cn\/","logo":{"@type":"ImageObject","inLanguage":"pt-PT","@id":"https:\/\/petproducts.com.cn\/#\/schema\/logo\/image\/","url":"https:\/\/petproducts.com.cn\/wp-content\/uploads\/2020\/02\/petstar-logo.webp","contentUrl":"https:\/\/petproducts.com.cn\/wp-content\/uploads\/2020\/02\/petstar-logo.webp","width":779,"height":520,"caption":"Petstar"},"image":{"@id":"https:\/\/petproducts.com.cn\/#\/schema\/logo\/image\/"}}]}},"_links":{"self":[{"href":"https:\/\/petproducts.com.cn\/pt\/wp-json\/wp\/v2\/product\/18232","targetHints":{"allow":["GET"]}}],"collection":[{"href":"https:\/\/petproducts.com.cn\/pt\/wp-json\/wp\/v2\/product"}],"about":[{"href":"https:\/\/petproducts.com.cn\/pt\/wp-json\/wp\/v2\/types\/product"}],"version-history":[{"count":1,"href":"https:\/\/petproducts.com.cn\/pt\/wp-json\/wp\/v2\/product\/18232\/revisions"}],"predecessor-version":[{"id":18237,"href":"https:\/\/petproducts.com.cn\/pt\/wp-json\/wp\/v2\/product\/18232\/revisions\/18237"}],"wp:featuredmedia":[{"embeddable":true,"href":"https:\/\/petproducts.com.cn\/pt\/wp-json\/wp\/v2\/media\/18236"}],"wp:attachment":[{"href":"https:\/\/petproducts.com.cn\/pt\/wp-json\/wp\/v2\/media?parent=18232"}],"wp:term":[{"taxonomy":"product_brand","embeddable":true,"href":"https:\/\/petproducts.com.cn\/pt\/wp-json\/wp\/v2\/product_brand?post=18232"},{"taxonomy":"product_cat","embeddable":true,"href":"https:\/\/petproducts.com.cn\/pt\/wp-json\/wp\/v2\/product_cat?post=18232"},{"taxonomy":"product_tag","embeddable":true,"href":"https:\/\/petproducts.com.cn\/pt\/wp-json\/wp\/v2\/product_tag?post=18232"}],"curies":[{"name":"wp","href":"https:\/\/api.w.org\/{rel}","templated":true}]}}