{"id":18663,"date":"2024-01-09T06:46:48","date_gmt":"2024-01-09T06:46:48","guid":{"rendered":"https:\/\/petproducts.com.cn\/?post_type=product&#038;p=18663"},"modified":"2024-01-09T07:10:33","modified_gmt":"2024-01-09T07:10:33","slug":"small-pet-sofa-bed-best-dog-beds-for-puppies","status":"publish","type":"product","link":"https:\/\/petproducts.com.cn\/pt\/product\/small-pet-sofa-bed-best-dog-beds-for-puppies\/","title":{"rendered":"Sof\u00e1-cama pequeno para animais de estima\u00e7\u00e3o, as melhores camas para cachorros"},"content":{"rendered":"<h2>Carater\u00edsticas do sof\u00e1-cama para animais de estima\u00e7\u00e3o pequenos<\/h2>\n<ol>\n<li><strong>Tecidos curtos de pel\u00facia e veludo:<\/strong> Mime o seu c\u00e3ozinho com a combina\u00e7\u00e3o indulgente de pel\u00facia curta e tecidos de veludo. A suavidade da pel\u00facia curta e o toque luxuoso do veludo criam uma superf\u00edcie de pel\u00facia que convida o seu animal de estima\u00e7\u00e3o a relaxar. O nosso sof\u00e1-cama para animais de estima\u00e7\u00e3o de pequeno porte garante o m\u00e1ximo conforto ao seu cachorro durante a sesta.<\/li>\n<li><strong>Sof\u00e1-cama Estilo:<\/strong> Transforme a experi\u00eancia de descanso do seu animal de estima\u00e7\u00e3o com o design chique e elegante do sof\u00e1-cama. Este estilo elevado n\u00e3o s\u00f3 acrescenta um toque de sofistica\u00e7\u00e3o \u00e0 sua casa, como tamb\u00e9m proporciona ao seu cachorro um ref\u00fagio acolhedor que imita o conforto de um sof\u00e1 em miniatura.<\/li>\n<li><strong>Calor e suavidade:<\/strong> Envolva o seu companheiro peludo num casulo de calor e suavidade. Os materiais cuidadosamente selecionados do nosso sof\u00e1-cama proporcionam um abra\u00e7o suave, criando um espa\u00e7o acolhedor e convidativo para o seu cachorro se aconchegar. Diga adeus \u00e0s noites frias e desconfort\u00e1veis com o nosso acolhedor ref\u00fagio para animais de estima\u00e7\u00e3o.<\/li>\n<li><strong>Fundo antiderrapante para maior estabilidade:<\/strong> Dando prioridade \u00e0 seguran\u00e7a, o nosso sof\u00e1-cama para animais de estima\u00e7\u00e3o est\u00e1 equipado com um fundo antiderrapante. N\u00e3o precisa de se preocupar com o facto de a cama deslizar - o ref\u00fagio acolhedor do seu cachorro manter-se-\u00e1 firmemente no lugar, proporcionando paz de esp\u00edrito tanto para si como para o seu animal de estima\u00e7\u00e3o.<\/li>\n<li><strong>Design amov\u00edvel e lav\u00e1vel:<\/strong> A comodidade alia-se \u00e0 limpeza com o design amov\u00edvel e lav\u00e1vel do nosso sof\u00e1-cama para c\u00e3es. Mantenha facilmente um espa\u00e7o fresco e higi\u00e9nico para o seu cachorro, removendo a capa e lavando-a rapidamente. Uma solu\u00e7\u00e3o pr\u00e1tica para donos de animais que valorizam tanto o estilo como a limpeza.<\/li>\n<\/ol>","protected":false},"excerpt":{"rendered":"<p>Somos fabricantes de camas para animais de estima\u00e7\u00e3o com mais de 20 anos de experi\u00eancia. Oferecemos op\u00e7\u00f5es de personaliza\u00e7\u00e3o de cor, tamanho, tecido, padr\u00e3o, logotipo e outros recursos.<\/p>","protected":false},"featured_media":18668,"template":"","meta":{"_acf_changed":false},"product_brand":[],"product_cat":[57,72],"product_tag":[75],"class_list":{"0":"post-18663","1":"product","2":"type-product","3":"status-publish","4":"has-post-thumbnail","6":"product_cat-dog-beds","7":"product_cat-dog-supplies","8":"product_tag-dog-beds","10":"first","11":"instock","12":"shipping-taxable","13":"product-type-simple"},"acf":[],"yoast_head":"<!-- This site is optimized with the Yoast SEO plugin v27.1.1 - https:\/\/yoast.com\/product\/yoast-seo-wordpress\/ -->\n<title>Small Pet Sofa Bed | Custom Dog Beds For Puppies - Petstar<\/title>\n<meta name=\"description\" content=\"Explore small pet sofa bed, best dog beds for puppies, dog beds for puppies from the manufacturer. Your ideal business solution with Petstar.\" \/>\n<meta name=\"robots\" content=\"index, follow, max-snippet:-1, max-image-preview:large, max-video-preview:-1\" \/>\n<link rel=\"canonical\" href=\"https:\/\/petproducts.com.cn\/pt\/produto\/small-pet-sofa-bed-best-dog-beds-for-puppies\/\" \/>\n<meta property=\"og:locale\" content=\"pt_PT\" \/>\n<meta property=\"og:type\" content=\"article\" \/>\n<meta property=\"og:title\" content=\"Small Pet Sofa Bed | Custom Dog Beds For Puppies - Petstar\" \/>\n<meta property=\"og:description\" content=\"Explore small pet sofa bed, best dog beds for puppies, dog beds for puppies from the manufacturer. Your ideal business solution with Petstar.\" \/>\n<meta property=\"og:url\" content=\"https:\/\/petproducts.com.cn\/pt\/produto\/small-pet-sofa-bed-best-dog-beds-for-puppies\/\" \/>\n<meta property=\"og:site_name\" content=\"Petstar\" \/>\n<meta property=\"article:modified_time\" content=\"2024-01-09T07:10:33+00:00\" \/>\n<meta property=\"og:image\" content=\"https:\/\/petproducts.com.cn\/wp-content\/uploads\/2024\/01\/small-pet-sofa-bed.webp\" \/>\n\t<meta property=\"og:image:width\" content=\"1000\" \/>\n\t<meta property=\"og:image:height\" content=\"1000\" \/>\n\t<meta property=\"og:image:type\" content=\"image\/webp\" \/>\n<meta name=\"twitter:card\" content=\"summary_large_image\" \/>\n<meta name=\"twitter:label1\" content=\"Tempo estimado de leitura\" \/>\n\t<meta name=\"twitter:data1\" content=\"2 minutos\" \/>\n<script type=\"application\/ld+json\" class=\"yoast-schema-graph\">{\"@context\":\"https:\/\/schema.org\",\"@graph\":[{\"@type\":\"WebPage\",\"@id\":\"https:\/\/petproducts.com.cn\/product\/small-pet-sofa-bed-best-dog-beds-for-puppies\/\",\"url\":\"https:\/\/petproducts.com.cn\/product\/small-pet-sofa-bed-best-dog-beds-for-puppies\/\",\"name\":\"Small Pet Sofa Bed | Custom Dog Beds For Puppies - Petstar\",\"isPartOf\":{\"@id\":\"https:\/\/petproducts.com.cn\/#website\"},\"primaryImageOfPage\":{\"@id\":\"https:\/\/petproducts.com.cn\/product\/small-pet-sofa-bed-best-dog-beds-for-puppies\/#primaryimage\"},\"image\":{\"@id\":\"https:\/\/petproducts.com.cn\/product\/small-pet-sofa-bed-best-dog-beds-for-puppies\/#primaryimage\"},\"thumbnailUrl\":\"https:\/\/petproducts.com.cn\/wp-content\/uploads\/2024\/01\/small-pet-sofa-bed.webp\",\"datePublished\":\"2024-01-09T06:46:48+00:00\",\"dateModified\":\"2024-01-09T07:10:33+00:00\",\"description\":\"Explore small pet sofa bed, best dog beds for puppies, dog beds for puppies from the manufacturer. Your ideal business solution with Petstar.\",\"breadcrumb\":{\"@id\":\"https:\/\/petproducts.com.cn\/product\/small-pet-sofa-bed-best-dog-beds-for-puppies\/#breadcrumb\"},\"inLanguage\":\"pt-PT\",\"potentialAction\":[{\"@type\":\"ReadAction\",\"target\":[\"https:\/\/petproducts.com.cn\/product\/small-pet-sofa-bed-best-dog-beds-for-puppies\/\"]}]},{\"@type\":\"ImageObject\",\"inLanguage\":\"pt-PT\",\"@id\":\"https:\/\/petproducts.com.cn\/product\/small-pet-sofa-bed-best-dog-beds-for-puppies\/#primaryimage\",\"url\":\"https:\/\/petproducts.com.cn\/wp-content\/uploads\/2024\/01\/small-pet-sofa-bed.webp\",\"contentUrl\":\"https:\/\/petproducts.com.cn\/wp-content\/uploads\/2024\/01\/small-pet-sofa-bed.webp\",\"width\":1000,\"height\":1000,\"caption\":\"small pet sofa bed\"},{\"@type\":\"BreadcrumbList\",\"@id\":\"https:\/\/petproducts.com.cn\/product\/small-pet-sofa-bed-best-dog-beds-for-puppies\/#breadcrumb\",\"itemListElement\":[{\"@type\":\"ListItem\",\"position\":1,\"name\":\"HOME\",\"item\":\"https:\/\/petproducts.com.cn\/\"},{\"@type\":\"ListItem\",\"position\":2,\"name\":\"Products\",\"item\":\"https:\/\/petproducts.com.cn\/shop\/\"},{\"@type\":\"ListItem\",\"position\":3,\"name\":\"Dog Beds\",\"item\":\"https:\/\/petproducts.com.cn\/product-category\/dog-beds\/\"},{\"@type\":\"ListItem\",\"position\":4,\"name\":\"Small Pet Sofa Bed Best Dog Beds For Puppies\"}]},{\"@type\":\"WebSite\",\"@id\":\"https:\/\/petproducts.com.cn\/#website\",\"url\":\"https:\/\/petproducts.com.cn\/\",\"name\":\"Petstar\",\"description\":\"Leading Pet Supplies Manufacturer &amp; OEM Pet Products Supplier\",\"publisher\":{\"@id\":\"https:\/\/petproducts.com.cn\/#organization\"},\"alternateName\":\"Petstar Pet Supplies\",\"potentialAction\":[{\"@type\":\"SearchAction\",\"target\":{\"@type\":\"EntryPoint\",\"urlTemplate\":\"https:\/\/petproducts.com.cn\/?s={search_term_string}\"},\"query-input\":{\"@type\":\"PropertyValueSpecification\",\"valueRequired\":true,\"valueName\":\"search_term_string\"}}],\"inLanguage\":\"pt-PT\"},{\"@type\":\"Organization\",\"@id\":\"https:\/\/petproducts.com.cn\/#organization\",\"name\":\"Petstar\",\"url\":\"https:\/\/petproducts.com.cn\/\",\"logo\":{\"@type\":\"ImageObject\",\"inLanguage\":\"pt-PT\",\"@id\":\"https:\/\/petproducts.com.cn\/#\/schema\/logo\/image\/\",\"url\":\"https:\/\/petproducts.com.cn\/wp-content\/uploads\/2020\/02\/petstar-logo.webp\",\"contentUrl\":\"https:\/\/petproducts.com.cn\/wp-content\/uploads\/2020\/02\/petstar-logo.webp\",\"width\":779,\"height\":520,\"caption\":\"Petstar\"},\"image\":{\"@id\":\"https:\/\/petproducts.com.cn\/#\/schema\/logo\/image\/\"}}]}<\/script>\n<!-- \/ Yoast SEO plugin. -->","yoast_head_json":{"title":"Sof\u00e1-cama para animais de estima\u00e7\u00e3o pequenos | Camas personalizadas para cachorros - Petstar","description":"Explore o pequeno sof\u00e1-cama para animais de estima\u00e7\u00e3o, as melhores camas para c\u00e3es para cachorros, camas para c\u00e3es para cachorros do fabricante. A sua solu\u00e7\u00e3o comercial ideal com Petstar.","robots":{"index":"index","follow":"follow","max-snippet":"max-snippet:-1","max-image-preview":"max-image-preview:large","max-video-preview":"max-video-preview:-1"},"canonical":"https:\/\/petproducts.com.cn\/pt\/produto\/small-pet-sofa-bed-best-dog-beds-for-puppies\/","og_locale":"pt_PT","og_type":"article","og_title":"Small Pet Sofa Bed | Custom Dog Beds For Puppies - Petstar","og_description":"Explore small pet sofa bed, best dog beds for puppies, dog beds for puppies from the manufacturer. Your ideal business solution with Petstar.","og_url":"https:\/\/petproducts.com.cn\/pt\/produto\/small-pet-sofa-bed-best-dog-beds-for-puppies\/","og_site_name":"Petstar","article_modified_time":"2024-01-09T07:10:33+00:00","og_image":[{"width":1000,"height":1000,"url":"https:\/\/petproducts.com.cn\/wp-content\/uploads\/2024\/01\/small-pet-sofa-bed.webp","type":"image\/webp"}],"twitter_card":"summary_large_image","twitter_misc":{"Tempo estimado de leitura":"2 minutos"},"schema":{"@context":"https:\/\/schema.org","@graph":[{"@type":"WebPage","@id":"https:\/\/petproducts.com.cn\/product\/small-pet-sofa-bed-best-dog-beds-for-puppies\/","url":"https:\/\/petproducts.com.cn\/product\/small-pet-sofa-bed-best-dog-beds-for-puppies\/","name":"Sof\u00e1-cama para animais de estima\u00e7\u00e3o pequenos | Camas personalizadas para cachorros - Petstar","isPartOf":{"@id":"https:\/\/petproducts.com.cn\/#website"},"primaryImageOfPage":{"@id":"https:\/\/petproducts.com.cn\/product\/small-pet-sofa-bed-best-dog-beds-for-puppies\/#primaryimage"},"image":{"@id":"https:\/\/petproducts.com.cn\/product\/small-pet-sofa-bed-best-dog-beds-for-puppies\/#primaryimage"},"thumbnailUrl":"https:\/\/petproducts.com.cn\/wp-content\/uploads\/2024\/01\/small-pet-sofa-bed.webp","datePublished":"2024-01-09T06:46:48+00:00","dateModified":"2024-01-09T07:10:33+00:00","description":"Explore o pequeno sof\u00e1-cama para animais de estima\u00e7\u00e3o, as melhores camas para c\u00e3es para cachorros, camas para c\u00e3es para cachorros do fabricante. A sua solu\u00e7\u00e3o comercial ideal com Petstar.","breadcrumb":{"@id":"https:\/\/petproducts.com.cn\/product\/small-pet-sofa-bed-best-dog-beds-for-puppies\/#breadcrumb"},"inLanguage":"pt-PT","potentialAction":[{"@type":"ReadAction","target":["https:\/\/petproducts.com.cn\/product\/small-pet-sofa-bed-best-dog-beds-for-puppies\/"]}]},{"@type":"ImageObject","inLanguage":"pt-PT","@id":"https:\/\/petproducts.com.cn\/product\/small-pet-sofa-bed-best-dog-beds-for-puppies\/#primaryimage","url":"https:\/\/petproducts.com.cn\/wp-content\/uploads\/2024\/01\/small-pet-sofa-bed.webp","contentUrl":"https:\/\/petproducts.com.cn\/wp-content\/uploads\/2024\/01\/small-pet-sofa-bed.webp","width":1000,"height":1000,"caption":"small pet sofa bed"},{"@type":"BreadcrumbList","@id":"https:\/\/petproducts.com.cn\/product\/small-pet-sofa-bed-best-dog-beds-for-puppies\/#breadcrumb","itemListElement":[{"@type":"ListItem","position":1,"name":"HOME","item":"https:\/\/petproducts.com.cn\/"},{"@type":"ListItem","position":2,"name":"Products","item":"https:\/\/petproducts.com.cn\/shop\/"},{"@type":"ListItem","position":3,"name":"Dog Beds","item":"https:\/\/petproducts.com.cn\/product-category\/dog-beds\/"},{"@type":"ListItem","position":4,"name":"Small Pet Sofa Bed Best Dog Beds For Puppies"}]},{"@type":"WebSite","@id":"https:\/\/petproducts.com.cn\/#website","url":"https:\/\/petproducts.com.cn\/","name":"Petstar","description":"Fabricante l\u00edder de artigos para animais de estima\u00e7\u00e3o e fornecedor de produtos OEM para animais de estima\u00e7\u00e3o","publisher":{"@id":"https:\/\/petproducts.com.cn\/#organization"},"alternateName":"Petstar Pet Supplies","potentialAction":[{"@type":"SearchAction","target":{"@type":"EntryPoint","urlTemplate":"https:\/\/petproducts.com.cn\/?s={search_term_string}"},"query-input":{"@type":"PropertyValueSpecification","valueRequired":true,"valueName":"search_term_string"}}],"inLanguage":"pt-PT"},{"@type":"Organization","@id":"https:\/\/petproducts.com.cn\/#organization","name":"Petstar","url":"https:\/\/petproducts.com.cn\/","logo":{"@type":"ImageObject","inLanguage":"pt-PT","@id":"https:\/\/petproducts.com.cn\/#\/schema\/logo\/image\/","url":"https:\/\/petproducts.com.cn\/wp-content\/uploads\/2020\/02\/petstar-logo.webp","contentUrl":"https:\/\/petproducts.com.cn\/wp-content\/uploads\/2020\/02\/petstar-logo.webp","width":779,"height":520,"caption":"Petstar"},"image":{"@id":"https:\/\/petproducts.com.cn\/#\/schema\/logo\/image\/"}}]}},"_links":{"self":[{"href":"https:\/\/petproducts.com.cn\/pt\/wp-json\/wp\/v2\/product\/18663","targetHints":{"allow":["GET"]}}],"collection":[{"href":"https:\/\/petproducts.com.cn\/pt\/wp-json\/wp\/v2\/product"}],"about":[{"href":"https:\/\/petproducts.com.cn\/pt\/wp-json\/wp\/v2\/types\/product"}],"version-history":[{"count":1,"href":"https:\/\/petproducts.com.cn\/pt\/wp-json\/wp\/v2\/product\/18663\/revisions"}],"predecessor-version":[{"id":18670,"href":"https:\/\/petproducts.com.cn\/pt\/wp-json\/wp\/v2\/product\/18663\/revisions\/18670"}],"wp:featuredmedia":[{"embeddable":true,"href":"https:\/\/petproducts.com.cn\/pt\/wp-json\/wp\/v2\/media\/18668"}],"wp:attachment":[{"href":"https:\/\/petproducts.com.cn\/pt\/wp-json\/wp\/v2\/media?parent=18663"}],"wp:term":[{"taxonomy":"product_brand","embeddable":true,"href":"https:\/\/petproducts.com.cn\/pt\/wp-json\/wp\/v2\/product_brand?post=18663"},{"taxonomy":"product_cat","embeddable":true,"href":"https:\/\/petproducts.com.cn\/pt\/wp-json\/wp\/v2\/product_cat?post=18663"},{"taxonomy":"product_tag","embeddable":true,"href":"https:\/\/petproducts.com.cn\/pt\/wp-json\/wp\/v2\/product_tag?post=18663"}],"curies":[{"name":"wp","href":"https:\/\/api.w.org\/{rel}","templated":true}]}}