{"id":18680,"date":"2024-01-09T08:10:24","date_gmt":"2024-01-09T08:10:24","guid":{"rendered":"https:\/\/petproducts.com.cn\/?post_type=product&#038;p=18680"},"modified":"2024-01-09T08:33:28","modified_gmt":"2024-01-09T08:33:28","slug":"plush-donut-pet-bed-china-round-pet-bed","status":"publish","type":"product","link":"https:\/\/petproducts.com.cn\/pt\/product\/plush-donut-pet-bed-china-round-pet-bed\/","title":{"rendered":"Cama redonda de pel\u00facia para animais de estima\u00e7\u00e3o China Cama redonda para animais de estima\u00e7\u00e3o"},"content":{"rendered":"<h2>Carater\u00edsticas da cama de peluche Donut para animais de estima\u00e7\u00e3o<\/h2>\n<ol>\n<li><strong>Irresistible Donut Round Style:<\/strong> Mergulhe no colo do luxo com o nosso inovador design redondo de donut da Plush Donut Pet Bed, proporcionando um espa\u00e7o acolhedor e seguro para o seu animal de estima\u00e7\u00e3o se aconchegar. Esta silhueta elegante n\u00e3o s\u00f3 complementa a decora\u00e7\u00e3o da sua casa, como tamb\u00e9m oferece uma sensa\u00e7\u00e3o de seguran\u00e7a, tornando-a o ref\u00fagio perfeito para o seu companheiro peludo.<\/li>\n<li><strong>Sumptuoso tecido de pel\u00facia curto:<\/strong> Eleve a experi\u00eancia de descanso do seu animal de estima\u00e7\u00e3o com o tecido de pel\u00facia curto da cama de donut. Este material macio e aveludado envolve o seu animal de estima\u00e7\u00e3o em calor e conforto, criando um ref\u00fagio agrad\u00e1vel para relaxar e dormir a sesta. O seu animal de estima\u00e7\u00e3o vai adorar o toque suave deste tecido de alta qualidade e amigo dos animais.<\/li>\n<li><strong>Calor e suavidade excepcionais:<\/strong> A cama para animais de estima\u00e7\u00e3o donut n\u00e3o \u00e9 apenas uma pe\u00e7a de mobili\u00e1rio; \u00e9 um abra\u00e7o quente para o seu animal de estima\u00e7\u00e3o. O tecido de pel\u00facia curto ret\u00e9m o calor, garantindo que o seu amigo peludo se mantenha quente durante as noites frias. Deixe o seu animal de estima\u00e7\u00e3o deleitar-se com a suavidade incompar\u00e1vel, fazendo de cada sesta uma experi\u00eancia de luxo.<\/li>\n<li><strong>Fundo antiderrapante para maior estabilidade:<\/strong> Diga adeus aos escorreg\u00f5es e deslizes! A cama para animais de estima\u00e7\u00e3o possui um fundo antiderrapante cuidadosamente concebido, proporcionando estabilidade em v\u00e1rias superf\u00edcies. O seu animal de estima\u00e7\u00e3o pode mover-se livremente, brincar e instalar-se no seu ref\u00fagio acolhedor sem se preocupar com o deslocamento da cama, garantindo conforto e seguran\u00e7a.<\/li>\n<li><strong>Utiliza\u00e7\u00e3o vers\u00e1til em qualquer lugar:<\/strong> Quer seja colocada na sala de estar, no quarto ou em qualquer canto preferido da sua casa, esta cama redonda para animais de estima\u00e7\u00e3o integra-se perfeitamente no seu interior, oferecendo um espa\u00e7o dedicado ao seu animal de estima\u00e7\u00e3o. \u00c9 uma adi\u00e7\u00e3o atractiva que serve tanto para fins est\u00e9ticos como funcionais.<\/li>\n<\/ol>","protected":false},"excerpt":{"rendered":"<p>Somos fabricantes de camas para animais de estima\u00e7\u00e3o com mais de 20 anos de experi\u00eancia. Oferecemos op\u00e7\u00f5es de personaliza\u00e7\u00e3o de cor, tamanho, tecido, padr\u00e3o, logotipo e outros recursos.<\/p>","protected":false},"featured_media":18686,"template":"","meta":{"_acf_changed":false},"product_brand":[],"product_cat":[58,71,57,72],"product_tag":[74,75],"class_list":{"0":"post-18680","1":"product","2":"type-product","3":"status-publish","4":"has-post-thumbnail","6":"product_cat-cat-beds","7":"product_cat-cat-supplies","8":"product_cat-dog-beds","9":"product_cat-dog-supplies","10":"product_tag-cat-beds","11":"product_tag-dog-beds","13":"first","14":"instock","15":"shipping-taxable","16":"product-type-simple"},"acf":[],"yoast_head":"<!-- This site is optimized with the Yoast SEO plugin v27.1.1 - https:\/\/yoast.com\/product\/yoast-seo-wordpress\/ -->\n<title>Plush Donut Pet Bed | Custom Round Pet Bed - Petstar<\/title>\n<meta name=\"description\" content=\"Explore plush donut pet bed, china round pet bed, pet bed round from the manufacturer. Your ideal business solution with Petstar.\" \/>\n<meta name=\"robots\" content=\"index, follow, max-snippet:-1, max-image-preview:large, max-video-preview:-1\" \/>\n<link rel=\"canonical\" href=\"https:\/\/petproducts.com.cn\/pt\/produto\/plush-donut-pet-bed-china-round-pet-bed\/\" \/>\n<meta property=\"og:locale\" content=\"pt_PT\" \/>\n<meta property=\"og:type\" content=\"article\" \/>\n<meta property=\"og:title\" content=\"Plush Donut Pet Bed | Custom Round Pet Bed - Petstar\" \/>\n<meta property=\"og:description\" content=\"Explore plush donut pet bed, china round pet bed, pet bed round from the manufacturer. Your ideal business solution with Petstar.\" \/>\n<meta property=\"og:url\" content=\"https:\/\/petproducts.com.cn\/pt\/produto\/plush-donut-pet-bed-china-round-pet-bed\/\" \/>\n<meta property=\"og:site_name\" content=\"Petstar\" \/>\n<meta property=\"article:modified_time\" content=\"2024-01-09T08:33:28+00:00\" \/>\n<meta property=\"og:image\" content=\"https:\/\/petproducts.com.cn\/wp-content\/uploads\/2024\/01\/Plush-Donut-Pet-Bed.webp\" \/>\n\t<meta property=\"og:image:width\" content=\"1000\" \/>\n\t<meta property=\"og:image:height\" content=\"1000\" \/>\n\t<meta property=\"og:image:type\" content=\"image\/webp\" \/>\n<meta name=\"twitter:card\" content=\"summary_large_image\" \/>\n<meta name=\"twitter:label1\" content=\"Tempo estimado de leitura\" \/>\n\t<meta name=\"twitter:data1\" content=\"2 minutos\" \/>\n<script type=\"application\/ld+json\" class=\"yoast-schema-graph\">{\"@context\":\"https:\/\/schema.org\",\"@graph\":[{\"@type\":\"WebPage\",\"@id\":\"https:\/\/petproducts.com.cn\/product\/plush-donut-pet-bed-china-round-pet-bed\/\",\"url\":\"https:\/\/petproducts.com.cn\/product\/plush-donut-pet-bed-china-round-pet-bed\/\",\"name\":\"Plush Donut Pet Bed | Custom Round Pet Bed - Petstar\",\"isPartOf\":{\"@id\":\"https:\/\/petproducts.com.cn\/#website\"},\"primaryImageOfPage\":{\"@id\":\"https:\/\/petproducts.com.cn\/product\/plush-donut-pet-bed-china-round-pet-bed\/#primaryimage\"},\"image\":{\"@id\":\"https:\/\/petproducts.com.cn\/product\/plush-donut-pet-bed-china-round-pet-bed\/#primaryimage\"},\"thumbnailUrl\":\"https:\/\/petproducts.com.cn\/wp-content\/uploads\/2024\/01\/Plush-Donut-Pet-Bed.webp\",\"datePublished\":\"2024-01-09T08:10:24+00:00\",\"dateModified\":\"2024-01-09T08:33:28+00:00\",\"description\":\"Explore plush donut pet bed, china round pet bed, pet bed round from the manufacturer. Your ideal business solution with Petstar.\",\"breadcrumb\":{\"@id\":\"https:\/\/petproducts.com.cn\/product\/plush-donut-pet-bed-china-round-pet-bed\/#breadcrumb\"},\"inLanguage\":\"pt-PT\",\"potentialAction\":[{\"@type\":\"ReadAction\",\"target\":[\"https:\/\/petproducts.com.cn\/product\/plush-donut-pet-bed-china-round-pet-bed\/\"]}]},{\"@type\":\"ImageObject\",\"inLanguage\":\"pt-PT\",\"@id\":\"https:\/\/petproducts.com.cn\/product\/plush-donut-pet-bed-china-round-pet-bed\/#primaryimage\",\"url\":\"https:\/\/petproducts.com.cn\/wp-content\/uploads\/2024\/01\/Plush-Donut-Pet-Bed.webp\",\"contentUrl\":\"https:\/\/petproducts.com.cn\/wp-content\/uploads\/2024\/01\/Plush-Donut-Pet-Bed.webp\",\"width\":1000,\"height\":1000,\"caption\":\"Plush Donut Pet Bed\"},{\"@type\":\"BreadcrumbList\",\"@id\":\"https:\/\/petproducts.com.cn\/product\/plush-donut-pet-bed-china-round-pet-bed\/#breadcrumb\",\"itemListElement\":[{\"@type\":\"ListItem\",\"position\":1,\"name\":\"HOME\",\"item\":\"https:\/\/petproducts.com.cn\/\"},{\"@type\":\"ListItem\",\"position\":2,\"name\":\"Products\",\"item\":\"https:\/\/petproducts.com.cn\/shop\/\"},{\"@type\":\"ListItem\",\"position\":3,\"name\":\"Dog Beds\",\"item\":\"https:\/\/petproducts.com.cn\/product-category\/dog-beds\/\"},{\"@type\":\"ListItem\",\"position\":4,\"name\":\"Plush Donut Pet Bed China Round Pet Bed\"}]},{\"@type\":\"WebSite\",\"@id\":\"https:\/\/petproducts.com.cn\/#website\",\"url\":\"https:\/\/petproducts.com.cn\/\",\"name\":\"Petstar\",\"description\":\"Leading Pet Supplies Manufacturer &amp; OEM Pet Products Supplier\",\"publisher\":{\"@id\":\"https:\/\/petproducts.com.cn\/#organization\"},\"alternateName\":\"Petstar Pet Supplies\",\"potentialAction\":[{\"@type\":\"SearchAction\",\"target\":{\"@type\":\"EntryPoint\",\"urlTemplate\":\"https:\/\/petproducts.com.cn\/?s={search_term_string}\"},\"query-input\":{\"@type\":\"PropertyValueSpecification\",\"valueRequired\":true,\"valueName\":\"search_term_string\"}}],\"inLanguage\":\"pt-PT\"},{\"@type\":\"Organization\",\"@id\":\"https:\/\/petproducts.com.cn\/#organization\",\"name\":\"Petstar\",\"url\":\"https:\/\/petproducts.com.cn\/\",\"logo\":{\"@type\":\"ImageObject\",\"inLanguage\":\"pt-PT\",\"@id\":\"https:\/\/petproducts.com.cn\/#\/schema\/logo\/image\/\",\"url\":\"https:\/\/petproducts.com.cn\/wp-content\/uploads\/2020\/02\/petstar-logo.webp\",\"contentUrl\":\"https:\/\/petproducts.com.cn\/wp-content\/uploads\/2020\/02\/petstar-logo.webp\",\"width\":779,\"height\":520,\"caption\":\"Petstar\"},\"image\":{\"@id\":\"https:\/\/petproducts.com.cn\/#\/schema\/logo\/image\/\"}}]}<\/script>\n<!-- \/ Yoast SEO plugin. -->","yoast_head_json":{"title":"Cama para animais de estima\u00e7\u00e3o Donut de pel\u00facia | Cama para animais de estima\u00e7\u00e3o redonda personalizada - Petstar","description":"Explore cama de pel\u00facia para animais de estima\u00e7\u00e3o, cama redonda para animais de estima\u00e7\u00e3o na China, cama redonda para animais de estima\u00e7\u00e3o do fabricante. A sua solu\u00e7\u00e3o comercial ideal com Petstar.","robots":{"index":"index","follow":"follow","max-snippet":"max-snippet:-1","max-image-preview":"max-image-preview:large","max-video-preview":"max-video-preview:-1"},"canonical":"https:\/\/petproducts.com.cn\/pt\/produto\/plush-donut-pet-bed-china-round-pet-bed\/","og_locale":"pt_PT","og_type":"article","og_title":"Plush Donut Pet Bed | Custom Round Pet Bed - Petstar","og_description":"Explore plush donut pet bed, china round pet bed, pet bed round from the manufacturer. Your ideal business solution with Petstar.","og_url":"https:\/\/petproducts.com.cn\/pt\/produto\/plush-donut-pet-bed-china-round-pet-bed\/","og_site_name":"Petstar","article_modified_time":"2024-01-09T08:33:28+00:00","og_image":[{"width":1000,"height":1000,"url":"https:\/\/petproducts.com.cn\/wp-content\/uploads\/2024\/01\/Plush-Donut-Pet-Bed.webp","type":"image\/webp"}],"twitter_card":"summary_large_image","twitter_misc":{"Tempo estimado de leitura":"2 minutos"},"schema":{"@context":"https:\/\/schema.org","@graph":[{"@type":"WebPage","@id":"https:\/\/petproducts.com.cn\/product\/plush-donut-pet-bed-china-round-pet-bed\/","url":"https:\/\/petproducts.com.cn\/product\/plush-donut-pet-bed-china-round-pet-bed\/","name":"Cama para animais de estima\u00e7\u00e3o Donut de pel\u00facia | Cama para animais de estima\u00e7\u00e3o redonda personalizada - Petstar","isPartOf":{"@id":"https:\/\/petproducts.com.cn\/#website"},"primaryImageOfPage":{"@id":"https:\/\/petproducts.com.cn\/product\/plush-donut-pet-bed-china-round-pet-bed\/#primaryimage"},"image":{"@id":"https:\/\/petproducts.com.cn\/product\/plush-donut-pet-bed-china-round-pet-bed\/#primaryimage"},"thumbnailUrl":"https:\/\/petproducts.com.cn\/wp-content\/uploads\/2024\/01\/Plush-Donut-Pet-Bed.webp","datePublished":"2024-01-09T08:10:24+00:00","dateModified":"2024-01-09T08:33:28+00:00","description":"Explore cama de pel\u00facia para animais de estima\u00e7\u00e3o, cama redonda para animais de estima\u00e7\u00e3o na China, cama redonda para animais de estima\u00e7\u00e3o do fabricante. A sua solu\u00e7\u00e3o comercial ideal com Petstar.","breadcrumb":{"@id":"https:\/\/petproducts.com.cn\/product\/plush-donut-pet-bed-china-round-pet-bed\/#breadcrumb"},"inLanguage":"pt-PT","potentialAction":[{"@type":"ReadAction","target":["https:\/\/petproducts.com.cn\/product\/plush-donut-pet-bed-china-round-pet-bed\/"]}]},{"@type":"ImageObject","inLanguage":"pt-PT","@id":"https:\/\/petproducts.com.cn\/product\/plush-donut-pet-bed-china-round-pet-bed\/#primaryimage","url":"https:\/\/petproducts.com.cn\/wp-content\/uploads\/2024\/01\/Plush-Donut-Pet-Bed.webp","contentUrl":"https:\/\/petproducts.com.cn\/wp-content\/uploads\/2024\/01\/Plush-Donut-Pet-Bed.webp","width":1000,"height":1000,"caption":"Plush Donut Pet Bed"},{"@type":"BreadcrumbList","@id":"https:\/\/petproducts.com.cn\/product\/plush-donut-pet-bed-china-round-pet-bed\/#breadcrumb","itemListElement":[{"@type":"ListItem","position":1,"name":"HOME","item":"https:\/\/petproducts.com.cn\/"},{"@type":"ListItem","position":2,"name":"Products","item":"https:\/\/petproducts.com.cn\/shop\/"},{"@type":"ListItem","position":3,"name":"Dog Beds","item":"https:\/\/petproducts.com.cn\/product-category\/dog-beds\/"},{"@type":"ListItem","position":4,"name":"Plush Donut Pet Bed China Round Pet Bed"}]},{"@type":"WebSite","@id":"https:\/\/petproducts.com.cn\/#website","url":"https:\/\/petproducts.com.cn\/","name":"Petstar","description":"Fabricante l\u00edder de artigos para animais de estima\u00e7\u00e3o e fornecedor de produtos OEM para animais de estima\u00e7\u00e3o","publisher":{"@id":"https:\/\/petproducts.com.cn\/#organization"},"alternateName":"Petstar Pet Supplies","potentialAction":[{"@type":"SearchAction","target":{"@type":"EntryPoint","urlTemplate":"https:\/\/petproducts.com.cn\/?s={search_term_string}"},"query-input":{"@type":"PropertyValueSpecification","valueRequired":true,"valueName":"search_term_string"}}],"inLanguage":"pt-PT"},{"@type":"Organization","@id":"https:\/\/petproducts.com.cn\/#organization","name":"Petstar","url":"https:\/\/petproducts.com.cn\/","logo":{"@type":"ImageObject","inLanguage":"pt-PT","@id":"https:\/\/petproducts.com.cn\/#\/schema\/logo\/image\/","url":"https:\/\/petproducts.com.cn\/wp-content\/uploads\/2020\/02\/petstar-logo.webp","contentUrl":"https:\/\/petproducts.com.cn\/wp-content\/uploads\/2020\/02\/petstar-logo.webp","width":779,"height":520,"caption":"Petstar"},"image":{"@id":"https:\/\/petproducts.com.cn\/#\/schema\/logo\/image\/"}}]}},"_links":{"self":[{"href":"https:\/\/petproducts.com.cn\/pt\/wp-json\/wp\/v2\/product\/18680","targetHints":{"allow":["GET"]}}],"collection":[{"href":"https:\/\/petproducts.com.cn\/pt\/wp-json\/wp\/v2\/product"}],"about":[{"href":"https:\/\/petproducts.com.cn\/pt\/wp-json\/wp\/v2\/types\/product"}],"version-history":[{"count":2,"href":"https:\/\/petproducts.com.cn\/pt\/wp-json\/wp\/v2\/product\/18680\/revisions"}],"predecessor-version":[{"id":18688,"href":"https:\/\/petproducts.com.cn\/pt\/wp-json\/wp\/v2\/product\/18680\/revisions\/18688"}],"wp:featuredmedia":[{"embeddable":true,"href":"https:\/\/petproducts.com.cn\/pt\/wp-json\/wp\/v2\/media\/18686"}],"wp:attachment":[{"href":"https:\/\/petproducts.com.cn\/pt\/wp-json\/wp\/v2\/media?parent=18680"}],"wp:term":[{"taxonomy":"product_brand","embeddable":true,"href":"https:\/\/petproducts.com.cn\/pt\/wp-json\/wp\/v2\/product_brand?post=18680"},{"taxonomy":"product_cat","embeddable":true,"href":"https:\/\/petproducts.com.cn\/pt\/wp-json\/wp\/v2\/product_cat?post=18680"},{"taxonomy":"product_tag","embeddable":true,"href":"https:\/\/petproducts.com.cn\/pt\/wp-json\/wp\/v2\/product_tag?post=18680"}],"curies":[{"name":"wp","href":"https:\/\/api.w.org\/{rel}","templated":true}]}}