{"id":20731,"date":"2024-03-15T07:06:13","date_gmt":"2024-03-15T07:06:13","guid":{"rendered":"https:\/\/petproducts.com.cn\/?post_type=product&#038;p=20731"},"modified":"2024-03-15T07:28:21","modified_gmt":"2024-03-15T07:28:21","slug":"christmas-dog-house-bed-soft-pet-bed-house","status":"publish","type":"product","link":"https:\/\/petproducts.com.cn\/pt\/product\/christmas-dog-house-bed-soft-pet-bed-house\/","title":{"rendered":"Casa de cachorro de Natal com cama macia para animais de estima\u00e7\u00e3o"},"content":{"rendered":"<h2>Features Of Christmas Dog House Bed<\/h2>\n<div class=\"w-full pt-2 md:pt-0 dark:border-white\/20 md:border-transparent md:dark:border-transparent md:w-[calc(100%-.5rem)]\">\n<form class=\"stretch mx-2 flex flex-row gap-3 last:mb-2 md:mx-4 md:last:mb-6 lg:mx-auto lg:max-w-2xl xl:max-w-3xl\">\n<div class=\"relative flex h-full flex-1 flex-col\">\n<div class=\"flex w-full items-center\">\n<div class=\"overflow-hidden [&amp;:has(textarea:focus)]:border-token-border-xheavy [&amp;:has(textarea:focus)]:shadow-[0_2px_6px_rgba(0,0,0,.05)] flex flex-col w-full dark:border-token-border-medium flex-grow relative border border-token-border-medium dark:text-white rounded-2xl bg-token-main-surface-primary\">\n<div data-grammarly-part=\"button\">\n<ol>\n<li><strong>Festive Delight<\/strong>: Treat your pup to the holiday spirit with our Christmas-themed dog house bed. Designed to resemble a charming holiday cottage, it adds a touch of festive cheer to your home decor. Your dog will love having their own little Christmas retreat.<\/li>\n<li><strong>Plush Flannel Fabric<\/strong>: Crafted from premium flannel fabric, our dog house bed offers unmatched softness and warmth. It&#8217;s like a cozy hug for your pet, ensuring they stay comfortable and snug throughout the winter season.<\/li>\n<li><strong>House-shaped Design<\/strong>: Give your dog the ultimate cozy experience with our house-shaped bed. It provides a sense of security and privacy, mimicking the feeling of being nestled in their own little den. Your furry friend will feel safe and secure in their new favorite spot.<\/li>\n<li><strong>Anti-Slip Bottom<\/strong>: Worried about the bed sliding around? Don&#8217;t be! Our dog house bed features an anti-slip bottom, keeping it securely in place on any surface. Whether placed on hardwood floors or tiles, it stays put, providing stability and safety for your pet.<\/li>\n<li><strong>Versatile Use<\/strong>: Not just for Christmas, our dog house bed is a versatile accessory that your pet will love year-round. Whether used as a cozy spot for napping or a hideaway during thunderstorms, it&#8217;s sure to become your dog&#8217;s favorite spot in the house.<\/li>\n<\/ol>\n<\/div>\n<\/div>\n<\/div>\n<\/div>\n<\/form>\n<\/div>\n","protected":false},"excerpt":{"rendered":"<p>Somos fabricantes de camas para animais de estima\u00e7\u00e3o com mais de 20 anos de experi\u00eancia. Oferecemos op\u00e7\u00f5es de personaliza\u00e7\u00e3o de cor, tamanho, tecido, padr\u00e3o, logotipo e outros recursos.<\/p>","protected":false},"featured_media":20733,"template":"","meta":{"_acf_changed":false},"product_brand":[],"product_cat":[57,72],"product_tag":[75],"class_list":{"0":"post-20731","1":"product","2":"type-product","3":"status-publish","4":"has-post-thumbnail","6":"product_cat-dog-beds","7":"product_cat-dog-supplies","8":"product_tag-dog-beds","10":"first","11":"instock","12":"shipping-taxable","13":"product-type-simple"},"acf":[],"yoast_head":"<!-- This site is optimized with the Yoast SEO plugin v27.1.1 - https:\/\/yoast.com\/product\/yoast-seo-wordpress\/ -->\n<title>Christmas Dog House Bed | Custom Soft Pet Bed House - Petstar<\/title>\n<meta name=\"description\" content=\"Explore christmas dog house bed, dog house beds, soft pet bed house from the manufacturer. Your ideal business solution with Petstar.\" \/>\n<meta name=\"robots\" content=\"index, follow, max-snippet:-1, max-image-preview:large, max-video-preview:-1\" \/>\n<link rel=\"canonical\" href=\"https:\/\/petproducts.com.cn\/pt\/produto\/christmas-dog-house-bed-soft-pet-bed-house\/\" \/>\n<meta property=\"og:locale\" content=\"pt_PT\" \/>\n<meta property=\"og:type\" content=\"article\" \/>\n<meta property=\"og:title\" content=\"Christmas Dog House Bed | Custom Soft Pet Bed House - Petstar\" \/>\n<meta property=\"og:description\" content=\"Explore christmas dog house bed, dog house beds, soft pet bed house from the manufacturer. Your ideal business solution with Petstar.\" \/>\n<meta property=\"og:url\" content=\"https:\/\/petproducts.com.cn\/pt\/produto\/christmas-dog-house-bed-soft-pet-bed-house\/\" \/>\n<meta property=\"og:site_name\" content=\"Petstar\" \/>\n<meta property=\"article:modified_time\" content=\"2024-03-15T07:28:21+00:00\" \/>\n<meta property=\"og:image\" content=\"https:\/\/petproducts.com.cn\/wp-content\/uploads\/2024\/03\/Christmas-Dog-House-Bed.webp\" \/>\n\t<meta property=\"og:image:width\" content=\"800\" \/>\n\t<meta property=\"og:image:height\" content=\"800\" \/>\n\t<meta property=\"og:image:type\" content=\"image\/webp\" \/>\n<meta name=\"twitter:card\" content=\"summary_large_image\" \/>\n<meta name=\"twitter:label1\" content=\"Tempo estimado de leitura\" \/>\n\t<meta name=\"twitter:data1\" content=\"1 minuto\" \/>\n<script type=\"application\/ld+json\" class=\"yoast-schema-graph\">{\"@context\":\"https:\/\/schema.org\",\"@graph\":[{\"@type\":\"WebPage\",\"@id\":\"https:\/\/petproducts.com.cn\/product\/christmas-dog-house-bed-soft-pet-bed-house\/\",\"url\":\"https:\/\/petproducts.com.cn\/product\/christmas-dog-house-bed-soft-pet-bed-house\/\",\"name\":\"Christmas Dog House Bed | Custom Soft Pet Bed House - Petstar\",\"isPartOf\":{\"@id\":\"https:\/\/petproducts.com.cn\/#website\"},\"primaryImageOfPage\":{\"@id\":\"https:\/\/petproducts.com.cn\/product\/christmas-dog-house-bed-soft-pet-bed-house\/#primaryimage\"},\"image\":{\"@id\":\"https:\/\/petproducts.com.cn\/product\/christmas-dog-house-bed-soft-pet-bed-house\/#primaryimage\"},\"thumbnailUrl\":\"https:\/\/petproducts.com.cn\/wp-content\/uploads\/2024\/03\/Christmas-Dog-House-Bed.webp\",\"datePublished\":\"2024-03-15T07:06:13+00:00\",\"dateModified\":\"2024-03-15T07:28:21+00:00\",\"description\":\"Explore christmas dog house bed, dog house beds, soft pet bed house from the manufacturer. Your ideal business solution with Petstar.\",\"breadcrumb\":{\"@id\":\"https:\/\/petproducts.com.cn\/product\/christmas-dog-house-bed-soft-pet-bed-house\/#breadcrumb\"},\"inLanguage\":\"pt-PT\",\"potentialAction\":[{\"@type\":\"ReadAction\",\"target\":[\"https:\/\/petproducts.com.cn\/product\/christmas-dog-house-bed-soft-pet-bed-house\/\"]}]},{\"@type\":\"ImageObject\",\"inLanguage\":\"pt-PT\",\"@id\":\"https:\/\/petproducts.com.cn\/product\/christmas-dog-house-bed-soft-pet-bed-house\/#primaryimage\",\"url\":\"https:\/\/petproducts.com.cn\/wp-content\/uploads\/2024\/03\/Christmas-Dog-House-Bed.webp\",\"contentUrl\":\"https:\/\/petproducts.com.cn\/wp-content\/uploads\/2024\/03\/Christmas-Dog-House-Bed.webp\",\"width\":800,\"height\":800,\"caption\":\"Christmas Dog House Bed\"},{\"@type\":\"BreadcrumbList\",\"@id\":\"https:\/\/petproducts.com.cn\/product\/christmas-dog-house-bed-soft-pet-bed-house\/#breadcrumb\",\"itemListElement\":[{\"@type\":\"ListItem\",\"position\":1,\"name\":\"HOME\",\"item\":\"https:\/\/petproducts.com.cn\/\"},{\"@type\":\"ListItem\",\"position\":2,\"name\":\"Products\",\"item\":\"https:\/\/petproducts.com.cn\/shop\/\"},{\"@type\":\"ListItem\",\"position\":3,\"name\":\"Dog Beds\",\"item\":\"https:\/\/petproducts.com.cn\/product-category\/dog-beds\/\"},{\"@type\":\"ListItem\",\"position\":4,\"name\":\"Christmas Dog House Bed Soft Pet Bed House\"}]},{\"@type\":\"WebSite\",\"@id\":\"https:\/\/petproducts.com.cn\/#website\",\"url\":\"https:\/\/petproducts.com.cn\/\",\"name\":\"Petstar\",\"description\":\"Leading Pet Supplies Manufacturer &amp; OEM Pet Products Supplier\",\"publisher\":{\"@id\":\"https:\/\/petproducts.com.cn\/#organization\"},\"alternateName\":\"Petstar Pet Supplies\",\"potentialAction\":[{\"@type\":\"SearchAction\",\"target\":{\"@type\":\"EntryPoint\",\"urlTemplate\":\"https:\/\/petproducts.com.cn\/?s={search_term_string}\"},\"query-input\":{\"@type\":\"PropertyValueSpecification\",\"valueRequired\":true,\"valueName\":\"search_term_string\"}}],\"inLanguage\":\"pt-PT\"},{\"@type\":\"Organization\",\"@id\":\"https:\/\/petproducts.com.cn\/#organization\",\"name\":\"Petstar\",\"url\":\"https:\/\/petproducts.com.cn\/\",\"logo\":{\"@type\":\"ImageObject\",\"inLanguage\":\"pt-PT\",\"@id\":\"https:\/\/petproducts.com.cn\/#\/schema\/logo\/image\/\",\"url\":\"https:\/\/petproducts.com.cn\/wp-content\/uploads\/2020\/02\/petstar-logo.webp\",\"contentUrl\":\"https:\/\/petproducts.com.cn\/wp-content\/uploads\/2020\/02\/petstar-logo.webp\",\"width\":779,\"height\":520,\"caption\":\"Petstar\"},\"image\":{\"@id\":\"https:\/\/petproducts.com.cn\/#\/schema\/logo\/image\/\"}}]}<\/script>\n<!-- \/ Yoast SEO plugin. -->","yoast_head_json":{"title":"Cama de Natal para c\u00e3es | Cama macia personalizada para animais de estima\u00e7\u00e3o - Petstar","description":"Explore a cama de Natal para c\u00e3es, camas para c\u00e3es, cama macia para animais de estima\u00e7\u00e3o do fabricante. A sua solu\u00e7\u00e3o comercial ideal com Petstar.","robots":{"index":"index","follow":"follow","max-snippet":"max-snippet:-1","max-image-preview":"max-image-preview:large","max-video-preview":"max-video-preview:-1"},"canonical":"https:\/\/petproducts.com.cn\/pt\/produto\/christmas-dog-house-bed-soft-pet-bed-house\/","og_locale":"pt_PT","og_type":"article","og_title":"Christmas Dog House Bed | Custom Soft Pet Bed House - Petstar","og_description":"Explore christmas dog house bed, dog house beds, soft pet bed house from the manufacturer. Your ideal business solution with Petstar.","og_url":"https:\/\/petproducts.com.cn\/pt\/produto\/christmas-dog-house-bed-soft-pet-bed-house\/","og_site_name":"Petstar","article_modified_time":"2024-03-15T07:28:21+00:00","og_image":[{"width":800,"height":800,"url":"https:\/\/petproducts.com.cn\/wp-content\/uploads\/2024\/03\/Christmas-Dog-House-Bed.webp","type":"image\/webp"}],"twitter_card":"summary_large_image","twitter_misc":{"Tempo estimado de leitura":"1 minuto"},"schema":{"@context":"https:\/\/schema.org","@graph":[{"@type":"WebPage","@id":"https:\/\/petproducts.com.cn\/product\/christmas-dog-house-bed-soft-pet-bed-house\/","url":"https:\/\/petproducts.com.cn\/product\/christmas-dog-house-bed-soft-pet-bed-house\/","name":"Cama de Natal para c\u00e3es | Cama macia personalizada para animais de estima\u00e7\u00e3o - Petstar","isPartOf":{"@id":"https:\/\/petproducts.com.cn\/#website"},"primaryImageOfPage":{"@id":"https:\/\/petproducts.com.cn\/product\/christmas-dog-house-bed-soft-pet-bed-house\/#primaryimage"},"image":{"@id":"https:\/\/petproducts.com.cn\/product\/christmas-dog-house-bed-soft-pet-bed-house\/#primaryimage"},"thumbnailUrl":"https:\/\/petproducts.com.cn\/wp-content\/uploads\/2024\/03\/Christmas-Dog-House-Bed.webp","datePublished":"2024-03-15T07:06:13+00:00","dateModified":"2024-03-15T07:28:21+00:00","description":"Explore a cama de Natal para c\u00e3es, camas para c\u00e3es, cama macia para animais de estima\u00e7\u00e3o do fabricante. A sua solu\u00e7\u00e3o comercial ideal com Petstar.","breadcrumb":{"@id":"https:\/\/petproducts.com.cn\/product\/christmas-dog-house-bed-soft-pet-bed-house\/#breadcrumb"},"inLanguage":"pt-PT","potentialAction":[{"@type":"ReadAction","target":["https:\/\/petproducts.com.cn\/product\/christmas-dog-house-bed-soft-pet-bed-house\/"]}]},{"@type":"ImageObject","inLanguage":"pt-PT","@id":"https:\/\/petproducts.com.cn\/product\/christmas-dog-house-bed-soft-pet-bed-house\/#primaryimage","url":"https:\/\/petproducts.com.cn\/wp-content\/uploads\/2024\/03\/Christmas-Dog-House-Bed.webp","contentUrl":"https:\/\/petproducts.com.cn\/wp-content\/uploads\/2024\/03\/Christmas-Dog-House-Bed.webp","width":800,"height":800,"caption":"Christmas Dog House Bed"},{"@type":"BreadcrumbList","@id":"https:\/\/petproducts.com.cn\/product\/christmas-dog-house-bed-soft-pet-bed-house\/#breadcrumb","itemListElement":[{"@type":"ListItem","position":1,"name":"HOME","item":"https:\/\/petproducts.com.cn\/"},{"@type":"ListItem","position":2,"name":"Products","item":"https:\/\/petproducts.com.cn\/shop\/"},{"@type":"ListItem","position":3,"name":"Dog Beds","item":"https:\/\/petproducts.com.cn\/product-category\/dog-beds\/"},{"@type":"ListItem","position":4,"name":"Christmas Dog House Bed Soft Pet Bed House"}]},{"@type":"WebSite","@id":"https:\/\/petproducts.com.cn\/#website","url":"https:\/\/petproducts.com.cn\/","name":"Petstar","description":"Fabricante l\u00edder de artigos para animais de estima\u00e7\u00e3o e fornecedor de produtos OEM para animais de estima\u00e7\u00e3o","publisher":{"@id":"https:\/\/petproducts.com.cn\/#organization"},"alternateName":"Petstar Pet Supplies","potentialAction":[{"@type":"SearchAction","target":{"@type":"EntryPoint","urlTemplate":"https:\/\/petproducts.com.cn\/?s={search_term_string}"},"query-input":{"@type":"PropertyValueSpecification","valueRequired":true,"valueName":"search_term_string"}}],"inLanguage":"pt-PT"},{"@type":"Organization","@id":"https:\/\/petproducts.com.cn\/#organization","name":"Petstar","url":"https:\/\/petproducts.com.cn\/","logo":{"@type":"ImageObject","inLanguage":"pt-PT","@id":"https:\/\/petproducts.com.cn\/#\/schema\/logo\/image\/","url":"https:\/\/petproducts.com.cn\/wp-content\/uploads\/2020\/02\/petstar-logo.webp","contentUrl":"https:\/\/petproducts.com.cn\/wp-content\/uploads\/2020\/02\/petstar-logo.webp","width":779,"height":520,"caption":"Petstar"},"image":{"@id":"https:\/\/petproducts.com.cn\/#\/schema\/logo\/image\/"}}]}},"_links":{"self":[{"href":"https:\/\/petproducts.com.cn\/pt\/wp-json\/wp\/v2\/product\/20731","targetHints":{"allow":["GET"]}}],"collection":[{"href":"https:\/\/petproducts.com.cn\/pt\/wp-json\/wp\/v2\/product"}],"about":[{"href":"https:\/\/petproducts.com.cn\/pt\/wp-json\/wp\/v2\/types\/product"}],"version-history":[{"count":1,"href":"https:\/\/petproducts.com.cn\/pt\/wp-json\/wp\/v2\/product\/20731\/revisions"}],"predecessor-version":[{"id":20732,"href":"https:\/\/petproducts.com.cn\/pt\/wp-json\/wp\/v2\/product\/20731\/revisions\/20732"}],"wp:featuredmedia":[{"embeddable":true,"href":"https:\/\/petproducts.com.cn\/pt\/wp-json\/wp\/v2\/media\/20733"}],"wp:attachment":[{"href":"https:\/\/petproducts.com.cn\/pt\/wp-json\/wp\/v2\/media?parent=20731"}],"wp:term":[{"taxonomy":"product_brand","embeddable":true,"href":"https:\/\/petproducts.com.cn\/pt\/wp-json\/wp\/v2\/product_brand?post=20731"},{"taxonomy":"product_cat","embeddable":true,"href":"https:\/\/petproducts.com.cn\/pt\/wp-json\/wp\/v2\/product_cat?post=20731"},{"taxonomy":"product_tag","embeddable":true,"href":"https:\/\/petproducts.com.cn\/pt\/wp-json\/wp\/v2\/product_tag?post=20731"}],"curies":[{"name":"wp","href":"https:\/\/api.w.org\/{rel}","templated":true}]}}