{"id":20812,"date":"2024-03-20T02:52:43","date_gmt":"2024-03-20T02:52:43","guid":{"rendered":"https:\/\/petproducts.com.cn\/?post_type=product&#038;p=20812"},"modified":"2024-04-07T05:37:26","modified_gmt":"2024-04-07T05:37:26","slug":"felt-cat-bed-removable-cozy-cat-bed","status":"publish","type":"product","link":"https:\/\/petproducts.com.cn\/pt\/product\/felt-cat-bed-removable-cozy-cat-bed\/","title":{"rendered":"Cama de gato de feltro remov\u00edvel e aconchegante"},"content":{"rendered":"<h2>Features Of Felt Cat Bed<\/h2>\n<div class=\"w-full pt-2 md:pt-0 dark:border-white\/20 md:border-transparent md:dark:border-transparent md:w-[calc(100%-.5rem)]\">\n<form class=\"stretch mx-2 flex flex-row gap-3 last:mb-2 md:mx-4 md:last:mb-6 lg:mx-auto lg:max-w-2xl xl:max-w-3xl\">\n<div class=\"relative flex h-full flex-1 flex-col\">\n<div class=\"flex w-full items-center\">\n<div class=\"overflow-hidden [&amp;:has(textarea:focus)]:border-token-border-xheavy [&amp;:has(textarea:focus)]:shadow-[0_2px_6px_rgba(0,0,0,.05)] flex flex-col w-full dark:border-token-border-medium flex-grow relative border border-token-border-medium dark:text-white rounded-2xl bg-token-main-surface-primary\">\n<div data-grammarly-part=\"button\">\n<ol>\n<li><strong>Felt Material<\/strong>: Crafted from high-quality felt material, our Felt Cat Bed offers both durability and comfort. The felt provides a cozy and warm environment for your cat to curl up and relax in.<\/li>\n<li><strong>Removable Design<\/strong>: Our cat bed features a removable cushion for easy cleaning and maintenance. Simply unzip the cover and toss it in the washing machine whenever it needs a refresh. It&#8217;s convenient and hassle-free!<\/li>\n<li><strong>Space-Saving<\/strong>: Designed to fit seamlessly into any space, our cat bed is perfect for small apartments or homes with limited space. It allows your cat to have their own cozy spot without taking up too much room.<\/li>\n<li><strong>Cozy Retreat<\/strong>: Give your cat the ultimate cozy experience with our Cozy Cat Bed. The enclosed design provides a sense of security and privacy, allowing your cat to feel safe and relaxed while they lounge.<\/li>\n<li><strong>Easy Assembly<\/strong>: Setting up our cat bed is a breeze! With simple assembly instructions, you can have your furry friend&#8217;s new favorite spot ready in no time.<\/li>\n<li><strong>Stylish Design<\/strong>: Not only is our cat bed functional, but it&#8217;s also stylish! The sleek and modern design adds a touch of elegance to any room in your home.<\/li>\n<\/ol>\n<\/div>\n<\/div>\n<\/div>\n<\/div>\n<\/form>\n<\/div>\n","protected":false},"excerpt":{"rendered":"<p>Somos fabricantes de camas para animais de estima\u00e7\u00e3o com mais de 20 anos de experi\u00eancia. Oferecemos op\u00e7\u00f5es de personaliza\u00e7\u00e3o de cor, tamanho, tecido, padr\u00e3o, logotipo e outros recursos.<\/p>","protected":false},"featured_media":20816,"template":"","meta":{"_acf_changed":false},"product_brand":[],"product_cat":[58,71],"product_tag":[74],"class_list":{"0":"post-20812","1":"product","2":"type-product","3":"status-publish","4":"has-post-thumbnail","6":"product_cat-cat-beds","7":"product_cat-cat-supplies","8":"product_tag-cat-beds","10":"first","11":"instock","12":"shipping-taxable","13":"product-type-simple"},"acf":[],"yoast_head":"<!-- This site is optimized with the Yoast SEO plugin v27.1.1 - https:\/\/yoast.com\/product\/yoast-seo-wordpress\/ -->\n<title>Felt Cat Bed | Custom Cozy Cat Bed - Petstar<\/title>\n<meta name=\"description\" content=\"Explore felt cat bed, cat bed removable, ustom cat bed cozy from the manufacturer. Your ideal business solution with Petstar.\" \/>\n<meta name=\"robots\" content=\"index, follow, max-snippet:-1, max-image-preview:large, max-video-preview:-1\" \/>\n<link rel=\"canonical\" href=\"https:\/\/petproducts.com.cn\/pt\/produto\/felt-cat-bed-removable-cozy-cat-bed\/\" \/>\n<meta property=\"og:locale\" content=\"pt_PT\" \/>\n<meta property=\"og:type\" content=\"article\" \/>\n<meta property=\"og:title\" content=\"Felt Cat Bed | Custom Cozy Cat Bed - Petstar\" \/>\n<meta property=\"og:description\" content=\"Explore felt cat bed, cat bed removable, ustom cat bed cozy from the manufacturer. Your ideal business solution with Petstar.\" \/>\n<meta property=\"og:url\" content=\"https:\/\/petproducts.com.cn\/pt\/produto\/felt-cat-bed-removable-cozy-cat-bed\/\" \/>\n<meta property=\"og:site_name\" content=\"Petstar\" \/>\n<meta property=\"article:modified_time\" content=\"2024-04-07T05:37:26+00:00\" \/>\n<meta property=\"og:image\" content=\"https:\/\/petproducts.com.cn\/wp-content\/uploads\/2024\/03\/Felt-Cat-Bed.webp\" \/>\n\t<meta property=\"og:image:width\" content=\"800\" \/>\n\t<meta property=\"og:image:height\" content=\"800\" \/>\n\t<meta property=\"og:image:type\" content=\"image\/webp\" \/>\n<meta name=\"twitter:card\" content=\"summary_large_image\" \/>\n<meta name=\"twitter:label1\" content=\"Tempo estimado de leitura\" \/>\n\t<meta name=\"twitter:data1\" content=\"1 minuto\" \/>\n<script type=\"application\/ld+json\" class=\"yoast-schema-graph\">{\"@context\":\"https:\/\/schema.org\",\"@graph\":[{\"@type\":\"WebPage\",\"@id\":\"https:\/\/petproducts.com.cn\/product\/felt-cat-bed-removable-cozy-cat-bed\/\",\"url\":\"https:\/\/petproducts.com.cn\/product\/felt-cat-bed-removable-cozy-cat-bed\/\",\"name\":\"Felt Cat Bed | Custom Cozy Cat Bed - Petstar\",\"isPartOf\":{\"@id\":\"https:\/\/petproducts.com.cn\/#website\"},\"primaryImageOfPage\":{\"@id\":\"https:\/\/petproducts.com.cn\/product\/felt-cat-bed-removable-cozy-cat-bed\/#primaryimage\"},\"image\":{\"@id\":\"https:\/\/petproducts.com.cn\/product\/felt-cat-bed-removable-cozy-cat-bed\/#primaryimage\"},\"thumbnailUrl\":\"https:\/\/petproducts.com.cn\/wp-content\/uploads\/2024\/03\/Felt-Cat-Bed.webp\",\"datePublished\":\"2024-03-20T02:52:43+00:00\",\"dateModified\":\"2024-04-07T05:37:26+00:00\",\"description\":\"Explore felt cat bed, cat bed removable, ustom cat bed cozy from the manufacturer. Your ideal business solution with Petstar.\",\"breadcrumb\":{\"@id\":\"https:\/\/petproducts.com.cn\/product\/felt-cat-bed-removable-cozy-cat-bed\/#breadcrumb\"},\"inLanguage\":\"pt-PT\",\"potentialAction\":[{\"@type\":\"ReadAction\",\"target\":[\"https:\/\/petproducts.com.cn\/product\/felt-cat-bed-removable-cozy-cat-bed\/\"]}]},{\"@type\":\"ImageObject\",\"inLanguage\":\"pt-PT\",\"@id\":\"https:\/\/petproducts.com.cn\/product\/felt-cat-bed-removable-cozy-cat-bed\/#primaryimage\",\"url\":\"https:\/\/petproducts.com.cn\/wp-content\/uploads\/2024\/03\/Felt-Cat-Bed.webp\",\"contentUrl\":\"https:\/\/petproducts.com.cn\/wp-content\/uploads\/2024\/03\/Felt-Cat-Bed.webp\",\"width\":800,\"height\":800,\"caption\":\"Felt Cat Bed\"},{\"@type\":\"BreadcrumbList\",\"@id\":\"https:\/\/petproducts.com.cn\/product\/felt-cat-bed-removable-cozy-cat-bed\/#breadcrumb\",\"itemListElement\":[{\"@type\":\"ListItem\",\"position\":1,\"name\":\"HOME\",\"item\":\"https:\/\/petproducts.com.cn\/\"},{\"@type\":\"ListItem\",\"position\":2,\"name\":\"Products\",\"item\":\"https:\/\/petproducts.com.cn\/shop\/\"},{\"@type\":\"ListItem\",\"position\":3,\"name\":\"Cat Beds\",\"item\":\"https:\/\/petproducts.com.cn\/product-category\/cat-beds\/\"},{\"@type\":\"ListItem\",\"position\":4,\"name\":\"Felt Cat Bed Removable Cozy Cat Bed\"}]},{\"@type\":\"WebSite\",\"@id\":\"https:\/\/petproducts.com.cn\/#website\",\"url\":\"https:\/\/petproducts.com.cn\/\",\"name\":\"Petstar\",\"description\":\"Leading Pet Supplies Manufacturer &amp; OEM Pet Products Supplier\",\"publisher\":{\"@id\":\"https:\/\/petproducts.com.cn\/#organization\"},\"alternateName\":\"Petstar Pet Supplies\",\"potentialAction\":[{\"@type\":\"SearchAction\",\"target\":{\"@type\":\"EntryPoint\",\"urlTemplate\":\"https:\/\/petproducts.com.cn\/?s={search_term_string}\"},\"query-input\":{\"@type\":\"PropertyValueSpecification\",\"valueRequired\":true,\"valueName\":\"search_term_string\"}}],\"inLanguage\":\"pt-PT\"},{\"@type\":\"Organization\",\"@id\":\"https:\/\/petproducts.com.cn\/#organization\",\"name\":\"Petstar\",\"url\":\"https:\/\/petproducts.com.cn\/\",\"logo\":{\"@type\":\"ImageObject\",\"inLanguage\":\"pt-PT\",\"@id\":\"https:\/\/petproducts.com.cn\/#\/schema\/logo\/image\/\",\"url\":\"https:\/\/petproducts.com.cn\/wp-content\/uploads\/2020\/02\/petstar-logo.webp\",\"contentUrl\":\"https:\/\/petproducts.com.cn\/wp-content\/uploads\/2020\/02\/petstar-logo.webp\",\"width\":779,\"height\":520,\"caption\":\"Petstar\"},\"image\":{\"@id\":\"https:\/\/petproducts.com.cn\/#\/schema\/logo\/image\/\"}}]}<\/script>\n<!-- \/ Yoast SEO plugin. -->","yoast_head_json":{"title":"Cama de feltro para gatos | Cama de feltro personalizada - Petstar","description":"Explore cama de feltro para gato, cama de gato amov\u00edvel, cama de gato ustom aconchegante do fabricante. A sua solu\u00e7\u00e3o comercial ideal com Petstar.","robots":{"index":"index","follow":"follow","max-snippet":"max-snippet:-1","max-image-preview":"max-image-preview:large","max-video-preview":"max-video-preview:-1"},"canonical":"https:\/\/petproducts.com.cn\/pt\/produto\/felt-cat-bed-removable-cozy-cat-bed\/","og_locale":"pt_PT","og_type":"article","og_title":"Felt Cat Bed | Custom Cozy Cat Bed - Petstar","og_description":"Explore felt cat bed, cat bed removable, ustom cat bed cozy from the manufacturer. Your ideal business solution with Petstar.","og_url":"https:\/\/petproducts.com.cn\/pt\/produto\/felt-cat-bed-removable-cozy-cat-bed\/","og_site_name":"Petstar","article_modified_time":"2024-04-07T05:37:26+00:00","og_image":[{"width":800,"height":800,"url":"https:\/\/petproducts.com.cn\/wp-content\/uploads\/2024\/03\/Felt-Cat-Bed.webp","type":"image\/webp"}],"twitter_card":"summary_large_image","twitter_misc":{"Tempo estimado de leitura":"1 minuto"},"schema":{"@context":"https:\/\/schema.org","@graph":[{"@type":"WebPage","@id":"https:\/\/petproducts.com.cn\/product\/felt-cat-bed-removable-cozy-cat-bed\/","url":"https:\/\/petproducts.com.cn\/product\/felt-cat-bed-removable-cozy-cat-bed\/","name":"Cama de feltro para gatos | Cama de feltro personalizada - Petstar","isPartOf":{"@id":"https:\/\/petproducts.com.cn\/#website"},"primaryImageOfPage":{"@id":"https:\/\/petproducts.com.cn\/product\/felt-cat-bed-removable-cozy-cat-bed\/#primaryimage"},"image":{"@id":"https:\/\/petproducts.com.cn\/product\/felt-cat-bed-removable-cozy-cat-bed\/#primaryimage"},"thumbnailUrl":"https:\/\/petproducts.com.cn\/wp-content\/uploads\/2024\/03\/Felt-Cat-Bed.webp","datePublished":"2024-03-20T02:52:43+00:00","dateModified":"2024-04-07T05:37:26+00:00","description":"Explore cama de feltro para gato, cama de gato amov\u00edvel, cama de gato ustom aconchegante do fabricante. A sua solu\u00e7\u00e3o comercial ideal com Petstar.","breadcrumb":{"@id":"https:\/\/petproducts.com.cn\/product\/felt-cat-bed-removable-cozy-cat-bed\/#breadcrumb"},"inLanguage":"pt-PT","potentialAction":[{"@type":"ReadAction","target":["https:\/\/petproducts.com.cn\/product\/felt-cat-bed-removable-cozy-cat-bed\/"]}]},{"@type":"ImageObject","inLanguage":"pt-PT","@id":"https:\/\/petproducts.com.cn\/product\/felt-cat-bed-removable-cozy-cat-bed\/#primaryimage","url":"https:\/\/petproducts.com.cn\/wp-content\/uploads\/2024\/03\/Felt-Cat-Bed.webp","contentUrl":"https:\/\/petproducts.com.cn\/wp-content\/uploads\/2024\/03\/Felt-Cat-Bed.webp","width":800,"height":800,"caption":"Felt Cat Bed"},{"@type":"BreadcrumbList","@id":"https:\/\/petproducts.com.cn\/product\/felt-cat-bed-removable-cozy-cat-bed\/#breadcrumb","itemListElement":[{"@type":"ListItem","position":1,"name":"HOME","item":"https:\/\/petproducts.com.cn\/"},{"@type":"ListItem","position":2,"name":"Products","item":"https:\/\/petproducts.com.cn\/shop\/"},{"@type":"ListItem","position":3,"name":"Cat Beds","item":"https:\/\/petproducts.com.cn\/product-category\/cat-beds\/"},{"@type":"ListItem","position":4,"name":"Felt Cat Bed Removable Cozy Cat Bed"}]},{"@type":"WebSite","@id":"https:\/\/petproducts.com.cn\/#website","url":"https:\/\/petproducts.com.cn\/","name":"Petstar","description":"Fabricante l\u00edder de artigos para animais de estima\u00e7\u00e3o e fornecedor de produtos OEM para animais de estima\u00e7\u00e3o","publisher":{"@id":"https:\/\/petproducts.com.cn\/#organization"},"alternateName":"Petstar Pet Supplies","potentialAction":[{"@type":"SearchAction","target":{"@type":"EntryPoint","urlTemplate":"https:\/\/petproducts.com.cn\/?s={search_term_string}"},"query-input":{"@type":"PropertyValueSpecification","valueRequired":true,"valueName":"search_term_string"}}],"inLanguage":"pt-PT"},{"@type":"Organization","@id":"https:\/\/petproducts.com.cn\/#organization","name":"Petstar","url":"https:\/\/petproducts.com.cn\/","logo":{"@type":"ImageObject","inLanguage":"pt-PT","@id":"https:\/\/petproducts.com.cn\/#\/schema\/logo\/image\/","url":"https:\/\/petproducts.com.cn\/wp-content\/uploads\/2020\/02\/petstar-logo.webp","contentUrl":"https:\/\/petproducts.com.cn\/wp-content\/uploads\/2020\/02\/petstar-logo.webp","width":779,"height":520,"caption":"Petstar"},"image":{"@id":"https:\/\/petproducts.com.cn\/#\/schema\/logo\/image\/"}}]}},"_links":{"self":[{"href":"https:\/\/petproducts.com.cn\/pt\/wp-json\/wp\/v2\/product\/20812","targetHints":{"allow":["GET"]}}],"collection":[{"href":"https:\/\/petproducts.com.cn\/pt\/wp-json\/wp\/v2\/product"}],"about":[{"href":"https:\/\/petproducts.com.cn\/pt\/wp-json\/wp\/v2\/types\/product"}],"version-history":[{"count":3,"href":"https:\/\/petproducts.com.cn\/pt\/wp-json\/wp\/v2\/product\/20812\/revisions"}],"predecessor-version":[{"id":21728,"href":"https:\/\/petproducts.com.cn\/pt\/wp-json\/wp\/v2\/product\/20812\/revisions\/21728"}],"wp:featuredmedia":[{"embeddable":true,"href":"https:\/\/petproducts.com.cn\/pt\/wp-json\/wp\/v2\/media\/20816"}],"wp:attachment":[{"href":"https:\/\/petproducts.com.cn\/pt\/wp-json\/wp\/v2\/media?parent=20812"}],"wp:term":[{"taxonomy":"product_brand","embeddable":true,"href":"https:\/\/petproducts.com.cn\/pt\/wp-json\/wp\/v2\/product_brand?post=20812"},{"taxonomy":"product_cat","embeddable":true,"href":"https:\/\/petproducts.com.cn\/pt\/wp-json\/wp\/v2\/product_cat?post=20812"},{"taxonomy":"product_tag","embeddable":true,"href":"https:\/\/petproducts.com.cn\/pt\/wp-json\/wp\/v2\/product_tag?post=20812"}],"curies":[{"name":"wp","href":"https:\/\/api.w.org\/{rel}","templated":true}]}}