{"id":21812,"date":"2024-04-09T08:01:51","date_gmt":"2024-04-09T08:01:51","guid":{"rendered":"https:\/\/petproducts.com.cn\/?post_type=product&#038;p=21812"},"modified":"2024-04-09T08:11:43","modified_gmt":"2024-04-09T08:11:43","slug":"pet-sling-bag-factory-designer-pet-carrier-bag","status":"publish","type":"product","link":"https:\/\/petproducts.com.cn\/pt\/product\/pet-sling-bag-factory-designer-pet-carrier-bag\/","title":{"rendered":"Bolsa tipo estilingue para animais de estima\u00e7\u00e3o Bolsa de transporte para animais de estima\u00e7\u00e3o de designer de f\u00e1brica"},"content":{"rendered":"<h2>Carater\u00edsticas do Pet Sling Bag<\/h2>\n<p><strong>1. Tamanho ideal e design ergon\u00f3mico (tamanho: 39x22xH24cm):<\/strong> O nosso saco de transporte para animais de estima\u00e7\u00e3o \u00e9 meticulosamente fabricado com dimens\u00f5es de 39x22xH24cm, oferecendo um equil\u00edbrio ideal de espa\u00e7o e conforto para o seu animal de estima\u00e7\u00e3o. O design ergon\u00f3mico garante que o seu animal de estima\u00e7\u00e3o se sente confort\u00e1vel e seguro enquanto \u00e9 transportado, proporcionando-lhe um ambiente acolhedor para relaxar durante os passeios.<\/p>\n<p><strong>2. Constru\u00e7\u00e3o em tecido de acolchoamento de qualidade superior para maior durabilidade:<\/strong> Fabricado em tecido acolchoado de alta qualidade, o nosso saco de transporte para animais de estima\u00e7\u00e3o apresenta durabilidade e estilo. O tecido acolchoado n\u00e3o s\u00f3 melhora o aspeto est\u00e9tico do saco, como tamb\u00e9m garante uma utiliza\u00e7\u00e3o duradoura. A sua constru\u00e7\u00e3o robusta resiste ao desgaste di\u00e1rio, proporcionando um saco de transporte fi\u00e1vel para as necessidades de viagem do seu animal de estima\u00e7\u00e3o.<\/p>\n<p><strong>3. Carater\u00edsticas inovadoras para seguran\u00e7a e comodidade:<\/strong> O nosso Pet Sling Bag incorpora carater\u00edsticas inovadoras para garantir a sua seguran\u00e7a e comodidade e a do seu animal de estima\u00e7\u00e3o. A abertura curva permite um acesso f\u00e1cil, permitindo que o seu animal de estima\u00e7\u00e3o entre e saia do saco sem esfor\u00e7o. Al\u00e9m disso, a trela interior de seguran\u00e7a proporciona uma seguran\u00e7a acrescida, impedindo que o seu animal de estima\u00e7\u00e3o escape acidentalmente enquanto estiver dentro do saco. A inclus\u00e3o de um tapete amov\u00edvel proporciona um conforto adicional ao seu animal de estima\u00e7\u00e3o e facilita a sua limpeza.<\/p>\n<p><strong>4. Op\u00e7\u00f5es personaliz\u00e1veis de acordo com as suas prefer\u00eancias:<\/strong> Reconhecendo a import\u00e2ncia da personaliza\u00e7\u00e3o, o nosso saco de transporte para animais de estima\u00e7\u00e3o de design oferece op\u00e7\u00f5es personaliz\u00e1veis. Escolha entre uma variedade de cores, padr\u00f5es e ornamentos para adaptar a bolsa ao seu estilo e prefer\u00eancias pessoais. Esta personaliza\u00e7\u00e3o garante que pode criar uma bolsa de transporte \u00fanica e elegante que reflecte a personalidade do seu animal de estima\u00e7\u00e3o e o seu pr\u00f3prio gosto.<\/p>","protected":false},"excerpt":{"rendered":"<p>N\u00f3s somos um fabricante de saco de sling para animais de estima\u00e7\u00e3o, saco de transporte para animais de estima\u00e7\u00e3o com mais de 20 anos de experi\u00eancia. Oferecemos op\u00e7\u00f5es de personaliza\u00e7\u00e3o para cor, tamanho, tecido, padr\u00e3o, logotipo e outras carater\u00edsticas.<\/p>","protected":false},"featured_media":21816,"template":"","meta":{"_acf_changed":false},"product_brand":[],"product_cat":[133,71,132,72],"product_tag":[145,144],"class_list":{"0":"post-21812","1":"product","2":"type-product","3":"status-publish","4":"has-post-thumbnail","6":"product_cat-cat-carriers-car-supplies","7":"product_cat-cat-supplies","8":"product_cat-dog-carriers-car-supplies","9":"product_cat-dog-supplies","10":"product_tag-cat-carriers-car-supplies","11":"product_tag-dog-carriers-car-supplies","13":"first","14":"instock","15":"shipping-taxable","16":"product-type-simple"},"acf":[],"yoast_head":"<!-- This site is optimized with the Yoast SEO plugin v27.1.1 - https:\/\/yoast.com\/product\/yoast-seo-wordpress\/ -->\n<title>Pet Sling Bag | Customize Pet Carrying Bag- Petstar<\/title>\n<meta name=\"description\" content=\"Explore pet sling bag, pet carrying bag, designer pet carrier bag from the manufacturer. Your ideal business solution with Petstar.\" \/>\n<meta name=\"robots\" content=\"index, follow, max-snippet:-1, max-image-preview:large, max-video-preview:-1\" \/>\n<link rel=\"canonical\" href=\"https:\/\/petproducts.com.cn\/pt\/produto\/pet-sling-bag-factory-designer-pet-carrier-bag\/\" \/>\n<meta property=\"og:locale\" content=\"pt_PT\" \/>\n<meta property=\"og:type\" content=\"article\" \/>\n<meta property=\"og:title\" content=\"Pet Sling Bag | Customize Pet Carrying Bag- Petstar\" \/>\n<meta property=\"og:description\" content=\"Explore pet sling bag, pet carrying bag, designer pet carrier bag from the manufacturer. Your ideal business solution with Petstar.\" \/>\n<meta property=\"og:url\" content=\"https:\/\/petproducts.com.cn\/pt\/produto\/pet-sling-bag-factory-designer-pet-carrier-bag\/\" \/>\n<meta property=\"og:site_name\" content=\"Petstar\" \/>\n<meta property=\"article:modified_time\" content=\"2024-04-09T08:11:43+00:00\" \/>\n<meta property=\"og:image\" content=\"https:\/\/petproducts.com.cn\/wp-content\/uploads\/2024\/04\/pet-sling-bag.webp\" \/>\n\t<meta property=\"og:image:width\" content=\"1000\" \/>\n\t<meta property=\"og:image:height\" content=\"1000\" \/>\n\t<meta property=\"og:image:type\" content=\"image\/webp\" \/>\n<meta name=\"twitter:card\" content=\"summary_large_image\" \/>\n<meta name=\"twitter:label1\" content=\"Tempo estimado de leitura\" \/>\n\t<meta name=\"twitter:data1\" content=\"2 minutos\" \/>\n<script type=\"application\/ld+json\" class=\"yoast-schema-graph\">{\"@context\":\"https:\/\/schema.org\",\"@graph\":[{\"@type\":\"WebPage\",\"@id\":\"https:\/\/petproducts.com.cn\/product\/pet-sling-bag-factory-designer-pet-carrier-bag\/\",\"url\":\"https:\/\/petproducts.com.cn\/product\/pet-sling-bag-factory-designer-pet-carrier-bag\/\",\"name\":\"Pet Sling Bag | Customize Pet Carrying Bag- Petstar\",\"isPartOf\":{\"@id\":\"https:\/\/petproducts.com.cn\/#website\"},\"primaryImageOfPage\":{\"@id\":\"https:\/\/petproducts.com.cn\/product\/pet-sling-bag-factory-designer-pet-carrier-bag\/#primaryimage\"},\"image\":{\"@id\":\"https:\/\/petproducts.com.cn\/product\/pet-sling-bag-factory-designer-pet-carrier-bag\/#primaryimage\"},\"thumbnailUrl\":\"https:\/\/petproducts.com.cn\/wp-content\/uploads\/2024\/04\/pet-sling-bag.webp\",\"datePublished\":\"2024-04-09T08:01:51+00:00\",\"dateModified\":\"2024-04-09T08:11:43+00:00\",\"description\":\"Explore pet sling bag, pet carrying bag, designer pet carrier bag from the manufacturer. Your ideal business solution with Petstar.\",\"breadcrumb\":{\"@id\":\"https:\/\/petproducts.com.cn\/product\/pet-sling-bag-factory-designer-pet-carrier-bag\/#breadcrumb\"},\"inLanguage\":\"pt-PT\",\"potentialAction\":[{\"@type\":\"ReadAction\",\"target\":[\"https:\/\/petproducts.com.cn\/product\/pet-sling-bag-factory-designer-pet-carrier-bag\/\"]}]},{\"@type\":\"ImageObject\",\"inLanguage\":\"pt-PT\",\"@id\":\"https:\/\/petproducts.com.cn\/product\/pet-sling-bag-factory-designer-pet-carrier-bag\/#primaryimage\",\"url\":\"https:\/\/petproducts.com.cn\/wp-content\/uploads\/2024\/04\/pet-sling-bag.webp\",\"contentUrl\":\"https:\/\/petproducts.com.cn\/wp-content\/uploads\/2024\/04\/pet-sling-bag.webp\",\"width\":1000,\"height\":1000,\"caption\":\"pet sling bag\"},{\"@type\":\"BreadcrumbList\",\"@id\":\"https:\/\/petproducts.com.cn\/product\/pet-sling-bag-factory-designer-pet-carrier-bag\/#breadcrumb\",\"itemListElement\":[{\"@type\":\"ListItem\",\"position\":1,\"name\":\"HOME\",\"item\":\"https:\/\/petproducts.com.cn\/\"},{\"@type\":\"ListItem\",\"position\":2,\"name\":\"Products\",\"item\":\"https:\/\/petproducts.com.cn\/shop\/\"},{\"@type\":\"ListItem\",\"position\":3,\"name\":\"Dog Carriers &amp; Car Supplies\",\"item\":\"https:\/\/petproducts.com.cn\/product-category\/dog-carriers-car-supplies\/\"},{\"@type\":\"ListItem\",\"position\":4,\"name\":\"Pet Sling Bag Factory Designer Pet Carrier Bag\"}]},{\"@type\":\"WebSite\",\"@id\":\"https:\/\/petproducts.com.cn\/#website\",\"url\":\"https:\/\/petproducts.com.cn\/\",\"name\":\"Petstar\",\"description\":\"Leading Pet Supplies Manufacturer &amp; OEM Pet Products Supplier\",\"publisher\":{\"@id\":\"https:\/\/petproducts.com.cn\/#organization\"},\"alternateName\":\"Petstar Pet Supplies\",\"potentialAction\":[{\"@type\":\"SearchAction\",\"target\":{\"@type\":\"EntryPoint\",\"urlTemplate\":\"https:\/\/petproducts.com.cn\/?s={search_term_string}\"},\"query-input\":{\"@type\":\"PropertyValueSpecification\",\"valueRequired\":true,\"valueName\":\"search_term_string\"}}],\"inLanguage\":\"pt-PT\"},{\"@type\":\"Organization\",\"@id\":\"https:\/\/petproducts.com.cn\/#organization\",\"name\":\"Petstar\",\"url\":\"https:\/\/petproducts.com.cn\/\",\"logo\":{\"@type\":\"ImageObject\",\"inLanguage\":\"pt-PT\",\"@id\":\"https:\/\/petproducts.com.cn\/#\/schema\/logo\/image\/\",\"url\":\"https:\/\/petproducts.com.cn\/wp-content\/uploads\/2020\/02\/petstar-logo.webp\",\"contentUrl\":\"https:\/\/petproducts.com.cn\/wp-content\/uploads\/2020\/02\/petstar-logo.webp\",\"width\":779,\"height\":520,\"caption\":\"Petstar\"},\"image\":{\"@id\":\"https:\/\/petproducts.com.cn\/#\/schema\/logo\/image\/\"}}]}<\/script>\n<!-- \/ Yoast SEO plugin. -->","yoast_head_json":{"title":"Bolsa de transporte para animais de estima\u00e7\u00e3o - Petstar","description":"Explore o saco de estilingue para animais de estima\u00e7\u00e3o, saco de transporte para animais de estima\u00e7\u00e3o, saco de transporte para animais de estima\u00e7\u00e3o de designer do fabricante. A sua solu\u00e7\u00e3o comercial ideal com Petstar.","robots":{"index":"index","follow":"follow","max-snippet":"max-snippet:-1","max-image-preview":"max-image-preview:large","max-video-preview":"max-video-preview:-1"},"canonical":"https:\/\/petproducts.com.cn\/pt\/produto\/pet-sling-bag-factory-designer-pet-carrier-bag\/","og_locale":"pt_PT","og_type":"article","og_title":"Pet Sling Bag | Customize Pet Carrying Bag- Petstar","og_description":"Explore pet sling bag, pet carrying bag, designer pet carrier bag from the manufacturer. Your ideal business solution with Petstar.","og_url":"https:\/\/petproducts.com.cn\/pt\/produto\/pet-sling-bag-factory-designer-pet-carrier-bag\/","og_site_name":"Petstar","article_modified_time":"2024-04-09T08:11:43+00:00","og_image":[{"width":1000,"height":1000,"url":"https:\/\/petproducts.com.cn\/wp-content\/uploads\/2024\/04\/pet-sling-bag.webp","type":"image\/webp"}],"twitter_card":"summary_large_image","twitter_misc":{"Tempo estimado de leitura":"2 minutos"},"schema":{"@context":"https:\/\/schema.org","@graph":[{"@type":"WebPage","@id":"https:\/\/petproducts.com.cn\/product\/pet-sling-bag-factory-designer-pet-carrier-bag\/","url":"https:\/\/petproducts.com.cn\/product\/pet-sling-bag-factory-designer-pet-carrier-bag\/","name":"Bolsa de transporte para animais de estima\u00e7\u00e3o - Petstar","isPartOf":{"@id":"https:\/\/petproducts.com.cn\/#website"},"primaryImageOfPage":{"@id":"https:\/\/petproducts.com.cn\/product\/pet-sling-bag-factory-designer-pet-carrier-bag\/#primaryimage"},"image":{"@id":"https:\/\/petproducts.com.cn\/product\/pet-sling-bag-factory-designer-pet-carrier-bag\/#primaryimage"},"thumbnailUrl":"https:\/\/petproducts.com.cn\/wp-content\/uploads\/2024\/04\/pet-sling-bag.webp","datePublished":"2024-04-09T08:01:51+00:00","dateModified":"2024-04-09T08:11:43+00:00","description":"Explore o saco de estilingue para animais de estima\u00e7\u00e3o, saco de transporte para animais de estima\u00e7\u00e3o, saco de transporte para animais de estima\u00e7\u00e3o de designer do fabricante. A sua solu\u00e7\u00e3o comercial ideal com Petstar.","breadcrumb":{"@id":"https:\/\/petproducts.com.cn\/product\/pet-sling-bag-factory-designer-pet-carrier-bag\/#breadcrumb"},"inLanguage":"pt-PT","potentialAction":[{"@type":"ReadAction","target":["https:\/\/petproducts.com.cn\/product\/pet-sling-bag-factory-designer-pet-carrier-bag\/"]}]},{"@type":"ImageObject","inLanguage":"pt-PT","@id":"https:\/\/petproducts.com.cn\/product\/pet-sling-bag-factory-designer-pet-carrier-bag\/#primaryimage","url":"https:\/\/petproducts.com.cn\/wp-content\/uploads\/2024\/04\/pet-sling-bag.webp","contentUrl":"https:\/\/petproducts.com.cn\/wp-content\/uploads\/2024\/04\/pet-sling-bag.webp","width":1000,"height":1000,"caption":"pet sling bag"},{"@type":"BreadcrumbList","@id":"https:\/\/petproducts.com.cn\/product\/pet-sling-bag-factory-designer-pet-carrier-bag\/#breadcrumb","itemListElement":[{"@type":"ListItem","position":1,"name":"HOME","item":"https:\/\/petproducts.com.cn\/"},{"@type":"ListItem","position":2,"name":"Products","item":"https:\/\/petproducts.com.cn\/shop\/"},{"@type":"ListItem","position":3,"name":"Dog Carriers &amp; Car Supplies","item":"https:\/\/petproducts.com.cn\/product-category\/dog-carriers-car-supplies\/"},{"@type":"ListItem","position":4,"name":"Pet Sling Bag Factory Designer Pet Carrier Bag"}]},{"@type":"WebSite","@id":"https:\/\/petproducts.com.cn\/#website","url":"https:\/\/petproducts.com.cn\/","name":"Petstar","description":"Fabricante l\u00edder de artigos para animais de estima\u00e7\u00e3o e fornecedor de produtos OEM para animais de estima\u00e7\u00e3o","publisher":{"@id":"https:\/\/petproducts.com.cn\/#organization"},"alternateName":"Petstar Pet Supplies","potentialAction":[{"@type":"SearchAction","target":{"@type":"EntryPoint","urlTemplate":"https:\/\/petproducts.com.cn\/?s={search_term_string}"},"query-input":{"@type":"PropertyValueSpecification","valueRequired":true,"valueName":"search_term_string"}}],"inLanguage":"pt-PT"},{"@type":"Organization","@id":"https:\/\/petproducts.com.cn\/#organization","name":"Petstar","url":"https:\/\/petproducts.com.cn\/","logo":{"@type":"ImageObject","inLanguage":"pt-PT","@id":"https:\/\/petproducts.com.cn\/#\/schema\/logo\/image\/","url":"https:\/\/petproducts.com.cn\/wp-content\/uploads\/2020\/02\/petstar-logo.webp","contentUrl":"https:\/\/petproducts.com.cn\/wp-content\/uploads\/2020\/02\/petstar-logo.webp","width":779,"height":520,"caption":"Petstar"},"image":{"@id":"https:\/\/petproducts.com.cn\/#\/schema\/logo\/image\/"}}]}},"_links":{"self":[{"href":"https:\/\/petproducts.com.cn\/pt\/wp-json\/wp\/v2\/product\/21812","targetHints":{"allow":["GET"]}}],"collection":[{"href":"https:\/\/petproducts.com.cn\/pt\/wp-json\/wp\/v2\/product"}],"about":[{"href":"https:\/\/petproducts.com.cn\/pt\/wp-json\/wp\/v2\/types\/product"}],"version-history":[{"count":1,"href":"https:\/\/petproducts.com.cn\/pt\/wp-json\/wp\/v2\/product\/21812\/revisions"}],"predecessor-version":[{"id":21819,"href":"https:\/\/petproducts.com.cn\/pt\/wp-json\/wp\/v2\/product\/21812\/revisions\/21819"}],"wp:featuredmedia":[{"embeddable":true,"href":"https:\/\/petproducts.com.cn\/pt\/wp-json\/wp\/v2\/media\/21816"}],"wp:attachment":[{"href":"https:\/\/petproducts.com.cn\/pt\/wp-json\/wp\/v2\/media?parent=21812"}],"wp:term":[{"taxonomy":"product_brand","embeddable":true,"href":"https:\/\/petproducts.com.cn\/pt\/wp-json\/wp\/v2\/product_brand?post=21812"},{"taxonomy":"product_cat","embeddable":true,"href":"https:\/\/petproducts.com.cn\/pt\/wp-json\/wp\/v2\/product_cat?post=21812"},{"taxonomy":"product_tag","embeddable":true,"href":"https:\/\/petproducts.com.cn\/pt\/wp-json\/wp\/v2\/product_tag?post=21812"}],"curies":[{"name":"wp","href":"https:\/\/api.w.org\/{rel}","templated":true}]}}