{"id":21860,"date":"2024-04-10T07:09:16","date_gmt":"2024-04-10T07:09:16","guid":{"rendered":"https:\/\/petproducts.com.cn\/?post_type=product&#038;p=21860"},"modified":"2024-04-10T07:29:02","modified_gmt":"2024-04-10T07:29:02","slug":"luxury-pet-carriers-bags-pet-travel-tote-bag","status":"publish","type":"product","link":"https:\/\/petproducts.com.cn\/pt\/product\/luxury-pet-carriers-bags-pet-travel-tote-bag\/","title":{"rendered":"Sacos de transporte de animais de estima\u00e7\u00e3o de luxo Sacola de viagem para animais de estima\u00e7\u00e3o"},"content":{"rendered":"<h2>Carater\u00edsticas dos sacos de transporte de luxo para animais de estima\u00e7\u00e3o<\/h2>\n<p><strong>1. Design requintado e artesanato superior:<\/strong> Os nossos sacos de transporte de luxo para animais de estima\u00e7\u00e3o s\u00e3o meticulosamente concebidos com aten\u00e7\u00e3o aos pormenores e fabricados com materiais de qualidade superior, exalando luxo e sofistica\u00e7\u00e3o. Todos os pormenores, desde a costura at\u00e9 ao acabamento, s\u00e3o sin\u00f3nimo de um trabalho artesanal requintado para um saco de transporte de alta qualidade que se destaca.<\/p>\n<p><strong>2. Carater\u00edsticas Premium para maior conforto e comodidade:<\/strong> O nosso saco para animais de estima\u00e7\u00e3o possui carater\u00edsticas de primeira qualidade concebidas para dar prioridade ao conforto e \u00e0 comodidade. A constru\u00e7\u00e3o \u00e0 prova de \u00e1gua garante que o seu animal de estima\u00e7\u00e3o permanece seco e confort\u00e1vel, mesmo em condi\u00e7\u00f5es climat\u00e9ricas imprevis\u00edveis. A inclus\u00e3o de um bolso lateral permite-lhe guardar objectos essenciais, como guloseimas ou uma trela, com f\u00e1cil acesso. Al\u00e9m disso, o fecho com bot\u00e3o de press\u00e3o proporciona uma seguran\u00e7a acrescida, garantindo que o seu animal de estima\u00e7\u00e3o se mant\u00e9m seguro e protegido enquanto viaja.<\/p>\n<p><strong>3. Tamanho e capacidade de peso perfeitos para animais de estima\u00e7\u00e3o pequenos (tamanho: 36x20xH25cm, peso do urso: 2-3kg):<\/strong> O nosso saco de viagem para animais de estima\u00e7\u00e3o foi concebido para acomodar pequenos animais de estima\u00e7\u00e3o com dimens\u00f5es de 36x20xH25cm e uma capacidade de peso de 2-3 quilogramas. Este tamanho perfeito garante um ajuste confort\u00e1vel para o seu companheiro peludo, permitindo-lhe viajar com estilo e conforto. Quer se trate de um c\u00e3o pequeno ou de um gato pequeno, o nosso saco de transporte \u00e9 a solu\u00e7\u00e3o ideal para as suas necessidades de viagem.<\/p>\n<p><strong>4. Op\u00e7\u00f5es personaliz\u00e1veis para uma eleg\u00e2ncia personalizada:<\/strong> Reconhecendo a import\u00e2ncia da personaliza\u00e7\u00e3o, os nossos Sacos de Luxo para Animais de Estima\u00e7\u00e3o oferecem op\u00e7\u00f5es personaliz\u00e1veis. Escolha entre uma variedade de cores, padr\u00f5es e ornamentos para criar uma bolsa de transporte que reflicta o seu estilo e prefer\u00eancias pessoais. A personaliza\u00e7\u00e3o acrescenta eleg\u00e2ncia e exclusividade ao equipamento de viagem para animais de estima\u00e7\u00e3o, garantindo luxo e distin\u00e7\u00e3o em movimento.<\/p>\n<p>&nbsp;<\/p>","protected":false},"excerpt":{"rendered":"<p>N\u00f3s somos um fabricante de sacos de transporte de luxo para animais de estima\u00e7\u00e3o, saco de viagem para animais de estima\u00e7\u00e3o com mais de 20 anos de experi\u00eancia. Oferecemos op\u00e7\u00f5es de personaliza\u00e7\u00e3o para cor, tamanho, tecido, padr\u00e3o, log\u00f3tipo e outras carater\u00edsticas.<\/p>","protected":false},"featured_media":21862,"template":"","meta":{"_acf_changed":false},"product_brand":[],"product_cat":[133,71,132,72],"product_tag":[145,144],"class_list":{"0":"post-21860","1":"product","2":"type-product","3":"status-publish","4":"has-post-thumbnail","6":"product_cat-cat-carriers-car-supplies","7":"product_cat-cat-supplies","8":"product_cat-dog-carriers-car-supplies","9":"product_cat-dog-supplies","10":"product_tag-cat-carriers-car-supplies","11":"product_tag-dog-carriers-car-supplies","13":"first","14":"instock","15":"shipping-taxable","16":"product-type-simple"},"acf":[],"yoast_head":"<!-- This site is optimized with the Yoast SEO plugin v27.1.1 - https:\/\/yoast.com\/product\/yoast-seo-wordpress\/ -->\n<title>Luxury Pet Carriers Bags | Customize Travel Bag For Pets - Petstar<\/title>\n<meta name=\"description\" content=\"Explore luxury pet carriers bags, travel bag for pets, pet tote bag from the manufacturer. Your ideal business solution with Petstar.\" \/>\n<meta name=\"robots\" content=\"index, follow, max-snippet:-1, max-image-preview:large, max-video-preview:-1\" \/>\n<link rel=\"canonical\" href=\"https:\/\/petproducts.com.cn\/pt\/produto\/luxury-pet-carriers-bags-pet-travel-tote-bag\/\" \/>\n<meta property=\"og:locale\" content=\"pt_PT\" \/>\n<meta property=\"og:type\" content=\"article\" \/>\n<meta property=\"og:title\" content=\"Luxury Pet Carriers Bags | Customize Travel Bag For Pets - Petstar\" \/>\n<meta property=\"og:description\" content=\"Explore luxury pet carriers bags, travel bag for pets, pet tote bag from the manufacturer. Your ideal business solution with Petstar.\" \/>\n<meta property=\"og:url\" content=\"https:\/\/petproducts.com.cn\/pt\/produto\/luxury-pet-carriers-bags-pet-travel-tote-bag\/\" \/>\n<meta property=\"og:site_name\" content=\"Petstar\" \/>\n<meta property=\"article:modified_time\" content=\"2024-04-10T07:29:02+00:00\" \/>\n<meta property=\"og:image\" content=\"https:\/\/petproducts.com.cn\/wp-content\/uploads\/2024\/04\/luxury-pet-carriers-bags.webp\" \/>\n\t<meta property=\"og:image:width\" content=\"1000\" \/>\n\t<meta property=\"og:image:height\" content=\"1000\" \/>\n\t<meta property=\"og:image:type\" content=\"image\/webp\" \/>\n<meta name=\"twitter:card\" content=\"summary_large_image\" \/>\n<meta name=\"twitter:label1\" content=\"Tempo estimado de leitura\" \/>\n\t<meta name=\"twitter:data1\" content=\"2 minutos\" \/>\n<script type=\"application\/ld+json\" class=\"yoast-schema-graph\">{\"@context\":\"https:\/\/schema.org\",\"@graph\":[{\"@type\":\"WebPage\",\"@id\":\"https:\/\/petproducts.com.cn\/product\/luxury-pet-carriers-bags-pet-travel-tote-bag\/\",\"url\":\"https:\/\/petproducts.com.cn\/product\/luxury-pet-carriers-bags-pet-travel-tote-bag\/\",\"name\":\"Luxury Pet Carriers Bags | Customize Travel Bag For Pets - Petstar\",\"isPartOf\":{\"@id\":\"https:\/\/petproducts.com.cn\/#website\"},\"primaryImageOfPage\":{\"@id\":\"https:\/\/petproducts.com.cn\/product\/luxury-pet-carriers-bags-pet-travel-tote-bag\/#primaryimage\"},\"image\":{\"@id\":\"https:\/\/petproducts.com.cn\/product\/luxury-pet-carriers-bags-pet-travel-tote-bag\/#primaryimage\"},\"thumbnailUrl\":\"https:\/\/petproducts.com.cn\/wp-content\/uploads\/2024\/04\/luxury-pet-carriers-bags.webp\",\"datePublished\":\"2024-04-10T07:09:16+00:00\",\"dateModified\":\"2024-04-10T07:29:02+00:00\",\"description\":\"Explore luxury pet carriers bags, travel bag for pets, pet tote bag from the manufacturer. Your ideal business solution with Petstar.\",\"breadcrumb\":{\"@id\":\"https:\/\/petproducts.com.cn\/product\/luxury-pet-carriers-bags-pet-travel-tote-bag\/#breadcrumb\"},\"inLanguage\":\"pt-PT\",\"potentialAction\":[{\"@type\":\"ReadAction\",\"target\":[\"https:\/\/petproducts.com.cn\/product\/luxury-pet-carriers-bags-pet-travel-tote-bag\/\"]}]},{\"@type\":\"ImageObject\",\"inLanguage\":\"pt-PT\",\"@id\":\"https:\/\/petproducts.com.cn\/product\/luxury-pet-carriers-bags-pet-travel-tote-bag\/#primaryimage\",\"url\":\"https:\/\/petproducts.com.cn\/wp-content\/uploads\/2024\/04\/luxury-pet-carriers-bags.webp\",\"contentUrl\":\"https:\/\/petproducts.com.cn\/wp-content\/uploads\/2024\/04\/luxury-pet-carriers-bags.webp\",\"width\":1000,\"height\":1000,\"caption\":\"luxury pet carriers bags\"},{\"@type\":\"BreadcrumbList\",\"@id\":\"https:\/\/petproducts.com.cn\/product\/luxury-pet-carriers-bags-pet-travel-tote-bag\/#breadcrumb\",\"itemListElement\":[{\"@type\":\"ListItem\",\"position\":1,\"name\":\"HOME\",\"item\":\"https:\/\/petproducts.com.cn\/\"},{\"@type\":\"ListItem\",\"position\":2,\"name\":\"Products\",\"item\":\"https:\/\/petproducts.com.cn\/shop\/\"},{\"@type\":\"ListItem\",\"position\":3,\"name\":\"Dog Carriers &amp; Car Supplies\",\"item\":\"https:\/\/petproducts.com.cn\/product-category\/dog-carriers-car-supplies\/\"},{\"@type\":\"ListItem\",\"position\":4,\"name\":\"Luxury Pet Carriers Bags Pet Travel Tote Bag\"}]},{\"@type\":\"WebSite\",\"@id\":\"https:\/\/petproducts.com.cn\/#website\",\"url\":\"https:\/\/petproducts.com.cn\/\",\"name\":\"Petstar\",\"description\":\"Leading Pet Supplies Manufacturer &amp; OEM Pet Products Supplier\",\"publisher\":{\"@id\":\"https:\/\/petproducts.com.cn\/#organization\"},\"alternateName\":\"Petstar Pet Supplies\",\"potentialAction\":[{\"@type\":\"SearchAction\",\"target\":{\"@type\":\"EntryPoint\",\"urlTemplate\":\"https:\/\/petproducts.com.cn\/?s={search_term_string}\"},\"query-input\":{\"@type\":\"PropertyValueSpecification\",\"valueRequired\":true,\"valueName\":\"search_term_string\"}}],\"inLanguage\":\"pt-PT\"},{\"@type\":\"Organization\",\"@id\":\"https:\/\/petproducts.com.cn\/#organization\",\"name\":\"Petstar\",\"url\":\"https:\/\/petproducts.com.cn\/\",\"logo\":{\"@type\":\"ImageObject\",\"inLanguage\":\"pt-PT\",\"@id\":\"https:\/\/petproducts.com.cn\/#\/schema\/logo\/image\/\",\"url\":\"https:\/\/petproducts.com.cn\/wp-content\/uploads\/2020\/02\/petstar-logo.webp\",\"contentUrl\":\"https:\/\/petproducts.com.cn\/wp-content\/uploads\/2020\/02\/petstar-logo.webp\",\"width\":779,\"height\":520,\"caption\":\"Petstar\"},\"image\":{\"@id\":\"https:\/\/petproducts.com.cn\/#\/schema\/logo\/image\/\"}}]}<\/script>\n<!-- \/ Yoast SEO plugin. -->","yoast_head_json":{"title":"Bolsas de luxo para animais de estima\u00e7\u00e3o | Personalizar bolsa de viagem para animais de estima\u00e7\u00e3o - Petstar","description":"Explore os sacos de transporte de luxo para animais de estima\u00e7\u00e3o, saco de viagem para animais de estima\u00e7\u00e3o, saco de transporte para animais de estima\u00e7\u00e3o do fabricante. A sua solu\u00e7\u00e3o comercial ideal com Petstar.","robots":{"index":"index","follow":"follow","max-snippet":"max-snippet:-1","max-image-preview":"max-image-preview:large","max-video-preview":"max-video-preview:-1"},"canonical":"https:\/\/petproducts.com.cn\/pt\/produto\/luxury-pet-carriers-bags-pet-travel-tote-bag\/","og_locale":"pt_PT","og_type":"article","og_title":"Luxury Pet Carriers Bags | Customize Travel Bag For Pets - Petstar","og_description":"Explore luxury pet carriers bags, travel bag for pets, pet tote bag from the manufacturer. Your ideal business solution with Petstar.","og_url":"https:\/\/petproducts.com.cn\/pt\/produto\/luxury-pet-carriers-bags-pet-travel-tote-bag\/","og_site_name":"Petstar","article_modified_time":"2024-04-10T07:29:02+00:00","og_image":[{"width":1000,"height":1000,"url":"https:\/\/petproducts.com.cn\/wp-content\/uploads\/2024\/04\/luxury-pet-carriers-bags.webp","type":"image\/webp"}],"twitter_card":"summary_large_image","twitter_misc":{"Tempo estimado de leitura":"2 minutos"},"schema":{"@context":"https:\/\/schema.org","@graph":[{"@type":"WebPage","@id":"https:\/\/petproducts.com.cn\/product\/luxury-pet-carriers-bags-pet-travel-tote-bag\/","url":"https:\/\/petproducts.com.cn\/product\/luxury-pet-carriers-bags-pet-travel-tote-bag\/","name":"Bolsas de luxo para animais de estima\u00e7\u00e3o | Personalizar bolsa de viagem para animais de estima\u00e7\u00e3o - Petstar","isPartOf":{"@id":"https:\/\/petproducts.com.cn\/#website"},"primaryImageOfPage":{"@id":"https:\/\/petproducts.com.cn\/product\/luxury-pet-carriers-bags-pet-travel-tote-bag\/#primaryimage"},"image":{"@id":"https:\/\/petproducts.com.cn\/product\/luxury-pet-carriers-bags-pet-travel-tote-bag\/#primaryimage"},"thumbnailUrl":"https:\/\/petproducts.com.cn\/wp-content\/uploads\/2024\/04\/luxury-pet-carriers-bags.webp","datePublished":"2024-04-10T07:09:16+00:00","dateModified":"2024-04-10T07:29:02+00:00","description":"Explore os sacos de transporte de luxo para animais de estima\u00e7\u00e3o, saco de viagem para animais de estima\u00e7\u00e3o, saco de transporte para animais de estima\u00e7\u00e3o do fabricante. A sua solu\u00e7\u00e3o comercial ideal com Petstar.","breadcrumb":{"@id":"https:\/\/petproducts.com.cn\/product\/luxury-pet-carriers-bags-pet-travel-tote-bag\/#breadcrumb"},"inLanguage":"pt-PT","potentialAction":[{"@type":"ReadAction","target":["https:\/\/petproducts.com.cn\/product\/luxury-pet-carriers-bags-pet-travel-tote-bag\/"]}]},{"@type":"ImageObject","inLanguage":"pt-PT","@id":"https:\/\/petproducts.com.cn\/product\/luxury-pet-carriers-bags-pet-travel-tote-bag\/#primaryimage","url":"https:\/\/petproducts.com.cn\/wp-content\/uploads\/2024\/04\/luxury-pet-carriers-bags.webp","contentUrl":"https:\/\/petproducts.com.cn\/wp-content\/uploads\/2024\/04\/luxury-pet-carriers-bags.webp","width":1000,"height":1000,"caption":"luxury pet carriers bags"},{"@type":"BreadcrumbList","@id":"https:\/\/petproducts.com.cn\/product\/luxury-pet-carriers-bags-pet-travel-tote-bag\/#breadcrumb","itemListElement":[{"@type":"ListItem","position":1,"name":"HOME","item":"https:\/\/petproducts.com.cn\/"},{"@type":"ListItem","position":2,"name":"Products","item":"https:\/\/petproducts.com.cn\/shop\/"},{"@type":"ListItem","position":3,"name":"Dog Carriers &amp; Car Supplies","item":"https:\/\/petproducts.com.cn\/product-category\/dog-carriers-car-supplies\/"},{"@type":"ListItem","position":4,"name":"Luxury Pet Carriers Bags Pet Travel Tote Bag"}]},{"@type":"WebSite","@id":"https:\/\/petproducts.com.cn\/#website","url":"https:\/\/petproducts.com.cn\/","name":"Petstar","description":"Fabricante l\u00edder de artigos para animais de estima\u00e7\u00e3o e fornecedor de produtos OEM para animais de estima\u00e7\u00e3o","publisher":{"@id":"https:\/\/petproducts.com.cn\/#organization"},"alternateName":"Petstar Pet Supplies","potentialAction":[{"@type":"SearchAction","target":{"@type":"EntryPoint","urlTemplate":"https:\/\/petproducts.com.cn\/?s={search_term_string}"},"query-input":{"@type":"PropertyValueSpecification","valueRequired":true,"valueName":"search_term_string"}}],"inLanguage":"pt-PT"},{"@type":"Organization","@id":"https:\/\/petproducts.com.cn\/#organization","name":"Petstar","url":"https:\/\/petproducts.com.cn\/","logo":{"@type":"ImageObject","inLanguage":"pt-PT","@id":"https:\/\/petproducts.com.cn\/#\/schema\/logo\/image\/","url":"https:\/\/petproducts.com.cn\/wp-content\/uploads\/2020\/02\/petstar-logo.webp","contentUrl":"https:\/\/petproducts.com.cn\/wp-content\/uploads\/2020\/02\/petstar-logo.webp","width":779,"height":520,"caption":"Petstar"},"image":{"@id":"https:\/\/petproducts.com.cn\/#\/schema\/logo\/image\/"}}]}},"_links":{"self":[{"href":"https:\/\/petproducts.com.cn\/pt\/wp-json\/wp\/v2\/product\/21860","targetHints":{"allow":["GET"]}}],"collection":[{"href":"https:\/\/petproducts.com.cn\/pt\/wp-json\/wp\/v2\/product"}],"about":[{"href":"https:\/\/petproducts.com.cn\/pt\/wp-json\/wp\/v2\/types\/product"}],"version-history":[{"count":1,"href":"https:\/\/petproducts.com.cn\/pt\/wp-json\/wp\/v2\/product\/21860\/revisions"}],"predecessor-version":[{"id":21869,"href":"https:\/\/petproducts.com.cn\/pt\/wp-json\/wp\/v2\/product\/21860\/revisions\/21869"}],"wp:featuredmedia":[{"embeddable":true,"href":"https:\/\/petproducts.com.cn\/pt\/wp-json\/wp\/v2\/media\/21862"}],"wp:attachment":[{"href":"https:\/\/petproducts.com.cn\/pt\/wp-json\/wp\/v2\/media?parent=21860"}],"wp:term":[{"taxonomy":"product_brand","embeddable":true,"href":"https:\/\/petproducts.com.cn\/pt\/wp-json\/wp\/v2\/product_brand?post=21860"},{"taxonomy":"product_cat","embeddable":true,"href":"https:\/\/petproducts.com.cn\/pt\/wp-json\/wp\/v2\/product_cat?post=21860"},{"taxonomy":"product_tag","embeddable":true,"href":"https:\/\/petproducts.com.cn\/pt\/wp-json\/wp\/v2\/product_tag?post=21860"}],"curies":[{"name":"wp","href":"https:\/\/api.w.org\/{rel}","templated":true}]}}