{"id":21937,"date":"2024-04-11T07:08:31","date_gmt":"2024-04-11T07:08:31","guid":{"rendered":"https:\/\/petproducts.com.cn\/?post_type=product&#038;p=21937"},"modified":"2024-04-11T07:30:27","modified_gmt":"2024-04-11T07:30:27","slug":"pet-travel-car-seat-cover-best-pet-covers-for-car","status":"publish","type":"product","link":"https:\/\/petproducts.com.cn\/pt\/product\/pet-travel-car-seat-cover-best-pet-covers-for-car\/","title":{"rendered":"Capa de assento de carro para viagem para animais de estima\u00e7\u00e3o As melhores capas para animais de estima\u00e7\u00e3o para carro"},"content":{"rendered":"<h2>Carater\u00edsticas da capa para assento de autom\u00f3vel de viagem para animais de estima\u00e7\u00e3o<\/h2>\n<ol>\n<li><strong>Tamanho generoso<\/strong>. A nossa capa para assento de autom\u00f3vel de viagem para animais de estima\u00e7\u00e3o tem dimens\u00f5es amplas de 137x147cm, proporcionando uma cobertura extensa para proteger os assentos de autom\u00f3vel de sujidade e danos relacionados com animais de estima\u00e7\u00e3o. Este design espa\u00e7oso garante que os animais de estima\u00e7\u00e3o t\u00eam muito espa\u00e7o para se movimentarem confortavelmente durante a viagem.<\/li>\n<li><strong>Materiais amigos do ambiente<\/strong>. Empenhados na sustentabilidade, as nossas capas para autom\u00f3veis para animais de estima\u00e7\u00e3o s\u00e3o fabricadas a partir de materiais reciclados. Ao utilizar materiais ecol\u00f3gicos, n\u00e3o s\u00f3 contribu\u00edmos para os esfor\u00e7os de conserva\u00e7\u00e3o ambiental, como tamb\u00e9m proporcionamos aos donos de animais de estima\u00e7\u00e3o uma solu\u00e7\u00e3o sem culpa para viajar com os seus companheiros peludos.<\/li>\n<li><strong>Fivelas amov\u00edveis pr\u00e1ticas<\/strong>. Com fivelas amov\u00edveis, a nossa melhor cobertura para animais de estima\u00e7\u00e3o para autom\u00f3vel oferece uma comodidade inigual\u00e1vel durante a instala\u00e7\u00e3o e remo\u00e7\u00e3o. Esta carater\u00edstica de f\u00e1cil utiliza\u00e7\u00e3o simplifica o processo de fixa\u00e7\u00e3o da capa no lugar, poupando tempo e esfor\u00e7o aos donos dos animais.<\/li>\n<li><strong>Fundo seguro antiderrapante<\/strong>. Concebida com um fundo antiderrapante, mant\u00e9m-se firmemente no lugar, evitando que se desloque ou deslize durante as viagens de carro. Isto garante um ambiente est\u00e1vel e seguro para os animais de estima\u00e7\u00e3o, minimizando o risco de acidentes e proporcionando paz de esp\u00edrito aos donos dos animais.<\/li>\n<li><strong>Design de abertura sem esfor\u00e7o<\/strong>. Concebida para m\u00e1xima comodidade, possui um mecanismo de abertura f\u00e1cil. Isto permite que os donos de animais de estima\u00e7\u00e3o acedam rapidamente aos bancos do autom\u00f3vel sem problemas, facilitando a acomoda\u00e7\u00e3o dos animais de estima\u00e7\u00e3o e dos passageiros durante a viagem.<\/li>\n<li><strong>Op\u00e7\u00f5es de personaliza\u00e7\u00e3o<\/strong>. Compreendendo as diversas necessidades dos donos de animais de estima\u00e7\u00e3o, \u00e9 personaliz\u00e1vel para se adequar \u00e0s prefer\u00eancias individuais. Desde a sele\u00e7\u00e3o de cores e padr\u00f5es at\u00e9 \u00e0 adi\u00e7\u00e3o de toques personalizados, os clientes t\u00eam a liberdade de criar uma capa que reflicta o seu estilo \u00fanico e satisfa\u00e7a os seus requisitos espec\u00edficos. Esta \u00eanfase na personaliza\u00e7\u00e3o garante uma experi\u00eancia de viagem personalizada e agrad\u00e1vel tanto para os animais de estima\u00e7\u00e3o como para os seus donos.<\/li>\n<\/ol>\n<p>&nbsp;<\/p>","protected":false},"excerpt":{"rendered":"<p>Somos um fabricante de capas de assento de carro para viagem de animais de estima\u00e7\u00e3o, com mais de 20 anos de experi\u00eancia. Oferecemos op\u00e7\u00f5es de personaliza\u00e7\u00e3o para cor, tamanho, tecido, padr\u00e3o, log\u00f3tipo e outras carater\u00edsticas.<\/p>","protected":false},"featured_media":21944,"template":"","meta":{"_acf_changed":false},"product_brand":[],"product_cat":[133,71,132,72],"product_tag":[145,144],"class_list":{"0":"post-21937","1":"product","2":"type-product","3":"status-publish","4":"has-post-thumbnail","6":"product_cat-cat-carriers-car-supplies","7":"product_cat-cat-supplies","8":"product_cat-dog-carriers-car-supplies","9":"product_cat-dog-supplies","10":"product_tag-cat-carriers-car-supplies","11":"product_tag-dog-carriers-car-supplies","13":"first","14":"instock","15":"shipping-taxable","16":"product-type-simple"},"acf":[],"yoast_head":"<!-- This site is optimized with the Yoast SEO plugin v27.1.1 - https:\/\/yoast.com\/product\/yoast-seo-wordpress\/ -->\n<title>pet travel car seat cover | Customize Pet Car Covers - Petstar<\/title>\n<meta name=\"description\" content=\"Explore pet car covers, pet travel car seat cover, best pet cover for car from the manufacturer. Your ideal business solution with Petstar.\" \/>\n<meta name=\"robots\" content=\"index, follow, max-snippet:-1, max-image-preview:large, max-video-preview:-1\" \/>\n<link rel=\"canonical\" href=\"https:\/\/petproducts.com.cn\/pt\/produto\/pet-travel-car-seat-cover-best-pet-covers-for-car\/\" \/>\n<meta property=\"og:locale\" content=\"pt_PT\" \/>\n<meta property=\"og:type\" content=\"article\" \/>\n<meta property=\"og:title\" content=\"pet travel car seat cover | Customize Pet Car Covers - Petstar\" \/>\n<meta property=\"og:description\" content=\"Explore pet car covers, pet travel car seat cover, best pet cover for car from the manufacturer. Your ideal business solution with Petstar.\" \/>\n<meta property=\"og:url\" content=\"https:\/\/petproducts.com.cn\/pt\/produto\/pet-travel-car-seat-cover-best-pet-covers-for-car\/\" \/>\n<meta property=\"og:site_name\" content=\"Petstar\" \/>\n<meta property=\"article:modified_time\" content=\"2024-04-11T07:30:27+00:00\" \/>\n<meta property=\"og:image\" content=\"https:\/\/petproducts.com.cn\/wp-content\/uploads\/2024\/04\/pet-travel-car-seat-cover.webp\" \/>\n\t<meta property=\"og:image:width\" content=\"1000\" \/>\n\t<meta property=\"og:image:height\" content=\"1000\" \/>\n\t<meta property=\"og:image:type\" content=\"image\/webp\" \/>\n<meta name=\"twitter:card\" content=\"summary_large_image\" \/>\n<meta name=\"twitter:label1\" content=\"Tempo estimado de leitura\" \/>\n\t<meta name=\"twitter:data1\" content=\"2 minutos\" \/>\n<script type=\"application\/ld+json\" class=\"yoast-schema-graph\">{\"@context\":\"https:\/\/schema.org\",\"@graph\":[{\"@type\":\"WebPage\",\"@id\":\"https:\/\/petproducts.com.cn\/product\/pet-travel-car-seat-cover-best-pet-covers-for-car\/\",\"url\":\"https:\/\/petproducts.com.cn\/product\/pet-travel-car-seat-cover-best-pet-covers-for-car\/\",\"name\":\"pet travel car seat cover | Customize Pet Car Covers - Petstar\",\"isPartOf\":{\"@id\":\"https:\/\/petproducts.com.cn\/#website\"},\"primaryImageOfPage\":{\"@id\":\"https:\/\/petproducts.com.cn\/product\/pet-travel-car-seat-cover-best-pet-covers-for-car\/#primaryimage\"},\"image\":{\"@id\":\"https:\/\/petproducts.com.cn\/product\/pet-travel-car-seat-cover-best-pet-covers-for-car\/#primaryimage\"},\"thumbnailUrl\":\"https:\/\/petproducts.com.cn\/wp-content\/uploads\/2024\/04\/pet-travel-car-seat-cover.webp\",\"datePublished\":\"2024-04-11T07:08:31+00:00\",\"dateModified\":\"2024-04-11T07:30:27+00:00\",\"description\":\"Explore pet car covers, pet travel car seat cover, best pet cover for car from the manufacturer. Your ideal business solution with Petstar.\",\"breadcrumb\":{\"@id\":\"https:\/\/petproducts.com.cn\/product\/pet-travel-car-seat-cover-best-pet-covers-for-car\/#breadcrumb\"},\"inLanguage\":\"pt-PT\",\"potentialAction\":[{\"@type\":\"ReadAction\",\"target\":[\"https:\/\/petproducts.com.cn\/product\/pet-travel-car-seat-cover-best-pet-covers-for-car\/\"]}]},{\"@type\":\"ImageObject\",\"inLanguage\":\"pt-PT\",\"@id\":\"https:\/\/petproducts.com.cn\/product\/pet-travel-car-seat-cover-best-pet-covers-for-car\/#primaryimage\",\"url\":\"https:\/\/petproducts.com.cn\/wp-content\/uploads\/2024\/04\/pet-travel-car-seat-cover.webp\",\"contentUrl\":\"https:\/\/petproducts.com.cn\/wp-content\/uploads\/2024\/04\/pet-travel-car-seat-cover.webp\",\"width\":1000,\"height\":1000,\"caption\":\"pet travel car seat cover\"},{\"@type\":\"BreadcrumbList\",\"@id\":\"https:\/\/petproducts.com.cn\/product\/pet-travel-car-seat-cover-best-pet-covers-for-car\/#breadcrumb\",\"itemListElement\":[{\"@type\":\"ListItem\",\"position\":1,\"name\":\"HOME\",\"item\":\"https:\/\/petproducts.com.cn\/\"},{\"@type\":\"ListItem\",\"position\":2,\"name\":\"Products\",\"item\":\"https:\/\/petproducts.com.cn\/shop\/\"},{\"@type\":\"ListItem\",\"position\":3,\"name\":\"Dog Carriers &amp; Car Supplies\",\"item\":\"https:\/\/petproducts.com.cn\/product-category\/dog-carriers-car-supplies\/\"},{\"@type\":\"ListItem\",\"position\":4,\"name\":\"Pet Travel Car Seat Cover Best Pet Covers For Car\"}]},{\"@type\":\"WebSite\",\"@id\":\"https:\/\/petproducts.com.cn\/#website\",\"url\":\"https:\/\/petproducts.com.cn\/\",\"name\":\"Petstar\",\"description\":\"Leading Pet Supplies Manufacturer &amp; OEM Pet Products Supplier\",\"publisher\":{\"@id\":\"https:\/\/petproducts.com.cn\/#organization\"},\"alternateName\":\"Petstar Pet Supplies\",\"potentialAction\":[{\"@type\":\"SearchAction\",\"target\":{\"@type\":\"EntryPoint\",\"urlTemplate\":\"https:\/\/petproducts.com.cn\/?s={search_term_string}\"},\"query-input\":{\"@type\":\"PropertyValueSpecification\",\"valueRequired\":true,\"valueName\":\"search_term_string\"}}],\"inLanguage\":\"pt-PT\"},{\"@type\":\"Organization\",\"@id\":\"https:\/\/petproducts.com.cn\/#organization\",\"name\":\"Petstar\",\"url\":\"https:\/\/petproducts.com.cn\/\",\"logo\":{\"@type\":\"ImageObject\",\"inLanguage\":\"pt-PT\",\"@id\":\"https:\/\/petproducts.com.cn\/#\/schema\/logo\/image\/\",\"url\":\"https:\/\/petproducts.com.cn\/wp-content\/uploads\/2020\/02\/petstar-logo.webp\",\"contentUrl\":\"https:\/\/petproducts.com.cn\/wp-content\/uploads\/2020\/02\/petstar-logo.webp\",\"width\":779,\"height\":520,\"caption\":\"Petstar\"},\"image\":{\"@id\":\"https:\/\/petproducts.com.cn\/#\/schema\/logo\/image\/\"}}]}<\/script>\n<!-- \/ Yoast SEO plugin. -->","yoast_head_json":{"title":"capa para assento de carro de viagem para animais de estima\u00e7\u00e3o | Personalizar capas de carro para animais de estima\u00e7\u00e3o - Petstar","description":"Explore as capas de carro para animais de estima\u00e7\u00e3o, capa de assento de carro de viagem para animais de estima\u00e7\u00e3o, melhor capa de carro para animais de estima\u00e7\u00e3o do fabricante. A sua solu\u00e7\u00e3o comercial ideal com Petstar.","robots":{"index":"index","follow":"follow","max-snippet":"max-snippet:-1","max-image-preview":"max-image-preview:large","max-video-preview":"max-video-preview:-1"},"canonical":"https:\/\/petproducts.com.cn\/pt\/produto\/pet-travel-car-seat-cover-best-pet-covers-for-car\/","og_locale":"pt_PT","og_type":"article","og_title":"pet travel car seat cover | Customize Pet Car Covers - Petstar","og_description":"Explore pet car covers, pet travel car seat cover, best pet cover for car from the manufacturer. Your ideal business solution with Petstar.","og_url":"https:\/\/petproducts.com.cn\/pt\/produto\/pet-travel-car-seat-cover-best-pet-covers-for-car\/","og_site_name":"Petstar","article_modified_time":"2024-04-11T07:30:27+00:00","og_image":[{"width":1000,"height":1000,"url":"https:\/\/petproducts.com.cn\/wp-content\/uploads\/2024\/04\/pet-travel-car-seat-cover.webp","type":"image\/webp"}],"twitter_card":"summary_large_image","twitter_misc":{"Tempo estimado de leitura":"2 minutos"},"schema":{"@context":"https:\/\/schema.org","@graph":[{"@type":"WebPage","@id":"https:\/\/petproducts.com.cn\/product\/pet-travel-car-seat-cover-best-pet-covers-for-car\/","url":"https:\/\/petproducts.com.cn\/product\/pet-travel-car-seat-cover-best-pet-covers-for-car\/","name":"capa para assento de carro de viagem para animais de estima\u00e7\u00e3o | Personalizar capas de carro para animais de estima\u00e7\u00e3o - Petstar","isPartOf":{"@id":"https:\/\/petproducts.com.cn\/#website"},"primaryImageOfPage":{"@id":"https:\/\/petproducts.com.cn\/product\/pet-travel-car-seat-cover-best-pet-covers-for-car\/#primaryimage"},"image":{"@id":"https:\/\/petproducts.com.cn\/product\/pet-travel-car-seat-cover-best-pet-covers-for-car\/#primaryimage"},"thumbnailUrl":"https:\/\/petproducts.com.cn\/wp-content\/uploads\/2024\/04\/pet-travel-car-seat-cover.webp","datePublished":"2024-04-11T07:08:31+00:00","dateModified":"2024-04-11T07:30:27+00:00","description":"Explore as capas de carro para animais de estima\u00e7\u00e3o, capa de assento de carro de viagem para animais de estima\u00e7\u00e3o, melhor capa de carro para animais de estima\u00e7\u00e3o do fabricante. A sua solu\u00e7\u00e3o comercial ideal com Petstar.","breadcrumb":{"@id":"https:\/\/petproducts.com.cn\/product\/pet-travel-car-seat-cover-best-pet-covers-for-car\/#breadcrumb"},"inLanguage":"pt-PT","potentialAction":[{"@type":"ReadAction","target":["https:\/\/petproducts.com.cn\/product\/pet-travel-car-seat-cover-best-pet-covers-for-car\/"]}]},{"@type":"ImageObject","inLanguage":"pt-PT","@id":"https:\/\/petproducts.com.cn\/product\/pet-travel-car-seat-cover-best-pet-covers-for-car\/#primaryimage","url":"https:\/\/petproducts.com.cn\/wp-content\/uploads\/2024\/04\/pet-travel-car-seat-cover.webp","contentUrl":"https:\/\/petproducts.com.cn\/wp-content\/uploads\/2024\/04\/pet-travel-car-seat-cover.webp","width":1000,"height":1000,"caption":"pet travel car seat cover"},{"@type":"BreadcrumbList","@id":"https:\/\/petproducts.com.cn\/product\/pet-travel-car-seat-cover-best-pet-covers-for-car\/#breadcrumb","itemListElement":[{"@type":"ListItem","position":1,"name":"HOME","item":"https:\/\/petproducts.com.cn\/"},{"@type":"ListItem","position":2,"name":"Products","item":"https:\/\/petproducts.com.cn\/shop\/"},{"@type":"ListItem","position":3,"name":"Dog Carriers &amp; Car Supplies","item":"https:\/\/petproducts.com.cn\/product-category\/dog-carriers-car-supplies\/"},{"@type":"ListItem","position":4,"name":"Pet Travel Car Seat Cover Best Pet Covers For Car"}]},{"@type":"WebSite","@id":"https:\/\/petproducts.com.cn\/#website","url":"https:\/\/petproducts.com.cn\/","name":"Petstar","description":"Fabricante l\u00edder de artigos para animais de estima\u00e7\u00e3o e fornecedor de produtos OEM para animais de estima\u00e7\u00e3o","publisher":{"@id":"https:\/\/petproducts.com.cn\/#organization"},"alternateName":"Petstar Pet Supplies","potentialAction":[{"@type":"SearchAction","target":{"@type":"EntryPoint","urlTemplate":"https:\/\/petproducts.com.cn\/?s={search_term_string}"},"query-input":{"@type":"PropertyValueSpecification","valueRequired":true,"valueName":"search_term_string"}}],"inLanguage":"pt-PT"},{"@type":"Organization","@id":"https:\/\/petproducts.com.cn\/#organization","name":"Petstar","url":"https:\/\/petproducts.com.cn\/","logo":{"@type":"ImageObject","inLanguage":"pt-PT","@id":"https:\/\/petproducts.com.cn\/#\/schema\/logo\/image\/","url":"https:\/\/petproducts.com.cn\/wp-content\/uploads\/2020\/02\/petstar-logo.webp","contentUrl":"https:\/\/petproducts.com.cn\/wp-content\/uploads\/2020\/02\/petstar-logo.webp","width":779,"height":520,"caption":"Petstar"},"image":{"@id":"https:\/\/petproducts.com.cn\/#\/schema\/logo\/image\/"}}]}},"_links":{"self":[{"href":"https:\/\/petproducts.com.cn\/pt\/wp-json\/wp\/v2\/product\/21937","targetHints":{"allow":["GET"]}}],"collection":[{"href":"https:\/\/petproducts.com.cn\/pt\/wp-json\/wp\/v2\/product"}],"about":[{"href":"https:\/\/petproducts.com.cn\/pt\/wp-json\/wp\/v2\/types\/product"}],"version-history":[{"count":1,"href":"https:\/\/petproducts.com.cn\/pt\/wp-json\/wp\/v2\/product\/21937\/revisions"}],"predecessor-version":[{"id":21945,"href":"https:\/\/petproducts.com.cn\/pt\/wp-json\/wp\/v2\/product\/21937\/revisions\/21945"}],"wp:featuredmedia":[{"embeddable":true,"href":"https:\/\/petproducts.com.cn\/pt\/wp-json\/wp\/v2\/media\/21944"}],"wp:attachment":[{"href":"https:\/\/petproducts.com.cn\/pt\/wp-json\/wp\/v2\/media?parent=21937"}],"wp:term":[{"taxonomy":"product_brand","embeddable":true,"href":"https:\/\/petproducts.com.cn\/pt\/wp-json\/wp\/v2\/product_brand?post=21937"},{"taxonomy":"product_cat","embeddable":true,"href":"https:\/\/petproducts.com.cn\/pt\/wp-json\/wp\/v2\/product_cat?post=21937"},{"taxonomy":"product_tag","embeddable":true,"href":"https:\/\/petproducts.com.cn\/pt\/wp-json\/wp\/v2\/product_tag?post=21937"}],"curies":[{"name":"wp","href":"https:\/\/api.w.org\/{rel}","templated":true}]}}