{"id":22243,"date":"2024-04-18T05:41:34","date_gmt":"2024-04-18T05:41:34","guid":{"rendered":"https:\/\/petproducts.com.cn\/?post_type=product&#038;p=22243"},"modified":"2024-10-31T08:21:46","modified_gmt":"2024-10-31T08:21:46","slug":"camouflage-dog-jacket-warm-lambs-wool-dog-coat","status":"publish","type":"product","link":"https:\/\/petproducts.com.cn\/pt\/product\/camouflage-dog-jacket-warm-lambs-wool-dog-coat\/","title":{"rendered":"Jaqueta camuflada para cachorro Casaco quente de l\u00e3 de cordeiro"},"content":{"rendered":"<h2><strong>Carater\u00edsticas do casaco de camuflagem para c\u00e3es<\/strong><\/h2>\n<ol>\n<li><strong>Material luxuoso de l\u00e3 de cordeiro<\/strong>: Fabricado a partir de material de l\u00e3 de carneiro de alta qualidade, o nosso casaco de camuflagem para c\u00e3es oferece um calor e um conforto inigual\u00e1veis ao seu animal de estima\u00e7\u00e3o. A textura macia e felpuda da l\u00e3 de cordeiro proporciona uma sensa\u00e7\u00e3o de aconchego e luxo, garantindo que o seu animal de estima\u00e7\u00e3o se mant\u00e9m quente e confort\u00e1vel.<\/li>\n<li><strong>Padr\u00e3o de camuflagem na moda<\/strong>: Fa\u00e7a uma declara\u00e7\u00e3o de moda com o padr\u00e3o de camuflagem moderno do nosso casaco para c\u00e3es. O design elegante acrescenta um toque de estilo ao guarda-roupa do seu animal de estima\u00e7\u00e3o, garantindo que ele se destaca do grupo onde quer que v\u00e1.<\/li>\n<li><strong>Calor excecional<\/strong>: Diga adeus aos arrepios e aos problemas do tempo frio! O nosso casaco de l\u00e3 de cordeiro para c\u00e3es proporciona um calor excecional, mantendo o seu animal de estima\u00e7\u00e3o confort\u00e1vel mesmo nos dias mais frios. Quer seja para passear ou para descansar em casa, o seu animal de estima\u00e7\u00e3o manter-se-\u00e1 confort\u00e1vel e aconchegado.<\/li>\n<li><strong>Funcional e pr\u00e1tico<\/strong>: O nosso casaco para c\u00e3es n\u00e3o \u00e9 apenas elegante, mas tamb\u00e9m pr\u00e1tico. A constru\u00e7\u00e3o dur\u00e1vel e os materiais de alta qualidade asseguram um desempenho duradouro, enquanto o design f\u00e1cil de utilizar facilita a tarefa de vestir e despir o seu animal de estima\u00e7\u00e3o.<\/li>\n<li><strong>Ajuste confort\u00e1vel<\/strong>: Concebido a pensar no conforto do seu animal de estima\u00e7\u00e3o, o nosso casaco para c\u00e3es tem um ajuste confort\u00e1vel que permite um movimento f\u00e1cil. O seu animal de estima\u00e7\u00e3o pode correr, brincar e explorar com facilidade enquanto veste o nosso acolhedor casaco de l\u00e3 de ovelha.<\/li>\n<li><strong>Utiliza\u00e7\u00e3o vers\u00e1til<\/strong>: Quer seja numa caminhada de inverno, num passeio pelo parque ou numa noite acolhedora em casa, o nosso casaco para c\u00e3es \u00e9 perfeito para todas as ocasi\u00f5es. O seu design vers\u00e1til torna-o adequado tanto para uso interior como exterior, garantindo que o seu animal de estima\u00e7\u00e3o se mant\u00e9m quente e elegante onde quer que v\u00e1.<\/li>\n<li><strong>Variedade de tamanhos dispon\u00edveis<\/strong>: O nosso casaco de camuflagem para animais de estima\u00e7\u00e3o est\u00e1 dispon\u00edvel numa variedade de tamanhos para se adaptar a c\u00e3es de todas as ra\u00e7as e tamanhos. Do pequeno ao grande, existe um modelo perfeito para cada amigo peludo.<\/li>\n<\/ol>","protected":false},"excerpt":{"rendered":"<p>N\u00f3s somos um fabricante de roupas para animais de estima\u00e7\u00e3o com mais de 20 anos de experi\u00eancia. Oferecemos op\u00e7\u00f5es de personaliza\u00e7\u00e3o para cor, tamanho, tecido, padr\u00e3o, log\u00f3tipo e outras carater\u00edsticas.<\/p>","protected":false},"featured_media":22247,"template":"","meta":{"_acf_changed":false},"product_brand":[],"product_cat":[135,71,49,72],"product_tag":[217,220],"class_list":{"0":"post-22243","1":"product","2":"type-product","3":"status-publish","4":"has-post-thumbnail","6":"product_cat-cat-apparel-accessories","7":"product_cat-cat-supplies","8":"product_cat-dog-apparel-accessories","9":"product_cat-dog-supplies","10":"product_tag-pet-clothes","11":"product_tag-pet-coats-jackets","13":"first","14":"instock","15":"shipping-taxable","16":"product-type-simple"},"acf":[],"yoast_head":"<!-- This site is optimized with the Yoast SEO plugin v27.1.1 - https:\/\/yoast.com\/product\/yoast-seo-wordpress\/ -->\n<title>Camouflage Dog Jacket | Lambs Wool Dog Coat Factory - Petstar<\/title>\n<meta name=\"description\" content=\"Explore camouflage dog jacket, lambs wool dog coat, warm dog jacket with sleeves directly from the manufacturer. Your ideal business solution with Petstar.\" \/>\n<meta name=\"robots\" content=\"index, follow, max-snippet:-1, max-image-preview:large, max-video-preview:-1\" \/>\n<link rel=\"canonical\" href=\"https:\/\/petproducts.com.cn\/pt\/produto\/camouflage-dog-jacket-warm-lambs-wool-dog-coat\/\" \/>\n<meta property=\"og:locale\" content=\"pt_PT\" \/>\n<meta property=\"og:type\" content=\"article\" \/>\n<meta property=\"og:title\" content=\"Camouflage Dog Jacket | Lambs Wool Dog Coat Factory - Petstar\" \/>\n<meta property=\"og:description\" content=\"Explore camouflage dog jacket, lambs wool dog coat, warm dog jacket with sleeves directly from the manufacturer. Your ideal business solution with Petstar.\" \/>\n<meta property=\"og:url\" content=\"https:\/\/petproducts.com.cn\/pt\/produto\/camouflage-dog-jacket-warm-lambs-wool-dog-coat\/\" \/>\n<meta property=\"og:site_name\" content=\"Petstar\" \/>\n<meta property=\"article:modified_time\" content=\"2024-10-31T08:21:46+00:00\" \/>\n<meta property=\"og:image\" content=\"https:\/\/petproducts.com.cn\/wp-content\/uploads\/2024\/04\/Camouflage-Dog-Jacket.webp\" \/>\n\t<meta property=\"og:image:width\" content=\"1000\" \/>\n\t<meta property=\"og:image:height\" content=\"1000\" \/>\n\t<meta property=\"og:image:type\" content=\"image\/webp\" \/>\n<meta name=\"twitter:card\" content=\"summary_large_image\" \/>\n<meta name=\"twitter:label1\" content=\"Tempo estimado de leitura\" \/>\n\t<meta name=\"twitter:data1\" content=\"2 minutos\" \/>\n<script type=\"application\/ld+json\" class=\"yoast-schema-graph\">{\"@context\":\"https:\/\/schema.org\",\"@graph\":[{\"@type\":\"WebPage\",\"@id\":\"https:\/\/petproducts.com.cn\/product\/camouflage-dog-jacket-warm-lambs-wool-dog-coat\/\",\"url\":\"https:\/\/petproducts.com.cn\/product\/camouflage-dog-jacket-warm-lambs-wool-dog-coat\/\",\"name\":\"Camouflage Dog Jacket | Lambs Wool Dog Coat Factory - Petstar\",\"isPartOf\":{\"@id\":\"https:\/\/petproducts.com.cn\/#website\"},\"primaryImageOfPage\":{\"@id\":\"https:\/\/petproducts.com.cn\/product\/camouflage-dog-jacket-warm-lambs-wool-dog-coat\/#primaryimage\"},\"image\":{\"@id\":\"https:\/\/petproducts.com.cn\/product\/camouflage-dog-jacket-warm-lambs-wool-dog-coat\/#primaryimage\"},\"thumbnailUrl\":\"https:\/\/petproducts.com.cn\/wp-content\/uploads\/2024\/04\/Camouflage-Dog-Jacket.webp\",\"datePublished\":\"2024-04-18T05:41:34+00:00\",\"dateModified\":\"2024-10-31T08:21:46+00:00\",\"description\":\"Explore camouflage dog jacket, lambs wool dog coat, warm dog jacket with sleeves directly from the manufacturer. Your ideal business solution with Petstar.\",\"breadcrumb\":{\"@id\":\"https:\/\/petproducts.com.cn\/product\/camouflage-dog-jacket-warm-lambs-wool-dog-coat\/#breadcrumb\"},\"inLanguage\":\"pt-PT\",\"potentialAction\":[{\"@type\":\"ReadAction\",\"target\":[\"https:\/\/petproducts.com.cn\/product\/camouflage-dog-jacket-warm-lambs-wool-dog-coat\/\"]}]},{\"@type\":\"ImageObject\",\"inLanguage\":\"pt-PT\",\"@id\":\"https:\/\/petproducts.com.cn\/product\/camouflage-dog-jacket-warm-lambs-wool-dog-coat\/#primaryimage\",\"url\":\"https:\/\/petproducts.com.cn\/wp-content\/uploads\/2024\/04\/Camouflage-Dog-Jacket.webp\",\"contentUrl\":\"https:\/\/petproducts.com.cn\/wp-content\/uploads\/2024\/04\/Camouflage-Dog-Jacket.webp\",\"width\":1000,\"height\":1000,\"caption\":\"Camouflage Dog Jacket\"},{\"@type\":\"BreadcrumbList\",\"@id\":\"https:\/\/petproducts.com.cn\/product\/camouflage-dog-jacket-warm-lambs-wool-dog-coat\/#breadcrumb\",\"itemListElement\":[{\"@type\":\"ListItem\",\"position\":1,\"name\":\"HOME\",\"item\":\"https:\/\/petproducts.com.cn\/\"},{\"@type\":\"ListItem\",\"position\":2,\"name\":\"Products\",\"item\":\"https:\/\/petproducts.com.cn\/shop\/\"},{\"@type\":\"ListItem\",\"position\":3,\"name\":\"Dog Apparel &amp; Accessories\",\"item\":\"https:\/\/petproducts.com.cn\/product-category\/dog-apparel-accessories\/\"},{\"@type\":\"ListItem\",\"position\":4,\"name\":\"Camouflage Dog Jacket Warm Lambs Wool Dog Coat\"}]},{\"@type\":\"WebSite\",\"@id\":\"https:\/\/petproducts.com.cn\/#website\",\"url\":\"https:\/\/petproducts.com.cn\/\",\"name\":\"Petstar\",\"description\":\"Leading Pet Supplies Manufacturer &amp; OEM Pet Products Supplier\",\"publisher\":{\"@id\":\"https:\/\/petproducts.com.cn\/#organization\"},\"alternateName\":\"Petstar Pet Supplies\",\"potentialAction\":[{\"@type\":\"SearchAction\",\"target\":{\"@type\":\"EntryPoint\",\"urlTemplate\":\"https:\/\/petproducts.com.cn\/?s={search_term_string}\"},\"query-input\":{\"@type\":\"PropertyValueSpecification\",\"valueRequired\":true,\"valueName\":\"search_term_string\"}}],\"inLanguage\":\"pt-PT\"},{\"@type\":\"Organization\",\"@id\":\"https:\/\/petproducts.com.cn\/#organization\",\"name\":\"Petstar\",\"url\":\"https:\/\/petproducts.com.cn\/\",\"logo\":{\"@type\":\"ImageObject\",\"inLanguage\":\"pt-PT\",\"@id\":\"https:\/\/petproducts.com.cn\/#\/schema\/logo\/image\/\",\"url\":\"https:\/\/petproducts.com.cn\/wp-content\/uploads\/2020\/02\/petstar-logo.webp\",\"contentUrl\":\"https:\/\/petproducts.com.cn\/wp-content\/uploads\/2020\/02\/petstar-logo.webp\",\"width\":779,\"height\":520,\"caption\":\"Petstar\"},\"image\":{\"@id\":\"https:\/\/petproducts.com.cn\/#\/schema\/logo\/image\/\"}}]}<\/script>\n<!-- \/ Yoast SEO plugin. -->","yoast_head_json":{"title":"Casaco Camuflado para C\u00e3es | F\u00e1brica de Casacos para C\u00e3es em L\u00e3 de Carneiro - Petstar","description":"Explore o casaco de camuflagem para c\u00e3es, casaco de l\u00e3 de carneiro para c\u00e3es, casaco quente para c\u00e3es com mangas diretamente do fabricante. A sua solu\u00e7\u00e3o comercial ideal com Petstar.","robots":{"index":"index","follow":"follow","max-snippet":"max-snippet:-1","max-image-preview":"max-image-preview:large","max-video-preview":"max-video-preview:-1"},"canonical":"https:\/\/petproducts.com.cn\/pt\/produto\/camouflage-dog-jacket-warm-lambs-wool-dog-coat\/","og_locale":"pt_PT","og_type":"article","og_title":"Camouflage Dog Jacket | Lambs Wool Dog Coat Factory - Petstar","og_description":"Explore camouflage dog jacket, lambs wool dog coat, warm dog jacket with sleeves directly from the manufacturer. Your ideal business solution with Petstar.","og_url":"https:\/\/petproducts.com.cn\/pt\/produto\/camouflage-dog-jacket-warm-lambs-wool-dog-coat\/","og_site_name":"Petstar","article_modified_time":"2024-10-31T08:21:46+00:00","og_image":[{"width":1000,"height":1000,"url":"https:\/\/petproducts.com.cn\/wp-content\/uploads\/2024\/04\/Camouflage-Dog-Jacket.webp","type":"image\/webp"}],"twitter_card":"summary_large_image","twitter_misc":{"Tempo estimado de leitura":"2 minutos"},"schema":{"@context":"https:\/\/schema.org","@graph":[{"@type":"WebPage","@id":"https:\/\/petproducts.com.cn\/product\/camouflage-dog-jacket-warm-lambs-wool-dog-coat\/","url":"https:\/\/petproducts.com.cn\/product\/camouflage-dog-jacket-warm-lambs-wool-dog-coat\/","name":"Casaco Camuflado para C\u00e3es | F\u00e1brica de Casacos para C\u00e3es em L\u00e3 de Carneiro - Petstar","isPartOf":{"@id":"https:\/\/petproducts.com.cn\/#website"},"primaryImageOfPage":{"@id":"https:\/\/petproducts.com.cn\/product\/camouflage-dog-jacket-warm-lambs-wool-dog-coat\/#primaryimage"},"image":{"@id":"https:\/\/petproducts.com.cn\/product\/camouflage-dog-jacket-warm-lambs-wool-dog-coat\/#primaryimage"},"thumbnailUrl":"https:\/\/petproducts.com.cn\/wp-content\/uploads\/2024\/04\/Camouflage-Dog-Jacket.webp","datePublished":"2024-04-18T05:41:34+00:00","dateModified":"2024-10-31T08:21:46+00:00","description":"Explore o casaco de camuflagem para c\u00e3es, casaco de l\u00e3 de carneiro para c\u00e3es, casaco quente para c\u00e3es com mangas diretamente do fabricante. A sua solu\u00e7\u00e3o comercial ideal com Petstar.","breadcrumb":{"@id":"https:\/\/petproducts.com.cn\/product\/camouflage-dog-jacket-warm-lambs-wool-dog-coat\/#breadcrumb"},"inLanguage":"pt-PT","potentialAction":[{"@type":"ReadAction","target":["https:\/\/petproducts.com.cn\/product\/camouflage-dog-jacket-warm-lambs-wool-dog-coat\/"]}]},{"@type":"ImageObject","inLanguage":"pt-PT","@id":"https:\/\/petproducts.com.cn\/product\/camouflage-dog-jacket-warm-lambs-wool-dog-coat\/#primaryimage","url":"https:\/\/petproducts.com.cn\/wp-content\/uploads\/2024\/04\/Camouflage-Dog-Jacket.webp","contentUrl":"https:\/\/petproducts.com.cn\/wp-content\/uploads\/2024\/04\/Camouflage-Dog-Jacket.webp","width":1000,"height":1000,"caption":"Camouflage Dog Jacket"},{"@type":"BreadcrumbList","@id":"https:\/\/petproducts.com.cn\/product\/camouflage-dog-jacket-warm-lambs-wool-dog-coat\/#breadcrumb","itemListElement":[{"@type":"ListItem","position":1,"name":"HOME","item":"https:\/\/petproducts.com.cn\/"},{"@type":"ListItem","position":2,"name":"Products","item":"https:\/\/petproducts.com.cn\/shop\/"},{"@type":"ListItem","position":3,"name":"Dog Apparel &amp; Accessories","item":"https:\/\/petproducts.com.cn\/product-category\/dog-apparel-accessories\/"},{"@type":"ListItem","position":4,"name":"Camouflage Dog Jacket Warm Lambs Wool Dog Coat"}]},{"@type":"WebSite","@id":"https:\/\/petproducts.com.cn\/#website","url":"https:\/\/petproducts.com.cn\/","name":"Petstar","description":"Fabricante l\u00edder de artigos para animais de estima\u00e7\u00e3o e fornecedor de produtos OEM para animais de estima\u00e7\u00e3o","publisher":{"@id":"https:\/\/petproducts.com.cn\/#organization"},"alternateName":"Petstar Pet Supplies","potentialAction":[{"@type":"SearchAction","target":{"@type":"EntryPoint","urlTemplate":"https:\/\/petproducts.com.cn\/?s={search_term_string}"},"query-input":{"@type":"PropertyValueSpecification","valueRequired":true,"valueName":"search_term_string"}}],"inLanguage":"pt-PT"},{"@type":"Organization","@id":"https:\/\/petproducts.com.cn\/#organization","name":"Petstar","url":"https:\/\/petproducts.com.cn\/","logo":{"@type":"ImageObject","inLanguage":"pt-PT","@id":"https:\/\/petproducts.com.cn\/#\/schema\/logo\/image\/","url":"https:\/\/petproducts.com.cn\/wp-content\/uploads\/2020\/02\/petstar-logo.webp","contentUrl":"https:\/\/petproducts.com.cn\/wp-content\/uploads\/2020\/02\/petstar-logo.webp","width":779,"height":520,"caption":"Petstar"},"image":{"@id":"https:\/\/petproducts.com.cn\/#\/schema\/logo\/image\/"}}]}},"_links":{"self":[{"href":"https:\/\/petproducts.com.cn\/pt\/wp-json\/wp\/v2\/product\/22243","targetHints":{"allow":["GET"]}}],"collection":[{"href":"https:\/\/petproducts.com.cn\/pt\/wp-json\/wp\/v2\/product"}],"about":[{"href":"https:\/\/petproducts.com.cn\/pt\/wp-json\/wp\/v2\/types\/product"}],"version-history":[{"count":2,"href":"https:\/\/petproducts.com.cn\/pt\/wp-json\/wp\/v2\/product\/22243\/revisions"}],"predecessor-version":[{"id":22245,"href":"https:\/\/petproducts.com.cn\/pt\/wp-json\/wp\/v2\/product\/22243\/revisions\/22245"}],"wp:featuredmedia":[{"embeddable":true,"href":"https:\/\/petproducts.com.cn\/pt\/wp-json\/wp\/v2\/media\/22247"}],"wp:attachment":[{"href":"https:\/\/petproducts.com.cn\/pt\/wp-json\/wp\/v2\/media?parent=22243"}],"wp:term":[{"taxonomy":"product_brand","embeddable":true,"href":"https:\/\/petproducts.com.cn\/pt\/wp-json\/wp\/v2\/product_brand?post=22243"},{"taxonomy":"product_cat","embeddable":true,"href":"https:\/\/petproducts.com.cn\/pt\/wp-json\/wp\/v2\/product_cat?post=22243"},{"taxonomy":"product_tag","embeddable":true,"href":"https:\/\/petproducts.com.cn\/pt\/wp-json\/wp\/v2\/product_tag?post=22243"}],"curies":[{"name":"wp","href":"https:\/\/api.w.org\/{rel}","templated":true}]}}