{"id":22309,"date":"2024-04-19T01:58:29","date_gmt":"2024-04-19T01:58:29","guid":{"rendered":"https:\/\/petproducts.com.cn\/?post_type=product&#038;p=22309"},"modified":"2024-10-30T06:12:06","modified_gmt":"2024-10-30T06:12:06","slug":"knit-dog-sweater-wholesale-cheap-dog-clothes","status":"publish","type":"product","link":"https:\/\/petproducts.com.cn\/pt\/product\/knit-dog-sweater-wholesale-cheap-dog-clothes\/","title":{"rendered":"Su\u00e9ter de malha para cachorro por atacado roupas baratas para cachorro"},"content":{"rendered":"<h2><strong>Carater\u00edsticas da camisola de malha para c\u00e3es <\/strong><\/h2>\n<ol>\n<li><strong>Design elegante em malha<\/strong>: Com um design cl\u00e1ssico em malha, a nossa camisola de malha para c\u00e3es acrescenta um toque de eleg\u00e2ncia intemporal ao guarda-roupa do seu animal de estima\u00e7\u00e3o, fazendo-o sobressair com sofistica\u00e7\u00e3o e charme onde quer que v\u00e1.<\/li>\n<li><strong>Ajuste quente e confort\u00e1vel<\/strong>: Concebida a pensar no conforto do seu animal de estima\u00e7\u00e3o, a nossa camisola de malha para animais de estima\u00e7\u00e3o proporciona um ajuste confort\u00e1vel que permite liberdade de movimentos, garantindo que o seu animal de estima\u00e7\u00e3o pode brincar, correr e relaxar com facilidade, mantendo-se quente e elegante.<\/li>\n<li><strong>Suave e delicado para a pele<\/strong>: Fabricada em material acr\u00edlico de alta qualidade, a nossa camisola para c\u00e3es \u00e9 macia e suave para a pele do seu animal de estima\u00e7\u00e3o, evitando irrita\u00e7\u00f5es e desconforto, permitindo-lhe us\u00e1-la durante longos per\u00edodos sem qualquer problema.<\/li>\n<li><strong>Acess\u00edvel e econ\u00f3mico<\/strong>: A nossa camisola para c\u00e3es oferece uma rela\u00e7\u00e3o qualidade-pre\u00e7o imbat\u00edvel, proporcionando uma op\u00e7\u00e3o de guarda-roupa elegante e funcional para o seu animal de estima\u00e7\u00e3o a um pre\u00e7o acess\u00edvel, tornando-a ideal para donos de animais conscientes do or\u00e7amento e compras por grosso.<\/li>\n<li><strong>Utiliza\u00e7\u00e3o vers\u00e1til<\/strong>: Quer se trate de um passeio casual, uma reuni\u00e3o de fam\u00edlia ou uma noite aconchegante dentro de casa, a nossa camisola barata para c\u00e3es \u00e9 adequada para todas as ocasi\u00f5es, proporcionando calor e estilo ao seu amigo peludo, garantindo que ele esteja no seu melhor onde quer que v\u00e1.<\/li>\n<li><strong>Dispon\u00edvel para venda por grosso<\/strong>: Quer comprar roupa de qualidade para c\u00e3es para o seu neg\u00f3cio? A nossa camisola para animais de estima\u00e7\u00e3o est\u00e1 dispon\u00edvel para compra por grosso, permitindo-lhe oferecer op\u00e7\u00f5es elegantes e econ\u00f3micas aos seus clientes, maximizando as suas margens de lucro.<\/li>\n<\/ol>","protected":false},"excerpt":{"rendered":"<p>N\u00f3s somos um fabricante de roupas para animais de estima\u00e7\u00e3o com mais de 20 anos de experi\u00eancia. Oferecemos op\u00e7\u00f5es de personaliza\u00e7\u00e3o para cor, tamanho, tecido, padr\u00e3o, log\u00f3tipo e outras carater\u00edsticas.<\/p>","protected":false},"featured_media":22315,"template":"","meta":{"_acf_changed":false},"product_brand":[],"product_cat":[135,71,49,72],"product_tag":[217,262],"class_list":{"0":"post-22309","1":"product","2":"type-product","3":"status-publish","4":"has-post-thumbnail","6":"product_cat-cat-apparel-accessories","7":"product_cat-cat-supplies","8":"product_cat-dog-apparel-accessories","9":"product_cat-dog-supplies","10":"product_tag-pet-clothes","11":"product_tag-pet-sweaters","13":"first","14":"instock","15":"shipping-taxable","16":"product-type-simple"},"acf":[],"yoast_head":"<!-- This site is optimized with the Yoast SEO plugin v27.1.1 - https:\/\/yoast.com\/product\/yoast-seo-wordpress\/ -->\n<title>Knit Dog Sweater | Wholesale Dog Clothes Factory - Petstar<\/title>\n<meta name=\"description\" content=\"Explore knit dog sweater, cheap dog clothes, wholesale dog clothes directly from the manufacturer. Your ideal business solution with Petstar.\" \/>\n<meta name=\"robots\" content=\"index, follow, max-snippet:-1, max-image-preview:large, max-video-preview:-1\" \/>\n<link rel=\"canonical\" href=\"https:\/\/petproducts.com.cn\/pt\/produto\/knit-dog-sweater-wholesale-cheap-dog-clothes\/\" \/>\n<meta property=\"og:locale\" content=\"pt_PT\" \/>\n<meta property=\"og:type\" content=\"article\" \/>\n<meta property=\"og:title\" content=\"Knit Dog Sweater | Wholesale Dog Clothes Factory - Petstar\" \/>\n<meta property=\"og:description\" content=\"Explore knit dog sweater, cheap dog clothes, wholesale dog clothes directly from the manufacturer. Your ideal business solution with Petstar.\" \/>\n<meta property=\"og:url\" content=\"https:\/\/petproducts.com.cn\/pt\/produto\/knit-dog-sweater-wholesale-cheap-dog-clothes\/\" \/>\n<meta property=\"og:site_name\" content=\"Petstar\" \/>\n<meta property=\"article:modified_time\" content=\"2024-10-30T06:12:06+00:00\" \/>\n<meta property=\"og:image\" content=\"https:\/\/petproducts.com.cn\/wp-content\/uploads\/2024\/04\/knit-dog-sweater.webp\" \/>\n\t<meta property=\"og:image:width\" content=\"1000\" \/>\n\t<meta property=\"og:image:height\" content=\"1000\" \/>\n\t<meta property=\"og:image:type\" content=\"image\/webp\" \/>\n<meta name=\"twitter:card\" content=\"summary_large_image\" \/>\n<meta name=\"twitter:label1\" content=\"Tempo estimado de leitura\" \/>\n\t<meta name=\"twitter:data1\" content=\"2 minutos\" \/>\n<script type=\"application\/ld+json\" class=\"yoast-schema-graph\">{\"@context\":\"https:\/\/schema.org\",\"@graph\":[{\"@type\":\"WebPage\",\"@id\":\"https:\/\/petproducts.com.cn\/product\/knit-dog-sweater-wholesale-cheap-dog-clothes\/\",\"url\":\"https:\/\/petproducts.com.cn\/product\/knit-dog-sweater-wholesale-cheap-dog-clothes\/\",\"name\":\"Knit Dog Sweater | Wholesale Dog Clothes Factory - Petstar\",\"isPartOf\":{\"@id\":\"https:\/\/petproducts.com.cn\/#website\"},\"primaryImageOfPage\":{\"@id\":\"https:\/\/petproducts.com.cn\/product\/knit-dog-sweater-wholesale-cheap-dog-clothes\/#primaryimage\"},\"image\":{\"@id\":\"https:\/\/petproducts.com.cn\/product\/knit-dog-sweater-wholesale-cheap-dog-clothes\/#primaryimage\"},\"thumbnailUrl\":\"https:\/\/petproducts.com.cn\/wp-content\/uploads\/2024\/04\/knit-dog-sweater.webp\",\"datePublished\":\"2024-04-19T01:58:29+00:00\",\"dateModified\":\"2024-10-30T06:12:06+00:00\",\"description\":\"Explore knit dog sweater, cheap dog clothes, wholesale dog clothes directly from the manufacturer. Your ideal business solution with Petstar.\",\"breadcrumb\":{\"@id\":\"https:\/\/petproducts.com.cn\/product\/knit-dog-sweater-wholesale-cheap-dog-clothes\/#breadcrumb\"},\"inLanguage\":\"pt-PT\",\"potentialAction\":[{\"@type\":\"ReadAction\",\"target\":[\"https:\/\/petproducts.com.cn\/product\/knit-dog-sweater-wholesale-cheap-dog-clothes\/\"]}]},{\"@type\":\"ImageObject\",\"inLanguage\":\"pt-PT\",\"@id\":\"https:\/\/petproducts.com.cn\/product\/knit-dog-sweater-wholesale-cheap-dog-clothes\/#primaryimage\",\"url\":\"https:\/\/petproducts.com.cn\/wp-content\/uploads\/2024\/04\/knit-dog-sweater.webp\",\"contentUrl\":\"https:\/\/petproducts.com.cn\/wp-content\/uploads\/2024\/04\/knit-dog-sweater.webp\",\"width\":1000,\"height\":1000,\"caption\":\"knit dog sweater\"},{\"@type\":\"BreadcrumbList\",\"@id\":\"https:\/\/petproducts.com.cn\/product\/knit-dog-sweater-wholesale-cheap-dog-clothes\/#breadcrumb\",\"itemListElement\":[{\"@type\":\"ListItem\",\"position\":1,\"name\":\"HOME\",\"item\":\"https:\/\/petproducts.com.cn\/\"},{\"@type\":\"ListItem\",\"position\":2,\"name\":\"Products\",\"item\":\"https:\/\/petproducts.com.cn\/shop\/\"},{\"@type\":\"ListItem\",\"position\":3,\"name\":\"Dog Apparel &amp; Accessories\",\"item\":\"https:\/\/petproducts.com.cn\/product-category\/dog-apparel-accessories\/\"},{\"@type\":\"ListItem\",\"position\":4,\"name\":\"Knit Dog Sweater Wholesale Cheap Dog Clothes\"}]},{\"@type\":\"WebSite\",\"@id\":\"https:\/\/petproducts.com.cn\/#website\",\"url\":\"https:\/\/petproducts.com.cn\/\",\"name\":\"Petstar\",\"description\":\"Leading Pet Supplies Manufacturer &amp; OEM Pet Products Supplier\",\"publisher\":{\"@id\":\"https:\/\/petproducts.com.cn\/#organization\"},\"alternateName\":\"Petstar Pet Supplies\",\"potentialAction\":[{\"@type\":\"SearchAction\",\"target\":{\"@type\":\"EntryPoint\",\"urlTemplate\":\"https:\/\/petproducts.com.cn\/?s={search_term_string}\"},\"query-input\":{\"@type\":\"PropertyValueSpecification\",\"valueRequired\":true,\"valueName\":\"search_term_string\"}}],\"inLanguage\":\"pt-PT\"},{\"@type\":\"Organization\",\"@id\":\"https:\/\/petproducts.com.cn\/#organization\",\"name\":\"Petstar\",\"url\":\"https:\/\/petproducts.com.cn\/\",\"logo\":{\"@type\":\"ImageObject\",\"inLanguage\":\"pt-PT\",\"@id\":\"https:\/\/petproducts.com.cn\/#\/schema\/logo\/image\/\",\"url\":\"https:\/\/petproducts.com.cn\/wp-content\/uploads\/2020\/02\/petstar-logo.webp\",\"contentUrl\":\"https:\/\/petproducts.com.cn\/wp-content\/uploads\/2020\/02\/petstar-logo.webp\",\"width\":779,\"height\":520,\"caption\":\"Petstar\"},\"image\":{\"@id\":\"https:\/\/petproducts.com.cn\/#\/schema\/logo\/image\/\"}}]}<\/script>\n<!-- \/ Yoast SEO plugin. -->","yoast_head_json":{"title":"Camisola de malha para c\u00e3o | F\u00e1brica de roupa de c\u00e3o por atacado - Petstar","description":"Explore camisola de malha para c\u00e3o, roupa de c\u00e3o barata, roupa de c\u00e3o por atacado diretamente do fabricante. A sua solu\u00e7\u00e3o comercial ideal com Petstar.","robots":{"index":"index","follow":"follow","max-snippet":"max-snippet:-1","max-image-preview":"max-image-preview:large","max-video-preview":"max-video-preview:-1"},"canonical":"https:\/\/petproducts.com.cn\/pt\/produto\/knit-dog-sweater-wholesale-cheap-dog-clothes\/","og_locale":"pt_PT","og_type":"article","og_title":"Knit Dog Sweater | Wholesale Dog Clothes Factory - Petstar","og_description":"Explore knit dog sweater, cheap dog clothes, wholesale dog clothes directly from the manufacturer. Your ideal business solution with Petstar.","og_url":"https:\/\/petproducts.com.cn\/pt\/produto\/knit-dog-sweater-wholesale-cheap-dog-clothes\/","og_site_name":"Petstar","article_modified_time":"2024-10-30T06:12:06+00:00","og_image":[{"width":1000,"height":1000,"url":"https:\/\/petproducts.com.cn\/wp-content\/uploads\/2024\/04\/knit-dog-sweater.webp","type":"image\/webp"}],"twitter_card":"summary_large_image","twitter_misc":{"Tempo estimado de leitura":"2 minutos"},"schema":{"@context":"https:\/\/schema.org","@graph":[{"@type":"WebPage","@id":"https:\/\/petproducts.com.cn\/product\/knit-dog-sweater-wholesale-cheap-dog-clothes\/","url":"https:\/\/petproducts.com.cn\/product\/knit-dog-sweater-wholesale-cheap-dog-clothes\/","name":"Camisola de malha para c\u00e3o | F\u00e1brica de roupa de c\u00e3o por atacado - Petstar","isPartOf":{"@id":"https:\/\/petproducts.com.cn\/#website"},"primaryImageOfPage":{"@id":"https:\/\/petproducts.com.cn\/product\/knit-dog-sweater-wholesale-cheap-dog-clothes\/#primaryimage"},"image":{"@id":"https:\/\/petproducts.com.cn\/product\/knit-dog-sweater-wholesale-cheap-dog-clothes\/#primaryimage"},"thumbnailUrl":"https:\/\/petproducts.com.cn\/wp-content\/uploads\/2024\/04\/knit-dog-sweater.webp","datePublished":"2024-04-19T01:58:29+00:00","dateModified":"2024-10-30T06:12:06+00:00","description":"Explore camisola de malha para c\u00e3o, roupa de c\u00e3o barata, roupa de c\u00e3o por atacado diretamente do fabricante. A sua solu\u00e7\u00e3o comercial ideal com Petstar.","breadcrumb":{"@id":"https:\/\/petproducts.com.cn\/product\/knit-dog-sweater-wholesale-cheap-dog-clothes\/#breadcrumb"},"inLanguage":"pt-PT","potentialAction":[{"@type":"ReadAction","target":["https:\/\/petproducts.com.cn\/product\/knit-dog-sweater-wholesale-cheap-dog-clothes\/"]}]},{"@type":"ImageObject","inLanguage":"pt-PT","@id":"https:\/\/petproducts.com.cn\/product\/knit-dog-sweater-wholesale-cheap-dog-clothes\/#primaryimage","url":"https:\/\/petproducts.com.cn\/wp-content\/uploads\/2024\/04\/knit-dog-sweater.webp","contentUrl":"https:\/\/petproducts.com.cn\/wp-content\/uploads\/2024\/04\/knit-dog-sweater.webp","width":1000,"height":1000,"caption":"knit dog sweater"},{"@type":"BreadcrumbList","@id":"https:\/\/petproducts.com.cn\/product\/knit-dog-sweater-wholesale-cheap-dog-clothes\/#breadcrumb","itemListElement":[{"@type":"ListItem","position":1,"name":"HOME","item":"https:\/\/petproducts.com.cn\/"},{"@type":"ListItem","position":2,"name":"Products","item":"https:\/\/petproducts.com.cn\/shop\/"},{"@type":"ListItem","position":3,"name":"Dog Apparel &amp; Accessories","item":"https:\/\/petproducts.com.cn\/product-category\/dog-apparel-accessories\/"},{"@type":"ListItem","position":4,"name":"Knit Dog Sweater Wholesale Cheap Dog Clothes"}]},{"@type":"WebSite","@id":"https:\/\/petproducts.com.cn\/#website","url":"https:\/\/petproducts.com.cn\/","name":"Petstar","description":"Fabricante l\u00edder de artigos para animais de estima\u00e7\u00e3o e fornecedor de produtos OEM para animais de estima\u00e7\u00e3o","publisher":{"@id":"https:\/\/petproducts.com.cn\/#organization"},"alternateName":"Petstar Pet Supplies","potentialAction":[{"@type":"SearchAction","target":{"@type":"EntryPoint","urlTemplate":"https:\/\/petproducts.com.cn\/?s={search_term_string}"},"query-input":{"@type":"PropertyValueSpecification","valueRequired":true,"valueName":"search_term_string"}}],"inLanguage":"pt-PT"},{"@type":"Organization","@id":"https:\/\/petproducts.com.cn\/#organization","name":"Petstar","url":"https:\/\/petproducts.com.cn\/","logo":{"@type":"ImageObject","inLanguage":"pt-PT","@id":"https:\/\/petproducts.com.cn\/#\/schema\/logo\/image\/","url":"https:\/\/petproducts.com.cn\/wp-content\/uploads\/2020\/02\/petstar-logo.webp","contentUrl":"https:\/\/petproducts.com.cn\/wp-content\/uploads\/2020\/02\/petstar-logo.webp","width":779,"height":520,"caption":"Petstar"},"image":{"@id":"https:\/\/petproducts.com.cn\/#\/schema\/logo\/image\/"}}]}},"_links":{"self":[{"href":"https:\/\/petproducts.com.cn\/pt\/wp-json\/wp\/v2\/product\/22309","targetHints":{"allow":["GET"]}}],"collection":[{"href":"https:\/\/petproducts.com.cn\/pt\/wp-json\/wp\/v2\/product"}],"about":[{"href":"https:\/\/petproducts.com.cn\/pt\/wp-json\/wp\/v2\/types\/product"}],"version-history":[{"count":2,"href":"https:\/\/petproducts.com.cn\/pt\/wp-json\/wp\/v2\/product\/22309\/revisions"}],"predecessor-version":[{"id":22311,"href":"https:\/\/petproducts.com.cn\/pt\/wp-json\/wp\/v2\/product\/22309\/revisions\/22311"}],"wp:featuredmedia":[{"embeddable":true,"href":"https:\/\/petproducts.com.cn\/pt\/wp-json\/wp\/v2\/media\/22315"}],"wp:attachment":[{"href":"https:\/\/petproducts.com.cn\/pt\/wp-json\/wp\/v2\/media?parent=22309"}],"wp:term":[{"taxonomy":"product_brand","embeddable":true,"href":"https:\/\/petproducts.com.cn\/pt\/wp-json\/wp\/v2\/product_brand?post=22309"},{"taxonomy":"product_cat","embeddable":true,"href":"https:\/\/petproducts.com.cn\/pt\/wp-json\/wp\/v2\/product_cat?post=22309"},{"taxonomy":"product_tag","embeddable":true,"href":"https:\/\/petproducts.com.cn\/pt\/wp-json\/wp\/v2\/product_tag?post=22309"}],"curies":[{"name":"wp","href":"https:\/\/api.w.org\/{rel}","templated":true}]}}