{"id":22319,"date":"2024-04-19T02:20:06","date_gmt":"2024-04-19T02:20:06","guid":{"rendered":"https:\/\/petproducts.com.cn\/?post_type=product&#038;p=22319"},"modified":"2024-08-23T01:32:08","modified_gmt":"2024-08-23T01:32:08","slug":"webbing-dog-collar-best-leather-dog-collar","status":"publish","type":"product","link":"https:\/\/petproducts.com.cn\/pt\/product\/webbing-dog-collar-best-leather-dog-collar\/","title":{"rendered":"Coleira para c\u00e3es com correias Melhor coleira de couro para c\u00e3es"},"content":{"rendered":"<h2>Carater\u00edsticas da coleira de correias para c\u00e3es<\/h2>\n<ol>\n<li><strong>Design ajust\u00e1vel<\/strong>: Com um design ajust\u00e1vel, a nossa coleira para c\u00e3es com correias permite um ajuste personalizado, garantindo que pode acomodar c\u00e3es de v\u00e1rios tamanhos e ra\u00e7as, proporcionando uma fixa\u00e7\u00e3o confort\u00e1vel e segura sem causar qualquer desconforto.<\/li>\n<li><strong>Dur\u00e1vel e duradouro<\/strong>: Constru\u00edda para resistir ao desgaste da utiliza\u00e7\u00e3o di\u00e1ria, a nossa coleira para animais de estima\u00e7\u00e3o \u00e9 excecionalmente dur\u00e1vel e duradoura, tornando-a a escolha perfeita para c\u00e3es activos que adoram explorar o ar livre.<\/li>\n<li><strong>Suave e delicado para o pesco\u00e7o<\/strong>: Gra\u00e7as \u00e0 sua constru\u00e7\u00e3o em PU macio e algod\u00e3o falso, a nossa coleira para c\u00e3es \u00e9 suave para o pesco\u00e7o do seu animal de estima\u00e7\u00e3o, evitando irrita\u00e7\u00f5es e desconforto mesmo durante o uso prolongado, garantindo que o seu animal de estima\u00e7\u00e3o se mant\u00e9m sempre feliz e confort\u00e1vel.<\/li>\n<li><strong>Elegante e vers\u00e1til<\/strong>: Com o seu design elegante e moderno, a nossa coleira de couro para c\u00e3es acrescenta um toque de estilo ao conjunto do seu animal de estima\u00e7\u00e3o, fazendo-o sobressair em qualquer multid\u00e3o, proporcionando o m\u00e1ximo conforto e apoio.<\/li>\n<li><strong>F\u00e1cil de limpar e manter<\/strong>: A nossa coleira para c\u00e3es \u00e9 f\u00e1cil de limpar e manter. Basta passar um pano h\u00famido ou sab\u00e3o neutro e \u00e1gua para remover qualquer sujidade ou detritos, garantindo que se mant\u00e9m fresca e higi\u00e9nica para a pr\u00f3xima aventura do seu animal de estima\u00e7\u00e3o.<\/li>\n<li><strong>Perfeito para uso di\u00e1rio<\/strong>: Quer se trate de um passeio no parque ou de uma sess\u00e3o de treino rigorosa, a nossa melhor coleira para c\u00e3es \u00e9 perfeita para uso di\u00e1rio, proporcionando estilo e funcionalidade para todas as actividades do seu animal de estima\u00e7\u00e3o.<\/li>\n<\/ol>","protected":false},"excerpt":{"rendered":"<p>Somos um fabricante de coleiras, trelas e arneses para animais de estima\u00e7\u00e3o com mais de 20 anos de experi\u00eancia. Oferecemos op\u00e7\u00f5es de personaliza\u00e7\u00e3o para cor, tamanho, tecido, padr\u00e3o, log\u00f3tipo e outras caracter\u00edsticas.<\/p>","protected":false},"featured_media":22326,"template":"","meta":{"_acf_changed":false},"product_brand":[],"product_cat":[124,72],"product_tag":[212],"class_list":{"0":"post-22319","1":"product","2":"type-product","3":"status-publish","4":"has-post-thumbnail","6":"product_cat-dog-collars-leashes-harnesses","7":"product_cat-dog-supplies","8":"product_tag-pet-collars","10":"first","11":"instock","12":"shipping-taxable","13":"product-type-simple"},"acf":[],"yoast_head":"<!-- This site is optimized with the Yoast SEO plugin v27.1.1 - https:\/\/yoast.com\/product\/yoast-seo-wordpress\/ -->\n<title>Webbing Dog Collar | Best Dog Collar Factory - Petstar<\/title>\n<meta name=\"description\" content=\"Explore webbing dog collar, best leather dog collar, best dog collar from the manufacturer. Your ideal business solution with Petstar.\" \/>\n<meta name=\"robots\" content=\"index, follow, max-snippet:-1, max-image-preview:large, max-video-preview:-1\" \/>\n<link rel=\"canonical\" href=\"https:\/\/petproducts.com.cn\/pt\/produto\/webbing-dog-collar-best-leather-dog-collar\/\" \/>\n<meta property=\"og:locale\" content=\"pt_PT\" \/>\n<meta property=\"og:type\" content=\"article\" \/>\n<meta property=\"og:title\" content=\"Webbing Dog Collar | Best Dog Collar Factory - Petstar\" \/>\n<meta property=\"og:description\" content=\"Explore webbing dog collar, best leather dog collar, best dog collar from the manufacturer. Your ideal business solution with Petstar.\" \/>\n<meta property=\"og:url\" content=\"https:\/\/petproducts.com.cn\/pt\/produto\/webbing-dog-collar-best-leather-dog-collar\/\" \/>\n<meta property=\"og:site_name\" content=\"Petstar\" \/>\n<meta property=\"article:modified_time\" content=\"2024-08-23T01:32:08+00:00\" \/>\n<meta property=\"og:image\" content=\"https:\/\/petproducts.com.cn\/wp-content\/uploads\/2024\/04\/webbing-dog-collar.webp\" \/>\n\t<meta property=\"og:image:width\" content=\"1000\" \/>\n\t<meta property=\"og:image:height\" content=\"1000\" \/>\n\t<meta property=\"og:image:type\" content=\"image\/webp\" \/>\n<meta name=\"twitter:card\" content=\"summary_large_image\" \/>\n<meta name=\"twitter:label1\" content=\"Tempo estimado de leitura\" \/>\n\t<meta name=\"twitter:data1\" content=\"2 minutos\" \/>\n<script type=\"application\/ld+json\" class=\"yoast-schema-graph\">{\"@context\":\"https:\/\/schema.org\",\"@graph\":[{\"@type\":\"WebPage\",\"@id\":\"https:\/\/petproducts.com.cn\/product\/webbing-dog-collar-best-leather-dog-collar\/\",\"url\":\"https:\/\/petproducts.com.cn\/product\/webbing-dog-collar-best-leather-dog-collar\/\",\"name\":\"Webbing Dog Collar | Best Dog Collar Factory - Petstar\",\"isPartOf\":{\"@id\":\"https:\/\/petproducts.com.cn\/#website\"},\"primaryImageOfPage\":{\"@id\":\"https:\/\/petproducts.com.cn\/product\/webbing-dog-collar-best-leather-dog-collar\/#primaryimage\"},\"image\":{\"@id\":\"https:\/\/petproducts.com.cn\/product\/webbing-dog-collar-best-leather-dog-collar\/#primaryimage\"},\"thumbnailUrl\":\"https:\/\/petproducts.com.cn\/wp-content\/uploads\/2024\/04\/webbing-dog-collar.webp\",\"datePublished\":\"2024-04-19T02:20:06+00:00\",\"dateModified\":\"2024-08-23T01:32:08+00:00\",\"description\":\"Explore webbing dog collar, best leather dog collar, best dog collar from the manufacturer. Your ideal business solution with Petstar.\",\"breadcrumb\":{\"@id\":\"https:\/\/petproducts.com.cn\/product\/webbing-dog-collar-best-leather-dog-collar\/#breadcrumb\"},\"inLanguage\":\"pt-PT\",\"potentialAction\":[{\"@type\":\"ReadAction\",\"target\":[\"https:\/\/petproducts.com.cn\/product\/webbing-dog-collar-best-leather-dog-collar\/\"]}]},{\"@type\":\"ImageObject\",\"inLanguage\":\"pt-PT\",\"@id\":\"https:\/\/petproducts.com.cn\/product\/webbing-dog-collar-best-leather-dog-collar\/#primaryimage\",\"url\":\"https:\/\/petproducts.com.cn\/wp-content\/uploads\/2024\/04\/webbing-dog-collar.webp\",\"contentUrl\":\"https:\/\/petproducts.com.cn\/wp-content\/uploads\/2024\/04\/webbing-dog-collar.webp\",\"width\":1000,\"height\":1000,\"caption\":\"webbing dog collar\"},{\"@type\":\"BreadcrumbList\",\"@id\":\"https:\/\/petproducts.com.cn\/product\/webbing-dog-collar-best-leather-dog-collar\/#breadcrumb\",\"itemListElement\":[{\"@type\":\"ListItem\",\"position\":1,\"name\":\"HOME\",\"item\":\"https:\/\/petproducts.com.cn\/\"},{\"@type\":\"ListItem\",\"position\":2,\"name\":\"Products\",\"item\":\"https:\/\/petproducts.com.cn\/shop\/\"},{\"@type\":\"ListItem\",\"position\":3,\"name\":\"Dog Collars, Leashes &amp; Harnesses\",\"item\":\"https:\/\/petproducts.com.cn\/product-category\/dog-collars-leashes-harnesses\/\"},{\"@type\":\"ListItem\",\"position\":4,\"name\":\"Webbing Dog Collar Best Leather Dog Collar\"}]},{\"@type\":\"WebSite\",\"@id\":\"https:\/\/petproducts.com.cn\/#website\",\"url\":\"https:\/\/petproducts.com.cn\/\",\"name\":\"Petstar\",\"description\":\"Leading Pet Supplies Manufacturer &amp; OEM Pet Products Supplier\",\"publisher\":{\"@id\":\"https:\/\/petproducts.com.cn\/#organization\"},\"alternateName\":\"Petstar Pet Supplies\",\"potentialAction\":[{\"@type\":\"SearchAction\",\"target\":{\"@type\":\"EntryPoint\",\"urlTemplate\":\"https:\/\/petproducts.com.cn\/?s={search_term_string}\"},\"query-input\":{\"@type\":\"PropertyValueSpecification\",\"valueRequired\":true,\"valueName\":\"search_term_string\"}}],\"inLanguage\":\"pt-PT\"},{\"@type\":\"Organization\",\"@id\":\"https:\/\/petproducts.com.cn\/#organization\",\"name\":\"Petstar\",\"url\":\"https:\/\/petproducts.com.cn\/\",\"logo\":{\"@type\":\"ImageObject\",\"inLanguage\":\"pt-PT\",\"@id\":\"https:\/\/petproducts.com.cn\/#\/schema\/logo\/image\/\",\"url\":\"https:\/\/petproducts.com.cn\/wp-content\/uploads\/2020\/02\/petstar-logo.webp\",\"contentUrl\":\"https:\/\/petproducts.com.cn\/wp-content\/uploads\/2020\/02\/petstar-logo.webp\",\"width\":779,\"height\":520,\"caption\":\"Petstar\"},\"image\":{\"@id\":\"https:\/\/petproducts.com.cn\/#\/schema\/logo\/image\/\"}}]}<\/script>\n<!-- \/ Yoast SEO plugin. -->","yoast_head_json":{"title":"Coleira para c\u00e3es com correias | Melhor f\u00e1brica de coleiras para c\u00e3es - Petstar","description":"Explorar coleira para c\u00e3es com correias, melhor coleira de couro para c\u00e3es, melhor coleira para c\u00e3es do fabricante. A sua solu\u00e7\u00e3o comercial ideal com Petstar.","robots":{"index":"index","follow":"follow","max-snippet":"max-snippet:-1","max-image-preview":"max-image-preview:large","max-video-preview":"max-video-preview:-1"},"canonical":"https:\/\/petproducts.com.cn\/pt\/produto\/webbing-dog-collar-best-leather-dog-collar\/","og_locale":"pt_PT","og_type":"article","og_title":"Webbing Dog Collar | Best Dog Collar Factory - Petstar","og_description":"Explore webbing dog collar, best leather dog collar, best dog collar from the manufacturer. Your ideal business solution with Petstar.","og_url":"https:\/\/petproducts.com.cn\/pt\/produto\/webbing-dog-collar-best-leather-dog-collar\/","og_site_name":"Petstar","article_modified_time":"2024-08-23T01:32:08+00:00","og_image":[{"width":1000,"height":1000,"url":"https:\/\/petproducts.com.cn\/wp-content\/uploads\/2024\/04\/webbing-dog-collar.webp","type":"image\/webp"}],"twitter_card":"summary_large_image","twitter_misc":{"Tempo estimado de leitura":"2 minutos"},"schema":{"@context":"https:\/\/schema.org","@graph":[{"@type":"WebPage","@id":"https:\/\/petproducts.com.cn\/product\/webbing-dog-collar-best-leather-dog-collar\/","url":"https:\/\/petproducts.com.cn\/product\/webbing-dog-collar-best-leather-dog-collar\/","name":"Coleira para c\u00e3es com correias | Melhor f\u00e1brica de coleiras para c\u00e3es - Petstar","isPartOf":{"@id":"https:\/\/petproducts.com.cn\/#website"},"primaryImageOfPage":{"@id":"https:\/\/petproducts.com.cn\/product\/webbing-dog-collar-best-leather-dog-collar\/#primaryimage"},"image":{"@id":"https:\/\/petproducts.com.cn\/product\/webbing-dog-collar-best-leather-dog-collar\/#primaryimage"},"thumbnailUrl":"https:\/\/petproducts.com.cn\/wp-content\/uploads\/2024\/04\/webbing-dog-collar.webp","datePublished":"2024-04-19T02:20:06+00:00","dateModified":"2024-08-23T01:32:08+00:00","description":"Explorar coleira para c\u00e3es com correias, melhor coleira de couro para c\u00e3es, melhor coleira para c\u00e3es do fabricante. A sua solu\u00e7\u00e3o comercial ideal com Petstar.","breadcrumb":{"@id":"https:\/\/petproducts.com.cn\/product\/webbing-dog-collar-best-leather-dog-collar\/#breadcrumb"},"inLanguage":"pt-PT","potentialAction":[{"@type":"ReadAction","target":["https:\/\/petproducts.com.cn\/product\/webbing-dog-collar-best-leather-dog-collar\/"]}]},{"@type":"ImageObject","inLanguage":"pt-PT","@id":"https:\/\/petproducts.com.cn\/product\/webbing-dog-collar-best-leather-dog-collar\/#primaryimage","url":"https:\/\/petproducts.com.cn\/wp-content\/uploads\/2024\/04\/webbing-dog-collar.webp","contentUrl":"https:\/\/petproducts.com.cn\/wp-content\/uploads\/2024\/04\/webbing-dog-collar.webp","width":1000,"height":1000,"caption":"webbing dog collar"},{"@type":"BreadcrumbList","@id":"https:\/\/petproducts.com.cn\/product\/webbing-dog-collar-best-leather-dog-collar\/#breadcrumb","itemListElement":[{"@type":"ListItem","position":1,"name":"HOME","item":"https:\/\/petproducts.com.cn\/"},{"@type":"ListItem","position":2,"name":"Products","item":"https:\/\/petproducts.com.cn\/shop\/"},{"@type":"ListItem","position":3,"name":"Dog Collars, Leashes &amp; Harnesses","item":"https:\/\/petproducts.com.cn\/product-category\/dog-collars-leashes-harnesses\/"},{"@type":"ListItem","position":4,"name":"Webbing Dog Collar Best Leather Dog Collar"}]},{"@type":"WebSite","@id":"https:\/\/petproducts.com.cn\/#website","url":"https:\/\/petproducts.com.cn\/","name":"Petstar","description":"Fabricante l\u00edder de artigos para animais de estima\u00e7\u00e3o e fornecedor de produtos OEM para animais de estima\u00e7\u00e3o","publisher":{"@id":"https:\/\/petproducts.com.cn\/#organization"},"alternateName":"Petstar Pet Supplies","potentialAction":[{"@type":"SearchAction","target":{"@type":"EntryPoint","urlTemplate":"https:\/\/petproducts.com.cn\/?s={search_term_string}"},"query-input":{"@type":"PropertyValueSpecification","valueRequired":true,"valueName":"search_term_string"}}],"inLanguage":"pt-PT"},{"@type":"Organization","@id":"https:\/\/petproducts.com.cn\/#organization","name":"Petstar","url":"https:\/\/petproducts.com.cn\/","logo":{"@type":"ImageObject","inLanguage":"pt-PT","@id":"https:\/\/petproducts.com.cn\/#\/schema\/logo\/image\/","url":"https:\/\/petproducts.com.cn\/wp-content\/uploads\/2020\/02\/petstar-logo.webp","contentUrl":"https:\/\/petproducts.com.cn\/wp-content\/uploads\/2020\/02\/petstar-logo.webp","width":779,"height":520,"caption":"Petstar"},"image":{"@id":"https:\/\/petproducts.com.cn\/#\/schema\/logo\/image\/"}}]}},"_links":{"self":[{"href":"https:\/\/petproducts.com.cn\/pt\/wp-json\/wp\/v2\/product\/22319","targetHints":{"allow":["GET"]}}],"collection":[{"href":"https:\/\/petproducts.com.cn\/pt\/wp-json\/wp\/v2\/product"}],"about":[{"href":"https:\/\/petproducts.com.cn\/pt\/wp-json\/wp\/v2\/types\/product"}],"version-history":[{"count":2,"href":"https:\/\/petproducts.com.cn\/pt\/wp-json\/wp\/v2\/product\/22319\/revisions"}],"predecessor-version":[{"id":22327,"href":"https:\/\/petproducts.com.cn\/pt\/wp-json\/wp\/v2\/product\/22319\/revisions\/22327"}],"wp:featuredmedia":[{"embeddable":true,"href":"https:\/\/petproducts.com.cn\/pt\/wp-json\/wp\/v2\/media\/22326"}],"wp:attachment":[{"href":"https:\/\/petproducts.com.cn\/pt\/wp-json\/wp\/v2\/media?parent=22319"}],"wp:term":[{"taxonomy":"product_brand","embeddable":true,"href":"https:\/\/petproducts.com.cn\/pt\/wp-json\/wp\/v2\/product_brand?post=22319"},{"taxonomy":"product_cat","embeddable":true,"href":"https:\/\/petproducts.com.cn\/pt\/wp-json\/wp\/v2\/product_cat?post=22319"},{"taxonomy":"product_tag","embeddable":true,"href":"https:\/\/petproducts.com.cn\/pt\/wp-json\/wp\/v2\/product_tag?post=22319"}],"curies":[{"name":"wp","href":"https:\/\/api.w.org\/{rel}","templated":true}]}}