{"id":22427,"date":"2024-04-22T06:54:23","date_gmt":"2024-04-22T06:54:23","guid":{"rendered":"https:\/\/petproducts.com.cn\/?post_type=product&#038;p=22427"},"modified":"2024-07-15T06:26:38","modified_gmt":"2024-07-15T06:26:38","slug":"dog-bowl-suppliers-stone-safe-bowls-for-dogs","status":"publish","type":"product","link":"https:\/\/petproducts.com.cn\/pt\/product\/dog-bowl-suppliers-stone-safe-bowls-for-dogs\/","title":{"rendered":"Fornecedores de tigelas para c\u00e3es Tigelas seguras de pedra para c\u00e3es"},"content":{"rendered":"<p>As ta\u00e7as personaliz\u00e1veis dos fornecedores de ta\u00e7as para c\u00e3es s\u00e3o especificamente concebidas para grossistas, personalizadores e designers. Quer esteja \u00e0 procura de amostras, produ\u00e7\u00e3o personalizada ou encomendas a granel, n\u00f3s satisfazemos as suas necessidades. As tigelas personaliz\u00e1veis para c\u00e3es oferecem uma variedade de op\u00e7\u00f5es, incluindo diferentes materiais (silicone, cer\u00e2mica), configura\u00e7\u00f5es de tigela simples ou dupla para gatos e carater\u00edsticas como alimenta\u00e7\u00e3o lenta ou design elevado.<\/p>\n<h3>Fornecedores de tigelas para c\u00e3es:<\/h3>\n<ol>\n<li><strong>Op\u00e7\u00f5es de personaliza\u00e7\u00e3o :<\/strong>Oferecemos op\u00e7\u00f5es flex\u00edveis de personaliza\u00e7\u00e3o para satisfazer as necessidades individuais dos clientes e os requisitos de marca, garantindo uma solu\u00e7\u00e3o \u00e0 medida para diferentes marcas e mercados.<\/li>\n<li><strong>Variedade de materiais:<\/strong> As nossas tigelas personaliz\u00e1veis para animais de estima\u00e7\u00e3o est\u00e3o dispon\u00edveis em v\u00e1rios materiais, incluindo silicone e cer\u00e2mica de alta qualidade, garantindo durabilidade e seguran\u00e7a.<\/li>\n<li><strong>Vantagens do com\u00e9rcio grossista:<\/strong> Como fabricantes diretos, oferecemos pre\u00e7os grossistas competitivos e quantidades de encomenda flex\u00edveis, permitindo uma gest\u00e3o mais f\u00e1cil do invent\u00e1rio e dos custos.<\/li>\n<li><strong>Servi\u00e7os de amostragem e conce\u00e7\u00e3o:<\/strong> Oferecemos servi\u00e7os de amostragem e design para ajudar os clientes a concretizar os seus conceitos e ideias de produtos \u00fanicos, assegurando que as ta\u00e7as personaliz\u00e1veis para animais de estima\u00e7\u00e3o est\u00e3o em conformidade com a sua imagem de marca e posicionamento no mercado.<\/li>\n<li><strong>Garantia da Qualidade:<\/strong> Com normas de controlo de qualidade e processos de produ\u00e7\u00e3o rigorosos, garantimos que cada tigela personaliz\u00e1vel para animais de estima\u00e7\u00e3o cumpre os mais elevados padr\u00f5es de qualidade, proporcionando aos clientes uma garantia de produto fi\u00e1vel.<\/li>\n<\/ol>\n<h3>Vantagens:<\/h3>\n<ul>\n<li>Op\u00e7\u00f5es flex\u00edveis de personaliza\u00e7\u00e3o para satisfazer as v\u00e1rias necessidades dos clientes e do mercado.<\/li>\n<li>A variedade de op\u00e7\u00f5es de materiais garante durabilidade e seguran\u00e7a.<\/li>\n<li>Os pre\u00e7os competitivos por grosso e as quantidades flex\u00edveis das encomendas oferecem maiores margens de lucro aos clientes.<\/li>\n<li>Os servi\u00e7os de amostragem e conce\u00e7\u00e3o ajudam os clientes a dar vida aos seus conceitos de produtos \u00fanicos.<\/li>\n<li>Normas de controlo de qualidade e processos de produ\u00e7\u00e3o rigorosos garantem uma qualidade fi\u00e1vel dos produtos.<\/li>\n<\/ul>\n<p>Escolha as nossas tigelas personaliz\u00e1veis para c\u00e3es para diferenciar os seus produtos, satisfazer as necessidades dos clientes e criar mais valor comercial.<\/p>\n<p>&nbsp;<\/p>","protected":false},"excerpt":{"rendered":"<p>N\u00f3s somos um fabricante de alimentador de animais de estima\u00e7\u00e3o com mais de 20 anos de experi\u00eancia. Oferecemos op\u00e7\u00f5es de personaliza\u00e7\u00e3o para cor, tamanho, tecido, padr\u00e3o, log\u00f3tipo e outras carater\u00edsticas.<\/p>","protected":false},"featured_media":22429,"template":"","meta":{"_acf_changed":false},"product_brand":[],"product_cat":[134,71,127,72],"product_tag":[169,167],"class_list":{"0":"post-22427","1":"product","2":"type-product","3":"status-publish","4":"has-post-thumbnail","6":"product_cat-cat-feeding-watering-supplies","7":"product_cat-cat-supplies","8":"product_cat-dog-feeding-watering-supplies","9":"product_cat-dog-supplies","10":"product_tag-ceramic-pet-bowls","11":"product_tag-pet-bowls","13":"first","14":"instock","15":"shipping-taxable","16":"product-type-simple"},"acf":[],"yoast_head":"<!-- This site is optimized with the Yoast SEO plugin v27.1.1 - https:\/\/yoast.com\/product\/yoast-seo-wordpress\/ -->\n<title>Dog bowl suppliers - Petstar<\/title>\n<meta name=\"description\" content=\"Explore Petstar large dog bowl suppliers- Mass Production And Customization Options Available.We Are A Leading Global One-Stop Pet Supplies Supplier.\" \/>\n<meta name=\"robots\" content=\"index, follow, max-snippet:-1, max-image-preview:large, max-video-preview:-1\" \/>\n<link rel=\"canonical\" href=\"https:\/\/petproducts.com.cn\/pt\/produto\/dog-bowl-suppliers-stone-safe-bowls-for-dogs\/\" \/>\n<meta property=\"og:locale\" content=\"pt_PT\" \/>\n<meta property=\"og:type\" content=\"article\" \/>\n<meta property=\"og:title\" content=\"Dog bowl suppliers - Petstar\" \/>\n<meta property=\"og:description\" content=\"Explore Petstar large dog bowl suppliers- Mass Production And Customization Options Available.We Are A Leading Global One-Stop Pet Supplies Supplier.\" \/>\n<meta property=\"og:url\" content=\"https:\/\/petproducts.com.cn\/pt\/produto\/dog-bowl-suppliers-stone-safe-bowls-for-dogs\/\" \/>\n<meta property=\"og:site_name\" content=\"Petstar\" \/>\n<meta property=\"article:modified_time\" content=\"2024-07-15T06:26:38+00:00\" \/>\n<meta property=\"og:image\" content=\"https:\/\/petproducts.com.cn\/wp-content\/uploads\/2024\/04\/dog-bowl-suppliers.webp\" \/>\n\t<meta property=\"og:image:width\" content=\"800\" \/>\n\t<meta property=\"og:image:height\" content=\"800\" \/>\n\t<meta property=\"og:image:type\" content=\"image\/webp\" \/>\n<meta name=\"twitter:card\" content=\"summary_large_image\" \/>\n<meta name=\"twitter:label1\" content=\"Tempo estimado de leitura\" \/>\n\t<meta name=\"twitter:data1\" content=\"2 minutos\" \/>\n<script type=\"application\/ld+json\" class=\"yoast-schema-graph\">{\"@context\":\"https:\/\/schema.org\",\"@graph\":[{\"@type\":\"WebPage\",\"@id\":\"https:\/\/petproducts.com.cn\/product\/dog-bowl-suppliers-stone-safe-bowls-for-dogs\/\",\"url\":\"https:\/\/petproducts.com.cn\/product\/dog-bowl-suppliers-stone-safe-bowls-for-dogs\/\",\"name\":\"Dog bowl suppliers - Petstar\",\"isPartOf\":{\"@id\":\"https:\/\/petproducts.com.cn\/#website\"},\"primaryImageOfPage\":{\"@id\":\"https:\/\/petproducts.com.cn\/product\/dog-bowl-suppliers-stone-safe-bowls-for-dogs\/#primaryimage\"},\"image\":{\"@id\":\"https:\/\/petproducts.com.cn\/product\/dog-bowl-suppliers-stone-safe-bowls-for-dogs\/#primaryimage\"},\"thumbnailUrl\":\"https:\/\/petproducts.com.cn\/wp-content\/uploads\/2024\/04\/dog-bowl-suppliers.webp\",\"datePublished\":\"2024-04-22T06:54:23+00:00\",\"dateModified\":\"2024-07-15T06:26:38+00:00\",\"description\":\"Explore Petstar large dog bowl suppliers- Mass Production And Customization Options Available.We Are A Leading Global One-Stop Pet Supplies Supplier.\",\"breadcrumb\":{\"@id\":\"https:\/\/petproducts.com.cn\/product\/dog-bowl-suppliers-stone-safe-bowls-for-dogs\/#breadcrumb\"},\"inLanguage\":\"pt-PT\",\"potentialAction\":[{\"@type\":\"ReadAction\",\"target\":[\"https:\/\/petproducts.com.cn\/product\/dog-bowl-suppliers-stone-safe-bowls-for-dogs\/\"]}]},{\"@type\":\"ImageObject\",\"inLanguage\":\"pt-PT\",\"@id\":\"https:\/\/petproducts.com.cn\/product\/dog-bowl-suppliers-stone-safe-bowls-for-dogs\/#primaryimage\",\"url\":\"https:\/\/petproducts.com.cn\/wp-content\/uploads\/2024\/04\/dog-bowl-suppliers.webp\",\"contentUrl\":\"https:\/\/petproducts.com.cn\/wp-content\/uploads\/2024\/04\/dog-bowl-suppliers.webp\",\"width\":800,\"height\":800,\"caption\":\"dog bowl suppliers\"},{\"@type\":\"BreadcrumbList\",\"@id\":\"https:\/\/petproducts.com.cn\/product\/dog-bowl-suppliers-stone-safe-bowls-for-dogs\/#breadcrumb\",\"itemListElement\":[{\"@type\":\"ListItem\",\"position\":1,\"name\":\"HOME\",\"item\":\"https:\/\/petproducts.com.cn\/\"},{\"@type\":\"ListItem\",\"position\":2,\"name\":\"Products\",\"item\":\"https:\/\/petproducts.com.cn\/shop\/\"},{\"@type\":\"ListItem\",\"position\":3,\"name\":\"Dog Supplies\",\"item\":\"https:\/\/petproducts.com.cn\/product-category\/dog-supplies\/\"},{\"@type\":\"ListItem\",\"position\":4,\"name\":\"Dog Bowl Suppliers Stone Safe Bowls For Dogs\"}]},{\"@type\":\"WebSite\",\"@id\":\"https:\/\/petproducts.com.cn\/#website\",\"url\":\"https:\/\/petproducts.com.cn\/\",\"name\":\"Petstar\",\"description\":\"Leading Pet Supplies Manufacturer &amp; OEM Pet Products Supplier\",\"publisher\":{\"@id\":\"https:\/\/petproducts.com.cn\/#organization\"},\"alternateName\":\"Petstar Pet Supplies\",\"potentialAction\":[{\"@type\":\"SearchAction\",\"target\":{\"@type\":\"EntryPoint\",\"urlTemplate\":\"https:\/\/petproducts.com.cn\/?s={search_term_string}\"},\"query-input\":{\"@type\":\"PropertyValueSpecification\",\"valueRequired\":true,\"valueName\":\"search_term_string\"}}],\"inLanguage\":\"pt-PT\"},{\"@type\":\"Organization\",\"@id\":\"https:\/\/petproducts.com.cn\/#organization\",\"name\":\"Petstar\",\"url\":\"https:\/\/petproducts.com.cn\/\",\"logo\":{\"@type\":\"ImageObject\",\"inLanguage\":\"pt-PT\",\"@id\":\"https:\/\/petproducts.com.cn\/#\/schema\/logo\/image\/\",\"url\":\"https:\/\/petproducts.com.cn\/wp-content\/uploads\/2020\/02\/petstar-logo.webp\",\"contentUrl\":\"https:\/\/petproducts.com.cn\/wp-content\/uploads\/2020\/02\/petstar-logo.webp\",\"width\":779,\"height\":520,\"caption\":\"Petstar\"},\"image\":{\"@id\":\"https:\/\/petproducts.com.cn\/#\/schema\/logo\/image\/\"}}]}<\/script>\n<!-- \/ Yoast SEO plugin. -->","yoast_head_json":{"title":"Fornecedores de tigelas para c\u00e3es - Petstar","description":"Explore os fornecedores de tigela grande para c\u00e3es Petstar - Produ\u00e7\u00e3o em massa e op\u00e7\u00f5es de personaliza\u00e7\u00e3o dispon\u00edveis.","robots":{"index":"index","follow":"follow","max-snippet":"max-snippet:-1","max-image-preview":"max-image-preview:large","max-video-preview":"max-video-preview:-1"},"canonical":"https:\/\/petproducts.com.cn\/pt\/produto\/dog-bowl-suppliers-stone-safe-bowls-for-dogs\/","og_locale":"pt_PT","og_type":"article","og_title":"Dog bowl suppliers - Petstar","og_description":"Explore Petstar large dog bowl suppliers- Mass Production And Customization Options Available.We Are A Leading Global One-Stop Pet Supplies Supplier.","og_url":"https:\/\/petproducts.com.cn\/pt\/produto\/dog-bowl-suppliers-stone-safe-bowls-for-dogs\/","og_site_name":"Petstar","article_modified_time":"2024-07-15T06:26:38+00:00","og_image":[{"width":800,"height":800,"url":"https:\/\/petproducts.com.cn\/wp-content\/uploads\/2024\/04\/dog-bowl-suppliers.webp","type":"image\/webp"}],"twitter_card":"summary_large_image","twitter_misc":{"Tempo estimado de leitura":"2 minutos"},"schema":{"@context":"https:\/\/schema.org","@graph":[{"@type":"WebPage","@id":"https:\/\/petproducts.com.cn\/product\/dog-bowl-suppliers-stone-safe-bowls-for-dogs\/","url":"https:\/\/petproducts.com.cn\/product\/dog-bowl-suppliers-stone-safe-bowls-for-dogs\/","name":"Fornecedores de tigelas para c\u00e3es - Petstar","isPartOf":{"@id":"https:\/\/petproducts.com.cn\/#website"},"primaryImageOfPage":{"@id":"https:\/\/petproducts.com.cn\/product\/dog-bowl-suppliers-stone-safe-bowls-for-dogs\/#primaryimage"},"image":{"@id":"https:\/\/petproducts.com.cn\/product\/dog-bowl-suppliers-stone-safe-bowls-for-dogs\/#primaryimage"},"thumbnailUrl":"https:\/\/petproducts.com.cn\/wp-content\/uploads\/2024\/04\/dog-bowl-suppliers.webp","datePublished":"2024-04-22T06:54:23+00:00","dateModified":"2024-07-15T06:26:38+00:00","description":"Explore os fornecedores de tigela grande para c\u00e3es Petstar - Produ\u00e7\u00e3o em massa e op\u00e7\u00f5es de personaliza\u00e7\u00e3o dispon\u00edveis.","breadcrumb":{"@id":"https:\/\/petproducts.com.cn\/product\/dog-bowl-suppliers-stone-safe-bowls-for-dogs\/#breadcrumb"},"inLanguage":"pt-PT","potentialAction":[{"@type":"ReadAction","target":["https:\/\/petproducts.com.cn\/product\/dog-bowl-suppliers-stone-safe-bowls-for-dogs\/"]}]},{"@type":"ImageObject","inLanguage":"pt-PT","@id":"https:\/\/petproducts.com.cn\/product\/dog-bowl-suppliers-stone-safe-bowls-for-dogs\/#primaryimage","url":"https:\/\/petproducts.com.cn\/wp-content\/uploads\/2024\/04\/dog-bowl-suppliers.webp","contentUrl":"https:\/\/petproducts.com.cn\/wp-content\/uploads\/2024\/04\/dog-bowl-suppliers.webp","width":800,"height":800,"caption":"dog bowl suppliers"},{"@type":"BreadcrumbList","@id":"https:\/\/petproducts.com.cn\/product\/dog-bowl-suppliers-stone-safe-bowls-for-dogs\/#breadcrumb","itemListElement":[{"@type":"ListItem","position":1,"name":"HOME","item":"https:\/\/petproducts.com.cn\/"},{"@type":"ListItem","position":2,"name":"Products","item":"https:\/\/petproducts.com.cn\/shop\/"},{"@type":"ListItem","position":3,"name":"Dog Supplies","item":"https:\/\/petproducts.com.cn\/product-category\/dog-supplies\/"},{"@type":"ListItem","position":4,"name":"Dog Bowl Suppliers Stone Safe Bowls For Dogs"}]},{"@type":"WebSite","@id":"https:\/\/petproducts.com.cn\/#website","url":"https:\/\/petproducts.com.cn\/","name":"Petstar","description":"Fabricante l\u00edder de artigos para animais de estima\u00e7\u00e3o e fornecedor de produtos OEM para animais de estima\u00e7\u00e3o","publisher":{"@id":"https:\/\/petproducts.com.cn\/#organization"},"alternateName":"Petstar Pet Supplies","potentialAction":[{"@type":"SearchAction","target":{"@type":"EntryPoint","urlTemplate":"https:\/\/petproducts.com.cn\/?s={search_term_string}"},"query-input":{"@type":"PropertyValueSpecification","valueRequired":true,"valueName":"search_term_string"}}],"inLanguage":"pt-PT"},{"@type":"Organization","@id":"https:\/\/petproducts.com.cn\/#organization","name":"Petstar","url":"https:\/\/petproducts.com.cn\/","logo":{"@type":"ImageObject","inLanguage":"pt-PT","@id":"https:\/\/petproducts.com.cn\/#\/schema\/logo\/image\/","url":"https:\/\/petproducts.com.cn\/wp-content\/uploads\/2020\/02\/petstar-logo.webp","contentUrl":"https:\/\/petproducts.com.cn\/wp-content\/uploads\/2020\/02\/petstar-logo.webp","width":779,"height":520,"caption":"Petstar"},"image":{"@id":"https:\/\/petproducts.com.cn\/#\/schema\/logo\/image\/"}}]}},"_links":{"self":[{"href":"https:\/\/petproducts.com.cn\/pt\/wp-json\/wp\/v2\/product\/22427","targetHints":{"allow":["GET"]}}],"collection":[{"href":"https:\/\/petproducts.com.cn\/pt\/wp-json\/wp\/v2\/product"}],"about":[{"href":"https:\/\/petproducts.com.cn\/pt\/wp-json\/wp\/v2\/types\/product"}],"version-history":[{"count":2,"href":"https:\/\/petproducts.com.cn\/pt\/wp-json\/wp\/v2\/product\/22427\/revisions"}],"predecessor-version":[{"id":22440,"href":"https:\/\/petproducts.com.cn\/pt\/wp-json\/wp\/v2\/product\/22427\/revisions\/22440"}],"wp:featuredmedia":[{"embeddable":true,"href":"https:\/\/petproducts.com.cn\/pt\/wp-json\/wp\/v2\/media\/22429"}],"wp:attachment":[{"href":"https:\/\/petproducts.com.cn\/pt\/wp-json\/wp\/v2\/media?parent=22427"}],"wp:term":[{"taxonomy":"product_brand","embeddable":true,"href":"https:\/\/petproducts.com.cn\/pt\/wp-json\/wp\/v2\/product_brand?post=22427"},{"taxonomy":"product_cat","embeddable":true,"href":"https:\/\/petproducts.com.cn\/pt\/wp-json\/wp\/v2\/product_cat?post=22427"},{"taxonomy":"product_tag","embeddable":true,"href":"https:\/\/petproducts.com.cn\/pt\/wp-json\/wp\/v2\/product_tag?post=22427"}],"curies":[{"name":"wp","href":"https:\/\/api.w.org\/{rel}","templated":true}]}}