{"id":22484,"date":"2024-04-22T08:46:28","date_gmt":"2024-04-22T08:46:28","guid":{"rendered":"https:\/\/petproducts.com.cn\/?post_type=product&#038;p=22484"},"modified":"2024-08-23T01:37:47","modified_gmt":"2024-08-23T01:37:47","slug":"recycled-dog-collar-designer-dog-chain-collar","status":"publish","type":"product","link":"https:\/\/petproducts.com.cn\/pt\/product\/recycled-dog-collar-designer-dog-chain-collar\/","title":{"rendered":"Coleira de cachorro reciclada Coleira de corrente para cachorro de designer"},"content":{"rendered":"<h2>Carater\u00edsticas da coleira reciclada para c\u00e3es<\/h2>\n<ol>\n<li><strong>Material PET reciclado amigo do ambiente<\/strong>: A nossa coleira reciclada para c\u00e3es \u00e9 fabricada a partir de PET (politereftalato de etileno) reciclado, contribuindo para um ambiente sustent\u00e1vel e amigo do ambiente. Ao utilizar materiais reciclados, est\u00e1 a ajudar a reduzir os res\u00edduos e a promover um planeta mais verde.<\/li>\n<li><strong>Ajuste ajust\u00e1vel e confort\u00e1vel<\/strong>: Com o seu design ajust\u00e1vel, a nossa coleira garante um ajuste perfeito para c\u00e3es de v\u00e1rios tamanhos e ra\u00e7as. Pode personalizar facilmente o comprimento da coleira, proporcionando uma ader\u00eancia segura e confort\u00e1vel para o seu animal de estima\u00e7\u00e3o.<\/li>\n<li><strong>Design elegante e moderno<\/strong>: A nossa coleira de design para c\u00e3es apresenta um aspeto elegante e moderno, acrescentando um toque de estilo ao conjunto do seu animal de estima\u00e7\u00e3o. Com o seu design moderno, o seu animal de estima\u00e7\u00e3o pode destacar-se em qualquer multid\u00e3o, mantendo-se confort\u00e1vel e seguro.<\/li>\n<li><strong>Dur\u00e1vel e de longa dura\u00e7\u00e3o<\/strong>: Fabricada em PET reciclado de alta qualidade, a nossa coleira para c\u00e3es \u00e9 duradoura e resistente. Resiste ao desgaste da utiliza\u00e7\u00e3o di\u00e1ria, garantindo a seguran\u00e7a do seu animal durante os passeios, sess\u00f5es de treino e actividades ao ar livre.<\/li>\n<li><strong>F\u00e1cil de limpar e manter<\/strong>: Gra\u00e7as ao seu material PET reciclado, a nossa coleira \u00e9 f\u00e1cil de limpar e manter. Basta passar um pano h\u00famido ou lav\u00e1-la em \u00e1gua fria para a manter com um aspeto fresco e novo, assegurando que a coleira do seu animal de estima\u00e7\u00e3o se mant\u00e9m em perfeitas condi\u00e7\u00f5es.<\/li>\n<li><strong>Vers\u00e1til para v\u00e1rias utiliza\u00e7\u00f5es<\/strong>: Quer esteja a passear o seu c\u00e3o, a trein\u00e1-lo ou simplesmente a passar tempo ao ar livre, a nossa coleira reciclada para animais de estima\u00e7\u00e3o \u00e9 suficientemente vers\u00e1til para satisfazer as suas necessidades. A sua constru\u00e7\u00e3o robusta e o seu design elegante tornam-na adequada para todas as ocasi\u00f5es.<\/li>\n<li><strong>Escolha ambientalmente consciente<\/strong>: Ao escolher a nossa coleira com corrente para c\u00e3es, est\u00e1 a fazer uma escolha consciente do ponto de vista ambiental. Contribui para reduzir os res\u00edduos e promover a sustentabilidade, ao mesmo tempo que oferece ao seu animal de estima\u00e7\u00e3o um acess\u00f3rio elegante e funcional.<\/li>\n<\/ol>","protected":false},"excerpt":{"rendered":"<p>Somos um fabricante de coleiras, trelas e arneses para animais de estima\u00e7\u00e3o com mais de 20 anos de experi\u00eancia. Oferecemos op\u00e7\u00f5es de personaliza\u00e7\u00e3o para cor, tamanho, tecido, padr\u00e3o, log\u00f3tipo e outras caracter\u00edsticas.<\/p>","protected":false},"featured_media":22491,"template":"","meta":{"_acf_changed":false},"product_brand":[],"product_cat":[130,71,124,72],"product_tag":[214,212],"class_list":{"0":"post-22484","1":"product","2":"type-product","3":"status-publish","4":"has-post-thumbnail","6":"product_cat-cat-collars-leashes-harnesses","7":"product_cat-cat-supplies","8":"product_cat-dog-collars-leashes-harnesses","9":"product_cat-dog-supplies","10":"product_tag-cat-collars","11":"product_tag-pet-collars","13":"first","14":"instock","15":"shipping-taxable","16":"product-type-simple"},"acf":[],"yoast_head":"<!-- This site is optimized with the Yoast SEO plugin v27.1.1 - https:\/\/yoast.com\/product\/yoast-seo-wordpress\/ -->\n<title>Recycled Dog Collar | Dog Chain Collar Factory - Petstar<\/title>\n<meta name=\"description\" content=\"Explore recycled dog collar, designer dog collar, dog chain collar from the manufacturer. Your ideal business solution with Petstar.\" \/>\n<meta name=\"robots\" content=\"index, follow, max-snippet:-1, max-image-preview:large, max-video-preview:-1\" \/>\n<link rel=\"canonical\" href=\"https:\/\/petproducts.com.cn\/pt\/produto\/recycled-dog-collar-designer-dog-chain-collar\/\" \/>\n<meta property=\"og:locale\" content=\"pt_PT\" \/>\n<meta property=\"og:type\" content=\"article\" \/>\n<meta property=\"og:title\" content=\"Recycled Dog Collar | Dog Chain Collar Factory - Petstar\" \/>\n<meta property=\"og:description\" content=\"Explore recycled dog collar, designer dog collar, dog chain collar from the manufacturer. Your ideal business solution with Petstar.\" \/>\n<meta property=\"og:url\" content=\"https:\/\/petproducts.com.cn\/pt\/produto\/recycled-dog-collar-designer-dog-chain-collar\/\" \/>\n<meta property=\"og:site_name\" content=\"Petstar\" \/>\n<meta property=\"article:modified_time\" content=\"2024-08-23T01:37:47+00:00\" \/>\n<meta property=\"og:image\" content=\"https:\/\/petproducts.com.cn\/wp-content\/uploads\/2024\/04\/recycled-dog-collar.webp\" \/>\n\t<meta property=\"og:image:width\" content=\"1000\" \/>\n\t<meta property=\"og:image:height\" content=\"1000\" \/>\n\t<meta property=\"og:image:type\" content=\"image\/webp\" \/>\n<meta name=\"twitter:card\" content=\"summary_large_image\" \/>\n<meta name=\"twitter:label1\" content=\"Tempo estimado de leitura\" \/>\n\t<meta name=\"twitter:data1\" content=\"2 minutos\" \/>\n<script type=\"application\/ld+json\" class=\"yoast-schema-graph\">{\"@context\":\"https:\/\/schema.org\",\"@graph\":[{\"@type\":\"WebPage\",\"@id\":\"https:\/\/petproducts.com.cn\/product\/recycled-dog-collar-designer-dog-chain-collar\/\",\"url\":\"https:\/\/petproducts.com.cn\/product\/recycled-dog-collar-designer-dog-chain-collar\/\",\"name\":\"Recycled Dog Collar | Dog Chain Collar Factory - Petstar\",\"isPartOf\":{\"@id\":\"https:\/\/petproducts.com.cn\/#website\"},\"primaryImageOfPage\":{\"@id\":\"https:\/\/petproducts.com.cn\/product\/recycled-dog-collar-designer-dog-chain-collar\/#primaryimage\"},\"image\":{\"@id\":\"https:\/\/petproducts.com.cn\/product\/recycled-dog-collar-designer-dog-chain-collar\/#primaryimage\"},\"thumbnailUrl\":\"https:\/\/petproducts.com.cn\/wp-content\/uploads\/2024\/04\/recycled-dog-collar.webp\",\"datePublished\":\"2024-04-22T08:46:28+00:00\",\"dateModified\":\"2024-08-23T01:37:47+00:00\",\"description\":\"Explore recycled dog collar, designer dog collar, dog chain collar from the manufacturer. Your ideal business solution with Petstar.\",\"breadcrumb\":{\"@id\":\"https:\/\/petproducts.com.cn\/product\/recycled-dog-collar-designer-dog-chain-collar\/#breadcrumb\"},\"inLanguage\":\"pt-PT\",\"potentialAction\":[{\"@type\":\"ReadAction\",\"target\":[\"https:\/\/petproducts.com.cn\/product\/recycled-dog-collar-designer-dog-chain-collar\/\"]}]},{\"@type\":\"ImageObject\",\"inLanguage\":\"pt-PT\",\"@id\":\"https:\/\/petproducts.com.cn\/product\/recycled-dog-collar-designer-dog-chain-collar\/#primaryimage\",\"url\":\"https:\/\/petproducts.com.cn\/wp-content\/uploads\/2024\/04\/recycled-dog-collar.webp\",\"contentUrl\":\"https:\/\/petproducts.com.cn\/wp-content\/uploads\/2024\/04\/recycled-dog-collar.webp\",\"width\":1000,\"height\":1000,\"caption\":\"recycled dog collar\"},{\"@type\":\"BreadcrumbList\",\"@id\":\"https:\/\/petproducts.com.cn\/product\/recycled-dog-collar-designer-dog-chain-collar\/#breadcrumb\",\"itemListElement\":[{\"@type\":\"ListItem\",\"position\":1,\"name\":\"HOME\",\"item\":\"https:\/\/petproducts.com.cn\/\"},{\"@type\":\"ListItem\",\"position\":2,\"name\":\"Products\",\"item\":\"https:\/\/petproducts.com.cn\/shop\/\"},{\"@type\":\"ListItem\",\"position\":3,\"name\":\"Dog Collars, Leashes &amp; Harnesses\",\"item\":\"https:\/\/petproducts.com.cn\/product-category\/dog-collars-leashes-harnesses\/\"},{\"@type\":\"ListItem\",\"position\":4,\"name\":\"Recycled Dog Collar Designer Dog Chain Collar\"}]},{\"@type\":\"WebSite\",\"@id\":\"https:\/\/petproducts.com.cn\/#website\",\"url\":\"https:\/\/petproducts.com.cn\/\",\"name\":\"Petstar\",\"description\":\"Leading Pet Supplies Manufacturer &amp; OEM Pet Products Supplier\",\"publisher\":{\"@id\":\"https:\/\/petproducts.com.cn\/#organization\"},\"alternateName\":\"Petstar Pet Supplies\",\"potentialAction\":[{\"@type\":\"SearchAction\",\"target\":{\"@type\":\"EntryPoint\",\"urlTemplate\":\"https:\/\/petproducts.com.cn\/?s={search_term_string}\"},\"query-input\":{\"@type\":\"PropertyValueSpecification\",\"valueRequired\":true,\"valueName\":\"search_term_string\"}}],\"inLanguage\":\"pt-PT\"},{\"@type\":\"Organization\",\"@id\":\"https:\/\/petproducts.com.cn\/#organization\",\"name\":\"Petstar\",\"url\":\"https:\/\/petproducts.com.cn\/\",\"logo\":{\"@type\":\"ImageObject\",\"inLanguage\":\"pt-PT\",\"@id\":\"https:\/\/petproducts.com.cn\/#\/schema\/logo\/image\/\",\"url\":\"https:\/\/petproducts.com.cn\/wp-content\/uploads\/2020\/02\/petstar-logo.webp\",\"contentUrl\":\"https:\/\/petproducts.com.cn\/wp-content\/uploads\/2020\/02\/petstar-logo.webp\",\"width\":779,\"height\":520,\"caption\":\"Petstar\"},\"image\":{\"@id\":\"https:\/\/petproducts.com.cn\/#\/schema\/logo\/image\/\"}}]}<\/script>\n<!-- \/ Yoast SEO plugin. -->","yoast_head_json":{"title":"Coleira reciclada para c\u00e3es | F\u00e1brica de coleira com corrente para c\u00e3es - Petstar","description":"Explore a coleira de c\u00e3o reciclada, coleira de c\u00e3o de design, coleira de corrente de c\u00e3o do fabricante. A sua solu\u00e7\u00e3o comercial ideal com Petstar.","robots":{"index":"index","follow":"follow","max-snippet":"max-snippet:-1","max-image-preview":"max-image-preview:large","max-video-preview":"max-video-preview:-1"},"canonical":"https:\/\/petproducts.com.cn\/pt\/produto\/recycled-dog-collar-designer-dog-chain-collar\/","og_locale":"pt_PT","og_type":"article","og_title":"Recycled Dog Collar | Dog Chain Collar Factory - Petstar","og_description":"Explore recycled dog collar, designer dog collar, dog chain collar from the manufacturer. Your ideal business solution with Petstar.","og_url":"https:\/\/petproducts.com.cn\/pt\/produto\/recycled-dog-collar-designer-dog-chain-collar\/","og_site_name":"Petstar","article_modified_time":"2024-08-23T01:37:47+00:00","og_image":[{"width":1000,"height":1000,"url":"https:\/\/petproducts.com.cn\/wp-content\/uploads\/2024\/04\/recycled-dog-collar.webp","type":"image\/webp"}],"twitter_card":"summary_large_image","twitter_misc":{"Tempo estimado de leitura":"2 minutos"},"schema":{"@context":"https:\/\/schema.org","@graph":[{"@type":"WebPage","@id":"https:\/\/petproducts.com.cn\/product\/recycled-dog-collar-designer-dog-chain-collar\/","url":"https:\/\/petproducts.com.cn\/product\/recycled-dog-collar-designer-dog-chain-collar\/","name":"Coleira reciclada para c\u00e3es | F\u00e1brica de coleira com corrente para c\u00e3es - Petstar","isPartOf":{"@id":"https:\/\/petproducts.com.cn\/#website"},"primaryImageOfPage":{"@id":"https:\/\/petproducts.com.cn\/product\/recycled-dog-collar-designer-dog-chain-collar\/#primaryimage"},"image":{"@id":"https:\/\/petproducts.com.cn\/product\/recycled-dog-collar-designer-dog-chain-collar\/#primaryimage"},"thumbnailUrl":"https:\/\/petproducts.com.cn\/wp-content\/uploads\/2024\/04\/recycled-dog-collar.webp","datePublished":"2024-04-22T08:46:28+00:00","dateModified":"2024-08-23T01:37:47+00:00","description":"Explore a coleira de c\u00e3o reciclada, coleira de c\u00e3o de design, coleira de corrente de c\u00e3o do fabricante. A sua solu\u00e7\u00e3o comercial ideal com Petstar.","breadcrumb":{"@id":"https:\/\/petproducts.com.cn\/product\/recycled-dog-collar-designer-dog-chain-collar\/#breadcrumb"},"inLanguage":"pt-PT","potentialAction":[{"@type":"ReadAction","target":["https:\/\/petproducts.com.cn\/product\/recycled-dog-collar-designer-dog-chain-collar\/"]}]},{"@type":"ImageObject","inLanguage":"pt-PT","@id":"https:\/\/petproducts.com.cn\/product\/recycled-dog-collar-designer-dog-chain-collar\/#primaryimage","url":"https:\/\/petproducts.com.cn\/wp-content\/uploads\/2024\/04\/recycled-dog-collar.webp","contentUrl":"https:\/\/petproducts.com.cn\/wp-content\/uploads\/2024\/04\/recycled-dog-collar.webp","width":1000,"height":1000,"caption":"recycled dog collar"},{"@type":"BreadcrumbList","@id":"https:\/\/petproducts.com.cn\/product\/recycled-dog-collar-designer-dog-chain-collar\/#breadcrumb","itemListElement":[{"@type":"ListItem","position":1,"name":"HOME","item":"https:\/\/petproducts.com.cn\/"},{"@type":"ListItem","position":2,"name":"Products","item":"https:\/\/petproducts.com.cn\/shop\/"},{"@type":"ListItem","position":3,"name":"Dog Collars, Leashes &amp; Harnesses","item":"https:\/\/petproducts.com.cn\/product-category\/dog-collars-leashes-harnesses\/"},{"@type":"ListItem","position":4,"name":"Recycled Dog Collar Designer Dog Chain Collar"}]},{"@type":"WebSite","@id":"https:\/\/petproducts.com.cn\/#website","url":"https:\/\/petproducts.com.cn\/","name":"Petstar","description":"Fabricante l\u00edder de artigos para animais de estima\u00e7\u00e3o e fornecedor de produtos OEM para animais de estima\u00e7\u00e3o","publisher":{"@id":"https:\/\/petproducts.com.cn\/#organization"},"alternateName":"Petstar Pet Supplies","potentialAction":[{"@type":"SearchAction","target":{"@type":"EntryPoint","urlTemplate":"https:\/\/petproducts.com.cn\/?s={search_term_string}"},"query-input":{"@type":"PropertyValueSpecification","valueRequired":true,"valueName":"search_term_string"}}],"inLanguage":"pt-PT"},{"@type":"Organization","@id":"https:\/\/petproducts.com.cn\/#organization","name":"Petstar","url":"https:\/\/petproducts.com.cn\/","logo":{"@type":"ImageObject","inLanguage":"pt-PT","@id":"https:\/\/petproducts.com.cn\/#\/schema\/logo\/image\/","url":"https:\/\/petproducts.com.cn\/wp-content\/uploads\/2020\/02\/petstar-logo.webp","contentUrl":"https:\/\/petproducts.com.cn\/wp-content\/uploads\/2020\/02\/petstar-logo.webp","width":779,"height":520,"caption":"Petstar"},"image":{"@id":"https:\/\/petproducts.com.cn\/#\/schema\/logo\/image\/"}}]}},"_links":{"self":[{"href":"https:\/\/petproducts.com.cn\/pt\/wp-json\/wp\/v2\/product\/22484","targetHints":{"allow":["GET"]}}],"collection":[{"href":"https:\/\/petproducts.com.cn\/pt\/wp-json\/wp\/v2\/product"}],"about":[{"href":"https:\/\/petproducts.com.cn\/pt\/wp-json\/wp\/v2\/types\/product"}],"version-history":[{"count":2,"href":"https:\/\/petproducts.com.cn\/pt\/wp-json\/wp\/v2\/product\/22484\/revisions"}],"predecessor-version":[{"id":22492,"href":"https:\/\/petproducts.com.cn\/pt\/wp-json\/wp\/v2\/product\/22484\/revisions\/22492"}],"wp:featuredmedia":[{"embeddable":true,"href":"https:\/\/petproducts.com.cn\/pt\/wp-json\/wp\/v2\/media\/22491"}],"wp:attachment":[{"href":"https:\/\/petproducts.com.cn\/pt\/wp-json\/wp\/v2\/media?parent=22484"}],"wp:term":[{"taxonomy":"product_brand","embeddable":true,"href":"https:\/\/petproducts.com.cn\/pt\/wp-json\/wp\/v2\/product_brand?post=22484"},{"taxonomy":"product_cat","embeddable":true,"href":"https:\/\/petproducts.com.cn\/pt\/wp-json\/wp\/v2\/product_cat?post=22484"},{"taxonomy":"product_tag","embeddable":true,"href":"https:\/\/petproducts.com.cn\/pt\/wp-json\/wp\/v2\/product_tag?post=22484"}],"curies":[{"name":"wp","href":"https:\/\/api.w.org\/{rel}","templated":true}]}}