{"id":22514,"date":"2024-04-23T03:15:57","date_gmt":"2024-04-23T03:15:57","guid":{"rendered":"https:\/\/petproducts.com.cn\/?post_type=product&#038;p=22514"},"modified":"2024-10-30T06:11:58","modified_gmt":"2024-10-30T06:11:58","slug":"recycled-dog-sweater-best-knitted-dog-sweater","status":"publish","type":"product","link":"https:\/\/petproducts.com.cn\/pt\/product\/recycled-dog-sweater-best-knitted-dog-sweater\/","title":{"rendered":"Su\u00e9ter de cachorro reciclado Melhor su\u00e9ter de malha para cachorro"},"content":{"rendered":"<h2><strong>Carater\u00edsticas da camisola reciclada para c\u00e3es<\/strong><\/h2>\n<ol>\n<li><strong>Material PET reciclado amigo do ambiente<\/strong>: A nossa camisola reciclada para c\u00e3es \u00e9 feita de PET reciclado de alta qualidade, contribuindo para um ambiente mais verde ao reutilizar materiais que, de outra forma, acabariam em aterros sanit\u00e1rios. Com esta camisola, tem um impacto positivo no planeta enquanto veste o seu animal de estima\u00e7\u00e3o com estilo.<\/li>\n<li><strong>Quente e confort\u00e1vel<\/strong>: Esta camisola de malha para c\u00e3es foi concebida para proporcionar calor e conforto ao seu animal de estima\u00e7\u00e3o, especialmente durante as esta\u00e7\u00f5es mais frias. O tecido macio e respir\u00e1vel garante que o seu c\u00e3o se mant\u00e9m confort\u00e1vel sem sobreaquecer, tornando-a perfeita para utiliza\u00e7\u00e3o no interior e no exterior.<\/li>\n<li><strong>Design elegante e moderno<\/strong>: A nossa camisola reciclada para animais de estima\u00e7\u00e3o apresenta um design elegante que complementa o guarda-roupa de qualquer animal de estima\u00e7\u00e3o. Com seu visual moderno e cores vibrantes, seu c\u00e3o certamente se destacar\u00e1 em qualquer ambiente, desde passeios casuais at\u00e9 eventos especiais.<\/li>\n<li><strong>Dur\u00e1vel e de longa dura\u00e7\u00e3o<\/strong>: Embora seja feita de materiais reciclados, a nossa camisola para animais de estima\u00e7\u00e3o \u00e9 incrivelmente dur\u00e1vel e constru\u00edda para durar. Suporta o desgaste regular, garantindo que o seu animal de estima\u00e7\u00e3o desfrute do calor e do estilo durante muitas esta\u00e7\u00f5es.<\/li>\n<li><strong>F\u00e1cil de limpar e manter<\/strong>: A nossa camisola ecol\u00f3gica para c\u00e3es \u00e9 f\u00e1cil de limpar, permitindo-lhe mant\u00ea-la fresca e higi\u00e9nica com o m\u00ednimo esfor\u00e7o. Basta lav\u00e1-la \u00e0 m\u00e1quina num ciclo suave ou lav\u00e1-la \u00e0 m\u00e3o com um detergente suave para manter a sua qualidade e aspeto.<\/li>\n<\/ol>","protected":false},"excerpt":{"rendered":"<p>N\u00f3s somos um fabricante de roupas para animais de estima\u00e7\u00e3o com mais de 20 anos de experi\u00eancia. Oferecemos op\u00e7\u00f5es de personaliza\u00e7\u00e3o para cor, tamanho, tecido, padr\u00e3o, log\u00f3tipo e outras carater\u00edsticas.<\/p>","protected":false},"featured_media":22521,"template":"","meta":{"_acf_changed":false},"product_brand":[],"product_cat":[135,71,49,72],"product_tag":[217,262],"class_list":{"0":"post-22514","1":"product","2":"type-product","3":"status-publish","4":"has-post-thumbnail","6":"product_cat-cat-apparel-accessories","7":"product_cat-cat-supplies","8":"product_cat-dog-apparel-accessories","9":"product_cat-dog-supplies","10":"product_tag-pet-clothes","11":"product_tag-pet-sweaters","13":"first","14":"instock","15":"shipping-taxable","16":"product-type-simple"},"acf":[],"yoast_head":"<!-- This site is optimized with the Yoast SEO plugin v27.1.1 - https:\/\/yoast.com\/product\/yoast-seo-wordpress\/ -->\n<title>recycled dog sweater | Knitted Dog Sweater Factory - Petstar<\/title>\n<meta name=\"description\" content=\"Explore recycled dog sweater, knitted dog sweater, best dog sweater directly from the manufacturer. Your ideal business solution with Petstar.\" \/>\n<meta name=\"robots\" content=\"index, follow, max-snippet:-1, max-image-preview:large, max-video-preview:-1\" \/>\n<link rel=\"canonical\" href=\"https:\/\/petproducts.com.cn\/pt\/produto\/recycled-dog-sweater-best-knitted-dog-sweater\/\" \/>\n<meta property=\"og:locale\" content=\"pt_PT\" \/>\n<meta property=\"og:type\" content=\"article\" \/>\n<meta property=\"og:title\" content=\"recycled dog sweater | Knitted Dog Sweater Factory - Petstar\" \/>\n<meta property=\"og:description\" content=\"Explore recycled dog sweater, knitted dog sweater, best dog sweater directly from the manufacturer. Your ideal business solution with Petstar.\" \/>\n<meta property=\"og:url\" content=\"https:\/\/petproducts.com.cn\/pt\/produto\/recycled-dog-sweater-best-knitted-dog-sweater\/\" \/>\n<meta property=\"og:site_name\" content=\"Petstar\" \/>\n<meta property=\"article:modified_time\" content=\"2024-10-30T06:11:58+00:00\" \/>\n<meta property=\"og:image\" content=\"https:\/\/petproducts.com.cn\/wp-content\/uploads\/2024\/04\/recycled-dog-sweater.webp\" \/>\n\t<meta property=\"og:image:width\" content=\"1000\" \/>\n\t<meta property=\"og:image:height\" content=\"1000\" \/>\n\t<meta property=\"og:image:type\" content=\"image\/webp\" \/>\n<meta name=\"twitter:card\" content=\"summary_large_image\" \/>\n<meta name=\"twitter:label1\" content=\"Tempo estimado de leitura\" \/>\n\t<meta name=\"twitter:data1\" content=\"1 minuto\" \/>\n<script type=\"application\/ld+json\" class=\"yoast-schema-graph\">{\"@context\":\"https:\/\/schema.org\",\"@graph\":[{\"@type\":\"WebPage\",\"@id\":\"https:\/\/petproducts.com.cn\/product\/recycled-dog-sweater-best-knitted-dog-sweater\/\",\"url\":\"https:\/\/petproducts.com.cn\/product\/recycled-dog-sweater-best-knitted-dog-sweater\/\",\"name\":\"recycled dog sweater | Knitted Dog Sweater Factory - Petstar\",\"isPartOf\":{\"@id\":\"https:\/\/petproducts.com.cn\/#website\"},\"primaryImageOfPage\":{\"@id\":\"https:\/\/petproducts.com.cn\/product\/recycled-dog-sweater-best-knitted-dog-sweater\/#primaryimage\"},\"image\":{\"@id\":\"https:\/\/petproducts.com.cn\/product\/recycled-dog-sweater-best-knitted-dog-sweater\/#primaryimage\"},\"thumbnailUrl\":\"https:\/\/petproducts.com.cn\/wp-content\/uploads\/2024\/04\/recycled-dog-sweater.webp\",\"datePublished\":\"2024-04-23T03:15:57+00:00\",\"dateModified\":\"2024-10-30T06:11:58+00:00\",\"description\":\"Explore recycled dog sweater, knitted dog sweater, best dog sweater directly from the manufacturer. Your ideal business solution with Petstar.\",\"breadcrumb\":{\"@id\":\"https:\/\/petproducts.com.cn\/product\/recycled-dog-sweater-best-knitted-dog-sweater\/#breadcrumb\"},\"inLanguage\":\"pt-PT\",\"potentialAction\":[{\"@type\":\"ReadAction\",\"target\":[\"https:\/\/petproducts.com.cn\/product\/recycled-dog-sweater-best-knitted-dog-sweater\/\"]}]},{\"@type\":\"ImageObject\",\"inLanguage\":\"pt-PT\",\"@id\":\"https:\/\/petproducts.com.cn\/product\/recycled-dog-sweater-best-knitted-dog-sweater\/#primaryimage\",\"url\":\"https:\/\/petproducts.com.cn\/wp-content\/uploads\/2024\/04\/recycled-dog-sweater.webp\",\"contentUrl\":\"https:\/\/petproducts.com.cn\/wp-content\/uploads\/2024\/04\/recycled-dog-sweater.webp\",\"width\":1000,\"height\":1000,\"caption\":\"recycled dog sweater\"},{\"@type\":\"BreadcrumbList\",\"@id\":\"https:\/\/petproducts.com.cn\/product\/recycled-dog-sweater-best-knitted-dog-sweater\/#breadcrumb\",\"itemListElement\":[{\"@type\":\"ListItem\",\"position\":1,\"name\":\"HOME\",\"item\":\"https:\/\/petproducts.com.cn\/\"},{\"@type\":\"ListItem\",\"position\":2,\"name\":\"Products\",\"item\":\"https:\/\/petproducts.com.cn\/shop\/\"},{\"@type\":\"ListItem\",\"position\":3,\"name\":\"Dog Apparel &amp; Accessories\",\"item\":\"https:\/\/petproducts.com.cn\/product-category\/dog-apparel-accessories\/\"},{\"@type\":\"ListItem\",\"position\":4,\"name\":\"Recycled Dog Sweater Best Knitted Dog Sweater\"}]},{\"@type\":\"WebSite\",\"@id\":\"https:\/\/petproducts.com.cn\/#website\",\"url\":\"https:\/\/petproducts.com.cn\/\",\"name\":\"Petstar\",\"description\":\"Leading Pet Supplies Manufacturer &amp; OEM Pet Products Supplier\",\"publisher\":{\"@id\":\"https:\/\/petproducts.com.cn\/#organization\"},\"alternateName\":\"Petstar Pet Supplies\",\"potentialAction\":[{\"@type\":\"SearchAction\",\"target\":{\"@type\":\"EntryPoint\",\"urlTemplate\":\"https:\/\/petproducts.com.cn\/?s={search_term_string}\"},\"query-input\":{\"@type\":\"PropertyValueSpecification\",\"valueRequired\":true,\"valueName\":\"search_term_string\"}}],\"inLanguage\":\"pt-PT\"},{\"@type\":\"Organization\",\"@id\":\"https:\/\/petproducts.com.cn\/#organization\",\"name\":\"Petstar\",\"url\":\"https:\/\/petproducts.com.cn\/\",\"logo\":{\"@type\":\"ImageObject\",\"inLanguage\":\"pt-PT\",\"@id\":\"https:\/\/petproducts.com.cn\/#\/schema\/logo\/image\/\",\"url\":\"https:\/\/petproducts.com.cn\/wp-content\/uploads\/2020\/02\/petstar-logo.webp\",\"contentUrl\":\"https:\/\/petproducts.com.cn\/wp-content\/uploads\/2020\/02\/petstar-logo.webp\",\"width\":779,\"height\":520,\"caption\":\"Petstar\"},\"image\":{\"@id\":\"https:\/\/petproducts.com.cn\/#\/schema\/logo\/image\/\"}}]}<\/script>\n<!-- \/ Yoast SEO plugin. -->","yoast_head_json":{"title":"camisola reciclada para c\u00e3o | F\u00e1brica de camisolas de malha para c\u00e3o - Petstar","description":"Explore a camisola reciclada para c\u00e3es, a camisola de malha para c\u00e3es, a melhor camisola para c\u00e3es diretamente do fabricante. A sua solu\u00e7\u00e3o comercial ideal com Petstar.","robots":{"index":"index","follow":"follow","max-snippet":"max-snippet:-1","max-image-preview":"max-image-preview:large","max-video-preview":"max-video-preview:-1"},"canonical":"https:\/\/petproducts.com.cn\/pt\/produto\/recycled-dog-sweater-best-knitted-dog-sweater\/","og_locale":"pt_PT","og_type":"article","og_title":"recycled dog sweater | Knitted Dog Sweater Factory - Petstar","og_description":"Explore recycled dog sweater, knitted dog sweater, best dog sweater directly from the manufacturer. Your ideal business solution with Petstar.","og_url":"https:\/\/petproducts.com.cn\/pt\/produto\/recycled-dog-sweater-best-knitted-dog-sweater\/","og_site_name":"Petstar","article_modified_time":"2024-10-30T06:11:58+00:00","og_image":[{"width":1000,"height":1000,"url":"https:\/\/petproducts.com.cn\/wp-content\/uploads\/2024\/04\/recycled-dog-sweater.webp","type":"image\/webp"}],"twitter_card":"summary_large_image","twitter_misc":{"Tempo estimado de leitura":"1 minuto"},"schema":{"@context":"https:\/\/schema.org","@graph":[{"@type":"WebPage","@id":"https:\/\/petproducts.com.cn\/product\/recycled-dog-sweater-best-knitted-dog-sweater\/","url":"https:\/\/petproducts.com.cn\/product\/recycled-dog-sweater-best-knitted-dog-sweater\/","name":"camisola reciclada para c\u00e3o | F\u00e1brica de camisolas de malha para c\u00e3o - Petstar","isPartOf":{"@id":"https:\/\/petproducts.com.cn\/#website"},"primaryImageOfPage":{"@id":"https:\/\/petproducts.com.cn\/product\/recycled-dog-sweater-best-knitted-dog-sweater\/#primaryimage"},"image":{"@id":"https:\/\/petproducts.com.cn\/product\/recycled-dog-sweater-best-knitted-dog-sweater\/#primaryimage"},"thumbnailUrl":"https:\/\/petproducts.com.cn\/wp-content\/uploads\/2024\/04\/recycled-dog-sweater.webp","datePublished":"2024-04-23T03:15:57+00:00","dateModified":"2024-10-30T06:11:58+00:00","description":"Explore a camisola reciclada para c\u00e3es, a camisola de malha para c\u00e3es, a melhor camisola para c\u00e3es diretamente do fabricante. A sua solu\u00e7\u00e3o comercial ideal com Petstar.","breadcrumb":{"@id":"https:\/\/petproducts.com.cn\/product\/recycled-dog-sweater-best-knitted-dog-sweater\/#breadcrumb"},"inLanguage":"pt-PT","potentialAction":[{"@type":"ReadAction","target":["https:\/\/petproducts.com.cn\/product\/recycled-dog-sweater-best-knitted-dog-sweater\/"]}]},{"@type":"ImageObject","inLanguage":"pt-PT","@id":"https:\/\/petproducts.com.cn\/product\/recycled-dog-sweater-best-knitted-dog-sweater\/#primaryimage","url":"https:\/\/petproducts.com.cn\/wp-content\/uploads\/2024\/04\/recycled-dog-sweater.webp","contentUrl":"https:\/\/petproducts.com.cn\/wp-content\/uploads\/2024\/04\/recycled-dog-sweater.webp","width":1000,"height":1000,"caption":"recycled dog sweater"},{"@type":"BreadcrumbList","@id":"https:\/\/petproducts.com.cn\/product\/recycled-dog-sweater-best-knitted-dog-sweater\/#breadcrumb","itemListElement":[{"@type":"ListItem","position":1,"name":"HOME","item":"https:\/\/petproducts.com.cn\/"},{"@type":"ListItem","position":2,"name":"Products","item":"https:\/\/petproducts.com.cn\/shop\/"},{"@type":"ListItem","position":3,"name":"Dog Apparel &amp; Accessories","item":"https:\/\/petproducts.com.cn\/product-category\/dog-apparel-accessories\/"},{"@type":"ListItem","position":4,"name":"Recycled Dog Sweater Best Knitted Dog Sweater"}]},{"@type":"WebSite","@id":"https:\/\/petproducts.com.cn\/#website","url":"https:\/\/petproducts.com.cn\/","name":"Petstar","description":"Fabricante l\u00edder de artigos para animais de estima\u00e7\u00e3o e fornecedor de produtos OEM para animais de estima\u00e7\u00e3o","publisher":{"@id":"https:\/\/petproducts.com.cn\/#organization"},"alternateName":"Petstar Pet Supplies","potentialAction":[{"@type":"SearchAction","target":{"@type":"EntryPoint","urlTemplate":"https:\/\/petproducts.com.cn\/?s={search_term_string}"},"query-input":{"@type":"PropertyValueSpecification","valueRequired":true,"valueName":"search_term_string"}}],"inLanguage":"pt-PT"},{"@type":"Organization","@id":"https:\/\/petproducts.com.cn\/#organization","name":"Petstar","url":"https:\/\/petproducts.com.cn\/","logo":{"@type":"ImageObject","inLanguage":"pt-PT","@id":"https:\/\/petproducts.com.cn\/#\/schema\/logo\/image\/","url":"https:\/\/petproducts.com.cn\/wp-content\/uploads\/2020\/02\/petstar-logo.webp","contentUrl":"https:\/\/petproducts.com.cn\/wp-content\/uploads\/2020\/02\/petstar-logo.webp","width":779,"height":520,"caption":"Petstar"},"image":{"@id":"https:\/\/petproducts.com.cn\/#\/schema\/logo\/image\/"}}]}},"_links":{"self":[{"href":"https:\/\/petproducts.com.cn\/pt\/wp-json\/wp\/v2\/product\/22514","targetHints":{"allow":["GET"]}}],"collection":[{"href":"https:\/\/petproducts.com.cn\/pt\/wp-json\/wp\/v2\/product"}],"about":[{"href":"https:\/\/petproducts.com.cn\/pt\/wp-json\/wp\/v2\/types\/product"}],"version-history":[{"count":2,"href":"https:\/\/petproducts.com.cn\/pt\/wp-json\/wp\/v2\/product\/22514\/revisions"}],"predecessor-version":[{"id":22522,"href":"https:\/\/petproducts.com.cn\/pt\/wp-json\/wp\/v2\/product\/22514\/revisions\/22522"}],"wp:featuredmedia":[{"embeddable":true,"href":"https:\/\/petproducts.com.cn\/pt\/wp-json\/wp\/v2\/media\/22521"}],"wp:attachment":[{"href":"https:\/\/petproducts.com.cn\/pt\/wp-json\/wp\/v2\/media?parent=22514"}],"wp:term":[{"taxonomy":"product_brand","embeddable":true,"href":"https:\/\/petproducts.com.cn\/pt\/wp-json\/wp\/v2\/product_brand?post=22514"},{"taxonomy":"product_cat","embeddable":true,"href":"https:\/\/petproducts.com.cn\/pt\/wp-json\/wp\/v2\/product_cat?post=22514"},{"taxonomy":"product_tag","embeddable":true,"href":"https:\/\/petproducts.com.cn\/pt\/wp-json\/wp\/v2\/product_tag?post=22514"}],"curies":[{"name":"wp","href":"https:\/\/api.w.org\/{rel}","templated":true}]}}