{"id":22534,"date":"2024-04-23T07:30:53","date_gmt":"2024-04-23T07:30:53","guid":{"rendered":"https:\/\/petproducts.com.cn\/?post_type=product&#038;p=22534"},"modified":"2024-04-23T07:54:27","modified_gmt":"2024-04-23T07:54:27","slug":"dog-carrying-bag-factory-dog-travel-carrier-bag","status":"publish","type":"product","link":"https:\/\/petproducts.com.cn\/pt\/product\/dog-carrying-bag-factory-dog-travel-carrier-bag\/","title":{"rendered":"Bolsa de transporte para c\u00e3es Bolsa de viagem para c\u00e3es de f\u00e1brica"},"content":{"rendered":"<h2>Caracter\u00edsticas do saco de transporte para c\u00e3es<\/h2>\n<ol>\n<li><strong>Op\u00e7\u00f5es de tamanho<\/strong>: O nosso saco de transporte para c\u00e3es est\u00e1 dispon\u00edvel em dois tamanhos, oferecendo op\u00e7\u00f5es para acomodar diferentes ra\u00e7as e tamanhos de c\u00e3es. O tamanho pequeno mede S: 42x25xH28cm, enquanto o tamanho m\u00e9dio mede M: 49x25xH28cm, garantindo um ajuste confort\u00e1vel para v\u00e1rios tamanhos de animais de estima\u00e7\u00e3o e necessidades de viagem.<\/li>\n<li><strong>Janelas em malha respir\u00e1vel<\/strong>: Concebida com tr\u00eas janelas de malha respir\u00e1vel, a nossa melhor transportadora para c\u00e3es garante uma ventila\u00e7\u00e3o adequada para os animais de estima\u00e7\u00e3o durante as viagens. Estas janelas permitem que os animais de estima\u00e7\u00e3o desfrutem de ar fresco enquanto permanecem seguros dentro do saco, promovendo o conforto e o bem-estar durante as viagens.<\/li>\n<li><strong>Capacidade de suporte de peso<\/strong>: O nosso saco de viagem para c\u00e3es foi concebido para suportar um peso at\u00e9 7 kg, proporcionando um apoio robusto aos animais de estima\u00e7\u00e3o durante a viagem. Isto garante que o saco permanece est\u00e1vel e seguro, permitindo aos donos dos animais transportar os seus companheiros peludos com confian\u00e7a e facilidade.<\/li>\n<li><strong>Design seguro com fecho de correr<\/strong>: Com um design de fecho de correr, o nosso saco de transporte para c\u00e3es proporciona um fecho seguro para evitar que os animais de estima\u00e7\u00e3o escapem durante o transporte. O design com fecho de correr oferece mais seguran\u00e7a e paz de esp\u00edrito aos donos de animais, garantindo que os seus companheiros peludos permanecem seguros e protegidos durante toda a viagem.<\/li>\n<li><strong>Op\u00e7\u00f5es de personaliza\u00e7\u00e3o<\/strong>: \u00c9 personaliz\u00e1vel para se adequar \u00e0s prefer\u00eancias e requisitos individuais. Desde a sele\u00e7\u00e3o de cores e padr\u00f5es at\u00e9 \u00e0 adi\u00e7\u00e3o de detalhes personalizados, os clientes t\u00eam a liberdade de criar um saco que reflicta o seu estilo \u00fanico, assegurando simultaneamente um conforto e uma funcionalidade ideais para os seus amigos peludos.<\/li>\n<\/ol>","protected":false},"excerpt":{"rendered":"<p>Somos um fabricante de sacos de transporte para c\u00e3es e sacos de viagem para c\u00e3es com mais de 20 anos de experi\u00eancia. Oferecemos op\u00e7\u00f5es de personaliza\u00e7\u00e3o para cor, tamanho, tecido, padr\u00e3o, log\u00f3tipo e outras caracter\u00edsticas.<\/p>","protected":false},"featured_media":22537,"template":"","meta":{"_acf_changed":false},"product_brand":[],"product_cat":[133,71,132,72],"product_tag":[145,144],"class_list":{"0":"post-22534","1":"product","2":"type-product","3":"status-publish","4":"has-post-thumbnail","6":"product_cat-cat-carriers-car-supplies","7":"product_cat-cat-supplies","8":"product_cat-dog-carriers-car-supplies","9":"product_cat-dog-supplies","10":"product_tag-cat-carriers-car-supplies","11":"product_tag-dog-carriers-car-supplies","13":"first","14":"instock","15":"shipping-taxable","16":"product-type-simple"},"acf":[],"yoast_head":"<!-- This site is optimized with the Yoast SEO plugin v27.1.1 - https:\/\/yoast.com\/product\/yoast-seo-wordpress\/ -->\n<title>dog carrying bag | Factory Dog Travel Carrier Bag - Petstar<\/title>\n<meta name=\"description\" content=\"Explore dog carrying bag,best dog carrier,dog travel bag from the manufacturer. Your ideal business solution with Petstar.\" \/>\n<meta name=\"robots\" content=\"index, follow, max-snippet:-1, max-image-preview:large, max-video-preview:-1\" \/>\n<link rel=\"canonical\" href=\"https:\/\/petproducts.com.cn\/pt\/produto\/dog-carrying-bag-factory-dog-travel-carrier-bag\/\" \/>\n<meta property=\"og:locale\" content=\"pt_PT\" \/>\n<meta property=\"og:type\" content=\"article\" \/>\n<meta property=\"og:title\" content=\"dog carrying bag | Factory Dog Travel Carrier Bag - Petstar\" \/>\n<meta property=\"og:description\" content=\"Explore dog carrying bag,best dog carrier,dog travel bag from the manufacturer. Your ideal business solution with Petstar.\" \/>\n<meta property=\"og:url\" content=\"https:\/\/petproducts.com.cn\/pt\/produto\/dog-carrying-bag-factory-dog-travel-carrier-bag\/\" \/>\n<meta property=\"og:site_name\" content=\"Petstar\" \/>\n<meta property=\"article:modified_time\" content=\"2024-04-23T07:54:27+00:00\" \/>\n<meta property=\"og:image\" content=\"https:\/\/petproducts.com.cn\/wp-content\/uploads\/2024\/04\/dog-carrying-bag.webp\" \/>\n\t<meta property=\"og:image:width\" content=\"1000\" \/>\n\t<meta property=\"og:image:height\" content=\"1000\" \/>\n\t<meta property=\"og:image:type\" content=\"image\/webp\" \/>\n<meta name=\"twitter:card\" content=\"summary_large_image\" \/>\n<meta name=\"twitter:label1\" content=\"Tempo estimado de leitura\" \/>\n\t<meta name=\"twitter:data1\" content=\"1 minuto\" \/>\n<script type=\"application\/ld+json\" class=\"yoast-schema-graph\">{\"@context\":\"https:\/\/schema.org\",\"@graph\":[{\"@type\":\"WebPage\",\"@id\":\"https:\/\/petproducts.com.cn\/product\/dog-carrying-bag-factory-dog-travel-carrier-bag\/\",\"url\":\"https:\/\/petproducts.com.cn\/product\/dog-carrying-bag-factory-dog-travel-carrier-bag\/\",\"name\":\"dog carrying bag | Factory Dog Travel Carrier Bag - Petstar\",\"isPartOf\":{\"@id\":\"https:\/\/petproducts.com.cn\/#website\"},\"primaryImageOfPage\":{\"@id\":\"https:\/\/petproducts.com.cn\/product\/dog-carrying-bag-factory-dog-travel-carrier-bag\/#primaryimage\"},\"image\":{\"@id\":\"https:\/\/petproducts.com.cn\/product\/dog-carrying-bag-factory-dog-travel-carrier-bag\/#primaryimage\"},\"thumbnailUrl\":\"https:\/\/petproducts.com.cn\/wp-content\/uploads\/2024\/04\/dog-carrying-bag.webp\",\"datePublished\":\"2024-04-23T07:30:53+00:00\",\"dateModified\":\"2024-04-23T07:54:27+00:00\",\"description\":\"Explore dog carrying bag,best dog carrier,dog travel bag from the manufacturer. Your ideal business solution with Petstar.\",\"breadcrumb\":{\"@id\":\"https:\/\/petproducts.com.cn\/product\/dog-carrying-bag-factory-dog-travel-carrier-bag\/#breadcrumb\"},\"inLanguage\":\"pt-PT\",\"potentialAction\":[{\"@type\":\"ReadAction\",\"target\":[\"https:\/\/petproducts.com.cn\/product\/dog-carrying-bag-factory-dog-travel-carrier-bag\/\"]}]},{\"@type\":\"ImageObject\",\"inLanguage\":\"pt-PT\",\"@id\":\"https:\/\/petproducts.com.cn\/product\/dog-carrying-bag-factory-dog-travel-carrier-bag\/#primaryimage\",\"url\":\"https:\/\/petproducts.com.cn\/wp-content\/uploads\/2024\/04\/dog-carrying-bag.webp\",\"contentUrl\":\"https:\/\/petproducts.com.cn\/wp-content\/uploads\/2024\/04\/dog-carrying-bag.webp\",\"width\":1000,\"height\":1000,\"caption\":\"dog carrying bag\"},{\"@type\":\"BreadcrumbList\",\"@id\":\"https:\/\/petproducts.com.cn\/product\/dog-carrying-bag-factory-dog-travel-carrier-bag\/#breadcrumb\",\"itemListElement\":[{\"@type\":\"ListItem\",\"position\":1,\"name\":\"HOME\",\"item\":\"https:\/\/petproducts.com.cn\/\"},{\"@type\":\"ListItem\",\"position\":2,\"name\":\"Products\",\"item\":\"https:\/\/petproducts.com.cn\/shop\/\"},{\"@type\":\"ListItem\",\"position\":3,\"name\":\"Dog Carriers &amp; Car Supplies\",\"item\":\"https:\/\/petproducts.com.cn\/product-category\/dog-carriers-car-supplies\/\"},{\"@type\":\"ListItem\",\"position\":4,\"name\":\"Dog Carrying Bag Factory Dog Travel Carrier Bag\"}]},{\"@type\":\"WebSite\",\"@id\":\"https:\/\/petproducts.com.cn\/#website\",\"url\":\"https:\/\/petproducts.com.cn\/\",\"name\":\"Petstar\",\"description\":\"Leading Pet Supplies Manufacturer &amp; OEM Pet Products Supplier\",\"publisher\":{\"@id\":\"https:\/\/petproducts.com.cn\/#organization\"},\"alternateName\":\"Petstar Pet Supplies\",\"potentialAction\":[{\"@type\":\"SearchAction\",\"target\":{\"@type\":\"EntryPoint\",\"urlTemplate\":\"https:\/\/petproducts.com.cn\/?s={search_term_string}\"},\"query-input\":{\"@type\":\"PropertyValueSpecification\",\"valueRequired\":true,\"valueName\":\"search_term_string\"}}],\"inLanguage\":\"pt-PT\"},{\"@type\":\"Organization\",\"@id\":\"https:\/\/petproducts.com.cn\/#organization\",\"name\":\"Petstar\",\"url\":\"https:\/\/petproducts.com.cn\/\",\"logo\":{\"@type\":\"ImageObject\",\"inLanguage\":\"pt-PT\",\"@id\":\"https:\/\/petproducts.com.cn\/#\/schema\/logo\/image\/\",\"url\":\"https:\/\/petproducts.com.cn\/wp-content\/uploads\/2020\/02\/petstar-logo.webp\",\"contentUrl\":\"https:\/\/petproducts.com.cn\/wp-content\/uploads\/2020\/02\/petstar-logo.webp\",\"width\":779,\"height\":520,\"caption\":\"Petstar\"},\"image\":{\"@id\":\"https:\/\/petproducts.com.cn\/#\/schema\/logo\/image\/\"}}]}<\/script>\n<!-- \/ Yoast SEO plugin. -->","yoast_head_json":{"title":"saco de transporte para c\u00e3es | Saco de transporte para c\u00e3es de f\u00e1brica - Petstar","description":"Explorar saco de transporte para c\u00e3es, melhor transportador para c\u00e3es, saco de viagem para c\u00e3es do fabricante. A sua solu\u00e7\u00e3o de neg\u00f3cio ideal com Petstar.","robots":{"index":"index","follow":"follow","max-snippet":"max-snippet:-1","max-image-preview":"max-image-preview:large","max-video-preview":"max-video-preview:-1"},"canonical":"https:\/\/petproducts.com.cn\/pt\/produto\/dog-carrying-bag-factory-dog-travel-carrier-bag\/","og_locale":"pt_PT","og_type":"article","og_title":"dog carrying bag | Factory Dog Travel Carrier Bag - Petstar","og_description":"Explore dog carrying bag,best dog carrier,dog travel bag from the manufacturer. Your ideal business solution with Petstar.","og_url":"https:\/\/petproducts.com.cn\/pt\/produto\/dog-carrying-bag-factory-dog-travel-carrier-bag\/","og_site_name":"Petstar","article_modified_time":"2024-04-23T07:54:27+00:00","og_image":[{"width":1000,"height":1000,"url":"https:\/\/petproducts.com.cn\/wp-content\/uploads\/2024\/04\/dog-carrying-bag.webp","type":"image\/webp"}],"twitter_card":"summary_large_image","twitter_misc":{"Tempo estimado de leitura":"1 minuto"},"schema":{"@context":"https:\/\/schema.org","@graph":[{"@type":"WebPage","@id":"https:\/\/petproducts.com.cn\/product\/dog-carrying-bag-factory-dog-travel-carrier-bag\/","url":"https:\/\/petproducts.com.cn\/product\/dog-carrying-bag-factory-dog-travel-carrier-bag\/","name":"saco de transporte para c\u00e3es | Saco de transporte para c\u00e3es de f\u00e1brica - Petstar","isPartOf":{"@id":"https:\/\/petproducts.com.cn\/#website"},"primaryImageOfPage":{"@id":"https:\/\/petproducts.com.cn\/product\/dog-carrying-bag-factory-dog-travel-carrier-bag\/#primaryimage"},"image":{"@id":"https:\/\/petproducts.com.cn\/product\/dog-carrying-bag-factory-dog-travel-carrier-bag\/#primaryimage"},"thumbnailUrl":"https:\/\/petproducts.com.cn\/wp-content\/uploads\/2024\/04\/dog-carrying-bag.webp","datePublished":"2024-04-23T07:30:53+00:00","dateModified":"2024-04-23T07:54:27+00:00","description":"Explorar saco de transporte para c\u00e3es, melhor transportador para c\u00e3es, saco de viagem para c\u00e3es do fabricante. A sua solu\u00e7\u00e3o de neg\u00f3cio ideal com Petstar.","breadcrumb":{"@id":"https:\/\/petproducts.com.cn\/product\/dog-carrying-bag-factory-dog-travel-carrier-bag\/#breadcrumb"},"inLanguage":"pt-PT","potentialAction":[{"@type":"ReadAction","target":["https:\/\/petproducts.com.cn\/product\/dog-carrying-bag-factory-dog-travel-carrier-bag\/"]}]},{"@type":"ImageObject","inLanguage":"pt-PT","@id":"https:\/\/petproducts.com.cn\/product\/dog-carrying-bag-factory-dog-travel-carrier-bag\/#primaryimage","url":"https:\/\/petproducts.com.cn\/wp-content\/uploads\/2024\/04\/dog-carrying-bag.webp","contentUrl":"https:\/\/petproducts.com.cn\/wp-content\/uploads\/2024\/04\/dog-carrying-bag.webp","width":1000,"height":1000,"caption":"dog carrying bag"},{"@type":"BreadcrumbList","@id":"https:\/\/petproducts.com.cn\/product\/dog-carrying-bag-factory-dog-travel-carrier-bag\/#breadcrumb","itemListElement":[{"@type":"ListItem","position":1,"name":"HOME","item":"https:\/\/petproducts.com.cn\/"},{"@type":"ListItem","position":2,"name":"Products","item":"https:\/\/petproducts.com.cn\/shop\/"},{"@type":"ListItem","position":3,"name":"Dog Carriers &amp; Car Supplies","item":"https:\/\/petproducts.com.cn\/product-category\/dog-carriers-car-supplies\/"},{"@type":"ListItem","position":4,"name":"Dog Carrying Bag Factory Dog Travel Carrier Bag"}]},{"@type":"WebSite","@id":"https:\/\/petproducts.com.cn\/#website","url":"https:\/\/petproducts.com.cn\/","name":"Petstar","description":"Fabricante l\u00edder de artigos para animais de estima\u00e7\u00e3o e fornecedor de produtos OEM para animais de estima\u00e7\u00e3o","publisher":{"@id":"https:\/\/petproducts.com.cn\/#organization"},"alternateName":"Petstar Pet Supplies","potentialAction":[{"@type":"SearchAction","target":{"@type":"EntryPoint","urlTemplate":"https:\/\/petproducts.com.cn\/?s={search_term_string}"},"query-input":{"@type":"PropertyValueSpecification","valueRequired":true,"valueName":"search_term_string"}}],"inLanguage":"pt-PT"},{"@type":"Organization","@id":"https:\/\/petproducts.com.cn\/#organization","name":"Petstar","url":"https:\/\/petproducts.com.cn\/","logo":{"@type":"ImageObject","inLanguage":"pt-PT","@id":"https:\/\/petproducts.com.cn\/#\/schema\/logo\/image\/","url":"https:\/\/petproducts.com.cn\/wp-content\/uploads\/2020\/02\/petstar-logo.webp","contentUrl":"https:\/\/petproducts.com.cn\/wp-content\/uploads\/2020\/02\/petstar-logo.webp","width":779,"height":520,"caption":"Petstar"},"image":{"@id":"https:\/\/petproducts.com.cn\/#\/schema\/logo\/image\/"}}]}},"_links":{"self":[{"href":"https:\/\/petproducts.com.cn\/pt\/wp-json\/wp\/v2\/product\/22534","targetHints":{"allow":["GET"]}}],"collection":[{"href":"https:\/\/petproducts.com.cn\/pt\/wp-json\/wp\/v2\/product"}],"about":[{"href":"https:\/\/petproducts.com.cn\/pt\/wp-json\/wp\/v2\/types\/product"}],"version-history":[{"count":3,"href":"https:\/\/petproducts.com.cn\/pt\/wp-json\/wp\/v2\/product\/22534\/revisions"}],"predecessor-version":[{"id":22543,"href":"https:\/\/petproducts.com.cn\/pt\/wp-json\/wp\/v2\/product\/22534\/revisions\/22543"}],"wp:featuredmedia":[{"embeddable":true,"href":"https:\/\/petproducts.com.cn\/pt\/wp-json\/wp\/v2\/media\/22537"}],"wp:attachment":[{"href":"https:\/\/petproducts.com.cn\/pt\/wp-json\/wp\/v2\/media?parent=22534"}],"wp:term":[{"taxonomy":"product_brand","embeddable":true,"href":"https:\/\/petproducts.com.cn\/pt\/wp-json\/wp\/v2\/product_brand?post=22534"},{"taxonomy":"product_cat","embeddable":true,"href":"https:\/\/petproducts.com.cn\/pt\/wp-json\/wp\/v2\/product_cat?post=22534"},{"taxonomy":"product_tag","embeddable":true,"href":"https:\/\/petproducts.com.cn\/pt\/wp-json\/wp\/v2\/product_tag?post=22534"}],"curies":[{"name":"wp","href":"https:\/\/api.w.org\/{rel}","templated":true}]}}