{"id":22895,"date":"2024-04-28T02:51:56","date_gmt":"2024-04-28T02:51:56","guid":{"rendered":"https:\/\/petproducts.com.cn\/?post_type=product&#038;p=22895"},"modified":"2024-08-26T05:23:08","modified_gmt":"2024-08-26T05:23:08","slug":"cooling-cat-dog-shirt-blue-soft-pet-dog-apparel","status":"publish","type":"product","link":"https:\/\/petproducts.com.cn\/pt\/product\/cooling-cat-dog-shirt-blue-soft-pet-dog-apparel\/","title":{"rendered":"Camisa refrigerando do c\u00e3o do gato azul macio vestu\u00e1rio do c\u00e3o de estima\u00e7\u00e3o"},"content":{"rendered":"<h2><strong>Carater\u00edsticas da camisola Cooling Cat Dog<\/strong><\/h2>\n<p><strong>1. Tecnologia de arrefecimento eficaz<\/strong> A camisola de arrefecimento para c\u00e3es gatos mant\u00e9m o seu animal de estima\u00e7\u00e3o fresco mesmo nos dias mais quentes. Com uma tecnologia de arrefecimento inovadora, este vestu\u00e1rio azul para c\u00e3es regula a temperatura e evita o sobreaquecimento. Voc\u00ea e o seu c\u00e3o podem desfrutar de actividades ao ar livre sem o desconforto do calor.<\/p>\n<p><strong>2. Tecido de malha respir\u00e1vel<\/strong> O nosso vestu\u00e1rio azul para c\u00e3es \u00e9 fabricado com tecido de malha respir\u00e1vel. Este design promove o fluxo de ar, permitindo que o seu animal de estima\u00e7\u00e3o se mantenha fresco e confort\u00e1vel. O tecido respir\u00e1vel reduz o risco de sobreaquecimento, tornando esta camisola refrescante para animais de estima\u00e7\u00e3o ideal para o ver\u00e3o.<\/p>\n<p><strong>3. Design suave e confort\u00e1vel<\/strong> O vestu\u00e1rio macio para animais de estima\u00e7\u00e3o \u00e9 fabricado com materiais de alta qualidade que s\u00e3o suaves para a pele do seu animal de estima\u00e7\u00e3o. Tem uma textura suave que proporciona um ajuste confort\u00e1vel sem irrita\u00e7\u00e3o. O vestu\u00e1rio macio para animais de estima\u00e7\u00e3o garante que o seu c\u00e3o pode brincar e movimentar-se sem quaisquer restri\u00e7\u00f5es.<\/p>\n<p><strong>4. Perfeito para o ver\u00e3o<\/strong> As roupas refrescantes para c\u00e3es fazem parte da nossa s\u00e9rie de ver\u00e3o, concebida para manter o seu c\u00e3o fresco e feliz. O tecido leve \u00e9 ideal para o tempo quente, garantindo que o seu c\u00e3o n\u00e3o sobreaquece. Pode utiliz\u00e1-lo para passeios, caminhadas ou quaisquer actividades ao ar livre durante o ver\u00e3o.<\/p>\n<p><strong>5. Design elegante em azul<\/strong> A nossa t-shirt para gatos refrescantes apresenta um design azul elegante que fica bem em qualquer c\u00e3o. A cor vibrante destaca-se, fazendo com que o seu animal de estima\u00e7\u00e3o fique ainda mais giro. Este vestu\u00e1rio azul para c\u00e3es combina funcionalidade e estilo, dando ao seu c\u00e3o o melhor de dois mundos.<\/p>","protected":false},"excerpt":{"rendered":"<p>N\u00f3s somos um fabricante de roupas para animais de estima\u00e7\u00e3o com mais de 20 anos de experi\u00eancia. Oferecemos op\u00e7\u00f5es de personaliza\u00e7\u00e3o para cor, tamanho, tecido, padr\u00e3o, log\u00f3tipo e outras carater\u00edsticas.<\/p>","protected":false},"featured_media":22900,"template":"","meta":{"_acf_changed":false},"product_brand":[],"product_cat":[135,71,49,72],"product_tag":[217,218],"class_list":{"0":"post-22895","1":"product","2":"type-product","3":"status-publish","4":"has-post-thumbnail","6":"product_cat-cat-apparel-accessories","7":"product_cat-cat-supplies","8":"product_cat-dog-apparel-accessories","9":"product_cat-dog-supplies","10":"product_tag-pet-clothes","11":"product_tag-pet-vests-t-shirts","13":"first","14":"instock","15":"shipping-taxable","16":"product-type-simple"},"acf":[],"yoast_head":"<!-- This site is optimized with the Yoast SEO plugin v27.1.1 - https:\/\/yoast.com\/product\/yoast-seo-wordpress\/ -->\n<title>Cooling Cat Dog Shirt | Soft Pet Apparel Manufacturer - Petstar<\/title>\n<meta name=\"description\" content=\"Explore cooling cat dog shirt, blue dog apparel, soft pet apparel directly from the manufacturer. Your ideal business solution with Petstar.\" \/>\n<meta name=\"robots\" content=\"index, follow, max-snippet:-1, max-image-preview:large, max-video-preview:-1\" \/>\n<link rel=\"canonical\" href=\"https:\/\/petproducts.com.cn\/pt\/produto\/cooling-cat-dog-shirt-blue-soft-pet-dog-apparel\/\" \/>\n<meta property=\"og:locale\" content=\"pt_PT\" \/>\n<meta property=\"og:type\" content=\"article\" \/>\n<meta property=\"og:title\" content=\"Cooling Cat Dog Shirt | Soft Pet Apparel Manufacturer - Petstar\" \/>\n<meta property=\"og:description\" content=\"Explore cooling cat dog shirt, blue dog apparel, soft pet apparel directly from the manufacturer. Your ideal business solution with Petstar.\" \/>\n<meta property=\"og:url\" content=\"https:\/\/petproducts.com.cn\/pt\/produto\/cooling-cat-dog-shirt-blue-soft-pet-dog-apparel\/\" \/>\n<meta property=\"og:site_name\" content=\"Petstar\" \/>\n<meta property=\"article:modified_time\" content=\"2024-08-26T05:23:08+00:00\" \/>\n<meta property=\"og:image\" content=\"https:\/\/petproducts.com.cn\/wp-content\/uploads\/2024\/04\/Cooling-Dog-Shirt.webp\" \/>\n\t<meta property=\"og:image:width\" content=\"1000\" \/>\n\t<meta property=\"og:image:height\" content=\"1000\" \/>\n\t<meta property=\"og:image:type\" content=\"image\/webp\" \/>\n<meta name=\"twitter:card\" content=\"summary_large_image\" \/>\n<meta name=\"twitter:label1\" content=\"Tempo estimado de leitura\" \/>\n\t<meta name=\"twitter:data1\" content=\"2 minutos\" \/>\n<script type=\"application\/ld+json\" class=\"yoast-schema-graph\">{\"@context\":\"https:\/\/schema.org\",\"@graph\":[{\"@type\":\"WebPage\",\"@id\":\"https:\/\/petproducts.com.cn\/product\/cooling-cat-dog-shirt-blue-soft-pet-dog-apparel\/\",\"url\":\"https:\/\/petproducts.com.cn\/product\/cooling-cat-dog-shirt-blue-soft-pet-dog-apparel\/\",\"name\":\"Cooling Cat Dog Shirt | Soft Pet Apparel Manufacturer - Petstar\",\"isPartOf\":{\"@id\":\"https:\/\/petproducts.com.cn\/#website\"},\"primaryImageOfPage\":{\"@id\":\"https:\/\/petproducts.com.cn\/product\/cooling-cat-dog-shirt-blue-soft-pet-dog-apparel\/#primaryimage\"},\"image\":{\"@id\":\"https:\/\/petproducts.com.cn\/product\/cooling-cat-dog-shirt-blue-soft-pet-dog-apparel\/#primaryimage\"},\"thumbnailUrl\":\"https:\/\/petproducts.com.cn\/wp-content\/uploads\/2024\/04\/Cooling-Dog-Shirt.webp\",\"datePublished\":\"2024-04-28T02:51:56+00:00\",\"dateModified\":\"2024-08-26T05:23:08+00:00\",\"description\":\"Explore cooling cat dog shirt, blue dog apparel, soft pet apparel directly from the manufacturer. Your ideal business solution with Petstar.\",\"breadcrumb\":{\"@id\":\"https:\/\/petproducts.com.cn\/product\/cooling-cat-dog-shirt-blue-soft-pet-dog-apparel\/#breadcrumb\"},\"inLanguage\":\"pt-PT\",\"potentialAction\":[{\"@type\":\"ReadAction\",\"target\":[\"https:\/\/petproducts.com.cn\/product\/cooling-cat-dog-shirt-blue-soft-pet-dog-apparel\/\"]}]},{\"@type\":\"ImageObject\",\"inLanguage\":\"pt-PT\",\"@id\":\"https:\/\/petproducts.com.cn\/product\/cooling-cat-dog-shirt-blue-soft-pet-dog-apparel\/#primaryimage\",\"url\":\"https:\/\/petproducts.com.cn\/wp-content\/uploads\/2024\/04\/Cooling-Dog-Shirt.webp\",\"contentUrl\":\"https:\/\/petproducts.com.cn\/wp-content\/uploads\/2024\/04\/Cooling-Dog-Shirt.webp\",\"width\":1000,\"height\":1000,\"caption\":\"Cooling Cat Dog Shirt\"},{\"@type\":\"BreadcrumbList\",\"@id\":\"https:\/\/petproducts.com.cn\/product\/cooling-cat-dog-shirt-blue-soft-pet-dog-apparel\/#breadcrumb\",\"itemListElement\":[{\"@type\":\"ListItem\",\"position\":1,\"name\":\"HOME\",\"item\":\"https:\/\/petproducts.com.cn\/\"},{\"@type\":\"ListItem\",\"position\":2,\"name\":\"Products\",\"item\":\"https:\/\/petproducts.com.cn\/shop\/\"},{\"@type\":\"ListItem\",\"position\":3,\"name\":\"Dog Apparel &amp; Accessories\",\"item\":\"https:\/\/petproducts.com.cn\/product-category\/dog-apparel-accessories\/\"},{\"@type\":\"ListItem\",\"position\":4,\"name\":\"Cooling Cat Dog Shirt Blue Soft Pet Dog Apparel\"}]},{\"@type\":\"WebSite\",\"@id\":\"https:\/\/petproducts.com.cn\/#website\",\"url\":\"https:\/\/petproducts.com.cn\/\",\"name\":\"Petstar\",\"description\":\"Leading Pet Supplies Manufacturer &amp; OEM Pet Products Supplier\",\"publisher\":{\"@id\":\"https:\/\/petproducts.com.cn\/#organization\"},\"alternateName\":\"Petstar Pet Supplies\",\"potentialAction\":[{\"@type\":\"SearchAction\",\"target\":{\"@type\":\"EntryPoint\",\"urlTemplate\":\"https:\/\/petproducts.com.cn\/?s={search_term_string}\"},\"query-input\":{\"@type\":\"PropertyValueSpecification\",\"valueRequired\":true,\"valueName\":\"search_term_string\"}}],\"inLanguage\":\"pt-PT\"},{\"@type\":\"Organization\",\"@id\":\"https:\/\/petproducts.com.cn\/#organization\",\"name\":\"Petstar\",\"url\":\"https:\/\/petproducts.com.cn\/\",\"logo\":{\"@type\":\"ImageObject\",\"inLanguage\":\"pt-PT\",\"@id\":\"https:\/\/petproducts.com.cn\/#\/schema\/logo\/image\/\",\"url\":\"https:\/\/petproducts.com.cn\/wp-content\/uploads\/2020\/02\/petstar-logo.webp\",\"contentUrl\":\"https:\/\/petproducts.com.cn\/wp-content\/uploads\/2020\/02\/petstar-logo.webp\",\"width\":779,\"height\":520,\"caption\":\"Petstar\"},\"image\":{\"@id\":\"https:\/\/petproducts.com.cn\/#\/schema\/logo\/image\/\"}}]}<\/script>\n<!-- \/ Yoast SEO plugin. -->","yoast_head_json":{"title":"Camisola de arrefecimento para c\u00e3es e gatos | Vestu\u00e1rio macio para animais de estima\u00e7\u00e3o Fabricante - Petstar","description":"Explore a camisola de c\u00e3o para gatos, roupa de c\u00e3o azul, roupa macia para animais de estima\u00e7\u00e3o diretamente do fabricante. A sua solu\u00e7\u00e3o comercial ideal com Petstar.","robots":{"index":"index","follow":"follow","max-snippet":"max-snippet:-1","max-image-preview":"max-image-preview:large","max-video-preview":"max-video-preview:-1"},"canonical":"https:\/\/petproducts.com.cn\/pt\/produto\/cooling-cat-dog-shirt-blue-soft-pet-dog-apparel\/","og_locale":"pt_PT","og_type":"article","og_title":"Cooling Cat Dog Shirt | Soft Pet Apparel Manufacturer - Petstar","og_description":"Explore cooling cat dog shirt, blue dog apparel, soft pet apparel directly from the manufacturer. Your ideal business solution with Petstar.","og_url":"https:\/\/petproducts.com.cn\/pt\/produto\/cooling-cat-dog-shirt-blue-soft-pet-dog-apparel\/","og_site_name":"Petstar","article_modified_time":"2024-08-26T05:23:08+00:00","og_image":[{"width":1000,"height":1000,"url":"https:\/\/petproducts.com.cn\/wp-content\/uploads\/2024\/04\/Cooling-Dog-Shirt.webp","type":"image\/webp"}],"twitter_card":"summary_large_image","twitter_misc":{"Tempo estimado de leitura":"2 minutos"},"schema":{"@context":"https:\/\/schema.org","@graph":[{"@type":"WebPage","@id":"https:\/\/petproducts.com.cn\/product\/cooling-cat-dog-shirt-blue-soft-pet-dog-apparel\/","url":"https:\/\/petproducts.com.cn\/product\/cooling-cat-dog-shirt-blue-soft-pet-dog-apparel\/","name":"Camisola de arrefecimento para c\u00e3es e gatos | Vestu\u00e1rio macio para animais de estima\u00e7\u00e3o Fabricante - Petstar","isPartOf":{"@id":"https:\/\/petproducts.com.cn\/#website"},"primaryImageOfPage":{"@id":"https:\/\/petproducts.com.cn\/product\/cooling-cat-dog-shirt-blue-soft-pet-dog-apparel\/#primaryimage"},"image":{"@id":"https:\/\/petproducts.com.cn\/product\/cooling-cat-dog-shirt-blue-soft-pet-dog-apparel\/#primaryimage"},"thumbnailUrl":"https:\/\/petproducts.com.cn\/wp-content\/uploads\/2024\/04\/Cooling-Dog-Shirt.webp","datePublished":"2024-04-28T02:51:56+00:00","dateModified":"2024-08-26T05:23:08+00:00","description":"Explore a camisola de c\u00e3o para gatos, roupa de c\u00e3o azul, roupa macia para animais de estima\u00e7\u00e3o diretamente do fabricante. A sua solu\u00e7\u00e3o comercial ideal com Petstar.","breadcrumb":{"@id":"https:\/\/petproducts.com.cn\/product\/cooling-cat-dog-shirt-blue-soft-pet-dog-apparel\/#breadcrumb"},"inLanguage":"pt-PT","potentialAction":[{"@type":"ReadAction","target":["https:\/\/petproducts.com.cn\/product\/cooling-cat-dog-shirt-blue-soft-pet-dog-apparel\/"]}]},{"@type":"ImageObject","inLanguage":"pt-PT","@id":"https:\/\/petproducts.com.cn\/product\/cooling-cat-dog-shirt-blue-soft-pet-dog-apparel\/#primaryimage","url":"https:\/\/petproducts.com.cn\/wp-content\/uploads\/2024\/04\/Cooling-Dog-Shirt.webp","contentUrl":"https:\/\/petproducts.com.cn\/wp-content\/uploads\/2024\/04\/Cooling-Dog-Shirt.webp","width":1000,"height":1000,"caption":"Cooling Cat Dog Shirt"},{"@type":"BreadcrumbList","@id":"https:\/\/petproducts.com.cn\/product\/cooling-cat-dog-shirt-blue-soft-pet-dog-apparel\/#breadcrumb","itemListElement":[{"@type":"ListItem","position":1,"name":"HOME","item":"https:\/\/petproducts.com.cn\/"},{"@type":"ListItem","position":2,"name":"Products","item":"https:\/\/petproducts.com.cn\/shop\/"},{"@type":"ListItem","position":3,"name":"Dog Apparel &amp; Accessories","item":"https:\/\/petproducts.com.cn\/product-category\/dog-apparel-accessories\/"},{"@type":"ListItem","position":4,"name":"Cooling Cat Dog Shirt Blue Soft Pet Dog Apparel"}]},{"@type":"WebSite","@id":"https:\/\/petproducts.com.cn\/#website","url":"https:\/\/petproducts.com.cn\/","name":"Petstar","description":"Fabricante l\u00edder de artigos para animais de estima\u00e7\u00e3o e fornecedor de produtos OEM para animais de estima\u00e7\u00e3o","publisher":{"@id":"https:\/\/petproducts.com.cn\/#organization"},"alternateName":"Petstar Pet Supplies","potentialAction":[{"@type":"SearchAction","target":{"@type":"EntryPoint","urlTemplate":"https:\/\/petproducts.com.cn\/?s={search_term_string}"},"query-input":{"@type":"PropertyValueSpecification","valueRequired":true,"valueName":"search_term_string"}}],"inLanguage":"pt-PT"},{"@type":"Organization","@id":"https:\/\/petproducts.com.cn\/#organization","name":"Petstar","url":"https:\/\/petproducts.com.cn\/","logo":{"@type":"ImageObject","inLanguage":"pt-PT","@id":"https:\/\/petproducts.com.cn\/#\/schema\/logo\/image\/","url":"https:\/\/petproducts.com.cn\/wp-content\/uploads\/2020\/02\/petstar-logo.webp","contentUrl":"https:\/\/petproducts.com.cn\/wp-content\/uploads\/2020\/02\/petstar-logo.webp","width":779,"height":520,"caption":"Petstar"},"image":{"@id":"https:\/\/petproducts.com.cn\/#\/schema\/logo\/image\/"}}]}},"_links":{"self":[{"href":"https:\/\/petproducts.com.cn\/pt\/wp-json\/wp\/v2\/product\/22895","targetHints":{"allow":["GET"]}}],"collection":[{"href":"https:\/\/petproducts.com.cn\/pt\/wp-json\/wp\/v2\/product"}],"about":[{"href":"https:\/\/petproducts.com.cn\/pt\/wp-json\/wp\/v2\/types\/product"}],"version-history":[{"count":3,"href":"https:\/\/petproducts.com.cn\/pt\/wp-json\/wp\/v2\/product\/22895\/revisions"}],"predecessor-version":[{"id":22904,"href":"https:\/\/petproducts.com.cn\/pt\/wp-json\/wp\/v2\/product\/22895\/revisions\/22904"}],"wp:featuredmedia":[{"embeddable":true,"href":"https:\/\/petproducts.com.cn\/pt\/wp-json\/wp\/v2\/media\/22900"}],"wp:attachment":[{"href":"https:\/\/petproducts.com.cn\/pt\/wp-json\/wp\/v2\/media?parent=22895"}],"wp:term":[{"taxonomy":"product_brand","embeddable":true,"href":"https:\/\/petproducts.com.cn\/pt\/wp-json\/wp\/v2\/product_brand?post=22895"},{"taxonomy":"product_cat","embeddable":true,"href":"https:\/\/petproducts.com.cn\/pt\/wp-json\/wp\/v2\/product_cat?post=22895"},{"taxonomy":"product_tag","embeddable":true,"href":"https:\/\/petproducts.com.cn\/pt\/wp-json\/wp\/v2\/product_tag?post=22895"}],"curies":[{"name":"wp","href":"https:\/\/api.w.org\/{rel}","templated":true}]}}