{"id":23194,"date":"2024-05-09T02:08:26","date_gmt":"2024-05-09T02:08:26","guid":{"rendered":"https:\/\/petproducts.com.cn\/?post_type=product&#038;p=23194"},"modified":"2024-05-09T02:25:36","modified_gmt":"2024-05-09T02:25:36","slug":"pea-cat-litter-flushable-plant-tofu-cat-litter","status":"publish","type":"product","link":"https:\/\/petproducts.com.cn\/pt\/product\/pea-cat-litter-flushable-plant-tofu-cat-litter\/","title":{"rendered":"Maca de gato de ervilha, planta lav\u00e1vel, tofu, maca de gato"},"content":{"rendered":"<h2><strong>Carater\u00edsticas da areia para gatos Pea<\/strong><\/h2>\n<p><strong>1. Fabricado com fibra de ervilha biodegrad\u00e1vel 100%<\/strong> A nossa areia de ervilha para gatos \u00e9 feita de fibra de ervilha natural 100%, proporcionando uma op\u00e7\u00e3o de areia ecol\u00f3gica e biodegrad\u00e1vel. Esta areia vegetal \u00e9 sustent\u00e1vel e compost\u00e1vel, reduzindo o impacto ambiental. Ao escolher esta areia de tofu lav\u00e1vel para gatos, est\u00e1 a fazer uma escolha ecol\u00f3gica para o seu gato e para o planeta.<\/p>\n<p><strong>2. De qualidade alimentar e seguro para gatos<\/strong> Esta areia de tofu lav\u00e1vel para gatos \u00e9 fabricada a partir de materiais de qualidade alimentar, garantindo que \u00e9 segura para o seu gato. A f\u00f3rmula n\u00e3o t\u00f3xica reduz o risco de danos em caso de ingest\u00e3o, dando-lhe paz de esp\u00edrito. Com esta areia de fibra de ervilha para gatos, oferece ao seu animal de estima\u00e7\u00e3o um ambiente seguro e saud\u00e1vel.<\/p>\n<p><strong>3. Super Absor\u00e7\u00e3o para uma caixa de areia seca<\/strong> A areia vegetal tem uma elevada taxa de absor\u00e7\u00e3o, absorvendo rapidamente a humidade para manter a caixa de areia seca. Esta super absor\u00e7\u00e3o evita que a areia fique encharcada e ajuda a controlar os odores. Com esta areia para animais de estima\u00e7\u00e3o em forma de ervilha, pode manter uma caixa de areia limpa e sem odores com facilidade.<\/p>\n<p><strong>4. Lav\u00e1vel para uma elimina\u00e7\u00e3o f\u00e1cil<\/strong> A nossa areia de tofu para gatos com descarga pode ser despejada com seguran\u00e7a na sanita, oferecendo um m\u00e9todo de elimina\u00e7\u00e3o conveniente. Esta carater\u00edstica elimina a necessidade de sacos de pl\u00e1stico e reduz os res\u00edduos, tornando a limpeza muito f\u00e1cil. Com esta areia vegetal, simplifica a manuten\u00e7\u00e3o da caixa de areia e minimiza a sua pegada ambiental.<\/p>\n<p><strong>5. Aglomera\u00e7\u00e3o r\u00e1pida para facilitar a recolha<\/strong> A areia de tofu para gatos forma aglomerados r\u00e1pidos e duros em contacto com a humidade, tornando-a f\u00e1cil de recolher e limpar. Os aglomerados fortes n\u00e3o se desfazem, permitindo uma remo\u00e7\u00e3o r\u00e1pida e sem complica\u00e7\u00f5es dos res\u00edduos. Com esta areia de tofu lav\u00e1vel para gatos, pode limpar a caixa de areia de forma eficiente.<\/p>\n<p>&nbsp;<\/p>\n<p>&nbsp;<\/p>","protected":false},"excerpt":{"rendered":"<p>N\u00f3s somos um fabricante de areia para gatos com mais de 20 anos de experi\u00eancia. Oferecemos op\u00e7\u00f5es de personaliza\u00e7\u00e3o para cor, tamanho, tecido, padr\u00e3o, log\u00f3tipo e outras caracter\u00edsticas.<\/p>","protected":false},"featured_media":23199,"template":"","meta":{"_acf_changed":false},"product_brand":[],"product_cat":[138,71],"product_tag":[141],"class_list":{"0":"post-23194","1":"product","2":"type-product","3":"status-publish","4":"has-post-thumbnail","6":"product_cat-cat-litter-accessories","7":"product_cat-cat-supplies","8":"product_tag-cat-litter-accessories","10":"first","11":"instock","12":"shipping-taxable","13":"product-type-simple"},"acf":[],"yoast_head":"<!-- This site is optimized with the Yoast SEO plugin v27.1.1 - https:\/\/yoast.com\/product\/yoast-seo-wordpress\/ -->\n<title>Pea Cat Litter Factory | Tofu Cat Litter Manufacturer - Petstar<\/title>\n<meta name=\"description\" content=\"Explore pea cat litter, flushable tofu cat litter, plant litter directly from the manufacturer. Your ideal business solution with Petstar.\" \/>\n<meta name=\"robots\" content=\"index, follow, max-snippet:-1, max-image-preview:large, max-video-preview:-1\" \/>\n<link rel=\"canonical\" href=\"https:\/\/petproducts.com.cn\/pt\/produto\/pea-cat-litter-flushable-plant-tofu-cat-litter\/\" \/>\n<meta property=\"og:locale\" content=\"pt_PT\" \/>\n<meta property=\"og:type\" content=\"article\" \/>\n<meta property=\"og:title\" content=\"Pea Cat Litter Factory | Tofu Cat Litter Manufacturer - Petstar\" \/>\n<meta property=\"og:description\" content=\"Explore pea cat litter, flushable tofu cat litter, plant litter directly from the manufacturer. Your ideal business solution with Petstar.\" \/>\n<meta property=\"og:url\" content=\"https:\/\/petproducts.com.cn\/pt\/produto\/pea-cat-litter-flushable-plant-tofu-cat-litter\/\" \/>\n<meta property=\"og:site_name\" content=\"Petstar\" \/>\n<meta property=\"article:modified_time\" content=\"2024-05-09T02:25:36+00:00\" \/>\n<meta property=\"og:image\" content=\"https:\/\/petproducts.com.cn\/wp-content\/uploads\/2024\/05\/pea-cat-litter.webp\" \/>\n\t<meta property=\"og:image:width\" content=\"1000\" \/>\n\t<meta property=\"og:image:height\" content=\"1000\" \/>\n\t<meta property=\"og:image:type\" content=\"image\/webp\" \/>\n<meta name=\"twitter:card\" content=\"summary_large_image\" \/>\n<meta name=\"twitter:label1\" content=\"Tempo estimado de leitura\" \/>\n\t<meta name=\"twitter:data1\" content=\"2 minutos\" \/>\n<script type=\"application\/ld+json\" class=\"yoast-schema-graph\">{\"@context\":\"https:\/\/schema.org\",\"@graph\":[{\"@type\":\"WebPage\",\"@id\":\"https:\/\/petproducts.com.cn\/product\/pea-cat-litter-flushable-plant-tofu-cat-litter\/\",\"url\":\"https:\/\/petproducts.com.cn\/product\/pea-cat-litter-flushable-plant-tofu-cat-litter\/\",\"name\":\"Pea Cat Litter Factory | Tofu Cat Litter Manufacturer - Petstar\",\"isPartOf\":{\"@id\":\"https:\/\/petproducts.com.cn\/#website\"},\"primaryImageOfPage\":{\"@id\":\"https:\/\/petproducts.com.cn\/product\/pea-cat-litter-flushable-plant-tofu-cat-litter\/#primaryimage\"},\"image\":{\"@id\":\"https:\/\/petproducts.com.cn\/product\/pea-cat-litter-flushable-plant-tofu-cat-litter\/#primaryimage\"},\"thumbnailUrl\":\"https:\/\/petproducts.com.cn\/wp-content\/uploads\/2024\/05\/pea-cat-litter.webp\",\"datePublished\":\"2024-05-09T02:08:26+00:00\",\"dateModified\":\"2024-05-09T02:25:36+00:00\",\"description\":\"Explore pea cat litter, flushable tofu cat litter, plant litter directly from the manufacturer. Your ideal business solution with Petstar.\",\"breadcrumb\":{\"@id\":\"https:\/\/petproducts.com.cn\/product\/pea-cat-litter-flushable-plant-tofu-cat-litter\/#breadcrumb\"},\"inLanguage\":\"pt-PT\",\"potentialAction\":[{\"@type\":\"ReadAction\",\"target\":[\"https:\/\/petproducts.com.cn\/product\/pea-cat-litter-flushable-plant-tofu-cat-litter\/\"]}]},{\"@type\":\"ImageObject\",\"inLanguage\":\"pt-PT\",\"@id\":\"https:\/\/petproducts.com.cn\/product\/pea-cat-litter-flushable-plant-tofu-cat-litter\/#primaryimage\",\"url\":\"https:\/\/petproducts.com.cn\/wp-content\/uploads\/2024\/05\/pea-cat-litter.webp\",\"contentUrl\":\"https:\/\/petproducts.com.cn\/wp-content\/uploads\/2024\/05\/pea-cat-litter.webp\",\"width\":1000,\"height\":1000,\"caption\":\"pea cat litter\"},{\"@type\":\"BreadcrumbList\",\"@id\":\"https:\/\/petproducts.com.cn\/product\/pea-cat-litter-flushable-plant-tofu-cat-litter\/#breadcrumb\",\"itemListElement\":[{\"@type\":\"ListItem\",\"position\":1,\"name\":\"HOME\",\"item\":\"https:\/\/petproducts.com.cn\/\"},{\"@type\":\"ListItem\",\"position\":2,\"name\":\"Products\",\"item\":\"https:\/\/petproducts.com.cn\/shop\/\"},{\"@type\":\"ListItem\",\"position\":3,\"name\":\"Cat Litter &amp; Accessories\",\"item\":\"https:\/\/petproducts.com.cn\/product-category\/cat-litter-accessories\/\"},{\"@type\":\"ListItem\",\"position\":4,\"name\":\"Pea Cat Litter Flushable Plant Tofu Cat Litter\"}]},{\"@type\":\"WebSite\",\"@id\":\"https:\/\/petproducts.com.cn\/#website\",\"url\":\"https:\/\/petproducts.com.cn\/\",\"name\":\"Petstar\",\"description\":\"Leading Pet Supplies Manufacturer &amp; OEM Pet Products Supplier\",\"publisher\":{\"@id\":\"https:\/\/petproducts.com.cn\/#organization\"},\"alternateName\":\"Petstar Pet Supplies\",\"potentialAction\":[{\"@type\":\"SearchAction\",\"target\":{\"@type\":\"EntryPoint\",\"urlTemplate\":\"https:\/\/petproducts.com.cn\/?s={search_term_string}\"},\"query-input\":{\"@type\":\"PropertyValueSpecification\",\"valueRequired\":true,\"valueName\":\"search_term_string\"}}],\"inLanguage\":\"pt-PT\"},{\"@type\":\"Organization\",\"@id\":\"https:\/\/petproducts.com.cn\/#organization\",\"name\":\"Petstar\",\"url\":\"https:\/\/petproducts.com.cn\/\",\"logo\":{\"@type\":\"ImageObject\",\"inLanguage\":\"pt-PT\",\"@id\":\"https:\/\/petproducts.com.cn\/#\/schema\/logo\/image\/\",\"url\":\"https:\/\/petproducts.com.cn\/wp-content\/uploads\/2020\/02\/petstar-logo.webp\",\"contentUrl\":\"https:\/\/petproducts.com.cn\/wp-content\/uploads\/2020\/02\/petstar-logo.webp\",\"width\":779,\"height\":520,\"caption\":\"Petstar\"},\"image\":{\"@id\":\"https:\/\/petproducts.com.cn\/#\/schema\/logo\/image\/\"}}]}<\/script>\n<!-- \/ Yoast SEO plugin. -->","yoast_head_json":{"title":"F\u00e1brica de areia de ervilha para gatos | Fabricante de areia de tofu para gatos - Petstar","description":"Explore a areia de ervilha para gatos, areia de tofu lav\u00e1vel para gatos, areia para plantas diretamente do fabricante. A sua solu\u00e7\u00e3o comercial ideal com Petstar.","robots":{"index":"index","follow":"follow","max-snippet":"max-snippet:-1","max-image-preview":"max-image-preview:large","max-video-preview":"max-video-preview:-1"},"canonical":"https:\/\/petproducts.com.cn\/pt\/produto\/pea-cat-litter-flushable-plant-tofu-cat-litter\/","og_locale":"pt_PT","og_type":"article","og_title":"Pea Cat Litter Factory | Tofu Cat Litter Manufacturer - Petstar","og_description":"Explore pea cat litter, flushable tofu cat litter, plant litter directly from the manufacturer. Your ideal business solution with Petstar.","og_url":"https:\/\/petproducts.com.cn\/pt\/produto\/pea-cat-litter-flushable-plant-tofu-cat-litter\/","og_site_name":"Petstar","article_modified_time":"2024-05-09T02:25:36+00:00","og_image":[{"width":1000,"height":1000,"url":"https:\/\/petproducts.com.cn\/wp-content\/uploads\/2024\/05\/pea-cat-litter.webp","type":"image\/webp"}],"twitter_card":"summary_large_image","twitter_misc":{"Tempo estimado de leitura":"2 minutos"},"schema":{"@context":"https:\/\/schema.org","@graph":[{"@type":"WebPage","@id":"https:\/\/petproducts.com.cn\/product\/pea-cat-litter-flushable-plant-tofu-cat-litter\/","url":"https:\/\/petproducts.com.cn\/product\/pea-cat-litter-flushable-plant-tofu-cat-litter\/","name":"F\u00e1brica de areia de ervilha para gatos | Fabricante de areia de tofu para gatos - Petstar","isPartOf":{"@id":"https:\/\/petproducts.com.cn\/#website"},"primaryImageOfPage":{"@id":"https:\/\/petproducts.com.cn\/product\/pea-cat-litter-flushable-plant-tofu-cat-litter\/#primaryimage"},"image":{"@id":"https:\/\/petproducts.com.cn\/product\/pea-cat-litter-flushable-plant-tofu-cat-litter\/#primaryimage"},"thumbnailUrl":"https:\/\/petproducts.com.cn\/wp-content\/uploads\/2024\/05\/pea-cat-litter.webp","datePublished":"2024-05-09T02:08:26+00:00","dateModified":"2024-05-09T02:25:36+00:00","description":"Explore a areia de ervilha para gatos, areia de tofu lav\u00e1vel para gatos, areia para plantas diretamente do fabricante. A sua solu\u00e7\u00e3o comercial ideal com Petstar.","breadcrumb":{"@id":"https:\/\/petproducts.com.cn\/product\/pea-cat-litter-flushable-plant-tofu-cat-litter\/#breadcrumb"},"inLanguage":"pt-PT","potentialAction":[{"@type":"ReadAction","target":["https:\/\/petproducts.com.cn\/product\/pea-cat-litter-flushable-plant-tofu-cat-litter\/"]}]},{"@type":"ImageObject","inLanguage":"pt-PT","@id":"https:\/\/petproducts.com.cn\/product\/pea-cat-litter-flushable-plant-tofu-cat-litter\/#primaryimage","url":"https:\/\/petproducts.com.cn\/wp-content\/uploads\/2024\/05\/pea-cat-litter.webp","contentUrl":"https:\/\/petproducts.com.cn\/wp-content\/uploads\/2024\/05\/pea-cat-litter.webp","width":1000,"height":1000,"caption":"pea cat litter"},{"@type":"BreadcrumbList","@id":"https:\/\/petproducts.com.cn\/product\/pea-cat-litter-flushable-plant-tofu-cat-litter\/#breadcrumb","itemListElement":[{"@type":"ListItem","position":1,"name":"HOME","item":"https:\/\/petproducts.com.cn\/"},{"@type":"ListItem","position":2,"name":"Products","item":"https:\/\/petproducts.com.cn\/shop\/"},{"@type":"ListItem","position":3,"name":"Cat Litter &amp; Accessories","item":"https:\/\/petproducts.com.cn\/product-category\/cat-litter-accessories\/"},{"@type":"ListItem","position":4,"name":"Pea Cat Litter Flushable Plant Tofu Cat Litter"}]},{"@type":"WebSite","@id":"https:\/\/petproducts.com.cn\/#website","url":"https:\/\/petproducts.com.cn\/","name":"Petstar","description":"Fabricante l\u00edder de artigos para animais de estima\u00e7\u00e3o e fornecedor de produtos OEM para animais de estima\u00e7\u00e3o","publisher":{"@id":"https:\/\/petproducts.com.cn\/#organization"},"alternateName":"Petstar Pet Supplies","potentialAction":[{"@type":"SearchAction","target":{"@type":"EntryPoint","urlTemplate":"https:\/\/petproducts.com.cn\/?s={search_term_string}"},"query-input":{"@type":"PropertyValueSpecification","valueRequired":true,"valueName":"search_term_string"}}],"inLanguage":"pt-PT"},{"@type":"Organization","@id":"https:\/\/petproducts.com.cn\/#organization","name":"Petstar","url":"https:\/\/petproducts.com.cn\/","logo":{"@type":"ImageObject","inLanguage":"pt-PT","@id":"https:\/\/petproducts.com.cn\/#\/schema\/logo\/image\/","url":"https:\/\/petproducts.com.cn\/wp-content\/uploads\/2020\/02\/petstar-logo.webp","contentUrl":"https:\/\/petproducts.com.cn\/wp-content\/uploads\/2020\/02\/petstar-logo.webp","width":779,"height":520,"caption":"Petstar"},"image":{"@id":"https:\/\/petproducts.com.cn\/#\/schema\/logo\/image\/"}}]}},"_links":{"self":[{"href":"https:\/\/petproducts.com.cn\/pt\/wp-json\/wp\/v2\/product\/23194","targetHints":{"allow":["GET"]}}],"collection":[{"href":"https:\/\/petproducts.com.cn\/pt\/wp-json\/wp\/v2\/product"}],"about":[{"href":"https:\/\/petproducts.com.cn\/pt\/wp-json\/wp\/v2\/types\/product"}],"version-history":[{"count":2,"href":"https:\/\/petproducts.com.cn\/pt\/wp-json\/wp\/v2\/product\/23194\/revisions"}],"predecessor-version":[{"id":23203,"href":"https:\/\/petproducts.com.cn\/pt\/wp-json\/wp\/v2\/product\/23194\/revisions\/23203"}],"wp:featuredmedia":[{"embeddable":true,"href":"https:\/\/petproducts.com.cn\/pt\/wp-json\/wp\/v2\/media\/23199"}],"wp:attachment":[{"href":"https:\/\/petproducts.com.cn\/pt\/wp-json\/wp\/v2\/media?parent=23194"}],"wp:term":[{"taxonomy":"product_brand","embeddable":true,"href":"https:\/\/petproducts.com.cn\/pt\/wp-json\/wp\/v2\/product_brand?post=23194"},{"taxonomy":"product_cat","embeddable":true,"href":"https:\/\/petproducts.com.cn\/pt\/wp-json\/wp\/v2\/product_cat?post=23194"},{"taxonomy":"product_tag","embeddable":true,"href":"https:\/\/petproducts.com.cn\/pt\/wp-json\/wp\/v2\/product_tag?post=23194"}],"curies":[{"name":"wp","href":"https:\/\/api.w.org\/{rel}","templated":true}]}}