{"id":23205,"date":"2024-05-09T02:33:39","date_gmt":"2024-05-09T02:33:39","guid":{"rendered":"https:\/\/petproducts.com.cn\/?post_type=product&#038;p=23205"},"modified":"2024-05-09T02:44:24","modified_gmt":"2024-05-09T02:44:24","slug":"plant-cat-litter-eco-friendly-tofu-pea-cat-litter","status":"publish","type":"product","link":"https:\/\/petproducts.com.cn\/pt\/product\/plant-cat-litter-eco-friendly-tofu-pea-cat-litter\/","title":{"rendered":"Maca de gato para plantas Ecologicamente correta Tofu Ervilha Maca para gatos"},"content":{"rendered":"<h2><strong>Caracter\u00edsticas da areia para gatos vegetal<\/strong><\/h2>\n<p><strong>1. 100% biodegrad\u00e1vel e ecol\u00f3gico<\/strong> Nossa areia vegetal para gatos \u00e9 feita de fibra de ervilha 100% natural, oferecendo uma solu\u00e7\u00e3o ecol\u00f3gica para as necessidades de areia do seu gato. Esta areia para gatos ervilha \u00e9 totalmente biodegrad\u00e1vel, reduzindo o impacto ambiental e contribuindo para a sustentabilidade. Com esta maca de tofu ecol\u00f3gica, voc\u00ea pode cuidar do seu gato e do planeta.<\/p>\n<p><strong>2. Qualidade alimentar para a seguran\u00e7a do seu gato<\/strong> Esta areia de tofu ecol\u00f3gica para gatos utiliza materiais de qualidade alimentar, garantindo que \u00e9 segura para o seu gato. A f\u00f3rmula n\u00e3o t\u00f3xica significa que mesmo que o seu gato ingira algum, n\u00e3o h\u00e1 risco de danos. Ao escolher esta areia de tofu para gatos, est\u00e1 a dar prioridade \u00e0 sa\u00fade e ao bem-estar do seu gato.<\/p>\n<p><strong>3. Super Absor\u00e7\u00e3o para uma caixa de areia seca<\/strong> A nossa areia de ervilha para gatos \u00e9 super absorvente, absorvendo rapidamente a humidade para manter a caixa de areia seca. Esta elevada taxa de absor\u00e7\u00e3o garante que a areia n\u00e3o fica encharcada, mantendo um ambiente limpo e fresco. Com esta areia vegetal para animais de estima\u00e7\u00e3o, pode desfrutar de uma caixa de areia mais duradoura.<\/p>\n<p><strong>4. Lav\u00e1vel para uma elimina\u00e7\u00e3o conveniente<\/strong> A areia de tofu ecol\u00f3gica para gatos \u00e9 lav\u00e1vel, o que lhe permite eliminar a areia usada deitando-a na sanita. Esta carater\u00edstica facilita a limpeza e elimina a necessidade de sacos de pl\u00e1stico, reduzindo os res\u00edduos. Com esta areia de ervilha para gatos, manter uma caixa de areia limpa \u00e9 muito f\u00e1cil.<\/p>\n<p><strong>5. Aglomera\u00e7\u00e3o r\u00e1pida para facilitar a recolha<\/strong> A nossa areia de ervilha para gatos forma torr\u00f5es r\u00e1pidos e duros em contacto com a humidade, o que facilita a recolha e a limpeza. Os torr\u00f5es s\u00f3lidos n\u00e3o se desfazem, permitindo uma remo\u00e7\u00e3o r\u00e1pida e sem confus\u00e3o dos res\u00edduos. Com esta areia de tofu ecol\u00f3gica para gatos, a recolha torna-se uma tarefa simples e eficiente.<\/p>\n<p>&nbsp;<\/p>","protected":false},"excerpt":{"rendered":"<p>N\u00f3s somos um fabricante de areia para gatos com mais de 20 anos de experi\u00eancia. Oferecemos op\u00e7\u00f5es de personaliza\u00e7\u00e3o para cor, tamanho, tecido, padr\u00e3o, log\u00f3tipo e outras caracter\u00edsticas.<\/p>","protected":false},"featured_media":23211,"template":"","meta":{"_acf_changed":false},"product_brand":[],"product_cat":[138,71],"product_tag":[141],"class_list":{"0":"post-23205","1":"product","2":"type-product","3":"status-publish","4":"has-post-thumbnail","6":"product_cat-cat-litter-accessories","7":"product_cat-cat-supplies","8":"product_tag-cat-litter-accessories","10":"first","11":"instock","12":"shipping-taxable","13":"product-type-simple"},"acf":[],"yoast_head":"<!-- This site is optimized with the Yoast SEO plugin v27.1.1 - https:\/\/yoast.com\/product\/yoast-seo-wordpress\/ -->\n<title>Plant Cat Litter Factory | Tofu Cat Litter Manufacturer - Petstar<\/title>\n<meta name=\"description\" content=\"Explore plant cat litter, eco friendly tofu cat litter, pea cat litter directly from the manufacturer. Your ideal business solution with Petstar.\" \/>\n<meta name=\"robots\" content=\"index, follow, max-snippet:-1, max-image-preview:large, max-video-preview:-1\" \/>\n<link rel=\"canonical\" href=\"https:\/\/petproducts.com.cn\/pt\/produto\/plant-cat-litter-eco-friendly-tofu-pea-cat-litter\/\" \/>\n<meta property=\"og:locale\" content=\"pt_PT\" \/>\n<meta property=\"og:type\" content=\"article\" \/>\n<meta property=\"og:title\" content=\"Plant Cat Litter Factory | Tofu Cat Litter Manufacturer - Petstar\" \/>\n<meta property=\"og:description\" content=\"Explore plant cat litter, eco friendly tofu cat litter, pea cat litter directly from the manufacturer. Your ideal business solution with Petstar.\" \/>\n<meta property=\"og:url\" content=\"https:\/\/petproducts.com.cn\/pt\/produto\/plant-cat-litter-eco-friendly-tofu-pea-cat-litter\/\" \/>\n<meta property=\"og:site_name\" content=\"Petstar\" \/>\n<meta property=\"article:modified_time\" content=\"2024-05-09T02:44:24+00:00\" \/>\n<meta property=\"og:image\" content=\"https:\/\/petproducts.com.cn\/wp-content\/uploads\/2024\/05\/plant-cat-litter-1.webp\" \/>\n\t<meta property=\"og:image:width\" content=\"1000\" \/>\n\t<meta property=\"og:image:height\" content=\"1000\" \/>\n\t<meta property=\"og:image:type\" content=\"image\/webp\" \/>\n<meta name=\"twitter:card\" content=\"summary_large_image\" \/>\n<meta name=\"twitter:label1\" content=\"Tempo estimado de leitura\" \/>\n\t<meta name=\"twitter:data1\" content=\"2 minutos\" \/>\n<script type=\"application\/ld+json\" class=\"yoast-schema-graph\">{\"@context\":\"https:\/\/schema.org\",\"@graph\":[{\"@type\":\"WebPage\",\"@id\":\"https:\/\/petproducts.com.cn\/product\/plant-cat-litter-eco-friendly-tofu-pea-cat-litter\/\",\"url\":\"https:\/\/petproducts.com.cn\/product\/plant-cat-litter-eco-friendly-tofu-pea-cat-litter\/\",\"name\":\"Plant Cat Litter Factory | Tofu Cat Litter Manufacturer - Petstar\",\"isPartOf\":{\"@id\":\"https:\/\/petproducts.com.cn\/#website\"},\"primaryImageOfPage\":{\"@id\":\"https:\/\/petproducts.com.cn\/product\/plant-cat-litter-eco-friendly-tofu-pea-cat-litter\/#primaryimage\"},\"image\":{\"@id\":\"https:\/\/petproducts.com.cn\/product\/plant-cat-litter-eco-friendly-tofu-pea-cat-litter\/#primaryimage\"},\"thumbnailUrl\":\"https:\/\/petproducts.com.cn\/wp-content\/uploads\/2024\/05\/plant-cat-litter-1.webp\",\"datePublished\":\"2024-05-09T02:33:39+00:00\",\"dateModified\":\"2024-05-09T02:44:24+00:00\",\"description\":\"Explore plant cat litter, eco friendly tofu cat litter, pea cat litter directly from the manufacturer. Your ideal business solution with Petstar.\",\"breadcrumb\":{\"@id\":\"https:\/\/petproducts.com.cn\/product\/plant-cat-litter-eco-friendly-tofu-pea-cat-litter\/#breadcrumb\"},\"inLanguage\":\"pt-PT\",\"potentialAction\":[{\"@type\":\"ReadAction\",\"target\":[\"https:\/\/petproducts.com.cn\/product\/plant-cat-litter-eco-friendly-tofu-pea-cat-litter\/\"]}]},{\"@type\":\"ImageObject\",\"inLanguage\":\"pt-PT\",\"@id\":\"https:\/\/petproducts.com.cn\/product\/plant-cat-litter-eco-friendly-tofu-pea-cat-litter\/#primaryimage\",\"url\":\"https:\/\/petproducts.com.cn\/wp-content\/uploads\/2024\/05\/plant-cat-litter-1.webp\",\"contentUrl\":\"https:\/\/petproducts.com.cn\/wp-content\/uploads\/2024\/05\/plant-cat-litter-1.webp\",\"width\":1000,\"height\":1000,\"caption\":\"plant cat litter\"},{\"@type\":\"BreadcrumbList\",\"@id\":\"https:\/\/petproducts.com.cn\/product\/plant-cat-litter-eco-friendly-tofu-pea-cat-litter\/#breadcrumb\",\"itemListElement\":[{\"@type\":\"ListItem\",\"position\":1,\"name\":\"HOME\",\"item\":\"https:\/\/petproducts.com.cn\/\"},{\"@type\":\"ListItem\",\"position\":2,\"name\":\"Products\",\"item\":\"https:\/\/petproducts.com.cn\/shop\/\"},{\"@type\":\"ListItem\",\"position\":3,\"name\":\"Cat Litter &amp; Accessories\",\"item\":\"https:\/\/petproducts.com.cn\/product-category\/cat-litter-accessories\/\"},{\"@type\":\"ListItem\",\"position\":4,\"name\":\"Plant Cat Litter Eco Friendly Tofu Pea Cat Litter\"}]},{\"@type\":\"WebSite\",\"@id\":\"https:\/\/petproducts.com.cn\/#website\",\"url\":\"https:\/\/petproducts.com.cn\/\",\"name\":\"Petstar\",\"description\":\"Leading Pet Supplies Manufacturer &amp; OEM Pet Products Supplier\",\"publisher\":{\"@id\":\"https:\/\/petproducts.com.cn\/#organization\"},\"alternateName\":\"Petstar Pet Supplies\",\"potentialAction\":[{\"@type\":\"SearchAction\",\"target\":{\"@type\":\"EntryPoint\",\"urlTemplate\":\"https:\/\/petproducts.com.cn\/?s={search_term_string}\"},\"query-input\":{\"@type\":\"PropertyValueSpecification\",\"valueRequired\":true,\"valueName\":\"search_term_string\"}}],\"inLanguage\":\"pt-PT\"},{\"@type\":\"Organization\",\"@id\":\"https:\/\/petproducts.com.cn\/#organization\",\"name\":\"Petstar\",\"url\":\"https:\/\/petproducts.com.cn\/\",\"logo\":{\"@type\":\"ImageObject\",\"inLanguage\":\"pt-PT\",\"@id\":\"https:\/\/petproducts.com.cn\/#\/schema\/logo\/image\/\",\"url\":\"https:\/\/petproducts.com.cn\/wp-content\/uploads\/2020\/02\/petstar-logo.webp\",\"contentUrl\":\"https:\/\/petproducts.com.cn\/wp-content\/uploads\/2020\/02\/petstar-logo.webp\",\"width\":779,\"height\":520,\"caption\":\"Petstar\"},\"image\":{\"@id\":\"https:\/\/petproducts.com.cn\/#\/schema\/logo\/image\/\"}}]}<\/script>\n<!-- \/ Yoast SEO plugin. -->","yoast_head_json":{"title":"F\u00e1brica de areia vegetal para gatos | Fabricante de areia de tofu para gatos - Petstar","description":"Explore a areia vegetal para gatos, areia de tofu ecol\u00f3gica para gatos, areia de ervilha para gatos diretamente do fabricante. A sua solu\u00e7\u00e3o comercial ideal com Petstar.","robots":{"index":"index","follow":"follow","max-snippet":"max-snippet:-1","max-image-preview":"max-image-preview:large","max-video-preview":"max-video-preview:-1"},"canonical":"https:\/\/petproducts.com.cn\/pt\/produto\/plant-cat-litter-eco-friendly-tofu-pea-cat-litter\/","og_locale":"pt_PT","og_type":"article","og_title":"Plant Cat Litter Factory | Tofu Cat Litter Manufacturer - Petstar","og_description":"Explore plant cat litter, eco friendly tofu cat litter, pea cat litter directly from the manufacturer. Your ideal business solution with Petstar.","og_url":"https:\/\/petproducts.com.cn\/pt\/produto\/plant-cat-litter-eco-friendly-tofu-pea-cat-litter\/","og_site_name":"Petstar","article_modified_time":"2024-05-09T02:44:24+00:00","og_image":[{"width":1000,"height":1000,"url":"https:\/\/petproducts.com.cn\/wp-content\/uploads\/2024\/05\/plant-cat-litter-1.webp","type":"image\/webp"}],"twitter_card":"summary_large_image","twitter_misc":{"Tempo estimado de leitura":"2 minutos"},"schema":{"@context":"https:\/\/schema.org","@graph":[{"@type":"WebPage","@id":"https:\/\/petproducts.com.cn\/product\/plant-cat-litter-eco-friendly-tofu-pea-cat-litter\/","url":"https:\/\/petproducts.com.cn\/product\/plant-cat-litter-eco-friendly-tofu-pea-cat-litter\/","name":"F\u00e1brica de areia vegetal para gatos | Fabricante de areia de tofu para gatos - Petstar","isPartOf":{"@id":"https:\/\/petproducts.com.cn\/#website"},"primaryImageOfPage":{"@id":"https:\/\/petproducts.com.cn\/product\/plant-cat-litter-eco-friendly-tofu-pea-cat-litter\/#primaryimage"},"image":{"@id":"https:\/\/petproducts.com.cn\/product\/plant-cat-litter-eco-friendly-tofu-pea-cat-litter\/#primaryimage"},"thumbnailUrl":"https:\/\/petproducts.com.cn\/wp-content\/uploads\/2024\/05\/plant-cat-litter-1.webp","datePublished":"2024-05-09T02:33:39+00:00","dateModified":"2024-05-09T02:44:24+00:00","description":"Explore a areia vegetal para gatos, areia de tofu ecol\u00f3gica para gatos, areia de ervilha para gatos diretamente do fabricante. A sua solu\u00e7\u00e3o comercial ideal com Petstar.","breadcrumb":{"@id":"https:\/\/petproducts.com.cn\/product\/plant-cat-litter-eco-friendly-tofu-pea-cat-litter\/#breadcrumb"},"inLanguage":"pt-PT","potentialAction":[{"@type":"ReadAction","target":["https:\/\/petproducts.com.cn\/product\/plant-cat-litter-eco-friendly-tofu-pea-cat-litter\/"]}]},{"@type":"ImageObject","inLanguage":"pt-PT","@id":"https:\/\/petproducts.com.cn\/product\/plant-cat-litter-eco-friendly-tofu-pea-cat-litter\/#primaryimage","url":"https:\/\/petproducts.com.cn\/wp-content\/uploads\/2024\/05\/plant-cat-litter-1.webp","contentUrl":"https:\/\/petproducts.com.cn\/wp-content\/uploads\/2024\/05\/plant-cat-litter-1.webp","width":1000,"height":1000,"caption":"plant cat litter"},{"@type":"BreadcrumbList","@id":"https:\/\/petproducts.com.cn\/product\/plant-cat-litter-eco-friendly-tofu-pea-cat-litter\/#breadcrumb","itemListElement":[{"@type":"ListItem","position":1,"name":"HOME","item":"https:\/\/petproducts.com.cn\/"},{"@type":"ListItem","position":2,"name":"Products","item":"https:\/\/petproducts.com.cn\/shop\/"},{"@type":"ListItem","position":3,"name":"Cat Litter &amp; Accessories","item":"https:\/\/petproducts.com.cn\/product-category\/cat-litter-accessories\/"},{"@type":"ListItem","position":4,"name":"Plant Cat Litter Eco Friendly Tofu Pea Cat Litter"}]},{"@type":"WebSite","@id":"https:\/\/petproducts.com.cn\/#website","url":"https:\/\/petproducts.com.cn\/","name":"Petstar","description":"Fabricante l\u00edder de artigos para animais de estima\u00e7\u00e3o e fornecedor de produtos OEM para animais de estima\u00e7\u00e3o","publisher":{"@id":"https:\/\/petproducts.com.cn\/#organization"},"alternateName":"Petstar Pet Supplies","potentialAction":[{"@type":"SearchAction","target":{"@type":"EntryPoint","urlTemplate":"https:\/\/petproducts.com.cn\/?s={search_term_string}"},"query-input":{"@type":"PropertyValueSpecification","valueRequired":true,"valueName":"search_term_string"}}],"inLanguage":"pt-PT"},{"@type":"Organization","@id":"https:\/\/petproducts.com.cn\/#organization","name":"Petstar","url":"https:\/\/petproducts.com.cn\/","logo":{"@type":"ImageObject","inLanguage":"pt-PT","@id":"https:\/\/petproducts.com.cn\/#\/schema\/logo\/image\/","url":"https:\/\/petproducts.com.cn\/wp-content\/uploads\/2020\/02\/petstar-logo.webp","contentUrl":"https:\/\/petproducts.com.cn\/wp-content\/uploads\/2020\/02\/petstar-logo.webp","width":779,"height":520,"caption":"Petstar"},"image":{"@id":"https:\/\/petproducts.com.cn\/#\/schema\/logo\/image\/"}}]}},"_links":{"self":[{"href":"https:\/\/petproducts.com.cn\/pt\/wp-json\/wp\/v2\/product\/23205","targetHints":{"allow":["GET"]}}],"collection":[{"href":"https:\/\/petproducts.com.cn\/pt\/wp-json\/wp\/v2\/product"}],"about":[{"href":"https:\/\/petproducts.com.cn\/pt\/wp-json\/wp\/v2\/types\/product"}],"version-history":[{"count":2,"href":"https:\/\/petproducts.com.cn\/pt\/wp-json\/wp\/v2\/product\/23205\/revisions"}],"predecessor-version":[{"id":23213,"href":"https:\/\/petproducts.com.cn\/pt\/wp-json\/wp\/v2\/product\/23205\/revisions\/23213"}],"wp:featuredmedia":[{"embeddable":true,"href":"https:\/\/petproducts.com.cn\/pt\/wp-json\/wp\/v2\/media\/23211"}],"wp:attachment":[{"href":"https:\/\/petproducts.com.cn\/pt\/wp-json\/wp\/v2\/media?parent=23205"}],"wp:term":[{"taxonomy":"product_brand","embeddable":true,"href":"https:\/\/petproducts.com.cn\/pt\/wp-json\/wp\/v2\/product_brand?post=23205"},{"taxonomy":"product_cat","embeddable":true,"href":"https:\/\/petproducts.com.cn\/pt\/wp-json\/wp\/v2\/product_cat?post=23205"},{"taxonomy":"product_tag","embeddable":true,"href":"https:\/\/petproducts.com.cn\/pt\/wp-json\/wp\/v2\/product_tag?post=23205"}],"curies":[{"name":"wp","href":"https:\/\/api.w.org\/{rel}","templated":true}]}}